{"id":1117,"date":"2021-08-18T16:35:37","date_gmt":"2021-08-18T14:35:37","guid":{"rendered":"https:\/\/www.univ-lorraine.fr\/culture\/?page_id=1117"},"modified":"2021-10-27T12:13:38","modified_gmt":"2021-10-27T10:13:38","slug":"expo-ca-deboite","status":"publish","type":"page","link":"https:\/\/www.univ-lorraine.fr\/culture\/culturesci\/programmes-territoires\/escales-des-sciences\/expo-ca-deboite\/","title":{"rendered":"\u00c7a d\u00e9boite ! Explorons le bois et ses usages"},"content":{"rendered":"\n<p>La Lorraine est un vivier de chercheurs et de professionnels travaillant sur le bois. Ceci s\u2019explique par l\u2019histoire d\u2019une r\u00e9gion riche en for\u00eats qui a su exploiter une formidable ressource. \u00c9nergie, construction, valorisation des mol\u00e9cules\u2026 l\u2019exposition <strong>\u00c7a d\u00e9boite !<\/strong> invite les visiteurs \u00e0 d\u00e9couvrir les usages&nbsp;pass\u00e9s et futurs de ce mat\u00e9riau intemporel dans une sc\u00e9nographie m\u00ealant objets, images, vid\u00e9os et manipulations.<\/p>\n\n\n\n<div class=\"wp-block-buttons is-layout-flex wp-block-buttons-is-layout-flex\">\n<div class=\"wp-block-button\"><a class=\"wp-block-button__link\" href=\"https:\/\/www.univ-lorraine.fr\/culture\/wp-content\/uploads\/sites\/10\/2021\/10\/Fiche-Ca-deboite-2020.pdf\">T\u00e9l\u00e9charger la fiche technique (pdf, 737 Ko)<\/a><\/div>\n<\/div>\n\n\n\n<p><strong>5 petites pastilles sonores extraites de l&rsquo;exposition :<\/strong><\/p>\n\n\n<div class=\"gb-grid-wrapper gb-grid-wrapper-d21de40e\">\n<div class=\"gb-grid-column gb-grid-column-efff9a30\"><div class=\"gb-container gb-container-efff9a30\"><div class=\"gb-inside-container\">\n\n<figure class=\"wp-block-embed is-type-rich is-provider-soundcloud wp-block-embed-soundcloud\"><div class=\"wp-block-embed__wrapper\">\n<iframe loading=\"lazy\" title=\"L&#039;atelier du luthier by Culture Science\" width=\"1200\" height=\"400\" scrolling=\"no\" frameborder=\"no\" src=\"https:\/\/w.soundcloud.com\/player\/?visual=true&#038;url=https%3A%2F%2Fapi.soundcloud.com%2Ftracks%2F909855061&#038;show_artwork=true&#038;maxwidth=1200&#038;maxheight=1000&#038;dnt=1&#038;in=culturesci%2Fsets%2Fca-deboite-explorons-le-bois-et-ses-usages\"><\/iframe>\n<\/div><\/figure>\n\n\n<div class=\"gb-container gb-container-f26b9e16\"><div class=\"gb-inside-container\">\n\n<p>avec Samuel Peguiron, luthier<\/p>\n\n\n\n<p><em>R\u00e9alis\u00e9 par Martin Poncet, 2016<\/em><\/p>\n\n<\/div><\/div>\n<\/div><\/div><\/div>\n\n<div class=\"gb-grid-column gb-grid-column-adbcb024\"><div class=\"gb-container gb-container-adbcb024\"><div class=\"gb-inside-container\">\n\n<figure class=\"wp-block-embed is-type-rich is-provider-soundcloud wp-block-embed-soundcloud\"><div class=\"wp-block-embed__wrapper\">\n<iframe loading=\"lazy\" title=\"Le cabinet d&#039;architecte by Culture Science\" width=\"1200\" height=\"400\" scrolling=\"no\" frameborder=\"no\" src=\"https:\/\/w.soundcloud.com\/player\/?visual=true&#038;url=https%3A%2F%2Fapi.soundcloud.com%2Ftracks%2F909855055&#038;show_artwork=true&#038;maxwidth=1200&#038;maxheight=1000&#038;dnt=1&#038;in=culturesci%2Fsets%2Fca-deboite-explorons-le-bois-et-ses-usages\"><\/iframe>\n<\/div><\/figure>\n\n\n<div class=\"gb-container gb-container-8c8b1636\"><div class=\"gb-inside-container\">\n\n<p>avec Atoine Pagnoux, architecte chez ASP Architecture<\/p>\n\n\n\n<p><em>R\u00e9alis\u00e9 par Martin Poncet, 2016<\/em><\/p>\n\n<\/div><\/div>\n<\/div><\/div><\/div>\n\n<div class=\"gb-grid-column gb-grid-column-b2e46c8c\"><div class=\"gb-container gb-container-b2e46c8c\"><div class=\"gb-inside-container\">\n\n<figure class=\"wp-block-embed is-type-rich is-provider-soundcloud wp-block-embed-soundcloud\"><div class=\"wp-block-embed__wrapper\">\n<iframe loading=\"lazy\" title=\"Le labo du chimiste by Culture Science\" width=\"1200\" height=\"400\" scrolling=\"no\" frameborder=\"no\" src=\"https:\/\/w.soundcloud.com\/player\/?visual=true&#038;url=https%3A%2F%2Fapi.soundcloud.com%2Ftracks%2F909855046&#038;show_artwork=true&#038;maxwidth=1200&#038;maxheight=1000&#038;dnt=1&#038;in=culturesci%2Fsets%2Fca-deboite-explorons-le-bois-et-ses-usages\"><\/iframe>\n<\/div><\/figure>\n\n\n<div class=\"gb-container gb-container-46394b58\"><div class=\"gb-inside-container\">\n\n<p>avec Nicolas Brosse, chercheur au LERMAB<\/p>\n\n\n\n<p><em>R\u00e9alis\u00e9 par Martin Poncet, 2016<\/em><\/p>\n\n<\/div><\/div>\n<\/div><\/div><\/div>\n\n<div class=\"gb-grid-column gb-grid-column-ded0fd22\"><div class=\"gb-container gb-container-ded0fd22\"><div class=\"gb-inside-container\">\n\n<figure class=\"wp-block-embed is-type-rich is-provider-soundcloud wp-block-embed-soundcloud\"><div class=\"wp-block-embed__wrapper\">\n<iframe loading=\"lazy\" title=\"L&#039;\u00e9cole du bois by Culture Science\" width=\"1200\" height=\"400\" scrolling=\"no\" frameborder=\"no\" src=\"https:\/\/w.soundcloud.com\/player\/?visual=true&#038;url=https%3A%2F%2Fapi.soundcloud.com%2Ftracks%2F909855049&#038;show_artwork=true&#038;maxwidth=1200&#038;maxheight=1000&#038;dnt=1&#038;in=culturesci%2Fsets%2Fca-deboite-explorons-le-bois-et-ses-usages\"><\/iframe>\n<\/div><\/figure>\n\n\n<div class=\"gb-container gb-container-c889675f\"><div class=\"gb-inside-container\">\n\n<p>avec Pierre-Jean M\u00e9ausoone, professeur \u00e0 l&rsquo;ENSTIB<\/p>\n\n\n\n<p><em>R\u00e9alis\u00e9 par Martin Poncet, 2016<\/em><\/p>\n\n<\/div><\/div>\n<\/div><\/div><\/div>\n\n<div class=\"gb-grid-column gb-grid-column-6601bf95\"><div class=\"gb-container gb-container-6601bf95\"><div class=\"gb-inside-container\">\n\n<figure class=\"wp-block-embed is-type-rich is-provider-soundcloud wp-block-embed-soundcloud\"><div class=\"wp-block-embed__wrapper\">\n<iframe loading=\"lazy\" title=\"La scierie associative by Culture Science\" width=\"1200\" height=\"400\" scrolling=\"no\" frameborder=\"no\" src=\"https:\/\/w.soundcloud.com\/player\/?visual=true&#038;url=https%3A%2F%2Fapi.soundcloud.com%2Ftracks%2F909855037&#038;show_artwork=true&#038;maxwidth=1200&#038;maxheight=1000&#038;dnt=1&#038;in=culturesci%2Fsets%2Fca-deboite-explorons-le-bois-et-ses-usages\"><\/iframe>\n<\/div><\/figure>\n\n\n<div class=\"gb-container gb-container-fe5917d0\"><div class=\"gb-inside-container\">\n\n<p>avec Guillaume Lecorvaisier, g\u00e9rant de la scierie Machet<\/p>\n\n\n\n<p><em>R\u00e9alis\u00e9 par Martin Poncet, 2016<\/em><\/p>\n\n<\/div><\/div>\n<\/div><\/div><\/div>\n<\/div>\n\n\n<h2 class=\"wp-block-heading\">D\u00e9couvrez l&rsquo;exposition en images<\/h2>\n\n\n<style type=\"text\/css\">\n#foogallery-gallery-446 .fg-image { width: 150px; }\n#foogallery-gallery-446 { --fg-gutter: 10px; }<\/style>\n\t\t\t<div class=\"foogallery foogallery-container foogallery-default foogallery-lightbox-none fg-center fg-default fg-ready fg-light fg-border-thin fg-shadow-outline fg-loading-default fg-loaded-fade-in fg-caption-hover fg-hover-fade fg-hover-zoom\" id=\"foogallery-gallery-446\" data-foogallery=\"{&quot;item&quot;:{&quot;showCaptionTitle&quot;:true,&quot;showCaptionDescription&quot;:true},&quot;lazy&quot;:true}\" style=\"--fg-title-line-clamp: 0; --fg-description-line-clamp: 0;\" >\n\t<div class=\"fg-item fg-type-image fg-idle\"><figure class=\"fg-item-inner\"><a href=\"https:\/\/www.univ-lorraine.fr\/culture\/wp-content\/uploads\/sites\/10\/2021\/04\/Ca-deboite_6-scaled.jpg\" data-attachment-id=\"355\" data-type=\"image\" class=\"fg-thumb\"><span class=\"fg-image-wrap\"><img decoding=\"async\" width=\"150\" height=\"150\" class=\"skip-lazy fg-image\" data-src-fg=\"https:\/\/www.univ-lorraine.fr\/culture\/wp-content\/uploads\/sites\/10\/cache\/2021\/04\/Ca-deboite_6-scaled\/372526164.jpg\" src=\"data:image\/svg+xml,%3Csvg%20xmlns%3D%22http%3A%2F%2Fwww.w3.org%2F2000%2Fsvg%22%20width%3D%22150%22%20height%3D%22150%22%20viewBox%3D%220%200%20150%20150%22%3E%3C%2Fsvg%3E\" loading=\"eager\"><\/span><span class=\"fg-image-overlay\"><\/span><\/a><\/figure><div class=\"fg-loader\"><\/div><\/div><div class=\"fg-item fg-type-image fg-idle\"><figure class=\"fg-item-inner\"><a href=\"https:\/\/www.univ-lorraine.fr\/culture\/wp-content\/uploads\/sites\/10\/2021\/04\/Ca-deboite_4-scaled.jpg\" data-attachment-id=\"353\" data-type=\"image\" class=\"fg-thumb\"><span class=\"fg-image-wrap\"><img decoding=\"async\" width=\"150\" height=\"150\" class=\"skip-lazy fg-image\" data-src-fg=\"https:\/\/www.univ-lorraine.fr\/culture\/wp-content\/uploads\/sites\/10\/cache\/2021\/04\/Ca-deboite_4-scaled\/4086991130.jpg\" src=\"data:image\/svg+xml,%3Csvg%20xmlns%3D%22http%3A%2F%2Fwww.w3.org%2F2000%2Fsvg%22%20width%3D%22150%22%20height%3D%22150%22%20viewBox%3D%220%200%20150%20150%22%3E%3C%2Fsvg%3E\" loading=\"eager\"><\/span><span class=\"fg-image-overlay\"><\/span><\/a><\/figure><div class=\"fg-loader\"><\/div><\/div><div class=\"fg-item fg-type-image fg-idle\"><figure class=\"fg-item-inner\"><a href=\"https:\/\/www.univ-lorraine.fr\/culture\/wp-content\/uploads\/sites\/10\/2021\/04\/Ca-deboite_3-scaled.jpg\" data-attachment-id=\"352\" data-type=\"image\" class=\"fg-thumb\"><span class=\"fg-image-wrap\"><img decoding=\"async\" width=\"150\" height=\"150\" class=\"skip-lazy fg-image\" data-src-fg=\"https:\/\/www.univ-lorraine.fr\/culture\/wp-content\/uploads\/sites\/10\/cache\/2021\/04\/Ca-deboite_3-scaled\/780136133.jpg\" src=\"data:image\/svg+xml,%3Csvg%20xmlns%3D%22http%3A%2F%2Fwww.w3.org%2F2000%2Fsvg%22%20width%3D%22150%22%20height%3D%22150%22%20viewBox%3D%220%200%20150%20150%22%3E%3C%2Fsvg%3E\" loading=\"eager\"><\/span><span class=\"fg-image-overlay\"><\/span><\/a><\/figure><div class=\"fg-loader\"><\/div><\/div><div class=\"fg-item fg-type-image fg-idle\"><figure class=\"fg-item-inner\"><a href=\"https:\/\/www.univ-lorraine.fr\/culture\/wp-content\/uploads\/sites\/10\/2021\/04\/Ca-deboite_2-scaled.jpg\" data-attachment-id=\"351\" data-type=\"image\" class=\"fg-thumb\"><span class=\"fg-image-wrap\"><img decoding=\"async\" width=\"150\" height=\"150\" class=\"skip-lazy fg-image\" data-src-fg=\"https:\/\/www.univ-lorraine.fr\/culture\/wp-content\/uploads\/sites\/10\/cache\/2021\/04\/Ca-deboite_2-scaled\/1554549858.jpg\" src=\"data:image\/svg+xml,%3Csvg%20xmlns%3D%22http%3A%2F%2Fwww.w3.org%2F2000%2Fsvg%22%20width%3D%22150%22%20height%3D%22150%22%20viewBox%3D%220%200%20150%20150%22%3E%3C%2Fsvg%3E\" loading=\"eager\"><\/span><span class=\"fg-image-overlay\"><\/span><\/a><\/figure><div class=\"fg-loader\"><\/div><\/div><div class=\"fg-item fg-type-image fg-idle\"><figure class=\"fg-item-inner\"><a href=\"https:\/\/www.univ-lorraine.fr\/culture\/wp-content\/uploads\/sites\/10\/2021\/04\/Ca-deboite_1-scaled.jpg\" data-attachment-id=\"350\" data-type=\"image\" class=\"fg-thumb\"><span class=\"fg-image-wrap\"><img decoding=\"async\" width=\"150\" height=\"150\" class=\"skip-lazy fg-image\" data-src-fg=\"https:\/\/www.univ-lorraine.fr\/culture\/wp-content\/uploads\/sites\/10\/cache\/2021\/04\/Ca-deboite_1-scaled\/187797214.jpg\" src=\"data:image\/svg+xml,%3Csvg%20xmlns%3D%22http%3A%2F%2Fwww.w3.org%2F2000%2Fsvg%22%20width%3D%22150%22%20height%3D%22150%22%20viewBox%3D%220%200%20150%20150%22%3E%3C%2Fsvg%3E\" loading=\"eager\"><\/span><span class=\"fg-image-overlay\"><\/span><\/a><\/figure><div class=\"fg-loader\"><\/div><\/div><div class=\"fg-item fg-type-image fg-idle\"><figure class=\"fg-item-inner\"><a href=\"https:\/\/www.univ-lorraine.fr\/culture\/wp-content\/uploads\/sites\/10\/2021\/04\/Ca-deboite_5-scaled.jpg\" data-attachment-id=\"354\" data-type=\"image\" class=\"fg-thumb\"><span class=\"fg-image-wrap\"><img decoding=\"async\" width=\"150\" height=\"150\" class=\"skip-lazy fg-image\" data-src-fg=\"https:\/\/www.univ-lorraine.fr\/culture\/wp-content\/uploads\/sites\/10\/cache\/2021\/04\/Ca-deboite_5-scaled\/1101876968.jpg\" src=\"data:image\/svg+xml,%3Csvg%20xmlns%3D%22http%3A%2F%2Fwww.w3.org%2F2000%2Fsvg%22%20width%3D%22150%22%20height%3D%22150%22%20viewBox%3D%220%200%20150%20150%22%3E%3C%2Fsvg%3E\" loading=\"eager\"><\/span><span class=\"fg-image-overlay\"><\/span><\/a><\/figure><div class=\"fg-loader\"><\/div><\/div><\/div>\n","protected":false},"excerpt":{"rendered":"<p>La Lorraine est un vivier de chercheurs et de professionnels travaillant sur le bois. Ceci s\u2019explique par l\u2019histoire d\u2019une r\u00e9gion riche en for\u00eats qui a su exploiter une formidable ressource. \u00c9nergie, construction, valorisation des mol\u00e9cules\u2026 l\u2019exposition \u00c7a d\u00e9boite ! invite les visiteurs \u00e0 d\u00e9couvrir les usages&nbsp;pass\u00e9s et futurs de ce mat\u00e9riau intemporel dans une sc\u00e9nographie &#8230; <a title=\"\u00c7a d\u00e9boite ! Explorons le bois et ses usages\" class=\"read-more\" href=\"https:\/\/www.univ-lorraine.fr\/culture\/culturesci\/programmes-territoires\/escales-des-sciences\/expo-ca-deboite\/\" aria-label=\"En savoir plus sur \u00c7a d\u00e9boite ! Explorons le bois et ses usages\">Lire plus<\/a><\/p>\n","protected":false},"author":15,"featured_media":0,"parent":404,"menu_order":0,"comment_status":"closed","ping_status":"closed","template":"","meta":{"inline_featured_image":false,"footnotes":""},"class_list":["post-1117","page","type-page","status-publish"],"yoast_head":"<!-- This site is optimized with the Yoast SEO plugin v27.4 - https:\/\/yoast.com\/product\/yoast-seo-wordpress\/ -->\n<title>\u00c7a d\u00e9boite ! Explorons le bois et ses usages - Culture<\/title>\n<meta name=\"description\" content=\"Explorer le bois et ses usages \u00e0 travers cette exposition m\u00ealant objets, images, vid\u00e9os et manipulations.\" \/>\n<meta name=\"robots\" content=\"index, follow, max-snippet:-1, max-image-preview:large, max-video-preview:-1\" \/>\n<link rel=\"canonical\" href=\"https:\/\/www.univ-lorraine.fr\/culture\/culturesci\/programmes-territoires\/escales-des-sciences\/expo-ca-deboite\/\" \/>\n<meta property=\"og:locale\" content=\"fr_FR\" \/>\n<meta property=\"og:type\" content=\"article\" \/>\n<meta property=\"og:title\" content=\"\u00c7a d\u00e9boite ! Explorons le bois et ses usages - Culture\" \/>\n<meta property=\"og:description\" content=\"Explorer le bois et ses usages \u00e0 travers cette exposition m\u00ealant objets, images, vid\u00e9os et manipulations.\" \/>\n<meta property=\"og:url\" content=\"https:\/\/www.univ-lorraine.fr\/culture\/culturesci\/programmes-territoires\/escales-des-sciences\/expo-ca-deboite\/\" \/>\n<meta property=\"og:site_name\" content=\"Culture\" \/>\n<meta property=\"article:modified_time\" content=\"2021-10-27T10:13:38+00:00\" \/>\n<meta name=\"twitter:card\" content=\"summary_large_image\" \/>\n<meta name=\"twitter:label1\" content=\"Dur\u00e9e de lecture estim\u00e9e\" \/>\n\t<meta name=\"twitter:data1\" content=\"1 minute\" \/>\n<script type=\"application\/ld+json\" class=\"yoast-schema-graph\">{\"@context\":\"https:\\\/\\\/schema.org\",\"@graph\":[{\"@type\":\"WebPage\",\"@id\":\"https:\\\/\\\/www.univ-lorraine.fr\\\/culture\\\/culturesci\\\/programmes-territoires\\\/escales-des-sciences\\\/expo-ca-deboite\\\/\",\"url\":\"https:\\\/\\\/www.univ-lorraine.fr\\\/culture\\\/culturesci\\\/programmes-territoires\\\/escales-des-sciences\\\/expo-ca-deboite\\\/\",\"name\":\"\u00c7a d\u00e9boite ! Explorons le bois et ses usages - Culture\",\"isPartOf\":{\"@id\":\"https:\\\/\\\/www.univ-lorraine.fr\\\/culture\\\/#website\"},\"datePublished\":\"2021-08-18T14:35:37+00:00\",\"dateModified\":\"2021-10-27T10:13:38+00:00\",\"description\":\"Explorer le bois et ses usages \u00e0 travers cette exposition m\u00ealant objets, images, vid\u00e9os et manipulations.\",\"breadcrumb\":{\"@id\":\"https:\\\/\\\/www.univ-lorraine.fr\\\/culture\\\/culturesci\\\/programmes-territoires\\\/escales-des-sciences\\\/expo-ca-deboite\\\/#breadcrumb\"},\"inLanguage\":\"fr-FR\",\"potentialAction\":[{\"@type\":\"ReadAction\",\"target\":[\"https:\\\/\\\/www.univ-lorraine.fr\\\/culture\\\/culturesci\\\/programmes-territoires\\\/escales-des-sciences\\\/expo-ca-deboite\\\/\"]}]},{\"@type\":\"BreadcrumbList\",\"@id\":\"https:\\\/\\\/www.univ-lorraine.fr\\\/culture\\\/culturesci\\\/programmes-territoires\\\/escales-des-sciences\\\/expo-ca-deboite\\\/#breadcrumb\",\"itemListElement\":[{\"@type\":\"ListItem\",\"position\":1,\"name\":\"Accueil\",\"item\":\"https:\\\/\\\/www.univ-lorraine.fr\\\/culture\\\/\"},{\"@type\":\"ListItem\",\"position\":2,\"name\":\"Science Avec et Pour la Soci\u00e9t\u00e9\",\"item\":\"https:\\\/\\\/www.univ-lorraine.fr\\\/culture\\\/culturesci\\\/\"},{\"@type\":\"ListItem\",\"position\":3,\"name\":\"Programmes en territoires\",\"item\":\"https:\\\/\\\/www.univ-lorraine.fr\\\/culture\\\/culturesci\\\/programmes-territoires\\\/\"},{\"@type\":\"ListItem\",\"position\":4,\"name\":\"Escales des sciences\",\"item\":\"https:\\\/\\\/www.univ-lorraine.fr\\\/culture\\\/culturesci\\\/programmes-territoires\\\/escales-des-sciences\\\/\"},{\"@type\":\"ListItem\",\"position\":5,\"name\":\"\u00c7a d\u00e9boite ! Explorons le bois et ses usages\"}]},{\"@type\":\"WebSite\",\"@id\":\"https:\\\/\\\/www.univ-lorraine.fr\\\/culture\\\/#website\",\"url\":\"https:\\\/\\\/www.univ-lorraine.fr\\\/culture\\\/\",\"name\":\"Culture\",\"description\":\"\",\"publisher\":{\"@id\":\"https:\\\/\\\/www.univ-lorraine.fr\\\/culture\\\/#organization\"},\"potentialAction\":[{\"@type\":\"SearchAction\",\"target\":{\"@type\":\"EntryPoint\",\"urlTemplate\":\"https:\\\/\\\/www.univ-lorraine.fr\\\/culture\\\/?s={search_term_string}\"},\"query-input\":{\"@type\":\"PropertyValueSpecification\",\"valueRequired\":true,\"valueName\":\"search_term_string\"}}],\"inLanguage\":\"fr-FR\"},{\"@type\":\"Organization\",\"@id\":\"https:\\\/\\\/www.univ-lorraine.fr\\\/culture\\\/#organization\",\"name\":\"Universit\u00e9 de Lorraine\",\"url\":\"https:\\\/\\\/www.univ-lorraine.fr\\\/culture\\\/\",\"logo\":{\"@type\":\"ImageObject\",\"inLanguage\":\"fr-FR\",\"@id\":\"https:\\\/\\\/www.univ-lorraine.fr\\\/culture\\\/#\\\/schema\\\/logo\\\/image\\\/\",\"url\":\"https:\\\/\\\/www.univ-lorraine.fr\\\/culture\\\/wp-content\\\/uploads\\\/sites\\\/10\\\/2021\\\/01\\\/LOGO_UL.png\",\"contentUrl\":\"https:\\\/\\\/www.univ-lorraine.fr\\\/culture\\\/wp-content\\\/uploads\\\/sites\\\/10\\\/2021\\\/01\\\/LOGO_UL.png\",\"width\":138,\"height\":48,\"caption\":\"Universit\u00e9 de Lorraine\"},\"image\":{\"@id\":\"https:\\\/\\\/www.univ-lorraine.fr\\\/culture\\\/#\\\/schema\\\/logo\\\/image\\\/\"}}]}<\/script>\n<!-- \/ Yoast SEO plugin. -->","yoast_head_json":{"title":"\u00c7a d\u00e9boite ! Explorons le bois et ses usages - Culture","description":"Explorer le bois et ses usages \u00e0 travers cette exposition m\u00ealant objets, images, vid\u00e9os et manipulations.","robots":{"index":"index","follow":"follow","max-snippet":"max-snippet:-1","max-image-preview":"max-image-preview:large","max-video-preview":"max-video-preview:-1"},"canonical":"https:\/\/www.univ-lorraine.fr\/culture\/culturesci\/programmes-territoires\/escales-des-sciences\/expo-ca-deboite\/","og_locale":"fr_FR","og_type":"article","og_title":"\u00c7a d\u00e9boite ! Explorons le bois et ses usages - Culture","og_description":"Explorer le bois et ses usages \u00e0 travers cette exposition m\u00ealant objets, images, vid\u00e9os et manipulations.","og_url":"https:\/\/www.univ-lorraine.fr\/culture\/culturesci\/programmes-territoires\/escales-des-sciences\/expo-ca-deboite\/","og_site_name":"Culture","article_modified_time":"2021-10-27T10:13:38+00:00","twitter_card":"summary_large_image","twitter_misc":{"Dur\u00e9e de lecture estim\u00e9e":"1 minute"},"schema":{"@context":"https:\/\/schema.org","@graph":[{"@type":"WebPage","@id":"https:\/\/www.univ-lorraine.fr\/culture\/culturesci\/programmes-territoires\/escales-des-sciences\/expo-ca-deboite\/","url":"https:\/\/www.univ-lorraine.fr\/culture\/culturesci\/programmes-territoires\/escales-des-sciences\/expo-ca-deboite\/","name":"\u00c7a d\u00e9boite ! Explorons le bois et ses usages - Culture","isPartOf":{"@id":"https:\/\/www.univ-lorraine.fr\/culture\/#website"},"datePublished":"2021-08-18T14:35:37+00:00","dateModified":"2021-10-27T10:13:38+00:00","description":"Explorer le bois et ses usages \u00e0 travers cette exposition m\u00ealant objets, images, vid\u00e9os et manipulations.","breadcrumb":{"@id":"https:\/\/www.univ-lorraine.fr\/culture\/culturesci\/programmes-territoires\/escales-des-sciences\/expo-ca-deboite\/#breadcrumb"},"inLanguage":"fr-FR","potentialAction":[{"@type":"ReadAction","target":["https:\/\/www.univ-lorraine.fr\/culture\/culturesci\/programmes-territoires\/escales-des-sciences\/expo-ca-deboite\/"]}]},{"@type":"BreadcrumbList","@id":"https:\/\/www.univ-lorraine.fr\/culture\/culturesci\/programmes-territoires\/escales-des-sciences\/expo-ca-deboite\/#breadcrumb","itemListElement":[{"@type":"ListItem","position":1,"name":"Accueil","item":"https:\/\/www.univ-lorraine.fr\/culture\/"},{"@type":"ListItem","position":2,"name":"Science Avec et Pour la Soci\u00e9t\u00e9","item":"https:\/\/www.univ-lorraine.fr\/culture\/culturesci\/"},{"@type":"ListItem","position":3,"name":"Programmes en territoires","item":"https:\/\/www.univ-lorraine.fr\/culture\/culturesci\/programmes-territoires\/"},{"@type":"ListItem","position":4,"name":"Escales des sciences","item":"https:\/\/www.univ-lorraine.fr\/culture\/culturesci\/programmes-territoires\/escales-des-sciences\/"},{"@type":"ListItem","position":5,"name":"\u00c7a d\u00e9boite ! Explorons le bois et ses usages"}]},{"@type":"WebSite","@id":"https:\/\/www.univ-lorraine.fr\/culture\/#website","url":"https:\/\/www.univ-lorraine.fr\/culture\/","name":"Culture","description":"","publisher":{"@id":"https:\/\/www.univ-lorraine.fr\/culture\/#organization"},"potentialAction":[{"@type":"SearchAction","target":{"@type":"EntryPoint","urlTemplate":"https:\/\/www.univ-lorraine.fr\/culture\/?s={search_term_string}"},"query-input":{"@type":"PropertyValueSpecification","valueRequired":true,"valueName":"search_term_string"}}],"inLanguage":"fr-FR"},{"@type":"Organization","@id":"https:\/\/www.univ-lorraine.fr\/culture\/#organization","name":"Universit\u00e9 de Lorraine","url":"https:\/\/www.univ-lorraine.fr\/culture\/","logo":{"@type":"ImageObject","inLanguage":"fr-FR","@id":"https:\/\/www.univ-lorraine.fr\/culture\/#\/schema\/logo\/image\/","url":"https:\/\/www.univ-lorraine.fr\/culture\/wp-content\/uploads\/sites\/10\/2021\/01\/LOGO_UL.png","contentUrl":"https:\/\/www.univ-lorraine.fr\/culture\/wp-content\/uploads\/sites\/10\/2021\/01\/LOGO_UL.png","width":138,"height":48,"caption":"Universit\u00e9 de Lorraine"},"image":{"@id":"https:\/\/www.univ-lorraine.fr\/culture\/#\/schema\/logo\/image\/"}}]}},"_links":{"self":[{"href":"https:\/\/www.univ-lorraine.fr\/culture\/wp-json\/wp\/v2\/pages\/1117","targetHints":{"allow":["GET"]}}],"collection":[{"href":"https:\/\/www.univ-lorraine.fr\/culture\/wp-json\/wp\/v2\/pages"}],"about":[{"href":"https:\/\/www.univ-lorraine.fr\/culture\/wp-json\/wp\/v2\/types\/page"}],"author":[{"embeddable":true,"href":"https:\/\/www.univ-lorraine.fr\/culture\/wp-json\/wp\/v2\/users\/15"}],"replies":[{"embeddable":true,"href":"https:\/\/www.univ-lorraine.fr\/culture\/wp-json\/wp\/v2\/comments?post=1117"}],"version-history":[{"count":7,"href":"https:\/\/www.univ-lorraine.fr\/culture\/wp-json\/wp\/v2\/pages\/1117\/revisions"}],"predecessor-version":[{"id":1936,"href":"https:\/\/www.univ-lorraine.fr\/culture\/wp-json\/wp\/v2\/pages\/1117\/revisions\/1936"}],"up":[{"embeddable":true,"href":"https:\/\/www.univ-lorraine.fr\/culture\/wp-json\/wp\/v2\/pages\/404"}],"wp:attachment":[{"href":"https:\/\/www.univ-lorraine.fr\/culture\/wp-json\/wp\/v2\/media?parent=1117"}],"curies":[{"name":"wp","href":"https:\/\/api.w.org\/{rel}","templated":true}]}}