{"id":1131,"date":"2021-08-18T16:58:43","date_gmt":"2021-08-18T14:58:43","guid":{"rendered":"https:\/\/www.univ-lorraine.fr\/culture\/?page_id=1131"},"modified":"2021-10-27T12:13:17","modified_gmt":"2021-10-27T10:13:17","slug":"expo-bling-bling","status":"publish","type":"page","link":"https:\/\/www.univ-lorraine.fr\/culture\/culturesci\/programmes-territoires\/escales-des-sciences\/expo-bling-bling\/","title":{"rendered":"Bling Bling\u00a0! L\u2019art de scruter la mati\u00e8re\u00a0"},"content":{"rendered":"\n<p>En 1914, Max von Laue d\u00e9croche le prix Nobel de physique : ses travaux ont montr\u00e9 que le ph\u00e9nom\u00e8ne de d\u00e9viation des rayons x par un cristal est li\u00e9 \u00e0 l\u2019agencement des atomes qui le composent.<br>&nbsp;Un si\u00e8cle plus tard, l\u2019exposition itin\u00e9rante <strong>Bling Bling&nbsp;! <\/strong>propose de scruter la mati\u00e8re cristalline. Portrait de famille&nbsp;: Martha, la tante bourgeoise, s\u2019interroge sur son verre en cristal et son \u00e9meraude antique. Serait-ce du toc ? Son neveu geek, sa ni\u00e8ce espi\u00e8gle et leur p\u00e8re carreleur explorent, quant \u00e0 eux, les propri\u00e9t\u00e9s des min\u00e9raux, m\u00e9taux et prot\u00e9ines de leur quotidien.<\/p>\n\n\n\n<div class=\"wp-block-buttons is-layout-flex wp-block-buttons-is-layout-flex\">\n<div class=\"wp-block-button\"><a class=\"wp-block-button__link\" href=\"https:\/\/www.univ-lorraine.fr\/culture\/wp-content\/uploads\/sites\/10\/2021\/10\/Fiche-Bling-Bling-2019.pdf\">T\u00e9l\u00e9charger la fiche technique (pdf, 903 Ko)<\/a><\/div>\n<\/div>\n\n\n\n<h2 class=\"wp-block-heading\">D\u00e9couvrez l&rsquo;exposition en images<\/h2>\n\n\n<style type=\"text\/css\">\n#foogallery-gallery-445 .fg-image { width: 150px; }\n#foogallery-gallery-445 { --fg-gutter: 10px; }<\/style>\n\t\t\t<div class=\"foogallery foogallery-container foogallery-default foogallery-lightbox-none fg-center fg-default fg-ready fg-light fg-border-thin fg-shadow-outline fg-loading-default fg-loaded-fade-in fg-caption-hover fg-hover-fade fg-hover-zoom\" id=\"foogallery-gallery-445\" data-foogallery=\"{&quot;item&quot;:{&quot;showCaptionTitle&quot;:true,&quot;showCaptionDescription&quot;:true},&quot;lazy&quot;:true}\" style=\"--fg-title-line-clamp: 0; --fg-description-line-clamp: 0;\" >\n\t<div class=\"fg-item fg-type-image fg-idle\"><figure class=\"fg-item-inner\"><a href=\"https:\/\/www.univ-lorraine.fr\/culture\/wp-content\/uploads\/sites\/10\/2021\/04\/BlingBling4_\u00a9LoeilCreatif.jpg\" data-caption-title=\"01\/06\/2014; Expo &quot;Bling Bling&quot; Cristallographie; conseil g\u00e9n\u00e9ral 54; photographies Clotilde Verdenal\u00a9l&#039;Oeil Cr\u00e9atif\" data-attachment-id=\"349\" data-type=\"image\" class=\"fg-thumb\"><span class=\"fg-image-wrap\"><img decoding=\"async\" title=\"01\/06\/2014; Expo &quot;Bling Bling&quot; Cristallographie; conseil g\u00e9n\u00e9ral 54; photographies Clotilde Verdenal\u00a9l&#039;Oeil Cr\u00e9atif\" width=\"150\" height=\"150\" class=\"skip-lazy fg-image\" data-src-fg=\"https:\/\/www.univ-lorraine.fr\/culture\/wp-content\/uploads\/sites\/10\/cache\/2021\/04\/BlingBling4_\u00a9LoeilCreatif\/315242177.jpg\" src=\"data:image\/svg+xml,%3Csvg%20xmlns%3D%22http%3A%2F%2Fwww.w3.org%2F2000%2Fsvg%22%20width%3D%22150%22%20height%3D%22150%22%20viewBox%3D%220%200%20150%20150%22%3E%3C%2Fsvg%3E\" loading=\"eager\"><\/span><span class=\"fg-image-overlay\"><\/span><\/a><figcaption class=\"fg-caption\"><div class=\"fg-caption-inner\"><div class=\"fg-caption-title\">01\/06\/2014; Expo \u00ab\u00a0Bling Bling\u00a0\u00bb Cristallographie; conseil g\u00e9n\u00e9ral 54; photographies Clotilde Verdenal\u00a9l&rsquo;Oeil Cr\u00e9atif<\/div><\/div><\/figcaption><\/figure><div class=\"fg-loader\"><\/div><\/div><div class=\"fg-item fg-type-image fg-idle\"><figure class=\"fg-item-inner\"><a href=\"https:\/\/www.univ-lorraine.fr\/culture\/wp-content\/uploads\/sites\/10\/2021\/04\/BlingBling3_\u00a9LoeilCreatif.jpg\" data-caption-title=\"01\/06\/2014; Expo &quot;Bling Bling&quot; Cristallographie; conseil g\u00e9n\u00e9ral 54; photographies Clotilde Verdenal\u00a9l&#039;Oeil Cr\u00e9atif\" data-attachment-id=\"348\" data-type=\"image\" class=\"fg-thumb\"><span class=\"fg-image-wrap\"><img decoding=\"async\" title=\"01\/06\/2014; Expo &quot;Bling Bling&quot; Cristallographie; conseil g\u00e9n\u00e9ral 54; photographies Clotilde Verdenal\u00a9l&#039;Oeil Cr\u00e9atif\" width=\"150\" height=\"150\" class=\"skip-lazy fg-image\" data-src-fg=\"https:\/\/www.univ-lorraine.fr\/culture\/wp-content\/uploads\/sites\/10\/cache\/2021\/04\/BlingBling3_\u00a9LoeilCreatif\/2111501706.jpg\" src=\"data:image\/svg+xml,%3Csvg%20xmlns%3D%22http%3A%2F%2Fwww.w3.org%2F2000%2Fsvg%22%20width%3D%22150%22%20height%3D%22150%22%20viewBox%3D%220%200%20150%20150%22%3E%3C%2Fsvg%3E\" loading=\"eager\"><\/span><span class=\"fg-image-overlay\"><\/span><\/a><figcaption class=\"fg-caption\"><div class=\"fg-caption-inner\"><div class=\"fg-caption-title\">01\/06\/2014; Expo \u00ab\u00a0Bling Bling\u00a0\u00bb Cristallographie; conseil g\u00e9n\u00e9ral 54; photographies Clotilde Verdenal\u00a9l&rsquo;Oeil Cr\u00e9atif<\/div><\/div><\/figcaption><\/figure><div class=\"fg-loader\"><\/div><\/div><div class=\"fg-item fg-type-image fg-idle\"><figure class=\"fg-item-inner\"><a href=\"https:\/\/www.univ-lorraine.fr\/culture\/wp-content\/uploads\/sites\/10\/2021\/04\/BlingBling2_\u00a9LoeilCreatif.jpg\" data-caption-title=\"01\/06\/2014; Expo &quot;Bling Bling&quot; Cristallographie; conseil g\u00e9n\u00e9ral 54; photographies Clotilde Verdenal\u00a9l&#039;Oeil Cr\u00e9atif\" data-attachment-id=\"347\" data-type=\"image\" class=\"fg-thumb\"><span class=\"fg-image-wrap\"><img decoding=\"async\" title=\"01\/06\/2014; Expo &quot;Bling Bling&quot; Cristallographie; conseil g\u00e9n\u00e9ral 54; photographies Clotilde Verdenal\u00a9l&#039;Oeil Cr\u00e9atif\" width=\"150\" height=\"150\" class=\"skip-lazy fg-image\" data-src-fg=\"https:\/\/www.univ-lorraine.fr\/culture\/wp-content\/uploads\/sites\/10\/cache\/2021\/04\/BlingBling2_\u00a9LoeilCreatif\/1740456909.jpg\" src=\"data:image\/svg+xml,%3Csvg%20xmlns%3D%22http%3A%2F%2Fwww.w3.org%2F2000%2Fsvg%22%20width%3D%22150%22%20height%3D%22150%22%20viewBox%3D%220%200%20150%20150%22%3E%3C%2Fsvg%3E\" loading=\"eager\"><\/span><span class=\"fg-image-overlay\"><\/span><\/a><figcaption class=\"fg-caption\"><div class=\"fg-caption-inner\"><div class=\"fg-caption-title\">01\/06\/2014; Expo \u00ab\u00a0Bling Bling\u00a0\u00bb Cristallographie; conseil g\u00e9n\u00e9ral 54; photographies Clotilde Verdenal\u00a9l&rsquo;Oeil Cr\u00e9atif<\/div><\/div><\/figcaption><\/figure><div class=\"fg-loader\"><\/div><\/div><div class=\"fg-item fg-type-image fg-idle\"><figure class=\"fg-item-inner\"><a href=\"https:\/\/www.univ-lorraine.fr\/culture\/wp-content\/uploads\/sites\/10\/2021\/04\/BlingBling1_\u00a9LoeilCreatif.jpg\" data-caption-title=\"Expo Bling Bling, conseil g\u00e9n\u00e9ral 54, photographies Clotilde Verdenal\u00a9L&#039;Oeil Creatif\" data-attachment-id=\"346\" data-type=\"image\" class=\"fg-thumb\"><span class=\"fg-image-wrap\"><img decoding=\"async\" title=\"Expo Bling Bling, conseil g\u00e9n\u00e9ral 54, photographies Clotilde Verdenal\u00a9L&#039;Oeil Creatif\" width=\"150\" height=\"150\" class=\"skip-lazy fg-image\" data-src-fg=\"https:\/\/www.univ-lorraine.fr\/culture\/wp-content\/uploads\/sites\/10\/cache\/2021\/04\/BlingBling1_\u00a9LoeilCreatif\/150020373.jpg\" src=\"data:image\/svg+xml,%3Csvg%20xmlns%3D%22http%3A%2F%2Fwww.w3.org%2F2000%2Fsvg%22%20width%3D%22150%22%20height%3D%22150%22%20viewBox%3D%220%200%20150%20150%22%3E%3C%2Fsvg%3E\" loading=\"eager\"><\/span><span class=\"fg-image-overlay\"><\/span><\/a><figcaption class=\"fg-caption\"><div class=\"fg-caption-inner\"><div class=\"fg-caption-title\">Expo Bling Bling, conseil g\u00e9n\u00e9ral 54, photographies Clotilde Verdenal\u00a9L&rsquo;Oeil Creatif<\/div><\/div><\/figcaption><\/figure><div class=\"fg-loader\"><\/div><\/div><\/div>\n","protected":false},"excerpt":{"rendered":"<p>En 1914, Max von Laue d\u00e9croche le prix Nobel de physique : ses travaux ont montr\u00e9 que le ph\u00e9nom\u00e8ne de d\u00e9viation des rayons x par un cristal est li\u00e9 \u00e0 l\u2019agencement des atomes qui le composent.&nbsp;Un si\u00e8cle plus tard, l\u2019exposition itin\u00e9rante Bling Bling&nbsp;! propose de scruter la mati\u00e8re cristalline. Portrait de famille&nbsp;: Martha, la tante &#8230; <a title=\"Bling Bling\u00a0! L\u2019art de scruter la mati\u00e8re\u00a0\" class=\"read-more\" href=\"https:\/\/www.univ-lorraine.fr\/culture\/culturesci\/programmes-territoires\/escales-des-sciences\/expo-bling-bling\/\" aria-label=\"En savoir plus sur Bling Bling\u00a0! L\u2019art de scruter la mati\u00e8re\u00a0\">Lire plus<\/a><\/p>\n","protected":false},"author":15,"featured_media":0,"parent":404,"menu_order":0,"comment_status":"closed","ping_status":"closed","template":"","meta":{"inline_featured_image":false,"footnotes":""},"class_list":["post-1131","page","type-page","status-publish"],"yoast_head":"<!-- This site is optimized with the Yoast SEO plugin v27.4 - https:\/\/yoast.com\/product\/yoast-seo-wordpress\/ -->\n<title>Bling Bling\u00a0! L\u2019art de scruter la mati\u00e8re\u00a0 - Culture<\/title>\n<meta name=\"description\" content=\"Une exposition qui vous propose de scruter la mati\u00e8re cristalline sous toutes ses formes : cristal, min\u00e9ral, m\u00e9tal, prot\u00e9ines\" \/>\n<meta name=\"robots\" content=\"index, follow, max-snippet:-1, max-image-preview:large, max-video-preview:-1\" \/>\n<link rel=\"canonical\" href=\"https:\/\/www.univ-lorraine.fr\/culture\/culturesci\/programmes-territoires\/escales-des-sciences\/expo-bling-bling\/\" \/>\n<meta property=\"og:locale\" content=\"fr_FR\" \/>\n<meta property=\"og:type\" content=\"article\" \/>\n<meta property=\"og:title\" content=\"Bling Bling\u00a0! L\u2019art de scruter la mati\u00e8re\u00a0 - Culture\" \/>\n<meta property=\"og:description\" content=\"Une exposition qui vous propose de scruter la mati\u00e8re cristalline sous toutes ses formes : cristal, min\u00e9ral, m\u00e9tal, prot\u00e9ines\" \/>\n<meta property=\"og:url\" content=\"https:\/\/www.univ-lorraine.fr\/culture\/culturesci\/programmes-territoires\/escales-des-sciences\/expo-bling-bling\/\" \/>\n<meta property=\"og:site_name\" content=\"Culture\" \/>\n<meta property=\"article:modified_time\" content=\"2021-10-27T10:13:17+00:00\" \/>\n<meta name=\"twitter:card\" content=\"summary_large_image\" \/>\n<meta name=\"twitter:label1\" content=\"Dur\u00e9e de lecture estim\u00e9e\" \/>\n\t<meta name=\"twitter:data1\" content=\"1 minute\" \/>\n<script type=\"application\/ld+json\" class=\"yoast-schema-graph\">{\"@context\":\"https:\\\/\\\/schema.org\",\"@graph\":[{\"@type\":\"WebPage\",\"@id\":\"https:\\\/\\\/www.univ-lorraine.fr\\\/culture\\\/culturesci\\\/programmes-territoires\\\/escales-des-sciences\\\/expo-bling-bling\\\/\",\"url\":\"https:\\\/\\\/www.univ-lorraine.fr\\\/culture\\\/culturesci\\\/programmes-territoires\\\/escales-des-sciences\\\/expo-bling-bling\\\/\",\"name\":\"Bling Bling\u00a0! L\u2019art de scruter la mati\u00e8re\u00a0 - Culture\",\"isPartOf\":{\"@id\":\"https:\\\/\\\/www.univ-lorraine.fr\\\/culture\\\/#website\"},\"datePublished\":\"2021-08-18T14:58:43+00:00\",\"dateModified\":\"2021-10-27T10:13:17+00:00\",\"description\":\"Une exposition qui vous propose de scruter la mati\u00e8re cristalline sous toutes ses formes : cristal, min\u00e9ral, m\u00e9tal, prot\u00e9ines\",\"breadcrumb\":{\"@id\":\"https:\\\/\\\/www.univ-lorraine.fr\\\/culture\\\/culturesci\\\/programmes-territoires\\\/escales-des-sciences\\\/expo-bling-bling\\\/#breadcrumb\"},\"inLanguage\":\"fr-FR\",\"potentialAction\":[{\"@type\":\"ReadAction\",\"target\":[\"https:\\\/\\\/www.univ-lorraine.fr\\\/culture\\\/culturesci\\\/programmes-territoires\\\/escales-des-sciences\\\/expo-bling-bling\\\/\"]}]},{\"@type\":\"BreadcrumbList\",\"@id\":\"https:\\\/\\\/www.univ-lorraine.fr\\\/culture\\\/culturesci\\\/programmes-territoires\\\/escales-des-sciences\\\/expo-bling-bling\\\/#breadcrumb\",\"itemListElement\":[{\"@type\":\"ListItem\",\"position\":1,\"name\":\"Accueil\",\"item\":\"https:\\\/\\\/www.univ-lorraine.fr\\\/culture\\\/\"},{\"@type\":\"ListItem\",\"position\":2,\"name\":\"Science Avec et Pour la Soci\u00e9t\u00e9\",\"item\":\"https:\\\/\\\/www.univ-lorraine.fr\\\/culture\\\/culturesci\\\/\"},{\"@type\":\"ListItem\",\"position\":3,\"name\":\"Programmes en territoires\",\"item\":\"https:\\\/\\\/www.univ-lorraine.fr\\\/culture\\\/culturesci\\\/programmes-territoires\\\/\"},{\"@type\":\"ListItem\",\"position\":4,\"name\":\"Escales des sciences\",\"item\":\"https:\\\/\\\/www.univ-lorraine.fr\\\/culture\\\/culturesci\\\/programmes-territoires\\\/escales-des-sciences\\\/\"},{\"@type\":\"ListItem\",\"position\":5,\"name\":\"Bling Bling\u00a0! L\u2019art de scruter la mati\u00e8re\u00a0\"}]},{\"@type\":\"WebSite\",\"@id\":\"https:\\\/\\\/www.univ-lorraine.fr\\\/culture\\\/#website\",\"url\":\"https:\\\/\\\/www.univ-lorraine.fr\\\/culture\\\/\",\"name\":\"Culture\",\"description\":\"\",\"publisher\":{\"@id\":\"https:\\\/\\\/www.univ-lorraine.fr\\\/culture\\\/#organization\"},\"potentialAction\":[{\"@type\":\"SearchAction\",\"target\":{\"@type\":\"EntryPoint\",\"urlTemplate\":\"https:\\\/\\\/www.univ-lorraine.fr\\\/culture\\\/?s={search_term_string}\"},\"query-input\":{\"@type\":\"PropertyValueSpecification\",\"valueRequired\":true,\"valueName\":\"search_term_string\"}}],\"inLanguage\":\"fr-FR\"},{\"@type\":\"Organization\",\"@id\":\"https:\\\/\\\/www.univ-lorraine.fr\\\/culture\\\/#organization\",\"name\":\"Universit\u00e9 de Lorraine\",\"url\":\"https:\\\/\\\/www.univ-lorraine.fr\\\/culture\\\/\",\"logo\":{\"@type\":\"ImageObject\",\"inLanguage\":\"fr-FR\",\"@id\":\"https:\\\/\\\/www.univ-lorraine.fr\\\/culture\\\/#\\\/schema\\\/logo\\\/image\\\/\",\"url\":\"https:\\\/\\\/www.univ-lorraine.fr\\\/culture\\\/wp-content\\\/uploads\\\/sites\\\/10\\\/2021\\\/01\\\/LOGO_UL.png\",\"contentUrl\":\"https:\\\/\\\/www.univ-lorraine.fr\\\/culture\\\/wp-content\\\/uploads\\\/sites\\\/10\\\/2021\\\/01\\\/LOGO_UL.png\",\"width\":138,\"height\":48,\"caption\":\"Universit\u00e9 de Lorraine\"},\"image\":{\"@id\":\"https:\\\/\\\/www.univ-lorraine.fr\\\/culture\\\/#\\\/schema\\\/logo\\\/image\\\/\"}}]}<\/script>\n<!-- \/ Yoast SEO plugin. -->","yoast_head_json":{"title":"Bling Bling\u00a0! L\u2019art de scruter la mati\u00e8re\u00a0 - Culture","description":"Une exposition qui vous propose de scruter la mati\u00e8re cristalline sous toutes ses formes : cristal, min\u00e9ral, m\u00e9tal, prot\u00e9ines","robots":{"index":"index","follow":"follow","max-snippet":"max-snippet:-1","max-image-preview":"max-image-preview:large","max-video-preview":"max-video-preview:-1"},"canonical":"https:\/\/www.univ-lorraine.fr\/culture\/culturesci\/programmes-territoires\/escales-des-sciences\/expo-bling-bling\/","og_locale":"fr_FR","og_type":"article","og_title":"Bling Bling\u00a0! L\u2019art de scruter la mati\u00e8re\u00a0 - Culture","og_description":"Une exposition qui vous propose de scruter la mati\u00e8re cristalline sous toutes ses formes : cristal, min\u00e9ral, m\u00e9tal, prot\u00e9ines","og_url":"https:\/\/www.univ-lorraine.fr\/culture\/culturesci\/programmes-territoires\/escales-des-sciences\/expo-bling-bling\/","og_site_name":"Culture","article_modified_time":"2021-10-27T10:13:17+00:00","twitter_card":"summary_large_image","twitter_misc":{"Dur\u00e9e de lecture estim\u00e9e":"1 minute"},"schema":{"@context":"https:\/\/schema.org","@graph":[{"@type":"WebPage","@id":"https:\/\/www.univ-lorraine.fr\/culture\/culturesci\/programmes-territoires\/escales-des-sciences\/expo-bling-bling\/","url":"https:\/\/www.univ-lorraine.fr\/culture\/culturesci\/programmes-territoires\/escales-des-sciences\/expo-bling-bling\/","name":"Bling Bling\u00a0! L\u2019art de scruter la mati\u00e8re\u00a0 - Culture","isPartOf":{"@id":"https:\/\/www.univ-lorraine.fr\/culture\/#website"},"datePublished":"2021-08-18T14:58:43+00:00","dateModified":"2021-10-27T10:13:17+00:00","description":"Une exposition qui vous propose de scruter la mati\u00e8re cristalline sous toutes ses formes : cristal, min\u00e9ral, m\u00e9tal, prot\u00e9ines","breadcrumb":{"@id":"https:\/\/www.univ-lorraine.fr\/culture\/culturesci\/programmes-territoires\/escales-des-sciences\/expo-bling-bling\/#breadcrumb"},"inLanguage":"fr-FR","potentialAction":[{"@type":"ReadAction","target":["https:\/\/www.univ-lorraine.fr\/culture\/culturesci\/programmes-territoires\/escales-des-sciences\/expo-bling-bling\/"]}]},{"@type":"BreadcrumbList","@id":"https:\/\/www.univ-lorraine.fr\/culture\/culturesci\/programmes-territoires\/escales-des-sciences\/expo-bling-bling\/#breadcrumb","itemListElement":[{"@type":"ListItem","position":1,"name":"Accueil","item":"https:\/\/www.univ-lorraine.fr\/culture\/"},{"@type":"ListItem","position":2,"name":"Science Avec et Pour la Soci\u00e9t\u00e9","item":"https:\/\/www.univ-lorraine.fr\/culture\/culturesci\/"},{"@type":"ListItem","position":3,"name":"Programmes en territoires","item":"https:\/\/www.univ-lorraine.fr\/culture\/culturesci\/programmes-territoires\/"},{"@type":"ListItem","position":4,"name":"Escales des sciences","item":"https:\/\/www.univ-lorraine.fr\/culture\/culturesci\/programmes-territoires\/escales-des-sciences\/"},{"@type":"ListItem","position":5,"name":"Bling Bling\u00a0! L\u2019art de scruter la mati\u00e8re\u00a0"}]},{"@type":"WebSite","@id":"https:\/\/www.univ-lorraine.fr\/culture\/#website","url":"https:\/\/www.univ-lorraine.fr\/culture\/","name":"Culture","description":"","publisher":{"@id":"https:\/\/www.univ-lorraine.fr\/culture\/#organization"},"potentialAction":[{"@type":"SearchAction","target":{"@type":"EntryPoint","urlTemplate":"https:\/\/www.univ-lorraine.fr\/culture\/?s={search_term_string}"},"query-input":{"@type":"PropertyValueSpecification","valueRequired":true,"valueName":"search_term_string"}}],"inLanguage":"fr-FR"},{"@type":"Organization","@id":"https:\/\/www.univ-lorraine.fr\/culture\/#organization","name":"Universit\u00e9 de Lorraine","url":"https:\/\/www.univ-lorraine.fr\/culture\/","logo":{"@type":"ImageObject","inLanguage":"fr-FR","@id":"https:\/\/www.univ-lorraine.fr\/culture\/#\/schema\/logo\/image\/","url":"https:\/\/www.univ-lorraine.fr\/culture\/wp-content\/uploads\/sites\/10\/2021\/01\/LOGO_UL.png","contentUrl":"https:\/\/www.univ-lorraine.fr\/culture\/wp-content\/uploads\/sites\/10\/2021\/01\/LOGO_UL.png","width":138,"height":48,"caption":"Universit\u00e9 de Lorraine"},"image":{"@id":"https:\/\/www.univ-lorraine.fr\/culture\/#\/schema\/logo\/image\/"}}]}},"_links":{"self":[{"href":"https:\/\/www.univ-lorraine.fr\/culture\/wp-json\/wp\/v2\/pages\/1131","targetHints":{"allow":["GET"]}}],"collection":[{"href":"https:\/\/www.univ-lorraine.fr\/culture\/wp-json\/wp\/v2\/pages"}],"about":[{"href":"https:\/\/www.univ-lorraine.fr\/culture\/wp-json\/wp\/v2\/types\/page"}],"author":[{"embeddable":true,"href":"https:\/\/www.univ-lorraine.fr\/culture\/wp-json\/wp\/v2\/users\/15"}],"replies":[{"embeddable":true,"href":"https:\/\/www.univ-lorraine.fr\/culture\/wp-json\/wp\/v2\/comments?post=1131"}],"version-history":[{"count":6,"href":"https:\/\/www.univ-lorraine.fr\/culture\/wp-json\/wp\/v2\/pages\/1131\/revisions"}],"predecessor-version":[{"id":1935,"href":"https:\/\/www.univ-lorraine.fr\/culture\/wp-json\/wp\/v2\/pages\/1131\/revisions\/1935"}],"up":[{"embeddable":true,"href":"https:\/\/www.univ-lorraine.fr\/culture\/wp-json\/wp\/v2\/pages\/404"}],"wp:attachment":[{"href":"https:\/\/www.univ-lorraine.fr\/culture\/wp-json\/wp\/v2\/media?parent=1131"}],"curies":[{"name":"wp","href":"https:\/\/api.w.org\/{rel}","templated":true}]}}