{"id":1140,"date":"2021-08-18T17:10:16","date_gmt":"2021-08-18T15:10:16","guid":{"rendered":"https:\/\/www.univ-lorraine.fr\/culture\/?page_id=1140"},"modified":"2021-11-03T12:29:10","modified_gmt":"2021-11-03T11:29:10","slug":"corps-en-images","status":"publish","type":"page","link":"https:\/\/www.univ-lorraine.fr\/culture\/culturesci\/programmes-territoires\/escales-des-sciences\/corps-en-images\/","title":{"rendered":"Corps en images"},"content":{"rendered":"\n<p>L\u2019exposition \u00ab Corps en images \u00bb est un voyage au fil des si\u00e8cles, depuis le corps imagin\u00e9 \u00e0 l\u2019Antiquit\u00e9 jusqu\u2019au corps actuel rendu transparent et virtuel. Approche du corps via les astres et la th\u00e9orie des humeurs, reproduction de gravures d&rsquo;ouvrages anciens et mod\u00e8les anatomiques dialoguent avec les techniques contemporaines d&rsquo;imagerie m\u00e9dicale. M\u00ealant corps humain et corps animal, l\u2019exposition s\u2019int\u00e9resse aux repr\u00e9sentations anatomiques toujours plus d\u00e9taill\u00e9es.<\/p>\n\n\n\n<p><em>Exposition adapt\u00e9e de celle cr\u00e9\u00e9e par le Mus\u00e9um-Aquarium de Nancy et l\u2019Universit\u00e9 de Lorraine dans sa version temporaire au printemps 2013.<\/em><\/p>\n\n\n\n<div class=\"wp-block-buttons is-layout-flex wp-block-buttons-is-layout-flex\">\n<div class=\"wp-block-button\"><a class=\"wp-block-button__link\" href=\"https:\/\/www.univ-lorraine.fr\/culture\/wp-content\/uploads\/sites\/10\/2021\/11\/Fiche-CEI-2021-encours.pdf\">T\u00e9l\u00e9charger la fiche technique (pdf, 133 Ko)<\/a><\/div>\n<\/div>\n\n\n\n<h2 class=\"wp-block-heading\">D\u00e9couvrez l&rsquo;exposition en images<\/h2>\n\n\n<style type=\"text\/css\">\n#foogallery-gallery-448 .fg-image { width: 150px; }\n#foogallery-gallery-448 { --fg-gutter: 10px; }<\/style>\n\t\t\t<div class=\"foogallery foogallery-container foogallery-default foogallery-lightbox-none fg-center fg-default fg-ready fg-light fg-border-thin fg-shadow-outline fg-loading-default fg-loaded-fade-in fg-caption-hover fg-hover-fade fg-hover-zoom\" id=\"foogallery-gallery-448\" data-foogallery=\"{&quot;item&quot;:{&quot;showCaptionTitle&quot;:true,&quot;showCaptionDescription&quot;:true},&quot;lazy&quot;:true}\" style=\"--fg-title-line-clamp: 0; --fg-description-line-clamp: 0;\" >\n\t<div class=\"fg-item fg-type-image fg-idle\"><figure class=\"fg-item-inner\"><a href=\"https:\/\/www.univ-lorraine.fr\/culture\/wp-content\/uploads\/sites\/10\/2021\/04\/Corps-en-images-1.jpg\" data-attachment-id=\"356\" data-type=\"image\" class=\"fg-thumb\"><span class=\"fg-image-wrap\"><img decoding=\"async\" width=\"150\" height=\"150\" class=\"skip-lazy fg-image\" data-src-fg=\"https:\/\/www.univ-lorraine.fr\/culture\/wp-content\/uploads\/sites\/10\/cache\/2021\/04\/Corps-en-images-1\/929289023.jpg\" src=\"data:image\/svg+xml,%3Csvg%20xmlns%3D%22http%3A%2F%2Fwww.w3.org%2F2000%2Fsvg%22%20width%3D%22150%22%20height%3D%22150%22%20viewBox%3D%220%200%20150%20150%22%3E%3C%2Fsvg%3E\" loading=\"eager\"><\/span><span class=\"fg-image-overlay\"><\/span><\/a><\/figure><div class=\"fg-loader\"><\/div><\/div><div class=\"fg-item fg-type-image fg-idle\"><figure class=\"fg-item-inner\"><a href=\"https:\/\/www.univ-lorraine.fr\/culture\/wp-content\/uploads\/sites\/10\/2021\/04\/Corps-en-images-4-scaled.jpg\" data-attachment-id=\"359\" data-type=\"image\" class=\"fg-thumb\"><span class=\"fg-image-wrap\"><img decoding=\"async\" width=\"150\" height=\"150\" class=\"skip-lazy fg-image\" data-src-fg=\"https:\/\/www.univ-lorraine.fr\/culture\/wp-content\/uploads\/sites\/10\/cache\/2021\/04\/Corps-en-images-4-scaled\/800013520.jpg\" src=\"data:image\/svg+xml,%3Csvg%20xmlns%3D%22http%3A%2F%2Fwww.w3.org%2F2000%2Fsvg%22%20width%3D%22150%22%20height%3D%22150%22%20viewBox%3D%220%200%20150%20150%22%3E%3C%2Fsvg%3E\" loading=\"eager\"><\/span><span class=\"fg-image-overlay\"><\/span><\/a><\/figure><div class=\"fg-loader\"><\/div><\/div><div class=\"fg-item fg-type-image fg-idle\"><figure class=\"fg-item-inner\"><a href=\"https:\/\/www.univ-lorraine.fr\/culture\/wp-content\/uploads\/sites\/10\/2021\/04\/Corps-en-images-2-scaled.jpg\" data-attachment-id=\"357\" data-type=\"image\" class=\"fg-thumb\"><span class=\"fg-image-wrap\"><img decoding=\"async\" width=\"150\" height=\"150\" class=\"skip-lazy fg-image\" data-src-fg=\"https:\/\/www.univ-lorraine.fr\/culture\/wp-content\/uploads\/sites\/10\/cache\/2021\/04\/Corps-en-images-2-scaled\/2598915060.jpg\" src=\"data:image\/svg+xml,%3Csvg%20xmlns%3D%22http%3A%2F%2Fwww.w3.org%2F2000%2Fsvg%22%20width%3D%22150%22%20height%3D%22150%22%20viewBox%3D%220%200%20150%20150%22%3E%3C%2Fsvg%3E\" loading=\"eager\"><\/span><span class=\"fg-image-overlay\"><\/span><\/a><\/figure><div class=\"fg-loader\"><\/div><\/div><div class=\"fg-item fg-type-image fg-idle\"><figure class=\"fg-item-inner\"><a href=\"https:\/\/www.univ-lorraine.fr\/culture\/wp-content\/uploads\/sites\/10\/2021\/04\/Corps-en-images-3-scaled.jpg\" data-attachment-id=\"358\" data-type=\"image\" class=\"fg-thumb\"><span class=\"fg-image-wrap\"><img decoding=\"async\" width=\"150\" height=\"150\" class=\"skip-lazy fg-image\" data-src-fg=\"https:\/\/www.univ-lorraine.fr\/culture\/wp-content\/uploads\/sites\/10\/cache\/2021\/04\/Corps-en-images-3-scaled\/1661016946.jpg\" src=\"data:image\/svg+xml,%3Csvg%20xmlns%3D%22http%3A%2F%2Fwww.w3.org%2F2000%2Fsvg%22%20width%3D%22150%22%20height%3D%22150%22%20viewBox%3D%220%200%20150%20150%22%3E%3C%2Fsvg%3E\" loading=\"eager\"><\/span><span class=\"fg-image-overlay\"><\/span><\/a><\/figure><div class=\"fg-loader\"><\/div><\/div><\/div>\n","protected":false},"excerpt":{"rendered":"<p>L\u2019exposition \u00ab Corps en images \u00bb est un voyage au fil des si\u00e8cles, depuis le corps imagin\u00e9 \u00e0 l\u2019Antiquit\u00e9 jusqu\u2019au corps actuel rendu transparent et virtuel. Approche du corps via les astres et la th\u00e9orie des humeurs, reproduction de gravures d&rsquo;ouvrages anciens et mod\u00e8les anatomiques dialoguent avec les techniques contemporaines d&rsquo;imagerie m\u00e9dicale. M\u00ealant corps humain &#8230; <a title=\"Corps en images\" class=\"read-more\" href=\"https:\/\/www.univ-lorraine.fr\/culture\/culturesci\/programmes-territoires\/escales-des-sciences\/corps-en-images\/\" aria-label=\"En savoir plus sur Corps en images\">Lire plus<\/a><\/p>\n","protected":false},"author":15,"featured_media":0,"parent":404,"menu_order":0,"comment_status":"closed","ping_status":"closed","template":"","meta":{"inline_featured_image":false,"footnotes":""},"class_list":["post-1140","page","type-page","status-publish"],"yoast_head":"<!-- This site is optimized with the Yoast SEO plugin v27.4 - https:\/\/yoast.com\/product\/yoast-seo-wordpress\/ -->\n<title>Corps en images - Culture<\/title>\n<meta name=\"description\" content=\"L\u2019exposition \u00ab Corps en images \u00bb est un voyage au fil des si\u00e8cles, depuis le corps imagin\u00e9 \u00e0 l\u2019Antiquit\u00e9 jusqu\u2019au corps actuel rendu transparent et virtuel.\" \/>\n<meta name=\"robots\" content=\"index, follow, max-snippet:-1, max-image-preview:large, max-video-preview:-1\" \/>\n<link rel=\"canonical\" href=\"https:\/\/www.univ-lorraine.fr\/culture\/culturesci\/programmes-territoires\/escales-des-sciences\/corps-en-images\/\" \/>\n<meta property=\"og:locale\" content=\"fr_FR\" \/>\n<meta property=\"og:type\" content=\"article\" \/>\n<meta property=\"og:title\" content=\"Corps en images - Culture\" \/>\n<meta property=\"og:description\" content=\"L\u2019exposition \u00ab Corps en images \u00bb est un voyage au fil des si\u00e8cles, depuis le corps imagin\u00e9 \u00e0 l\u2019Antiquit\u00e9 jusqu\u2019au corps actuel rendu transparent et virtuel.\" \/>\n<meta property=\"og:url\" content=\"https:\/\/www.univ-lorraine.fr\/culture\/culturesci\/programmes-territoires\/escales-des-sciences\/corps-en-images\/\" \/>\n<meta property=\"og:site_name\" content=\"Culture\" \/>\n<meta property=\"article:modified_time\" content=\"2021-11-03T11:29:10+00:00\" \/>\n<meta name=\"twitter:card\" content=\"summary_large_image\" \/>\n<meta name=\"twitter:label1\" content=\"Dur\u00e9e de lecture estim\u00e9e\" \/>\n\t<meta name=\"twitter:data1\" content=\"1 minute\" \/>\n<script type=\"application\/ld+json\" class=\"yoast-schema-graph\">{\"@context\":\"https:\\\/\\\/schema.org\",\"@graph\":[{\"@type\":\"WebPage\",\"@id\":\"https:\\\/\\\/www.univ-lorraine.fr\\\/culture\\\/culturesci\\\/programmes-territoires\\\/escales-des-sciences\\\/corps-en-images\\\/\",\"url\":\"https:\\\/\\\/www.univ-lorraine.fr\\\/culture\\\/culturesci\\\/programmes-territoires\\\/escales-des-sciences\\\/corps-en-images\\\/\",\"name\":\"Corps en images - Culture\",\"isPartOf\":{\"@id\":\"https:\\\/\\\/www.univ-lorraine.fr\\\/culture\\\/#website\"},\"datePublished\":\"2021-08-18T15:10:16+00:00\",\"dateModified\":\"2021-11-03T11:29:10+00:00\",\"description\":\"L\u2019exposition \u00ab Corps en images \u00bb est un voyage au fil des si\u00e8cles, depuis le corps imagin\u00e9 \u00e0 l\u2019Antiquit\u00e9 jusqu\u2019au corps actuel rendu transparent et virtuel.\",\"breadcrumb\":{\"@id\":\"https:\\\/\\\/www.univ-lorraine.fr\\\/culture\\\/culturesci\\\/programmes-territoires\\\/escales-des-sciences\\\/corps-en-images\\\/#breadcrumb\"},\"inLanguage\":\"fr-FR\",\"potentialAction\":[{\"@type\":\"ReadAction\",\"target\":[\"https:\\\/\\\/www.univ-lorraine.fr\\\/culture\\\/culturesci\\\/programmes-territoires\\\/escales-des-sciences\\\/corps-en-images\\\/\"]}]},{\"@type\":\"BreadcrumbList\",\"@id\":\"https:\\\/\\\/www.univ-lorraine.fr\\\/culture\\\/culturesci\\\/programmes-territoires\\\/escales-des-sciences\\\/corps-en-images\\\/#breadcrumb\",\"itemListElement\":[{\"@type\":\"ListItem\",\"position\":1,\"name\":\"Accueil\",\"item\":\"https:\\\/\\\/www.univ-lorraine.fr\\\/culture\\\/\"},{\"@type\":\"ListItem\",\"position\":2,\"name\":\"Science Avec et Pour la Soci\u00e9t\u00e9\",\"item\":\"https:\\\/\\\/www.univ-lorraine.fr\\\/culture\\\/culturesci\\\/\"},{\"@type\":\"ListItem\",\"position\":3,\"name\":\"Programmes en territoires\",\"item\":\"https:\\\/\\\/www.univ-lorraine.fr\\\/culture\\\/culturesci\\\/programmes-territoires\\\/\"},{\"@type\":\"ListItem\",\"position\":4,\"name\":\"Escales des sciences\",\"item\":\"https:\\\/\\\/www.univ-lorraine.fr\\\/culture\\\/culturesci\\\/programmes-territoires\\\/escales-des-sciences\\\/\"},{\"@type\":\"ListItem\",\"position\":5,\"name\":\"Corps en images\"}]},{\"@type\":\"WebSite\",\"@id\":\"https:\\\/\\\/www.univ-lorraine.fr\\\/culture\\\/#website\",\"url\":\"https:\\\/\\\/www.univ-lorraine.fr\\\/culture\\\/\",\"name\":\"Culture\",\"description\":\"\",\"publisher\":{\"@id\":\"https:\\\/\\\/www.univ-lorraine.fr\\\/culture\\\/#organization\"},\"potentialAction\":[{\"@type\":\"SearchAction\",\"target\":{\"@type\":\"EntryPoint\",\"urlTemplate\":\"https:\\\/\\\/www.univ-lorraine.fr\\\/culture\\\/?s={search_term_string}\"},\"query-input\":{\"@type\":\"PropertyValueSpecification\",\"valueRequired\":true,\"valueName\":\"search_term_string\"}}],\"inLanguage\":\"fr-FR\"},{\"@type\":\"Organization\",\"@id\":\"https:\\\/\\\/www.univ-lorraine.fr\\\/culture\\\/#organization\",\"name\":\"Universit\u00e9 de Lorraine\",\"url\":\"https:\\\/\\\/www.univ-lorraine.fr\\\/culture\\\/\",\"logo\":{\"@type\":\"ImageObject\",\"inLanguage\":\"fr-FR\",\"@id\":\"https:\\\/\\\/www.univ-lorraine.fr\\\/culture\\\/#\\\/schema\\\/logo\\\/image\\\/\",\"url\":\"https:\\\/\\\/www.univ-lorraine.fr\\\/culture\\\/wp-content\\\/uploads\\\/sites\\\/10\\\/2021\\\/01\\\/LOGO_UL.png\",\"contentUrl\":\"https:\\\/\\\/www.univ-lorraine.fr\\\/culture\\\/wp-content\\\/uploads\\\/sites\\\/10\\\/2021\\\/01\\\/LOGO_UL.png\",\"width\":138,\"height\":48,\"caption\":\"Universit\u00e9 de Lorraine\"},\"image\":{\"@id\":\"https:\\\/\\\/www.univ-lorraine.fr\\\/culture\\\/#\\\/schema\\\/logo\\\/image\\\/\"}}]}<\/script>\n<!-- \/ Yoast SEO plugin. -->","yoast_head_json":{"title":"Corps en images - Culture","description":"L\u2019exposition \u00ab Corps en images \u00bb est un voyage au fil des si\u00e8cles, depuis le corps imagin\u00e9 \u00e0 l\u2019Antiquit\u00e9 jusqu\u2019au corps actuel rendu transparent et virtuel.","robots":{"index":"index","follow":"follow","max-snippet":"max-snippet:-1","max-image-preview":"max-image-preview:large","max-video-preview":"max-video-preview:-1"},"canonical":"https:\/\/www.univ-lorraine.fr\/culture\/culturesci\/programmes-territoires\/escales-des-sciences\/corps-en-images\/","og_locale":"fr_FR","og_type":"article","og_title":"Corps en images - Culture","og_description":"L\u2019exposition \u00ab Corps en images \u00bb est un voyage au fil des si\u00e8cles, depuis le corps imagin\u00e9 \u00e0 l\u2019Antiquit\u00e9 jusqu\u2019au corps actuel rendu transparent et virtuel.","og_url":"https:\/\/www.univ-lorraine.fr\/culture\/culturesci\/programmes-territoires\/escales-des-sciences\/corps-en-images\/","og_site_name":"Culture","article_modified_time":"2021-11-03T11:29:10+00:00","twitter_card":"summary_large_image","twitter_misc":{"Dur\u00e9e de lecture estim\u00e9e":"1 minute"},"schema":{"@context":"https:\/\/schema.org","@graph":[{"@type":"WebPage","@id":"https:\/\/www.univ-lorraine.fr\/culture\/culturesci\/programmes-territoires\/escales-des-sciences\/corps-en-images\/","url":"https:\/\/www.univ-lorraine.fr\/culture\/culturesci\/programmes-territoires\/escales-des-sciences\/corps-en-images\/","name":"Corps en images - Culture","isPartOf":{"@id":"https:\/\/www.univ-lorraine.fr\/culture\/#website"},"datePublished":"2021-08-18T15:10:16+00:00","dateModified":"2021-11-03T11:29:10+00:00","description":"L\u2019exposition \u00ab Corps en images \u00bb est un voyage au fil des si\u00e8cles, depuis le corps imagin\u00e9 \u00e0 l\u2019Antiquit\u00e9 jusqu\u2019au corps actuel rendu transparent et virtuel.","breadcrumb":{"@id":"https:\/\/www.univ-lorraine.fr\/culture\/culturesci\/programmes-territoires\/escales-des-sciences\/corps-en-images\/#breadcrumb"},"inLanguage":"fr-FR","potentialAction":[{"@type":"ReadAction","target":["https:\/\/www.univ-lorraine.fr\/culture\/culturesci\/programmes-territoires\/escales-des-sciences\/corps-en-images\/"]}]},{"@type":"BreadcrumbList","@id":"https:\/\/www.univ-lorraine.fr\/culture\/culturesci\/programmes-territoires\/escales-des-sciences\/corps-en-images\/#breadcrumb","itemListElement":[{"@type":"ListItem","position":1,"name":"Accueil","item":"https:\/\/www.univ-lorraine.fr\/culture\/"},{"@type":"ListItem","position":2,"name":"Science Avec et Pour la Soci\u00e9t\u00e9","item":"https:\/\/www.univ-lorraine.fr\/culture\/culturesci\/"},{"@type":"ListItem","position":3,"name":"Programmes en territoires","item":"https:\/\/www.univ-lorraine.fr\/culture\/culturesci\/programmes-territoires\/"},{"@type":"ListItem","position":4,"name":"Escales des sciences","item":"https:\/\/www.univ-lorraine.fr\/culture\/culturesci\/programmes-territoires\/escales-des-sciences\/"},{"@type":"ListItem","position":5,"name":"Corps en images"}]},{"@type":"WebSite","@id":"https:\/\/www.univ-lorraine.fr\/culture\/#website","url":"https:\/\/www.univ-lorraine.fr\/culture\/","name":"Culture","description":"","publisher":{"@id":"https:\/\/www.univ-lorraine.fr\/culture\/#organization"},"potentialAction":[{"@type":"SearchAction","target":{"@type":"EntryPoint","urlTemplate":"https:\/\/www.univ-lorraine.fr\/culture\/?s={search_term_string}"},"query-input":{"@type":"PropertyValueSpecification","valueRequired":true,"valueName":"search_term_string"}}],"inLanguage":"fr-FR"},{"@type":"Organization","@id":"https:\/\/www.univ-lorraine.fr\/culture\/#organization","name":"Universit\u00e9 de Lorraine","url":"https:\/\/www.univ-lorraine.fr\/culture\/","logo":{"@type":"ImageObject","inLanguage":"fr-FR","@id":"https:\/\/www.univ-lorraine.fr\/culture\/#\/schema\/logo\/image\/","url":"https:\/\/www.univ-lorraine.fr\/culture\/wp-content\/uploads\/sites\/10\/2021\/01\/LOGO_UL.png","contentUrl":"https:\/\/www.univ-lorraine.fr\/culture\/wp-content\/uploads\/sites\/10\/2021\/01\/LOGO_UL.png","width":138,"height":48,"caption":"Universit\u00e9 de Lorraine"},"image":{"@id":"https:\/\/www.univ-lorraine.fr\/culture\/#\/schema\/logo\/image\/"}}]}},"_links":{"self":[{"href":"https:\/\/www.univ-lorraine.fr\/culture\/wp-json\/wp\/v2\/pages\/1140","targetHints":{"allow":["GET"]}}],"collection":[{"href":"https:\/\/www.univ-lorraine.fr\/culture\/wp-json\/wp\/v2\/pages"}],"about":[{"href":"https:\/\/www.univ-lorraine.fr\/culture\/wp-json\/wp\/v2\/types\/page"}],"author":[{"embeddable":true,"href":"https:\/\/www.univ-lorraine.fr\/culture\/wp-json\/wp\/v2\/users\/15"}],"replies":[{"embeddable":true,"href":"https:\/\/www.univ-lorraine.fr\/culture\/wp-json\/wp\/v2\/comments?post=1140"}],"version-history":[{"count":4,"href":"https:\/\/www.univ-lorraine.fr\/culture\/wp-json\/wp\/v2\/pages\/1140\/revisions"}],"predecessor-version":[{"id":1966,"href":"https:\/\/www.univ-lorraine.fr\/culture\/wp-json\/wp\/v2\/pages\/1140\/revisions\/1966"}],"up":[{"embeddable":true,"href":"https:\/\/www.univ-lorraine.fr\/culture\/wp-json\/wp\/v2\/pages\/404"}],"wp:attachment":[{"href":"https:\/\/www.univ-lorraine.fr\/culture\/wp-json\/wp\/v2\/media?parent=1140"}],"curies":[{"name":"wp","href":"https:\/\/api.w.org\/{rel}","templated":true}]}}