{"id":1435,"date":"2021-08-25T17:17:44","date_gmt":"2021-08-25T15:17:44","guid":{"rendered":"https:\/\/www.univ-lorraine.fr\/culture\/?page_id=1435"},"modified":"2026-03-09T15:32:25","modified_gmt":"2026-03-09T14:32:25","slug":"maison-de-letudiant","status":"publish","type":"page","link":"https:\/\/www.univ-lorraine.fr\/culture\/maison-de-letudiant\/","title":{"rendered":"Maison de l&rsquo;\u00e9tudiant"},"content":{"rendered":"<div class=\"gb-container gb-container-cd7bbcbd\"><div class=\"gb-inside-container\">\n<div class=\"gb-grid-wrapper gb-grid-wrapper-28a6a218\">\n<div class=\"gb-grid-column gb-grid-column-26a21654\"><div class=\"gb-container gb-container-26a21654\"><div class=\"gb-inside-container\">\n\n<figure class=\"wp-block-image size-large\"><img loading=\"lazy\" decoding=\"async\" width=\"1024\" height=\"1024\" src=\"https:\/\/www.univ-lorraine.fr\/culture\/wp-content\/uploads\/sites\/10\/2021\/05\/vignette_MDE_bleu-1024x1024.png\" alt=\"\" class=\"wp-image-525\" srcset=\"https:\/\/www.univ-lorraine.fr\/culture\/wp-content\/uploads\/sites\/10\/2021\/05\/vignette_MDE_bleu-1024x1024.png 1024w, https:\/\/www.univ-lorraine.fr\/culture\/wp-content\/uploads\/sites\/10\/2021\/05\/vignette_MDE_bleu-300x300.png 300w, https:\/\/www.univ-lorraine.fr\/culture\/wp-content\/uploads\/sites\/10\/2021\/05\/vignette_MDE_bleu-150x150.png 150w, https:\/\/www.univ-lorraine.fr\/culture\/wp-content\/uploads\/sites\/10\/2021\/05\/vignette_MDE_bleu-768x768.png 768w, https:\/\/www.univ-lorraine.fr\/culture\/wp-content\/uploads\/sites\/10\/2021\/05\/vignette_MDE_bleu.png 1080w\" sizes=\"auto, (max-width: 1024px) 100vw, 1024px\" \/><\/figure>\n\n\n<div class=\"gb-container gb-container-f645625d\"><div class=\"gb-inside-container\">\n\n<div class=\"wp-block-buttons is-horizontal is-content-justification-center is-layout-flex wp-container-core-buttons-is-layout-499968f5 wp-block-buttons-is-layout-flex\">\n<div class=\"wp-block-button\"><a class=\"wp-block-button__link wp-element-button\" href=\"https:\/\/www.univ-lorraine.fr\/initiatives-etudiantes\/\">Visiter le site Initiatives \u00c9tudiantes<\/a><\/div>\n\n\n\n<div class=\"wp-block-button\"><a class=\"wp-block-button__link wp-element-button\" href=\"https:\/\/www.twitch.tv\/vie_etudiante_ul\">Retrouvez la programmation en ligne sur Twitch<\/a><\/div>\n<\/div>\n\n<\/div><\/div>\n<\/div><\/div><\/div>\n\n<div class=\"gb-grid-column gb-grid-column-8e42d7a6\"><div class=\"gb-container gb-container-8e42d7a6\"><div class=\"gb-inside-container\">\n\n<h2 class=\"gb-headline gb-headline-4acb09de gb-headline-text\">Des tiers-lieux d\u00e9di\u00e9s aux \u00e9tudiants<\/h2>\n\n\n\n<p>Les maisons de l&rsquo;\u00e9tudiant sont des tiers-lieux d\u00e9di\u00e9s aux projets associatifs et initiatives \u00e9tudiantes. Situ\u00e9es \u00e0 Metz sur l&rsquo;\u00eele du Saulcy et \u00e0 Nancy sur le campus Lettres et Sciences Humaines, elles sont ouvertes \u00e0 tous et accompagnent les \u00e9tudiants dans la r\u00e9alisation de manifestations culturelles.<\/p>\n\n\n\n<h2 class=\"wp-block-heading\">Une programmation culturelle annuelle<\/h2>\n\n\n\n<p>Des manifestations sont organis\u00e9es tout au long de l&rsquo;ann\u00e9e, par l&rsquo;\u00e9quipe des MDE en lien avec les associations locales. Elles sont ouvertes \u00e0 tous, \u00e9tudiants et communaut\u00e9 universitaire mais aussi grand public. Concerts, ateliers de pratiques artistiques, expositions,  livestream &#8230; d\u00e9couvrez la programmation compl\u00e8te sur le site d\u00e9di\u00e9 aux initiatives \u00e9tudiantes.<\/p>\n\n<\/div><\/div><\/div>\n<\/div>\n<\/div><\/div>\n\n\n<div style=\"text-align:center;\"><div style=\"margin:8px 0px 4px;\"><a href=\"https:\/\/www.calameo.com\/books\/0001401738cdd44b9ba2b\" target=\"_blank\">Programmation des MDE Semestre 2 <\/a><\/div><iframe loading=\"lazy\" src=\"\/\/v.calameo.com\/?bkcode=0001401738cdd44b9ba2b\" width=\"300\" height=\"194\" frameborder=\"0\" scrolling=\"no\" allowtransparency allowfullscreen style=\"margin:0 auto;\"><\/iframe><div style=\"margin:4px 0px 8px;\"><a href=\"http:\/\/www.calameo.com\/\">Publish at Calameo<\/a><\/div><\/div>\n","protected":false},"excerpt":{"rendered":"<p>Programmation des MDE Semestre 2 Publish at Calameo<\/p>\n","protected":false},"author":15,"featured_media":0,"parent":0,"menu_order":0,"comment_status":"closed","ping_status":"closed","template":"","meta":{"inline_featured_image":false,"footnotes":""},"class_list":["post-1435","page","type-page","status-publish"],"yoast_head":"<!-- This site is optimized with the Yoast SEO plugin v27.4 - https:\/\/yoast.com\/product\/yoast-seo-wordpress\/ -->\n<title>Maison de l&#039;\u00e9tudiant - Culture<\/title>\n<meta name=\"description\" content=\"concerts, ateliers, expositions, soutien aux projets associatifs ... d\u00e9couvrez les actions culturelles men\u00e9es avec les \u00e9quipes des Maisons de l&#039;\u00e9tudiant.\" \/>\n<meta name=\"robots\" content=\"index, follow, max-snippet:-1, max-image-preview:large, max-video-preview:-1\" \/>\n<link rel=\"canonical\" href=\"https:\/\/www.univ-lorraine.fr\/culture\/maison-de-letudiant\/\" \/>\n<meta property=\"og:locale\" content=\"fr_FR\" \/>\n<meta property=\"og:type\" content=\"article\" \/>\n<meta property=\"og:title\" content=\"Maison de l&#039;\u00e9tudiant - Culture\" \/>\n<meta property=\"og:description\" content=\"concerts, ateliers, expositions, soutien aux projets associatifs ... d\u00e9couvrez les actions culturelles men\u00e9es avec les \u00e9quipes des Maisons de l&#039;\u00e9tudiant.\" \/>\n<meta property=\"og:url\" content=\"https:\/\/www.univ-lorraine.fr\/culture\/maison-de-letudiant\/\" \/>\n<meta property=\"og:site_name\" content=\"Culture\" \/>\n<meta property=\"article:modified_time\" content=\"2026-03-09T14:32:25+00:00\" \/>\n<meta property=\"og:image\" content=\"https:\/\/www.univ-lorraine.fr\/culture\/wp-content\/uploads\/sites\/10\/2021\/05\/vignette_MDE_bleu.png\" \/>\n\t<meta property=\"og:image:width\" content=\"1080\" \/>\n\t<meta property=\"og:image:height\" content=\"1080\" \/>\n\t<meta property=\"og:image:type\" content=\"image\/png\" \/>\n<meta name=\"twitter:card\" content=\"summary_large_image\" \/>\n<meta name=\"twitter:label1\" content=\"Dur\u00e9e de lecture estim\u00e9e\" \/>\n\t<meta name=\"twitter:data1\" content=\"1 minute\" \/>\n<script type=\"application\/ld+json\" class=\"yoast-schema-graph\">{\"@context\":\"https:\\\/\\\/schema.org\",\"@graph\":[{\"@type\":\"WebPage\",\"@id\":\"https:\\\/\\\/www.univ-lorraine.fr\\\/culture\\\/maison-de-letudiant\\\/\",\"url\":\"https:\\\/\\\/www.univ-lorraine.fr\\\/culture\\\/maison-de-letudiant\\\/\",\"name\":\"Maison de l'\u00e9tudiant - Culture\",\"isPartOf\":{\"@id\":\"https:\\\/\\\/www.univ-lorraine.fr\\\/culture\\\/#website\"},\"primaryImageOfPage\":{\"@id\":\"https:\\\/\\\/www.univ-lorraine.fr\\\/culture\\\/maison-de-letudiant\\\/#primaryimage\"},\"image\":{\"@id\":\"https:\\\/\\\/www.univ-lorraine.fr\\\/culture\\\/maison-de-letudiant\\\/#primaryimage\"},\"thumbnailUrl\":\"https:\\\/\\\/www.univ-lorraine.fr\\\/culture\\\/wp-content\\\/uploads\\\/sites\\\/10\\\/2021\\\/05\\\/vignette_MDE_bleu-1024x1024.png\",\"datePublished\":\"2021-08-25T15:17:44+00:00\",\"dateModified\":\"2026-03-09T14:32:25+00:00\",\"description\":\"concerts, ateliers, expositions, soutien aux projets associatifs ... d\u00e9couvrez les actions culturelles men\u00e9es avec les \u00e9quipes des Maisons de l'\u00e9tudiant.\",\"breadcrumb\":{\"@id\":\"https:\\\/\\\/www.univ-lorraine.fr\\\/culture\\\/maison-de-letudiant\\\/#breadcrumb\"},\"inLanguage\":\"fr-FR\",\"potentialAction\":[{\"@type\":\"ReadAction\",\"target\":[\"https:\\\/\\\/www.univ-lorraine.fr\\\/culture\\\/maison-de-letudiant\\\/\"]}]},{\"@type\":\"ImageObject\",\"inLanguage\":\"fr-FR\",\"@id\":\"https:\\\/\\\/www.univ-lorraine.fr\\\/culture\\\/maison-de-letudiant\\\/#primaryimage\",\"url\":\"https:\\\/\\\/www.univ-lorraine.fr\\\/culture\\\/wp-content\\\/uploads\\\/sites\\\/10\\\/2021\\\/05\\\/vignette_MDE_bleu.png\",\"contentUrl\":\"https:\\\/\\\/www.univ-lorraine.fr\\\/culture\\\/wp-content\\\/uploads\\\/sites\\\/10\\\/2021\\\/05\\\/vignette_MDE_bleu.png\",\"width\":1080,\"height\":1080},{\"@type\":\"BreadcrumbList\",\"@id\":\"https:\\\/\\\/www.univ-lorraine.fr\\\/culture\\\/maison-de-letudiant\\\/#breadcrumb\",\"itemListElement\":[{\"@type\":\"ListItem\",\"position\":1,\"name\":\"Accueil\",\"item\":\"https:\\\/\\\/www.univ-lorraine.fr\\\/culture\\\/\"},{\"@type\":\"ListItem\",\"position\":2,\"name\":\"Maison de l&rsquo;\u00e9tudiant\"}]},{\"@type\":\"WebSite\",\"@id\":\"https:\\\/\\\/www.univ-lorraine.fr\\\/culture\\\/#website\",\"url\":\"https:\\\/\\\/www.univ-lorraine.fr\\\/culture\\\/\",\"name\":\"Culture\",\"description\":\"\",\"publisher\":{\"@id\":\"https:\\\/\\\/www.univ-lorraine.fr\\\/culture\\\/#organization\"},\"potentialAction\":[{\"@type\":\"SearchAction\",\"target\":{\"@type\":\"EntryPoint\",\"urlTemplate\":\"https:\\\/\\\/www.univ-lorraine.fr\\\/culture\\\/?s={search_term_string}\"},\"query-input\":{\"@type\":\"PropertyValueSpecification\",\"valueRequired\":true,\"valueName\":\"search_term_string\"}}],\"inLanguage\":\"fr-FR\"},{\"@type\":\"Organization\",\"@id\":\"https:\\\/\\\/www.univ-lorraine.fr\\\/culture\\\/#organization\",\"name\":\"Universit\u00e9 de Lorraine\",\"url\":\"https:\\\/\\\/www.univ-lorraine.fr\\\/culture\\\/\",\"logo\":{\"@type\":\"ImageObject\",\"inLanguage\":\"fr-FR\",\"@id\":\"https:\\\/\\\/www.univ-lorraine.fr\\\/culture\\\/#\\\/schema\\\/logo\\\/image\\\/\",\"url\":\"https:\\\/\\\/www.univ-lorraine.fr\\\/culture\\\/wp-content\\\/uploads\\\/sites\\\/10\\\/2021\\\/01\\\/LOGO_UL.png\",\"contentUrl\":\"https:\\\/\\\/www.univ-lorraine.fr\\\/culture\\\/wp-content\\\/uploads\\\/sites\\\/10\\\/2021\\\/01\\\/LOGO_UL.png\",\"width\":138,\"height\":48,\"caption\":\"Universit\u00e9 de Lorraine\"},\"image\":{\"@id\":\"https:\\\/\\\/www.univ-lorraine.fr\\\/culture\\\/#\\\/schema\\\/logo\\\/image\\\/\"}}]}<\/script>\n<!-- \/ Yoast SEO plugin. -->","yoast_head_json":{"title":"Maison de l'\u00e9tudiant - Culture","description":"concerts, ateliers, expositions, soutien aux projets associatifs ... d\u00e9couvrez les actions culturelles men\u00e9es avec les \u00e9quipes des Maisons de l'\u00e9tudiant.","robots":{"index":"index","follow":"follow","max-snippet":"max-snippet:-1","max-image-preview":"max-image-preview:large","max-video-preview":"max-video-preview:-1"},"canonical":"https:\/\/www.univ-lorraine.fr\/culture\/maison-de-letudiant\/","og_locale":"fr_FR","og_type":"article","og_title":"Maison de l'\u00e9tudiant - Culture","og_description":"concerts, ateliers, expositions, soutien aux projets associatifs ... d\u00e9couvrez les actions culturelles men\u00e9es avec les \u00e9quipes des Maisons de l'\u00e9tudiant.","og_url":"https:\/\/www.univ-lorraine.fr\/culture\/maison-de-letudiant\/","og_site_name":"Culture","article_modified_time":"2026-03-09T14:32:25+00:00","og_image":[{"width":1080,"height":1080,"url":"https:\/\/www.univ-lorraine.fr\/culture\/wp-content\/uploads\/sites\/10\/2021\/05\/vignette_MDE_bleu.png","type":"image\/png"}],"twitter_card":"summary_large_image","twitter_misc":{"Dur\u00e9e de lecture estim\u00e9e":"1 minute"},"schema":{"@context":"https:\/\/schema.org","@graph":[{"@type":"WebPage","@id":"https:\/\/www.univ-lorraine.fr\/culture\/maison-de-letudiant\/","url":"https:\/\/www.univ-lorraine.fr\/culture\/maison-de-letudiant\/","name":"Maison de l'\u00e9tudiant - Culture","isPartOf":{"@id":"https:\/\/www.univ-lorraine.fr\/culture\/#website"},"primaryImageOfPage":{"@id":"https:\/\/www.univ-lorraine.fr\/culture\/maison-de-letudiant\/#primaryimage"},"image":{"@id":"https:\/\/www.univ-lorraine.fr\/culture\/maison-de-letudiant\/#primaryimage"},"thumbnailUrl":"https:\/\/www.univ-lorraine.fr\/culture\/wp-content\/uploads\/sites\/10\/2021\/05\/vignette_MDE_bleu-1024x1024.png","datePublished":"2021-08-25T15:17:44+00:00","dateModified":"2026-03-09T14:32:25+00:00","description":"concerts, ateliers, expositions, soutien aux projets associatifs ... d\u00e9couvrez les actions culturelles men\u00e9es avec les \u00e9quipes des Maisons de l'\u00e9tudiant.","breadcrumb":{"@id":"https:\/\/www.univ-lorraine.fr\/culture\/maison-de-letudiant\/#breadcrumb"},"inLanguage":"fr-FR","potentialAction":[{"@type":"ReadAction","target":["https:\/\/www.univ-lorraine.fr\/culture\/maison-de-letudiant\/"]}]},{"@type":"ImageObject","inLanguage":"fr-FR","@id":"https:\/\/www.univ-lorraine.fr\/culture\/maison-de-letudiant\/#primaryimage","url":"https:\/\/www.univ-lorraine.fr\/culture\/wp-content\/uploads\/sites\/10\/2021\/05\/vignette_MDE_bleu.png","contentUrl":"https:\/\/www.univ-lorraine.fr\/culture\/wp-content\/uploads\/sites\/10\/2021\/05\/vignette_MDE_bleu.png","width":1080,"height":1080},{"@type":"BreadcrumbList","@id":"https:\/\/www.univ-lorraine.fr\/culture\/maison-de-letudiant\/#breadcrumb","itemListElement":[{"@type":"ListItem","position":1,"name":"Accueil","item":"https:\/\/www.univ-lorraine.fr\/culture\/"},{"@type":"ListItem","position":2,"name":"Maison de l&rsquo;\u00e9tudiant"}]},{"@type":"WebSite","@id":"https:\/\/www.univ-lorraine.fr\/culture\/#website","url":"https:\/\/www.univ-lorraine.fr\/culture\/","name":"Culture","description":"","publisher":{"@id":"https:\/\/www.univ-lorraine.fr\/culture\/#organization"},"potentialAction":[{"@type":"SearchAction","target":{"@type":"EntryPoint","urlTemplate":"https:\/\/www.univ-lorraine.fr\/culture\/?s={search_term_string}"},"query-input":{"@type":"PropertyValueSpecification","valueRequired":true,"valueName":"search_term_string"}}],"inLanguage":"fr-FR"},{"@type":"Organization","@id":"https:\/\/www.univ-lorraine.fr\/culture\/#organization","name":"Universit\u00e9 de Lorraine","url":"https:\/\/www.univ-lorraine.fr\/culture\/","logo":{"@type":"ImageObject","inLanguage":"fr-FR","@id":"https:\/\/www.univ-lorraine.fr\/culture\/#\/schema\/logo\/image\/","url":"https:\/\/www.univ-lorraine.fr\/culture\/wp-content\/uploads\/sites\/10\/2021\/01\/LOGO_UL.png","contentUrl":"https:\/\/www.univ-lorraine.fr\/culture\/wp-content\/uploads\/sites\/10\/2021\/01\/LOGO_UL.png","width":138,"height":48,"caption":"Universit\u00e9 de Lorraine"},"image":{"@id":"https:\/\/www.univ-lorraine.fr\/culture\/#\/schema\/logo\/image\/"}}]}},"_links":{"self":[{"href":"https:\/\/www.univ-lorraine.fr\/culture\/wp-json\/wp\/v2\/pages\/1435","targetHints":{"allow":["GET"]}}],"collection":[{"href":"https:\/\/www.univ-lorraine.fr\/culture\/wp-json\/wp\/v2\/pages"}],"about":[{"href":"https:\/\/www.univ-lorraine.fr\/culture\/wp-json\/wp\/v2\/types\/page"}],"author":[{"embeddable":true,"href":"https:\/\/www.univ-lorraine.fr\/culture\/wp-json\/wp\/v2\/users\/15"}],"replies":[{"embeddable":true,"href":"https:\/\/www.univ-lorraine.fr\/culture\/wp-json\/wp\/v2\/comments?post=1435"}],"version-history":[{"count":13,"href":"https:\/\/www.univ-lorraine.fr\/culture\/wp-json\/wp\/v2\/pages\/1435\/revisions"}],"predecessor-version":[{"id":17480,"href":"https:\/\/www.univ-lorraine.fr\/culture\/wp-json\/wp\/v2\/pages\/1435\/revisions\/17480"}],"wp:attachment":[{"href":"https:\/\/www.univ-lorraine.fr\/culture\/wp-json\/wp\/v2\/media?parent=1435"}],"curies":[{"name":"wp","href":"https:\/\/api.w.org\/{rel}","templated":true}]}}