{"id":1725,"date":"2021-09-03T18:00:19","date_gmt":"2021-09-03T16:00:19","guid":{"rendered":"https:\/\/www.univ-lorraine.fr\/culture\/?page_id=1725"},"modified":"2024-11-18T10:59:06","modified_gmt":"2024-11-18T09:59:06","slug":"cultures_bu","status":"publish","type":"page","link":"https:\/\/www.univ-lorraine.fr\/culture\/cultures_bu\/","title":{"rendered":"CultureS en BU"},"content":{"rendered":"<div class=\"gb-container gb-container-4be7dee2\"><div class=\"gb-inside-container\">\n\n<figure class=\"wp-block-embed is-type-video is-provider-youtube wp-block-embed-youtube wp-embed-aspect-16-9 wp-has-aspect-ratio\"><div class=\"wp-block-embed__wrapper\">\n<iframe loading=\"lazy\" title=\"\ud83d\udd0e \u00c0 d\u00e9couvrir : CultureS en BU\" width=\"1200\" height=\"675\" src=\"https:\/\/www.youtube.com\/embed\/jxJIv9X3MrA?feature=oembed\" frameborder=\"0\" allow=\"accelerometer; autoplay; clipboard-write; encrypted-media; gyroscope; picture-in-picture; web-share\" referrerpolicy=\"strict-origin-when-cross-origin\" allowfullscreen><\/iframe>\n<\/div><\/figure>\n\n\n\n<div style=\"height:32px\" aria-hidden=\"true\" class=\"wp-block-spacer\"><\/div>\n\n\n\n<p>Les<strong>&nbsp;BU de Lorraine<\/strong>&nbsp;proposent une&nbsp;<strong>centaine d\u2019\u00e9v\u00e9nements culturels<\/strong>&nbsp;par an dans toute la Lorraine.<\/p>\n\n\n\n<p>En plus des&nbsp;<strong>expositions<\/strong>&nbsp;et des&nbsp;<strong>manifestations culturelles,<\/strong>&nbsp;elles participent \u00e0 des<strong>&nbsp;\u00e9v\u00e9nements nationaux&nbsp;<\/strong>comme les Nuits de la Lecture, les JACES, la Nuit europ\u00e9enne des chercheurs ou la F\u00eate de la Science. Elles proposent \u00e9galement des&nbsp;<strong>rencontres<\/strong>, des&nbsp;<strong>conf\u00e9rences<\/strong>, des&nbsp;<strong>tables rondes<\/strong>, des&nbsp;<strong>colloques<\/strong>, des&nbsp;<strong>ateliers<\/strong>, etc.&nbsp;<\/p>\n\n\n\n<p>Les BU de Lorraine vous proposent aussi des expositions virtuelles dans&nbsp;<strong><a href=\"https:\/\/bu-lorraine.artsteps.com\/\" rel=\"noreferrer noopener\" target=\"_blank\">l&rsquo;e-Mus\u00e9e<\/a><\/strong>.<\/p>\n\n\n\n<p>Retrouvez tous les \u00e9v\u00e9nements<strong>&nbsp;<a href=\"https:\/\/factuel.univ-lorraine.fr\/search\/node\/Culture_BU_2024\" rel=\"noreferrer noopener\" target=\"_blank\">sur Factuel.<\/a><\/strong><\/p>\n\n\n\n<div style=\"height:32px\" aria-hidden=\"true\" class=\"wp-block-spacer\"><\/div>\n\n\n\n<div class=\"wp-block-buttons is-horizontal is-content-justification-center is-layout-flex wp-container-core-buttons-is-layout-499968f5 wp-block-buttons-is-layout-flex\">\n<div class=\"wp-block-button\"><a class=\"wp-block-button__link wp-element-button\" href=\"http:\/\/bu.univ-lorraine.fr\/bibliotheques\"> Toutes les informations pratiques sur le site des BU <\/a><\/div>\n<\/div>\n\n<\/div><\/div>\n\n\n<p><\/p>\n\n\n\n<p><\/p>\n","protected":false},"excerpt":{"rendered":"<p>Les&nbsp;BU de Lorraine&nbsp;proposent une&nbsp;centaine d\u2019\u00e9v\u00e9nements culturels&nbsp;par an dans toute la Lorraine. En plus des&nbsp;expositions&nbsp;et des&nbsp;manifestations culturelles,&nbsp;elles participent \u00e0 des&nbsp;\u00e9v\u00e9nements nationaux&nbsp;comme les Nuits de la Lecture, les JACES, la Nuit europ\u00e9enne des chercheurs ou la F\u00eate de la Science. Elles proposent \u00e9galement des&nbsp;rencontres, des&nbsp;conf\u00e9rences, des&nbsp;tables rondes, des&nbsp;colloques, des&nbsp;ateliers, etc.&nbsp; Les BU de Lorraine vous proposent aussi &#8230; <a title=\"CultureS en BU\" class=\"read-more\" href=\"https:\/\/www.univ-lorraine.fr\/culture\/cultures_bu\/\" aria-label=\"En savoir plus sur CultureS en BU\">Lire plus<\/a><\/p>\n","protected":false},"author":15,"featured_media":0,"parent":0,"menu_order":0,"comment_status":"closed","ping_status":"closed","template":"","meta":{"inline_featured_image":false,"footnotes":""},"class_list":["post-1725","page","type-page","status-publish"],"yoast_head":"<!-- This site is optimized with the Yoast SEO plugin v27.4 - https:\/\/yoast.com\/product\/yoast-seo-wordpress\/ -->\n<title>CultureS en BU - Culture<\/title>\n<meta name=\"robots\" content=\"index, follow, max-snippet:-1, max-image-preview:large, max-video-preview:-1\" \/>\n<link rel=\"canonical\" href=\"https:\/\/www.univ-lorraine.fr\/culture\/cultures_bu\/\" \/>\n<meta property=\"og:locale\" content=\"fr_FR\" \/>\n<meta property=\"og:type\" content=\"article\" \/>\n<meta property=\"og:title\" content=\"CultureS en BU - Culture\" \/>\n<meta property=\"og:description\" content=\"Les&nbsp;BU de Lorraine&nbsp;proposent une&nbsp;centaine d\u2019\u00e9v\u00e9nements culturels&nbsp;par an dans toute la Lorraine. En plus des&nbsp;expositions&nbsp;et des&nbsp;manifestations culturelles,&nbsp;elles participent \u00e0 des&nbsp;\u00e9v\u00e9nements nationaux&nbsp;comme les Nuits de la Lecture, les JACES, la Nuit europ\u00e9enne des chercheurs ou la F\u00eate de la Science. Elles proposent \u00e9galement des&nbsp;rencontres, des&nbsp;conf\u00e9rences, des&nbsp;tables rondes, des&nbsp;colloques, des&nbsp;ateliers, etc.&nbsp; Les BU de Lorraine vous proposent aussi ... Lire plus\" \/>\n<meta property=\"og:url\" content=\"https:\/\/www.univ-lorraine.fr\/culture\/cultures_bu\/\" \/>\n<meta property=\"og:site_name\" content=\"Culture\" \/>\n<meta property=\"article:modified_time\" content=\"2024-11-18T09:59:06+00:00\" \/>\n<meta name=\"twitter:card\" content=\"summary_large_image\" \/>\n<meta name=\"twitter:label1\" content=\"Dur\u00e9e de lecture estim\u00e9e\" \/>\n\t<meta name=\"twitter:data1\" content=\"1 minute\" \/>\n<script type=\"application\/ld+json\" class=\"yoast-schema-graph\">{\"@context\":\"https:\\\/\\\/schema.org\",\"@graph\":[{\"@type\":\"WebPage\",\"@id\":\"https:\\\/\\\/www.univ-lorraine.fr\\\/culture\\\/cultures_bu\\\/\",\"url\":\"https:\\\/\\\/www.univ-lorraine.fr\\\/culture\\\/cultures_bu\\\/\",\"name\":\"CultureS en BU - Culture\",\"isPartOf\":{\"@id\":\"https:\\\/\\\/www.univ-lorraine.fr\\\/culture\\\/#website\"},\"datePublished\":\"2021-09-03T16:00:19+00:00\",\"dateModified\":\"2024-11-18T09:59:06+00:00\",\"breadcrumb\":{\"@id\":\"https:\\\/\\\/www.univ-lorraine.fr\\\/culture\\\/cultures_bu\\\/#breadcrumb\"},\"inLanguage\":\"fr-FR\",\"potentialAction\":[{\"@type\":\"ReadAction\",\"target\":[\"https:\\\/\\\/www.univ-lorraine.fr\\\/culture\\\/cultures_bu\\\/\"]}]},{\"@type\":\"BreadcrumbList\",\"@id\":\"https:\\\/\\\/www.univ-lorraine.fr\\\/culture\\\/cultures_bu\\\/#breadcrumb\",\"itemListElement\":[{\"@type\":\"ListItem\",\"position\":1,\"name\":\"Accueil\",\"item\":\"https:\\\/\\\/www.univ-lorraine.fr\\\/culture\\\/\"},{\"@type\":\"ListItem\",\"position\":2,\"name\":\"CultureS en BU\"}]},{\"@type\":\"WebSite\",\"@id\":\"https:\\\/\\\/www.univ-lorraine.fr\\\/culture\\\/#website\",\"url\":\"https:\\\/\\\/www.univ-lorraine.fr\\\/culture\\\/\",\"name\":\"Culture\",\"description\":\"\",\"publisher\":{\"@id\":\"https:\\\/\\\/www.univ-lorraine.fr\\\/culture\\\/#organization\"},\"potentialAction\":[{\"@type\":\"SearchAction\",\"target\":{\"@type\":\"EntryPoint\",\"urlTemplate\":\"https:\\\/\\\/www.univ-lorraine.fr\\\/culture\\\/?s={search_term_string}\"},\"query-input\":{\"@type\":\"PropertyValueSpecification\",\"valueRequired\":true,\"valueName\":\"search_term_string\"}}],\"inLanguage\":\"fr-FR\"},{\"@type\":\"Organization\",\"@id\":\"https:\\\/\\\/www.univ-lorraine.fr\\\/culture\\\/#organization\",\"name\":\"Universit\u00e9 de Lorraine\",\"url\":\"https:\\\/\\\/www.univ-lorraine.fr\\\/culture\\\/\",\"logo\":{\"@type\":\"ImageObject\",\"inLanguage\":\"fr-FR\",\"@id\":\"https:\\\/\\\/www.univ-lorraine.fr\\\/culture\\\/#\\\/schema\\\/logo\\\/image\\\/\",\"url\":\"https:\\\/\\\/www.univ-lorraine.fr\\\/culture\\\/wp-content\\\/uploads\\\/sites\\\/10\\\/2021\\\/01\\\/LOGO_UL.png\",\"contentUrl\":\"https:\\\/\\\/www.univ-lorraine.fr\\\/culture\\\/wp-content\\\/uploads\\\/sites\\\/10\\\/2021\\\/01\\\/LOGO_UL.png\",\"width\":138,\"height\":48,\"caption\":\"Universit\u00e9 de Lorraine\"},\"image\":{\"@id\":\"https:\\\/\\\/www.univ-lorraine.fr\\\/culture\\\/#\\\/schema\\\/logo\\\/image\\\/\"}}]}<\/script>\n<!-- \/ Yoast SEO plugin. -->","yoast_head_json":{"title":"CultureS en BU - Culture","robots":{"index":"index","follow":"follow","max-snippet":"max-snippet:-1","max-image-preview":"max-image-preview:large","max-video-preview":"max-video-preview:-1"},"canonical":"https:\/\/www.univ-lorraine.fr\/culture\/cultures_bu\/","og_locale":"fr_FR","og_type":"article","og_title":"CultureS en BU - Culture","og_description":"Les&nbsp;BU de Lorraine&nbsp;proposent une&nbsp;centaine d\u2019\u00e9v\u00e9nements culturels&nbsp;par an dans toute la Lorraine. En plus des&nbsp;expositions&nbsp;et des&nbsp;manifestations culturelles,&nbsp;elles participent \u00e0 des&nbsp;\u00e9v\u00e9nements nationaux&nbsp;comme les Nuits de la Lecture, les JACES, la Nuit europ\u00e9enne des chercheurs ou la F\u00eate de la Science. Elles proposent \u00e9galement des&nbsp;rencontres, des&nbsp;conf\u00e9rences, des&nbsp;tables rondes, des&nbsp;colloques, des&nbsp;ateliers, etc.&nbsp; Les BU de Lorraine vous proposent aussi ... Lire plus","og_url":"https:\/\/www.univ-lorraine.fr\/culture\/cultures_bu\/","og_site_name":"Culture","article_modified_time":"2024-11-18T09:59:06+00:00","twitter_card":"summary_large_image","twitter_misc":{"Dur\u00e9e de lecture estim\u00e9e":"1 minute"},"schema":{"@context":"https:\/\/schema.org","@graph":[{"@type":"WebPage","@id":"https:\/\/www.univ-lorraine.fr\/culture\/cultures_bu\/","url":"https:\/\/www.univ-lorraine.fr\/culture\/cultures_bu\/","name":"CultureS en BU - Culture","isPartOf":{"@id":"https:\/\/www.univ-lorraine.fr\/culture\/#website"},"datePublished":"2021-09-03T16:00:19+00:00","dateModified":"2024-11-18T09:59:06+00:00","breadcrumb":{"@id":"https:\/\/www.univ-lorraine.fr\/culture\/cultures_bu\/#breadcrumb"},"inLanguage":"fr-FR","potentialAction":[{"@type":"ReadAction","target":["https:\/\/www.univ-lorraine.fr\/culture\/cultures_bu\/"]}]},{"@type":"BreadcrumbList","@id":"https:\/\/www.univ-lorraine.fr\/culture\/cultures_bu\/#breadcrumb","itemListElement":[{"@type":"ListItem","position":1,"name":"Accueil","item":"https:\/\/www.univ-lorraine.fr\/culture\/"},{"@type":"ListItem","position":2,"name":"CultureS en BU"}]},{"@type":"WebSite","@id":"https:\/\/www.univ-lorraine.fr\/culture\/#website","url":"https:\/\/www.univ-lorraine.fr\/culture\/","name":"Culture","description":"","publisher":{"@id":"https:\/\/www.univ-lorraine.fr\/culture\/#organization"},"potentialAction":[{"@type":"SearchAction","target":{"@type":"EntryPoint","urlTemplate":"https:\/\/www.univ-lorraine.fr\/culture\/?s={search_term_string}"},"query-input":{"@type":"PropertyValueSpecification","valueRequired":true,"valueName":"search_term_string"}}],"inLanguage":"fr-FR"},{"@type":"Organization","@id":"https:\/\/www.univ-lorraine.fr\/culture\/#organization","name":"Universit\u00e9 de Lorraine","url":"https:\/\/www.univ-lorraine.fr\/culture\/","logo":{"@type":"ImageObject","inLanguage":"fr-FR","@id":"https:\/\/www.univ-lorraine.fr\/culture\/#\/schema\/logo\/image\/","url":"https:\/\/www.univ-lorraine.fr\/culture\/wp-content\/uploads\/sites\/10\/2021\/01\/LOGO_UL.png","contentUrl":"https:\/\/www.univ-lorraine.fr\/culture\/wp-content\/uploads\/sites\/10\/2021\/01\/LOGO_UL.png","width":138,"height":48,"caption":"Universit\u00e9 de Lorraine"},"image":{"@id":"https:\/\/www.univ-lorraine.fr\/culture\/#\/schema\/logo\/image\/"}}]}},"_links":{"self":[{"href":"https:\/\/www.univ-lorraine.fr\/culture\/wp-json\/wp\/v2\/pages\/1725","targetHints":{"allow":["GET"]}}],"collection":[{"href":"https:\/\/www.univ-lorraine.fr\/culture\/wp-json\/wp\/v2\/pages"}],"about":[{"href":"https:\/\/www.univ-lorraine.fr\/culture\/wp-json\/wp\/v2\/types\/page"}],"author":[{"embeddable":true,"href":"https:\/\/www.univ-lorraine.fr\/culture\/wp-json\/wp\/v2\/users\/15"}],"replies":[{"embeddable":true,"href":"https:\/\/www.univ-lorraine.fr\/culture\/wp-json\/wp\/v2\/comments?post=1725"}],"version-history":[{"count":21,"href":"https:\/\/www.univ-lorraine.fr\/culture\/wp-json\/wp\/v2\/pages\/1725\/revisions"}],"predecessor-version":[{"id":6518,"href":"https:\/\/www.univ-lorraine.fr\/culture\/wp-json\/wp\/v2\/pages\/1725\/revisions\/6518"}],"wp:attachment":[{"href":"https:\/\/www.univ-lorraine.fr\/culture\/wp-json\/wp\/v2\/media?parent=1725"}],"curies":[{"name":"wp","href":"https:\/\/api.w.org\/{rel}","templated":true}]}}