{"id":1905,"date":"2021-10-27T11:13:06","date_gmt":"2021-10-27T09:13:06","guid":{"rendered":"https:\/\/www.univ-lorraine.fr\/culture\/?page_id=1905"},"modified":"2021-10-27T17:21:11","modified_gmt":"2021-10-27T15:21:11","slug":"11-theses-en-bd","status":"publish","type":"page","link":"https:\/\/www.univ-lorraine.fr\/culture\/culturesci\/programmes-territoires\/escales-des-sciences\/11-theses-en-bd\/","title":{"rendered":"11 Th\u00e8ses en BD"},"content":{"rendered":"\n<p>\u00c0 l\u2019occasion des finales de l\u2019Universit\u00e9 de Lorraine au concours Ma th\u00e8se en 180 secondes 2016, 2017 &amp; 2018, l\u2019universit\u00e9 s\u2019est tourn\u00e9 vers le duo de dessinateurs Peb &amp; Fox pour adapter en bande-dessin\u00e9e les projets de recherches des doctorants finalistes.<\/p>\n\n\n\n<p>Trois expositions reprenant les planches r\u00e9alis\u00e9es sont disponibles \u00e0 l&rsquo;itin\u00e9rance. Des travaux de recherche en biologie, math\u00e9matiques, sociologie, innovation, chimie, physique, environnement&#8230; y sont pr\u00e9sent\u00e9s avec un ton d\u00e9cal\u00e9 et humoristique.<\/p>\n\n\n\n<p><\/p>\n\n\n<div class=\"gb-container gb-container-a1849c4f\"><div class=\"gb-inside-container\">\n<div class=\"gb-grid-wrapper gb-grid-wrapper-9ed26ecc\">\n<div class=\"gb-grid-column gb-grid-column-2fd7be74\"><div class=\"gb-container gb-container-2fd7be74\"><div class=\"gb-inside-container\">\n\n<figure class=\"wp-block-image alignwide size-full\"><img loading=\"lazy\" decoding=\"async\" width=\"1179\" height=\"1786\" src=\"https:\/\/www.univ-lorraine.fr\/culture\/wp-content\/uploads\/sites\/10\/2021\/10\/illustration-chevalet-1.jpg\" alt=\"\" class=\"wp-image-1899\" srcset=\"https:\/\/www.univ-lorraine.fr\/culture\/wp-content\/uploads\/sites\/10\/2021\/10\/illustration-chevalet-1.jpg 1179w, https:\/\/www.univ-lorraine.fr\/culture\/wp-content\/uploads\/sites\/10\/2021\/10\/illustration-chevalet-1-198x300.jpg 198w, https:\/\/www.univ-lorraine.fr\/culture\/wp-content\/uploads\/sites\/10\/2021\/10\/illustration-chevalet-1-676x1024.jpg 676w, https:\/\/www.univ-lorraine.fr\/culture\/wp-content\/uploads\/sites\/10\/2021\/10\/illustration-chevalet-1-768x1163.jpg 768w, https:\/\/www.univ-lorraine.fr\/culture\/wp-content\/uploads\/sites\/10\/2021\/10\/illustration-chevalet-1-1014x1536.jpg 1014w\" sizes=\"auto, (max-width: 1179px) 100vw, 1179px\" \/><\/figure>\n\n<\/div><\/div><\/div>\n\n<div class=\"gb-grid-column gb-grid-column-f3137f9b\"><div class=\"gb-container gb-container-f3137f9b\"><div class=\"gb-inside-container\">\n\n<figure class=\"wp-block-image alignwide size-full\"><img loading=\"lazy\" decoding=\"async\" width=\"1179\" height=\"1786\" src=\"https:\/\/www.univ-lorraine.fr\/culture\/wp-content\/uploads\/sites\/10\/2021\/10\/illustration-chevalet-2.jpg\" alt=\"\" class=\"wp-image-1900\" srcset=\"https:\/\/www.univ-lorraine.fr\/culture\/wp-content\/uploads\/sites\/10\/2021\/10\/illustration-chevalet-2.jpg 1179w, https:\/\/www.univ-lorraine.fr\/culture\/wp-content\/uploads\/sites\/10\/2021\/10\/illustration-chevalet-2-198x300.jpg 198w, https:\/\/www.univ-lorraine.fr\/culture\/wp-content\/uploads\/sites\/10\/2021\/10\/illustration-chevalet-2-676x1024.jpg 676w, https:\/\/www.univ-lorraine.fr\/culture\/wp-content\/uploads\/sites\/10\/2021\/10\/illustration-chevalet-2-768x1163.jpg 768w, https:\/\/www.univ-lorraine.fr\/culture\/wp-content\/uploads\/sites\/10\/2021\/10\/illustration-chevalet-2-1014x1536.jpg 1014w\" sizes=\"auto, (max-width: 1179px) 100vw, 1179px\" \/><\/figure>\n\n<\/div><\/div><\/div>\n<\/div>\n<\/div><\/div>\n\n<div class=\"gb-container gb-container-5a96fb88\"><div class=\"gb-inside-container\">\n<div class=\"gb-grid-wrapper gb-grid-wrapper-a79500ea\">\n<div class=\"gb-grid-column gb-grid-column-7ec8c1e3\"><div class=\"gb-container gb-container-7ec8c1e3\"><div class=\"gb-inside-container\">\n\n<h2 class=\"gb-headline gb-headline-a1d26d27 gb-headline-text\">\u00c9dition 2018<\/h2>\n\n\n\n<figure class=\"wp-block-image alignwide size-large\"><img loading=\"lazy\" decoding=\"async\" width=\"1024\" height=\"1024\" src=\"https:\/\/www.univ-lorraine.fr\/culture\/wp-content\/uploads\/sites\/10\/2021\/10\/couverture-11thbd18-1024x1024.jpg\" alt=\"\" class=\"wp-image-1895\" srcset=\"https:\/\/www.univ-lorraine.fr\/culture\/wp-content\/uploads\/sites\/10\/2021\/10\/couverture-11thbd18-1024x1024.jpg 1024w, https:\/\/www.univ-lorraine.fr\/culture\/wp-content\/uploads\/sites\/10\/2021\/10\/couverture-11thbd18-300x300.jpg 300w, https:\/\/www.univ-lorraine.fr\/culture\/wp-content\/uploads\/sites\/10\/2021\/10\/couverture-11thbd18-150x150.jpg 150w, https:\/\/www.univ-lorraine.fr\/culture\/wp-content\/uploads\/sites\/10\/2021\/10\/couverture-11thbd18-768x768.jpg 768w, https:\/\/www.univ-lorraine.fr\/culture\/wp-content\/uploads\/sites\/10\/2021\/10\/couverture-11thbd18-1536x1536.jpg 1536w, https:\/\/www.univ-lorraine.fr\/culture\/wp-content\/uploads\/sites\/10\/2021\/10\/couverture-11thbd18.jpg 1887w\" sizes=\"auto, (max-width: 1024px) 100vw, 1024px\" \/><\/figure>\n\n\n<div class=\"gb-container gb-container-4278ba59\"><div class=\"gb-inside-container\">\n\n<div class=\"wp-block-buttons is-content-justification-center is-layout-flex wp-block-buttons-is-layout-flex\">\n<div class=\"wp-block-button\"><a class=\"wp-block-button__link\" href=\"https:\/\/www.univ-lorraine.fr\/culture\/wp-content\/uploads\/sites\/10\/2021\/10\/Fiche_technique_expo_11_theses_en_BD_2018.pdf\">Fiche technique (pdf, 490 Ko)<\/a><\/div>\n\n\n\n<div class=\"wp-block-button\"><a class=\"wp-block-button__link\" href=\"https:\/\/www.univ-lorraine.fr\/culture\/wp-content\/uploads\/sites\/10\/2021\/10\/11-theses-en-BD-2018-Universite-de-Lorraine-web-light2.pdf\">BD 2018 (pdf, 11 Mo)<\/a><\/div>\n<\/div>\n\n<\/div><\/div>\n<\/div><\/div><\/div>\n\n<div class=\"gb-grid-column gb-grid-column-16070a68\"><div class=\"gb-container gb-container-16070a68\"><div class=\"gb-inside-container\">\n\n<h2 class=\"gb-headline gb-headline-69300296 gb-headline-text\">\u00c9dition 2017<\/h2>\n\n\n\n<figure class=\"wp-block-image alignwide size-large\"><img loading=\"lazy\" decoding=\"async\" width=\"1024\" height=\"1024\" src=\"https:\/\/www.univ-lorraine.fr\/culture\/wp-content\/uploads\/sites\/10\/2021\/10\/couverture-11thbd17-1024x1024.png\" alt=\"\" class=\"wp-image-1911\" srcset=\"https:\/\/www.univ-lorraine.fr\/culture\/wp-content\/uploads\/sites\/10\/2021\/10\/couverture-11thbd17-1024x1024.png 1024w, https:\/\/www.univ-lorraine.fr\/culture\/wp-content\/uploads\/sites\/10\/2021\/10\/couverture-11thbd17-300x300.png 300w, https:\/\/www.univ-lorraine.fr\/culture\/wp-content\/uploads\/sites\/10\/2021\/10\/couverture-11thbd17-150x150.png 150w, https:\/\/www.univ-lorraine.fr\/culture\/wp-content\/uploads\/sites\/10\/2021\/10\/couverture-11thbd17-768x768.png 768w, https:\/\/www.univ-lorraine.fr\/culture\/wp-content\/uploads\/sites\/10\/2021\/10\/couverture-11thbd17-1536x1536.png 1536w, https:\/\/www.univ-lorraine.fr\/culture\/wp-content\/uploads\/sites\/10\/2021\/10\/couverture-11thbd17.png 1802w\" sizes=\"auto, (max-width: 1024px) 100vw, 1024px\" \/><\/figure>\n\n\n<div class=\"gb-container gb-container-f31cabf9\"><div class=\"gb-inside-container\">\n\n<div class=\"wp-block-buttons alignwide is-content-justification-center is-layout-flex wp-block-buttons-is-layout-flex\">\n<div class=\"wp-block-button\"><a class=\"wp-block-button__link\" href=\"https:\/\/www.univ-lorraine.fr\/culture\/wp-content\/uploads\/sites\/10\/2021\/10\/Fiche_technique_expo_11_theses_en_BD_2017.pdf\">Fiche technique (pdf, 570 Ko)<\/a><\/div>\n\n\n\n<div class=\"wp-block-button\"><a class=\"wp-block-button__link\" href=\"https:\/\/www.univ-lorraine.fr\/culture\/wp-content\/uploads\/sites\/10\/2021\/10\/11-theses-en-BD-2017-Universite-de-Lorraine-web.pdf\">BD 2017 (pdf, 9.85 Mo)<\/a><\/div>\n<\/div>\n\n<\/div><\/div>\n<\/div><\/div><\/div>\n\n<div class=\"gb-grid-column gb-grid-column-0b9f67be\"><div class=\"gb-container gb-container-0b9f67be\"><div class=\"gb-inside-container\">\n\n<h2 class=\"gb-headline gb-headline-2bc8fb66 gb-headline-text\">\u00c9dition 2016<\/h2>\n\n\n\n<figure class=\"wp-block-image alignwide size-large\"><img loading=\"lazy\" decoding=\"async\" width=\"1024\" height=\"1024\" src=\"https:\/\/www.univ-lorraine.fr\/culture\/wp-content\/uploads\/sites\/10\/2021\/10\/couverture-11thbd16-1024x1024.jpg\" alt=\"\" class=\"wp-image-1893\" srcset=\"https:\/\/www.univ-lorraine.fr\/culture\/wp-content\/uploads\/sites\/10\/2021\/10\/couverture-11thbd16-1024x1024.jpg 1024w, https:\/\/www.univ-lorraine.fr\/culture\/wp-content\/uploads\/sites\/10\/2021\/10\/couverture-11thbd16-300x300.jpg 300w, https:\/\/www.univ-lorraine.fr\/culture\/wp-content\/uploads\/sites\/10\/2021\/10\/couverture-11thbd16-150x150.jpg 150w, https:\/\/www.univ-lorraine.fr\/culture\/wp-content\/uploads\/sites\/10\/2021\/10\/couverture-11thbd16-768x768.jpg 768w, https:\/\/www.univ-lorraine.fr\/culture\/wp-content\/uploads\/sites\/10\/2021\/10\/couverture-11thbd16-1536x1536.jpg 1536w, https:\/\/www.univ-lorraine.fr\/culture\/wp-content\/uploads\/sites\/10\/2021\/10\/couverture-11thbd16.jpg 1802w\" sizes=\"auto, (max-width: 1024px) 100vw, 1024px\" \/><\/figure>\n\n\n<div class=\"gb-container gb-container-1138e0de\"><div class=\"gb-inside-container\">\n\n<div class=\"wp-block-buttons alignwide is-content-justification-center is-layout-flex wp-block-buttons-is-layout-flex\">\n<div class=\"wp-block-button\"><a class=\"wp-block-button__link\" href=\"https:\/\/www.univ-lorraine.fr\/culture\/wp-content\/uploads\/sites\/10\/2021\/10\/Fiche_technique_expo_11_theses_en_BD_2016.pdf\">Fiche technique (pdf, 2.56 Mo)<\/a><\/div>\n\n\n\n<div class=\"wp-block-button\"><a class=\"wp-block-button__link\" href=\"https:\/\/www.univ-lorraine.fr\/culture\/wp-content\/uploads\/sites\/10\/2021\/10\/11-theses-en-BD-2016-Universite-de-Lorraine-web.pdf\">BD 2016 (pdf, 6.95 Mo)<\/a><\/div>\n<\/div>\n\n<\/div><\/div>\n<\/div><\/div><\/div>\n<\/div>\n<\/div><\/div>\n\n\n<p><\/p>\n","protected":false},"excerpt":{"rendered":"<p>\u00c0 l\u2019occasion des finales de l\u2019Universit\u00e9 de Lorraine au concours Ma th\u00e8se en 180 secondes 2016, 2017 &amp; 2018, l\u2019universit\u00e9 s\u2019est tourn\u00e9 vers le duo de dessinateurs Peb &amp; Fox pour adapter en bande-dessin\u00e9e les projets de recherches des doctorants finalistes. Trois expositions reprenant les planches r\u00e9alis\u00e9es sont disponibles \u00e0 l&rsquo;itin\u00e9rance. Des travaux de recherche &#8230; <a title=\"11 Th\u00e8ses en BD\" class=\"read-more\" href=\"https:\/\/www.univ-lorraine.fr\/culture\/culturesci\/programmes-territoires\/escales-des-sciences\/11-theses-en-bd\/\" aria-label=\"En savoir plus sur 11 Th\u00e8ses en BD\">Lire plus<\/a><\/p>\n","protected":false},"author":15,"featured_media":0,"parent":404,"menu_order":0,"comment_status":"closed","ping_status":"closed","template":"","meta":{"inline_featured_image":false,"footnotes":""},"class_list":["post-1905","page","type-page","status-publish"],"yoast_head":"<!-- This site is optimized with the Yoast SEO plugin v27.4 - https:\/\/yoast.com\/product\/yoast-seo-wordpress\/ -->\n<title>11 Th\u00e8ses en BD - Culture<\/title>\n<meta name=\"robots\" content=\"index, follow, max-snippet:-1, max-image-preview:large, max-video-preview:-1\" \/>\n<link rel=\"canonical\" href=\"https:\/\/www.univ-lorraine.fr\/culture\/culturesci\/programmes-territoires\/escales-des-sciences\/11-theses-en-bd\/\" \/>\n<meta property=\"og:locale\" content=\"fr_FR\" \/>\n<meta property=\"og:type\" content=\"article\" \/>\n<meta property=\"og:title\" content=\"11 Th\u00e8ses en BD - Culture\" \/>\n<meta property=\"og:description\" content=\"\u00c0 l\u2019occasion des finales de l\u2019Universit\u00e9 de Lorraine au concours Ma th\u00e8se en 180 secondes 2016, 2017 &amp; 2018, l\u2019universit\u00e9 s\u2019est tourn\u00e9 vers le duo de dessinateurs Peb &amp; Fox pour adapter en bande-dessin\u00e9e les projets de recherches des doctorants finalistes. Trois expositions reprenant les planches r\u00e9alis\u00e9es sont disponibles \u00e0 l&rsquo;itin\u00e9rance. Des travaux de recherche ... Lire plus\" \/>\n<meta property=\"og:url\" content=\"https:\/\/www.univ-lorraine.fr\/culture\/culturesci\/programmes-territoires\/escales-des-sciences\/11-theses-en-bd\/\" \/>\n<meta property=\"og:site_name\" content=\"Culture\" \/>\n<meta property=\"article:modified_time\" content=\"2021-10-27T15:21:11+00:00\" \/>\n<meta property=\"og:image\" content=\"https:\/\/www.univ-lorraine.fr\/culture\/wp-content\/uploads\/sites\/10\/2021\/10\/illustration-chevalet-1.jpg\" \/>\n<meta name=\"twitter:card\" content=\"summary_large_image\" \/>\n<meta name=\"twitter:label1\" content=\"Dur\u00e9e de lecture estim\u00e9e\" \/>\n\t<meta name=\"twitter:data1\" content=\"2 minutes\" \/>\n<script type=\"application\/ld+json\" class=\"yoast-schema-graph\">{\"@context\":\"https:\\\/\\\/schema.org\",\"@graph\":[{\"@type\":\"WebPage\",\"@id\":\"https:\\\/\\\/www.univ-lorraine.fr\\\/culture\\\/culturesci\\\/programmes-territoires\\\/escales-des-sciences\\\/11-theses-en-bd\\\/\",\"url\":\"https:\\\/\\\/www.univ-lorraine.fr\\\/culture\\\/culturesci\\\/programmes-territoires\\\/escales-des-sciences\\\/11-theses-en-bd\\\/\",\"name\":\"11 Th\u00e8ses en BD - Culture\",\"isPartOf\":{\"@id\":\"https:\\\/\\\/www.univ-lorraine.fr\\\/culture\\\/#website\"},\"primaryImageOfPage\":{\"@id\":\"https:\\\/\\\/www.univ-lorraine.fr\\\/culture\\\/culturesci\\\/programmes-territoires\\\/escales-des-sciences\\\/11-theses-en-bd\\\/#primaryimage\"},\"image\":{\"@id\":\"https:\\\/\\\/www.univ-lorraine.fr\\\/culture\\\/culturesci\\\/programmes-territoires\\\/escales-des-sciences\\\/11-theses-en-bd\\\/#primaryimage\"},\"thumbnailUrl\":\"https:\\\/\\\/www.univ-lorraine.fr\\\/culture\\\/wp-content\\\/uploads\\\/sites\\\/10\\\/2021\\\/10\\\/illustration-chevalet-1.jpg\",\"datePublished\":\"2021-10-27T09:13:06+00:00\",\"dateModified\":\"2021-10-27T15:21:11+00:00\",\"breadcrumb\":{\"@id\":\"https:\\\/\\\/www.univ-lorraine.fr\\\/culture\\\/culturesci\\\/programmes-territoires\\\/escales-des-sciences\\\/11-theses-en-bd\\\/#breadcrumb\"},\"inLanguage\":\"fr-FR\",\"potentialAction\":[{\"@type\":\"ReadAction\",\"target\":[\"https:\\\/\\\/www.univ-lorraine.fr\\\/culture\\\/culturesci\\\/programmes-territoires\\\/escales-des-sciences\\\/11-theses-en-bd\\\/\"]}]},{\"@type\":\"ImageObject\",\"inLanguage\":\"fr-FR\",\"@id\":\"https:\\\/\\\/www.univ-lorraine.fr\\\/culture\\\/culturesci\\\/programmes-territoires\\\/escales-des-sciences\\\/11-theses-en-bd\\\/#primaryimage\",\"url\":\"https:\\\/\\\/www.univ-lorraine.fr\\\/culture\\\/wp-content\\\/uploads\\\/sites\\\/10\\\/2021\\\/10\\\/illustration-chevalet-1.jpg\",\"contentUrl\":\"https:\\\/\\\/www.univ-lorraine.fr\\\/culture\\\/wp-content\\\/uploads\\\/sites\\\/10\\\/2021\\\/10\\\/illustration-chevalet-1.jpg\",\"width\":1179,\"height\":1786},{\"@type\":\"BreadcrumbList\",\"@id\":\"https:\\\/\\\/www.univ-lorraine.fr\\\/culture\\\/culturesci\\\/programmes-territoires\\\/escales-des-sciences\\\/11-theses-en-bd\\\/#breadcrumb\",\"itemListElement\":[{\"@type\":\"ListItem\",\"position\":1,\"name\":\"Accueil\",\"item\":\"https:\\\/\\\/www.univ-lorraine.fr\\\/culture\\\/\"},{\"@type\":\"ListItem\",\"position\":2,\"name\":\"Science Avec et Pour la Soci\u00e9t\u00e9\",\"item\":\"https:\\\/\\\/www.univ-lorraine.fr\\\/culture\\\/culturesci\\\/\"},{\"@type\":\"ListItem\",\"position\":3,\"name\":\"Programmes en territoires\",\"item\":\"https:\\\/\\\/www.univ-lorraine.fr\\\/culture\\\/culturesci\\\/programmes-territoires\\\/\"},{\"@type\":\"ListItem\",\"position\":4,\"name\":\"Escales des sciences\",\"item\":\"https:\\\/\\\/www.univ-lorraine.fr\\\/culture\\\/culturesci\\\/programmes-territoires\\\/escales-des-sciences\\\/\"},{\"@type\":\"ListItem\",\"position\":5,\"name\":\"11 Th\u00e8ses en BD\"}]},{\"@type\":\"WebSite\",\"@id\":\"https:\\\/\\\/www.univ-lorraine.fr\\\/culture\\\/#website\",\"url\":\"https:\\\/\\\/www.univ-lorraine.fr\\\/culture\\\/\",\"name\":\"Culture\",\"description\":\"\",\"publisher\":{\"@id\":\"https:\\\/\\\/www.univ-lorraine.fr\\\/culture\\\/#organization\"},\"potentialAction\":[{\"@type\":\"SearchAction\",\"target\":{\"@type\":\"EntryPoint\",\"urlTemplate\":\"https:\\\/\\\/www.univ-lorraine.fr\\\/culture\\\/?s={search_term_string}\"},\"query-input\":{\"@type\":\"PropertyValueSpecification\",\"valueRequired\":true,\"valueName\":\"search_term_string\"}}],\"inLanguage\":\"fr-FR\"},{\"@type\":\"Organization\",\"@id\":\"https:\\\/\\\/www.univ-lorraine.fr\\\/culture\\\/#organization\",\"name\":\"Universit\u00e9 de Lorraine\",\"url\":\"https:\\\/\\\/www.univ-lorraine.fr\\\/culture\\\/\",\"logo\":{\"@type\":\"ImageObject\",\"inLanguage\":\"fr-FR\",\"@id\":\"https:\\\/\\\/www.univ-lorraine.fr\\\/culture\\\/#\\\/schema\\\/logo\\\/image\\\/\",\"url\":\"https:\\\/\\\/www.univ-lorraine.fr\\\/culture\\\/wp-content\\\/uploads\\\/sites\\\/10\\\/2021\\\/01\\\/LOGO_UL.png\",\"contentUrl\":\"https:\\\/\\\/www.univ-lorraine.fr\\\/culture\\\/wp-content\\\/uploads\\\/sites\\\/10\\\/2021\\\/01\\\/LOGO_UL.png\",\"width\":138,\"height\":48,\"caption\":\"Universit\u00e9 de Lorraine\"},\"image\":{\"@id\":\"https:\\\/\\\/www.univ-lorraine.fr\\\/culture\\\/#\\\/schema\\\/logo\\\/image\\\/\"}}]}<\/script>\n<!-- \/ Yoast SEO plugin. -->","yoast_head_json":{"title":"11 Th\u00e8ses en BD - Culture","robots":{"index":"index","follow":"follow","max-snippet":"max-snippet:-1","max-image-preview":"max-image-preview:large","max-video-preview":"max-video-preview:-1"},"canonical":"https:\/\/www.univ-lorraine.fr\/culture\/culturesci\/programmes-territoires\/escales-des-sciences\/11-theses-en-bd\/","og_locale":"fr_FR","og_type":"article","og_title":"11 Th\u00e8ses en BD - Culture","og_description":"\u00c0 l\u2019occasion des finales de l\u2019Universit\u00e9 de Lorraine au concours Ma th\u00e8se en 180 secondes 2016, 2017 &amp; 2018, l\u2019universit\u00e9 s\u2019est tourn\u00e9 vers le duo de dessinateurs Peb &amp; Fox pour adapter en bande-dessin\u00e9e les projets de recherches des doctorants finalistes. Trois expositions reprenant les planches r\u00e9alis\u00e9es sont disponibles \u00e0 l&rsquo;itin\u00e9rance. Des travaux de recherche ... Lire plus","og_url":"https:\/\/www.univ-lorraine.fr\/culture\/culturesci\/programmes-territoires\/escales-des-sciences\/11-theses-en-bd\/","og_site_name":"Culture","article_modified_time":"2021-10-27T15:21:11+00:00","og_image":[{"url":"https:\/\/www.univ-lorraine.fr\/culture\/wp-content\/uploads\/sites\/10\/2021\/10\/illustration-chevalet-1.jpg","type":"","width":"","height":""}],"twitter_card":"summary_large_image","twitter_misc":{"Dur\u00e9e de lecture estim\u00e9e":"2 minutes"},"schema":{"@context":"https:\/\/schema.org","@graph":[{"@type":"WebPage","@id":"https:\/\/www.univ-lorraine.fr\/culture\/culturesci\/programmes-territoires\/escales-des-sciences\/11-theses-en-bd\/","url":"https:\/\/www.univ-lorraine.fr\/culture\/culturesci\/programmes-territoires\/escales-des-sciences\/11-theses-en-bd\/","name":"11 Th\u00e8ses en BD - Culture","isPartOf":{"@id":"https:\/\/www.univ-lorraine.fr\/culture\/#website"},"primaryImageOfPage":{"@id":"https:\/\/www.univ-lorraine.fr\/culture\/culturesci\/programmes-territoires\/escales-des-sciences\/11-theses-en-bd\/#primaryimage"},"image":{"@id":"https:\/\/www.univ-lorraine.fr\/culture\/culturesci\/programmes-territoires\/escales-des-sciences\/11-theses-en-bd\/#primaryimage"},"thumbnailUrl":"https:\/\/www.univ-lorraine.fr\/culture\/wp-content\/uploads\/sites\/10\/2021\/10\/illustration-chevalet-1.jpg","datePublished":"2021-10-27T09:13:06+00:00","dateModified":"2021-10-27T15:21:11+00:00","breadcrumb":{"@id":"https:\/\/www.univ-lorraine.fr\/culture\/culturesci\/programmes-territoires\/escales-des-sciences\/11-theses-en-bd\/#breadcrumb"},"inLanguage":"fr-FR","potentialAction":[{"@type":"ReadAction","target":["https:\/\/www.univ-lorraine.fr\/culture\/culturesci\/programmes-territoires\/escales-des-sciences\/11-theses-en-bd\/"]}]},{"@type":"ImageObject","inLanguage":"fr-FR","@id":"https:\/\/www.univ-lorraine.fr\/culture\/culturesci\/programmes-territoires\/escales-des-sciences\/11-theses-en-bd\/#primaryimage","url":"https:\/\/www.univ-lorraine.fr\/culture\/wp-content\/uploads\/sites\/10\/2021\/10\/illustration-chevalet-1.jpg","contentUrl":"https:\/\/www.univ-lorraine.fr\/culture\/wp-content\/uploads\/sites\/10\/2021\/10\/illustration-chevalet-1.jpg","width":1179,"height":1786},{"@type":"BreadcrumbList","@id":"https:\/\/www.univ-lorraine.fr\/culture\/culturesci\/programmes-territoires\/escales-des-sciences\/11-theses-en-bd\/#breadcrumb","itemListElement":[{"@type":"ListItem","position":1,"name":"Accueil","item":"https:\/\/www.univ-lorraine.fr\/culture\/"},{"@type":"ListItem","position":2,"name":"Science Avec et Pour la Soci\u00e9t\u00e9","item":"https:\/\/www.univ-lorraine.fr\/culture\/culturesci\/"},{"@type":"ListItem","position":3,"name":"Programmes en territoires","item":"https:\/\/www.univ-lorraine.fr\/culture\/culturesci\/programmes-territoires\/"},{"@type":"ListItem","position":4,"name":"Escales des sciences","item":"https:\/\/www.univ-lorraine.fr\/culture\/culturesci\/programmes-territoires\/escales-des-sciences\/"},{"@type":"ListItem","position":5,"name":"11 Th\u00e8ses en BD"}]},{"@type":"WebSite","@id":"https:\/\/www.univ-lorraine.fr\/culture\/#website","url":"https:\/\/www.univ-lorraine.fr\/culture\/","name":"Culture","description":"","publisher":{"@id":"https:\/\/www.univ-lorraine.fr\/culture\/#organization"},"potentialAction":[{"@type":"SearchAction","target":{"@type":"EntryPoint","urlTemplate":"https:\/\/www.univ-lorraine.fr\/culture\/?s={search_term_string}"},"query-input":{"@type":"PropertyValueSpecification","valueRequired":true,"valueName":"search_term_string"}}],"inLanguage":"fr-FR"},{"@type":"Organization","@id":"https:\/\/www.univ-lorraine.fr\/culture\/#organization","name":"Universit\u00e9 de Lorraine","url":"https:\/\/www.univ-lorraine.fr\/culture\/","logo":{"@type":"ImageObject","inLanguage":"fr-FR","@id":"https:\/\/www.univ-lorraine.fr\/culture\/#\/schema\/logo\/image\/","url":"https:\/\/www.univ-lorraine.fr\/culture\/wp-content\/uploads\/sites\/10\/2021\/01\/LOGO_UL.png","contentUrl":"https:\/\/www.univ-lorraine.fr\/culture\/wp-content\/uploads\/sites\/10\/2021\/01\/LOGO_UL.png","width":138,"height":48,"caption":"Universit\u00e9 de Lorraine"},"image":{"@id":"https:\/\/www.univ-lorraine.fr\/culture\/#\/schema\/logo\/image\/"}}]}},"_links":{"self":[{"href":"https:\/\/www.univ-lorraine.fr\/culture\/wp-json\/wp\/v2\/pages\/1905","targetHints":{"allow":["GET"]}}],"collection":[{"href":"https:\/\/www.univ-lorraine.fr\/culture\/wp-json\/wp\/v2\/pages"}],"about":[{"href":"https:\/\/www.univ-lorraine.fr\/culture\/wp-json\/wp\/v2\/types\/page"}],"author":[{"embeddable":true,"href":"https:\/\/www.univ-lorraine.fr\/culture\/wp-json\/wp\/v2\/users\/15"}],"replies":[{"embeddable":true,"href":"https:\/\/www.univ-lorraine.fr\/culture\/wp-json\/wp\/v2\/comments?post=1905"}],"version-history":[{"count":20,"href":"https:\/\/www.univ-lorraine.fr\/culture\/wp-json\/wp\/v2\/pages\/1905\/revisions"}],"predecessor-version":[{"id":1962,"href":"https:\/\/www.univ-lorraine.fr\/culture\/wp-json\/wp\/v2\/pages\/1905\/revisions\/1962"}],"up":[{"embeddable":true,"href":"https:\/\/www.univ-lorraine.fr\/culture\/wp-json\/wp\/v2\/pages\/404"}],"wp:attachment":[{"href":"https:\/\/www.univ-lorraine.fr\/culture\/wp-json\/wp\/v2\/media?parent=1905"}],"curies":[{"name":"wp","href":"https:\/\/api.w.org\/{rel}","templated":true}]}}