{"id":2109,"date":"2022-02-09T13:29:51","date_gmt":"2022-02-09T12:29:51","guid":{"rendered":"https:\/\/www.univ-lorraine.fr\/culture\/?page_id=2109"},"modified":"2025-10-14T11:50:35","modified_gmt":"2025-10-14T09:50:35","slug":"residences-dauteurs-et-prix-litteraires","status":"publish","type":"page","link":"https:\/\/www.univ-lorraine.fr\/culture\/residences-dauteurs-et-prix-litteraires\/","title":{"rendered":"R\u00e9sidences d&rsquo;auteurs et prix litt\u00e9raires"},"content":{"rendered":"\n<p>L&rsquo;universit\u00e9 de Lorraine propose plusieurs r\u00e9sidences d&rsquo;auteurs et prix litt\u00e9raires pour valoriser la recherche autour de sujets litt\u00e9raires et effectuer un travail de m\u00e9diation de la litt\u00e9rature. Plusieurs actions sont men\u00e9es chaque ann\u00e9e avec des laboratoires et \u00e9tudiants, d\u00e9couvrez les ici !<\/p>\n\n\n<div class=\"gb-grid-wrapper gb-grid-wrapper-e5f58345\">\n<div class=\"gb-grid-column gb-grid-column-9167aeb4\"><div class=\"gb-container gb-container-9167aeb4\"><div class=\"gb-inside-container\">\n\n<figure class=\"wp-block-image size-full\"><img loading=\"lazy\" decoding=\"async\" width=\"600\" height=\"600\" src=\"https:\/\/www.univ-lorraine.fr\/culture\/wp-content\/uploads\/sites\/10\/2025\/10\/vignette-factuel-carre.png\" alt=\"\" class=\"wp-image-9277\" srcset=\"https:\/\/www.univ-lorraine.fr\/culture\/wp-content\/uploads\/sites\/10\/2025\/10\/vignette-factuel-carre.png 600w, https:\/\/www.univ-lorraine.fr\/culture\/wp-content\/uploads\/sites\/10\/2025\/10\/vignette-factuel-carre-300x300.png 300w, https:\/\/www.univ-lorraine.fr\/culture\/wp-content\/uploads\/sites\/10\/2025\/10\/vignette-factuel-carre-150x150.png 150w\" sizes=\"auto, (max-width: 600px) 100vw, 600px\" \/><\/figure>\n\n\n\n<h3 class=\"gb-headline gb-headline-a63d3752 gb-headline-text lien-highlight\"><a href=\"https:\/\/www.univ-lorraine.fr\/culture\/prix-litteraire-frontieres\/\">Prix litt\u00e9raire Fronti\u00e8res<\/a><\/h3>\n\n<\/div><\/div><\/div>\n\n<div class=\"gb-grid-column gb-grid-column-54adaeba\"><div class=\"gb-container gb-container-54adaeba\"><div class=\"gb-inside-container\">\n\n<figure class=\"wp-block-image size-full\"><img loading=\"lazy\" decoding=\"async\" width=\"864\" height=\"864\" src=\"https:\/\/www.univ-lorraine.fr\/culture\/wp-content\/uploads\/sites\/10\/2022\/02\/vignette_ariel.png\" alt=\"\" class=\"wp-image-2081\" srcset=\"https:\/\/www.univ-lorraine.fr\/culture\/wp-content\/uploads\/sites\/10\/2022\/02\/vignette_ariel.png 864w, https:\/\/www.univ-lorraine.fr\/culture\/wp-content\/uploads\/sites\/10\/2022\/02\/vignette_ariel-300x300.png 300w, https:\/\/www.univ-lorraine.fr\/culture\/wp-content\/uploads\/sites\/10\/2022\/02\/vignette_ariel-150x150.png 150w, https:\/\/www.univ-lorraine.fr\/culture\/wp-content\/uploads\/sites\/10\/2022\/02\/vignette_ariel-768x768.png 768w\" sizes=\"auto, (max-width: 864px) 100vw, 864px\" \/><\/figure>\n\n\n\n<h3 class=\"gb-headline gb-headline-3f5d024a gb-headline-text lien-highlight\"><a href=\"https:\/\/www.univ-lorraine.fr\/culture\/culturesci\/residences-dauteurs-et-prix-litteraires\/ariel\/\">R\u00e9sidence ARIEL<\/a><\/h3>\n\n<\/div><\/div><\/div>\n\n<div class=\"gb-grid-column gb-grid-column-1d8aaa23\"><div class=\"gb-container gb-container-1d8aaa23\"><div class=\"gb-inside-container\">\n\n<figure class=\"wp-block-image size-large\"><img loading=\"lazy\" decoding=\"async\" width=\"1024\" height=\"1024\" src=\"https:\/\/www.univ-lorraine.fr\/culture\/wp-content\/uploads\/sites\/10\/2022\/02\/vignette_recit_chazelles-1024x1024.png\" alt=\"\" class=\"wp-image-2139\" srcset=\"https:\/\/www.univ-lorraine.fr\/culture\/wp-content\/uploads\/sites\/10\/2022\/02\/vignette_recit_chazelles-1024x1024.png 1024w, https:\/\/www.univ-lorraine.fr\/culture\/wp-content\/uploads\/sites\/10\/2022\/02\/vignette_recit_chazelles-300x300.png 300w, https:\/\/www.univ-lorraine.fr\/culture\/wp-content\/uploads\/sites\/10\/2022\/02\/vignette_recit_chazelles-150x150.png 150w, https:\/\/www.univ-lorraine.fr\/culture\/wp-content\/uploads\/sites\/10\/2022\/02\/vignette_recit_chazelles-768x768.png 768w, https:\/\/www.univ-lorraine.fr\/culture\/wp-content\/uploads\/sites\/10\/2022\/02\/vignette_recit_chazelles.png 1080w\" sizes=\"auto, (max-width: 1024px) 100vw, 1024px\" \/><\/figure>\n\n\n\n<h3 class=\"gb-headline gb-headline-a69b7304 gb-headline-text lien-highlight\"><a href=\"https:\/\/www.univ-lorraine.fr\/culture\/culturesci\/residences-dauteurs-et-prix-litteraires\/recit-chazelles\/\">R\u00e9cit Chazelles<\/a><\/h3>\n\n<\/div><\/div><\/div>\n<\/div>\n\n<div class=\"gb-grid-wrapper gb-grid-wrapper-a0e171a4\">\n<div class=\"gb-grid-column gb-grid-column-bbe7c4f2\"><div class=\"gb-container gb-container-bbe7c4f2\"><div class=\"gb-inside-container\">\n\n<figure class=\"wp-block-image size-large\"><img loading=\"lazy\" decoding=\"async\" width=\"1024\" height=\"1024\" src=\"https:\/\/www.univ-lorraine.fr\/culture\/wp-content\/uploads\/sites\/10\/2023\/01\/residence-vignette-1024x1024.png\" alt=\"\" class=\"wp-image-2666\" srcset=\"https:\/\/www.univ-lorraine.fr\/culture\/wp-content\/uploads\/sites\/10\/2023\/01\/residence-vignette-1024x1024.png 1024w, https:\/\/www.univ-lorraine.fr\/culture\/wp-content\/uploads\/sites\/10\/2023\/01\/residence-vignette-300x300.png 300w, https:\/\/www.univ-lorraine.fr\/culture\/wp-content\/uploads\/sites\/10\/2023\/01\/residence-vignette-150x150.png 150w, https:\/\/www.univ-lorraine.fr\/culture\/wp-content\/uploads\/sites\/10\/2023\/01\/residence-vignette-768x768.png 768w, https:\/\/www.univ-lorraine.fr\/culture\/wp-content\/uploads\/sites\/10\/2023\/01\/residence-vignette.png 1080w\" sizes=\"auto, (max-width: 1024px) 100vw, 1024px\" \/><\/figure>\n\n\n\n<h3 class=\"gb-headline gb-headline-8636dc80 gb-headline-text lien-highlight\"><a href=\"https:\/\/www.univ-lorraine.fr\/culture\/culturesci\/residences-dauteurs-et-prix-litteraires\/la-residence-de-creation-et-de-mediations-de-linspe-de-lorraine\/\">R\u00e9sidence de cr\u00e9ation et de m\u00e9diation de l&rsquo;INSP\u00c9 de Lorraine<\/a><\/h3>\n\n<\/div><\/div><\/div>\n\n<div class=\"gb-grid-column gb-grid-column-a8946748\"><div class=\"gb-container gb-container-a8946748\"><div class=\"gb-inside-container\"><\/div><\/div><\/div>\n\n<div class=\"gb-grid-column gb-grid-column-dfaeb179\"><div class=\"gb-container gb-container-dfaeb179\"><div class=\"gb-inside-container\"><\/div><\/div><\/div>\n<\/div>","protected":false},"excerpt":{"rendered":"<p>L&rsquo;universit\u00e9 de Lorraine propose plusieurs r\u00e9sidences d&rsquo;auteurs et prix litt\u00e9raires pour valoriser la recherche autour de sujets litt\u00e9raires et effectuer un travail de m\u00e9diation de la litt\u00e9rature. Plusieurs actions sont men\u00e9es chaque ann\u00e9e avec des laboratoires et \u00e9tudiants, d\u00e9couvrez les ici !<\/p>\n","protected":false},"author":15,"featured_media":0,"parent":0,"menu_order":0,"comment_status":"closed","ping_status":"closed","template":"","meta":{"inline_featured_image":false,"footnotes":""},"class_list":["post-2109","page","type-page","status-publish"],"yoast_head":"<!-- This site is optimized with the Yoast SEO plugin v27.4 - https:\/\/yoast.com\/product\/yoast-seo-wordpress\/ -->\n<title>R\u00e9sidences d&#039;auteurs et prix litt\u00e9raires - Culture<\/title>\n<meta name=\"description\" content=\"L&#039;Universit\u00e9 de Lorraine organise plusieurs r\u00e9sidences d&#039;auteurs et prix litt\u00e9raires chaque ann\u00e9e.\" \/>\n<meta name=\"robots\" content=\"index, follow, max-snippet:-1, max-image-preview:large, max-video-preview:-1\" \/>\n<link rel=\"canonical\" href=\"https:\/\/www.univ-lorraine.fr\/culture\/residences-dauteurs-et-prix-litteraires\/\" \/>\n<meta property=\"og:locale\" content=\"fr_FR\" \/>\n<meta property=\"og:type\" content=\"article\" \/>\n<meta property=\"og:title\" content=\"R\u00e9sidences d&#039;auteurs et prix litt\u00e9raires - Culture\" \/>\n<meta property=\"og:description\" content=\"L&#039;Universit\u00e9 de Lorraine organise plusieurs r\u00e9sidences d&#039;auteurs et prix litt\u00e9raires chaque ann\u00e9e.\" \/>\n<meta property=\"og:url\" content=\"https:\/\/www.univ-lorraine.fr\/culture\/residences-dauteurs-et-prix-litteraires\/\" \/>\n<meta property=\"og:site_name\" content=\"Culture\" \/>\n<meta property=\"article:modified_time\" content=\"2025-10-14T09:50:35+00:00\" \/>\n<meta property=\"og:image\" content=\"https:\/\/www.univ-lorraine.fr\/culture\/wp-content\/uploads\/sites\/10\/2025\/10\/vignette-factuel-carre.png\" \/>\n\t<meta property=\"og:image:width\" content=\"600\" \/>\n\t<meta property=\"og:image:height\" content=\"600\" \/>\n\t<meta property=\"og:image:type\" content=\"image\/png\" \/>\n<meta name=\"twitter:card\" content=\"summary_large_image\" \/>\n<meta name=\"twitter:label1\" content=\"Dur\u00e9e de lecture estim\u00e9e\" \/>\n\t<meta name=\"twitter:data1\" content=\"2 minutes\" \/>\n<script type=\"application\/ld+json\" class=\"yoast-schema-graph\">{\"@context\":\"https:\\\/\\\/schema.org\",\"@graph\":[{\"@type\":\"WebPage\",\"@id\":\"https:\\\/\\\/www.univ-lorraine.fr\\\/culture\\\/residences-dauteurs-et-prix-litteraires\\\/\",\"url\":\"https:\\\/\\\/www.univ-lorraine.fr\\\/culture\\\/residences-dauteurs-et-prix-litteraires\\\/\",\"name\":\"R\u00e9sidences d'auteurs et prix litt\u00e9raires - Culture\",\"isPartOf\":{\"@id\":\"https:\\\/\\\/www.univ-lorraine.fr\\\/culture\\\/#website\"},\"primaryImageOfPage\":{\"@id\":\"https:\\\/\\\/www.univ-lorraine.fr\\\/culture\\\/residences-dauteurs-et-prix-litteraires\\\/#primaryimage\"},\"image\":{\"@id\":\"https:\\\/\\\/www.univ-lorraine.fr\\\/culture\\\/residences-dauteurs-et-prix-litteraires\\\/#primaryimage\"},\"thumbnailUrl\":\"https:\\\/\\\/www.univ-lorraine.fr\\\/culture\\\/wp-content\\\/uploads\\\/sites\\\/10\\\/2025\\\/10\\\/vignette-factuel-carre.png\",\"datePublished\":\"2022-02-09T12:29:51+00:00\",\"dateModified\":\"2025-10-14T09:50:35+00:00\",\"description\":\"L'Universit\u00e9 de Lorraine organise plusieurs r\u00e9sidences d'auteurs et prix litt\u00e9raires chaque ann\u00e9e.\",\"breadcrumb\":{\"@id\":\"https:\\\/\\\/www.univ-lorraine.fr\\\/culture\\\/residences-dauteurs-et-prix-litteraires\\\/#breadcrumb\"},\"inLanguage\":\"fr-FR\",\"potentialAction\":[{\"@type\":\"ReadAction\",\"target\":[\"https:\\\/\\\/www.univ-lorraine.fr\\\/culture\\\/residences-dauteurs-et-prix-litteraires\\\/\"]}]},{\"@type\":\"ImageObject\",\"inLanguage\":\"fr-FR\",\"@id\":\"https:\\\/\\\/www.univ-lorraine.fr\\\/culture\\\/residences-dauteurs-et-prix-litteraires\\\/#primaryimage\",\"url\":\"https:\\\/\\\/www.univ-lorraine.fr\\\/culture\\\/wp-content\\\/uploads\\\/sites\\\/10\\\/2025\\\/10\\\/vignette-factuel-carre.png\",\"contentUrl\":\"https:\\\/\\\/www.univ-lorraine.fr\\\/culture\\\/wp-content\\\/uploads\\\/sites\\\/10\\\/2025\\\/10\\\/vignette-factuel-carre.png\",\"width\":600,\"height\":600},{\"@type\":\"BreadcrumbList\",\"@id\":\"https:\\\/\\\/www.univ-lorraine.fr\\\/culture\\\/residences-dauteurs-et-prix-litteraires\\\/#breadcrumb\",\"itemListElement\":[{\"@type\":\"ListItem\",\"position\":1,\"name\":\"Accueil\",\"item\":\"https:\\\/\\\/www.univ-lorraine.fr\\\/culture\\\/\"},{\"@type\":\"ListItem\",\"position\":2,\"name\":\"R\u00e9sidences d&rsquo;auteurs et prix litt\u00e9raires\"}]},{\"@type\":\"WebSite\",\"@id\":\"https:\\\/\\\/www.univ-lorraine.fr\\\/culture\\\/#website\",\"url\":\"https:\\\/\\\/www.univ-lorraine.fr\\\/culture\\\/\",\"name\":\"Culture\",\"description\":\"\",\"publisher\":{\"@id\":\"https:\\\/\\\/www.univ-lorraine.fr\\\/culture\\\/#organization\"},\"potentialAction\":[{\"@type\":\"SearchAction\",\"target\":{\"@type\":\"EntryPoint\",\"urlTemplate\":\"https:\\\/\\\/www.univ-lorraine.fr\\\/culture\\\/?s={search_term_string}\"},\"query-input\":{\"@type\":\"PropertyValueSpecification\",\"valueRequired\":true,\"valueName\":\"search_term_string\"}}],\"inLanguage\":\"fr-FR\"},{\"@type\":\"Organization\",\"@id\":\"https:\\\/\\\/www.univ-lorraine.fr\\\/culture\\\/#organization\",\"name\":\"Universit\u00e9 de Lorraine\",\"url\":\"https:\\\/\\\/www.univ-lorraine.fr\\\/culture\\\/\",\"logo\":{\"@type\":\"ImageObject\",\"inLanguage\":\"fr-FR\",\"@id\":\"https:\\\/\\\/www.univ-lorraine.fr\\\/culture\\\/#\\\/schema\\\/logo\\\/image\\\/\",\"url\":\"https:\\\/\\\/www.univ-lorraine.fr\\\/culture\\\/wp-content\\\/uploads\\\/sites\\\/10\\\/2021\\\/01\\\/LOGO_UL.png\",\"contentUrl\":\"https:\\\/\\\/www.univ-lorraine.fr\\\/culture\\\/wp-content\\\/uploads\\\/sites\\\/10\\\/2021\\\/01\\\/LOGO_UL.png\",\"width\":138,\"height\":48,\"caption\":\"Universit\u00e9 de Lorraine\"},\"image\":{\"@id\":\"https:\\\/\\\/www.univ-lorraine.fr\\\/culture\\\/#\\\/schema\\\/logo\\\/image\\\/\"}}]}<\/script>\n<!-- \/ Yoast SEO plugin. -->","yoast_head_json":{"title":"R\u00e9sidences d'auteurs et prix litt\u00e9raires - Culture","description":"L'Universit\u00e9 de Lorraine organise plusieurs r\u00e9sidences d'auteurs et prix litt\u00e9raires chaque ann\u00e9e.","robots":{"index":"index","follow":"follow","max-snippet":"max-snippet:-1","max-image-preview":"max-image-preview:large","max-video-preview":"max-video-preview:-1"},"canonical":"https:\/\/www.univ-lorraine.fr\/culture\/residences-dauteurs-et-prix-litteraires\/","og_locale":"fr_FR","og_type":"article","og_title":"R\u00e9sidences d'auteurs et prix litt\u00e9raires - Culture","og_description":"L'Universit\u00e9 de Lorraine organise plusieurs r\u00e9sidences d'auteurs et prix litt\u00e9raires chaque ann\u00e9e.","og_url":"https:\/\/www.univ-lorraine.fr\/culture\/residences-dauteurs-et-prix-litteraires\/","og_site_name":"Culture","article_modified_time":"2025-10-14T09:50:35+00:00","og_image":[{"width":600,"height":600,"url":"https:\/\/www.univ-lorraine.fr\/culture\/wp-content\/uploads\/sites\/10\/2025\/10\/vignette-factuel-carre.png","type":"image\/png"}],"twitter_card":"summary_large_image","twitter_misc":{"Dur\u00e9e de lecture estim\u00e9e":"2 minutes"},"schema":{"@context":"https:\/\/schema.org","@graph":[{"@type":"WebPage","@id":"https:\/\/www.univ-lorraine.fr\/culture\/residences-dauteurs-et-prix-litteraires\/","url":"https:\/\/www.univ-lorraine.fr\/culture\/residences-dauteurs-et-prix-litteraires\/","name":"R\u00e9sidences d'auteurs et prix litt\u00e9raires - Culture","isPartOf":{"@id":"https:\/\/www.univ-lorraine.fr\/culture\/#website"},"primaryImageOfPage":{"@id":"https:\/\/www.univ-lorraine.fr\/culture\/residences-dauteurs-et-prix-litteraires\/#primaryimage"},"image":{"@id":"https:\/\/www.univ-lorraine.fr\/culture\/residences-dauteurs-et-prix-litteraires\/#primaryimage"},"thumbnailUrl":"https:\/\/www.univ-lorraine.fr\/culture\/wp-content\/uploads\/sites\/10\/2025\/10\/vignette-factuel-carre.png","datePublished":"2022-02-09T12:29:51+00:00","dateModified":"2025-10-14T09:50:35+00:00","description":"L'Universit\u00e9 de Lorraine organise plusieurs r\u00e9sidences d'auteurs et prix litt\u00e9raires chaque ann\u00e9e.","breadcrumb":{"@id":"https:\/\/www.univ-lorraine.fr\/culture\/residences-dauteurs-et-prix-litteraires\/#breadcrumb"},"inLanguage":"fr-FR","potentialAction":[{"@type":"ReadAction","target":["https:\/\/www.univ-lorraine.fr\/culture\/residences-dauteurs-et-prix-litteraires\/"]}]},{"@type":"ImageObject","inLanguage":"fr-FR","@id":"https:\/\/www.univ-lorraine.fr\/culture\/residences-dauteurs-et-prix-litteraires\/#primaryimage","url":"https:\/\/www.univ-lorraine.fr\/culture\/wp-content\/uploads\/sites\/10\/2025\/10\/vignette-factuel-carre.png","contentUrl":"https:\/\/www.univ-lorraine.fr\/culture\/wp-content\/uploads\/sites\/10\/2025\/10\/vignette-factuel-carre.png","width":600,"height":600},{"@type":"BreadcrumbList","@id":"https:\/\/www.univ-lorraine.fr\/culture\/residences-dauteurs-et-prix-litteraires\/#breadcrumb","itemListElement":[{"@type":"ListItem","position":1,"name":"Accueil","item":"https:\/\/www.univ-lorraine.fr\/culture\/"},{"@type":"ListItem","position":2,"name":"R\u00e9sidences d&rsquo;auteurs et prix litt\u00e9raires"}]},{"@type":"WebSite","@id":"https:\/\/www.univ-lorraine.fr\/culture\/#website","url":"https:\/\/www.univ-lorraine.fr\/culture\/","name":"Culture","description":"","publisher":{"@id":"https:\/\/www.univ-lorraine.fr\/culture\/#organization"},"potentialAction":[{"@type":"SearchAction","target":{"@type":"EntryPoint","urlTemplate":"https:\/\/www.univ-lorraine.fr\/culture\/?s={search_term_string}"},"query-input":{"@type":"PropertyValueSpecification","valueRequired":true,"valueName":"search_term_string"}}],"inLanguage":"fr-FR"},{"@type":"Organization","@id":"https:\/\/www.univ-lorraine.fr\/culture\/#organization","name":"Universit\u00e9 de Lorraine","url":"https:\/\/www.univ-lorraine.fr\/culture\/","logo":{"@type":"ImageObject","inLanguage":"fr-FR","@id":"https:\/\/www.univ-lorraine.fr\/culture\/#\/schema\/logo\/image\/","url":"https:\/\/www.univ-lorraine.fr\/culture\/wp-content\/uploads\/sites\/10\/2021\/01\/LOGO_UL.png","contentUrl":"https:\/\/www.univ-lorraine.fr\/culture\/wp-content\/uploads\/sites\/10\/2021\/01\/LOGO_UL.png","width":138,"height":48,"caption":"Universit\u00e9 de Lorraine"},"image":{"@id":"https:\/\/www.univ-lorraine.fr\/culture\/#\/schema\/logo\/image\/"}}]}},"_links":{"self":[{"href":"https:\/\/www.univ-lorraine.fr\/culture\/wp-json\/wp\/v2\/pages\/2109","targetHints":{"allow":["GET"]}}],"collection":[{"href":"https:\/\/www.univ-lorraine.fr\/culture\/wp-json\/wp\/v2\/pages"}],"about":[{"href":"https:\/\/www.univ-lorraine.fr\/culture\/wp-json\/wp\/v2\/types\/page"}],"author":[{"embeddable":true,"href":"https:\/\/www.univ-lorraine.fr\/culture\/wp-json\/wp\/v2\/users\/15"}],"replies":[{"embeddable":true,"href":"https:\/\/www.univ-lorraine.fr\/culture\/wp-json\/wp\/v2\/comments?post=2109"}],"version-history":[{"count":10,"href":"https:\/\/www.univ-lorraine.fr\/culture\/wp-json\/wp\/v2\/pages\/2109\/revisions"}],"predecessor-version":[{"id":9278,"href":"https:\/\/www.univ-lorraine.fr\/culture\/wp-json\/wp\/v2\/pages\/2109\/revisions\/9278"}],"wp:attachment":[{"href":"https:\/\/www.univ-lorraine.fr\/culture\/wp-json\/wp\/v2\/media?parent=2109"}],"curies":[{"name":"wp","href":"https:\/\/api.w.org\/{rel}","templated":true}]}}