{"id":2141,"date":"2022-02-16T12:26:18","date_gmt":"2022-02-16T11:26:18","guid":{"rendered":"https:\/\/www.univ-lorraine.fr\/culture\/?page_id=2141"},"modified":"2026-02-03T13:05:39","modified_gmt":"2026-02-03T12:05:39","slug":"recit-chazelles","status":"publish","type":"page","link":"https:\/\/www.univ-lorraine.fr\/culture\/residences-dauteurs-et-prix-litteraires\/recit-chazelles\/","title":{"rendered":"R\u00e9cit&rsquo;Chazelles"},"content":{"rendered":"\n<figure class=\"wp-block-embed is-type-video is-provider-youtube wp-block-embed-youtube wp-embed-aspect-16-9 wp-has-aspect-ratio\"><div class=\"wp-block-embed__wrapper\">\n<iframe loading=\"lazy\" title=\".\" width=\"1200\" height=\"675\" src=\"https:\/\/www.youtube.com\/embed\/cg57MTy0RIM?feature=oembed\" frameborder=\"0\" allow=\"accelerometer; autoplay; clipboard-write; encrypted-media; gyroscope; picture-in-picture; web-share\" referrerpolicy=\"strict-origin-when-cross-origin\" allowfullscreen><\/iframe>\n<\/div><\/figure>\n\n\n\n<h3 class=\"wp-block-heading\" id=\"recit-chazelles-residence-d-auteurs-europeens-francophones-et-laboratoire-hors-les-murs-du-centre-de-recherche-sur-les-mediations\"><strong>R\u00e9cit\u2019Chazelles (r\u00e9sidence d\u2019auteurs europ\u00e9ens\/francophones et laboratoire hors les murs du Centre de Recherche sur les M\u00e9diations)&nbsp;<\/strong><\/h3>\n\n\n<div class=\"gb-container gb-container-a9183c02\"><div class=\"gb-inside-container\">\n<div class=\"gb-grid-wrapper gb-grid-wrapper-f459dcc1\">\n<div class=\"gb-grid-column gb-grid-column-1e1a60a3\"><div class=\"gb-container gb-container-1e1a60a3\"><div class=\"gb-inside-container\">\n\n<figure class=\"wp-block-image size-large\"><img loading=\"lazy\" decoding=\"async\" width=\"1024\" height=\"333\" src=\"https:\/\/www.univ-lorraine.fr\/culture\/wp-content\/uploads\/sites\/10\/2022\/02\/logo-rc-1024x333.jpg\" alt=\"\" class=\"wp-image-2142\" srcset=\"https:\/\/www.univ-lorraine.fr\/culture\/wp-content\/uploads\/sites\/10\/2022\/02\/logo-rc-1024x333.jpg 1024w, https:\/\/www.univ-lorraine.fr\/culture\/wp-content\/uploads\/sites\/10\/2022\/02\/logo-rc-300x98.jpg 300w, https:\/\/www.univ-lorraine.fr\/culture\/wp-content\/uploads\/sites\/10\/2022\/02\/logo-rc-768x250.jpg 768w, https:\/\/www.univ-lorraine.fr\/culture\/wp-content\/uploads\/sites\/10\/2022\/02\/logo-rc-1536x500.jpg 1536w, https:\/\/www.univ-lorraine.fr\/culture\/wp-content\/uploads\/sites\/10\/2022\/02\/logo-rc-2048x666.jpg 2048w\" sizes=\"auto, (max-width: 1024px) 100vw, 1024px\" \/><\/figure>\n\n<\/div><\/div><\/div>\n\n<div class=\"gb-grid-column gb-grid-column-ee596acf\"><div class=\"gb-container gb-container-ee596acf\"><div class=\"gb-inside-container\">\n\n<p>Depuis 2016, ce dispositif hybride&nbsp;unique en France associe un dispositif culturel consacr\u00e9 \u00e0 la litt\u00e9rature contemporaine permettant \u00e0 des \u00e9crivains invit\u00e9s de mener \u00e0 bien un projet d\u2019\u00e9criture et une unit\u00e9 de recherche d\u00e9di\u00e9 aux recherches scientifiques portant sur la cr\u00e9ation litt\u00e9raire et les m\u00e9diations. Accueilli au mus\u00e9e de Robert Schuman (Maisons des illustres, Label du Patrimoine Europ\u00e9en), R\u00e9cit\u2019Chazelles est issu du partenariat entre le Crem (Universit\u00e9 de Lorraine) et le Conseil d\u00e9partemental de la Moselle, avec l\u2019appui de la Drac Grand Est et de la R\u00e9gion Grand Est. Il s\u2019agit d\u2019une forme institutionnellement inventive qui consiste \u00e0 d\u00e9placer les activit\u00e9s des chercheurs, en interaction directe avec l\u2019environnement socio-\u00e9conomique et culturel transfrontalier afin de favoriser la cr\u00e9ation de passerelles entre le monde universitaire et la Cit\u00e9.<\/p>\n\n\n\n<p>Directrices scientifique et litt\u00e9raire de R\u00e9cit\u2019Chazelles : Audrey Alv\u00e8s et Carole Bisenius-Penin (Crem)<\/p>\n\n<\/div><\/div><\/div>\n<\/div>\n<\/div><\/div>\n\n\n<div class=\"wp-block-buttons is-content-justification-center is-layout-flex wp-container-core-buttons-is-layout-16018d1d wp-block-buttons-is-layout-flex\">\n<div class=\"wp-block-button\"><a class=\"wp-block-button__link wp-element-button\" href=\"http:\/\/recitchazelles.univ-lorraine.fr\/\">Visitez le site de R\u00e9cit Chazelles<\/a><\/div>\n\n\n\n<div class=\"wp-block-button\"><a class=\"wp-block-button__link wp-element-button\" href=\"https:\/\/www.instagram.com\/recitchazelles\/?hl=fr\">Suivez R\u00e9cit Chazelles sur instagram<\/a><\/div>\n\n\n\n<div class=\"wp-block-button\"><a class=\"wp-block-button__link wp-element-button\" href=\"https:\/\/www.univ-lorraine.fr\/culture\/wp-content\/uploads\/sites\/10\/2026\/02\/recitchazelles_anniversaire_programme.pdf\">D\u00e9couvrez l&rsquo;\u00e9dition 2025<\/a><\/div>\n<\/div>\n\n\n<div class=\"gb-container gb-container-b28007d3\"><div class=\"gb-inside-container\">\n<div class=\"gb-grid-wrapper gb-grid-wrapper-5f383c00\">\n<div class=\"gb-grid-column gb-grid-column-31820319\"><div class=\"gb-container gb-container-31820319\"><div class=\"gb-inside-container\">\n\n<figure class=\"wp-block-image size-full\"><img loading=\"lazy\" decoding=\"async\" width=\"1024\" height=\"576\" src=\"https:\/\/www.univ-lorraine.fr\/culture\/wp-content\/uploads\/sites\/10\/2022\/02\/julia_korbic.png\" alt=\"\" class=\"wp-image-2151\" srcset=\"https:\/\/www.univ-lorraine.fr\/culture\/wp-content\/uploads\/sites\/10\/2022\/02\/julia_korbic.png 1024w, https:\/\/www.univ-lorraine.fr\/culture\/wp-content\/uploads\/sites\/10\/2022\/02\/julia_korbic-300x169.png 300w, https:\/\/www.univ-lorraine.fr\/culture\/wp-content\/uploads\/sites\/10\/2022\/02\/julia_korbic-768x432.png 768w\" sizes=\"auto, (max-width: 1024px) 100vw, 1024px\" \/><figcaption class=\"wp-element-caption\">Julia Korbik, autrice accueillie en 2021<\/figcaption><\/figure>\n\n<\/div><\/div><\/div>\n\n<div class=\"gb-grid-column gb-grid-column-0851c189\"><div class=\"gb-container gb-container-0851c189\"><div class=\"gb-inside-container\">\n\n<figure class=\"wp-block-image size-full\"><img loading=\"lazy\" decoding=\"async\" width=\"1024\" height=\"576\" src=\"https:\/\/www.univ-lorraine.fr\/culture\/wp-content\/uploads\/sites\/10\/2022\/02\/village_scy_chazelles.png\" alt=\"\" class=\"wp-image-2152\" srcset=\"https:\/\/www.univ-lorraine.fr\/culture\/wp-content\/uploads\/sites\/10\/2022\/02\/village_scy_chazelles.png 1024w, https:\/\/www.univ-lorraine.fr\/culture\/wp-content\/uploads\/sites\/10\/2022\/02\/village_scy_chazelles-300x169.png 300w, https:\/\/www.univ-lorraine.fr\/culture\/wp-content\/uploads\/sites\/10\/2022\/02\/village_scy_chazelles-768x432.png 768w\" sizes=\"auto, (max-width: 1024px) 100vw, 1024px\" \/><figcaption class=\"wp-element-caption\">Le village de Scy Chazelles<\/figcaption><\/figure>\n\n<\/div><\/div><\/div>\n\n<div class=\"gb-grid-column gb-grid-column-6be27a04\"><div class=\"gb-container gb-container-6be27a04\"><div class=\"gb-inside-container\">\n\n<figure class=\"wp-block-image size-full\"><img loading=\"lazy\" decoding=\"async\" width=\"1024\" height=\"576\" src=\"https:\/\/www.univ-lorraine.fr\/culture\/wp-content\/uploads\/sites\/10\/2022\/02\/masion_schuman.png\" alt=\"\" class=\"wp-image-2153\" srcset=\"https:\/\/www.univ-lorraine.fr\/culture\/wp-content\/uploads\/sites\/10\/2022\/02\/masion_schuman.png 1024w, https:\/\/www.univ-lorraine.fr\/culture\/wp-content\/uploads\/sites\/10\/2022\/02\/masion_schuman-300x169.png 300w, https:\/\/www.univ-lorraine.fr\/culture\/wp-content\/uploads\/sites\/10\/2022\/02\/masion_schuman-768x432.png 768w\" sizes=\"auto, (max-width: 1024px) 100vw, 1024px\" \/><figcaption class=\"wp-element-caption\">La maison de Robert Schuman<\/figcaption><\/figure>\n\n<\/div><\/div><\/div>\n<\/div>\n<\/div><\/div>\n\n<div class=\"wp-block-image\">\n<figure class=\"aligncenter size-large\"><img loading=\"lazy\" decoding=\"async\" width=\"1024\" height=\"585\" src=\"https:\/\/www.univ-lorraine.fr\/culture\/wp-content\/uploads\/sites\/10\/2022\/10\/BANDEAU-LOGOS-1024x585.png\" alt=\"\" class=\"wp-image-2512\" srcset=\"https:\/\/www.univ-lorraine.fr\/culture\/wp-content\/uploads\/sites\/10\/2022\/10\/BANDEAU-LOGOS-1024x585.png 1024w, https:\/\/www.univ-lorraine.fr\/culture\/wp-content\/uploads\/sites\/10\/2022\/10\/BANDEAU-LOGOS-300x171.png 300w, https:\/\/www.univ-lorraine.fr\/culture\/wp-content\/uploads\/sites\/10\/2022\/10\/BANDEAU-LOGOS-768x439.png 768w, https:\/\/www.univ-lorraine.fr\/culture\/wp-content\/uploads\/sites\/10\/2022\/10\/BANDEAU-LOGOS-1536x878.png 1536w, https:\/\/www.univ-lorraine.fr\/culture\/wp-content\/uploads\/sites\/10\/2022\/10\/BANDEAU-LOGOS-2048x1170.png 2048w\" sizes=\"auto, (max-width: 1024px) 100vw, 1024px\" \/><\/figure>\n<\/div>","protected":false},"excerpt":{"rendered":"<p>R\u00e9cit\u2019Chazelles (r\u00e9sidence d\u2019auteurs europ\u00e9ens\/francophones et laboratoire hors les murs du Centre de Recherche sur les M\u00e9diations)&nbsp;<\/p>\n","protected":false},"author":15,"featured_media":0,"parent":2109,"menu_order":0,"comment_status":"closed","ping_status":"closed","template":"","meta":{"inline_featured_image":false,"footnotes":""},"class_list":["post-2141","page","type-page","status-publish"],"yoast_head":"<!-- This site is optimized with the Yoast SEO plugin v27.4 - https:\/\/yoast.com\/product\/yoast-seo-wordpress\/ -->\n<title>R\u00e9cit&#039;Chazelles - Culture<\/title>\n<meta name=\"robots\" content=\"index, follow, max-snippet:-1, max-image-preview:large, max-video-preview:-1\" \/>\n<link rel=\"canonical\" href=\"https:\/\/www.univ-lorraine.fr\/culture\/residences-dauteurs-et-prix-litteraires\/recit-chazelles\/\" \/>\n<meta property=\"og:locale\" content=\"fr_FR\" \/>\n<meta property=\"og:type\" content=\"article\" \/>\n<meta property=\"og:title\" content=\"R\u00e9cit&#039;Chazelles - Culture\" \/>\n<meta property=\"og:description\" content=\"R\u00e9cit\u2019Chazelles (r\u00e9sidence d\u2019auteurs europ\u00e9ens\/francophones et laboratoire hors les murs du Centre de Recherche sur les M\u00e9diations)&nbsp;\" \/>\n<meta property=\"og:url\" content=\"https:\/\/www.univ-lorraine.fr\/culture\/residences-dauteurs-et-prix-litteraires\/recit-chazelles\/\" \/>\n<meta property=\"og:site_name\" content=\"Culture\" \/>\n<meta property=\"article:modified_time\" content=\"2026-02-03T12:05:39+00:00\" \/>\n<meta property=\"og:image\" content=\"https:\/\/www.univ-lorraine.fr\/culture\/wp-content\/uploads\/sites\/10\/2022\/02\/logo-rc-scaled.jpg\" \/>\n\t<meta property=\"og:image:width\" content=\"2560\" \/>\n\t<meta property=\"og:image:height\" content=\"833\" \/>\n\t<meta property=\"og:image:type\" content=\"image\/jpeg\" \/>\n<meta name=\"twitter:card\" content=\"summary_large_image\" \/>\n<meta name=\"twitter:label1\" content=\"Dur\u00e9e de lecture estim\u00e9e\" \/>\n\t<meta name=\"twitter:data1\" content=\"2 minutes\" \/>\n<script type=\"application\/ld+json\" class=\"yoast-schema-graph\">{\"@context\":\"https:\\\/\\\/schema.org\",\"@graph\":[{\"@type\":\"WebPage\",\"@id\":\"https:\\\/\\\/www.univ-lorraine.fr\\\/culture\\\/residences-dauteurs-et-prix-litteraires\\\/recit-chazelles\\\/\",\"url\":\"https:\\\/\\\/www.univ-lorraine.fr\\\/culture\\\/residences-dauteurs-et-prix-litteraires\\\/recit-chazelles\\\/\",\"name\":\"R\u00e9cit'Chazelles - Culture\",\"isPartOf\":{\"@id\":\"https:\\\/\\\/www.univ-lorraine.fr\\\/culture\\\/#website\"},\"primaryImageOfPage\":{\"@id\":\"https:\\\/\\\/www.univ-lorraine.fr\\\/culture\\\/residences-dauteurs-et-prix-litteraires\\\/recit-chazelles\\\/#primaryimage\"},\"image\":{\"@id\":\"https:\\\/\\\/www.univ-lorraine.fr\\\/culture\\\/residences-dauteurs-et-prix-litteraires\\\/recit-chazelles\\\/#primaryimage\"},\"thumbnailUrl\":\"https:\\\/\\\/www.univ-lorraine.fr\\\/culture\\\/wp-content\\\/uploads\\\/sites\\\/10\\\/2022\\\/02\\\/logo-rc-1024x333.jpg\",\"datePublished\":\"2022-02-16T11:26:18+00:00\",\"dateModified\":\"2026-02-03T12:05:39+00:00\",\"breadcrumb\":{\"@id\":\"https:\\\/\\\/www.univ-lorraine.fr\\\/culture\\\/residences-dauteurs-et-prix-litteraires\\\/recit-chazelles\\\/#breadcrumb\"},\"inLanguage\":\"fr-FR\",\"potentialAction\":[{\"@type\":\"ReadAction\",\"target\":[\"https:\\\/\\\/www.univ-lorraine.fr\\\/culture\\\/residences-dauteurs-et-prix-litteraires\\\/recit-chazelles\\\/\"]}]},{\"@type\":\"ImageObject\",\"inLanguage\":\"fr-FR\",\"@id\":\"https:\\\/\\\/www.univ-lorraine.fr\\\/culture\\\/residences-dauteurs-et-prix-litteraires\\\/recit-chazelles\\\/#primaryimage\",\"url\":\"https:\\\/\\\/www.univ-lorraine.fr\\\/culture\\\/wp-content\\\/uploads\\\/sites\\\/10\\\/2022\\\/02\\\/logo-rc-1024x333.jpg\",\"contentUrl\":\"https:\\\/\\\/www.univ-lorraine.fr\\\/culture\\\/wp-content\\\/uploads\\\/sites\\\/10\\\/2022\\\/02\\\/logo-rc-1024x333.jpg\"},{\"@type\":\"BreadcrumbList\",\"@id\":\"https:\\\/\\\/www.univ-lorraine.fr\\\/culture\\\/residences-dauteurs-et-prix-litteraires\\\/recit-chazelles\\\/#breadcrumb\",\"itemListElement\":[{\"@type\":\"ListItem\",\"position\":1,\"name\":\"Accueil\",\"item\":\"https:\\\/\\\/www.univ-lorraine.fr\\\/culture\\\/\"},{\"@type\":\"ListItem\",\"position\":2,\"name\":\"R\u00e9sidences d&rsquo;auteurs et prix litt\u00e9raires\",\"item\":\"https:\\\/\\\/www.univ-lorraine.fr\\\/culture\\\/residences-dauteurs-et-prix-litteraires\\\/\"},{\"@type\":\"ListItem\",\"position\":3,\"name\":\"R\u00e9cit&rsquo;Chazelles\"}]},{\"@type\":\"WebSite\",\"@id\":\"https:\\\/\\\/www.univ-lorraine.fr\\\/culture\\\/#website\",\"url\":\"https:\\\/\\\/www.univ-lorraine.fr\\\/culture\\\/\",\"name\":\"Culture\",\"description\":\"\",\"publisher\":{\"@id\":\"https:\\\/\\\/www.univ-lorraine.fr\\\/culture\\\/#organization\"},\"potentialAction\":[{\"@type\":\"SearchAction\",\"target\":{\"@type\":\"EntryPoint\",\"urlTemplate\":\"https:\\\/\\\/www.univ-lorraine.fr\\\/culture\\\/?s={search_term_string}\"},\"query-input\":{\"@type\":\"PropertyValueSpecification\",\"valueRequired\":true,\"valueName\":\"search_term_string\"}}],\"inLanguage\":\"fr-FR\"},{\"@type\":\"Organization\",\"@id\":\"https:\\\/\\\/www.univ-lorraine.fr\\\/culture\\\/#organization\",\"name\":\"Universit\u00e9 de Lorraine\",\"url\":\"https:\\\/\\\/www.univ-lorraine.fr\\\/culture\\\/\",\"logo\":{\"@type\":\"ImageObject\",\"inLanguage\":\"fr-FR\",\"@id\":\"https:\\\/\\\/www.univ-lorraine.fr\\\/culture\\\/#\\\/schema\\\/logo\\\/image\\\/\",\"url\":\"https:\\\/\\\/www.univ-lorraine.fr\\\/culture\\\/wp-content\\\/uploads\\\/sites\\\/10\\\/2021\\\/01\\\/LOGO_UL.png\",\"contentUrl\":\"https:\\\/\\\/www.univ-lorraine.fr\\\/culture\\\/wp-content\\\/uploads\\\/sites\\\/10\\\/2021\\\/01\\\/LOGO_UL.png\",\"width\":138,\"height\":48,\"caption\":\"Universit\u00e9 de Lorraine\"},\"image\":{\"@id\":\"https:\\\/\\\/www.univ-lorraine.fr\\\/culture\\\/#\\\/schema\\\/logo\\\/image\\\/\"}}]}<\/script>\n<!-- \/ Yoast SEO plugin. -->","yoast_head_json":{"title":"R\u00e9cit'Chazelles - Culture","robots":{"index":"index","follow":"follow","max-snippet":"max-snippet:-1","max-image-preview":"max-image-preview:large","max-video-preview":"max-video-preview:-1"},"canonical":"https:\/\/www.univ-lorraine.fr\/culture\/residences-dauteurs-et-prix-litteraires\/recit-chazelles\/","og_locale":"fr_FR","og_type":"article","og_title":"R\u00e9cit'Chazelles - Culture","og_description":"R\u00e9cit\u2019Chazelles (r\u00e9sidence d\u2019auteurs europ\u00e9ens\/francophones et laboratoire hors les murs du Centre de Recherche sur les M\u00e9diations)&nbsp;","og_url":"https:\/\/www.univ-lorraine.fr\/culture\/residences-dauteurs-et-prix-litteraires\/recit-chazelles\/","og_site_name":"Culture","article_modified_time":"2026-02-03T12:05:39+00:00","og_image":[{"width":2560,"height":833,"url":"https:\/\/www.univ-lorraine.fr\/culture\/wp-content\/uploads\/sites\/10\/2022\/02\/logo-rc-scaled.jpg","type":"image\/jpeg"}],"twitter_card":"summary_large_image","twitter_misc":{"Dur\u00e9e de lecture estim\u00e9e":"2 minutes"},"schema":{"@context":"https:\/\/schema.org","@graph":[{"@type":"WebPage","@id":"https:\/\/www.univ-lorraine.fr\/culture\/residences-dauteurs-et-prix-litteraires\/recit-chazelles\/","url":"https:\/\/www.univ-lorraine.fr\/culture\/residences-dauteurs-et-prix-litteraires\/recit-chazelles\/","name":"R\u00e9cit'Chazelles - Culture","isPartOf":{"@id":"https:\/\/www.univ-lorraine.fr\/culture\/#website"},"primaryImageOfPage":{"@id":"https:\/\/www.univ-lorraine.fr\/culture\/residences-dauteurs-et-prix-litteraires\/recit-chazelles\/#primaryimage"},"image":{"@id":"https:\/\/www.univ-lorraine.fr\/culture\/residences-dauteurs-et-prix-litteraires\/recit-chazelles\/#primaryimage"},"thumbnailUrl":"https:\/\/www.univ-lorraine.fr\/culture\/wp-content\/uploads\/sites\/10\/2022\/02\/logo-rc-1024x333.jpg","datePublished":"2022-02-16T11:26:18+00:00","dateModified":"2026-02-03T12:05:39+00:00","breadcrumb":{"@id":"https:\/\/www.univ-lorraine.fr\/culture\/residences-dauteurs-et-prix-litteraires\/recit-chazelles\/#breadcrumb"},"inLanguage":"fr-FR","potentialAction":[{"@type":"ReadAction","target":["https:\/\/www.univ-lorraine.fr\/culture\/residences-dauteurs-et-prix-litteraires\/recit-chazelles\/"]}]},{"@type":"ImageObject","inLanguage":"fr-FR","@id":"https:\/\/www.univ-lorraine.fr\/culture\/residences-dauteurs-et-prix-litteraires\/recit-chazelles\/#primaryimage","url":"https:\/\/www.univ-lorraine.fr\/culture\/wp-content\/uploads\/sites\/10\/2022\/02\/logo-rc-1024x333.jpg","contentUrl":"https:\/\/www.univ-lorraine.fr\/culture\/wp-content\/uploads\/sites\/10\/2022\/02\/logo-rc-1024x333.jpg"},{"@type":"BreadcrumbList","@id":"https:\/\/www.univ-lorraine.fr\/culture\/residences-dauteurs-et-prix-litteraires\/recit-chazelles\/#breadcrumb","itemListElement":[{"@type":"ListItem","position":1,"name":"Accueil","item":"https:\/\/www.univ-lorraine.fr\/culture\/"},{"@type":"ListItem","position":2,"name":"R\u00e9sidences d&rsquo;auteurs et prix litt\u00e9raires","item":"https:\/\/www.univ-lorraine.fr\/culture\/residences-dauteurs-et-prix-litteraires\/"},{"@type":"ListItem","position":3,"name":"R\u00e9cit&rsquo;Chazelles"}]},{"@type":"WebSite","@id":"https:\/\/www.univ-lorraine.fr\/culture\/#website","url":"https:\/\/www.univ-lorraine.fr\/culture\/","name":"Culture","description":"","publisher":{"@id":"https:\/\/www.univ-lorraine.fr\/culture\/#organization"},"potentialAction":[{"@type":"SearchAction","target":{"@type":"EntryPoint","urlTemplate":"https:\/\/www.univ-lorraine.fr\/culture\/?s={search_term_string}"},"query-input":{"@type":"PropertyValueSpecification","valueRequired":true,"valueName":"search_term_string"}}],"inLanguage":"fr-FR"},{"@type":"Organization","@id":"https:\/\/www.univ-lorraine.fr\/culture\/#organization","name":"Universit\u00e9 de Lorraine","url":"https:\/\/www.univ-lorraine.fr\/culture\/","logo":{"@type":"ImageObject","inLanguage":"fr-FR","@id":"https:\/\/www.univ-lorraine.fr\/culture\/#\/schema\/logo\/image\/","url":"https:\/\/www.univ-lorraine.fr\/culture\/wp-content\/uploads\/sites\/10\/2021\/01\/LOGO_UL.png","contentUrl":"https:\/\/www.univ-lorraine.fr\/culture\/wp-content\/uploads\/sites\/10\/2021\/01\/LOGO_UL.png","width":138,"height":48,"caption":"Universit\u00e9 de Lorraine"},"image":{"@id":"https:\/\/www.univ-lorraine.fr\/culture\/#\/schema\/logo\/image\/"}}]}},"_links":{"self":[{"href":"https:\/\/www.univ-lorraine.fr\/culture\/wp-json\/wp\/v2\/pages\/2141","targetHints":{"allow":["GET"]}}],"collection":[{"href":"https:\/\/www.univ-lorraine.fr\/culture\/wp-json\/wp\/v2\/pages"}],"about":[{"href":"https:\/\/www.univ-lorraine.fr\/culture\/wp-json\/wp\/v2\/types\/page"}],"author":[{"embeddable":true,"href":"https:\/\/www.univ-lorraine.fr\/culture\/wp-json\/wp\/v2\/users\/15"}],"replies":[{"embeddable":true,"href":"https:\/\/www.univ-lorraine.fr\/culture\/wp-json\/wp\/v2\/comments?post=2141"}],"version-history":[{"count":12,"href":"https:\/\/www.univ-lorraine.fr\/culture\/wp-json\/wp\/v2\/pages\/2141\/revisions"}],"predecessor-version":[{"id":9715,"href":"https:\/\/www.univ-lorraine.fr\/culture\/wp-json\/wp\/v2\/pages\/2141\/revisions\/9715"}],"up":[{"embeddable":true,"href":"https:\/\/www.univ-lorraine.fr\/culture\/wp-json\/wp\/v2\/pages\/2109"}],"wp:attachment":[{"href":"https:\/\/www.univ-lorraine.fr\/culture\/wp-json\/wp\/v2\/media?parent=2141"}],"curies":[{"name":"wp","href":"https:\/\/api.w.org\/{rel}","templated":true}]}}