{"id":2207,"date":"2022-03-10T15:08:35","date_gmt":"2022-03-10T14:08:35","guid":{"rendered":"https:\/\/www.univ-lorraine.fr\/culture\/?page_id=2207"},"modified":"2025-02-17T09:30:10","modified_gmt":"2025-02-17T08:30:10","slug":"sciences-territoires","status":"publish","type":"page","link":"https:\/\/www.univ-lorraine.fr\/culture\/culturesci\/sciences-territoires\/","title":{"rendered":"Les sciences s\u2019agitent sur les territoires\u00a0!"},"content":{"rendered":"<!DOCTYPE html PUBLIC \"-\/\/W3C\/\/DTD HTML 4.0 Transitional\/\/EN\" \"http:\/\/www.w3.org\/TR\/REC-html40\/loose.dtd\">\n<?xml encoding=\"utf-8\" ?><html><body><div class=\"gb-container gb-container-c680a078\"><div class=\"gb-inside-container\">\n\n<figure class=\"wp-block-image alignwide size-full\"><img loading=\"lazy\" decoding=\"async\" width=\"850\" height=\"300\" src=\"https:\/\/www.univ-lorraine.fr\/culture\/wp-content\/uploads\/sites\/10\/2024\/03\/des-gens-qui-trifouillent-dans-les-hautes-herbes-banniere-site-culture.png\" alt=\"\" class=\"wp-image-5153\" srcset=\"https:\/\/www.univ-lorraine.fr\/culture\/wp-content\/uploads\/sites\/10\/2024\/03\/des-gens-qui-trifouillent-dans-les-hautes-herbes-banniere-site-culture.png 850w, https:\/\/www.univ-lorraine.fr\/culture\/wp-content\/uploads\/sites\/10\/2024\/03\/des-gens-qui-trifouillent-dans-les-hautes-herbes-banniere-site-culture-300x106.png 300w, https:\/\/www.univ-lorraine.fr\/culture\/wp-content\/uploads\/sites\/10\/2024\/03\/des-gens-qui-trifouillent-dans-les-hautes-herbes-banniere-site-culture-768x271.png 768w\" sizes=\"auto, (max-width: 850px) 100vw, 850px\" \/><\/figure>\n\n<\/div><\/div>\n\n<div class=\"gb-container gb-container-0934f7b7\"><div class=\"gb-inside-container\">\n\n<p><strong>Alimentation, transition &eacute;cologique, biodiversit&eacute;, h&eacute;ritage industriel et m&eacute;tamorphoses du travail&hellip; &nbsp;Entre avril et octobre, les chercheur.e.s s&rsquo;animent &agrave; travers la Lorraine pour &eacute;changer avec les citoyens autour des probl&eacute;matiques issues d&rsquo;&eacute;coutes territoriales. Au programme : balades comment&eacute;es, rencontres de chercheurs, th&eacute;&acirc;tre scientifique, expositions, cin&eacute;-d&eacute;bat&hellip;<\/strong><\/p>\n\n\n\n<p>C&rsquo;est dans le cadre d&rsquo;un appel &agrave; manifestation d&rsquo;int&eacute;r&ecirc;t que 4 territoires sont accompagn&eacute;s pour d&eacute;velopper des actions de m&eacute;diation :<\/p>\n\n\n\n<p class=\"has-text-align-center\">Communaut&eacute; de Communes<br><strong>Coeur du Pays Haut<\/strong><br><a href=\"https:\/\/drive.google.com\/file\/d\/15H8KAghlJZObd0HCIe2Yw8x9ZP_u5mzs\/view?usp=drive_link\" target=\"_blank\" rel=\"noreferrer noopener\">Soyons audacieux, l&rsquo;&eacute;nergie est notre vie<br>Cultivons notre territoire d&rsquo;avenir !<br>(programme pdf)<\/a><br>du 12 juin au 29 septembre 2024<\/p>\n\n\n\n<p class=\"has-text-align-center\">Communaut&eacute; de Communes et son Espace Services Jeunesse<br><strong>Mirecourt Dompaire<\/strong><br>P&ocirc;le d&rsquo;&Eacute;quilibre Territorial et Rural<br><strong>Plaine des Vosges<\/strong><br><a href=\"https:\/\/www.espace-services-jeunesse-nancy-metz.fr\/wp-content\/uploads\/2024\/04\/WEB-Programmation-SAPS_Mirecourt-Dompaire-RVB.pdf\" target=\"_blank\" rel=\"noreferrer noopener\">Quelles agricultures, quels paysages ? (programme pdf)<\/a><br>du 25 mai au 13 juillet 2024<\/p>\n\n\n\n<p class=\"has-text-align-center\">Communaut&eacute; de Communes<br><strong>Vosges c&ocirc;t&eacute; Sud Ouest<\/strong><br><a href=\"https:\/\/drive.google.com\/file\/d\/1nNwWdmpmqIN7Hx6-wjWDzbtNAwKp3mku\" target=\"_blank\" rel=\"noreferrer noopener\">Des paysages et des Hommes (programme pdf)<\/a><br>du 21 avril au 5 juillet 2024<\/p>\n\n\n\n<p class=\"has-text-align-center\">Ville de<br><strong>Bouligny<\/strong><br><a href=\"https:\/\/drive.google.com\/file\/d\/19IIoZ-GmHNmOsCz1FLvI6dAZpTcJ668h\/view?usp=drive_link\" target=\"_blank\" rel=\"noreferrer noopener\">Bouligny hier, aujourd&rsquo;hui, demain<br>Un gisement d&rsquo;&eacute;v&eacute;nements et de d&eacute;couvertes (programme pdf)<\/a><br>du 23 juin au 21 septembre 2024<\/p>\n\n\n\n<p><strong>Pour en apprendre plus sur la d&eacute;marche, vous pouvez consulter la page :<\/strong> <a href=\"https:\/\/citoyensterritoires.fr\/actualites\/ami-saps-lexperimentation-dans-les-territoires-ruraux-est-lancee\/\" target=\"_blank\" rel=\"noreferrer noopener\">https:\/\/citoyensterritoires.fr\/actualites\/ami-saps-lexperimentation-dans-les-territoires-ruraux-est-lancee\/<\/a><\/p>\n\n\n\n<figure class=\"wp-block-embed is-type-wp-embed is-provider-vid-oth-que-de-lul wp-block-embed-vid-oth-que-de-lul wp-embed-aspect-16-9 wp-has-aspect-ratio\"><div class=\"wp-block-embed__wrapper\">\n<iframe class=\"wp-embedded-content\" title=\"Retour sur... Science avec et Pour la Soci&eacute;t&eacute; avec les territoires ruraux\" src=\"https:\/\/ultv.univ-lorraine.fr\/video\/20395-retour-sur-science-avec-et-pour-la-societe-avec-les-territoires-ruraux\/?is_iframe=true#?secret=w3CnFxvTO1\" data-secret=\"w3CnFxvTO1\" loading=\"lazy\" allowfullscreen=\"\"><\/iframe>\n<\/div><\/figure>\n\n\n\n<div style=\"height:20px\" aria-hidden=\"true\" class=\"wp-block-spacer\"><\/div>\n\n\n\n<figure class=\"wp-block-image size-large\"><img loading=\"lazy\" decoding=\"async\" width=\"1024\" height=\"95\" src=\"https:\/\/www.univ-lorraine.fr\/culture\/wp-content\/uploads\/sites\/10\/2024\/03\/logos-ami-saps-1024x95.jpg\" alt=\"\" class=\"wp-image-5173\" srcset=\"https:\/\/www.univ-lorraine.fr\/culture\/wp-content\/uploads\/sites\/10\/2024\/03\/logos-ami-saps-1024x95.jpg 1024w, https:\/\/www.univ-lorraine.fr\/culture\/wp-content\/uploads\/sites\/10\/2024\/03\/logos-ami-saps-300x28.jpg 300w, https:\/\/www.univ-lorraine.fr\/culture\/wp-content\/uploads\/sites\/10\/2024\/03\/logos-ami-saps-768x71.jpg 768w, https:\/\/www.univ-lorraine.fr\/culture\/wp-content\/uploads\/sites\/10\/2024\/03\/logos-ami-saps.jpg 1200w\" sizes=\"auto, (max-width: 1024px) 100vw, 1024px\" \/><\/figure>\n\n<\/div><\/div><\/body><\/html>\n","protected":false},"excerpt":{"rendered":"<p>Alimentation, transition \u00e9cologique, biodiversit\u00e9, h\u00e9ritage industriel et m\u00e9tamorphoses du travail\u2026 &nbsp;Entre avril et octobre, les chercheur.e.s s&rsquo;animent \u00e0 travers la Lorraine pour \u00e9changer avec les citoyens autour des probl\u00e9matiques issues d&rsquo;\u00e9coutes territoriales. Au programme : balades comment\u00e9es, rencontres de chercheurs, th\u00e9\u00e2tre scientifique, expositions, cin\u00e9-d\u00e9bat\u2026 C&rsquo;est dans le cadre d&rsquo;un appel \u00e0 manifestation d&rsquo;int\u00e9r\u00eat que 4 &#8230; <a title=\"Les sciences s\u2019agitent sur les territoires\u00a0!\" class=\"read-more\" href=\"https:\/\/www.univ-lorraine.fr\/culture\/culturesci\/sciences-territoires\/\" aria-label=\"En savoir plus sur Les sciences s\u2019agitent sur les territoires\u00a0!\">Lire plus<\/a><\/p>\n","protected":false},"author":15,"featured_media":0,"parent":41,"menu_order":0,"comment_status":"closed","ping_status":"closed","template":"","meta":{"inline_featured_image":false,"footnotes":""},"class_list":["post-2207","page","type-page","status-publish"],"yoast_head":"<!-- This site is optimized with the Yoast SEO plugin v27.4 - https:\/\/yoast.com\/product\/yoast-seo-wordpress\/ -->\n<title>Les sciences s\u2019agitent sur les territoires\u00a0! - Culture<\/title>\n<meta name=\"robots\" content=\"index, follow, max-snippet:-1, max-image-preview:large, max-video-preview:-1\" \/>\n<link rel=\"canonical\" href=\"https:\/\/www.univ-lorraine.fr\/culture\/culturesci\/sciences-territoires\/\" \/>\n<meta property=\"og:locale\" content=\"fr_FR\" \/>\n<meta property=\"og:type\" content=\"article\" \/>\n<meta property=\"og:title\" content=\"Les sciences s\u2019agitent sur les territoires\u00a0! - Culture\" \/>\n<meta property=\"og:description\" content=\"Alimentation, transition \u00e9cologique, biodiversit\u00e9, h\u00e9ritage industriel et m\u00e9tamorphoses du travail\u2026 &nbsp;Entre avril et octobre, les chercheur.e.s s&rsquo;animent \u00e0 travers la Lorraine pour \u00e9changer avec les citoyens autour des probl\u00e9matiques issues d&rsquo;\u00e9coutes territoriales. Au programme : balades comment\u00e9es, rencontres de chercheurs, th\u00e9\u00e2tre scientifique, expositions, cin\u00e9-d\u00e9bat\u2026 C&rsquo;est dans le cadre d&rsquo;un appel \u00e0 manifestation d&rsquo;int\u00e9r\u00eat que 4 ... Lire plus\" \/>\n<meta property=\"og:url\" content=\"https:\/\/www.univ-lorraine.fr\/culture\/culturesci\/sciences-territoires\/\" \/>\n<meta property=\"og:site_name\" content=\"Culture\" \/>\n<meta property=\"article:modified_time\" content=\"2025-02-17T08:30:10+00:00\" \/>\n<meta property=\"og:image\" content=\"https:\/\/www.univ-lorraine.fr\/culture\/wp-content\/uploads\/sites\/10\/2024\/03\/des-gens-qui-trifouillent-dans-les-hautes-herbes-banniere-site-culture.png\" \/>\n\t<meta property=\"og:image:width\" content=\"850\" \/>\n\t<meta property=\"og:image:height\" content=\"300\" \/>\n\t<meta property=\"og:image:type\" content=\"image\/png\" \/>\n<meta name=\"twitter:card\" content=\"summary_large_image\" \/>\n<meta name=\"twitter:label1\" content=\"Dur\u00e9e de lecture estim\u00e9e\" \/>\n\t<meta name=\"twitter:data1\" content=\"2 minutes\" \/>\n<script type=\"application\/ld+json\" class=\"yoast-schema-graph\">{\"@context\":\"https:\\\/\\\/schema.org\",\"@graph\":[{\"@type\":\"WebPage\",\"@id\":\"https:\\\/\\\/www.univ-lorraine.fr\\\/culture\\\/culturesci\\\/sciences-territoires\\\/\",\"url\":\"https:\\\/\\\/www.univ-lorraine.fr\\\/culture\\\/culturesci\\\/sciences-territoires\\\/\",\"name\":\"Les sciences s\u2019agitent sur les territoires\u00a0! - Culture\",\"isPartOf\":{\"@id\":\"https:\\\/\\\/www.univ-lorraine.fr\\\/culture\\\/#website\"},\"primaryImageOfPage\":{\"@id\":\"https:\\\/\\\/www.univ-lorraine.fr\\\/culture\\\/culturesci\\\/sciences-territoires\\\/#primaryimage\"},\"image\":{\"@id\":\"https:\\\/\\\/www.univ-lorraine.fr\\\/culture\\\/culturesci\\\/sciences-territoires\\\/#primaryimage\"},\"thumbnailUrl\":\"https:\\\/\\\/www.univ-lorraine.fr\\\/culture\\\/wp-content\\\/uploads\\\/sites\\\/10\\\/2024\\\/03\\\/des-gens-qui-trifouillent-dans-les-hautes-herbes-banniere-site-culture.png\",\"datePublished\":\"2022-03-10T14:08:35+00:00\",\"dateModified\":\"2025-02-17T08:30:10+00:00\",\"breadcrumb\":{\"@id\":\"https:\\\/\\\/www.univ-lorraine.fr\\\/culture\\\/culturesci\\\/sciences-territoires\\\/#breadcrumb\"},\"inLanguage\":\"fr-FR\",\"potentialAction\":[{\"@type\":\"ReadAction\",\"target\":[\"https:\\\/\\\/www.univ-lorraine.fr\\\/culture\\\/culturesci\\\/sciences-territoires\\\/\"]}]},{\"@type\":\"ImageObject\",\"inLanguage\":\"fr-FR\",\"@id\":\"https:\\\/\\\/www.univ-lorraine.fr\\\/culture\\\/culturesci\\\/sciences-territoires\\\/#primaryimage\",\"url\":\"https:\\\/\\\/www.univ-lorraine.fr\\\/culture\\\/wp-content\\\/uploads\\\/sites\\\/10\\\/2024\\\/03\\\/des-gens-qui-trifouillent-dans-les-hautes-herbes-banniere-site-culture.png\",\"contentUrl\":\"https:\\\/\\\/www.univ-lorraine.fr\\\/culture\\\/wp-content\\\/uploads\\\/sites\\\/10\\\/2024\\\/03\\\/des-gens-qui-trifouillent-dans-les-hautes-herbes-banniere-site-culture.png\",\"width\":850,\"height\":300},{\"@type\":\"BreadcrumbList\",\"@id\":\"https:\\\/\\\/www.univ-lorraine.fr\\\/culture\\\/culturesci\\\/sciences-territoires\\\/#breadcrumb\",\"itemListElement\":[{\"@type\":\"ListItem\",\"position\":1,\"name\":\"Accueil\",\"item\":\"https:\\\/\\\/www.univ-lorraine.fr\\\/culture\\\/\"},{\"@type\":\"ListItem\",\"position\":2,\"name\":\"Science Avec et Pour la Soci\u00e9t\u00e9\",\"item\":\"https:\\\/\\\/www.univ-lorraine.fr\\\/culture\\\/culturesci\\\/\"},{\"@type\":\"ListItem\",\"position\":3,\"name\":\"Les sciences s\u2019agitent sur les territoires\u00a0!\"}]},{\"@type\":\"WebSite\",\"@id\":\"https:\\\/\\\/www.univ-lorraine.fr\\\/culture\\\/#website\",\"url\":\"https:\\\/\\\/www.univ-lorraine.fr\\\/culture\\\/\",\"name\":\"Culture\",\"description\":\"\",\"publisher\":{\"@id\":\"https:\\\/\\\/www.univ-lorraine.fr\\\/culture\\\/#organization\"},\"potentialAction\":[{\"@type\":\"SearchAction\",\"target\":{\"@type\":\"EntryPoint\",\"urlTemplate\":\"https:\\\/\\\/www.univ-lorraine.fr\\\/culture\\\/?s={search_term_string}\"},\"query-input\":{\"@type\":\"PropertyValueSpecification\",\"valueRequired\":true,\"valueName\":\"search_term_string\"}}],\"inLanguage\":\"fr-FR\"},{\"@type\":\"Organization\",\"@id\":\"https:\\\/\\\/www.univ-lorraine.fr\\\/culture\\\/#organization\",\"name\":\"Universit\u00e9 de Lorraine\",\"url\":\"https:\\\/\\\/www.univ-lorraine.fr\\\/culture\\\/\",\"logo\":{\"@type\":\"ImageObject\",\"inLanguage\":\"fr-FR\",\"@id\":\"https:\\\/\\\/www.univ-lorraine.fr\\\/culture\\\/#\\\/schema\\\/logo\\\/image\\\/\",\"url\":\"https:\\\/\\\/www.univ-lorraine.fr\\\/culture\\\/wp-content\\\/uploads\\\/sites\\\/10\\\/2021\\\/01\\\/LOGO_UL.png\",\"contentUrl\":\"https:\\\/\\\/www.univ-lorraine.fr\\\/culture\\\/wp-content\\\/uploads\\\/sites\\\/10\\\/2021\\\/01\\\/LOGO_UL.png\",\"width\":138,\"height\":48,\"caption\":\"Universit\u00e9 de Lorraine\"},\"image\":{\"@id\":\"https:\\\/\\\/www.univ-lorraine.fr\\\/culture\\\/#\\\/schema\\\/logo\\\/image\\\/\"}}]}<\/script>\n<!-- \/ Yoast SEO plugin. -->","yoast_head_json":{"title":"Les sciences s\u2019agitent sur les territoires\u00a0! - Culture","robots":{"index":"index","follow":"follow","max-snippet":"max-snippet:-1","max-image-preview":"max-image-preview:large","max-video-preview":"max-video-preview:-1"},"canonical":"https:\/\/www.univ-lorraine.fr\/culture\/culturesci\/sciences-territoires\/","og_locale":"fr_FR","og_type":"article","og_title":"Les sciences s\u2019agitent sur les territoires\u00a0! - Culture","og_description":"Alimentation, transition \u00e9cologique, biodiversit\u00e9, h\u00e9ritage industriel et m\u00e9tamorphoses du travail\u2026 &nbsp;Entre avril et octobre, les chercheur.e.s s&rsquo;animent \u00e0 travers la Lorraine pour \u00e9changer avec les citoyens autour des probl\u00e9matiques issues d&rsquo;\u00e9coutes territoriales. Au programme : balades comment\u00e9es, rencontres de chercheurs, th\u00e9\u00e2tre scientifique, expositions, cin\u00e9-d\u00e9bat\u2026 C&rsquo;est dans le cadre d&rsquo;un appel \u00e0 manifestation d&rsquo;int\u00e9r\u00eat que 4 ... Lire plus","og_url":"https:\/\/www.univ-lorraine.fr\/culture\/culturesci\/sciences-territoires\/","og_site_name":"Culture","article_modified_time":"2025-02-17T08:30:10+00:00","og_image":[{"width":850,"height":300,"url":"https:\/\/www.univ-lorraine.fr\/culture\/wp-content\/uploads\/sites\/10\/2024\/03\/des-gens-qui-trifouillent-dans-les-hautes-herbes-banniere-site-culture.png","type":"image\/png"}],"twitter_card":"summary_large_image","twitter_misc":{"Dur\u00e9e de lecture estim\u00e9e":"2 minutes"},"schema":{"@context":"https:\/\/schema.org","@graph":[{"@type":"WebPage","@id":"https:\/\/www.univ-lorraine.fr\/culture\/culturesci\/sciences-territoires\/","url":"https:\/\/www.univ-lorraine.fr\/culture\/culturesci\/sciences-territoires\/","name":"Les sciences s\u2019agitent sur les territoires\u00a0! - Culture","isPartOf":{"@id":"https:\/\/www.univ-lorraine.fr\/culture\/#website"},"primaryImageOfPage":{"@id":"https:\/\/www.univ-lorraine.fr\/culture\/culturesci\/sciences-territoires\/#primaryimage"},"image":{"@id":"https:\/\/www.univ-lorraine.fr\/culture\/culturesci\/sciences-territoires\/#primaryimage"},"thumbnailUrl":"https:\/\/www.univ-lorraine.fr\/culture\/wp-content\/uploads\/sites\/10\/2024\/03\/des-gens-qui-trifouillent-dans-les-hautes-herbes-banniere-site-culture.png","datePublished":"2022-03-10T14:08:35+00:00","dateModified":"2025-02-17T08:30:10+00:00","breadcrumb":{"@id":"https:\/\/www.univ-lorraine.fr\/culture\/culturesci\/sciences-territoires\/#breadcrumb"},"inLanguage":"fr-FR","potentialAction":[{"@type":"ReadAction","target":["https:\/\/www.univ-lorraine.fr\/culture\/culturesci\/sciences-territoires\/"]}]},{"@type":"ImageObject","inLanguage":"fr-FR","@id":"https:\/\/www.univ-lorraine.fr\/culture\/culturesci\/sciences-territoires\/#primaryimage","url":"https:\/\/www.univ-lorraine.fr\/culture\/wp-content\/uploads\/sites\/10\/2024\/03\/des-gens-qui-trifouillent-dans-les-hautes-herbes-banniere-site-culture.png","contentUrl":"https:\/\/www.univ-lorraine.fr\/culture\/wp-content\/uploads\/sites\/10\/2024\/03\/des-gens-qui-trifouillent-dans-les-hautes-herbes-banniere-site-culture.png","width":850,"height":300},{"@type":"BreadcrumbList","@id":"https:\/\/www.univ-lorraine.fr\/culture\/culturesci\/sciences-territoires\/#breadcrumb","itemListElement":[{"@type":"ListItem","position":1,"name":"Accueil","item":"https:\/\/www.univ-lorraine.fr\/culture\/"},{"@type":"ListItem","position":2,"name":"Science Avec et Pour la Soci\u00e9t\u00e9","item":"https:\/\/www.univ-lorraine.fr\/culture\/culturesci\/"},{"@type":"ListItem","position":3,"name":"Les sciences s\u2019agitent sur les territoires\u00a0!"}]},{"@type":"WebSite","@id":"https:\/\/www.univ-lorraine.fr\/culture\/#website","url":"https:\/\/www.univ-lorraine.fr\/culture\/","name":"Culture","description":"","publisher":{"@id":"https:\/\/www.univ-lorraine.fr\/culture\/#organization"},"potentialAction":[{"@type":"SearchAction","target":{"@type":"EntryPoint","urlTemplate":"https:\/\/www.univ-lorraine.fr\/culture\/?s={search_term_string}"},"query-input":{"@type":"PropertyValueSpecification","valueRequired":true,"valueName":"search_term_string"}}],"inLanguage":"fr-FR"},{"@type":"Organization","@id":"https:\/\/www.univ-lorraine.fr\/culture\/#organization","name":"Universit\u00e9 de Lorraine","url":"https:\/\/www.univ-lorraine.fr\/culture\/","logo":{"@type":"ImageObject","inLanguage":"fr-FR","@id":"https:\/\/www.univ-lorraine.fr\/culture\/#\/schema\/logo\/image\/","url":"https:\/\/www.univ-lorraine.fr\/culture\/wp-content\/uploads\/sites\/10\/2021\/01\/LOGO_UL.png","contentUrl":"https:\/\/www.univ-lorraine.fr\/culture\/wp-content\/uploads\/sites\/10\/2021\/01\/LOGO_UL.png","width":138,"height":48,"caption":"Universit\u00e9 de Lorraine"},"image":{"@id":"https:\/\/www.univ-lorraine.fr\/culture\/#\/schema\/logo\/image\/"}}]}},"_links":{"self":[{"href":"https:\/\/www.univ-lorraine.fr\/culture\/wp-json\/wp\/v2\/pages\/2207","targetHints":{"allow":["GET"]}}],"collection":[{"href":"https:\/\/www.univ-lorraine.fr\/culture\/wp-json\/wp\/v2\/pages"}],"about":[{"href":"https:\/\/www.univ-lorraine.fr\/culture\/wp-json\/wp\/v2\/types\/page"}],"author":[{"embeddable":true,"href":"https:\/\/www.univ-lorraine.fr\/culture\/wp-json\/wp\/v2\/users\/15"}],"replies":[{"embeddable":true,"href":"https:\/\/www.univ-lorraine.fr\/culture\/wp-json\/wp\/v2\/comments?post=2207"}],"version-history":[{"count":43,"href":"https:\/\/www.univ-lorraine.fr\/culture\/wp-json\/wp\/v2\/pages\/2207\/revisions"}],"predecessor-version":[{"id":7051,"href":"https:\/\/www.univ-lorraine.fr\/culture\/wp-json\/wp\/v2\/pages\/2207\/revisions\/7051"}],"up":[{"embeddable":true,"href":"https:\/\/www.univ-lorraine.fr\/culture\/wp-json\/wp\/v2\/pages\/41"}],"wp:attachment":[{"href":"https:\/\/www.univ-lorraine.fr\/culture\/wp-json\/wp\/v2\/media?parent=2207"}],"curies":[{"name":"wp","href":"https:\/\/api.w.org\/{rel}","templated":true}]}}