{"id":221,"date":"2021-04-26T16:31:59","date_gmt":"2021-04-26T14:31:59","guid":{"rendered":"https:\/\/www.univ-lorraine.fr\/culture\/?page_id=221"},"modified":"2025-06-25T08:26:18","modified_gmt":"2025-06-25T06:26:18","slug":"actions-culturelles-delocalisees","status":"publish","type":"page","link":"https:\/\/www.univ-lorraine.fr\/culture\/actions-culturelles-delocalisees\/","title":{"rendered":"Actions culturelles d\u00e9localis\u00e9es"},"content":{"rendered":"<div class=\"gb-container gb-container-8b0f4cb5\"><div class=\"gb-inside-container\">\n\n<p>L\u2019irrigation du territoire dans sa dimension artistique et culturelle a pour but de d\u00e9velopper les actions culturelles sur l\u2019ensemble des sites universitaires en stimulant et dynamisant le r\u00e9seau dans toute sa diversit\u00e9, d\u2019affirmer une coh\u00e9rence sur la r\u00e9gion et de favoriser des actions sur chaque site, en s\u2019appuyant sur les personnels de l\u2019universit\u00e9, le dynamisme des associations \u00e9tudiantes et les partenaires culturels r\u00e9gionaux.<\/p>\n\n\n\n<h2 class=\"gb-headline gb-headline-018fdf8f gb-headline-text\"><strong>Qu\u2019est qu\u2019un campus \u00ab d\u00e9localis\u00e9 \u00bb?<\/strong><\/h2>\n\n\n\n<p><br>Les campus d\u00e9localis\u00e9s sont tous les sites o\u00f9 l&rsquo;universit\u00e9 est pr\u00e9sente avec au moins une composante, \u00e0 l&rsquo;exception de Metz et Nancy, les deux gros p\u00f4les de l&rsquo;Universit\u00e9 de Lorraine, de nombreuses propositions existant d\u00e9j\u00e0 dans ces deux villes.&nbsp;<\/p>\n\n\n\n<h2 class=\"gb-headline gb-headline-a2633cde gb-headline-text\"><strong>Le but des actions artistiques et culturelles sur ces sites<\/strong><\/h2>\n\n\n\n<p>L&rsquo;id\u00e9e est d\u2019\u00e9tablir une programmation d\u2019\u00e9v\u00e9nements artistiques et culturels, que ce soit en soutenant, enrichissant les projets d\u00e9j\u00e0 pr\u00e9sents ou en proposant cr\u00e9ant une autre offre. Ces projets sont d\u00e9velopp\u00e9s en lien avec les acteurs locaux (communaut\u00e9 universitaire, \u00e9tudiants et personnels de l\u2019universit\u00e9 de Lorraine, associations, partenaires artistiques et culturels dans la ville).<br>Les manifestations sont ouvertes \u00e0 tous et parfois r\u00e9serv\u00e9es aux \u00e9tudiants et\/ou personnels de l\u2019universit\u00e9. Elles se d\u00e9roulent dans les campus mais aussi les cin\u00e9mas, salles de spectacles, galeries, mus\u00e9es \u2026 locaux&nbsp;; voire dans des lieux non d\u00e9di\u00e9s \u00e0 la culture comme les bars \u2026&nbsp;<br>Le but est aussi de faire conna\u00eetre les initiatives locales pour vous permettre d\u2019y participer.<\/p>\n\n<\/div><\/div>\n\n<div class=\"gb-container gb-container-2da87261\"><div class=\"gb-inside-container\">\n\n<h2 class=\"wp-block-heading\">Les actions sur les campus en images<\/h2>\n\n\n<style type=\"text\/css\">\n#foogallery-gallery-929 .fg-image { width: 150px; }\n#foogallery-gallery-929 { --fg-gutter: 10px; }<\/style>\n\t\t\t<div class=\"foogallery foogallery-container foogallery-default foogallery-lightbox-none fg-center fg-default fg-ready fg-light fg-border-thin fg-shadow-outline fg-loading-default fg-loaded-fade-in fg-caption-hover fg-hover-fade fg-hover-zoom\" id=\"foogallery-gallery-929\" data-foogallery=\"{&quot;item&quot;:{&quot;showCaptionTitle&quot;:true,&quot;showCaptionDescription&quot;:true},&quot;lazy&quot;:true}\" style=\"--fg-title-line-clamp: 0; --fg-description-line-clamp: 0;\" >\n\t<div class=\"fg-item fg-type-image fg-idle\"><figure class=\"fg-item-inner\"><a href=\"https:\/\/www.univ-lorraine.fr\/culture\/wp-content\/uploads\/sites\/10\/2021\/07\/fanfare_enstib-scaled.jpg\" data-caption-title=\"fanfare de l&#039;ENSTIB jouant \u00e0 l&#039;IUT d&#039;Epinal\" data-attachment-id=\"931\" data-type=\"image\" class=\"fg-thumb\"><span class=\"fg-image-wrap\"><img decoding=\"async\" title=\"fanfare de l&#039;ENSTIB jouant \u00e0 l&#039;IUT d&#039;Epinal\" width=\"150\" height=\"150\" class=\"skip-lazy fg-image\" data-src-fg=\"https:\/\/www.univ-lorraine.fr\/culture\/wp-content\/uploads\/sites\/10\/cache\/2021\/07\/fanfare_enstib-scaled\/1130233224.jpg\" src=\"data:image\/svg+xml,%3Csvg%20xmlns%3D%22http%3A%2F%2Fwww.w3.org%2F2000%2Fsvg%22%20width%3D%22150%22%20height%3D%22150%22%20viewBox%3D%220%200%20150%20150%22%3E%3C%2Fsvg%3E\" loading=\"eager\"><\/span><span class=\"fg-image-overlay\"><\/span><\/a><figcaption class=\"fg-caption\"><div class=\"fg-caption-inner\"><div class=\"fg-caption-title\">fanfare de l&rsquo;ENSTIB jouant \u00e0 l&rsquo;IUT d&rsquo;Epinal<\/div><\/div><\/figcaption><\/figure><div class=\"fg-loader\"><\/div><\/div><div class=\"fg-item fg-type-image fg-idle\"><figure class=\"fg-item-inner\"><a href=\"https:\/\/www.univ-lorraine.fr\/culture\/wp-content\/uploads\/sites\/10\/2021\/07\/tesla_iut_st_die-scaled.jpg\" data-caption-title=\"dispositif spectacle Tesla, cie Distorsion\n\u00e0 l&#039;IUT de saint Di\u00e9\" data-attachment-id=\"933\" data-type=\"image\" class=\"fg-thumb\"><span class=\"fg-image-wrap\"><img decoding=\"async\" title=\"dispositif spectacle Tesla, cie Distorsion\n\u00e0 l&#039;IUT de saint Di\u00e9\" width=\"150\" height=\"150\" class=\"skip-lazy fg-image\" data-src-fg=\"https:\/\/www.univ-lorraine.fr\/culture\/wp-content\/uploads\/sites\/10\/cache\/2021\/07\/tesla_iut_st_die-scaled\/3232781342.jpg\" src=\"data:image\/svg+xml,%3Csvg%20xmlns%3D%22http%3A%2F%2Fwww.w3.org%2F2000%2Fsvg%22%20width%3D%22150%22%20height%3D%22150%22%20viewBox%3D%220%200%20150%20150%22%3E%3C%2Fsvg%3E\" loading=\"eager\"><\/span><span class=\"fg-image-overlay\"><\/span><\/a><figcaption class=\"fg-caption\"><div class=\"fg-caption-inner\"><div class=\"fg-caption-title\">dispositif spectacle Tesla, cie Distorsion\n\u00e0 l&rsquo;IUT de saint Di\u00e9<\/div><\/div><\/figcaption><\/figure><div class=\"fg-loader\"><\/div><\/div><div class=\"fg-item fg-type-image fg-idle\"><figure class=\"fg-item-inner\"><a href=\"https:\/\/www.univ-lorraine.fr\/culture\/wp-content\/uploads\/sites\/10\/2021\/07\/tesla_iut_st_die2-scaled.jpg\" data-caption-title=\"\u00e9tudiants de l&#039;IUT de saint Di\u00e9 en attente du spectacle Tesla, cie Distorsion\" data-attachment-id=\"934\" data-type=\"image\" class=\"fg-thumb\"><span class=\"fg-image-wrap\"><img decoding=\"async\" title=\"\u00e9tudiants de l&#039;IUT de saint Di\u00e9 en attente du spectacle Tesla, cie Distorsion\" width=\"150\" height=\"150\" class=\"skip-lazy fg-image\" data-src-fg=\"https:\/\/www.univ-lorraine.fr\/culture\/wp-content\/uploads\/sites\/10\/cache\/2021\/07\/tesla_iut_st_die2-scaled\/2562682580.jpg\" src=\"data:image\/svg+xml,%3Csvg%20xmlns%3D%22http%3A%2F%2Fwww.w3.org%2F2000%2Fsvg%22%20width%3D%22150%22%20height%3D%22150%22%20viewBox%3D%220%200%20150%20150%22%3E%3C%2Fsvg%3E\" loading=\"eager\"><\/span><span class=\"fg-image-overlay\"><\/span><\/a><figcaption class=\"fg-caption\"><div class=\"fg-caption-inner\"><div class=\"fg-caption-title\">\u00e9tudiants de l&rsquo;IUT de saint Di\u00e9 en attente du spectacle Tesla, cie Distorsion<\/div><\/div><\/figcaption><\/figure><div class=\"fg-loader\"><\/div><\/div><div class=\"fg-item fg-type-image fg-idle\"><figure class=\"fg-item-inner\"><a href=\"https:\/\/www.univ-lorraine.fr\/culture\/wp-content\/uploads\/sites\/10\/2021\/07\/mom_et_myotis2-scaled.jpg\" data-caption-title=\"Thomas Laigle\nduo in\u00e9dit  mOm et Myotis, MDE ARTEM, Nancy\" data-attachment-id=\"935\" data-type=\"image\" class=\"fg-thumb\"><span class=\"fg-image-wrap\"><img decoding=\"async\" title=\"Thomas Laigle\nduo in\u00e9dit  mOm et Myotis, MDE ARTEM, Nancy\" width=\"150\" height=\"150\" class=\"skip-lazy fg-image\" data-src-fg=\"https:\/\/www.univ-lorraine.fr\/culture\/wp-content\/uploads\/sites\/10\/cache\/2021\/07\/mom_et_myotis2-scaled\/1458080540.jpg\" src=\"data:image\/svg+xml,%3Csvg%20xmlns%3D%22http%3A%2F%2Fwww.w3.org%2F2000%2Fsvg%22%20width%3D%22150%22%20height%3D%22150%22%20viewBox%3D%220%200%20150%20150%22%3E%3C%2Fsvg%3E\" loading=\"eager\"><\/span><span class=\"fg-image-overlay\"><\/span><\/a><figcaption class=\"fg-caption\"><div class=\"fg-caption-inner\"><div class=\"fg-caption-title\">Thomas Laigle\nduo in\u00e9dit  mOm et Myotis, MDE ARTEM, Nancy<\/div><\/div><\/figcaption><\/figure><div class=\"fg-loader\"><\/div><\/div><div class=\"fg-item fg-type-image fg-idle\"><figure class=\"fg-item-inner\"><a href=\"https:\/\/www.univ-lorraine.fr\/culture\/wp-content\/uploads\/sites\/10\/2021\/07\/mom_et_myotis3-scaled.jpg\" data-caption-title=\"Anthony Laguerre \nduo in\u00e9dit  mOm et Myotis, MDE ARTEM, Nancy\" data-attachment-id=\"936\" data-type=\"image\" class=\"fg-thumb\"><span class=\"fg-image-wrap\"><img decoding=\"async\" title=\"Anthony Laguerre \nduo in\u00e9dit  mOm et Myotis, MDE ARTEM, Nancy\" width=\"150\" height=\"150\" class=\"skip-lazy fg-image\" data-src-fg=\"https:\/\/www.univ-lorraine.fr\/culture\/wp-content\/uploads\/sites\/10\/cache\/2021\/07\/mom_et_myotis3-scaled\/709870394.jpg\" src=\"data:image\/svg+xml,%3Csvg%20xmlns%3D%22http%3A%2F%2Fwww.w3.org%2F2000%2Fsvg%22%20width%3D%22150%22%20height%3D%22150%22%20viewBox%3D%220%200%20150%20150%22%3E%3C%2Fsvg%3E\" loading=\"eager\"><\/span><span class=\"fg-image-overlay\"><\/span><\/a><figcaption class=\"fg-caption\"><div class=\"fg-caption-inner\"><div class=\"fg-caption-title\">Anthony Laguerre \nduo in\u00e9dit  mOm et Myotis, MDE ARTEM, Nancy<\/div><\/div><\/figcaption><\/figure><div class=\"fg-loader\"><\/div><\/div><div class=\"fg-item fg-type-image fg-idle\"><figure class=\"fg-item-inner\"><a href=\"https:\/\/www.univ-lorraine.fr\/culture\/wp-content\/uploads\/sites\/10\/2021\/07\/mom_et_myotis4-scaled.jpg\" data-caption-title=\"duo in\u00e9dit  mOm et Myotis, MDE ARTEM, Nancy\" data-attachment-id=\"937\" data-type=\"image\" class=\"fg-thumb\"><span class=\"fg-image-wrap\"><img decoding=\"async\" title=\"duo in\u00e9dit  mOm et Myotis, MDE ARTEM, Nancy\" width=\"150\" height=\"150\" class=\"skip-lazy fg-image\" data-src-fg=\"https:\/\/www.univ-lorraine.fr\/culture\/wp-content\/uploads\/sites\/10\/cache\/2021\/07\/mom_et_myotis4-scaled\/1152008357.jpg\" src=\"data:image\/svg+xml,%3Csvg%20xmlns%3D%22http%3A%2F%2Fwww.w3.org%2F2000%2Fsvg%22%20width%3D%22150%22%20height%3D%22150%22%20viewBox%3D%220%200%20150%20150%22%3E%3C%2Fsvg%3E\" loading=\"eager\"><\/span><span class=\"fg-image-overlay\"><\/span><\/a><figcaption class=\"fg-caption\"><div class=\"fg-caption-inner\"><div class=\"fg-caption-title\">duo in\u00e9dit  mOm et Myotis, MDE ARTEM, Nancy<\/div><\/div><\/figcaption><\/figure><div class=\"fg-loader\"><\/div><\/div><div class=\"fg-item fg-type-image fg-idle\"><figure class=\"fg-item-inner\"><a href=\"https:\/\/www.univ-lorraine.fr\/culture\/wp-content\/uploads\/sites\/10\/2021\/07\/expo_herge-scaled.jpg\" data-caption-title=\"Etudiants en visite dans l&#039;exposition &quot;Herg\u00e9, une vie, une oeuvre&quot; \u00e0 Manderen\" data-attachment-id=\"938\" data-type=\"image\" class=\"fg-thumb\"><span class=\"fg-image-wrap\"><img decoding=\"async\" title=\"Etudiants en visite dans l&#039;exposition &quot;Herg\u00e9, une vie, une oeuvre&quot; \u00e0 Manderen\" width=\"150\" height=\"150\" class=\"skip-lazy fg-image\" data-src-fg=\"https:\/\/www.univ-lorraine.fr\/culture\/wp-content\/uploads\/sites\/10\/cache\/2021\/07\/expo_herge-scaled\/355142872.jpg\" src=\"data:image\/svg+xml,%3Csvg%20xmlns%3D%22http%3A%2F%2Fwww.w3.org%2F2000%2Fsvg%22%20width%3D%22150%22%20height%3D%22150%22%20viewBox%3D%220%200%20150%20150%22%3E%3C%2Fsvg%3E\" loading=\"eager\"><\/span><span class=\"fg-image-overlay\"><\/span><\/a><figcaption class=\"fg-caption\"><div class=\"fg-caption-inner\"><div class=\"fg-caption-title\">Etudiants en visite dans l&rsquo;exposition \u00ab\u00a0Herg\u00e9, une vie, une oeuvre\u00a0\u00bb \u00e0 Manderen<\/div><\/div><\/figcaption><\/figure><div class=\"fg-loader\"><\/div><\/div><div class=\"fg-item fg-type-image fg-idle\"><figure class=\"fg-item-inner\"><a href=\"https:\/\/www.univ-lorraine.fr\/culture\/wp-content\/uploads\/sites\/10\/2021\/07\/eau_forte_st_die-scaled.jpg\" data-caption-title=\"Eau forte - cie Soundtrack\" data-attachment-id=\"940\" data-type=\"image\" class=\"fg-thumb\"><span class=\"fg-image-wrap\"><img decoding=\"async\" title=\"Eau forte - cie Soundtrack\" width=\"150\" height=\"150\" class=\"skip-lazy fg-image\" data-src-fg=\"https:\/\/www.univ-lorraine.fr\/culture\/wp-content\/uploads\/sites\/10\/cache\/2021\/07\/eau_forte_st_die-scaled\/409478996.jpg\" src=\"data:image\/svg+xml,%3Csvg%20xmlns%3D%22http%3A%2F%2Fwww.w3.org%2F2000%2Fsvg%22%20width%3D%22150%22%20height%3D%22150%22%20viewBox%3D%220%200%20150%20150%22%3E%3C%2Fsvg%3E\" loading=\"eager\"><\/span><span class=\"fg-image-overlay\"><\/span><\/a><figcaption class=\"fg-caption\"><div class=\"fg-caption-inner\"><div class=\"fg-caption-title\">Eau forte &#8211; cie Soundtrack<\/div><\/div><\/figcaption><\/figure><div class=\"fg-loader\"><\/div><\/div><\/div>\n\n<\/div><\/div>\n\n<div class=\"gb-container gb-container-08f975fa\"><div class=\"gb-inside-container\">\n\n<h2 class=\"wp-block-heading\">Les derni\u00e8res actualit\u00e9s culturelles de l&rsquo;universit\u00e9<\/h2>\n\n\n\n<div class=\"wp-block-columns is-layout-flex wp-container-core-columns-is-layout-9d6595d7 wp-block-columns-is-layout-flex\">\n<div class=\"wp-block-column is-layout-flow wp-block-column-is-layout-flow\" style=\"flex-basis:66.66%\"><div id=\"ul-factuel-actus-home\"><div class=\"factuel_first_col\"><div class=\"factuel_one_actu\"><a href=\"http:\/\/factuel.univ-lorraine.fr\/node\/30517\" target=\"blank\"><div class=\"factuel_one_actu_img\"><img decoding=\"async\" src=\"https:\/\/www.univ-lorraine.fr\/culture\/wp-content\/uploads\/2025\/07\/image_factuel_vf-300x300.png\" alt=\"Un hackathon pour mieux faire comprendre la bio&eacute;conomie et ses enjeux\"\/><\/div><div class=\"factuel_one_actu_rubrique\">Nos formations<\/div><div class=\"factuel_one_actu_title\">Un hackathon pour mieux faire comprendre la bio\u00e9conomie et ses enjeux<\/div><\/a><\/div><\/div><div class=\"factuel_second_col\"><div class=\"factuel_one_actu\"><div class=\"factuel_one_actu_img\"><a href=\"http:\/\/factuel.univ-lorraine.fr\/node\/30493\" target=\"blank\"><img decoding=\"async\" src=\"https:\/\/www.univ-lorraine.fr\/culture\/wp-content\/uploads\/2025\/07\/ndc2025_vdn_recueil_lanouvelledelaclasse20251erpagecouv_page_01-212x300.jpg\" alt=\"[Retour sur] La Nouvelle De la Classe, concours r&eacute;gional d&amp;#039;&eacute;criture\"\/><\/a><\/div><div class=\"factuel_actu_group\"><div class=\"factuel_one_actu_rubrique\">Nos laboratoires<\/div><div class=\"factuel_one_actu_title\"><a href=\"http:\/\/factuel.univ-lorraine.fr\/node\/30493\" target=\"blank\" title=\"Acc\u00e9der \u00e0 : [Retour sur] La Nouvelle De la Classe, concours r&eacute;gional d&amp;#039;&eacute;criture\">[Retour sur] La Nouvelle De la Classe, concours r\u00e9gional d&#039;\u00e9criture<\/a><\/div><\/div><\/div><div class=\"factuel_one_actu\"><div class=\"factuel_one_actu_img\"><a href=\"http:\/\/factuel.univ-lorraine.fr\/node\/30189\" target=\"blank\"><img decoding=\"async\" src=\"https:\/\/www.univ-lorraine.fr\/culture\/wp-content\/uploads\/2025\/05\/factuel_concours_photo_en_jeu_0-300x300.png\" alt=\"Concours de photos captur&eacute;es en jeu vid&eacute;o !\"\/><\/a><\/div><div class=\"factuel_actu_group\"><div class=\"factuel_one_actu_rubrique\">Nos campus<\/div><div class=\"factuel_one_actu_title\"><a href=\"http:\/\/factuel.univ-lorraine.fr\/node\/30189\" target=\"blank\" title=\"Acc\u00e9der \u00e0 : Concours de photos captur&eacute;es en jeu vid&eacute;o !\">Concours de photos captur\u00e9es en jeu vid\u00e9o !<\/a><\/div><\/div><\/div><div class=\"factuel_one_actu\"><div class=\"factuel_one_actu_img\"><a href=\"http:\/\/factuel.univ-lorraine.fr\/node\/30157\" target=\"blank\"><img decoding=\"async\" src=\"https:\/\/www.univ-lorraine.fr\/culture\/wp-content\/uploads\/2025\/05\/capture_0-300x295.jpg\" alt=\"La culture scientifique sur les campus : deux ann&eacute;es riches en d&eacute;couvertes !\"\/><\/a><\/div><div class=\"factuel_actu_group\"><div class=\"factuel_one_actu_rubrique\">Nos campus<\/div><div class=\"factuel_one_actu_title\"><a href=\"http:\/\/factuel.univ-lorraine.fr\/node\/30157\" target=\"blank\" title=\"Acc\u00e9der \u00e0 : La culture scientifique sur les campus : deux ann&eacute;es riches en d&eacute;couvertes !\">La culture scientifique sur les campus : deux ann\u00e9es riches en d\u00e9couvertes !<\/a><\/div><\/div><\/div><\/div><\/div>\n<\/div>\n\n\n\n<div class=\"wp-block-column is-layout-flow wp-block-column-is-layout-flow\" style=\"flex-basis:33.33%\">\n<\/div>\n<\/div>\n\n<\/div><\/div>","protected":false},"excerpt":{"rendered":"<p>L\u2019irrigation du territoire dans sa dimension artistique et culturelle a pour but de d\u00e9velopper les actions culturelles sur l\u2019ensemble des sites universitaires en stimulant et dynamisant le r\u00e9seau dans toute sa diversit\u00e9, d\u2019affirmer une coh\u00e9rence sur la r\u00e9gion et de favoriser des actions sur chaque site, en s\u2019appuyant sur les personnels de l\u2019universit\u00e9, le dynamisme &#8230; <a title=\"Actions culturelles d\u00e9localis\u00e9es\" class=\"read-more\" href=\"https:\/\/www.univ-lorraine.fr\/culture\/actions-culturelles-delocalisees\/\" aria-label=\"En savoir plus sur Actions culturelles d\u00e9localis\u00e9es\">Lire plus<\/a><\/p>\n","protected":false},"author":68,"featured_media":0,"parent":0,"menu_order":0,"comment_status":"closed","ping_status":"closed","template":"","meta":{"inline_featured_image":false,"footnotes":""},"class_list":["post-221","page","type-page","status-publish"],"yoast_head":"<!-- This site is optimized with the Yoast SEO plugin v27.4 - https:\/\/yoast.com\/product\/yoast-seo-wordpress\/ -->\n<title>Actions culturelles d\u00e9localis\u00e9es - Culture<\/title>\n<meta name=\"description\" content=\"La culture sur les sites de l&#039;Universit\u00e9 de Lorraine \u00e0 \u00c9pinal, Saint-Di\u00e9, Lun\u00e9ville, Saint-Avold, Sarreguemines, Thionville-Yutz, Longwy\" \/>\n<meta name=\"robots\" content=\"index, follow, max-snippet:-1, max-image-preview:large, max-video-preview:-1\" \/>\n<link rel=\"canonical\" href=\"https:\/\/www.univ-lorraine.fr\/culture\/actions-culturelles-delocalisees\/\" \/>\n<meta property=\"og:locale\" content=\"fr_FR\" \/>\n<meta property=\"og:type\" content=\"article\" \/>\n<meta property=\"og:title\" content=\"Actions culturelles d\u00e9localis\u00e9es - Culture\" \/>\n<meta property=\"og:description\" content=\"La culture sur les sites de l&#039;Universit\u00e9 de Lorraine \u00e0 \u00c9pinal, Saint-Di\u00e9, Lun\u00e9ville, Saint-Avold, Sarreguemines, Thionville-Yutz, Longwy\" \/>\n<meta property=\"og:url\" content=\"https:\/\/www.univ-lorraine.fr\/culture\/actions-culturelles-delocalisees\/\" \/>\n<meta property=\"og:site_name\" content=\"Culture\" \/>\n<meta property=\"article:modified_time\" content=\"2025-06-25T06:26:18+00:00\" \/>\n<meta name=\"twitter:card\" content=\"summary_large_image\" \/>\n<meta name=\"twitter:label1\" content=\"Dur\u00e9e de lecture estim\u00e9e\" \/>\n\t<meta name=\"twitter:data1\" content=\"2 minutes\" \/>\n<script type=\"application\/ld+json\" class=\"yoast-schema-graph\">{\"@context\":\"https:\\\/\\\/schema.org\",\"@graph\":[{\"@type\":\"WebPage\",\"@id\":\"https:\\\/\\\/www.univ-lorraine.fr\\\/culture\\\/actions-culturelles-delocalisees\\\/\",\"url\":\"https:\\\/\\\/www.univ-lorraine.fr\\\/culture\\\/actions-culturelles-delocalisees\\\/\",\"name\":\"Actions culturelles d\u00e9localis\u00e9es - Culture\",\"isPartOf\":{\"@id\":\"https:\\\/\\\/www.univ-lorraine.fr\\\/culture\\\/#website\"},\"datePublished\":\"2021-04-26T14:31:59+00:00\",\"dateModified\":\"2025-06-25T06:26:18+00:00\",\"description\":\"La culture sur les sites de l'Universit\u00e9 de Lorraine \u00e0 \u00c9pinal, Saint-Di\u00e9, Lun\u00e9ville, Saint-Avold, Sarreguemines, Thionville-Yutz, Longwy\",\"breadcrumb\":{\"@id\":\"https:\\\/\\\/www.univ-lorraine.fr\\\/culture\\\/actions-culturelles-delocalisees\\\/#breadcrumb\"},\"inLanguage\":\"fr-FR\",\"potentialAction\":[{\"@type\":\"ReadAction\",\"target\":[\"https:\\\/\\\/www.univ-lorraine.fr\\\/culture\\\/actions-culturelles-delocalisees\\\/\"]}]},{\"@type\":\"BreadcrumbList\",\"@id\":\"https:\\\/\\\/www.univ-lorraine.fr\\\/culture\\\/actions-culturelles-delocalisees\\\/#breadcrumb\",\"itemListElement\":[{\"@type\":\"ListItem\",\"position\":1,\"name\":\"Accueil\",\"item\":\"https:\\\/\\\/www.univ-lorraine.fr\\\/culture\\\/\"},{\"@type\":\"ListItem\",\"position\":2,\"name\":\"Actions culturelles d\u00e9localis\u00e9es\"}]},{\"@type\":\"WebSite\",\"@id\":\"https:\\\/\\\/www.univ-lorraine.fr\\\/culture\\\/#website\",\"url\":\"https:\\\/\\\/www.univ-lorraine.fr\\\/culture\\\/\",\"name\":\"Culture\",\"description\":\"\",\"publisher\":{\"@id\":\"https:\\\/\\\/www.univ-lorraine.fr\\\/culture\\\/#organization\"},\"potentialAction\":[{\"@type\":\"SearchAction\",\"target\":{\"@type\":\"EntryPoint\",\"urlTemplate\":\"https:\\\/\\\/www.univ-lorraine.fr\\\/culture\\\/?s={search_term_string}\"},\"query-input\":{\"@type\":\"PropertyValueSpecification\",\"valueRequired\":true,\"valueName\":\"search_term_string\"}}],\"inLanguage\":\"fr-FR\"},{\"@type\":\"Organization\",\"@id\":\"https:\\\/\\\/www.univ-lorraine.fr\\\/culture\\\/#organization\",\"name\":\"Universit\u00e9 de Lorraine\",\"url\":\"https:\\\/\\\/www.univ-lorraine.fr\\\/culture\\\/\",\"logo\":{\"@type\":\"ImageObject\",\"inLanguage\":\"fr-FR\",\"@id\":\"https:\\\/\\\/www.univ-lorraine.fr\\\/culture\\\/#\\\/schema\\\/logo\\\/image\\\/\",\"url\":\"https:\\\/\\\/www.univ-lorraine.fr\\\/culture\\\/wp-content\\\/uploads\\\/sites\\\/10\\\/2021\\\/01\\\/LOGO_UL.png\",\"contentUrl\":\"https:\\\/\\\/www.univ-lorraine.fr\\\/culture\\\/wp-content\\\/uploads\\\/sites\\\/10\\\/2021\\\/01\\\/LOGO_UL.png\",\"width\":138,\"height\":48,\"caption\":\"Universit\u00e9 de Lorraine\"},\"image\":{\"@id\":\"https:\\\/\\\/www.univ-lorraine.fr\\\/culture\\\/#\\\/schema\\\/logo\\\/image\\\/\"}}]}<\/script>\n<!-- \/ Yoast SEO plugin. -->","yoast_head_json":{"title":"Actions culturelles d\u00e9localis\u00e9es - Culture","description":"La culture sur les sites de l'Universit\u00e9 de Lorraine \u00e0 \u00c9pinal, Saint-Di\u00e9, Lun\u00e9ville, Saint-Avold, Sarreguemines, Thionville-Yutz, Longwy","robots":{"index":"index","follow":"follow","max-snippet":"max-snippet:-1","max-image-preview":"max-image-preview:large","max-video-preview":"max-video-preview:-1"},"canonical":"https:\/\/www.univ-lorraine.fr\/culture\/actions-culturelles-delocalisees\/","og_locale":"fr_FR","og_type":"article","og_title":"Actions culturelles d\u00e9localis\u00e9es - Culture","og_description":"La culture sur les sites de l'Universit\u00e9 de Lorraine \u00e0 \u00c9pinal, Saint-Di\u00e9, Lun\u00e9ville, Saint-Avold, Sarreguemines, Thionville-Yutz, Longwy","og_url":"https:\/\/www.univ-lorraine.fr\/culture\/actions-culturelles-delocalisees\/","og_site_name":"Culture","article_modified_time":"2025-06-25T06:26:18+00:00","twitter_card":"summary_large_image","twitter_misc":{"Dur\u00e9e de lecture estim\u00e9e":"2 minutes"},"schema":{"@context":"https:\/\/schema.org","@graph":[{"@type":"WebPage","@id":"https:\/\/www.univ-lorraine.fr\/culture\/actions-culturelles-delocalisees\/","url":"https:\/\/www.univ-lorraine.fr\/culture\/actions-culturelles-delocalisees\/","name":"Actions culturelles d\u00e9localis\u00e9es - Culture","isPartOf":{"@id":"https:\/\/www.univ-lorraine.fr\/culture\/#website"},"datePublished":"2021-04-26T14:31:59+00:00","dateModified":"2025-06-25T06:26:18+00:00","description":"La culture sur les sites de l'Universit\u00e9 de Lorraine \u00e0 \u00c9pinal, Saint-Di\u00e9, Lun\u00e9ville, Saint-Avold, Sarreguemines, Thionville-Yutz, Longwy","breadcrumb":{"@id":"https:\/\/www.univ-lorraine.fr\/culture\/actions-culturelles-delocalisees\/#breadcrumb"},"inLanguage":"fr-FR","potentialAction":[{"@type":"ReadAction","target":["https:\/\/www.univ-lorraine.fr\/culture\/actions-culturelles-delocalisees\/"]}]},{"@type":"BreadcrumbList","@id":"https:\/\/www.univ-lorraine.fr\/culture\/actions-culturelles-delocalisees\/#breadcrumb","itemListElement":[{"@type":"ListItem","position":1,"name":"Accueil","item":"https:\/\/www.univ-lorraine.fr\/culture\/"},{"@type":"ListItem","position":2,"name":"Actions culturelles d\u00e9localis\u00e9es"}]},{"@type":"WebSite","@id":"https:\/\/www.univ-lorraine.fr\/culture\/#website","url":"https:\/\/www.univ-lorraine.fr\/culture\/","name":"Culture","description":"","publisher":{"@id":"https:\/\/www.univ-lorraine.fr\/culture\/#organization"},"potentialAction":[{"@type":"SearchAction","target":{"@type":"EntryPoint","urlTemplate":"https:\/\/www.univ-lorraine.fr\/culture\/?s={search_term_string}"},"query-input":{"@type":"PropertyValueSpecification","valueRequired":true,"valueName":"search_term_string"}}],"inLanguage":"fr-FR"},{"@type":"Organization","@id":"https:\/\/www.univ-lorraine.fr\/culture\/#organization","name":"Universit\u00e9 de Lorraine","url":"https:\/\/www.univ-lorraine.fr\/culture\/","logo":{"@type":"ImageObject","inLanguage":"fr-FR","@id":"https:\/\/www.univ-lorraine.fr\/culture\/#\/schema\/logo\/image\/","url":"https:\/\/www.univ-lorraine.fr\/culture\/wp-content\/uploads\/sites\/10\/2021\/01\/LOGO_UL.png","contentUrl":"https:\/\/www.univ-lorraine.fr\/culture\/wp-content\/uploads\/sites\/10\/2021\/01\/LOGO_UL.png","width":138,"height":48,"caption":"Universit\u00e9 de Lorraine"},"image":{"@id":"https:\/\/www.univ-lorraine.fr\/culture\/#\/schema\/logo\/image\/"}}]}},"_links":{"self":[{"href":"https:\/\/www.univ-lorraine.fr\/culture\/wp-json\/wp\/v2\/pages\/221","targetHints":{"allow":["GET"]}}],"collection":[{"href":"https:\/\/www.univ-lorraine.fr\/culture\/wp-json\/wp\/v2\/pages"}],"about":[{"href":"https:\/\/www.univ-lorraine.fr\/culture\/wp-json\/wp\/v2\/types\/page"}],"author":[{"embeddable":true,"href":"https:\/\/www.univ-lorraine.fr\/culture\/wp-json\/wp\/v2\/users\/68"}],"replies":[{"embeddable":true,"href":"https:\/\/www.univ-lorraine.fr\/culture\/wp-json\/wp\/v2\/comments?post=221"}],"version-history":[{"count":10,"href":"https:\/\/www.univ-lorraine.fr\/culture\/wp-json\/wp\/v2\/pages\/221\/revisions"}],"predecessor-version":[{"id":7864,"href":"https:\/\/www.univ-lorraine.fr\/culture\/wp-json\/wp\/v2\/pages\/221\/revisions\/7864"}],"wp:attachment":[{"href":"https:\/\/www.univ-lorraine.fr\/culture\/wp-json\/wp\/v2\/media?parent=221"}],"curies":[{"name":"wp","href":"https:\/\/api.w.org\/{rel}","templated":true}]}}