{"id":223,"date":"2021-04-26T16:32:18","date_gmt":"2021-04-26T14:32:18","guid":{"rendered":"https:\/\/www.univ-lorraine.fr\/culture\/?page_id=223"},"modified":"2021-08-26T15:43:00","modified_gmt":"2021-08-26T13:43:00","slug":"espace-deleage","status":"publish","type":"page","link":"https:\/\/www.univ-lorraine.fr\/culture\/espace-deleage\/","title":{"rendered":"Espace Del\u00e9age"},"content":{"rendered":"\n<p>L\u2019Espace D\u00e9l\u00e9age est un amphith\u00e9\u00e2tre de cours am\u00e9nag\u00e9 sc\u00e9niquement afin d\u2019accueillir des spectacles vivants, principalement de th\u00e9\u00e2tre, ainsi que des manifestations \u00e9v\u00e9nementielles ou des conf\u00e9rences.<br>La programmation est issue des directions, composantes, associations \u00e9tudiantes de l\u2019Universit\u00e9 de Lorraine. C\u2019est \u00e9galement l\u2019espace utilis\u00e9 par le Th\u00e9\u00e2tre Universitaire de Nancy (T.U.N.) pour mener \u00e0 bien ses actions de formation, cr\u00e9ation et diffusion, \u00e0 destination des \u00e9tudiants de l\u2019Universit\u00e9 de Lorraine et du public nanc\u00e9ien.<\/p>\n\n\n<div class=\"gb-grid-wrapper gb-grid-wrapper-615c83b0\">\n<div class=\"gb-grid-column gb-grid-column-e82a0259\"><div class=\"gb-container gb-container-e82a0259\"><div class=\"gb-inside-container\">\n\n<figure class=\"wp-block-image size-large\"><img loading=\"lazy\" decoding=\"async\" width=\"494\" height=\"329\" src=\"https:\/\/www.univ-lorraine.fr\/culture\/wp-content\/uploads\/sites\/10\/2021\/04\/deleage.jpg\" alt=\"\" class=\"wp-image-360\" srcset=\"https:\/\/www.univ-lorraine.fr\/culture\/wp-content\/uploads\/sites\/10\/2021\/04\/deleage.jpg 494w, https:\/\/www.univ-lorraine.fr\/culture\/wp-content\/uploads\/sites\/10\/2021\/04\/deleage-300x200.jpg 300w\" sizes=\"auto, (max-width: 494px) 100vw, 494px\" \/><\/figure>\n\n<\/div><\/div><\/div>\n\n<div class=\"gb-grid-column gb-grid-column-6662c59c\"><div class=\"gb-container gb-container-6662c59c\"><div class=\"gb-inside-container\">\n\n<h2 class=\"gb-headline gb-headline-6dc7f5a0 gb-headline-text\"><strong>Le Th\u00e9\u00e2tre Universitaire de Nancy<\/strong><\/h2>\n\n\n\n<p>Le Th\u00e9\u00e2tre Universitaire de Nancy (TUN) anime de l\u2019int\u00e9rieur la vie \u00e9tudiante par le moyen du th\u00e9\u00e2tre. Rattach\u00e9 \u00e0 l\u2019Universit\u00e9 de Lorraine, il offre aux \u00e9tudiants la possibilit\u00e9 de pratiquer et d\u2019organiser le th\u00e9\u00e2tre, et de d\u00e9couvrir des spectacles. Il leur propose des activit\u00e9s r\u00e9guli\u00e8res et \u00e9v\u00e9nementielles organis\u00e9es autour de trois grands axes de pratique th\u00e9\u00e2trale : Cr\u00e9ation, Formation et Diffusion qu\u2019il r\u00e9alise dans l\u2019Espace D\u00e9l\u00e9age, d\u00e9di\u00e9 au th\u00e9\u00e2tre.<\/p>\n\n<\/div><\/div><\/div>\n\n<div class=\"gb-grid-column gb-grid-column-cc4d6fa9\"><div class=\"gb-container gb-container-cc4d6fa9\"><div class=\"gb-inside-container\">\n\n<p class=\"has-text-align-center\"><br><strong>Renseignements \/ R\u00e9servations : <\/strong><\/p>\n\n\n\n<p class=\"has-text-align-center\">06 14 34 46 07 (T.U.N.) \/ &#x73;&#x65;&#99;&#114;&#101;t&#x61;&#x72;&#x69;&#97;&#116;&#64;t&#x68;&#x65;&#x61;&#116;&#114;e&#x75;&#x6e;&#x69;&#118;&#101;&#114;s&#x69;&#x74;&#x61;&#105;&#114;en&#x61;&#x6e;&#x63;&#121;&#46;c&#x6f;&#x6d;<\/p>\n\n\n\n<div class=\"wp-block-buttons is-content-justification-center is-layout-flex wp-block-buttons-is-layout-flex\">\n<div class=\"wp-block-button\"><a class=\"wp-block-button__link\" href=\"https:\/\/www.theatreuniversitairenancy.com\/accueil.html\">Plus d&rsquo;infos sur le site du TUN<\/a><\/div>\n<\/div>\n\n<\/div><\/div><\/div>\n<\/div>","protected":false},"excerpt":{"rendered":"<p>L\u2019Espace D\u00e9l\u00e9age est un amphith\u00e9\u00e2tre de cours am\u00e9nag\u00e9 sc\u00e9niquement afin d\u2019accueillir des spectacles vivants, principalement de th\u00e9\u00e2tre, ainsi que des manifestations \u00e9v\u00e9nementielles ou des conf\u00e9rences.La programmation est issue des directions, composantes, associations \u00e9tudiantes de l\u2019Universit\u00e9 de Lorraine. C\u2019est \u00e9galement l\u2019espace utilis\u00e9 par le Th\u00e9\u00e2tre Universitaire de Nancy (T.U.N.) pour mener \u00e0 bien ses actions de &#8230; <a title=\"Espace Del\u00e9age\" class=\"read-more\" href=\"https:\/\/www.univ-lorraine.fr\/culture\/espace-deleage\/\" aria-label=\"En savoir plus sur Espace Del\u00e9age\">Lire plus<\/a><\/p>\n","protected":false},"author":15,"featured_media":0,"parent":0,"menu_order":0,"comment_status":"closed","ping_status":"closed","template":"","meta":{"inline_featured_image":false,"footnotes":""},"class_list":["post-223","page","type-page","status-publish"],"yoast_head":"<!-- This site is optimized with the Yoast SEO plugin v27.4 - https:\/\/yoast.com\/product\/yoast-seo-wordpress\/ -->\n<title>Espace Del\u00e9age - Culture<\/title>\n<meta name=\"robots\" content=\"index, follow, max-snippet:-1, max-image-preview:large, max-video-preview:-1\" \/>\n<link rel=\"canonical\" href=\"https:\/\/www.univ-lorraine.fr\/culture\/espace-deleage\/\" \/>\n<meta property=\"og:locale\" content=\"fr_FR\" \/>\n<meta property=\"og:type\" content=\"article\" \/>\n<meta property=\"og:title\" content=\"Espace Del\u00e9age - Culture\" \/>\n<meta property=\"og:description\" content=\"L\u2019Espace D\u00e9l\u00e9age est un amphith\u00e9\u00e2tre de cours am\u00e9nag\u00e9 sc\u00e9niquement afin d\u2019accueillir des spectacles vivants, principalement de th\u00e9\u00e2tre, ainsi que des manifestations \u00e9v\u00e9nementielles ou des conf\u00e9rences.La programmation est issue des directions, composantes, associations \u00e9tudiantes de l\u2019Universit\u00e9 de Lorraine. C\u2019est \u00e9galement l\u2019espace utilis\u00e9 par le Th\u00e9\u00e2tre Universitaire de Nancy (T.U.N.) pour mener \u00e0 bien ses actions de ... Lire plus\" \/>\n<meta property=\"og:url\" content=\"https:\/\/www.univ-lorraine.fr\/culture\/espace-deleage\/\" \/>\n<meta property=\"og:site_name\" content=\"Culture\" \/>\n<meta property=\"article:modified_time\" content=\"2021-08-26T13:43:00+00:00\" \/>\n<meta property=\"og:image\" content=\"https:\/\/www.univ-lorraine.fr\/culture\/wp-content\/uploads\/sites\/10\/2021\/04\/deleage.jpg\" \/>\n<meta name=\"twitter:card\" content=\"summary_large_image\" \/>\n<meta name=\"twitter:label1\" content=\"Dur\u00e9e de lecture estim\u00e9e\" \/>\n\t<meta name=\"twitter:data1\" content=\"1 minute\" \/>\n<script type=\"application\/ld+json\" class=\"yoast-schema-graph\">{\"@context\":\"https:\\\/\\\/schema.org\",\"@graph\":[{\"@type\":\"WebPage\",\"@id\":\"https:\\\/\\\/www.univ-lorraine.fr\\\/culture\\\/espace-deleage\\\/\",\"url\":\"https:\\\/\\\/www.univ-lorraine.fr\\\/culture\\\/espace-deleage\\\/\",\"name\":\"Espace Del\u00e9age - Culture\",\"isPartOf\":{\"@id\":\"https:\\\/\\\/www.univ-lorraine.fr\\\/culture\\\/#website\"},\"primaryImageOfPage\":{\"@id\":\"https:\\\/\\\/www.univ-lorraine.fr\\\/culture\\\/espace-deleage\\\/#primaryimage\"},\"image\":{\"@id\":\"https:\\\/\\\/www.univ-lorraine.fr\\\/culture\\\/espace-deleage\\\/#primaryimage\"},\"thumbnailUrl\":\"https:\\\/\\\/www.univ-lorraine.fr\\\/culture\\\/wp-content\\\/uploads\\\/sites\\\/10\\\/2021\\\/04\\\/deleage.jpg\",\"datePublished\":\"2021-04-26T14:32:18+00:00\",\"dateModified\":\"2021-08-26T13:43:00+00:00\",\"breadcrumb\":{\"@id\":\"https:\\\/\\\/www.univ-lorraine.fr\\\/culture\\\/espace-deleage\\\/#breadcrumb\"},\"inLanguage\":\"fr-FR\",\"potentialAction\":[{\"@type\":\"ReadAction\",\"target\":[\"https:\\\/\\\/www.univ-lorraine.fr\\\/culture\\\/espace-deleage\\\/\"]}]},{\"@type\":\"ImageObject\",\"inLanguage\":\"fr-FR\",\"@id\":\"https:\\\/\\\/www.univ-lorraine.fr\\\/culture\\\/espace-deleage\\\/#primaryimage\",\"url\":\"https:\\\/\\\/www.univ-lorraine.fr\\\/culture\\\/wp-content\\\/uploads\\\/sites\\\/10\\\/2021\\\/04\\\/deleage.jpg\",\"contentUrl\":\"https:\\\/\\\/www.univ-lorraine.fr\\\/culture\\\/wp-content\\\/uploads\\\/sites\\\/10\\\/2021\\\/04\\\/deleage.jpg\",\"width\":494,\"height\":329,\"caption\":\"Oedipe Roi par le Th\u00e9\u00e2tre Universitaire de Nancy - Espace Del\u00e9age\"},{\"@type\":\"BreadcrumbList\",\"@id\":\"https:\\\/\\\/www.univ-lorraine.fr\\\/culture\\\/espace-deleage\\\/#breadcrumb\",\"itemListElement\":[{\"@type\":\"ListItem\",\"position\":1,\"name\":\"Accueil\",\"item\":\"https:\\\/\\\/www.univ-lorraine.fr\\\/culture\\\/\"},{\"@type\":\"ListItem\",\"position\":2,\"name\":\"Espace Del\u00e9age\"}]},{\"@type\":\"WebSite\",\"@id\":\"https:\\\/\\\/www.univ-lorraine.fr\\\/culture\\\/#website\",\"url\":\"https:\\\/\\\/www.univ-lorraine.fr\\\/culture\\\/\",\"name\":\"Culture\",\"description\":\"\",\"publisher\":{\"@id\":\"https:\\\/\\\/www.univ-lorraine.fr\\\/culture\\\/#organization\"},\"potentialAction\":[{\"@type\":\"SearchAction\",\"target\":{\"@type\":\"EntryPoint\",\"urlTemplate\":\"https:\\\/\\\/www.univ-lorraine.fr\\\/culture\\\/?s={search_term_string}\"},\"query-input\":{\"@type\":\"PropertyValueSpecification\",\"valueRequired\":true,\"valueName\":\"search_term_string\"}}],\"inLanguage\":\"fr-FR\"},{\"@type\":\"Organization\",\"@id\":\"https:\\\/\\\/www.univ-lorraine.fr\\\/culture\\\/#organization\",\"name\":\"Universit\u00e9 de Lorraine\",\"url\":\"https:\\\/\\\/www.univ-lorraine.fr\\\/culture\\\/\",\"logo\":{\"@type\":\"ImageObject\",\"inLanguage\":\"fr-FR\",\"@id\":\"https:\\\/\\\/www.univ-lorraine.fr\\\/culture\\\/#\\\/schema\\\/logo\\\/image\\\/\",\"url\":\"https:\\\/\\\/www.univ-lorraine.fr\\\/culture\\\/wp-content\\\/uploads\\\/sites\\\/10\\\/2021\\\/01\\\/LOGO_UL.png\",\"contentUrl\":\"https:\\\/\\\/www.univ-lorraine.fr\\\/culture\\\/wp-content\\\/uploads\\\/sites\\\/10\\\/2021\\\/01\\\/LOGO_UL.png\",\"width\":138,\"height\":48,\"caption\":\"Universit\u00e9 de Lorraine\"},\"image\":{\"@id\":\"https:\\\/\\\/www.univ-lorraine.fr\\\/culture\\\/#\\\/schema\\\/logo\\\/image\\\/\"}}]}<\/script>\n<!-- \/ Yoast SEO plugin. -->","yoast_head_json":{"title":"Espace Del\u00e9age - Culture","robots":{"index":"index","follow":"follow","max-snippet":"max-snippet:-1","max-image-preview":"max-image-preview:large","max-video-preview":"max-video-preview:-1"},"canonical":"https:\/\/www.univ-lorraine.fr\/culture\/espace-deleage\/","og_locale":"fr_FR","og_type":"article","og_title":"Espace Del\u00e9age - Culture","og_description":"L\u2019Espace D\u00e9l\u00e9age est un amphith\u00e9\u00e2tre de cours am\u00e9nag\u00e9 sc\u00e9niquement afin d\u2019accueillir des spectacles vivants, principalement de th\u00e9\u00e2tre, ainsi que des manifestations \u00e9v\u00e9nementielles ou des conf\u00e9rences.La programmation est issue des directions, composantes, associations \u00e9tudiantes de l\u2019Universit\u00e9 de Lorraine. C\u2019est \u00e9galement l\u2019espace utilis\u00e9 par le Th\u00e9\u00e2tre Universitaire de Nancy (T.U.N.) pour mener \u00e0 bien ses actions de ... Lire plus","og_url":"https:\/\/www.univ-lorraine.fr\/culture\/espace-deleage\/","og_site_name":"Culture","article_modified_time":"2021-08-26T13:43:00+00:00","og_image":[{"url":"https:\/\/www.univ-lorraine.fr\/culture\/wp-content\/uploads\/sites\/10\/2021\/04\/deleage.jpg","type":"","width":"","height":""}],"twitter_card":"summary_large_image","twitter_misc":{"Dur\u00e9e de lecture estim\u00e9e":"1 minute"},"schema":{"@context":"https:\/\/schema.org","@graph":[{"@type":"WebPage","@id":"https:\/\/www.univ-lorraine.fr\/culture\/espace-deleage\/","url":"https:\/\/www.univ-lorraine.fr\/culture\/espace-deleage\/","name":"Espace Del\u00e9age - Culture","isPartOf":{"@id":"https:\/\/www.univ-lorraine.fr\/culture\/#website"},"primaryImageOfPage":{"@id":"https:\/\/www.univ-lorraine.fr\/culture\/espace-deleage\/#primaryimage"},"image":{"@id":"https:\/\/www.univ-lorraine.fr\/culture\/espace-deleage\/#primaryimage"},"thumbnailUrl":"https:\/\/www.univ-lorraine.fr\/culture\/wp-content\/uploads\/sites\/10\/2021\/04\/deleage.jpg","datePublished":"2021-04-26T14:32:18+00:00","dateModified":"2021-08-26T13:43:00+00:00","breadcrumb":{"@id":"https:\/\/www.univ-lorraine.fr\/culture\/espace-deleage\/#breadcrumb"},"inLanguage":"fr-FR","potentialAction":[{"@type":"ReadAction","target":["https:\/\/www.univ-lorraine.fr\/culture\/espace-deleage\/"]}]},{"@type":"ImageObject","inLanguage":"fr-FR","@id":"https:\/\/www.univ-lorraine.fr\/culture\/espace-deleage\/#primaryimage","url":"https:\/\/www.univ-lorraine.fr\/culture\/wp-content\/uploads\/sites\/10\/2021\/04\/deleage.jpg","contentUrl":"https:\/\/www.univ-lorraine.fr\/culture\/wp-content\/uploads\/sites\/10\/2021\/04\/deleage.jpg","width":494,"height":329,"caption":"Oedipe Roi par le Th\u00e9\u00e2tre Universitaire de Nancy - Espace Del\u00e9age"},{"@type":"BreadcrumbList","@id":"https:\/\/www.univ-lorraine.fr\/culture\/espace-deleage\/#breadcrumb","itemListElement":[{"@type":"ListItem","position":1,"name":"Accueil","item":"https:\/\/www.univ-lorraine.fr\/culture\/"},{"@type":"ListItem","position":2,"name":"Espace Del\u00e9age"}]},{"@type":"WebSite","@id":"https:\/\/www.univ-lorraine.fr\/culture\/#website","url":"https:\/\/www.univ-lorraine.fr\/culture\/","name":"Culture","description":"","publisher":{"@id":"https:\/\/www.univ-lorraine.fr\/culture\/#organization"},"potentialAction":[{"@type":"SearchAction","target":{"@type":"EntryPoint","urlTemplate":"https:\/\/www.univ-lorraine.fr\/culture\/?s={search_term_string}"},"query-input":{"@type":"PropertyValueSpecification","valueRequired":true,"valueName":"search_term_string"}}],"inLanguage":"fr-FR"},{"@type":"Organization","@id":"https:\/\/www.univ-lorraine.fr\/culture\/#organization","name":"Universit\u00e9 de Lorraine","url":"https:\/\/www.univ-lorraine.fr\/culture\/","logo":{"@type":"ImageObject","inLanguage":"fr-FR","@id":"https:\/\/www.univ-lorraine.fr\/culture\/#\/schema\/logo\/image\/","url":"https:\/\/www.univ-lorraine.fr\/culture\/wp-content\/uploads\/sites\/10\/2021\/01\/LOGO_UL.png","contentUrl":"https:\/\/www.univ-lorraine.fr\/culture\/wp-content\/uploads\/sites\/10\/2021\/01\/LOGO_UL.png","width":138,"height":48,"caption":"Universit\u00e9 de Lorraine"},"image":{"@id":"https:\/\/www.univ-lorraine.fr\/culture\/#\/schema\/logo\/image\/"}}]}},"_links":{"self":[{"href":"https:\/\/www.univ-lorraine.fr\/culture\/wp-json\/wp\/v2\/pages\/223","targetHints":{"allow":["GET"]}}],"collection":[{"href":"https:\/\/www.univ-lorraine.fr\/culture\/wp-json\/wp\/v2\/pages"}],"about":[{"href":"https:\/\/www.univ-lorraine.fr\/culture\/wp-json\/wp\/v2\/types\/page"}],"author":[{"embeddable":true,"href":"https:\/\/www.univ-lorraine.fr\/culture\/wp-json\/wp\/v2\/users\/15"}],"replies":[{"embeddable":true,"href":"https:\/\/www.univ-lorraine.fr\/culture\/wp-json\/wp\/v2\/comments?post=223"}],"version-history":[{"count":8,"href":"https:\/\/www.univ-lorraine.fr\/culture\/wp-json\/wp\/v2\/pages\/223\/revisions"}],"predecessor-version":[{"id":1612,"href":"https:\/\/www.univ-lorraine.fr\/culture\/wp-json\/wp\/v2\/pages\/223\/revisions\/1612"}],"wp:attachment":[{"href":"https:\/\/www.univ-lorraine.fr\/culture\/wp-json\/wp\/v2\/media?parent=223"}],"curies":[{"name":"wp","href":"https:\/\/api.w.org\/{rel}","templated":true}]}}