{"id":2657,"date":"2023-01-05T15:56:27","date_gmt":"2023-01-05T14:56:27","guid":{"rendered":"https:\/\/www.univ-lorraine.fr\/culture\/?page_id=2657"},"modified":"2025-04-15T12:57:54","modified_gmt":"2025-04-15T10:57:54","slug":"la-residence-de-creation-et-de-mediations-de-linspe-de-lorraine","status":"publish","type":"page","link":"https:\/\/www.univ-lorraine.fr\/culture\/residences-dauteurs-et-prix-litteraires\/la-residence-de-creation-et-de-mediations-de-linspe-de-lorraine\/","title":{"rendered":"La r\u00e9sidence de cr\u00e9ation et de m\u00e9diation de l&rsquo;INSP\u00c9 de Lorraine"},"content":{"rendered":"\n<p><\/p>\n\n\n\n<p>Depuis 2021, l&rsquo;INSP\u00c9 de Lorraine propose en son sein une r\u00e9sidence d\u2019auteur-illustrateur, autrice\u2013illustratrice, illustrateur, illustratrice de litt\u00e9rature de jeunesse dans le cadre du dispositif \u00ab R\u00e9sidences de cr\u00e9ation litt\u00e9raire \u00bb propos\u00e9 par la R\u00e9gion Grand Est et la DRAC Grand Est.<\/p>\n\n\n\n<p>L\u2019INSP\u00c9 de Lorraine souhaite, par un dispositif original, articuler cr\u00e9ation litt\u00e9raire, m\u00e9diations et recherche, en favorisant la rencontre entre un, une auteur-illustrateur, autrice\u2013illustratrice, illustrateur, illustratrice de litt\u00e9rature de jeunesse avec diff\u00e9rents publics (\u00e9tudiants, formateurs, enfants, parents&#8230;) au sein de la cit\u00e9. En partenariat avec le Centre de recherches sur les m\u00e9diations (CREM) et en collaboration avec les acteurs r\u00e9gionaux de la cha\u00eene du livre (librairies, \u00e9diteur, biblioth\u00e8ques, festival jeunesse), il s\u2019agit de croiser r\u00e9sidence et laboratoire mobile afin d\u2019\u00e9tablir un dialogue entre les milieux de la recherche universitaire, de la formation, de l\u2019\u00e9ducation, du livre et ceux de la cr\u00e9ation litt\u00e9raire et artistique. La personne retenue s\u2019engage \u00e0 consacrer entre 20% et 30% (entre 8 et 12 jours) du temps de la r\u00e9sidence \u00e0 des m\u00e9diations en pr\u00e9sence des publics.<\/p>\n\n\n\n<p>Cette r\u00e9sidence permet \u00e9galement \u00e0 la personne retenue d\u2019exposer ses \u0153uvres plastiques sur le lieu-m\u00eame de la R\u00e9sidence, dans la galerie d\u2019art contemporain Le Pr\u00e9au, et dans les Biblioth\u00e8ques Universitaires et la Fabulath\u00e8que de l\u2019INSP\u00c9 de Lorraine. Ces expositions sont r\u00e9mun\u00e9r\u00e9es en plus de la R\u00e9sidence. Le temps d\u2019installation de l\u2019exposition, le vernissage et les d\u00e9crochages se feront en amont et en aval<br>des deux mois de r\u00e9sidence.<\/p>\n\n\n\n<p>L\u2019enjeu est de valoriser la litt\u00e9rature de jeunesse car pour tous les pays qui ont une tradition litt\u00e9raire, la litt\u00e9rature de jeunesse est une des composantes &#8211; trop souvent n\u00e9glig\u00e9e &#8211; de ce qui construit une culture commune, comme le rappelle l\u2019\u00e9crivain Michel Butor : \u00ab fondamentale pour l\u2019\u00e9tude de tout \u00e9crivain, de tout lecteur, donc de nous tous, la constellation des livres de son enfance \u00bb (R\u00e9pertoire III, Paris, \u00e9ditions du Seuil, 1968, p. 260.).<\/p>\n\n\n\n<h2 class=\"wp-block-heading\"><strong>R\u00e9sident et r\u00e9sidentes des ann\u00e9es pr\u00e9c\u00e9dentes :<\/strong><\/h2>\n\n\n<div class=\"gb-grid-wrapper gb-grid-wrapper-b4473f24\">\n<div class=\"gb-grid-column gb-grid-column-0a5101eb\"><div class=\"gb-container gb-container-0a5101eb\"><div class=\"gb-inside-container\">\n<div class=\"gb-container gb-container-12886f36\"><div class=\"gb-inside-container\">\n<div class=\"wp-block-image\">\n<figure class=\"aligncenter size-large is-resized\"><img loading=\"lazy\" decoding=\"async\" width=\"991\" height=\"1024\" src=\"https:\/\/www.univ-lorraine.fr\/culture\/wp-content\/uploads\/sites\/10\/2025\/04\/frederique_rusch-991x1024.jpg\" alt=\"\" class=\"wp-image-7646\" style=\"aspect-ratio:1;object-fit:cover;width:373px\" srcset=\"https:\/\/www.univ-lorraine.fr\/culture\/wp-content\/uploads\/sites\/10\/2025\/04\/frederique_rusch-991x1024.jpg 991w, https:\/\/www.univ-lorraine.fr\/culture\/wp-content\/uploads\/sites\/10\/2025\/04\/frederique_rusch-290x300.jpg 290w, https:\/\/www.univ-lorraine.fr\/culture\/wp-content\/uploads\/sites\/10\/2025\/04\/frederique_rusch-768x794.jpg 768w, https:\/\/www.univ-lorraine.fr\/culture\/wp-content\/uploads\/sites\/10\/2025\/04\/frederique_rusch.jpg 1161w\" sizes=\"auto, (max-width: 991px) 100vw, 991px\" \/><\/figure>\n<\/div>\n<\/div><\/div>\n\n\n<div class=\"wp-block-buttons is-layout-flex wp-block-buttons-is-layout-flex\">\n<div class=\"wp-block-button\"><a class=\"wp-block-button__link wp-element-button\" href=\"https:\/\/inspe.univ-lorraine.fr\/culture-residence-dauteur\/frederique-rusch\">En 2025 Fr\u00e9d\u00e9rique Rusch<\/a><\/div>\n<\/div>\n\n<\/div><\/div><\/div>\n\n<div class=\"gb-grid-column gb-grid-column-4c311f03\"><div class=\"gb-container gb-container-4c311f03\"><div class=\"gb-inside-container\">\n<div class=\"gb-container gb-container-7a1920ca\"><div class=\"gb-inside-container\">\n<div class=\"wp-block-image\">\n<figure class=\"aligncenter size-full\"><img loading=\"lazy\" decoding=\"async\" width=\"450\" height=\"430\" src=\"https:\/\/www.univ-lorraine.fr\/culture\/wp-content\/uploads\/sites\/10\/2025\/04\/renaud-perrin.jpg\" alt=\"\" class=\"wp-image-7645\" style=\"aspect-ratio:1;object-fit:cover\" srcset=\"https:\/\/www.univ-lorraine.fr\/culture\/wp-content\/uploads\/sites\/10\/2025\/04\/renaud-perrin.jpg 450w, https:\/\/www.univ-lorraine.fr\/culture\/wp-content\/uploads\/sites\/10\/2025\/04\/renaud-perrin-300x287.jpg 300w\" sizes=\"auto, (max-width: 450px) 100vw, 450px\" \/><\/figure>\n<\/div>\n<\/div><\/div>\n\n\n<div class=\"wp-block-buttons is-layout-flex wp-block-buttons-is-layout-flex\">\n<div class=\"wp-block-button\"><a class=\"wp-block-button__link wp-element-button\" href=\"http:\/\/inspe.univ-lorraine.fr\/culture-residence-dauteur\/renaud-perrin\">En 2024 Renaud Perrin<\/a><\/div>\n<\/div>\n\n<\/div><\/div><\/div>\n\n<div class=\"gb-grid-column gb-grid-column-7f3c50d5\"><div class=\"gb-container gb-container-7f3c50d5\"><div class=\"gb-inside-container\">\n<div class=\"gb-container gb-container-15c24fba\"><div class=\"gb-inside-container\">\n<div class=\"wp-block-image\">\n<figure class=\"aligncenter size-full\"><img loading=\"lazy\" decoding=\"async\" width=\"1024\" height=\"1024\" src=\"https:\/\/www.univ-lorraine.fr\/culture\/wp-content\/uploads\/sites\/10\/2025\/04\/marine-rivoal-1024x1024-1.png\" alt=\"\" class=\"wp-image-7644\" srcset=\"https:\/\/www.univ-lorraine.fr\/culture\/wp-content\/uploads\/sites\/10\/2025\/04\/marine-rivoal-1024x1024-1.png 1024w, https:\/\/www.univ-lorraine.fr\/culture\/wp-content\/uploads\/sites\/10\/2025\/04\/marine-rivoal-1024x1024-1-300x300.png 300w, https:\/\/www.univ-lorraine.fr\/culture\/wp-content\/uploads\/sites\/10\/2025\/04\/marine-rivoal-1024x1024-1-150x150.png 150w, https:\/\/www.univ-lorraine.fr\/culture\/wp-content\/uploads\/sites\/10\/2025\/04\/marine-rivoal-1024x1024-1-768x768.png 768w\" sizes=\"auto, (max-width: 1024px) 100vw, 1024px\" \/><\/figure>\n<\/div>\n<\/div><\/div>\n\n\n<div class=\"wp-block-buttons is-layout-flex wp-block-buttons-is-layout-flex\">\n<div class=\"wp-block-button\"><a class=\"wp-block-button__link wp-element-button\" href=\"http:\/\/u2l.fr\/rivoal\">En 2023 Marine Rivoal<\/a><\/div>\n<\/div>\n\n<\/div><\/div><\/div>\n<\/div>\n\n\n<div style=\"height:9px\" aria-hidden=\"true\" class=\"wp-block-spacer\"><\/div>\n\n\n\n<p class=\"has-text-align-center\">\u00a9Marie L&rsquo;\u00c9tang (INSP\u00c9 de Lorraine, Universit\u00e9 de Lorraine)<\/p>\n\n\n\n<hr class=\"wp-block-separator has-alpha-channel-opacity\"\/>\n\n\n\n<h2 class=\"wp-block-heading\">Financements : Merci \u00e0 nos m\u00e9c\u00e8nes<\/h2>\n\n\n\n<p>\u2013 DRAC Grand Est<br>\u2013 R\u00e9gion Grand Est<br>\u2013 Conseil D\u00e9partemental de Meurthe-et-Moselle<br>\u2013 INSP\u00c9 de Lorraine \/ Universit\u00e9 de Lorraine<\/p>\n\n\n\n<h2 class=\"wp-block-heading\">Et merci aux partenaires de la R\u00e9sidence<\/h2>\n\n\n\n<p>&#8211; Biblioth\u00e8ques Universitaires de l&rsquo;INSP\u00c9 de Lorraine<br>&#8211; Laboratoire CREM (Unit\u00e9 de Recherche 3476, Universit\u00e9 de Lorraine)<br>&#8211; M\u00e9diath\u00e8que d\u00e9partementale de Meurthe et Moselle<br>&#8211; Ville de Max\u00e9ville (M\u00e9diath\u00e8que)<br>&#8211; Librairie L&rsquo;autre rive (Nancy)<br>&#8211; Librairie Le Pr\u00e9au (Metz)<br>&#8211; CAC \u2013 Synagogue de Delme<\/p>\n\n\n\n<p>La Ville de Max\u00e9ville soutient \u00e9galement notre galerie d&rsquo;art Le Pr\u00e9au.<\/p>\n\n\n\n<div class=\"wp-block-buttons is-content-justification-left is-layout-flex wp-container-core-buttons-is-layout-fdcfc74e wp-block-buttons-is-layout-flex\">\n<div class=\"wp-block-button\"><a class=\"wp-block-button__link wp-element-button\" href=\"https:\/\/u2l.fr\/inspe-residence \">EN SAVOIR PLUS<\/a><\/div>\n<\/div>\n\n\n\n<div style=\"height:6px\" aria-hidden=\"true\" class=\"wp-block-spacer\"><\/div>\n\n\n\n<div class=\"wp-block-buttons is-content-justification-center is-layout-flex wp-container-core-buttons-is-layout-16018d1d wp-block-buttons-is-layout-flex\"><\/div>\n\n\n\n<p class=\"has-text-align-left\"><a href=\"&#109;&#x61;&#105;&#x6c;t&#111;&#x3a;&#105;&#x6e;s&#x70;e&#45;&#x72;&#101;&#x73;i&#x64;&#x65;&#110;&#x63;e&#x2d;c&#111;&#x6e;&#116;&#x61;c&#x74;&#64;&#117;&#x6e;&#105;&#x76;-&#108;&#x6f;&#114;&#x72;a&#x69;n&#101;&#x2e;&#102;&#x72;\">CONTACT : &#x69;&#x6e;&#x73;&#112;&#101;-r&#x65;&#x73;&#x69;&#x64;&#101;&#110;ce&#x2d;&#x63;&#x6f;&#110;&#116;&#97;ct&#x40;&#x75;&#x6e;&#105;&#118;-l&#x6f;&#x72;&#x72;&#x61;&#105;&#110;e&#46;&#x66;&#x72;<\/a><\/p>\n","protected":false},"excerpt":{"rendered":"<p>Depuis 2021, l&rsquo;INSP\u00c9 de Lorraine propose en son sein une r\u00e9sidence d\u2019auteur-illustrateur, autrice\u2013illustratrice, illustrateur, illustratrice de litt\u00e9rature de jeunesse dans le cadre du dispositif \u00ab R\u00e9sidences de cr\u00e9ation litt\u00e9raire \u00bb propos\u00e9 par la R\u00e9gion Grand Est et la DRAC Grand Est. L\u2019INSP\u00c9 de Lorraine souhaite, par un dispositif original, articuler cr\u00e9ation litt\u00e9raire, m\u00e9diations et recherche, &#8230; <a title=\"La r\u00e9sidence de cr\u00e9ation et de m\u00e9diation de l&rsquo;INSP\u00c9 de Lorraine\" class=\"read-more\" href=\"https:\/\/www.univ-lorraine.fr\/culture\/residences-dauteurs-et-prix-litteraires\/la-residence-de-creation-et-de-mediations-de-linspe-de-lorraine\/\" aria-label=\"En savoir plus sur La r\u00e9sidence de cr\u00e9ation et de m\u00e9diation de l&rsquo;INSP\u00c9 de Lorraine\">Lire plus<\/a><\/p>\n","protected":false},"author":29,"featured_media":0,"parent":2109,"menu_order":0,"comment_status":"closed","ping_status":"closed","template":"","meta":{"inline_featured_image":false,"footnotes":""},"class_list":["post-2657","page","type-page","status-publish"],"yoast_head":"<!-- This site is optimized with the Yoast SEO plugin v27.4 - https:\/\/yoast.com\/product\/yoast-seo-wordpress\/ -->\n<title>La r\u00e9sidence de cr\u00e9ation et de m\u00e9diation de l&#039;INSP\u00c9 de Lorraine - Culture<\/title>\n<meta name=\"description\" content=\"L\u2019INSP\u00c9 de Lorraine articule cr\u00e9ation litt\u00e9raire, m\u00e9diations et recherche, par la rencontre d&#039;un auteur-illustrateur avec diff\u00e9rents publics\" \/>\n<meta name=\"robots\" content=\"index, follow, max-snippet:-1, max-image-preview:large, max-video-preview:-1\" \/>\n<link rel=\"canonical\" href=\"https:\/\/www.univ-lorraine.fr\/culture\/residences-dauteurs-et-prix-litteraires\/la-residence-de-creation-et-de-mediations-de-linspe-de-lorraine\/\" \/>\n<meta property=\"og:locale\" content=\"fr_FR\" \/>\n<meta property=\"og:type\" content=\"article\" \/>\n<meta property=\"og:title\" content=\"La r\u00e9sidence de cr\u00e9ation et de m\u00e9diation de l&#039;INSP\u00c9 de Lorraine - Culture\" \/>\n<meta property=\"og:description\" content=\"L\u2019INSP\u00c9 de Lorraine articule cr\u00e9ation litt\u00e9raire, m\u00e9diations et recherche, par la rencontre d&#039;un auteur-illustrateur avec diff\u00e9rents publics\" \/>\n<meta property=\"og:url\" content=\"https:\/\/www.univ-lorraine.fr\/culture\/residences-dauteurs-et-prix-litteraires\/la-residence-de-creation-et-de-mediations-de-linspe-de-lorraine\/\" \/>\n<meta property=\"og:site_name\" content=\"Culture\" \/>\n<meta property=\"article:modified_time\" content=\"2025-04-15T10:57:54+00:00\" \/>\n<meta property=\"og:image\" content=\"https:\/\/www.univ-lorraine.fr\/culture\/wp-content\/uploads\/sites\/10\/2025\/04\/frederique_rusch.jpg\" \/>\n\t<meta property=\"og:image:width\" content=\"1161\" \/>\n\t<meta property=\"og:image:height\" content=\"1200\" \/>\n\t<meta property=\"og:image:type\" content=\"image\/jpeg\" \/>\n<meta name=\"twitter:card\" content=\"summary_large_image\" \/>\n<meta name=\"twitter:label1\" content=\"Dur\u00e9e de lecture estim\u00e9e\" \/>\n\t<meta name=\"twitter:data1\" content=\"3 minutes\" \/>\n<script type=\"application\/ld+json\" class=\"yoast-schema-graph\">{\"@context\":\"https:\\\/\\\/schema.org\",\"@graph\":[{\"@type\":\"WebPage\",\"@id\":\"https:\\\/\\\/www.univ-lorraine.fr\\\/culture\\\/residences-dauteurs-et-prix-litteraires\\\/la-residence-de-creation-et-de-mediations-de-linspe-de-lorraine\\\/\",\"url\":\"https:\\\/\\\/www.univ-lorraine.fr\\\/culture\\\/residences-dauteurs-et-prix-litteraires\\\/la-residence-de-creation-et-de-mediations-de-linspe-de-lorraine\\\/\",\"name\":\"La r\u00e9sidence de cr\u00e9ation et de m\u00e9diation de l'INSP\u00c9 de Lorraine - Culture\",\"isPartOf\":{\"@id\":\"https:\\\/\\\/www.univ-lorraine.fr\\\/culture\\\/#website\"},\"primaryImageOfPage\":{\"@id\":\"https:\\\/\\\/www.univ-lorraine.fr\\\/culture\\\/residences-dauteurs-et-prix-litteraires\\\/la-residence-de-creation-et-de-mediations-de-linspe-de-lorraine\\\/#primaryimage\"},\"image\":{\"@id\":\"https:\\\/\\\/www.univ-lorraine.fr\\\/culture\\\/residences-dauteurs-et-prix-litteraires\\\/la-residence-de-creation-et-de-mediations-de-linspe-de-lorraine\\\/#primaryimage\"},\"thumbnailUrl\":\"https:\\\/\\\/www.univ-lorraine.fr\\\/culture\\\/wp-content\\\/uploads\\\/sites\\\/10\\\/2025\\\/04\\\/frederique_rusch-991x1024.jpg\",\"datePublished\":\"2023-01-05T14:56:27+00:00\",\"dateModified\":\"2025-04-15T10:57:54+00:00\",\"description\":\"L\u2019INSP\u00c9 de Lorraine articule cr\u00e9ation litt\u00e9raire, m\u00e9diations et recherche, par la rencontre d'un auteur-illustrateur avec diff\u00e9rents publics\",\"breadcrumb\":{\"@id\":\"https:\\\/\\\/www.univ-lorraine.fr\\\/culture\\\/residences-dauteurs-et-prix-litteraires\\\/la-residence-de-creation-et-de-mediations-de-linspe-de-lorraine\\\/#breadcrumb\"},\"inLanguage\":\"fr-FR\",\"potentialAction\":[{\"@type\":\"ReadAction\",\"target\":[\"https:\\\/\\\/www.univ-lorraine.fr\\\/culture\\\/residences-dauteurs-et-prix-litteraires\\\/la-residence-de-creation-et-de-mediations-de-linspe-de-lorraine\\\/\"]}]},{\"@type\":\"ImageObject\",\"inLanguage\":\"fr-FR\",\"@id\":\"https:\\\/\\\/www.univ-lorraine.fr\\\/culture\\\/residences-dauteurs-et-prix-litteraires\\\/la-residence-de-creation-et-de-mediations-de-linspe-de-lorraine\\\/#primaryimage\",\"url\":\"https:\\\/\\\/www.univ-lorraine.fr\\\/culture\\\/wp-content\\\/uploads\\\/sites\\\/10\\\/2025\\\/04\\\/frederique_rusch.jpg\",\"contentUrl\":\"https:\\\/\\\/www.univ-lorraine.fr\\\/culture\\\/wp-content\\\/uploads\\\/sites\\\/10\\\/2025\\\/04\\\/frederique_rusch.jpg\",\"width\":1161,\"height\":1200},{\"@type\":\"BreadcrumbList\",\"@id\":\"https:\\\/\\\/www.univ-lorraine.fr\\\/culture\\\/residences-dauteurs-et-prix-litteraires\\\/la-residence-de-creation-et-de-mediations-de-linspe-de-lorraine\\\/#breadcrumb\",\"itemListElement\":[{\"@type\":\"ListItem\",\"position\":1,\"name\":\"Accueil\",\"item\":\"https:\\\/\\\/www.univ-lorraine.fr\\\/culture\\\/\"},{\"@type\":\"ListItem\",\"position\":2,\"name\":\"R\u00e9sidences d&rsquo;auteurs et prix litt\u00e9raires\",\"item\":\"https:\\\/\\\/www.univ-lorraine.fr\\\/culture\\\/residences-dauteurs-et-prix-litteraires\\\/\"},{\"@type\":\"ListItem\",\"position\":3,\"name\":\"La r\u00e9sidence de cr\u00e9ation et de m\u00e9diation de l&rsquo;INSP\u00c9 de Lorraine\"}]},{\"@type\":\"WebSite\",\"@id\":\"https:\\\/\\\/www.univ-lorraine.fr\\\/culture\\\/#website\",\"url\":\"https:\\\/\\\/www.univ-lorraine.fr\\\/culture\\\/\",\"name\":\"Culture\",\"description\":\"\",\"publisher\":{\"@id\":\"https:\\\/\\\/www.univ-lorraine.fr\\\/culture\\\/#organization\"},\"potentialAction\":[{\"@type\":\"SearchAction\",\"target\":{\"@type\":\"EntryPoint\",\"urlTemplate\":\"https:\\\/\\\/www.univ-lorraine.fr\\\/culture\\\/?s={search_term_string}\"},\"query-input\":{\"@type\":\"PropertyValueSpecification\",\"valueRequired\":true,\"valueName\":\"search_term_string\"}}],\"inLanguage\":\"fr-FR\"},{\"@type\":\"Organization\",\"@id\":\"https:\\\/\\\/www.univ-lorraine.fr\\\/culture\\\/#organization\",\"name\":\"Universit\u00e9 de Lorraine\",\"url\":\"https:\\\/\\\/www.univ-lorraine.fr\\\/culture\\\/\",\"logo\":{\"@type\":\"ImageObject\",\"inLanguage\":\"fr-FR\",\"@id\":\"https:\\\/\\\/www.univ-lorraine.fr\\\/culture\\\/#\\\/schema\\\/logo\\\/image\\\/\",\"url\":\"https:\\\/\\\/www.univ-lorraine.fr\\\/culture\\\/wp-content\\\/uploads\\\/sites\\\/10\\\/2021\\\/01\\\/LOGO_UL.png\",\"contentUrl\":\"https:\\\/\\\/www.univ-lorraine.fr\\\/culture\\\/wp-content\\\/uploads\\\/sites\\\/10\\\/2021\\\/01\\\/LOGO_UL.png\",\"width\":138,\"height\":48,\"caption\":\"Universit\u00e9 de Lorraine\"},\"image\":{\"@id\":\"https:\\\/\\\/www.univ-lorraine.fr\\\/culture\\\/#\\\/schema\\\/logo\\\/image\\\/\"}}]}<\/script>\n<!-- \/ Yoast SEO plugin. -->","yoast_head_json":{"title":"La r\u00e9sidence de cr\u00e9ation et de m\u00e9diation de l'INSP\u00c9 de Lorraine - Culture","description":"L\u2019INSP\u00c9 de Lorraine articule cr\u00e9ation litt\u00e9raire, m\u00e9diations et recherche, par la rencontre d'un auteur-illustrateur avec diff\u00e9rents publics","robots":{"index":"index","follow":"follow","max-snippet":"max-snippet:-1","max-image-preview":"max-image-preview:large","max-video-preview":"max-video-preview:-1"},"canonical":"https:\/\/www.univ-lorraine.fr\/culture\/residences-dauteurs-et-prix-litteraires\/la-residence-de-creation-et-de-mediations-de-linspe-de-lorraine\/","og_locale":"fr_FR","og_type":"article","og_title":"La r\u00e9sidence de cr\u00e9ation et de m\u00e9diation de l'INSP\u00c9 de Lorraine - Culture","og_description":"L\u2019INSP\u00c9 de Lorraine articule cr\u00e9ation litt\u00e9raire, m\u00e9diations et recherche, par la rencontre d'un auteur-illustrateur avec diff\u00e9rents publics","og_url":"https:\/\/www.univ-lorraine.fr\/culture\/residences-dauteurs-et-prix-litteraires\/la-residence-de-creation-et-de-mediations-de-linspe-de-lorraine\/","og_site_name":"Culture","article_modified_time":"2025-04-15T10:57:54+00:00","og_image":[{"width":1161,"height":1200,"url":"https:\/\/www.univ-lorraine.fr\/culture\/wp-content\/uploads\/sites\/10\/2025\/04\/frederique_rusch.jpg","type":"image\/jpeg"}],"twitter_card":"summary_large_image","twitter_misc":{"Dur\u00e9e de lecture estim\u00e9e":"3 minutes"},"schema":{"@context":"https:\/\/schema.org","@graph":[{"@type":"WebPage","@id":"https:\/\/www.univ-lorraine.fr\/culture\/residences-dauteurs-et-prix-litteraires\/la-residence-de-creation-et-de-mediations-de-linspe-de-lorraine\/","url":"https:\/\/www.univ-lorraine.fr\/culture\/residences-dauteurs-et-prix-litteraires\/la-residence-de-creation-et-de-mediations-de-linspe-de-lorraine\/","name":"La r\u00e9sidence de cr\u00e9ation et de m\u00e9diation de l'INSP\u00c9 de Lorraine - Culture","isPartOf":{"@id":"https:\/\/www.univ-lorraine.fr\/culture\/#website"},"primaryImageOfPage":{"@id":"https:\/\/www.univ-lorraine.fr\/culture\/residences-dauteurs-et-prix-litteraires\/la-residence-de-creation-et-de-mediations-de-linspe-de-lorraine\/#primaryimage"},"image":{"@id":"https:\/\/www.univ-lorraine.fr\/culture\/residences-dauteurs-et-prix-litteraires\/la-residence-de-creation-et-de-mediations-de-linspe-de-lorraine\/#primaryimage"},"thumbnailUrl":"https:\/\/www.univ-lorraine.fr\/culture\/wp-content\/uploads\/sites\/10\/2025\/04\/frederique_rusch-991x1024.jpg","datePublished":"2023-01-05T14:56:27+00:00","dateModified":"2025-04-15T10:57:54+00:00","description":"L\u2019INSP\u00c9 de Lorraine articule cr\u00e9ation litt\u00e9raire, m\u00e9diations et recherche, par la rencontre d'un auteur-illustrateur avec diff\u00e9rents publics","breadcrumb":{"@id":"https:\/\/www.univ-lorraine.fr\/culture\/residences-dauteurs-et-prix-litteraires\/la-residence-de-creation-et-de-mediations-de-linspe-de-lorraine\/#breadcrumb"},"inLanguage":"fr-FR","potentialAction":[{"@type":"ReadAction","target":["https:\/\/www.univ-lorraine.fr\/culture\/residences-dauteurs-et-prix-litteraires\/la-residence-de-creation-et-de-mediations-de-linspe-de-lorraine\/"]}]},{"@type":"ImageObject","inLanguage":"fr-FR","@id":"https:\/\/www.univ-lorraine.fr\/culture\/residences-dauteurs-et-prix-litteraires\/la-residence-de-creation-et-de-mediations-de-linspe-de-lorraine\/#primaryimage","url":"https:\/\/www.univ-lorraine.fr\/culture\/wp-content\/uploads\/sites\/10\/2025\/04\/frederique_rusch.jpg","contentUrl":"https:\/\/www.univ-lorraine.fr\/culture\/wp-content\/uploads\/sites\/10\/2025\/04\/frederique_rusch.jpg","width":1161,"height":1200},{"@type":"BreadcrumbList","@id":"https:\/\/www.univ-lorraine.fr\/culture\/residences-dauteurs-et-prix-litteraires\/la-residence-de-creation-et-de-mediations-de-linspe-de-lorraine\/#breadcrumb","itemListElement":[{"@type":"ListItem","position":1,"name":"Accueil","item":"https:\/\/www.univ-lorraine.fr\/culture\/"},{"@type":"ListItem","position":2,"name":"R\u00e9sidences d&rsquo;auteurs et prix litt\u00e9raires","item":"https:\/\/www.univ-lorraine.fr\/culture\/residences-dauteurs-et-prix-litteraires\/"},{"@type":"ListItem","position":3,"name":"La r\u00e9sidence de cr\u00e9ation et de m\u00e9diation de l&rsquo;INSP\u00c9 de Lorraine"}]},{"@type":"WebSite","@id":"https:\/\/www.univ-lorraine.fr\/culture\/#website","url":"https:\/\/www.univ-lorraine.fr\/culture\/","name":"Culture","description":"","publisher":{"@id":"https:\/\/www.univ-lorraine.fr\/culture\/#organization"},"potentialAction":[{"@type":"SearchAction","target":{"@type":"EntryPoint","urlTemplate":"https:\/\/www.univ-lorraine.fr\/culture\/?s={search_term_string}"},"query-input":{"@type":"PropertyValueSpecification","valueRequired":true,"valueName":"search_term_string"}}],"inLanguage":"fr-FR"},{"@type":"Organization","@id":"https:\/\/www.univ-lorraine.fr\/culture\/#organization","name":"Universit\u00e9 de Lorraine","url":"https:\/\/www.univ-lorraine.fr\/culture\/","logo":{"@type":"ImageObject","inLanguage":"fr-FR","@id":"https:\/\/www.univ-lorraine.fr\/culture\/#\/schema\/logo\/image\/","url":"https:\/\/www.univ-lorraine.fr\/culture\/wp-content\/uploads\/sites\/10\/2021\/01\/LOGO_UL.png","contentUrl":"https:\/\/www.univ-lorraine.fr\/culture\/wp-content\/uploads\/sites\/10\/2021\/01\/LOGO_UL.png","width":138,"height":48,"caption":"Universit\u00e9 de Lorraine"},"image":{"@id":"https:\/\/www.univ-lorraine.fr\/culture\/#\/schema\/logo\/image\/"}}]}},"_links":{"self":[{"href":"https:\/\/www.univ-lorraine.fr\/culture\/wp-json\/wp\/v2\/pages\/2657","targetHints":{"allow":["GET"]}}],"collection":[{"href":"https:\/\/www.univ-lorraine.fr\/culture\/wp-json\/wp\/v2\/pages"}],"about":[{"href":"https:\/\/www.univ-lorraine.fr\/culture\/wp-json\/wp\/v2\/types\/page"}],"author":[{"embeddable":true,"href":"https:\/\/www.univ-lorraine.fr\/culture\/wp-json\/wp\/v2\/users\/29"}],"replies":[{"embeddable":true,"href":"https:\/\/www.univ-lorraine.fr\/culture\/wp-json\/wp\/v2\/comments?post=2657"}],"version-history":[{"count":11,"href":"https:\/\/www.univ-lorraine.fr\/culture\/wp-json\/wp\/v2\/pages\/2657\/revisions"}],"predecessor-version":[{"id":7650,"href":"https:\/\/www.univ-lorraine.fr\/culture\/wp-json\/wp\/v2\/pages\/2657\/revisions\/7650"}],"up":[{"embeddable":true,"href":"https:\/\/www.univ-lorraine.fr\/culture\/wp-json\/wp\/v2\/pages\/2109"}],"wp:attachment":[{"href":"https:\/\/www.univ-lorraine.fr\/culture\/wp-json\/wp\/v2\/media?parent=2657"}],"curies":[{"name":"wp","href":"https:\/\/api.w.org\/{rel}","templated":true}]}}