{"id":406,"date":"2021-04-28T16:25:27","date_gmt":"2021-04-28T14:25:27","guid":{"rendered":"https:\/\/www.univ-lorraine.fr\/culture\/?page_id=406"},"modified":"2025-09-18T17:53:19","modified_gmt":"2025-09-18T15:53:19","slug":"fetedelascience","status":"publish","type":"page","link":"https:\/\/www.univ-lorraine.fr\/culture\/culturesci\/fetedelascience\/","title":{"rendered":"F\u00eate de la science"},"content":{"rendered":"<div class=\"gb-container gb-container-abe13564\"><div class=\"gb-inside-container\">\n\n<figure class=\"wp-block-image size-full is-resized\"><img loading=\"lazy\" decoding=\"async\" width=\"1500\" height=\"500\" src=\"https:\/\/www.univ-lorraine.fr\/culture\/wp-content\/uploads\/sites\/10\/2025\/08\/fds2025-banniere-web-generique-1500x500-1.png\" alt=\"\" class=\"wp-image-7903\" style=\"width:960px;height:296px\" srcset=\"https:\/\/www.univ-lorraine.fr\/culture\/wp-content\/uploads\/sites\/10\/2025\/08\/fds2025-banniere-web-generique-1500x500-1.png 1500w, https:\/\/www.univ-lorraine.fr\/culture\/wp-content\/uploads\/sites\/10\/2025\/08\/fds2025-banniere-web-generique-1500x500-1-300x100.png 300w, https:\/\/www.univ-lorraine.fr\/culture\/wp-content\/uploads\/sites\/10\/2025\/08\/fds2025-banniere-web-generique-1500x500-1-1024x341.png 1024w, https:\/\/www.univ-lorraine.fr\/culture\/wp-content\/uploads\/sites\/10\/2025\/08\/fds2025-banniere-web-generique-1500x500-1-768x256.png 768w\" sizes=\"auto, (max-width: 1500px) 100vw, 1500px\" \/><\/figure>\n\n\n\n<div style=\"height:51px\" aria-hidden=\"true\" class=\"wp-block-spacer\"><\/div>\n\n\n\n<p>La F\u00eate de la Science est une opportunit\u00e9 pour les citoyens de tout \u00e2ge de d\u00e9couvrir la science sous un jour nouveau, en images, en d\u00e9bats, en actions et en \u00e9motions. C\u2019est aussi un moyen de partager une culture scientifique commune et de d\u00e9velopper l\u2019esprit critique afin de permettre \u00e0 chacun de contribuer au d\u00e9bat public.<\/p>\n\n\n\n<p>Cette ann\u00e9e \u00e0 l\u2019occasion de la F\u00eate de la Science, de nombreuses manifestations&nbsp;<strong>gratuites et ouvertes \u00e0 toutes et \u00e0 tous<\/strong>, sont organis\u00e9es en Lorraine par les chercheur\u00b7e\u00b7s, les \u00e9tudiant\u00b7e\u00b7s ou leurs composantes du 3 au 13 octobre.<\/p>\n\n\n\n<figure class=\"gb-block-image gb-block-image-26022861\"><img loading=\"lazy\" decoding=\"async\" width=\"2000\" height=\"142\" class=\"gb-image gb-image-26022861\" src=\"https:\/\/www.univ-lorraine.fr\/culture\/wp-content\/uploads\/sites\/10\/2025\/09\/fds2025-logos.png\" alt=\"\" title=\"FDS2025 logos\" srcset=\"https:\/\/www.univ-lorraine.fr\/culture\/wp-content\/uploads\/sites\/10\/2025\/09\/fds2025-logos.png 2000w, https:\/\/www.univ-lorraine.fr\/culture\/wp-content\/uploads\/sites\/10\/2025\/09\/fds2025-logos-300x21.png 300w, https:\/\/www.univ-lorraine.fr\/culture\/wp-content\/uploads\/sites\/10\/2025\/09\/fds2025-logos-1024x73.png 1024w, https:\/\/www.univ-lorraine.fr\/culture\/wp-content\/uploads\/sites\/10\/2025\/09\/fds2025-logos-768x55.png 768w, https:\/\/www.univ-lorraine.fr\/culture\/wp-content\/uploads\/sites\/10\/2025\/09\/fds2025-logos-1536x109.png 1536w\" sizes=\"auto, (max-width: 2000px) 100vw, 2000px\" \/><\/figure>\n\n\n\n<div style=\"height:30px\" aria-hidden=\"true\" class=\"wp-block-spacer\"><\/div>\n\n\n\n<h2 class=\"gb-headline gb-headline-82e02a70 gb-headline-text\">Au programme de la f\u00eate de la science 2025<\/h2>\n\n\n\n<div class=\"wp-block-columns is-layout-flex wp-container-core-columns-is-layout-9d6595d7 wp-block-columns-is-layout-flex\">\n<div class=\"wp-block-column is-layout-flow wp-block-column-is-layout-flow\" style=\"flex-basis:33.33%\">\n<figure class=\"wp-block-image size-full\"><a href=\"https:\/\/www.univ-lorraine.fr\/culture\/culturesci\/fetedelascience\/nuitdelascience\/\" target=\"_blank\" rel=\" noreferrer noopener\"><img loading=\"lazy\" decoding=\"async\" width=\"800\" height=\"308\" src=\"https:\/\/www.univ-lorraine.fr\/culture\/wp-content\/uploads\/sites\/10\/2025\/09\/nds2025-miniature-web-fds.png\" alt=\"\" class=\"wp-image-7973\" srcset=\"https:\/\/www.univ-lorraine.fr\/culture\/wp-content\/uploads\/sites\/10\/2025\/09\/nds2025-miniature-web-fds.png 800w, https:\/\/www.univ-lorraine.fr\/culture\/wp-content\/uploads\/sites\/10\/2025\/09\/nds2025-miniature-web-fds-300x116.png 300w, https:\/\/www.univ-lorraine.fr\/culture\/wp-content\/uploads\/sites\/10\/2025\/09\/nds2025-miniature-web-fds-768x296.png 768w\" sizes=\"auto, (max-width: 800px) 100vw, 800px\" \/><\/a><\/figure>\n<\/div>\n\n\n\n<div class=\"wp-block-column is-layout-flow wp-block-column-is-layout-flow\" style=\"flex-basis:66.66%\">\n<p>Nouveaut\u00e9 2025, la <a href=\"https:\/\/www.univ-lorraine.fr\/culture\/culturesci\/fetedelascience\/nuitdelascience\/\" target=\"_blank\" rel=\"noreferrer noopener\">Nuit de la Science<\/a> fait son apparition en ouverture de la F\u00eate de la Science. D\u00e9couvrez la science en images, en jeux, en manipulations et en \u00e9motions, le vendredi 3 octobre de 18h \u00e0 22h, \u00e0 la MJC Nomade &#8211; Nancy.<\/p>\n<\/div>\n<\/div>\n\n<\/div><\/div>\n\n<div class=\"gb-container gb-container-f1b2529d\">\n<p>Aucun contenu n\u2019a \u00e9t\u00e9 trouv\u00e9.<\/p>\n\n<\/div>\n\n<div class=\"gb-container gb-container-4e94279e\">\n<div class=\"gb-grid-wrapper gb-grid-wrapper-34234011\">\n<div class=\"gb-grid-column gb-grid-column-aac87692\"><div class=\"gb-container gb-container-aac87692\">\n\n<p>Pour soutenir la F\u00eate de la Science<br>et la d\u00e9marche de faire se rencontrer la recherche et la soci\u00e9t\u00e9, vous pouvez faire<br><strong>un don<\/strong> via la <a href=\"https:\/\/don.fondation-idplus-lorraine.fr\/fete-de-la-science\">fondation ID+ Lorraine<\/a>.<\/p>\n\n\n\n<div class=\"wp-block-buttons is-horizontal is-content-justification-left is-layout-flex wp-container-core-buttons-is-layout-7e5fce0a wp-block-buttons-is-layout-flex\">\n<div class=\"wp-block-button\"><a class=\"wp-block-button__link wp-element-button\" href=\"https:\/\/www.univ-lorraine.fr\/culture\/wp-content\/uploads\/sites\/10\/2023\/09\/flyer-id-fete-de-la-science-web.pdf\">En savoir plus<\/a><\/div>\n<\/div>\n\n<\/div><\/div>\n\n<div class=\"gb-grid-column gb-grid-column-343b50be\"><div class=\"gb-container gb-container-343b50be\">\n\n<figure class=\"gb-block-image gb-block-image-61bde65e\"><img loading=\"lazy\" decoding=\"async\" width=\"1200\" height=\"370\" class=\"gb-image gb-image-61bde65e\" src=\"https:\/\/www.univ-lorraine.fr\/culture\/wp-content\/uploads\/sites\/10\/2023\/09\/banniere-fondation-id-fds-1.png\" alt=\"\" title=\"Banni\u00e8re fondation ID+ FDS\" srcset=\"https:\/\/www.univ-lorraine.fr\/culture\/wp-content\/uploads\/sites\/10\/2023\/09\/banniere-fondation-id-fds-1.png 1200w, https:\/\/www.univ-lorraine.fr\/culture\/wp-content\/uploads\/sites\/10\/2023\/09\/banniere-fondation-id-fds-1-300x93.png 300w, https:\/\/www.univ-lorraine.fr\/culture\/wp-content\/uploads\/sites\/10\/2023\/09\/banniere-fondation-id-fds-1-1024x316.png 1024w, https:\/\/www.univ-lorraine.fr\/culture\/wp-content\/uploads\/sites\/10\/2023\/09\/banniere-fondation-id-fds-1-768x237.png 768w\" sizes=\"auto, (max-width: 1200px) 100vw, 1200px\" \/><\/figure>\n\n<\/div><\/div>\n<\/div>\n<\/div>","protected":false},"excerpt":{"rendered":"<p>La F\u00eate de la Science est une opportunit\u00e9 pour les citoyens de tout \u00e2ge de d\u00e9couvrir la science sous un jour nouveau, en images, en d\u00e9bats, en actions et en \u00e9motions. C\u2019est aussi un moyen de partager une culture scientifique commune et de d\u00e9velopper l\u2019esprit critique afin de permettre \u00e0 chacun de contribuer au d\u00e9bat &#8230; <a title=\"F\u00eate de la science\" class=\"read-more\" href=\"https:\/\/www.univ-lorraine.fr\/culture\/culturesci\/fetedelascience\/\" aria-label=\"En savoir plus sur F\u00eate de la science\">Lire plus<\/a><\/p>\n","protected":false},"author":15,"featured_media":0,"parent":41,"menu_order":0,"comment_status":"closed","ping_status":"closed","template":"","meta":{"inline_featured_image":false,"footnotes":""},"class_list":["post-406","page","type-page","status-publish"],"yoast_head":"<!-- This site is optimized with the Yoast SEO plugin v27.4 - https:\/\/yoast.com\/product\/yoast-seo-wordpress\/ -->\n<title>F\u00eate de la science - Culture<\/title>\n<meta name=\"description\" content=\"La F\u00eate de la Science a lieu chaque ann\u00e9e en octobre : rencontres, animations, expositions ... d\u00e9couvrez les sciences sous un jour nouveau !\" \/>\n<meta name=\"robots\" content=\"index, follow, max-snippet:-1, max-image-preview:large, max-video-preview:-1\" \/>\n<link rel=\"canonical\" href=\"https:\/\/www.univ-lorraine.fr\/culture\/culturesci\/fetedelascience\/\" \/>\n<meta property=\"og:locale\" content=\"fr_FR\" \/>\n<meta property=\"og:type\" content=\"article\" \/>\n<meta property=\"og:title\" content=\"F\u00eate de la science - Culture\" \/>\n<meta property=\"og:description\" content=\"La F\u00eate de la Science a lieu chaque ann\u00e9e en octobre : rencontres, animations, expositions ... d\u00e9couvrez les sciences sous un jour nouveau !\" \/>\n<meta property=\"og:url\" content=\"https:\/\/www.univ-lorraine.fr\/culture\/culturesci\/fetedelascience\/\" \/>\n<meta property=\"og:site_name\" content=\"Culture\" \/>\n<meta property=\"article:modified_time\" content=\"2025-09-18T15:53:19+00:00\" \/>\n<meta property=\"og:image\" content=\"https:\/\/www.univ-lorraine.fr\/culture\/wp-content\/uploads\/sites\/10\/2025\/08\/fds2025-banniere-web-generique-1500x500-1.png\" \/>\n\t<meta property=\"og:image:width\" content=\"1500\" \/>\n\t<meta property=\"og:image:height\" content=\"500\" \/>\n\t<meta property=\"og:image:type\" content=\"image\/png\" \/>\n<meta name=\"twitter:card\" content=\"summary_large_image\" \/>\n<meta name=\"twitter:label1\" content=\"Dur\u00e9e de lecture estim\u00e9e\" \/>\n\t<meta name=\"twitter:data1\" content=\"2 minutes\" \/>\n<script type=\"application\/ld+json\" class=\"yoast-schema-graph\">{\"@context\":\"https:\\\/\\\/schema.org\",\"@graph\":[{\"@type\":\"WebPage\",\"@id\":\"https:\\\/\\\/www.univ-lorraine.fr\\\/culture\\\/culturesci\\\/fetedelascience\\\/\",\"url\":\"https:\\\/\\\/www.univ-lorraine.fr\\\/culture\\\/culturesci\\\/fetedelascience\\\/\",\"name\":\"F\u00eate de la science - Culture\",\"isPartOf\":{\"@id\":\"https:\\\/\\\/www.univ-lorraine.fr\\\/culture\\\/#website\"},\"primaryImageOfPage\":{\"@id\":\"https:\\\/\\\/www.univ-lorraine.fr\\\/culture\\\/culturesci\\\/fetedelascience\\\/#primaryimage\"},\"image\":{\"@id\":\"https:\\\/\\\/www.univ-lorraine.fr\\\/culture\\\/culturesci\\\/fetedelascience\\\/#primaryimage\"},\"thumbnailUrl\":\"https:\\\/\\\/www.univ-lorraine.fr\\\/culture\\\/wp-content\\\/uploads\\\/sites\\\/10\\\/2025\\\/08\\\/fds2025-banniere-web-generique-1500x500-1.png\",\"datePublished\":\"2021-04-28T14:25:27+00:00\",\"dateModified\":\"2025-09-18T15:53:19+00:00\",\"description\":\"La F\u00eate de la Science a lieu chaque ann\u00e9e en octobre : rencontres, animations, expositions ... d\u00e9couvrez les sciences sous un jour nouveau !\",\"breadcrumb\":{\"@id\":\"https:\\\/\\\/www.univ-lorraine.fr\\\/culture\\\/culturesci\\\/fetedelascience\\\/#breadcrumb\"},\"inLanguage\":\"fr-FR\",\"potentialAction\":[{\"@type\":\"ReadAction\",\"target\":[\"https:\\\/\\\/www.univ-lorraine.fr\\\/culture\\\/culturesci\\\/fetedelascience\\\/\"]}]},{\"@type\":\"ImageObject\",\"inLanguage\":\"fr-FR\",\"@id\":\"https:\\\/\\\/www.univ-lorraine.fr\\\/culture\\\/culturesci\\\/fetedelascience\\\/#primaryimage\",\"url\":\"https:\\\/\\\/www.univ-lorraine.fr\\\/culture\\\/wp-content\\\/uploads\\\/sites\\\/10\\\/2025\\\/08\\\/fds2025-banniere-web-generique-1500x500-1.png\",\"contentUrl\":\"https:\\\/\\\/www.univ-lorraine.fr\\\/culture\\\/wp-content\\\/uploads\\\/sites\\\/10\\\/2025\\\/08\\\/fds2025-banniere-web-generique-1500x500-1.png\",\"width\":1500,\"height\":500},{\"@type\":\"BreadcrumbList\",\"@id\":\"https:\\\/\\\/www.univ-lorraine.fr\\\/culture\\\/culturesci\\\/fetedelascience\\\/#breadcrumb\",\"itemListElement\":[{\"@type\":\"ListItem\",\"position\":1,\"name\":\"Accueil\",\"item\":\"https:\\\/\\\/www.univ-lorraine.fr\\\/culture\\\/\"},{\"@type\":\"ListItem\",\"position\":2,\"name\":\"Science Avec et Pour la Soci\u00e9t\u00e9\",\"item\":\"https:\\\/\\\/www.univ-lorraine.fr\\\/culture\\\/culturesci\\\/\"},{\"@type\":\"ListItem\",\"position\":3,\"name\":\"F\u00eate de la science\"}]},{\"@type\":\"WebSite\",\"@id\":\"https:\\\/\\\/www.univ-lorraine.fr\\\/culture\\\/#website\",\"url\":\"https:\\\/\\\/www.univ-lorraine.fr\\\/culture\\\/\",\"name\":\"Culture\",\"description\":\"\",\"publisher\":{\"@id\":\"https:\\\/\\\/www.univ-lorraine.fr\\\/culture\\\/#organization\"},\"potentialAction\":[{\"@type\":\"SearchAction\",\"target\":{\"@type\":\"EntryPoint\",\"urlTemplate\":\"https:\\\/\\\/www.univ-lorraine.fr\\\/culture\\\/?s={search_term_string}\"},\"query-input\":{\"@type\":\"PropertyValueSpecification\",\"valueRequired\":true,\"valueName\":\"search_term_string\"}}],\"inLanguage\":\"fr-FR\"},{\"@type\":\"Organization\",\"@id\":\"https:\\\/\\\/www.univ-lorraine.fr\\\/culture\\\/#organization\",\"name\":\"Universit\u00e9 de Lorraine\",\"url\":\"https:\\\/\\\/www.univ-lorraine.fr\\\/culture\\\/\",\"logo\":{\"@type\":\"ImageObject\",\"inLanguage\":\"fr-FR\",\"@id\":\"https:\\\/\\\/www.univ-lorraine.fr\\\/culture\\\/#\\\/schema\\\/logo\\\/image\\\/\",\"url\":\"https:\\\/\\\/www.univ-lorraine.fr\\\/culture\\\/wp-content\\\/uploads\\\/sites\\\/10\\\/2021\\\/01\\\/LOGO_UL.png\",\"contentUrl\":\"https:\\\/\\\/www.univ-lorraine.fr\\\/culture\\\/wp-content\\\/uploads\\\/sites\\\/10\\\/2021\\\/01\\\/LOGO_UL.png\",\"width\":138,\"height\":48,\"caption\":\"Universit\u00e9 de Lorraine\"},\"image\":{\"@id\":\"https:\\\/\\\/www.univ-lorraine.fr\\\/culture\\\/#\\\/schema\\\/logo\\\/image\\\/\"}}]}<\/script>\n<!-- \/ Yoast SEO plugin. -->","yoast_head_json":{"title":"F\u00eate de la science - Culture","description":"La F\u00eate de la Science a lieu chaque ann\u00e9e en octobre : rencontres, animations, expositions ... d\u00e9couvrez les sciences sous un jour nouveau !","robots":{"index":"index","follow":"follow","max-snippet":"max-snippet:-1","max-image-preview":"max-image-preview:large","max-video-preview":"max-video-preview:-1"},"canonical":"https:\/\/www.univ-lorraine.fr\/culture\/culturesci\/fetedelascience\/","og_locale":"fr_FR","og_type":"article","og_title":"F\u00eate de la science - Culture","og_description":"La F\u00eate de la Science a lieu chaque ann\u00e9e en octobre : rencontres, animations, expositions ... d\u00e9couvrez les sciences sous un jour nouveau !","og_url":"https:\/\/www.univ-lorraine.fr\/culture\/culturesci\/fetedelascience\/","og_site_name":"Culture","article_modified_time":"2025-09-18T15:53:19+00:00","og_image":[{"width":1500,"height":500,"url":"https:\/\/www.univ-lorraine.fr\/culture\/wp-content\/uploads\/sites\/10\/2025\/08\/fds2025-banniere-web-generique-1500x500-1.png","type":"image\/png"}],"twitter_card":"summary_large_image","twitter_misc":{"Dur\u00e9e de lecture estim\u00e9e":"2 minutes"},"schema":{"@context":"https:\/\/schema.org","@graph":[{"@type":"WebPage","@id":"https:\/\/www.univ-lorraine.fr\/culture\/culturesci\/fetedelascience\/","url":"https:\/\/www.univ-lorraine.fr\/culture\/culturesci\/fetedelascience\/","name":"F\u00eate de la science - Culture","isPartOf":{"@id":"https:\/\/www.univ-lorraine.fr\/culture\/#website"},"primaryImageOfPage":{"@id":"https:\/\/www.univ-lorraine.fr\/culture\/culturesci\/fetedelascience\/#primaryimage"},"image":{"@id":"https:\/\/www.univ-lorraine.fr\/culture\/culturesci\/fetedelascience\/#primaryimage"},"thumbnailUrl":"https:\/\/www.univ-lorraine.fr\/culture\/wp-content\/uploads\/sites\/10\/2025\/08\/fds2025-banniere-web-generique-1500x500-1.png","datePublished":"2021-04-28T14:25:27+00:00","dateModified":"2025-09-18T15:53:19+00:00","description":"La F\u00eate de la Science a lieu chaque ann\u00e9e en octobre : rencontres, animations, expositions ... d\u00e9couvrez les sciences sous un jour nouveau !","breadcrumb":{"@id":"https:\/\/www.univ-lorraine.fr\/culture\/culturesci\/fetedelascience\/#breadcrumb"},"inLanguage":"fr-FR","potentialAction":[{"@type":"ReadAction","target":["https:\/\/www.univ-lorraine.fr\/culture\/culturesci\/fetedelascience\/"]}]},{"@type":"ImageObject","inLanguage":"fr-FR","@id":"https:\/\/www.univ-lorraine.fr\/culture\/culturesci\/fetedelascience\/#primaryimage","url":"https:\/\/www.univ-lorraine.fr\/culture\/wp-content\/uploads\/sites\/10\/2025\/08\/fds2025-banniere-web-generique-1500x500-1.png","contentUrl":"https:\/\/www.univ-lorraine.fr\/culture\/wp-content\/uploads\/sites\/10\/2025\/08\/fds2025-banniere-web-generique-1500x500-1.png","width":1500,"height":500},{"@type":"BreadcrumbList","@id":"https:\/\/www.univ-lorraine.fr\/culture\/culturesci\/fetedelascience\/#breadcrumb","itemListElement":[{"@type":"ListItem","position":1,"name":"Accueil","item":"https:\/\/www.univ-lorraine.fr\/culture\/"},{"@type":"ListItem","position":2,"name":"Science Avec et Pour la Soci\u00e9t\u00e9","item":"https:\/\/www.univ-lorraine.fr\/culture\/culturesci\/"},{"@type":"ListItem","position":3,"name":"F\u00eate de la science"}]},{"@type":"WebSite","@id":"https:\/\/www.univ-lorraine.fr\/culture\/#website","url":"https:\/\/www.univ-lorraine.fr\/culture\/","name":"Culture","description":"","publisher":{"@id":"https:\/\/www.univ-lorraine.fr\/culture\/#organization"},"potentialAction":[{"@type":"SearchAction","target":{"@type":"EntryPoint","urlTemplate":"https:\/\/www.univ-lorraine.fr\/culture\/?s={search_term_string}"},"query-input":{"@type":"PropertyValueSpecification","valueRequired":true,"valueName":"search_term_string"}}],"inLanguage":"fr-FR"},{"@type":"Organization","@id":"https:\/\/www.univ-lorraine.fr\/culture\/#organization","name":"Universit\u00e9 de Lorraine","url":"https:\/\/www.univ-lorraine.fr\/culture\/","logo":{"@type":"ImageObject","inLanguage":"fr-FR","@id":"https:\/\/www.univ-lorraine.fr\/culture\/#\/schema\/logo\/image\/","url":"https:\/\/www.univ-lorraine.fr\/culture\/wp-content\/uploads\/sites\/10\/2021\/01\/LOGO_UL.png","contentUrl":"https:\/\/www.univ-lorraine.fr\/culture\/wp-content\/uploads\/sites\/10\/2021\/01\/LOGO_UL.png","width":138,"height":48,"caption":"Universit\u00e9 de Lorraine"},"image":{"@id":"https:\/\/www.univ-lorraine.fr\/culture\/#\/schema\/logo\/image\/"}}]}},"_links":{"self":[{"href":"https:\/\/www.univ-lorraine.fr\/culture\/wp-json\/wp\/v2\/pages\/406","targetHints":{"allow":["GET"]}}],"collection":[{"href":"https:\/\/www.univ-lorraine.fr\/culture\/wp-json\/wp\/v2\/pages"}],"about":[{"href":"https:\/\/www.univ-lorraine.fr\/culture\/wp-json\/wp\/v2\/types\/page"}],"author":[{"embeddable":true,"href":"https:\/\/www.univ-lorraine.fr\/culture\/wp-json\/wp\/v2\/users\/15"}],"replies":[{"embeddable":true,"href":"https:\/\/www.univ-lorraine.fr\/culture\/wp-json\/wp\/v2\/comments?post=406"}],"version-history":[{"count":53,"href":"https:\/\/www.univ-lorraine.fr\/culture\/wp-json\/wp\/v2\/pages\/406\/revisions"}],"predecessor-version":[{"id":8889,"href":"https:\/\/www.univ-lorraine.fr\/culture\/wp-json\/wp\/v2\/pages\/406\/revisions\/8889"}],"up":[{"embeddable":true,"href":"https:\/\/www.univ-lorraine.fr\/culture\/wp-json\/wp\/v2\/pages\/41"}],"wp:attachment":[{"href":"https:\/\/www.univ-lorraine.fr\/culture\/wp-json\/wp\/v2\/media?parent=406"}],"curies":[{"name":"wp","href":"https:\/\/api.w.org\/{rel}","templated":true}]}}