{"id":414,"date":"2021-04-28T16:27:28","date_gmt":"2021-04-28T14:27:28","guid":{"rendered":"https:\/\/www.univ-lorraine.fr\/culture\/?page_id=414"},"modified":"2025-02-07T13:52:41","modified_gmt":"2025-02-07T12:52:41","slug":"rencontres-moselle","status":"publish","type":"page","link":"https:\/\/www.univ-lorraine.fr\/culture\/culturesci\/rencontres-moselle\/","title":{"rendered":"Rencontres en Moselle"},"content":{"rendered":"\n<div class=\"wp-block-columns is-layout-flex wp-container-core-columns-is-layout-9d6595d7 wp-block-columns-is-layout-flex\">\n<div class=\"wp-block-column is-layout-flow wp-block-column-is-layout-flow\" style=\"flex-basis:33.33%\">\n<figure class=\"wp-block-image size-large\"><img loading=\"lazy\" decoding=\"async\" width=\"1024\" height=\"1024\" src=\"https:\/\/www.univ-lorraine.fr\/culture\/wp-content\/uploads\/sites\/10\/2023\/11\/pour-site-web-ex-utl-1024x1024.png\" alt=\"\" class=\"wp-image-4065\" srcset=\"https:\/\/www.univ-lorraine.fr\/culture\/wp-content\/uploads\/sites\/10\/2023\/11\/pour-site-web-ex-utl-1024x1024.png 1024w, https:\/\/www.univ-lorraine.fr\/culture\/wp-content\/uploads\/sites\/10\/2023\/11\/pour-site-web-ex-utl-300x300.png 300w, https:\/\/www.univ-lorraine.fr\/culture\/wp-content\/uploads\/sites\/10\/2023\/11\/pour-site-web-ex-utl-150x150.png 150w, https:\/\/www.univ-lorraine.fr\/culture\/wp-content\/uploads\/sites\/10\/2023\/11\/pour-site-web-ex-utl-768x768.png 768w, https:\/\/www.univ-lorraine.fr\/culture\/wp-content\/uploads\/sites\/10\/2023\/11\/pour-site-web-ex-utl-1536x1536.png 1536w, https:\/\/www.univ-lorraine.fr\/culture\/wp-content\/uploads\/sites\/10\/2023\/11\/pour-site-web-ex-utl-2048x2048.png 2048w\" sizes=\"auto, (max-width: 1024px) 100vw, 1024px\" \/><\/figure>\n<\/div>\n\n\n\n<div class=\"wp-block-column is-layout-flow wp-block-column-is-layout-flow\" style=\"flex-basis:66.66%\">\n<p>Gratuite et ouverte \u00e0 tous, sans distinction d\u2019\u00e2ge, ni de dipl\u00f4me, la programmation Sciences \/ Soci\u00e9t\u00e9 (pr\u00e9c\u00e9demment connue sous le nom d\u2019Universit\u00e9 du Temps Libre), offre \u00e0 tous le potentiel des connaissances de l\u2019universit\u00e9.<\/p>\n\n\n\n<p>Les activit\u00e9s propos\u00e9es, chaque semaine \u00e0 travers toute la Moselle, en partenariat avec de nombreux acteurs culturels locaux, consistent en des conf\u00e9rences sur des th\u00e8mes vari\u00e9s, des projections-d\u00e9bats, des expositions, des visites guid\u00e9es, des ateliers, des sorties culturelles et des curieux-caf\u00e9s tous les premiers jeudis du mois \u00e0 Metz.<\/p>\n\n\n\n<p>Venez d\u00e9couvrir, explorer et \u00e9changer gr\u00e2ce aux chercheurs qui se font un plaisir de partager leurs travaux au grand public.<\/p>\n<\/div>\n<\/div>\n\n\n\n<div class=\"wp-block-columns is-layout-flex wp-container-core-columns-is-layout-9d6595d7 wp-block-columns-is-layout-flex\">\n<div class=\"wp-block-column is-layout-flow wp-block-column-is-layout-flow\">\n<p>D\u00e9couvrez notre programmation en ligne :<\/p>\n\n\n\n<a class=\"gb-button gb-button-947a5c93 gb-button-text\" href=\"https:\/\/factuel.univ-lorraine.fr\/archives\/agenda\/term\/14855\" target=\"_blank\" rel=\"noopener noreferrer\">Consulter l&rsquo;agenda en ligne<\/a>\n<\/div>\n\n\n\n<div class=\"wp-block-column is-layout-flow wp-block-column-is-layout-flow\">\n<p>Inscrivez-vous \u00e0 notre liste de diffusion :<\/p>\n\n\n\n<a class=\"gb-button gb-button-b1e39fa8 gb-button-text\" href=\"https:\/\/listes.univ-lorraine.fr\/sympa\/subscribe\/dvuc-culture-moselle-contact\" target=\"_blank\" rel=\"noopener noreferrer\">S&rsquo;inscrire \u00e0 la liste de diffusion<\/a>\n<\/div>\n<\/div>\n\n\n\n<div style=\"height:15px\" aria-hidden=\"true\" class=\"wp-block-spacer\"><\/div>\n\n\n\n<h3 class=\"wp-block-heading\" id=\"adhesion-et-contact\">contacts<\/h3>\n\n\n\n<p><strong>Charg\u00e9\u00b7es de projets :<\/strong><\/p>\n\n\n\n<p><strong>M\u00e9lissa Za\u00efri<br><\/strong>m&#101;&#108;&#105;&#x73;&#x73;&#x61;&#46;z&#97;&#105;&#x72;&#x69;&#x40;&#x75;ni&#118;&#45;&#x6c;&#x6f;&#x72;&#x72;a&#105;&#110;&#101;&#x2e;&#x66;&#x72;<br><strong>+33 (0)3.72.74.06.61<\/strong> \/ <strong>+33 (0)6.73.48.34.26<\/strong><\/p>\n\n\n\n<p><strong>Jean-Hugues Bastin<br><\/strong>&#106;&#x65;&#x61;&#110;&#x2d;&#x68;&#117;&#x67;&#x75;&#101;&#x73;&#x2e;&#98;&#x61;&#x73;&#116;&#x69;&#x6e;&#64;&#x75;&#x6e;&#105;&#x76;&#x2d;&#108;&#x6f;&#x72;r&#x61;&#x69;n&#x65;&#x2e;f&#114;<br><a href=\"http:\/\/webdialer.univ-lorraine.fr\/?telephonenumber=06.60.21.62.64\" target=\"_blank\" rel=\"noreferrer noopener\"><strong>+33 (0)6.60.21.62.64<\/strong><\/a>\u00a0\/ <strong>+33 (<a href=\"http:\/\/webdialer.univ-lorraine.fr\/?telephonenumber=03.72.74.06.36\" target=\"_blank\" rel=\"noreferrer noopener\">0)3.72.74.06.36<\/a><\/strong><br><\/p>\n\n\n\n<p>Universit\u00e9 de Lorraine<br>Direction de la Vie Universitaire et de la Culture<br>BP 80794<br>Ile du Saulcy<br>57012 Metz<\/p>\n","protected":false},"excerpt":{"rendered":"<p>Gratuite et ouverte \u00e0 tous, sans distinction d\u2019\u00e2ge, ni de dipl\u00f4me, la programmation Sciences \/ Soci\u00e9t\u00e9 (pr\u00e9c\u00e9demment connue sous le nom d\u2019Universit\u00e9 du Temps Libre), offre \u00e0 tous le potentiel des connaissances de l\u2019universit\u00e9. Les activit\u00e9s propos\u00e9es, chaque semaine \u00e0 travers toute la Moselle, en partenariat avec de nombreux acteurs culturels locaux, consistent en des &#8230; <a title=\"Rencontres en Moselle\" class=\"read-more\" href=\"https:\/\/www.univ-lorraine.fr\/culture\/culturesci\/rencontres-moselle\/\" aria-label=\"En savoir plus sur Rencontres en Moselle\">Lire plus<\/a><\/p>\n","protected":false},"author":15,"featured_media":0,"parent":41,"menu_order":0,"comment_status":"closed","ping_status":"closed","template":"","meta":{"inline_featured_image":false,"footnotes":""},"class_list":["post-414","page","type-page","status-publish"],"yoast_head":"<!-- This site is optimized with the Yoast SEO plugin v27.4 - https:\/\/yoast.com\/product\/yoast-seo-wordpress\/ -->\n<title>Rencontres en Moselle - Culture<\/title>\n<meta name=\"robots\" content=\"index, follow, max-snippet:-1, max-image-preview:large, max-video-preview:-1\" \/>\n<link rel=\"canonical\" href=\"https:\/\/www.univ-lorraine.fr\/culture\/culturesci\/rencontres-moselle\/\" \/>\n<meta property=\"og:locale\" content=\"fr_FR\" \/>\n<meta property=\"og:type\" content=\"article\" \/>\n<meta property=\"og:title\" content=\"Rencontres en Moselle - Culture\" \/>\n<meta property=\"og:description\" content=\"Gratuite et ouverte \u00e0 tous, sans distinction d\u2019\u00e2ge, ni de dipl\u00f4me, la programmation Sciences \/ Soci\u00e9t\u00e9 (pr\u00e9c\u00e9demment connue sous le nom d\u2019Universit\u00e9 du Temps Libre), offre \u00e0 tous le potentiel des connaissances de l\u2019universit\u00e9. Les activit\u00e9s propos\u00e9es, chaque semaine \u00e0 travers toute la Moselle, en partenariat avec de nombreux acteurs culturels locaux, consistent en des ... Lire plus\" \/>\n<meta property=\"og:url\" content=\"https:\/\/www.univ-lorraine.fr\/culture\/culturesci\/rencontres-moselle\/\" \/>\n<meta property=\"og:site_name\" content=\"Culture\" \/>\n<meta property=\"article:modified_time\" content=\"2025-02-07T12:52:41+00:00\" \/>\n<meta property=\"og:image\" content=\"https:\/\/www.univ-lorraine.fr\/culture\/wp-content\/uploads\/sites\/10\/2023\/11\/pour-site-web-ex-utl-1024x1024.png\" \/>\n\t<meta property=\"og:image:width\" content=\"1024\" \/>\n\t<meta property=\"og:image:height\" content=\"1024\" \/>\n\t<meta property=\"og:image:type\" content=\"image\/png\" \/>\n<meta name=\"twitter:card\" content=\"summary_large_image\" \/>\n<meta name=\"twitter:label1\" content=\"Dur\u00e9e de lecture estim\u00e9e\" \/>\n\t<meta name=\"twitter:data1\" content=\"2 minutes\" \/>\n<script type=\"application\/ld+json\" class=\"yoast-schema-graph\">{\"@context\":\"https:\\\/\\\/schema.org\",\"@graph\":[{\"@type\":\"WebPage\",\"@id\":\"https:\\\/\\\/www.univ-lorraine.fr\\\/culture\\\/culturesci\\\/rencontres-moselle\\\/\",\"url\":\"https:\\\/\\\/www.univ-lorraine.fr\\\/culture\\\/culturesci\\\/rencontres-moselle\\\/\",\"name\":\"Rencontres en Moselle - Culture\",\"isPartOf\":{\"@id\":\"https:\\\/\\\/www.univ-lorraine.fr\\\/culture\\\/#website\"},\"primaryImageOfPage\":{\"@id\":\"https:\\\/\\\/www.univ-lorraine.fr\\\/culture\\\/culturesci\\\/rencontres-moselle\\\/#primaryimage\"},\"image\":{\"@id\":\"https:\\\/\\\/www.univ-lorraine.fr\\\/culture\\\/culturesci\\\/rencontres-moselle\\\/#primaryimage\"},\"thumbnailUrl\":\"https:\\\/\\\/www.univ-lorraine.fr\\\/culture\\\/wp-content\\\/uploads\\\/sites\\\/10\\\/2023\\\/11\\\/pour-site-web-ex-utl-1024x1024.png\",\"datePublished\":\"2021-04-28T14:27:28+00:00\",\"dateModified\":\"2025-02-07T12:52:41+00:00\",\"breadcrumb\":{\"@id\":\"https:\\\/\\\/www.univ-lorraine.fr\\\/culture\\\/culturesci\\\/rencontres-moselle\\\/#breadcrumb\"},\"inLanguage\":\"fr-FR\",\"potentialAction\":[{\"@type\":\"ReadAction\",\"target\":[\"https:\\\/\\\/www.univ-lorraine.fr\\\/culture\\\/culturesci\\\/rencontres-moselle\\\/\"]}]},{\"@type\":\"ImageObject\",\"inLanguage\":\"fr-FR\",\"@id\":\"https:\\\/\\\/www.univ-lorraine.fr\\\/culture\\\/culturesci\\\/rencontres-moselle\\\/#primaryimage\",\"url\":\"https:\\\/\\\/www.univ-lorraine.fr\\\/culture\\\/wp-content\\\/uploads\\\/sites\\\/10\\\/2023\\\/11\\\/pour-site-web-ex-utl.png\",\"contentUrl\":\"https:\\\/\\\/www.univ-lorraine.fr\\\/culture\\\/wp-content\\\/uploads\\\/sites\\\/10\\\/2023\\\/11\\\/pour-site-web-ex-utl.png\",\"width\":4500,\"height\":4500},{\"@type\":\"BreadcrumbList\",\"@id\":\"https:\\\/\\\/www.univ-lorraine.fr\\\/culture\\\/culturesci\\\/rencontres-moselle\\\/#breadcrumb\",\"itemListElement\":[{\"@type\":\"ListItem\",\"position\":1,\"name\":\"Accueil\",\"item\":\"https:\\\/\\\/www.univ-lorraine.fr\\\/culture\\\/\"},{\"@type\":\"ListItem\",\"position\":2,\"name\":\"Science Avec et Pour la Soci\u00e9t\u00e9\",\"item\":\"https:\\\/\\\/www.univ-lorraine.fr\\\/culture\\\/culturesci\\\/\"},{\"@type\":\"ListItem\",\"position\":3,\"name\":\"Rencontres en Moselle\"}]},{\"@type\":\"WebSite\",\"@id\":\"https:\\\/\\\/www.univ-lorraine.fr\\\/culture\\\/#website\",\"url\":\"https:\\\/\\\/www.univ-lorraine.fr\\\/culture\\\/\",\"name\":\"Culture\",\"description\":\"\",\"publisher\":{\"@id\":\"https:\\\/\\\/www.univ-lorraine.fr\\\/culture\\\/#organization\"},\"potentialAction\":[{\"@type\":\"SearchAction\",\"target\":{\"@type\":\"EntryPoint\",\"urlTemplate\":\"https:\\\/\\\/www.univ-lorraine.fr\\\/culture\\\/?s={search_term_string}\"},\"query-input\":{\"@type\":\"PropertyValueSpecification\",\"valueRequired\":true,\"valueName\":\"search_term_string\"}}],\"inLanguage\":\"fr-FR\"},{\"@type\":\"Organization\",\"@id\":\"https:\\\/\\\/www.univ-lorraine.fr\\\/culture\\\/#organization\",\"name\":\"Universit\u00e9 de Lorraine\",\"url\":\"https:\\\/\\\/www.univ-lorraine.fr\\\/culture\\\/\",\"logo\":{\"@type\":\"ImageObject\",\"inLanguage\":\"fr-FR\",\"@id\":\"https:\\\/\\\/www.univ-lorraine.fr\\\/culture\\\/#\\\/schema\\\/logo\\\/image\\\/\",\"url\":\"https:\\\/\\\/www.univ-lorraine.fr\\\/culture\\\/wp-content\\\/uploads\\\/sites\\\/10\\\/2021\\\/01\\\/LOGO_UL.png\",\"contentUrl\":\"https:\\\/\\\/www.univ-lorraine.fr\\\/culture\\\/wp-content\\\/uploads\\\/sites\\\/10\\\/2021\\\/01\\\/LOGO_UL.png\",\"width\":138,\"height\":48,\"caption\":\"Universit\u00e9 de Lorraine\"},\"image\":{\"@id\":\"https:\\\/\\\/www.univ-lorraine.fr\\\/culture\\\/#\\\/schema\\\/logo\\\/image\\\/\"}}]}<\/script>\n<!-- \/ Yoast SEO plugin. -->","yoast_head_json":{"title":"Rencontres en Moselle - Culture","robots":{"index":"index","follow":"follow","max-snippet":"max-snippet:-1","max-image-preview":"max-image-preview:large","max-video-preview":"max-video-preview:-1"},"canonical":"https:\/\/www.univ-lorraine.fr\/culture\/culturesci\/rencontres-moselle\/","og_locale":"fr_FR","og_type":"article","og_title":"Rencontres en Moselle - Culture","og_description":"Gratuite et ouverte \u00e0 tous, sans distinction d\u2019\u00e2ge, ni de dipl\u00f4me, la programmation Sciences \/ Soci\u00e9t\u00e9 (pr\u00e9c\u00e9demment connue sous le nom d\u2019Universit\u00e9 du Temps Libre), offre \u00e0 tous le potentiel des connaissances de l\u2019universit\u00e9. Les activit\u00e9s propos\u00e9es, chaque semaine \u00e0 travers toute la Moselle, en partenariat avec de nombreux acteurs culturels locaux, consistent en des ... Lire plus","og_url":"https:\/\/www.univ-lorraine.fr\/culture\/culturesci\/rencontres-moselle\/","og_site_name":"Culture","article_modified_time":"2025-02-07T12:52:41+00:00","og_image":[{"width":1024,"height":1024,"url":"https:\/\/www.univ-lorraine.fr\/culture\/wp-content\/uploads\/sites\/10\/2023\/11\/pour-site-web-ex-utl-1024x1024.png","type":"image\/png"}],"twitter_card":"summary_large_image","twitter_misc":{"Dur\u00e9e de lecture estim\u00e9e":"2 minutes"},"schema":{"@context":"https:\/\/schema.org","@graph":[{"@type":"WebPage","@id":"https:\/\/www.univ-lorraine.fr\/culture\/culturesci\/rencontres-moselle\/","url":"https:\/\/www.univ-lorraine.fr\/culture\/culturesci\/rencontres-moselle\/","name":"Rencontres en Moselle - Culture","isPartOf":{"@id":"https:\/\/www.univ-lorraine.fr\/culture\/#website"},"primaryImageOfPage":{"@id":"https:\/\/www.univ-lorraine.fr\/culture\/culturesci\/rencontres-moselle\/#primaryimage"},"image":{"@id":"https:\/\/www.univ-lorraine.fr\/culture\/culturesci\/rencontres-moselle\/#primaryimage"},"thumbnailUrl":"https:\/\/www.univ-lorraine.fr\/culture\/wp-content\/uploads\/sites\/10\/2023\/11\/pour-site-web-ex-utl-1024x1024.png","datePublished":"2021-04-28T14:27:28+00:00","dateModified":"2025-02-07T12:52:41+00:00","breadcrumb":{"@id":"https:\/\/www.univ-lorraine.fr\/culture\/culturesci\/rencontres-moselle\/#breadcrumb"},"inLanguage":"fr-FR","potentialAction":[{"@type":"ReadAction","target":["https:\/\/www.univ-lorraine.fr\/culture\/culturesci\/rencontres-moselle\/"]}]},{"@type":"ImageObject","inLanguage":"fr-FR","@id":"https:\/\/www.univ-lorraine.fr\/culture\/culturesci\/rencontres-moselle\/#primaryimage","url":"https:\/\/www.univ-lorraine.fr\/culture\/wp-content\/uploads\/sites\/10\/2023\/11\/pour-site-web-ex-utl.png","contentUrl":"https:\/\/www.univ-lorraine.fr\/culture\/wp-content\/uploads\/sites\/10\/2023\/11\/pour-site-web-ex-utl.png","width":4500,"height":4500},{"@type":"BreadcrumbList","@id":"https:\/\/www.univ-lorraine.fr\/culture\/culturesci\/rencontres-moselle\/#breadcrumb","itemListElement":[{"@type":"ListItem","position":1,"name":"Accueil","item":"https:\/\/www.univ-lorraine.fr\/culture\/"},{"@type":"ListItem","position":2,"name":"Science Avec et Pour la Soci\u00e9t\u00e9","item":"https:\/\/www.univ-lorraine.fr\/culture\/culturesci\/"},{"@type":"ListItem","position":3,"name":"Rencontres en Moselle"}]},{"@type":"WebSite","@id":"https:\/\/www.univ-lorraine.fr\/culture\/#website","url":"https:\/\/www.univ-lorraine.fr\/culture\/","name":"Culture","description":"","publisher":{"@id":"https:\/\/www.univ-lorraine.fr\/culture\/#organization"},"potentialAction":[{"@type":"SearchAction","target":{"@type":"EntryPoint","urlTemplate":"https:\/\/www.univ-lorraine.fr\/culture\/?s={search_term_string}"},"query-input":{"@type":"PropertyValueSpecification","valueRequired":true,"valueName":"search_term_string"}}],"inLanguage":"fr-FR"},{"@type":"Organization","@id":"https:\/\/www.univ-lorraine.fr\/culture\/#organization","name":"Universit\u00e9 de Lorraine","url":"https:\/\/www.univ-lorraine.fr\/culture\/","logo":{"@type":"ImageObject","inLanguage":"fr-FR","@id":"https:\/\/www.univ-lorraine.fr\/culture\/#\/schema\/logo\/image\/","url":"https:\/\/www.univ-lorraine.fr\/culture\/wp-content\/uploads\/sites\/10\/2021\/01\/LOGO_UL.png","contentUrl":"https:\/\/www.univ-lorraine.fr\/culture\/wp-content\/uploads\/sites\/10\/2021\/01\/LOGO_UL.png","width":138,"height":48,"caption":"Universit\u00e9 de Lorraine"},"image":{"@id":"https:\/\/www.univ-lorraine.fr\/culture\/#\/schema\/logo\/image\/"}}]}},"_links":{"self":[{"href":"https:\/\/www.univ-lorraine.fr\/culture\/wp-json\/wp\/v2\/pages\/414","targetHints":{"allow":["GET"]}}],"collection":[{"href":"https:\/\/www.univ-lorraine.fr\/culture\/wp-json\/wp\/v2\/pages"}],"about":[{"href":"https:\/\/www.univ-lorraine.fr\/culture\/wp-json\/wp\/v2\/types\/page"}],"author":[{"embeddable":true,"href":"https:\/\/www.univ-lorraine.fr\/culture\/wp-json\/wp\/v2\/users\/15"}],"replies":[{"embeddable":true,"href":"https:\/\/www.univ-lorraine.fr\/culture\/wp-json\/wp\/v2\/comments?post=414"}],"version-history":[{"count":43,"href":"https:\/\/www.univ-lorraine.fr\/culture\/wp-json\/wp\/v2\/pages\/414\/revisions"}],"predecessor-version":[{"id":6958,"href":"https:\/\/www.univ-lorraine.fr\/culture\/wp-json\/wp\/v2\/pages\/414\/revisions\/6958"}],"up":[{"embeddable":true,"href":"https:\/\/www.univ-lorraine.fr\/culture\/wp-json\/wp\/v2\/pages\/41"}],"wp:attachment":[{"href":"https:\/\/www.univ-lorraine.fr\/culture\/wp-json\/wp\/v2\/media?parent=414"}],"curies":[{"name":"wp","href":"https:\/\/api.w.org\/{rel}","templated":true}]}}