{"id":425,"date":"2021-04-28T16:30:20","date_gmt":"2021-04-28T14:30:20","guid":{"rendered":"https:\/\/www.univ-lorraine.fr\/culture\/?page_id=425"},"modified":"2025-09-10T11:52:47","modified_gmt":"2025-09-10T09:52:47","slug":"jep","status":"publish","type":"page","link":"https:\/\/www.univ-lorraine.fr\/culture\/culturesci\/patrimoines\/jep\/","title":{"rendered":"Journ\u00e9es europ\u00e9ennes du patrimoine"},"content":{"rendered":"\n<div class=\"wp-block-columns is-layout-flex wp-container-core-columns-is-layout-9d6595d7 wp-block-columns-is-layout-flex\">\n<div class=\"wp-block-column is-layout-flow wp-block-column-is-layout-flow\" style=\"flex-basis:33.33%\">\n<figure class=\"wp-block-image size-large\"><img loading=\"lazy\" decoding=\"async\" width=\"724\" height=\"1024\" src=\"https:\/\/www.univ-lorraine.fr\/culture\/wp-content\/uploads\/sites\/10\/2025\/09\/b4250c3bd25f-affiche-a4-724x1024.webp\" alt=\"\" class=\"wp-image-7978\" srcset=\"https:\/\/www.univ-lorraine.fr\/culture\/wp-content\/uploads\/sites\/10\/2025\/09\/b4250c3bd25f-affiche-a4-724x1024.webp 724w, https:\/\/www.univ-lorraine.fr\/culture\/wp-content\/uploads\/sites\/10\/2025\/09\/b4250c3bd25f-affiche-a4-212x300.webp 212w, https:\/\/www.univ-lorraine.fr\/culture\/wp-content\/uploads\/sites\/10\/2025\/09\/b4250c3bd25f-affiche-a4-768x1086.webp 768w, https:\/\/www.univ-lorraine.fr\/culture\/wp-content\/uploads\/sites\/10\/2025\/09\/b4250c3bd25f-affiche-a4-1086x1536.webp 1086w, https:\/\/www.univ-lorraine.fr\/culture\/wp-content\/uploads\/sites\/10\/2025\/09\/b4250c3bd25f-affiche-a4.webp 1240w\" sizes=\"auto, (max-width: 724px) 100vw, 724px\" \/><\/figure>\n<\/div>\n\n\n\n<div class=\"wp-block-column is-layout-flow wp-block-column-is-layout-flow\" style=\"flex-basis:66.66%\">\n<p>Chaque ann\u00e9e \u00e0 l\u2019occasion des journ\u00e9es du matrimoine et du patrimoine, de nombreuses manifestations se d\u00e9roulent sur les sites universitaires et\/ou en lien avec l\u2019Universit\u00e9 de Lorraine.<\/p>\n\n\n\n<p>En 2025, entrez dans la fabrique du patrimoine, d\u00e9couvrez les tr\u00e9sors des BU, du jardin botanique Jean-Marie Pelt, du mus\u00e9e de la Sant\u00e9, faites honneur aux femmes scientifiques avec le F\u00e9ru des Sciences&#8230;<\/p>\n<\/div>\n<\/div>\n\n\n\n<p>Visites, animations, th\u00e9\u00e2tre scientifique&#8230; les Journ\u00e9es europ\u00e9ennes du matrimoine et du patrimoine 2025 se d\u00e9roulent du 19 au 21 septembre.<\/p>\n\n\n\n<div class=\"wp-block-buttons is-horizontal is-content-justification-center is-layout-flex wp-container-core-buttons-is-layout-499968f5 wp-block-buttons-is-layout-flex\">\n<div class=\"wp-block-button\"><a class=\"wp-block-button__link wp-element-button\" href=\"https:\/\/factuel.univ-lorraine.fr\/journees-europeennes-du-patrimoine\/\" target=\"_blank\" rel=\"noreferrer noopener\">D\u00e9couvrir la programmation sur Factuel<\/a><\/div>\n<\/div>\n\n\n\n<div style=\"height:30px\" aria-hidden=\"true\" class=\"wp-block-spacer\"><\/div>\n\n\n\n<figure class=\"wp-block-gallery has-nested-images columns-default is-cropped wp-block-gallery-1 is-layout-flex wp-block-gallery-is-layout-flex\">\n<figure class=\"wp-block-image size-large\"><img loading=\"lazy\" decoding=\"async\" width=\"1024\" height=\"683\" data-id=\"5692\" src=\"https:\/\/www.univ-lorraine.fr\/culture\/wp-content\/uploads\/sites\/10\/2024\/09\/7t6b0680-1024x683.jpg\" alt=\"Laboratoire d'improvisation. Les com\u00e9diens de la compagnie Crache-Texte sont sur sc\u00e8ne avec une chercheuse et le public.\" class=\"wp-image-5692\" srcset=\"https:\/\/www.univ-lorraine.fr\/culture\/wp-content\/uploads\/sites\/10\/2024\/09\/7t6b0680-1024x683.jpg 1024w, https:\/\/www.univ-lorraine.fr\/culture\/wp-content\/uploads\/sites\/10\/2024\/09\/7t6b0680-300x200.jpg 300w, https:\/\/www.univ-lorraine.fr\/culture\/wp-content\/uploads\/sites\/10\/2024\/09\/7t6b0680-768x512.jpg 768w, https:\/\/www.univ-lorraine.fr\/culture\/wp-content\/uploads\/sites\/10\/2024\/09\/7t6b0680-1536x1024.jpg 1536w, https:\/\/www.univ-lorraine.fr\/culture\/wp-content\/uploads\/sites\/10\/2024\/09\/7t6b0680-2048x1365.jpg 2048w\" sizes=\"auto, (max-width: 1024px) 100vw, 1024px\" \/><\/figure>\n\n\n\n<figure class=\"wp-block-image size-large\"><img loading=\"lazy\" decoding=\"async\" width=\"1024\" height=\"768\" data-id=\"5689\" src=\"https:\/\/www.univ-lorraine.fr\/culture\/wp-content\/uploads\/sites\/10\/2024\/09\/archives-patrimoine-ahp-1024x768.jpg\" alt=\"\" class=\"wp-image-5689\" srcset=\"https:\/\/www.univ-lorraine.fr\/culture\/wp-content\/uploads\/sites\/10\/2024\/09\/archives-patrimoine-ahp-1024x768.jpg 1024w, https:\/\/www.univ-lorraine.fr\/culture\/wp-content\/uploads\/sites\/10\/2024\/09\/archives-patrimoine-ahp-300x225.jpg 300w, https:\/\/www.univ-lorraine.fr\/culture\/wp-content\/uploads\/sites\/10\/2024\/09\/archives-patrimoine-ahp-768x576.jpg 768w, https:\/\/www.univ-lorraine.fr\/culture\/wp-content\/uploads\/sites\/10\/2024\/09\/archives-patrimoine-ahp.jpg 1200w\" sizes=\"auto, (max-width: 1024px) 100vw, 1024px\" \/><\/figure>\n\n\n\n<figure class=\"wp-block-image size-large\"><img loading=\"lazy\" decoding=\"async\" width=\"940\" height=\"470\" data-id=\"5688\" src=\"https:\/\/www.univ-lorraine.fr\/culture\/wp-content\/uploads\/sites\/10\/2024\/09\/bu-droit.jpg\" alt=\"\" class=\"wp-image-5688\" srcset=\"https:\/\/www.univ-lorraine.fr\/culture\/wp-content\/uploads\/sites\/10\/2024\/09\/bu-droit.jpg 940w, https:\/\/www.univ-lorraine.fr\/culture\/wp-content\/uploads\/sites\/10\/2024\/09\/bu-droit-300x150.jpg 300w, https:\/\/www.univ-lorraine.fr\/culture\/wp-content\/uploads\/sites\/10\/2024\/09\/bu-droit-768x384.jpg 768w\" sizes=\"auto, (max-width: 940px) 100vw, 940px\" \/><\/figure>\n\n\n\n<figure class=\"wp-block-image size-large\"><img loading=\"lazy\" decoding=\"async\" width=\"940\" height=\"470\" data-id=\"5687\" src=\"https:\/\/www.univ-lorraine.fr\/culture\/wp-content\/uploads\/sites\/10\/2024\/09\/bu-lettres.jpg\" alt=\"\" class=\"wp-image-5687\" srcset=\"https:\/\/www.univ-lorraine.fr\/culture\/wp-content\/uploads\/sites\/10\/2024\/09\/bu-lettres.jpg 940w, https:\/\/www.univ-lorraine.fr\/culture\/wp-content\/uploads\/sites\/10\/2024\/09\/bu-lettres-300x150.jpg 300w, https:\/\/www.univ-lorraine.fr\/culture\/wp-content\/uploads\/sites\/10\/2024\/09\/bu-lettres-768x384.jpg 768w\" sizes=\"auto, (max-width: 940px) 100vw, 940px\" \/><\/figure>\n\n\n\n<figure class=\"wp-block-image size-large\"><img loading=\"lazy\" decoding=\"async\" width=\"642\" height=\"1024\" data-id=\"5690\" src=\"https:\/\/www.univ-lorraine.fr\/culture\/wp-content\/uploads\/sites\/10\/2024\/09\/dli-ivr41_825402843v_2-642x1024.jpg\" alt=\"\" class=\"wp-image-5690\" srcset=\"https:\/\/www.univ-lorraine.fr\/culture\/wp-content\/uploads\/sites\/10\/2024\/09\/dli-ivr41_825402843v_2-642x1024.jpg 642w, https:\/\/www.univ-lorraine.fr\/culture\/wp-content\/uploads\/sites\/10\/2024\/09\/dli-ivr41_825402843v_2-188x300.jpg 188w, https:\/\/www.univ-lorraine.fr\/culture\/wp-content\/uploads\/sites\/10\/2024\/09\/dli-ivr41_825402843v_2-768x1224.jpg 768w, https:\/\/www.univ-lorraine.fr\/culture\/wp-content\/uploads\/sites\/10\/2024\/09\/dli-ivr41_825402843v_2-964x1536.jpg 964w, https:\/\/www.univ-lorraine.fr\/culture\/wp-content\/uploads\/sites\/10\/2024\/09\/dli-ivr41_825402843v_2.jpg 1202w\" sizes=\"auto, (max-width: 642px) 100vw, 642px\" \/><\/figure>\n\n\n\n<figure class=\"wp-block-image size-large\"><img loading=\"lazy\" decoding=\"async\" width=\"1024\" height=\"683\" data-id=\"5691\" src=\"https:\/\/www.univ-lorraine.fr\/culture\/wp-content\/uploads\/sites\/10\/2024\/09\/img_2942-1024x683.jpeg\" alt=\"\" class=\"wp-image-5691\" srcset=\"https:\/\/www.univ-lorraine.fr\/culture\/wp-content\/uploads\/sites\/10\/2024\/09\/img_2942-1024x683.jpeg 1024w, https:\/\/www.univ-lorraine.fr\/culture\/wp-content\/uploads\/sites\/10\/2024\/09\/img_2942-300x200.jpeg 300w, https:\/\/www.univ-lorraine.fr\/culture\/wp-content\/uploads\/sites\/10\/2024\/09\/img_2942-768x512.jpeg 768w, https:\/\/www.univ-lorraine.fr\/culture\/wp-content\/uploads\/sites\/10\/2024\/09\/img_2942-1536x1024.jpeg 1536w, https:\/\/www.univ-lorraine.fr\/culture\/wp-content\/uploads\/sites\/10\/2024\/09\/img_2942-2048x1365.jpeg 2048w\" sizes=\"auto, (max-width: 1024px) 100vw, 1024px\" \/><\/figure>\n\n\n\n<figure class=\"wp-block-image size-large\"><img loading=\"lazy\" decoding=\"async\" width=\"1024\" height=\"768\" data-id=\"5693\" src=\"https:\/\/www.univ-lorraine.fr\/culture\/wp-content\/uploads\/sites\/10\/2024\/09\/img_3098-1024x768.jpg\" alt=\"\" class=\"wp-image-5693\" srcset=\"https:\/\/www.univ-lorraine.fr\/culture\/wp-content\/uploads\/sites\/10\/2024\/09\/img_3098-1024x768.jpg 1024w, https:\/\/www.univ-lorraine.fr\/culture\/wp-content\/uploads\/sites\/10\/2024\/09\/img_3098-300x225.jpg 300w, https:\/\/www.univ-lorraine.fr\/culture\/wp-content\/uploads\/sites\/10\/2024\/09\/img_3098-768x576.jpg 768w, https:\/\/www.univ-lorraine.fr\/culture\/wp-content\/uploads\/sites\/10\/2024\/09\/img_3098-1536x1152.jpg 1536w, https:\/\/www.univ-lorraine.fr\/culture\/wp-content\/uploads\/sites\/10\/2024\/09\/img_3098-2048x1536.jpg 2048w\" sizes=\"auto, (max-width: 1024px) 100vw, 1024px\" \/><\/figure>\n\n\n\n<figure class=\"wp-block-image size-large\"><img loading=\"lazy\" decoding=\"async\" width=\"1024\" height=\"667\" data-id=\"5694\" src=\"https:\/\/www.univ-lorraine.fr\/culture\/wp-content\/uploads\/sites\/10\/2024\/09\/palais-de-universite-limedia-galeries-1024x667.jpg\" alt=\"\" class=\"wp-image-5694\" srcset=\"https:\/\/www.univ-lorraine.fr\/culture\/wp-content\/uploads\/sites\/10\/2024\/09\/palais-de-universite-limedia-galeries-1024x667.jpg 1024w, https:\/\/www.univ-lorraine.fr\/culture\/wp-content\/uploads\/sites\/10\/2024\/09\/palais-de-universite-limedia-galeries-300x195.jpg 300w, https:\/\/www.univ-lorraine.fr\/culture\/wp-content\/uploads\/sites\/10\/2024\/09\/palais-de-universite-limedia-galeries-768x500.jpg 768w, https:\/\/www.univ-lorraine.fr\/culture\/wp-content\/uploads\/sites\/10\/2024\/09\/palais-de-universite-limedia-galeries-1536x1000.jpg 1536w, https:\/\/www.univ-lorraine.fr\/culture\/wp-content\/uploads\/sites\/10\/2024\/09\/palais-de-universite-limedia-galeries-2048x1334.jpg 2048w\" sizes=\"auto, (max-width: 1024px) 100vw, 1024px\" \/><\/figure>\n<\/figure>\n","protected":false},"excerpt":{"rendered":"<p>Chaque ann\u00e9e \u00e0 l\u2019occasion des journ\u00e9es du matrimoine et du patrimoine, de nombreuses manifestations se d\u00e9roulent sur les sites universitaires et\/ou en lien avec l\u2019Universit\u00e9 de Lorraine. En 2025, entrez dans la fabrique du patrimoine, d\u00e9couvrez les tr\u00e9sors des BU, du jardin botanique Jean-Marie Pelt, du mus\u00e9e de la Sant\u00e9, faites honneur aux femmes scientifiques &#8230; <a title=\"Journ\u00e9es europ\u00e9ennes du patrimoine\" class=\"read-more\" href=\"https:\/\/www.univ-lorraine.fr\/culture\/culturesci\/patrimoines\/jep\/\" aria-label=\"En savoir plus sur Journ\u00e9es europ\u00e9ennes du patrimoine\">Lire plus<\/a><\/p>\n","protected":false},"author":15,"featured_media":0,"parent":234,"menu_order":0,"comment_status":"closed","ping_status":"closed","template":"","meta":{"inline_featured_image":false,"footnotes":""},"class_list":["post-425","page","type-page","status-publish"],"yoast_head":"<!-- This site is optimized with the Yoast SEO plugin v27.4 - https:\/\/yoast.com\/product\/yoast-seo-wordpress\/ -->\n<title>Journ\u00e9es europ\u00e9ennes du patrimoine - Culture<\/title>\n<meta name=\"description\" content=\"Lors des journ\u00e9es europ\u00e9ennes du patrimoine, d\u00e9couvrez les collections scientifiques et sites remarquables de l&#039;Universit\u00e9 de Lorraine.\" \/>\n<meta name=\"robots\" content=\"index, follow, max-snippet:-1, max-image-preview:large, max-video-preview:-1\" \/>\n<link rel=\"canonical\" href=\"https:\/\/www.univ-lorraine.fr\/culture\/culturesci\/patrimoines\/jep\/\" \/>\n<meta property=\"og:locale\" content=\"fr_FR\" \/>\n<meta property=\"og:type\" content=\"article\" \/>\n<meta property=\"og:title\" content=\"Journ\u00e9es europ\u00e9ennes du patrimoine - Culture\" \/>\n<meta property=\"og:description\" content=\"Lors des journ\u00e9es europ\u00e9ennes du patrimoine, d\u00e9couvrez les collections scientifiques et sites remarquables de l&#039;Universit\u00e9 de Lorraine.\" \/>\n<meta property=\"og:url\" content=\"https:\/\/www.univ-lorraine.fr\/culture\/culturesci\/patrimoines\/jep\/\" \/>\n<meta property=\"og:site_name\" content=\"Culture\" \/>\n<meta property=\"article:modified_time\" content=\"2025-09-10T09:52:47+00:00\" \/>\n<meta property=\"og:image\" content=\"https:\/\/www.univ-lorraine.fr\/culture\/wp-content\/uploads\/sites\/10\/2025\/09\/b4250c3bd25f-affiche-a4.webp\" \/>\n\t<meta property=\"og:image:width\" content=\"1240\" \/>\n\t<meta property=\"og:image:height\" content=\"1754\" \/>\n\t<meta property=\"og:image:type\" content=\"image\/webp\" \/>\n<meta name=\"twitter:card\" content=\"summary_large_image\" \/>\n<meta name=\"twitter:label1\" content=\"Dur\u00e9e de lecture estim\u00e9e\" \/>\n\t<meta name=\"twitter:data1\" content=\"3 minutes\" \/>\n<script type=\"application\/ld+json\" class=\"yoast-schema-graph\">{\"@context\":\"https:\\\/\\\/schema.org\",\"@graph\":[{\"@type\":\"WebPage\",\"@id\":\"https:\\\/\\\/www.univ-lorraine.fr\\\/culture\\\/culturesci\\\/patrimoines\\\/jep\\\/\",\"url\":\"https:\\\/\\\/www.univ-lorraine.fr\\\/culture\\\/culturesci\\\/patrimoines\\\/jep\\\/\",\"name\":\"Journ\u00e9es europ\u00e9ennes du patrimoine - Culture\",\"isPartOf\":{\"@id\":\"https:\\\/\\\/www.univ-lorraine.fr\\\/culture\\\/#website\"},\"primaryImageOfPage\":{\"@id\":\"https:\\\/\\\/www.univ-lorraine.fr\\\/culture\\\/culturesci\\\/patrimoines\\\/jep\\\/#primaryimage\"},\"image\":{\"@id\":\"https:\\\/\\\/www.univ-lorraine.fr\\\/culture\\\/culturesci\\\/patrimoines\\\/jep\\\/#primaryimage\"},\"thumbnailUrl\":\"https:\\\/\\\/www.univ-lorraine.fr\\\/culture\\\/wp-content\\\/uploads\\\/sites\\\/10\\\/2025\\\/09\\\/b4250c3bd25f-affiche-a4-724x1024.webp\",\"datePublished\":\"2021-04-28T14:30:20+00:00\",\"dateModified\":\"2025-09-10T09:52:47+00:00\",\"description\":\"Lors des journ\u00e9es europ\u00e9ennes du patrimoine, d\u00e9couvrez les collections scientifiques et sites remarquables de l'Universit\u00e9 de Lorraine.\",\"breadcrumb\":{\"@id\":\"https:\\\/\\\/www.univ-lorraine.fr\\\/culture\\\/culturesci\\\/patrimoines\\\/jep\\\/#breadcrumb\"},\"inLanguage\":\"fr-FR\",\"potentialAction\":[{\"@type\":\"ReadAction\",\"target\":[\"https:\\\/\\\/www.univ-lorraine.fr\\\/culture\\\/culturesci\\\/patrimoines\\\/jep\\\/\"]}]},{\"@type\":\"ImageObject\",\"inLanguage\":\"fr-FR\",\"@id\":\"https:\\\/\\\/www.univ-lorraine.fr\\\/culture\\\/culturesci\\\/patrimoines\\\/jep\\\/#primaryimage\",\"url\":\"https:\\\/\\\/www.univ-lorraine.fr\\\/culture\\\/wp-content\\\/uploads\\\/sites\\\/10\\\/2025\\\/09\\\/b4250c3bd25f-affiche-a4.webp\",\"contentUrl\":\"https:\\\/\\\/www.univ-lorraine.fr\\\/culture\\\/wp-content\\\/uploads\\\/sites\\\/10\\\/2025\\\/09\\\/b4250c3bd25f-affiche-a4.webp\",\"width\":1240,\"height\":1754},{\"@type\":\"BreadcrumbList\",\"@id\":\"https:\\\/\\\/www.univ-lorraine.fr\\\/culture\\\/culturesci\\\/patrimoines\\\/jep\\\/#breadcrumb\",\"itemListElement\":[{\"@type\":\"ListItem\",\"position\":1,\"name\":\"Accueil\",\"item\":\"https:\\\/\\\/www.univ-lorraine.fr\\\/culture\\\/\"},{\"@type\":\"ListItem\",\"position\":2,\"name\":\"Science Avec et Pour la Soci\u00e9t\u00e9\",\"item\":\"https:\\\/\\\/www.univ-lorraine.fr\\\/culture\\\/culturesci\\\/\"},{\"@type\":\"ListItem\",\"position\":3,\"name\":\"Patrimoines et mus\u00e9es\",\"item\":\"https:\\\/\\\/www.univ-lorraine.fr\\\/culture\\\/culturesci\\\/patrimoines\\\/\"},{\"@type\":\"ListItem\",\"position\":4,\"name\":\"Journ\u00e9es europ\u00e9ennes du patrimoine\"}]},{\"@type\":\"WebSite\",\"@id\":\"https:\\\/\\\/www.univ-lorraine.fr\\\/culture\\\/#website\",\"url\":\"https:\\\/\\\/www.univ-lorraine.fr\\\/culture\\\/\",\"name\":\"Culture\",\"description\":\"\",\"publisher\":{\"@id\":\"https:\\\/\\\/www.univ-lorraine.fr\\\/culture\\\/#organization\"},\"potentialAction\":[{\"@type\":\"SearchAction\",\"target\":{\"@type\":\"EntryPoint\",\"urlTemplate\":\"https:\\\/\\\/www.univ-lorraine.fr\\\/culture\\\/?s={search_term_string}\"},\"query-input\":{\"@type\":\"PropertyValueSpecification\",\"valueRequired\":true,\"valueName\":\"search_term_string\"}}],\"inLanguage\":\"fr-FR\"},{\"@type\":\"Organization\",\"@id\":\"https:\\\/\\\/www.univ-lorraine.fr\\\/culture\\\/#organization\",\"name\":\"Universit\u00e9 de Lorraine\",\"url\":\"https:\\\/\\\/www.univ-lorraine.fr\\\/culture\\\/\",\"logo\":{\"@type\":\"ImageObject\",\"inLanguage\":\"fr-FR\",\"@id\":\"https:\\\/\\\/www.univ-lorraine.fr\\\/culture\\\/#\\\/schema\\\/logo\\\/image\\\/\",\"url\":\"https:\\\/\\\/www.univ-lorraine.fr\\\/culture\\\/wp-content\\\/uploads\\\/sites\\\/10\\\/2021\\\/01\\\/LOGO_UL.png\",\"contentUrl\":\"https:\\\/\\\/www.univ-lorraine.fr\\\/culture\\\/wp-content\\\/uploads\\\/sites\\\/10\\\/2021\\\/01\\\/LOGO_UL.png\",\"width\":138,\"height\":48,\"caption\":\"Universit\u00e9 de Lorraine\"},\"image\":{\"@id\":\"https:\\\/\\\/www.univ-lorraine.fr\\\/culture\\\/#\\\/schema\\\/logo\\\/image\\\/\"}}]}<\/script>\n<!-- \/ Yoast SEO plugin. -->","yoast_head_json":{"title":"Journ\u00e9es europ\u00e9ennes du patrimoine - Culture","description":"Lors des journ\u00e9es europ\u00e9ennes du patrimoine, d\u00e9couvrez les collections scientifiques et sites remarquables de l'Universit\u00e9 de Lorraine.","robots":{"index":"index","follow":"follow","max-snippet":"max-snippet:-1","max-image-preview":"max-image-preview:large","max-video-preview":"max-video-preview:-1"},"canonical":"https:\/\/www.univ-lorraine.fr\/culture\/culturesci\/patrimoines\/jep\/","og_locale":"fr_FR","og_type":"article","og_title":"Journ\u00e9es europ\u00e9ennes du patrimoine - Culture","og_description":"Lors des journ\u00e9es europ\u00e9ennes du patrimoine, d\u00e9couvrez les collections scientifiques et sites remarquables de l'Universit\u00e9 de Lorraine.","og_url":"https:\/\/www.univ-lorraine.fr\/culture\/culturesci\/patrimoines\/jep\/","og_site_name":"Culture","article_modified_time":"2025-09-10T09:52:47+00:00","og_image":[{"width":1240,"height":1754,"url":"https:\/\/www.univ-lorraine.fr\/culture\/wp-content\/uploads\/sites\/10\/2025\/09\/b4250c3bd25f-affiche-a4.webp","type":"image\/webp"}],"twitter_card":"summary_large_image","twitter_misc":{"Dur\u00e9e de lecture estim\u00e9e":"3 minutes"},"schema":{"@context":"https:\/\/schema.org","@graph":[{"@type":"WebPage","@id":"https:\/\/www.univ-lorraine.fr\/culture\/culturesci\/patrimoines\/jep\/","url":"https:\/\/www.univ-lorraine.fr\/culture\/culturesci\/patrimoines\/jep\/","name":"Journ\u00e9es europ\u00e9ennes du patrimoine - Culture","isPartOf":{"@id":"https:\/\/www.univ-lorraine.fr\/culture\/#website"},"primaryImageOfPage":{"@id":"https:\/\/www.univ-lorraine.fr\/culture\/culturesci\/patrimoines\/jep\/#primaryimage"},"image":{"@id":"https:\/\/www.univ-lorraine.fr\/culture\/culturesci\/patrimoines\/jep\/#primaryimage"},"thumbnailUrl":"https:\/\/www.univ-lorraine.fr\/culture\/wp-content\/uploads\/sites\/10\/2025\/09\/b4250c3bd25f-affiche-a4-724x1024.webp","datePublished":"2021-04-28T14:30:20+00:00","dateModified":"2025-09-10T09:52:47+00:00","description":"Lors des journ\u00e9es europ\u00e9ennes du patrimoine, d\u00e9couvrez les collections scientifiques et sites remarquables de l'Universit\u00e9 de Lorraine.","breadcrumb":{"@id":"https:\/\/www.univ-lorraine.fr\/culture\/culturesci\/patrimoines\/jep\/#breadcrumb"},"inLanguage":"fr-FR","potentialAction":[{"@type":"ReadAction","target":["https:\/\/www.univ-lorraine.fr\/culture\/culturesci\/patrimoines\/jep\/"]}]},{"@type":"ImageObject","inLanguage":"fr-FR","@id":"https:\/\/www.univ-lorraine.fr\/culture\/culturesci\/patrimoines\/jep\/#primaryimage","url":"https:\/\/www.univ-lorraine.fr\/culture\/wp-content\/uploads\/sites\/10\/2025\/09\/b4250c3bd25f-affiche-a4.webp","contentUrl":"https:\/\/www.univ-lorraine.fr\/culture\/wp-content\/uploads\/sites\/10\/2025\/09\/b4250c3bd25f-affiche-a4.webp","width":1240,"height":1754},{"@type":"BreadcrumbList","@id":"https:\/\/www.univ-lorraine.fr\/culture\/culturesci\/patrimoines\/jep\/#breadcrumb","itemListElement":[{"@type":"ListItem","position":1,"name":"Accueil","item":"https:\/\/www.univ-lorraine.fr\/culture\/"},{"@type":"ListItem","position":2,"name":"Science Avec et Pour la Soci\u00e9t\u00e9","item":"https:\/\/www.univ-lorraine.fr\/culture\/culturesci\/"},{"@type":"ListItem","position":3,"name":"Patrimoines et mus\u00e9es","item":"https:\/\/www.univ-lorraine.fr\/culture\/culturesci\/patrimoines\/"},{"@type":"ListItem","position":4,"name":"Journ\u00e9es europ\u00e9ennes du patrimoine"}]},{"@type":"WebSite","@id":"https:\/\/www.univ-lorraine.fr\/culture\/#website","url":"https:\/\/www.univ-lorraine.fr\/culture\/","name":"Culture","description":"","publisher":{"@id":"https:\/\/www.univ-lorraine.fr\/culture\/#organization"},"potentialAction":[{"@type":"SearchAction","target":{"@type":"EntryPoint","urlTemplate":"https:\/\/www.univ-lorraine.fr\/culture\/?s={search_term_string}"},"query-input":{"@type":"PropertyValueSpecification","valueRequired":true,"valueName":"search_term_string"}}],"inLanguage":"fr-FR"},{"@type":"Organization","@id":"https:\/\/www.univ-lorraine.fr\/culture\/#organization","name":"Universit\u00e9 de Lorraine","url":"https:\/\/www.univ-lorraine.fr\/culture\/","logo":{"@type":"ImageObject","inLanguage":"fr-FR","@id":"https:\/\/www.univ-lorraine.fr\/culture\/#\/schema\/logo\/image\/","url":"https:\/\/www.univ-lorraine.fr\/culture\/wp-content\/uploads\/sites\/10\/2021\/01\/LOGO_UL.png","contentUrl":"https:\/\/www.univ-lorraine.fr\/culture\/wp-content\/uploads\/sites\/10\/2021\/01\/LOGO_UL.png","width":138,"height":48,"caption":"Universit\u00e9 de Lorraine"},"image":{"@id":"https:\/\/www.univ-lorraine.fr\/culture\/#\/schema\/logo\/image\/"}}]}},"_links":{"self":[{"href":"https:\/\/www.univ-lorraine.fr\/culture\/wp-json\/wp\/v2\/pages\/425","targetHints":{"allow":["GET"]}}],"collection":[{"href":"https:\/\/www.univ-lorraine.fr\/culture\/wp-json\/wp\/v2\/pages"}],"about":[{"href":"https:\/\/www.univ-lorraine.fr\/culture\/wp-json\/wp\/v2\/types\/page"}],"author":[{"embeddable":true,"href":"https:\/\/www.univ-lorraine.fr\/culture\/wp-json\/wp\/v2\/users\/15"}],"replies":[{"embeddable":true,"href":"https:\/\/www.univ-lorraine.fr\/culture\/wp-json\/wp\/v2\/comments?post=425"}],"version-history":[{"count":32,"href":"https:\/\/www.univ-lorraine.fr\/culture\/wp-json\/wp\/v2\/pages\/425\/revisions"}],"predecessor-version":[{"id":8811,"href":"https:\/\/www.univ-lorraine.fr\/culture\/wp-json\/wp\/v2\/pages\/425\/revisions\/8811"}],"up":[{"embeddable":true,"href":"https:\/\/www.univ-lorraine.fr\/culture\/wp-json\/wp\/v2\/pages\/234"}],"wp:attachment":[{"href":"https:\/\/www.univ-lorraine.fr\/culture\/wp-json\/wp\/v2\/media?parent=425"}],"curies":[{"name":"wp","href":"https:\/\/api.w.org\/{rel}","templated":true}]}}