{"id":427,"date":"2021-04-28T16:31:04","date_gmt":"2021-04-28T14:31:04","guid":{"rendered":"https:\/\/www.univ-lorraine.fr\/culture\/?page_id=427"},"modified":"2021-09-30T16:16:06","modified_gmt":"2021-09-30T14:16:06","slug":"visites-virtuelles","status":"publish","type":"page","link":"https:\/\/www.univ-lorraine.fr\/culture\/culturesci\/patrimoines\/visites-virtuelles\/","title":{"rendered":"Visites virtuelles des sites de l&rsquo;Universit\u00e9 de Lorraine"},"content":{"rendered":"<div class=\"gb-container gb-container-2e4e6a95\"><div class=\"gb-inside-container\">\n<div class=\"gb-grid-wrapper gb-grid-wrapper-9a461943\">\n<div class=\"gb-grid-column gb-grid-column-587ef1c0\"><div class=\"gb-container gb-container-587ef1c0\"><div class=\"gb-inside-container\">\n\n<p>Dans le cadre de la mission d\u2019inventaire du patrimoine de l\u2019Universit\u00e9 de Lorraine, r\u00e9alis\u00e9e en collaboration avec le Service R\u00e9gional de l\u2019Inventaire \u2013 R\u00e9gion Grand Est, \u0153uvres d\u2019art, mobilier ancien et mat\u00e9riel p\u00e9dagogique sont recens\u00e9s dans toutes les composantes. Parall\u00e8lement, des op\u00e9rations de valorisation sont r\u00e9guli\u00e8rement organis\u00e9es pour faire connaitre au public les r\u00e9sultats de l\u2019\u00e9tude en cours.<br>&nbsp;<br><\/p>\n\n<\/div><\/div><\/div>\n\n<div class=\"gb-grid-column gb-grid-column-f113aac5\"><div class=\"gb-container gb-container-f113aac5\"><div class=\"gb-inside-container\">\n\n<figure class=\"wp-block-image size-large\"><img loading=\"lazy\" decoding=\"async\" width=\"1024\" height=\"512\" src=\"https:\/\/www.univ-lorraine.fr\/culture\/wp-content\/uploads\/sites\/10\/2021\/09\/25_ND-1024x512.jpg\" alt=\"\" class=\"wp-image-1714\" srcset=\"https:\/\/www.univ-lorraine.fr\/culture\/wp-content\/uploads\/sites\/10\/2021\/09\/25_ND-1024x512.jpg 1024w, https:\/\/www.univ-lorraine.fr\/culture\/wp-content\/uploads\/sites\/10\/2021\/09\/25_ND-300x150.jpg 300w, https:\/\/www.univ-lorraine.fr\/culture\/wp-content\/uploads\/sites\/10\/2021\/09\/25_ND-768x384.jpg 768w, https:\/\/www.univ-lorraine.fr\/culture\/wp-content\/uploads\/sites\/10\/2021\/09\/25_ND-1536x768.jpg 1536w, https:\/\/www.univ-lorraine.fr\/culture\/wp-content\/uploads\/sites\/10\/2021\/09\/25_ND.jpg 1613w\" sizes=\"auto, (max-width: 1024px) 100vw, 1024px\" \/><figcaption><em>Photo : Nicolas Dohr<\/em><\/figcaption><\/figure>\n\n<\/div><\/div><\/div>\n<\/div>\n<\/div><\/div>\n\n<div class=\"gb-container gb-container-229c6d0e\"><div class=\"gb-inside-container\">\n\n<h2 class=\"gb-headline gb-headline-617520ef gb-headline-text\">Les visites<\/h2>\n\n\n\n<div class=\"wp-block-buttons is-layout-flex wp-block-buttons-is-layout-flex\">\n<div class=\"wp-block-button\"><a class=\"wp-block-button__link\" href=\"#visite-bergeret\">Maison Bergeret<\/a><\/div>\n\n\n\n<div class=\"wp-block-button\"><a class=\"wp-block-button__link\" href=\"#visite-liberation\">91 avenue de la Lib\u00e9ration \u00e0 Nancy<\/a><\/div>\n<\/div>\n\n<\/div><\/div>\n\n<div class=\"gb-container gb-container-2ee24baa\"><div class=\"gb-inside-container\">\n\n<h2 class=\"gb-headline gb-headline-2fc668f1 gb-headline-text\">Un patrimoine accessible \u00e0 tous<\/h2>\n\n\n\n<p>Les visites guid\u00e9es de la maison Bergeret, propos\u00e9es par M\u00e9lanie Leroy, de la Direction de la Logistique interne, et Sarah Weber, Directrice des Affaires juridiques, dans le cadre des Journ\u00e9es europ\u00e9ennes du patrimoine et des Journ\u00e9es des Arts et de la Culture dans l\u2019Enseignement sup\u00e9rieur (JACES) attirent d\u2019ann\u00e9e en ann\u00e9e un public plus nombreux. C\u2019est lors du premier confinement de 2020, alors que de telles manifestations avaient d\u00fb \u00eatre d\u00e9programm\u00e9es, que l\u2019id\u00e9e d\u2019une visite virtuelle est n\u00e9e. En r\u00e9ponse au besoin d\u2019un acc\u00e8s \u00e0 la culture, pour tous et en permanence, elle permet de parcourir un lieu embl\u00e9matique habituellement ferm\u00e9 au public.<\/p>\n\n\n\n<p>Disponible en fran\u00e7ais, mais aussi en anglais, en allemand et en espagnol, la visite est \u00e9galement enrichie d\u2019une lecture des commentaires en fran\u00e7ais afin de permettre une accessibilit\u00e9 maximale.<\/p>\n\n\n\n<h2 class=\"gb-headline gb-headline-ea00bd58 gb-headline-text\">La technologie au service de l&rsquo;art<\/h2>\n\n\n\n<p>Associ\u00e9e au travail de documentation, la technique permet d\u2019offrir au spectateur une exp\u00e9rience totalement immersive. Le photographe Nicolas Dohr a utilis\u00e9 du mat\u00e9riel sp\u00e9cifique de prise de vue et d\u00e9ploy\u00e9 deux drones pour r\u00e9aliser de nombreux clich\u00e9s, des diaporamas, une vid\u00e9o et g\u00e9n\u00e9rer une mod\u00e9lisation en trois dimensions de la maison. Un assemblage pr\u00e9cis des 80 panoramas \u00e0 360\u00b0 et l\u2019emploi de logiciels sp\u00e9cialis\u00e9s contribuent \u00e0 la continuit\u00e9 de l\u2019espace et \u00e0 la fluidit\u00e9 des d\u00e9placements. La visite est compatible avec tous les supports num\u00e9riques existants, y compris les lunettes de r\u00e9alit\u00e9 virtuelle.<\/p>\n\n\n\n<p>Point d\u2019entr\u00e9e de la visite, d\u2019impressionnantes vues a\u00e9riennes permettent d\u2019admirer la maison Bergeret et plus largement Nancy, \u00e0 30 m\u00e8tres au-dessus des toits. Poussez la porte, explorez les trois niveaux du b\u00e2timent et d\u00e9couvrez l\u2019\u00e2me de la maison Bergeret\u2026<\/p>\n\n<\/div><\/div>\n\n<div class=\"gb-container gb-container-ba8083ef\"><div class=\"gb-inside-container\">\n\n<h2 class=\"gb-headline gb-headline-2d7abba7 gb-headline-text\" id=\"visite-bergeret\">Visitez la Maison Bergeret<\/h2>\n\n\n\n<iframe loading=\"lazy\" src=\"https:\/\/visite-virtuelle-bergeret.univ-lorraine.fr\/\" style=\"border:0;\" allowfullscreen=\"\" width=\"700\" height=\"700\"><\/iframe>\n\n\n\n<p>Le 10 juin 2021, \u00e0 l\u2019occasion de la Journ\u00e9e internationale de l\u2019Art nouveau, l\u2019Universit\u00e9 de Lorraine, en partenariat avec le photographe Nicolas Dohr, ouvre virtuellement les portes de la maison Bergeret.<\/p>\n\n\n\n<p>Si Nancy est connue internationalement pour l\u2019Art nouveau, la maison Bergeret, en est un des fleurons. Edifi\u00e9e en 1903, sur les plans de l\u2019architecte nanc\u00e9ien Lucien Weissenburger, elle est class\u00e9e au titre des Monuments historiques au milieu des ann\u00e9es 1990.<\/p>\n\n<\/div><\/div>\n\n<div class=\"gb-container gb-container-22c0dd27\"><div class=\"gb-inside-container\">\n\n<h2 class=\"gb-headline gb-headline-29a210a7 gb-headline-text\" id=\"visite-liberation\">Visitez l&rsquo;ancien si\u00e8ge de Pont-\u00e0-Mousson S.A<\/h2>\n\n\n\n<iframe loading=\"lazy\" src=\"https:\/\/visite-virtuelle-liberation.univ-lorraine.fr\/\" style=\"border:0;\" allowfullscreen=\"\" width=\"700\" height=\"700\"><\/iframe>\n\n\n\n<p>La Pr\u00e9sidence Lib\u00e9ration est plus connue sous le nom d&rsquo;ancien si\u00e8ge social de la Soci\u00e9t\u00e9 Anonyme des Hauts-fourneaux et Fonderies de Pont-\u00e0-Mousson, aujourd&rsquo;hui Saint-Gobain P\u00e0M Canalisations.<br><br>De style Art d\u00e9co, le b\u00e2timent de 2 600m2 est \u00e9difi\u00e9 sur&nbsp; les plans de l&rsquo;architecte nanc\u00e9ien Jean Bourgon, entre 1926 et 1928. Son d\u00e9cor, qui incarne le prestige de la soci\u00e9t\u00e9, est d\u00fb \u00e0 des artistes de renom, dont entre autres, les ateliers Majorelle pour l&rsquo;ameublement de la Direction, Jean Prouv\u00e9 pour la ferronnerie et Jacques Gruber pour les verri\u00e8res.<\/p>\n\n\n\n<p>L&rsquo;\u00e9difice, occup\u00e9 par l&rsquo;Universit\u00e9 Nancy 2 d\u00e8s 2009 (Universit\u00e9 de Lorraine depuis 2012) et ce qui reste de son am\u00e9nagement d&rsquo;origine sont class\u00e9s au titre des Monuments historiques.<\/p>\n\n<\/div><\/div>","protected":false},"excerpt":{"rendered":"<p>Les visites Un patrimoine accessible \u00e0 tous Les visites guid\u00e9es de la maison Bergeret, propos\u00e9es par M\u00e9lanie Leroy, de la Direction de la Logistique interne, et Sarah Weber, Directrice des Affaires juridiques, dans le cadre des Journ\u00e9es europ\u00e9ennes du patrimoine et des Journ\u00e9es des Arts et de la Culture dans l\u2019Enseignement sup\u00e9rieur (JACES) attirent d\u2019ann\u00e9e &#8230; <a title=\"Visites virtuelles des sites de l&rsquo;Universit\u00e9 de Lorraine\" class=\"read-more\" href=\"https:\/\/www.univ-lorraine.fr\/culture\/culturesci\/patrimoines\/visites-virtuelles\/\" aria-label=\"En savoir plus sur Visites virtuelles des sites de l&rsquo;Universit\u00e9 de Lorraine\">Lire plus<\/a><\/p>\n","protected":false},"author":15,"featured_media":0,"parent":234,"menu_order":0,"comment_status":"closed","ping_status":"closed","template":"","meta":{"inline_featured_image":false,"footnotes":""},"class_list":["post-427","page","type-page","status-publish"],"yoast_head":"<!-- This site is optimized with the Yoast SEO plugin v27.4 - https:\/\/yoast.com\/product\/yoast-seo-wordpress\/ -->\n<title>Visites virtuelles des sites de l&#039;Universit\u00e9 de Lorraine - Culture<\/title>\n<meta name=\"description\" content=\"Immersion, visites virtuelles des sites patrimoniaux de l&#039;Universit\u00e9 de Lorraine. R\u00e9alis\u00e9 par le photographe Nicolas Dohr.\" \/>\n<meta name=\"robots\" content=\"index, follow, max-snippet:-1, max-image-preview:large, max-video-preview:-1\" \/>\n<link rel=\"canonical\" href=\"https:\/\/www.univ-lorraine.fr\/culture\/culturesci\/patrimoines\/visites-virtuelles\/\" \/>\n<meta property=\"og:locale\" content=\"fr_FR\" \/>\n<meta property=\"og:type\" content=\"article\" \/>\n<meta property=\"og:title\" content=\"Visites virtuelles des sites de l&#039;Universit\u00e9 de Lorraine - Culture\" \/>\n<meta property=\"og:description\" content=\"Immersion, visites virtuelles des sites patrimoniaux de l&#039;Universit\u00e9 de Lorraine. R\u00e9alis\u00e9 par le photographe Nicolas Dohr.\" \/>\n<meta property=\"og:url\" content=\"https:\/\/www.univ-lorraine.fr\/culture\/culturesci\/patrimoines\/visites-virtuelles\/\" \/>\n<meta property=\"og:site_name\" content=\"Culture\" \/>\n<meta property=\"article:modified_time\" content=\"2021-09-30T14:16:06+00:00\" \/>\n<meta property=\"og:image\" content=\"https:\/\/www.univ-lorraine.fr\/culture\/wp-content\/uploads\/sites\/10\/2021\/09\/25_ND-1024x512.jpg\" \/>\n<meta name=\"twitter:card\" content=\"summary_large_image\" \/>\n<meta name=\"twitter:label1\" content=\"Dur\u00e9e de lecture estim\u00e9e\" \/>\n\t<meta name=\"twitter:data1\" content=\"3 minutes\" \/>\n<script type=\"application\/ld+json\" class=\"yoast-schema-graph\">{\"@context\":\"https:\\\/\\\/schema.org\",\"@graph\":[{\"@type\":\"WebPage\",\"@id\":\"https:\\\/\\\/www.univ-lorraine.fr\\\/culture\\\/culturesci\\\/patrimoines\\\/visites-virtuelles\\\/\",\"url\":\"https:\\\/\\\/www.univ-lorraine.fr\\\/culture\\\/culturesci\\\/patrimoines\\\/visites-virtuelles\\\/\",\"name\":\"Visites virtuelles des sites de l'Universit\u00e9 de Lorraine - Culture\",\"isPartOf\":{\"@id\":\"https:\\\/\\\/www.univ-lorraine.fr\\\/culture\\\/#website\"},\"primaryImageOfPage\":{\"@id\":\"https:\\\/\\\/www.univ-lorraine.fr\\\/culture\\\/culturesci\\\/patrimoines\\\/visites-virtuelles\\\/#primaryimage\"},\"image\":{\"@id\":\"https:\\\/\\\/www.univ-lorraine.fr\\\/culture\\\/culturesci\\\/patrimoines\\\/visites-virtuelles\\\/#primaryimage\"},\"thumbnailUrl\":\"https:\\\/\\\/www.univ-lorraine.fr\\\/culture\\\/wp-content\\\/uploads\\\/sites\\\/10\\\/2021\\\/09\\\/25_ND-1024x512.jpg\",\"datePublished\":\"2021-04-28T14:31:04+00:00\",\"dateModified\":\"2021-09-30T14:16:06+00:00\",\"description\":\"Immersion, visites virtuelles des sites patrimoniaux de l'Universit\u00e9 de Lorraine. R\u00e9alis\u00e9 par le photographe Nicolas Dohr.\",\"breadcrumb\":{\"@id\":\"https:\\\/\\\/www.univ-lorraine.fr\\\/culture\\\/culturesci\\\/patrimoines\\\/visites-virtuelles\\\/#breadcrumb\"},\"inLanguage\":\"fr-FR\",\"potentialAction\":[{\"@type\":\"ReadAction\",\"target\":[\"https:\\\/\\\/www.univ-lorraine.fr\\\/culture\\\/culturesci\\\/patrimoines\\\/visites-virtuelles\\\/\"]}]},{\"@type\":\"ImageObject\",\"inLanguage\":\"fr-FR\",\"@id\":\"https:\\\/\\\/www.univ-lorraine.fr\\\/culture\\\/culturesci\\\/patrimoines\\\/visites-virtuelles\\\/#primaryimage\",\"url\":\"https:\\\/\\\/www.univ-lorraine.fr\\\/culture\\\/wp-content\\\/uploads\\\/sites\\\/10\\\/2021\\\/09\\\/25_ND.jpg\",\"contentUrl\":\"https:\\\/\\\/www.univ-lorraine.fr\\\/culture\\\/wp-content\\\/uploads\\\/sites\\\/10\\\/2021\\\/09\\\/25_ND.jpg\",\"width\":1613,\"height\":806,\"caption\":\"IMG_20210317_152931_00_191.insp\"},{\"@type\":\"BreadcrumbList\",\"@id\":\"https:\\\/\\\/www.univ-lorraine.fr\\\/culture\\\/culturesci\\\/patrimoines\\\/visites-virtuelles\\\/#breadcrumb\",\"itemListElement\":[{\"@type\":\"ListItem\",\"position\":1,\"name\":\"Accueil\",\"item\":\"https:\\\/\\\/www.univ-lorraine.fr\\\/culture\\\/\"},{\"@type\":\"ListItem\",\"position\":2,\"name\":\"Science Avec et Pour la Soci\u00e9t\u00e9\",\"item\":\"https:\\\/\\\/www.univ-lorraine.fr\\\/culture\\\/culturesci\\\/\"},{\"@type\":\"ListItem\",\"position\":3,\"name\":\"Patrimoines et mus\u00e9es\",\"item\":\"https:\\\/\\\/www.univ-lorraine.fr\\\/culture\\\/culturesci\\\/patrimoines\\\/\"},{\"@type\":\"ListItem\",\"position\":4,\"name\":\"Visites virtuelles des sites de l&#8217;Universit\u00e9 de Lorraine\"}]},{\"@type\":\"WebSite\",\"@id\":\"https:\\\/\\\/www.univ-lorraine.fr\\\/culture\\\/#website\",\"url\":\"https:\\\/\\\/www.univ-lorraine.fr\\\/culture\\\/\",\"name\":\"Culture\",\"description\":\"\",\"publisher\":{\"@id\":\"https:\\\/\\\/www.univ-lorraine.fr\\\/culture\\\/#organization\"},\"potentialAction\":[{\"@type\":\"SearchAction\",\"target\":{\"@type\":\"EntryPoint\",\"urlTemplate\":\"https:\\\/\\\/www.univ-lorraine.fr\\\/culture\\\/?s={search_term_string}\"},\"query-input\":{\"@type\":\"PropertyValueSpecification\",\"valueRequired\":true,\"valueName\":\"search_term_string\"}}],\"inLanguage\":\"fr-FR\"},{\"@type\":\"Organization\",\"@id\":\"https:\\\/\\\/www.univ-lorraine.fr\\\/culture\\\/#organization\",\"name\":\"Universit\u00e9 de Lorraine\",\"url\":\"https:\\\/\\\/www.univ-lorraine.fr\\\/culture\\\/\",\"logo\":{\"@type\":\"ImageObject\",\"inLanguage\":\"fr-FR\",\"@id\":\"https:\\\/\\\/www.univ-lorraine.fr\\\/culture\\\/#\\\/schema\\\/logo\\\/image\\\/\",\"url\":\"https:\\\/\\\/www.univ-lorraine.fr\\\/culture\\\/wp-content\\\/uploads\\\/sites\\\/10\\\/2021\\\/01\\\/LOGO_UL.png\",\"contentUrl\":\"https:\\\/\\\/www.univ-lorraine.fr\\\/culture\\\/wp-content\\\/uploads\\\/sites\\\/10\\\/2021\\\/01\\\/LOGO_UL.png\",\"width\":138,\"height\":48,\"caption\":\"Universit\u00e9 de Lorraine\"},\"image\":{\"@id\":\"https:\\\/\\\/www.univ-lorraine.fr\\\/culture\\\/#\\\/schema\\\/logo\\\/image\\\/\"}}]}<\/script>\n<!-- \/ Yoast SEO plugin. -->","yoast_head_json":{"title":"Visites virtuelles des sites de l'Universit\u00e9 de Lorraine - Culture","description":"Immersion, visites virtuelles des sites patrimoniaux de l'Universit\u00e9 de Lorraine. R\u00e9alis\u00e9 par le photographe Nicolas Dohr.","robots":{"index":"index","follow":"follow","max-snippet":"max-snippet:-1","max-image-preview":"max-image-preview:large","max-video-preview":"max-video-preview:-1"},"canonical":"https:\/\/www.univ-lorraine.fr\/culture\/culturesci\/patrimoines\/visites-virtuelles\/","og_locale":"fr_FR","og_type":"article","og_title":"Visites virtuelles des sites de l'Universit\u00e9 de Lorraine - Culture","og_description":"Immersion, visites virtuelles des sites patrimoniaux de l'Universit\u00e9 de Lorraine. R\u00e9alis\u00e9 par le photographe Nicolas Dohr.","og_url":"https:\/\/www.univ-lorraine.fr\/culture\/culturesci\/patrimoines\/visites-virtuelles\/","og_site_name":"Culture","article_modified_time":"2021-09-30T14:16:06+00:00","og_image":[{"url":"https:\/\/www.univ-lorraine.fr\/culture\/wp-content\/uploads\/sites\/10\/2021\/09\/25_ND-1024x512.jpg","type":"","width":"","height":""}],"twitter_card":"summary_large_image","twitter_misc":{"Dur\u00e9e de lecture estim\u00e9e":"3 minutes"},"schema":{"@context":"https:\/\/schema.org","@graph":[{"@type":"WebPage","@id":"https:\/\/www.univ-lorraine.fr\/culture\/culturesci\/patrimoines\/visites-virtuelles\/","url":"https:\/\/www.univ-lorraine.fr\/culture\/culturesci\/patrimoines\/visites-virtuelles\/","name":"Visites virtuelles des sites de l'Universit\u00e9 de Lorraine - Culture","isPartOf":{"@id":"https:\/\/www.univ-lorraine.fr\/culture\/#website"},"primaryImageOfPage":{"@id":"https:\/\/www.univ-lorraine.fr\/culture\/culturesci\/patrimoines\/visites-virtuelles\/#primaryimage"},"image":{"@id":"https:\/\/www.univ-lorraine.fr\/culture\/culturesci\/patrimoines\/visites-virtuelles\/#primaryimage"},"thumbnailUrl":"https:\/\/www.univ-lorraine.fr\/culture\/wp-content\/uploads\/sites\/10\/2021\/09\/25_ND-1024x512.jpg","datePublished":"2021-04-28T14:31:04+00:00","dateModified":"2021-09-30T14:16:06+00:00","description":"Immersion, visites virtuelles des sites patrimoniaux de l'Universit\u00e9 de Lorraine. R\u00e9alis\u00e9 par le photographe Nicolas Dohr.","breadcrumb":{"@id":"https:\/\/www.univ-lorraine.fr\/culture\/culturesci\/patrimoines\/visites-virtuelles\/#breadcrumb"},"inLanguage":"fr-FR","potentialAction":[{"@type":"ReadAction","target":["https:\/\/www.univ-lorraine.fr\/culture\/culturesci\/patrimoines\/visites-virtuelles\/"]}]},{"@type":"ImageObject","inLanguage":"fr-FR","@id":"https:\/\/www.univ-lorraine.fr\/culture\/culturesci\/patrimoines\/visites-virtuelles\/#primaryimage","url":"https:\/\/www.univ-lorraine.fr\/culture\/wp-content\/uploads\/sites\/10\/2021\/09\/25_ND.jpg","contentUrl":"https:\/\/www.univ-lorraine.fr\/culture\/wp-content\/uploads\/sites\/10\/2021\/09\/25_ND.jpg","width":1613,"height":806,"caption":"IMG_20210317_152931_00_191.insp"},{"@type":"BreadcrumbList","@id":"https:\/\/www.univ-lorraine.fr\/culture\/culturesci\/patrimoines\/visites-virtuelles\/#breadcrumb","itemListElement":[{"@type":"ListItem","position":1,"name":"Accueil","item":"https:\/\/www.univ-lorraine.fr\/culture\/"},{"@type":"ListItem","position":2,"name":"Science Avec et Pour la Soci\u00e9t\u00e9","item":"https:\/\/www.univ-lorraine.fr\/culture\/culturesci\/"},{"@type":"ListItem","position":3,"name":"Patrimoines et mus\u00e9es","item":"https:\/\/www.univ-lorraine.fr\/culture\/culturesci\/patrimoines\/"},{"@type":"ListItem","position":4,"name":"Visites virtuelles des sites de l&#8217;Universit\u00e9 de Lorraine"}]},{"@type":"WebSite","@id":"https:\/\/www.univ-lorraine.fr\/culture\/#website","url":"https:\/\/www.univ-lorraine.fr\/culture\/","name":"Culture","description":"","publisher":{"@id":"https:\/\/www.univ-lorraine.fr\/culture\/#organization"},"potentialAction":[{"@type":"SearchAction","target":{"@type":"EntryPoint","urlTemplate":"https:\/\/www.univ-lorraine.fr\/culture\/?s={search_term_string}"},"query-input":{"@type":"PropertyValueSpecification","valueRequired":true,"valueName":"search_term_string"}}],"inLanguage":"fr-FR"},{"@type":"Organization","@id":"https:\/\/www.univ-lorraine.fr\/culture\/#organization","name":"Universit\u00e9 de Lorraine","url":"https:\/\/www.univ-lorraine.fr\/culture\/","logo":{"@type":"ImageObject","inLanguage":"fr-FR","@id":"https:\/\/www.univ-lorraine.fr\/culture\/#\/schema\/logo\/image\/","url":"https:\/\/www.univ-lorraine.fr\/culture\/wp-content\/uploads\/sites\/10\/2021\/01\/LOGO_UL.png","contentUrl":"https:\/\/www.univ-lorraine.fr\/culture\/wp-content\/uploads\/sites\/10\/2021\/01\/LOGO_UL.png","width":138,"height":48,"caption":"Universit\u00e9 de Lorraine"},"image":{"@id":"https:\/\/www.univ-lorraine.fr\/culture\/#\/schema\/logo\/image\/"}}]}},"_links":{"self":[{"href":"https:\/\/www.univ-lorraine.fr\/culture\/wp-json\/wp\/v2\/pages\/427","targetHints":{"allow":["GET"]}}],"collection":[{"href":"https:\/\/www.univ-lorraine.fr\/culture\/wp-json\/wp\/v2\/pages"}],"about":[{"href":"https:\/\/www.univ-lorraine.fr\/culture\/wp-json\/wp\/v2\/types\/page"}],"author":[{"embeddable":true,"href":"https:\/\/www.univ-lorraine.fr\/culture\/wp-json\/wp\/v2\/users\/15"}],"replies":[{"embeddable":true,"href":"https:\/\/www.univ-lorraine.fr\/culture\/wp-json\/wp\/v2\/comments?post=427"}],"version-history":[{"count":14,"href":"https:\/\/www.univ-lorraine.fr\/culture\/wp-json\/wp\/v2\/pages\/427\/revisions"}],"predecessor-version":[{"id":1869,"href":"https:\/\/www.univ-lorraine.fr\/culture\/wp-json\/wp\/v2\/pages\/427\/revisions\/1869"}],"up":[{"embeddable":true,"href":"https:\/\/www.univ-lorraine.fr\/culture\/wp-json\/wp\/v2\/pages\/234"}],"wp:attachment":[{"href":"https:\/\/www.univ-lorraine.fr\/culture\/wp-json\/wp\/v2\/media?parent=427"}],"curies":[{"name":"wp","href":"https:\/\/api.w.org\/{rel}","templated":true}]}}