{"id":431,"date":"2021-04-28T16:31:52","date_gmt":"2021-04-28T14:31:52","guid":{"rendered":"https:\/\/www.univ-lorraine.fr\/culture\/?page_id=431"},"modified":"2022-06-07T09:49:02","modified_gmt":"2022-06-07T07:49:02","slug":"galerie-0-15","status":"publish","type":"page","link":"https:\/\/www.univ-lorraine.fr\/culture\/musees-galeries\/galerie-0-15\/","title":{"rendered":"Galerie 0.15\/\/essais dynamiques"},"content":{"rendered":"<div class=\"gb-container gb-container-22f39ac3\"><div class=\"gb-inside-container\">\n<div class=\"gb-grid-wrapper gb-grid-wrapper-a43ec8d2\">\n<div class=\"gb-grid-column gb-grid-column-ceaf4791\"><div class=\"gb-container gb-container-ceaf4791\"><div class=\"gb-inside-container\">\n\n<figure class=\"wp-block-image alignwide size-large\"><img loading=\"lazy\" decoding=\"async\" width=\"1024\" height=\"768\" src=\"https:\/\/www.univ-lorraine.fr\/culture\/wp-content\/uploads\/sites\/10\/2021\/07\/Devanture-galerie-Tu-brules-1-1024x768.jpg\" alt=\"\" class=\"wp-image-867\" srcset=\"https:\/\/www.univ-lorraine.fr\/culture\/wp-content\/uploads\/sites\/10\/2021\/07\/Devanture-galerie-Tu-brules-1-1024x768.jpg 1024w, https:\/\/www.univ-lorraine.fr\/culture\/wp-content\/uploads\/sites\/10\/2021\/07\/Devanture-galerie-Tu-brules-1-300x225.jpg 300w, https:\/\/www.univ-lorraine.fr\/culture\/wp-content\/uploads\/sites\/10\/2021\/07\/Devanture-galerie-Tu-brules-1-768x576.jpg 768w, https:\/\/www.univ-lorraine.fr\/culture\/wp-content\/uploads\/sites\/10\/2021\/07\/Devanture-galerie-Tu-brules-1-1536x1152.jpg 1536w, https:\/\/www.univ-lorraine.fr\/culture\/wp-content\/uploads\/sites\/10\/2021\/07\/Devanture-galerie-Tu-brules-1-2048x1536.jpg 2048w\" sizes=\"auto, (max-width: 1024px) 100vw, 1024px\" \/><\/figure>\n\n<\/div><\/div><\/div>\n\n<div class=\"gb-grid-column gb-grid-column-9d3fd779\"><div class=\"gb-container gb-container-9d3fd779\"><div class=\"gb-inside-container\">\n\n<p>La Galerie 0.15 \/\/ Essais Dynamiques&nbsp;&#8211; Espace d&rsquo;art et de cr\u00e9ation de l&rsquo;Universit\u00e9 de Lorraine ouvre ses portes sur l\u2019Ile du Saulcy, dans le b\u00e2timent A de l\u2019ancien IECL de Metz, avec les soutiens de l\u2019UFR ALL-Metz, le CREM et la DRAC Grand Est. Anne-Laure Vernet et Oph\u00e9lie Naessens sont les co-responsables de la galerie.<\/p>\n\n\n\n<p><strong>Suivez la galerie sur Facebook<\/strong><\/p>\n\n\n<div class=\"gb-button-wrapper gb-button-wrapper-0ece638e\">\n\n<a class=\"gb-button gb-button-ea57d8c6 rs\" href=\"https:\/\/www.facebook.com\/Galerie0.15\" target=\"_blank\" rel=\"nofollow noopener noreferrer\"><span class=\"gb-icon\"><svg xmlns=\"http:\/\/www.w3.org\/2000\/svg\" viewBox=\"0 0 320 512\" width=\"1em\" height=\"1em\" aria-hidden=\"true\"><path d=\"M279.14 288l14.22-92.66h-88.91v-60.13c0-25.35 12.42-50.06 52.24-50.06h40.42V6.26S260.43 0 225.36 0c-73.22 0-121.08 44.38-121.08 124.72v70.62H22.89V288h81.39v224h100.17V288z\" fill=\"currentColor\"><\/path><\/svg><\/span><span class=\"gb-button-text\">Facebook<\/span><\/a>\n\n<\/div>\n<\/div><\/div><\/div>\n<\/div>\n<\/div><\/div>\n\n<div class=\"gb-container gb-container-2ac4d74a\"><div class=\"gb-inside-container\">\n\n<h2 class=\"gb-headline gb-headline-4296447e gb-headline-text\">La Galerie 0.15 \/\/ Essais Dynamiques, c\u2019est :<\/h2>\n\n\n\n<h3 class=\"gb-headline gb-headline-f6009e75 gb-headline-text\"><strong>Un projet artistique<\/strong><\/h3>\n\n\n\n<p>La Galerie 0.15 \/\/ Essais Dynamiques est un espace de diffusion et de valorisation de la cr\u00e9ation artistique universitaire, ainsi que de la sc\u00e8ne artistique locale, nationale et internationale \u00e9mergente.<\/p>\n\n\n\n<h3 class=\"gb-headline gb-headline-3e177005 gb-headline-text\"><strong>Un projet p\u00e9dagogique<\/strong><\/h3>\n\n\n\n<p>La Galerie 0.15 \/\/ Essais Dynamiques s\u2019inscrit dans une perspective p\u00e9dagogique en s\u2019adossant \u00e0 l\u2019offre de formation existante \u00e0 l\u2019universit\u00e9 de Lorraine, selon quatre perspectives :<\/p>\n\n\n\n<ul class=\"wp-block-list\"><li>espace d\u2019exp\u00e9rimentation de mise en exposition du travail artistique (Licence Arts Plastiques);<\/li><li>mise en pratique des enseignements dispens\u00e9s en sc\u00e9nographie (Master 2 arts de l\u2019exposition et sc\u00e9nographie) ainsi qu\u2019en m\u00e9diation culturelle (Master 2 Expertise et M\u00e9diation culturelle) ;<\/li><li>d\u00e9veloppement de comp\u00e9tences directement reli\u00e9es aux offres de d\u00e9bouch\u00e9s professionnels ;<\/li><li>lieu de stages (m\u00e9diation, r\u00e9gie technique, assistance de production, communication)<\/li><\/ul>\n\n\n\n<p>Cette perspective scientifique s\u2019\u00e9tablit \u00e0 travers des partenariats avec diff\u00e9rents types de manifestations (exposition, journ\u00e9e d\u2019\u00e9tude, colloque, table ronde, etc.) initi\u00e9es par les chercheur\u00b7e\u00b7s&nbsp;associ\u00e9\u00b7e\u00b7s au projet.<\/p>\n\n\n\n<h3 class=\"gb-headline gb-headline-129bdf60 gb-headline-text\"><strong>Un adossement \u00e0 la recherche<\/strong><\/h3>\n\n\n\n<p>L\u2019ambition de la galerie vise \u00e9galement la promotion et la diffusion de la recherche- cr\u00e9ation dans le domaine des arts visuels. Nous entendons sous le terme de recherche cr\u00e9ation une recherche scientifique associant volet th\u00e9orique et volet pratique artistique, ce type de recherche permettant l\u2019implication d\u2019artistes confirm\u00e9\u00b7e\u00b7s.<\/p>\n\n<\/div><\/div>","protected":false},"excerpt":{"rendered":"<p>La Galerie 0.15 \/\/ Essais Dynamiques, c\u2019est : Un projet artistique La Galerie 0.15 \/\/ Essais Dynamiques est un espace de diffusion et de valorisation de la cr\u00e9ation artistique universitaire, ainsi que de la sc\u00e8ne artistique locale, nationale et internationale \u00e9mergente. Un projet p\u00e9dagogique La Galerie 0.15 \/\/ Essais Dynamiques s\u2019inscrit dans une perspective p\u00e9dagogique &#8230; <a title=\"Galerie 0.15\/\/essais dynamiques\" class=\"read-more\" href=\"https:\/\/www.univ-lorraine.fr\/culture\/musees-galeries\/galerie-0-15\/\" aria-label=\"En savoir plus sur Galerie 0.15\/\/essais dynamiques\">Lire plus<\/a><\/p>\n","protected":false},"author":68,"featured_media":0,"parent":225,"menu_order":0,"comment_status":"closed","ping_status":"closed","template":"","meta":{"inline_featured_image":false,"footnotes":""},"class_list":["post-431","page","type-page","status-publish"],"yoast_head":"<!-- This site is optimized with the Yoast SEO plugin v27.4 - https:\/\/yoast.com\/product\/yoast-seo-wordpress\/ -->\n<title>Galerie 0.15\/\/essais dynamiques - Culture<\/title>\n<meta name=\"robots\" content=\"index, follow, max-snippet:-1, max-image-preview:large, max-video-preview:-1\" \/>\n<link rel=\"canonical\" href=\"https:\/\/www.univ-lorraine.fr\/culture\/musees-galeries\/galerie-0-15\/\" \/>\n<meta property=\"og:locale\" content=\"fr_FR\" \/>\n<meta property=\"og:type\" content=\"article\" \/>\n<meta property=\"og:title\" content=\"Galerie 0.15\/\/essais dynamiques - Culture\" \/>\n<meta property=\"og:description\" content=\"La Galerie 0.15 \/\/ Essais Dynamiques, c\u2019est : Un projet artistique La Galerie 0.15 \/\/ Essais Dynamiques est un espace de diffusion et de valorisation de la cr\u00e9ation artistique universitaire, ainsi que de la sc\u00e8ne artistique locale, nationale et internationale \u00e9mergente. Un projet p\u00e9dagogique La Galerie 0.15 \/\/ Essais Dynamiques s\u2019inscrit dans une perspective p\u00e9dagogique ... Lire plus\" \/>\n<meta property=\"og:url\" content=\"https:\/\/www.univ-lorraine.fr\/culture\/musees-galeries\/galerie-0-15\/\" \/>\n<meta property=\"og:site_name\" content=\"Culture\" \/>\n<meta property=\"article:modified_time\" content=\"2022-06-07T07:49:02+00:00\" \/>\n<meta property=\"og:image\" content=\"https:\/\/www.univ-lorraine.fr\/culture\/wp-content\/uploads\/sites\/10\/2021\/07\/Devanture-galerie-Tu-brules-1-1024x768.jpg\" \/>\n<meta name=\"twitter:card\" content=\"summary_large_image\" \/>\n<meta name=\"twitter:label1\" content=\"Dur\u00e9e de lecture estim\u00e9e\" \/>\n\t<meta name=\"twitter:data1\" content=\"2 minutes\" \/>\n<script type=\"application\/ld+json\" class=\"yoast-schema-graph\">{\"@context\":\"https:\\\/\\\/schema.org\",\"@graph\":[{\"@type\":\"WebPage\",\"@id\":\"https:\\\/\\\/www.univ-lorraine.fr\\\/culture\\\/musees-galeries\\\/galerie-0-15\\\/\",\"url\":\"https:\\\/\\\/www.univ-lorraine.fr\\\/culture\\\/musees-galeries\\\/galerie-0-15\\\/\",\"name\":\"Galerie 0.15\\\/\\\/essais dynamiques - Culture\",\"isPartOf\":{\"@id\":\"https:\\\/\\\/www.univ-lorraine.fr\\\/culture\\\/#website\"},\"primaryImageOfPage\":{\"@id\":\"https:\\\/\\\/www.univ-lorraine.fr\\\/culture\\\/musees-galeries\\\/galerie-0-15\\\/#primaryimage\"},\"image\":{\"@id\":\"https:\\\/\\\/www.univ-lorraine.fr\\\/culture\\\/musees-galeries\\\/galerie-0-15\\\/#primaryimage\"},\"thumbnailUrl\":\"https:\\\/\\\/www.univ-lorraine.fr\\\/culture\\\/wp-content\\\/uploads\\\/sites\\\/10\\\/2021\\\/07\\\/Devanture-galerie-Tu-brules-1-1024x768.jpg\",\"datePublished\":\"2021-04-28T14:31:52+00:00\",\"dateModified\":\"2022-06-07T07:49:02+00:00\",\"breadcrumb\":{\"@id\":\"https:\\\/\\\/www.univ-lorraine.fr\\\/culture\\\/musees-galeries\\\/galerie-0-15\\\/#breadcrumb\"},\"inLanguage\":\"fr-FR\",\"potentialAction\":[{\"@type\":\"ReadAction\",\"target\":[\"https:\\\/\\\/www.univ-lorraine.fr\\\/culture\\\/musees-galeries\\\/galerie-0-15\\\/\"]}]},{\"@type\":\"ImageObject\",\"inLanguage\":\"fr-FR\",\"@id\":\"https:\\\/\\\/www.univ-lorraine.fr\\\/culture\\\/musees-galeries\\\/galerie-0-15\\\/#primaryimage\",\"url\":\"https:\\\/\\\/www.univ-lorraine.fr\\\/culture\\\/wp-content\\\/uploads\\\/sites\\\/10\\\/2021\\\/07\\\/Devanture-galerie-Tu-brules-1-1024x768.jpg\",\"contentUrl\":\"https:\\\/\\\/www.univ-lorraine.fr\\\/culture\\\/wp-content\\\/uploads\\\/sites\\\/10\\\/2021\\\/07\\\/Devanture-galerie-Tu-brules-1-1024x768.jpg\"},{\"@type\":\"BreadcrumbList\",\"@id\":\"https:\\\/\\\/www.univ-lorraine.fr\\\/culture\\\/musees-galeries\\\/galerie-0-15\\\/#breadcrumb\",\"itemListElement\":[{\"@type\":\"ListItem\",\"position\":1,\"name\":\"Accueil\",\"item\":\"https:\\\/\\\/www.univ-lorraine.fr\\\/culture\\\/\"},{\"@type\":\"ListItem\",\"position\":2,\"name\":\"Mus\u00e9es &#038; galeries\",\"item\":\"https:\\\/\\\/www.univ-lorraine.fr\\\/culture\\\/musees-galeries\\\/\"},{\"@type\":\"ListItem\",\"position\":3,\"name\":\"Galerie 0.15\\\/\\\/essais dynamiques\"}]},{\"@type\":\"WebSite\",\"@id\":\"https:\\\/\\\/www.univ-lorraine.fr\\\/culture\\\/#website\",\"url\":\"https:\\\/\\\/www.univ-lorraine.fr\\\/culture\\\/\",\"name\":\"Culture\",\"description\":\"\",\"publisher\":{\"@id\":\"https:\\\/\\\/www.univ-lorraine.fr\\\/culture\\\/#organization\"},\"potentialAction\":[{\"@type\":\"SearchAction\",\"target\":{\"@type\":\"EntryPoint\",\"urlTemplate\":\"https:\\\/\\\/www.univ-lorraine.fr\\\/culture\\\/?s={search_term_string}\"},\"query-input\":{\"@type\":\"PropertyValueSpecification\",\"valueRequired\":true,\"valueName\":\"search_term_string\"}}],\"inLanguage\":\"fr-FR\"},{\"@type\":\"Organization\",\"@id\":\"https:\\\/\\\/www.univ-lorraine.fr\\\/culture\\\/#organization\",\"name\":\"Universit\u00e9 de Lorraine\",\"url\":\"https:\\\/\\\/www.univ-lorraine.fr\\\/culture\\\/\",\"logo\":{\"@type\":\"ImageObject\",\"inLanguage\":\"fr-FR\",\"@id\":\"https:\\\/\\\/www.univ-lorraine.fr\\\/culture\\\/#\\\/schema\\\/logo\\\/image\\\/\",\"url\":\"https:\\\/\\\/www.univ-lorraine.fr\\\/culture\\\/wp-content\\\/uploads\\\/sites\\\/10\\\/2021\\\/01\\\/LOGO_UL.png\",\"contentUrl\":\"https:\\\/\\\/www.univ-lorraine.fr\\\/culture\\\/wp-content\\\/uploads\\\/sites\\\/10\\\/2021\\\/01\\\/LOGO_UL.png\",\"width\":138,\"height\":48,\"caption\":\"Universit\u00e9 de Lorraine\"},\"image\":{\"@id\":\"https:\\\/\\\/www.univ-lorraine.fr\\\/culture\\\/#\\\/schema\\\/logo\\\/image\\\/\"}}]}<\/script>\n<!-- \/ Yoast SEO plugin. -->","yoast_head_json":{"title":"Galerie 0.15\/\/essais dynamiques - Culture","robots":{"index":"index","follow":"follow","max-snippet":"max-snippet:-1","max-image-preview":"max-image-preview:large","max-video-preview":"max-video-preview:-1"},"canonical":"https:\/\/www.univ-lorraine.fr\/culture\/musees-galeries\/galerie-0-15\/","og_locale":"fr_FR","og_type":"article","og_title":"Galerie 0.15\/\/essais dynamiques - Culture","og_description":"La Galerie 0.15 \/\/ Essais Dynamiques, c\u2019est : Un projet artistique La Galerie 0.15 \/\/ Essais Dynamiques est un espace de diffusion et de valorisation de la cr\u00e9ation artistique universitaire, ainsi que de la sc\u00e8ne artistique locale, nationale et internationale \u00e9mergente. Un projet p\u00e9dagogique La Galerie 0.15 \/\/ Essais Dynamiques s\u2019inscrit dans une perspective p\u00e9dagogique ... Lire plus","og_url":"https:\/\/www.univ-lorraine.fr\/culture\/musees-galeries\/galerie-0-15\/","og_site_name":"Culture","article_modified_time":"2022-06-07T07:49:02+00:00","og_image":[{"url":"https:\/\/www.univ-lorraine.fr\/culture\/wp-content\/uploads\/sites\/10\/2021\/07\/Devanture-galerie-Tu-brules-1-1024x768.jpg","type":"","width":"","height":""}],"twitter_card":"summary_large_image","twitter_misc":{"Dur\u00e9e de lecture estim\u00e9e":"2 minutes"},"schema":{"@context":"https:\/\/schema.org","@graph":[{"@type":"WebPage","@id":"https:\/\/www.univ-lorraine.fr\/culture\/musees-galeries\/galerie-0-15\/","url":"https:\/\/www.univ-lorraine.fr\/culture\/musees-galeries\/galerie-0-15\/","name":"Galerie 0.15\/\/essais dynamiques - Culture","isPartOf":{"@id":"https:\/\/www.univ-lorraine.fr\/culture\/#website"},"primaryImageOfPage":{"@id":"https:\/\/www.univ-lorraine.fr\/culture\/musees-galeries\/galerie-0-15\/#primaryimage"},"image":{"@id":"https:\/\/www.univ-lorraine.fr\/culture\/musees-galeries\/galerie-0-15\/#primaryimage"},"thumbnailUrl":"https:\/\/www.univ-lorraine.fr\/culture\/wp-content\/uploads\/sites\/10\/2021\/07\/Devanture-galerie-Tu-brules-1-1024x768.jpg","datePublished":"2021-04-28T14:31:52+00:00","dateModified":"2022-06-07T07:49:02+00:00","breadcrumb":{"@id":"https:\/\/www.univ-lorraine.fr\/culture\/musees-galeries\/galerie-0-15\/#breadcrumb"},"inLanguage":"fr-FR","potentialAction":[{"@type":"ReadAction","target":["https:\/\/www.univ-lorraine.fr\/culture\/musees-galeries\/galerie-0-15\/"]}]},{"@type":"ImageObject","inLanguage":"fr-FR","@id":"https:\/\/www.univ-lorraine.fr\/culture\/musees-galeries\/galerie-0-15\/#primaryimage","url":"https:\/\/www.univ-lorraine.fr\/culture\/wp-content\/uploads\/sites\/10\/2021\/07\/Devanture-galerie-Tu-brules-1-1024x768.jpg","contentUrl":"https:\/\/www.univ-lorraine.fr\/culture\/wp-content\/uploads\/sites\/10\/2021\/07\/Devanture-galerie-Tu-brules-1-1024x768.jpg"},{"@type":"BreadcrumbList","@id":"https:\/\/www.univ-lorraine.fr\/culture\/musees-galeries\/galerie-0-15\/#breadcrumb","itemListElement":[{"@type":"ListItem","position":1,"name":"Accueil","item":"https:\/\/www.univ-lorraine.fr\/culture\/"},{"@type":"ListItem","position":2,"name":"Mus\u00e9es &#038; galeries","item":"https:\/\/www.univ-lorraine.fr\/culture\/musees-galeries\/"},{"@type":"ListItem","position":3,"name":"Galerie 0.15\/\/essais dynamiques"}]},{"@type":"WebSite","@id":"https:\/\/www.univ-lorraine.fr\/culture\/#website","url":"https:\/\/www.univ-lorraine.fr\/culture\/","name":"Culture","description":"","publisher":{"@id":"https:\/\/www.univ-lorraine.fr\/culture\/#organization"},"potentialAction":[{"@type":"SearchAction","target":{"@type":"EntryPoint","urlTemplate":"https:\/\/www.univ-lorraine.fr\/culture\/?s={search_term_string}"},"query-input":{"@type":"PropertyValueSpecification","valueRequired":true,"valueName":"search_term_string"}}],"inLanguage":"fr-FR"},{"@type":"Organization","@id":"https:\/\/www.univ-lorraine.fr\/culture\/#organization","name":"Universit\u00e9 de Lorraine","url":"https:\/\/www.univ-lorraine.fr\/culture\/","logo":{"@type":"ImageObject","inLanguage":"fr-FR","@id":"https:\/\/www.univ-lorraine.fr\/culture\/#\/schema\/logo\/image\/","url":"https:\/\/www.univ-lorraine.fr\/culture\/wp-content\/uploads\/sites\/10\/2021\/01\/LOGO_UL.png","contentUrl":"https:\/\/www.univ-lorraine.fr\/culture\/wp-content\/uploads\/sites\/10\/2021\/01\/LOGO_UL.png","width":138,"height":48,"caption":"Universit\u00e9 de Lorraine"},"image":{"@id":"https:\/\/www.univ-lorraine.fr\/culture\/#\/schema\/logo\/image\/"}}]}},"_links":{"self":[{"href":"https:\/\/www.univ-lorraine.fr\/culture\/wp-json\/wp\/v2\/pages\/431","targetHints":{"allow":["GET"]}}],"collection":[{"href":"https:\/\/www.univ-lorraine.fr\/culture\/wp-json\/wp\/v2\/pages"}],"about":[{"href":"https:\/\/www.univ-lorraine.fr\/culture\/wp-json\/wp\/v2\/types\/page"}],"author":[{"embeddable":true,"href":"https:\/\/www.univ-lorraine.fr\/culture\/wp-json\/wp\/v2\/users\/68"}],"replies":[{"embeddable":true,"href":"https:\/\/www.univ-lorraine.fr\/culture\/wp-json\/wp\/v2\/comments?post=431"}],"version-history":[{"count":32,"href":"https:\/\/www.univ-lorraine.fr\/culture\/wp-json\/wp\/v2\/pages\/431\/revisions"}],"predecessor-version":[{"id":2323,"href":"https:\/\/www.univ-lorraine.fr\/culture\/wp-json\/wp\/v2\/pages\/431\/revisions\/2323"}],"up":[{"embeddable":true,"href":"https:\/\/www.univ-lorraine.fr\/culture\/wp-json\/wp\/v2\/pages\/225"}],"wp:attachment":[{"href":"https:\/\/www.univ-lorraine.fr\/culture\/wp-json\/wp\/v2\/media?parent=431"}],"curies":[{"name":"wp","href":"https:\/\/api.w.org\/{rel}","templated":true}]}}