{"id":433,"date":"2021-04-28T16:32:27","date_gmt":"2021-04-28T14:32:27","guid":{"rendered":"https:\/\/www.univ-lorraine.fr\/culture\/?page_id=433"},"modified":"2021-09-08T16:55:04","modified_gmt":"2021-09-08T14:55:04","slug":"maul","status":"publish","type":"page","link":"https:\/\/www.univ-lorraine.fr\/culture\/musees-galeries\/maul\/","title":{"rendered":"Mus\u00e9e arch\u00e9ologique"},"content":{"rendered":"<div class=\"gb-container gb-container-e462c73a\"><div class=\"gb-inside-container\">\n\n<p>Le Mus\u00e9e Arch\u00e9ologique de l&rsquo;Universit\u00e9 de Lorraine (MAUL) rassemble environ 650 objets originaux : c\u00e9ramiques, statuettes en terre cuite, objets en bronze, verre, fa\u00efence, bois, etc. Plus de 400 pi\u00e8ces appartiennent \u00e0 l\u2019universit\u00e9, les autres sont des d\u00e9p\u00f4ts, principalement du Mus\u00e9e du Louvre.<\/p>\n\n\n\n<p>Le mus\u00e9e est con\u00e7u comme un outil p\u00e9dagogique, scientifique et de promotion du campus et de l&rsquo;universit\u00e9. Une plateforme p\u00e9dagogique transversale associe l\u2019enseignement des sciences humaines et sociales aux sciences exactes n\u00e9cessaires \u00e0 la recherche en Patrimoine et en Arch\u00e9ologie. Les \u00e9tudiants sont acteurs du projet sous la forme de plusieurs actions : gestion mus\u00e9ale, conservation pr\u00e9ventive-restauration, mus\u00e9ographie-sc\u00e9nographie, m\u00e9diation culturelle et m\u00e9tiers du patrimoine. Des expositions annuelles sont organis\u00e9es r\u00e9guli\u00e8rement.<\/p>\n\n\n\n<div class=\"wp-block-buttons alignwide is-content-justification-center is-layout-flex wp-block-buttons-is-layout-flex\">\n<div class=\"wp-block-button\"><a class=\"wp-block-button__link\" href=\"http:\/\/shs-nancy.univ-lorraine.fr\/presentation%20ufr\/le-musee-archeologique\">Pour en savoir plus sur le MAUL, rendez-vous sur le site de l&rsquo;UFR SHS<\/a><\/div>\n<\/div>\n\n<\/div><\/div>\n\n<div class=\"gb-container gb-container-5b492cf3\"><div class=\"gb-inside-container\">\n\n<h2 class=\"gb-headline gb-headline-eec798a5 gb-headline-text\">Le MAUL en images<\/h2>\n\n\n<style type=\"text\/css\">\n#foogallery-gallery-1749 .fg-image { width: 150px; }\n#foogallery-gallery-1749 { --fg-gutter: 10px; }<\/style>\n\t\t\t<div class=\"foogallery foogallery-container foogallery-default foogallery-lightbox-none fg-center fg-default fg-ready fg-light fg-border-thin fg-shadow-outline fg-loading-default fg-loaded-fade-in fg-caption-hover fg-hover-fade fg-hover-zoom\" id=\"foogallery-gallery-1749\" data-foogallery=\"{&quot;item&quot;:{&quot;showCaptionTitle&quot;:false,&quot;showCaptionDescription&quot;:true},&quot;lazy&quot;:true}\" style=\"--fg-title-line-clamp: 0; --fg-description-line-clamp: 0;\" >\n\t<div class=\"fg-item fg-type-image fg-idle\"><figure class=\"fg-item-inner\"><a href=\"https:\/\/www.univ-lorraine.fr\/culture\/wp-content\/uploads\/sites\/10\/2021\/04\/MAUL-5.jpg\" data-attachment-id=\"458\" data-type=\"image\" class=\"fg-thumb\"><span class=\"fg-image-wrap\"><img decoding=\"async\" width=\"150\" height=\"150\" class=\"skip-lazy fg-image\" data-src-fg=\"https:\/\/www.univ-lorraine.fr\/culture\/wp-content\/uploads\/sites\/10\/cache\/2021\/04\/MAUL-5\/4250617410.jpg\" src=\"data:image\/svg+xml,%3Csvg%20xmlns%3D%22http%3A%2F%2Fwww.w3.org%2F2000%2Fsvg%22%20width%3D%22150%22%20height%3D%22150%22%20viewBox%3D%220%200%20150%20150%22%3E%3C%2Fsvg%3E\" loading=\"eager\"><\/span><span class=\"fg-image-overlay\"><\/span><\/a><\/figure><div class=\"fg-loader\"><\/div><\/div><div class=\"fg-item fg-type-image fg-idle\"><figure class=\"fg-item-inner\"><a href=\"https:\/\/www.univ-lorraine.fr\/culture\/wp-content\/uploads\/sites\/10\/2021\/04\/MAUL-4.jpg\" data-attachment-id=\"457\" data-type=\"image\" class=\"fg-thumb\"><span class=\"fg-image-wrap\"><img decoding=\"async\" width=\"150\" height=\"150\" class=\"skip-lazy fg-image\" data-src-fg=\"https:\/\/www.univ-lorraine.fr\/culture\/wp-content\/uploads\/sites\/10\/cache\/2021\/04\/MAUL-4\/4061963815.jpg\" src=\"data:image\/svg+xml,%3Csvg%20xmlns%3D%22http%3A%2F%2Fwww.w3.org%2F2000%2Fsvg%22%20width%3D%22150%22%20height%3D%22150%22%20viewBox%3D%220%200%20150%20150%22%3E%3C%2Fsvg%3E\" loading=\"eager\"><\/span><span class=\"fg-image-overlay\"><\/span><\/a><\/figure><div class=\"fg-loader\"><\/div><\/div><div class=\"fg-item fg-type-image fg-idle\"><figure class=\"fg-item-inner\"><a href=\"https:\/\/www.univ-lorraine.fr\/culture\/wp-content\/uploads\/sites\/10\/2021\/04\/MAUL-3.jpg\" data-attachment-id=\"456\" data-type=\"image\" class=\"fg-thumb\"><span class=\"fg-image-wrap\"><img decoding=\"async\" width=\"150\" height=\"150\" class=\"skip-lazy fg-image\" data-src-fg=\"https:\/\/www.univ-lorraine.fr\/culture\/wp-content\/uploads\/sites\/10\/cache\/2021\/04\/MAUL-3\/2155593206.jpg\" src=\"data:image\/svg+xml,%3Csvg%20xmlns%3D%22http%3A%2F%2Fwww.w3.org%2F2000%2Fsvg%22%20width%3D%22150%22%20height%3D%22150%22%20viewBox%3D%220%200%20150%20150%22%3E%3C%2Fsvg%3E\" loading=\"eager\"><\/span><span class=\"fg-image-overlay\"><\/span><\/a><\/figure><div class=\"fg-loader\"><\/div><\/div><div class=\"fg-item fg-type-image fg-idle\"><figure class=\"fg-item-inner\"><a href=\"https:\/\/www.univ-lorraine.fr\/culture\/wp-content\/uploads\/sites\/10\/2021\/04\/MAUL-6.jpg\" data-attachment-id=\"454\" data-type=\"image\" class=\"fg-thumb\"><span class=\"fg-image-wrap\"><img decoding=\"async\" width=\"150\" height=\"150\" class=\"skip-lazy fg-image\" data-src-fg=\"https:\/\/www.univ-lorraine.fr\/culture\/wp-content\/uploads\/sites\/10\/cache\/2021\/04\/MAUL-6\/970954242.jpg\" src=\"data:image\/svg+xml,%3Csvg%20xmlns%3D%22http%3A%2F%2Fwww.w3.org%2F2000%2Fsvg%22%20width%3D%22150%22%20height%3D%22150%22%20viewBox%3D%220%200%20150%20150%22%3E%3C%2Fsvg%3E\" loading=\"eager\"><\/span><span class=\"fg-image-overlay\"><\/span><\/a><\/figure><div class=\"fg-loader\"><\/div><\/div><\/div>\n\n<\/div><\/div>","protected":false},"excerpt":{"rendered":"<p>Le Mus\u00e9e Arch\u00e9ologique de l&rsquo;Universit\u00e9 de Lorraine (MAUL) rassemble environ 650 objets originaux : c\u00e9ramiques, statuettes en terre cuite, objets en bronze, verre, fa\u00efence, bois, etc. Plus de 400 pi\u00e8ces appartiennent \u00e0 l\u2019universit\u00e9, les autres sont des d\u00e9p\u00f4ts, principalement du Mus\u00e9e du Louvre. Le mus\u00e9e est con\u00e7u comme un outil p\u00e9dagogique, scientifique et de promotion &#8230; <a title=\"Mus\u00e9e arch\u00e9ologique\" class=\"read-more\" href=\"https:\/\/www.univ-lorraine.fr\/culture\/musees-galeries\/maul\/\" aria-label=\"En savoir plus sur Mus\u00e9e arch\u00e9ologique\">Lire plus<\/a><\/p>\n","protected":false},"author":15,"featured_media":0,"parent":225,"menu_order":0,"comment_status":"closed","ping_status":"closed","template":"","meta":{"inline_featured_image":false,"footnotes":""},"class_list":["post-433","page","type-page","status-publish"],"yoast_head":"<!-- This site is optimized with the Yoast SEO plugin v27.4 - https:\/\/yoast.com\/product\/yoast-seo-wordpress\/ -->\n<title>Mus\u00e9e arch\u00e9ologique - Culture<\/title>\n<meta name=\"robots\" content=\"index, follow, max-snippet:-1, max-image-preview:large, max-video-preview:-1\" \/>\n<link rel=\"canonical\" href=\"https:\/\/www.univ-lorraine.fr\/culture\/musees-galeries\/maul\/\" \/>\n<meta property=\"og:locale\" content=\"fr_FR\" \/>\n<meta property=\"og:type\" content=\"article\" \/>\n<meta property=\"og:title\" content=\"Mus\u00e9e arch\u00e9ologique - Culture\" \/>\n<meta property=\"og:description\" content=\"Le Mus\u00e9e Arch\u00e9ologique de l&rsquo;Universit\u00e9 de Lorraine (MAUL) rassemble environ 650 objets originaux : c\u00e9ramiques, statuettes en terre cuite, objets en bronze, verre, fa\u00efence, bois, etc. Plus de 400 pi\u00e8ces appartiennent \u00e0 l\u2019universit\u00e9, les autres sont des d\u00e9p\u00f4ts, principalement du Mus\u00e9e du Louvre. Le mus\u00e9e est con\u00e7u comme un outil p\u00e9dagogique, scientifique et de promotion ... Lire plus\" \/>\n<meta property=\"og:url\" content=\"https:\/\/www.univ-lorraine.fr\/culture\/musees-galeries\/maul\/\" \/>\n<meta property=\"og:site_name\" content=\"Culture\" \/>\n<meta property=\"article:modified_time\" content=\"2021-09-08T14:55:04+00:00\" \/>\n<meta name=\"twitter:card\" content=\"summary_large_image\" \/>\n<meta name=\"twitter:label1\" content=\"Dur\u00e9e de lecture estim\u00e9e\" \/>\n\t<meta name=\"twitter:data1\" content=\"1 minute\" \/>\n<script type=\"application\/ld+json\" class=\"yoast-schema-graph\">{\"@context\":\"https:\\\/\\\/schema.org\",\"@graph\":[{\"@type\":\"WebPage\",\"@id\":\"https:\\\/\\\/www.univ-lorraine.fr\\\/culture\\\/musees-galeries\\\/maul\\\/\",\"url\":\"https:\\\/\\\/www.univ-lorraine.fr\\\/culture\\\/musees-galeries\\\/maul\\\/\",\"name\":\"Mus\u00e9e arch\u00e9ologique - Culture\",\"isPartOf\":{\"@id\":\"https:\\\/\\\/www.univ-lorraine.fr\\\/culture\\\/#website\"},\"datePublished\":\"2021-04-28T14:32:27+00:00\",\"dateModified\":\"2021-09-08T14:55:04+00:00\",\"breadcrumb\":{\"@id\":\"https:\\\/\\\/www.univ-lorraine.fr\\\/culture\\\/musees-galeries\\\/maul\\\/#breadcrumb\"},\"inLanguage\":\"fr-FR\",\"potentialAction\":[{\"@type\":\"ReadAction\",\"target\":[\"https:\\\/\\\/www.univ-lorraine.fr\\\/culture\\\/musees-galeries\\\/maul\\\/\"]}]},{\"@type\":\"BreadcrumbList\",\"@id\":\"https:\\\/\\\/www.univ-lorraine.fr\\\/culture\\\/musees-galeries\\\/maul\\\/#breadcrumb\",\"itemListElement\":[{\"@type\":\"ListItem\",\"position\":1,\"name\":\"Accueil\",\"item\":\"https:\\\/\\\/www.univ-lorraine.fr\\\/culture\\\/\"},{\"@type\":\"ListItem\",\"position\":2,\"name\":\"Mus\u00e9es &#038; galeries\",\"item\":\"https:\\\/\\\/www.univ-lorraine.fr\\\/culture\\\/musees-galeries\\\/\"},{\"@type\":\"ListItem\",\"position\":3,\"name\":\"Mus\u00e9e arch\u00e9ologique\"}]},{\"@type\":\"WebSite\",\"@id\":\"https:\\\/\\\/www.univ-lorraine.fr\\\/culture\\\/#website\",\"url\":\"https:\\\/\\\/www.univ-lorraine.fr\\\/culture\\\/\",\"name\":\"Culture\",\"description\":\"\",\"publisher\":{\"@id\":\"https:\\\/\\\/www.univ-lorraine.fr\\\/culture\\\/#organization\"},\"potentialAction\":[{\"@type\":\"SearchAction\",\"target\":{\"@type\":\"EntryPoint\",\"urlTemplate\":\"https:\\\/\\\/www.univ-lorraine.fr\\\/culture\\\/?s={search_term_string}\"},\"query-input\":{\"@type\":\"PropertyValueSpecification\",\"valueRequired\":true,\"valueName\":\"search_term_string\"}}],\"inLanguage\":\"fr-FR\"},{\"@type\":\"Organization\",\"@id\":\"https:\\\/\\\/www.univ-lorraine.fr\\\/culture\\\/#organization\",\"name\":\"Universit\u00e9 de Lorraine\",\"url\":\"https:\\\/\\\/www.univ-lorraine.fr\\\/culture\\\/\",\"logo\":{\"@type\":\"ImageObject\",\"inLanguage\":\"fr-FR\",\"@id\":\"https:\\\/\\\/www.univ-lorraine.fr\\\/culture\\\/#\\\/schema\\\/logo\\\/image\\\/\",\"url\":\"https:\\\/\\\/www.univ-lorraine.fr\\\/culture\\\/wp-content\\\/uploads\\\/sites\\\/10\\\/2021\\\/01\\\/LOGO_UL.png\",\"contentUrl\":\"https:\\\/\\\/www.univ-lorraine.fr\\\/culture\\\/wp-content\\\/uploads\\\/sites\\\/10\\\/2021\\\/01\\\/LOGO_UL.png\",\"width\":138,\"height\":48,\"caption\":\"Universit\u00e9 de Lorraine\"},\"image\":{\"@id\":\"https:\\\/\\\/www.univ-lorraine.fr\\\/culture\\\/#\\\/schema\\\/logo\\\/image\\\/\"}}]}<\/script>\n<!-- \/ Yoast SEO plugin. -->","yoast_head_json":{"title":"Mus\u00e9e arch\u00e9ologique - Culture","robots":{"index":"index","follow":"follow","max-snippet":"max-snippet:-1","max-image-preview":"max-image-preview:large","max-video-preview":"max-video-preview:-1"},"canonical":"https:\/\/www.univ-lorraine.fr\/culture\/musees-galeries\/maul\/","og_locale":"fr_FR","og_type":"article","og_title":"Mus\u00e9e arch\u00e9ologique - Culture","og_description":"Le Mus\u00e9e Arch\u00e9ologique de l&rsquo;Universit\u00e9 de Lorraine (MAUL) rassemble environ 650 objets originaux : c\u00e9ramiques, statuettes en terre cuite, objets en bronze, verre, fa\u00efence, bois, etc. Plus de 400 pi\u00e8ces appartiennent \u00e0 l\u2019universit\u00e9, les autres sont des d\u00e9p\u00f4ts, principalement du Mus\u00e9e du Louvre. Le mus\u00e9e est con\u00e7u comme un outil p\u00e9dagogique, scientifique et de promotion ... Lire plus","og_url":"https:\/\/www.univ-lorraine.fr\/culture\/musees-galeries\/maul\/","og_site_name":"Culture","article_modified_time":"2021-09-08T14:55:04+00:00","twitter_card":"summary_large_image","twitter_misc":{"Dur\u00e9e de lecture estim\u00e9e":"1 minute"},"schema":{"@context":"https:\/\/schema.org","@graph":[{"@type":"WebPage","@id":"https:\/\/www.univ-lorraine.fr\/culture\/musees-galeries\/maul\/","url":"https:\/\/www.univ-lorraine.fr\/culture\/musees-galeries\/maul\/","name":"Mus\u00e9e arch\u00e9ologique - Culture","isPartOf":{"@id":"https:\/\/www.univ-lorraine.fr\/culture\/#website"},"datePublished":"2021-04-28T14:32:27+00:00","dateModified":"2021-09-08T14:55:04+00:00","breadcrumb":{"@id":"https:\/\/www.univ-lorraine.fr\/culture\/musees-galeries\/maul\/#breadcrumb"},"inLanguage":"fr-FR","potentialAction":[{"@type":"ReadAction","target":["https:\/\/www.univ-lorraine.fr\/culture\/musees-galeries\/maul\/"]}]},{"@type":"BreadcrumbList","@id":"https:\/\/www.univ-lorraine.fr\/culture\/musees-galeries\/maul\/#breadcrumb","itemListElement":[{"@type":"ListItem","position":1,"name":"Accueil","item":"https:\/\/www.univ-lorraine.fr\/culture\/"},{"@type":"ListItem","position":2,"name":"Mus\u00e9es &#038; galeries","item":"https:\/\/www.univ-lorraine.fr\/culture\/musees-galeries\/"},{"@type":"ListItem","position":3,"name":"Mus\u00e9e arch\u00e9ologique"}]},{"@type":"WebSite","@id":"https:\/\/www.univ-lorraine.fr\/culture\/#website","url":"https:\/\/www.univ-lorraine.fr\/culture\/","name":"Culture","description":"","publisher":{"@id":"https:\/\/www.univ-lorraine.fr\/culture\/#organization"},"potentialAction":[{"@type":"SearchAction","target":{"@type":"EntryPoint","urlTemplate":"https:\/\/www.univ-lorraine.fr\/culture\/?s={search_term_string}"},"query-input":{"@type":"PropertyValueSpecification","valueRequired":true,"valueName":"search_term_string"}}],"inLanguage":"fr-FR"},{"@type":"Organization","@id":"https:\/\/www.univ-lorraine.fr\/culture\/#organization","name":"Universit\u00e9 de Lorraine","url":"https:\/\/www.univ-lorraine.fr\/culture\/","logo":{"@type":"ImageObject","inLanguage":"fr-FR","@id":"https:\/\/www.univ-lorraine.fr\/culture\/#\/schema\/logo\/image\/","url":"https:\/\/www.univ-lorraine.fr\/culture\/wp-content\/uploads\/sites\/10\/2021\/01\/LOGO_UL.png","contentUrl":"https:\/\/www.univ-lorraine.fr\/culture\/wp-content\/uploads\/sites\/10\/2021\/01\/LOGO_UL.png","width":138,"height":48,"caption":"Universit\u00e9 de Lorraine"},"image":{"@id":"https:\/\/www.univ-lorraine.fr\/culture\/#\/schema\/logo\/image\/"}}]}},"_links":{"self":[{"href":"https:\/\/www.univ-lorraine.fr\/culture\/wp-json\/wp\/v2\/pages\/433","targetHints":{"allow":["GET"]}}],"collection":[{"href":"https:\/\/www.univ-lorraine.fr\/culture\/wp-json\/wp\/v2\/pages"}],"about":[{"href":"https:\/\/www.univ-lorraine.fr\/culture\/wp-json\/wp\/v2\/types\/page"}],"author":[{"embeddable":true,"href":"https:\/\/www.univ-lorraine.fr\/culture\/wp-json\/wp\/v2\/users\/15"}],"replies":[{"embeddable":true,"href":"https:\/\/www.univ-lorraine.fr\/culture\/wp-json\/wp\/v2\/comments?post=433"}],"version-history":[{"count":3,"href":"https:\/\/www.univ-lorraine.fr\/culture\/wp-json\/wp\/v2\/pages\/433\/revisions"}],"predecessor-version":[{"id":1751,"href":"https:\/\/www.univ-lorraine.fr\/culture\/wp-json\/wp\/v2\/pages\/433\/revisions\/1751"}],"up":[{"embeddable":true,"href":"https:\/\/www.univ-lorraine.fr\/culture\/wp-json\/wp\/v2\/pages\/225"}],"wp:attachment":[{"href":"https:\/\/www.univ-lorraine.fr\/culture\/wp-json\/wp\/v2\/media?parent=433"}],"curies":[{"name":"wp","href":"https:\/\/api.w.org\/{rel}","templated":true}]}}