{"id":441,"date":"2021-04-28T17:16:08","date_gmt":"2021-04-28T15:16:08","guid":{"rendered":"https:\/\/www.univ-lorraine.fr\/culture\/?page_id=441"},"modified":"2024-10-24T15:20:14","modified_gmt":"2024-10-24T13:20:14","slug":"formationsci","status":"publish","type":"page","link":"https:\/\/www.univ-lorraine.fr\/culture\/culturesci\/formations-accompagnements\/formationsci\/","title":{"rendered":"Formations doctorales"},"content":{"rendered":"<div class=\"gb-container gb-container-f3f739b5\"><div class=\"gb-inside-container\">\n\n<p>Face au d\u00e9fi de pr\u00e9senter un sujet de recherche et ses implications au grand public, les formations doctorales accompagnent leurs participants et participantes dans leurs d\u00e9marches de vulgarisation et de m\u00e9diation scientifique.<br>Ces formations proposent une approche compl\u00e8te, th\u00e9orique et pratique, destin\u00e9e aux scientifiques qui souhaitent mieux se saisir de leurs recherches et s\u2019investir dans des activit\u00e9s de m\u00e9diation.<\/p>\n\n\n<div class=\"gb-grid-wrapper gb-grid-wrapper-83955351\">\n<div class=\"gb-grid-column gb-grid-column-8b19a6c7\"><div class=\"gb-container gb-container-8b19a6c7\"><div class=\"gb-inside-container\">\n\n<figure class=\"wp-block-image size-large\"><img loading=\"lazy\" decoding=\"async\" width=\"1024\" height=\"1024\" src=\"https:\/\/www.univ-lorraine.fr\/culture\/wp-content\/uploads\/sites\/10\/2024\/10\/01-formation-twitch-1024x1024.jpg\" alt=\"\" class=\"wp-image-6335\" srcset=\"https:\/\/www.univ-lorraine.fr\/culture\/wp-content\/uploads\/sites\/10\/2024\/10\/01-formation-twitch-1024x1024.jpg 1024w, https:\/\/www.univ-lorraine.fr\/culture\/wp-content\/uploads\/sites\/10\/2024\/10\/01-formation-twitch-300x300.jpg 300w, https:\/\/www.univ-lorraine.fr\/culture\/wp-content\/uploads\/sites\/10\/2024\/10\/01-formation-twitch-150x150.jpg 150w, https:\/\/www.univ-lorraine.fr\/culture\/wp-content\/uploads\/sites\/10\/2024\/10\/01-formation-twitch-768x768.jpg 768w, https:\/\/www.univ-lorraine.fr\/culture\/wp-content\/uploads\/sites\/10\/2024\/10\/01-formation-twitch-1536x1536.jpg 1536w, https:\/\/www.univ-lorraine.fr\/culture\/wp-content\/uploads\/sites\/10\/2024\/10\/01-formation-twitch-2048x2048.jpg 2048w\" sizes=\"auto, (max-width: 1024px) 100vw, 1024px\" \/><\/figure>\n\n<\/div><\/div><\/div>\n\n<div class=\"gb-grid-column gb-grid-column-51e1a78b\"><div class=\"gb-container gb-container-51e1a78b\"><div class=\"gb-inside-container\">\n\n<h3 class=\"gb-headline gb-headline-f0b63716 gb-headline-text\"><strong>Objectifs des formations<\/strong><\/h3>\n\n\n\n<ul class=\"wp-block-list\">\n<li>Prendre du recul sur sa recherche et sa d\u00e9marche scientifique<\/li>\n\n\n\n<li>Savoir pr\u00e9senter sa recherche \u00e0 diff\u00e9rents publics<\/li>\n\n\n\n<li>Contribuer au d\u00e9veloppement de l\u2019esprit critique chez les citoyens et citoyennes de tous \u00e2ges<\/li>\n\n\n\n<li>Susciter l\u2019envie chez les plus jeunes de s\u2019approprier les sciences et leurs enjeux<\/li>\n\n\n\n<li>Renforcer les ponts entre recherche et contributeurs et contributrices des sciences sur le territoire<\/li>\n<\/ul>\n\n\n\n<h3 class=\"gb-headline gb-headline-79da5ceb gb-headline-text\"><strong>\u00c0 qui s\u2019adressent les formations ?<\/strong><\/h3>\n\n\n\n<ul class=\"wp-block-list\">\n<li>Aux doctorants et doctorantes de toutes les disciplines, en sciences dures et en sciences humaines<\/li>\n\n\n\n<li>Principalement en 2\u00e8me et 3\u00e8me ann\u00e9es, possible d\u00e8s la 1<sup>\u00e8re<\/sup><\/li>\n\n\n\n<li>Chercheurs et chercheuses en post-doc et curieux et curieuses bienvenues (sous r\u00e9serve de places restantes, n&rsquo;h\u00e9sitez pas \u00e0 nous contacter)<\/li>\n<\/ul>\n\n\n\n<div class=\"wp-block-buttons alignwide is-layout-flex wp-block-buttons-is-layout-flex\">\n<div class=\"wp-block-button\"><a class=\"wp-block-button__link wp-element-button\" href=\"http:\/\/tinyurl.com\/formation-scimedia\" target=\"_blank\" rel=\"noreferrer noopener\">Inscriptions en ligne sur votre espace ADUM<\/a><\/div>\n<\/div>\n\n<\/div><\/div><\/div>\n<\/div>\n\n\n<div style=\"height:30px\" aria-hidden=\"true\" class=\"wp-block-spacer\"><\/div>\n\n<\/div><\/div>\n\n\n<figure class=\"wp-block-gallery has-nested-images columns-default is-cropped wp-block-gallery-1 is-layout-flex wp-block-gallery-is-layout-flex\">\n<figure class=\"wp-block-image size-large\"><img loading=\"lazy\" decoding=\"async\" width=\"1024\" height=\"1024\" data-id=\"6336\" src=\"https:\/\/www.univ-lorraine.fr\/culture\/wp-content\/uploads\/sites\/10\/2024\/10\/02-formation-mediation-1024x1024.jpg\" alt=\"\" class=\"wp-image-6336\" srcset=\"https:\/\/www.univ-lorraine.fr\/culture\/wp-content\/uploads\/sites\/10\/2024\/10\/02-formation-mediation-1024x1024.jpg 1024w, https:\/\/www.univ-lorraine.fr\/culture\/wp-content\/uploads\/sites\/10\/2024\/10\/02-formation-mediation-300x300.jpg 300w, https:\/\/www.univ-lorraine.fr\/culture\/wp-content\/uploads\/sites\/10\/2024\/10\/02-formation-mediation-150x150.jpg 150w, https:\/\/www.univ-lorraine.fr\/culture\/wp-content\/uploads\/sites\/10\/2024\/10\/02-formation-mediation-768x768.jpg 768w, https:\/\/www.univ-lorraine.fr\/culture\/wp-content\/uploads\/sites\/10\/2024\/10\/02-formation-mediation-1536x1536.jpg 1536w, https:\/\/www.univ-lorraine.fr\/culture\/wp-content\/uploads\/sites\/10\/2024\/10\/02-formation-mediation-2048x2048.jpg 2048w\" sizes=\"auto, (max-width: 1024px) 100vw, 1024px\" \/><\/figure>\n\n\n\n<figure class=\"wp-block-image size-large\"><img loading=\"lazy\" decoding=\"async\" width=\"1024\" height=\"1024\" data-id=\"6333\" src=\"https:\/\/www.univ-lorraine.fr\/culture\/wp-content\/uploads\/sites\/10\/2024\/10\/03-formation-mt180-1024x1024.jpg\" alt=\"\" class=\"wp-image-6333\" srcset=\"https:\/\/www.univ-lorraine.fr\/culture\/wp-content\/uploads\/sites\/10\/2024\/10\/03-formation-mt180-1024x1024.jpg 1024w, https:\/\/www.univ-lorraine.fr\/culture\/wp-content\/uploads\/sites\/10\/2024\/10\/03-formation-mt180-300x300.jpg 300w, https:\/\/www.univ-lorraine.fr\/culture\/wp-content\/uploads\/sites\/10\/2024\/10\/03-formation-mt180-150x150.jpg 150w, https:\/\/www.univ-lorraine.fr\/culture\/wp-content\/uploads\/sites\/10\/2024\/10\/03-formation-mt180-768x768.jpg 768w, https:\/\/www.univ-lorraine.fr\/culture\/wp-content\/uploads\/sites\/10\/2024\/10\/03-formation-mt180-1536x1536.jpg 1536w, https:\/\/www.univ-lorraine.fr\/culture\/wp-content\/uploads\/sites\/10\/2024\/10\/03-formation-mt180-2048x2048.jpg 2048w\" sizes=\"auto, (max-width: 1024px) 100vw, 1024px\" \/><\/figure>\n\n\n\n<figure class=\"wp-block-image size-large\"><img loading=\"lazy\" decoding=\"async\" width=\"1024\" height=\"1024\" data-id=\"6334\" src=\"https:\/\/www.univ-lorraine.fr\/culture\/wp-content\/uploads\/sites\/10\/2024\/10\/04-media-training-1024x1024.jpg\" alt=\"\" class=\"wp-image-6334\" srcset=\"https:\/\/www.univ-lorraine.fr\/culture\/wp-content\/uploads\/sites\/10\/2024\/10\/04-media-training-1024x1024.jpg 1024w, https:\/\/www.univ-lorraine.fr\/culture\/wp-content\/uploads\/sites\/10\/2024\/10\/04-media-training-300x300.jpg 300w, https:\/\/www.univ-lorraine.fr\/culture\/wp-content\/uploads\/sites\/10\/2024\/10\/04-media-training-150x150.jpg 150w, https:\/\/www.univ-lorraine.fr\/culture\/wp-content\/uploads\/sites\/10\/2024\/10\/04-media-training-768x768.jpg 768w, https:\/\/www.univ-lorraine.fr\/culture\/wp-content\/uploads\/sites\/10\/2024\/10\/04-media-training-1536x1536.jpg 1536w, https:\/\/www.univ-lorraine.fr\/culture\/wp-content\/uploads\/sites\/10\/2024\/10\/04-media-training-2048x2048.jpg 2048w\" sizes=\"auto, (max-width: 1024px) 100vw, 1024px\" \/><\/figure>\n\n\n\n<figure class=\"wp-block-image size-large\"><img loading=\"lazy\" decoding=\"async\" width=\"1024\" height=\"1024\" data-id=\"6341\" src=\"https:\/\/www.univ-lorraine.fr\/culture\/wp-content\/uploads\/sites\/10\/2024\/10\/05-formation-sciences-et-bd-1-1024x1024.jpg\" alt=\"\" class=\"wp-image-6341\" srcset=\"https:\/\/www.univ-lorraine.fr\/culture\/wp-content\/uploads\/sites\/10\/2024\/10\/05-formation-sciences-et-bd-1-1024x1024.jpg 1024w, https:\/\/www.univ-lorraine.fr\/culture\/wp-content\/uploads\/sites\/10\/2024\/10\/05-formation-sciences-et-bd-1-300x300.jpg 300w, https:\/\/www.univ-lorraine.fr\/culture\/wp-content\/uploads\/sites\/10\/2024\/10\/05-formation-sciences-et-bd-1-150x150.jpg 150w, https:\/\/www.univ-lorraine.fr\/culture\/wp-content\/uploads\/sites\/10\/2024\/10\/05-formation-sciences-et-bd-1-768x768.jpg 768w, https:\/\/www.univ-lorraine.fr\/culture\/wp-content\/uploads\/sites\/10\/2024\/10\/05-formation-sciences-et-bd-1-1536x1536.jpg 1536w, https:\/\/www.univ-lorraine.fr\/culture\/wp-content\/uploads\/sites\/10\/2024\/10\/05-formation-sciences-et-bd-1-2048x2048.jpg 2048w\" sizes=\"auto, (max-width: 1024px) 100vw, 1024px\" \/><\/figure>\n\n\n\n<figure class=\"wp-block-image size-large\"><img loading=\"lazy\" decoding=\"async\" width=\"1024\" height=\"1024\" data-id=\"6337\" src=\"https:\/\/www.univ-lorraine.fr\/culture\/wp-content\/uploads\/sites\/10\/2024\/10\/06-formation-zetetique-1024x1024.jpg\" alt=\"\" class=\"wp-image-6337\" srcset=\"https:\/\/www.univ-lorraine.fr\/culture\/wp-content\/uploads\/sites\/10\/2024\/10\/06-formation-zetetique-1024x1024.jpg 1024w, https:\/\/www.univ-lorraine.fr\/culture\/wp-content\/uploads\/sites\/10\/2024\/10\/06-formation-zetetique-300x300.jpg 300w, https:\/\/www.univ-lorraine.fr\/culture\/wp-content\/uploads\/sites\/10\/2024\/10\/06-formation-zetetique-150x150.jpg 150w, https:\/\/www.univ-lorraine.fr\/culture\/wp-content\/uploads\/sites\/10\/2024\/10\/06-formation-zetetique-768x768.jpg 768w, https:\/\/www.univ-lorraine.fr\/culture\/wp-content\/uploads\/sites\/10\/2024\/10\/06-formation-zetetique-1536x1536.jpg 1536w, https:\/\/www.univ-lorraine.fr\/culture\/wp-content\/uploads\/sites\/10\/2024\/10\/06-formation-zetetique-2048x2048.jpg 2048w\" sizes=\"auto, (max-width: 1024px) 100vw, 1024px\" \/><\/figure>\n\n\n\n<figure class=\"wp-block-image size-large\"><img loading=\"lazy\" decoding=\"async\" width=\"1024\" height=\"1024\" data-id=\"6339\" src=\"https:\/\/www.univ-lorraine.fr\/culture\/wp-content\/uploads\/sites\/10\/2024\/10\/07-formation-datavisualisation-1024x1024.jpg\" alt=\"\" class=\"wp-image-6339\" srcset=\"https:\/\/www.univ-lorraine.fr\/culture\/wp-content\/uploads\/sites\/10\/2024\/10\/07-formation-datavisualisation-1024x1024.jpg 1024w, https:\/\/www.univ-lorraine.fr\/culture\/wp-content\/uploads\/sites\/10\/2024\/10\/07-formation-datavisualisation-300x300.jpg 300w, https:\/\/www.univ-lorraine.fr\/culture\/wp-content\/uploads\/sites\/10\/2024\/10\/07-formation-datavisualisation-150x150.jpg 150w, https:\/\/www.univ-lorraine.fr\/culture\/wp-content\/uploads\/sites\/10\/2024\/10\/07-formation-datavisualisation-768x768.jpg 768w, https:\/\/www.univ-lorraine.fr\/culture\/wp-content\/uploads\/sites\/10\/2024\/10\/07-formation-datavisualisation-1536x1536.jpg 1536w, https:\/\/www.univ-lorraine.fr\/culture\/wp-content\/uploads\/sites\/10\/2024\/10\/07-formation-datavisualisation-2048x2048.jpg 2048w\" sizes=\"auto, (max-width: 1024px) 100vw, 1024px\" \/><\/figure>\n<\/figure>\n","protected":false},"excerpt":{"rendered":"<p>Face au d\u00e9fi de pr\u00e9senter un sujet de recherche et ses implications au grand public, les formations doctorales accompagnent leurs participants et participantes dans leurs d\u00e9marches de vulgarisation et de m\u00e9diation scientifique.Ces formations proposent une approche compl\u00e8te, th\u00e9orique et pratique, destin\u00e9e aux scientifiques qui souhaitent mieux se saisir de leurs recherches et s\u2019investir dans des &#8230; <a title=\"Formations doctorales\" class=\"read-more\" href=\"https:\/\/www.univ-lorraine.fr\/culture\/culturesci\/formations-accompagnements\/formationsci\/\" aria-label=\"En savoir plus sur Formations doctorales\">Lire plus<\/a><\/p>\n","protected":false},"author":15,"featured_media":0,"parent":429,"menu_order":0,"comment_status":"closed","ping_status":"closed","template":"","meta":{"inline_featured_image":false,"footnotes":""},"class_list":["post-441","page","type-page","status-publish"],"yoast_head":"<!-- This site is optimized with the Yoast SEO plugin v27.4 - https:\/\/yoast.com\/product\/yoast-seo-wordpress\/ -->\n<title>Formations doctorales - Culture<\/title>\n<meta name=\"robots\" content=\"index, follow, max-snippet:-1, max-image-preview:large, max-video-preview:-1\" \/>\n<link rel=\"canonical\" href=\"https:\/\/www.univ-lorraine.fr\/culture\/culturesci\/formations-accompagnements\/formationsci\/\" \/>\n<meta property=\"og:locale\" content=\"fr_FR\" \/>\n<meta property=\"og:type\" content=\"article\" \/>\n<meta property=\"og:title\" content=\"Formations doctorales - Culture\" \/>\n<meta property=\"og:description\" content=\"Face au d\u00e9fi de pr\u00e9senter un sujet de recherche et ses implications au grand public, les formations doctorales accompagnent leurs participants et participantes dans leurs d\u00e9marches de vulgarisation et de m\u00e9diation scientifique.Ces formations proposent une approche compl\u00e8te, th\u00e9orique et pratique, destin\u00e9e aux scientifiques qui souhaitent mieux se saisir de leurs recherches et s\u2019investir dans des ... Lire plus\" \/>\n<meta property=\"og:url\" content=\"https:\/\/www.univ-lorraine.fr\/culture\/culturesci\/formations-accompagnements\/formationsci\/\" \/>\n<meta property=\"og:site_name\" content=\"Culture\" \/>\n<meta property=\"article:modified_time\" content=\"2024-10-24T13:20:14+00:00\" \/>\n<meta property=\"og:image\" content=\"https:\/\/www.univ-lorraine.fr\/culture\/wp-content\/uploads\/sites\/10\/2024\/10\/01-formation-twitch-scaled.jpg\" \/>\n\t<meta property=\"og:image:width\" content=\"2560\" \/>\n\t<meta property=\"og:image:height\" content=\"2560\" \/>\n\t<meta property=\"og:image:type\" content=\"image\/jpeg\" \/>\n<meta name=\"twitter:card\" content=\"summary_large_image\" \/>\n<meta name=\"twitter:label1\" content=\"Dur\u00e9e de lecture estim\u00e9e\" \/>\n\t<meta name=\"twitter:data1\" content=\"3 minutes\" \/>\n<script type=\"application\/ld+json\" class=\"yoast-schema-graph\">{\"@context\":\"https:\\\/\\\/schema.org\",\"@graph\":[{\"@type\":\"WebPage\",\"@id\":\"https:\\\/\\\/www.univ-lorraine.fr\\\/culture\\\/culturesci\\\/formations-accompagnements\\\/formationsci\\\/\",\"url\":\"https:\\\/\\\/www.univ-lorraine.fr\\\/culture\\\/culturesci\\\/formations-accompagnements\\\/formationsci\\\/\",\"name\":\"Formations doctorales - Culture\",\"isPartOf\":{\"@id\":\"https:\\\/\\\/www.univ-lorraine.fr\\\/culture\\\/#website\"},\"primaryImageOfPage\":{\"@id\":\"https:\\\/\\\/www.univ-lorraine.fr\\\/culture\\\/culturesci\\\/formations-accompagnements\\\/formationsci\\\/#primaryimage\"},\"image\":{\"@id\":\"https:\\\/\\\/www.univ-lorraine.fr\\\/culture\\\/culturesci\\\/formations-accompagnements\\\/formationsci\\\/#primaryimage\"},\"thumbnailUrl\":\"https:\\\/\\\/www.univ-lorraine.fr\\\/culture\\\/wp-content\\\/uploads\\\/sites\\\/10\\\/2024\\\/10\\\/01-formation-twitch-1024x1024.jpg\",\"datePublished\":\"2021-04-28T15:16:08+00:00\",\"dateModified\":\"2024-10-24T13:20:14+00:00\",\"breadcrumb\":{\"@id\":\"https:\\\/\\\/www.univ-lorraine.fr\\\/culture\\\/culturesci\\\/formations-accompagnements\\\/formationsci\\\/#breadcrumb\"},\"inLanguage\":\"fr-FR\",\"potentialAction\":[{\"@type\":\"ReadAction\",\"target\":[\"https:\\\/\\\/www.univ-lorraine.fr\\\/culture\\\/culturesci\\\/formations-accompagnements\\\/formationsci\\\/\"]}]},{\"@type\":\"ImageObject\",\"inLanguage\":\"fr-FR\",\"@id\":\"https:\\\/\\\/www.univ-lorraine.fr\\\/culture\\\/culturesci\\\/formations-accompagnements\\\/formationsci\\\/#primaryimage\",\"url\":\"https:\\\/\\\/www.univ-lorraine.fr\\\/culture\\\/wp-content\\\/uploads\\\/sites\\\/10\\\/2024\\\/10\\\/01-formation-twitch-scaled.jpg\",\"contentUrl\":\"https:\\\/\\\/www.univ-lorraine.fr\\\/culture\\\/wp-content\\\/uploads\\\/sites\\\/10\\\/2024\\\/10\\\/01-formation-twitch-scaled.jpg\",\"width\":2560,\"height\":2560,\"caption\":\"Formation Twitch\"},{\"@type\":\"BreadcrumbList\",\"@id\":\"https:\\\/\\\/www.univ-lorraine.fr\\\/culture\\\/culturesci\\\/formations-accompagnements\\\/formationsci\\\/#breadcrumb\",\"itemListElement\":[{\"@type\":\"ListItem\",\"position\":1,\"name\":\"Accueil\",\"item\":\"https:\\\/\\\/www.univ-lorraine.fr\\\/culture\\\/\"},{\"@type\":\"ListItem\",\"position\":2,\"name\":\"Science Avec et Pour la Soci\u00e9t\u00e9\",\"item\":\"https:\\\/\\\/www.univ-lorraine.fr\\\/culture\\\/culturesci\\\/\"},{\"@type\":\"ListItem\",\"position\":3,\"name\":\"Formations &amp; accompagnements\",\"item\":\"https:\\\/\\\/www.univ-lorraine.fr\\\/culture\\\/culturesci\\\/formations-accompagnements\\\/\"},{\"@type\":\"ListItem\",\"position\":4,\"name\":\"Formations doctorales\"}]},{\"@type\":\"WebSite\",\"@id\":\"https:\\\/\\\/www.univ-lorraine.fr\\\/culture\\\/#website\",\"url\":\"https:\\\/\\\/www.univ-lorraine.fr\\\/culture\\\/\",\"name\":\"Culture\",\"description\":\"\",\"publisher\":{\"@id\":\"https:\\\/\\\/www.univ-lorraine.fr\\\/culture\\\/#organization\"},\"potentialAction\":[{\"@type\":\"SearchAction\",\"target\":{\"@type\":\"EntryPoint\",\"urlTemplate\":\"https:\\\/\\\/www.univ-lorraine.fr\\\/culture\\\/?s={search_term_string}\"},\"query-input\":{\"@type\":\"PropertyValueSpecification\",\"valueRequired\":true,\"valueName\":\"search_term_string\"}}],\"inLanguage\":\"fr-FR\"},{\"@type\":\"Organization\",\"@id\":\"https:\\\/\\\/www.univ-lorraine.fr\\\/culture\\\/#organization\",\"name\":\"Universit\u00e9 de Lorraine\",\"url\":\"https:\\\/\\\/www.univ-lorraine.fr\\\/culture\\\/\",\"logo\":{\"@type\":\"ImageObject\",\"inLanguage\":\"fr-FR\",\"@id\":\"https:\\\/\\\/www.univ-lorraine.fr\\\/culture\\\/#\\\/schema\\\/logo\\\/image\\\/\",\"url\":\"https:\\\/\\\/www.univ-lorraine.fr\\\/culture\\\/wp-content\\\/uploads\\\/sites\\\/10\\\/2021\\\/01\\\/LOGO_UL.png\",\"contentUrl\":\"https:\\\/\\\/www.univ-lorraine.fr\\\/culture\\\/wp-content\\\/uploads\\\/sites\\\/10\\\/2021\\\/01\\\/LOGO_UL.png\",\"width\":138,\"height\":48,\"caption\":\"Universit\u00e9 de Lorraine\"},\"image\":{\"@id\":\"https:\\\/\\\/www.univ-lorraine.fr\\\/culture\\\/#\\\/schema\\\/logo\\\/image\\\/\"}}]}<\/script>\n<!-- \/ Yoast SEO plugin. -->","yoast_head_json":{"title":"Formations doctorales - Culture","robots":{"index":"index","follow":"follow","max-snippet":"max-snippet:-1","max-image-preview":"max-image-preview:large","max-video-preview":"max-video-preview:-1"},"canonical":"https:\/\/www.univ-lorraine.fr\/culture\/culturesci\/formations-accompagnements\/formationsci\/","og_locale":"fr_FR","og_type":"article","og_title":"Formations doctorales - Culture","og_description":"Face au d\u00e9fi de pr\u00e9senter un sujet de recherche et ses implications au grand public, les formations doctorales accompagnent leurs participants et participantes dans leurs d\u00e9marches de vulgarisation et de m\u00e9diation scientifique.Ces formations proposent une approche compl\u00e8te, th\u00e9orique et pratique, destin\u00e9e aux scientifiques qui souhaitent mieux se saisir de leurs recherches et s\u2019investir dans des ... Lire plus","og_url":"https:\/\/www.univ-lorraine.fr\/culture\/culturesci\/formations-accompagnements\/formationsci\/","og_site_name":"Culture","article_modified_time":"2024-10-24T13:20:14+00:00","og_image":[{"width":2560,"height":2560,"url":"https:\/\/www.univ-lorraine.fr\/culture\/wp-content\/uploads\/sites\/10\/2024\/10\/01-formation-twitch-scaled.jpg","type":"image\/jpeg"}],"twitter_card":"summary_large_image","twitter_misc":{"Dur\u00e9e de lecture estim\u00e9e":"3 minutes"},"schema":{"@context":"https:\/\/schema.org","@graph":[{"@type":"WebPage","@id":"https:\/\/www.univ-lorraine.fr\/culture\/culturesci\/formations-accompagnements\/formationsci\/","url":"https:\/\/www.univ-lorraine.fr\/culture\/culturesci\/formations-accompagnements\/formationsci\/","name":"Formations doctorales - Culture","isPartOf":{"@id":"https:\/\/www.univ-lorraine.fr\/culture\/#website"},"primaryImageOfPage":{"@id":"https:\/\/www.univ-lorraine.fr\/culture\/culturesci\/formations-accompagnements\/formationsci\/#primaryimage"},"image":{"@id":"https:\/\/www.univ-lorraine.fr\/culture\/culturesci\/formations-accompagnements\/formationsci\/#primaryimage"},"thumbnailUrl":"https:\/\/www.univ-lorraine.fr\/culture\/wp-content\/uploads\/sites\/10\/2024\/10\/01-formation-twitch-1024x1024.jpg","datePublished":"2021-04-28T15:16:08+00:00","dateModified":"2024-10-24T13:20:14+00:00","breadcrumb":{"@id":"https:\/\/www.univ-lorraine.fr\/culture\/culturesci\/formations-accompagnements\/formationsci\/#breadcrumb"},"inLanguage":"fr-FR","potentialAction":[{"@type":"ReadAction","target":["https:\/\/www.univ-lorraine.fr\/culture\/culturesci\/formations-accompagnements\/formationsci\/"]}]},{"@type":"ImageObject","inLanguage":"fr-FR","@id":"https:\/\/www.univ-lorraine.fr\/culture\/culturesci\/formations-accompagnements\/formationsci\/#primaryimage","url":"https:\/\/www.univ-lorraine.fr\/culture\/wp-content\/uploads\/sites\/10\/2024\/10\/01-formation-twitch-scaled.jpg","contentUrl":"https:\/\/www.univ-lorraine.fr\/culture\/wp-content\/uploads\/sites\/10\/2024\/10\/01-formation-twitch-scaled.jpg","width":2560,"height":2560,"caption":"Formation Twitch"},{"@type":"BreadcrumbList","@id":"https:\/\/www.univ-lorraine.fr\/culture\/culturesci\/formations-accompagnements\/formationsci\/#breadcrumb","itemListElement":[{"@type":"ListItem","position":1,"name":"Accueil","item":"https:\/\/www.univ-lorraine.fr\/culture\/"},{"@type":"ListItem","position":2,"name":"Science Avec et Pour la Soci\u00e9t\u00e9","item":"https:\/\/www.univ-lorraine.fr\/culture\/culturesci\/"},{"@type":"ListItem","position":3,"name":"Formations &amp; accompagnements","item":"https:\/\/www.univ-lorraine.fr\/culture\/culturesci\/formations-accompagnements\/"},{"@type":"ListItem","position":4,"name":"Formations doctorales"}]},{"@type":"WebSite","@id":"https:\/\/www.univ-lorraine.fr\/culture\/#website","url":"https:\/\/www.univ-lorraine.fr\/culture\/","name":"Culture","description":"","publisher":{"@id":"https:\/\/www.univ-lorraine.fr\/culture\/#organization"},"potentialAction":[{"@type":"SearchAction","target":{"@type":"EntryPoint","urlTemplate":"https:\/\/www.univ-lorraine.fr\/culture\/?s={search_term_string}"},"query-input":{"@type":"PropertyValueSpecification","valueRequired":true,"valueName":"search_term_string"}}],"inLanguage":"fr-FR"},{"@type":"Organization","@id":"https:\/\/www.univ-lorraine.fr\/culture\/#organization","name":"Universit\u00e9 de Lorraine","url":"https:\/\/www.univ-lorraine.fr\/culture\/","logo":{"@type":"ImageObject","inLanguage":"fr-FR","@id":"https:\/\/www.univ-lorraine.fr\/culture\/#\/schema\/logo\/image\/","url":"https:\/\/www.univ-lorraine.fr\/culture\/wp-content\/uploads\/sites\/10\/2021\/01\/LOGO_UL.png","contentUrl":"https:\/\/www.univ-lorraine.fr\/culture\/wp-content\/uploads\/sites\/10\/2021\/01\/LOGO_UL.png","width":138,"height":48,"caption":"Universit\u00e9 de Lorraine"},"image":{"@id":"https:\/\/www.univ-lorraine.fr\/culture\/#\/schema\/logo\/image\/"}}]}},"_links":{"self":[{"href":"https:\/\/www.univ-lorraine.fr\/culture\/wp-json\/wp\/v2\/pages\/441","targetHints":{"allow":["GET"]}}],"collection":[{"href":"https:\/\/www.univ-lorraine.fr\/culture\/wp-json\/wp\/v2\/pages"}],"about":[{"href":"https:\/\/www.univ-lorraine.fr\/culture\/wp-json\/wp\/v2\/types\/page"}],"author":[{"embeddable":true,"href":"https:\/\/www.univ-lorraine.fr\/culture\/wp-json\/wp\/v2\/users\/15"}],"replies":[{"embeddable":true,"href":"https:\/\/www.univ-lorraine.fr\/culture\/wp-json\/wp\/v2\/comments?post=441"}],"version-history":[{"count":15,"href":"https:\/\/www.univ-lorraine.fr\/culture\/wp-json\/wp\/v2\/pages\/441\/revisions"}],"predecessor-version":[{"id":6343,"href":"https:\/\/www.univ-lorraine.fr\/culture\/wp-json\/wp\/v2\/pages\/441\/revisions\/6343"}],"up":[{"embeddable":true,"href":"https:\/\/www.univ-lorraine.fr\/culture\/wp-json\/wp\/v2\/pages\/429"}],"wp:attachment":[{"href":"https:\/\/www.univ-lorraine.fr\/culture\/wp-json\/wp\/v2\/media?parent=441"}],"curies":[{"name":"wp","href":"https:\/\/api.w.org\/{rel}","templated":true}]}}