{"id":5227,"date":"2025-12-04T09:38:54","date_gmt":"2025-12-04T08:38:54","guid":{"rendered":"https:\/\/www.univ-lorraine.fr\/culture\/?page_id=5227"},"modified":"2025-12-04T09:38:56","modified_gmt":"2025-12-04T08:38:56","slug":"plan-du-site","status":"publish","type":"page","link":"https:\/\/www.univ-lorraine.fr\/culture\/plan-du-site\/","title":{"rendered":"Plan du site"},"content":{"rendered":"\n<p><\/p>\n\n\n<div class=\"wsp-container\"><h2 class=\"wsp-pages-title\">Pages<\/h2>\n<ul class=\"wsp-pages-list\">\n<li class=\"page_item page-item-7\"><a href=\"https:\/\/www.univ-lorraine.fr\/culture\/\">Accueil<\/a><\/li>\n<li class=\"page_item page-item-221\"><a href=\"https:\/\/www.univ-lorraine.fr\/culture\/actions-culturelles-delocalisees\/\">Actions culturelles d\u00e9localis\u00e9es<\/a><\/li>\n<li class=\"page_item page-item-3549\"><a href=\"https:\/\/www.univ-lorraine.fr\/culture\/agenda-culturel\/\">Agenda culturel<\/a><\/li>\n<li class=\"page_item page-item-1725\"><a href=\"https:\/\/www.univ-lorraine.fr\/culture\/cultures_bu\/\">CultureS en BU<\/a><\/li>\n<li class=\"page_item page-item-2625\"><a href=\"https:\/\/www.univ-lorraine.fr\/culture\/deuxieme-edition-du-prix-litteraire-frontieres-2022\/\">Deuxi\u00e8me \u00e9dition du prix litt\u00e9raire Fronti\u00e8res \u2013 2022<\/a><\/li>\n<li class=\"page_item page-item-2918\"><a href=\"https:\/\/www.univ-lorraine.fr\/culture\/ecolesaps\/\">\u00c9cole d&rsquo;\u00e9t\u00e9 en m\u00e9diation<\/a><\/li>\n<li class=\"page_item page-item-43\"><a href=\"https:\/\/www.univ-lorraine.fr\/culture\/ebmk\/\">Espace Bernard-Marie Kolt\u00e8s<\/a><\/li>\n<li class=\"page_item page-item-223\"><a href=\"https:\/\/www.univ-lorraine.fr\/culture\/espace-deleage\/\">Espace Del\u00e9age<\/a><\/li>\n<li class=\"page_item page-item-4407\"><a href=\"https:\/\/www.univ-lorraine.fr\/culture\/brouillon-prix-litteraire\/\">Fronti\u00e8res #4 : D\u00e9couvrez les 10 romans en comp\u00e9tition<\/a><\/li>\n<li class=\"page_item page-item-437\"><a href=\"https:\/\/www.univ-lorraine.fr\/culture\/jaces\/\">Journ\u00e9es Arts &#038; Culture dans l&rsquo;enseignement sup\u00e9rieur (JACES)<\/a><\/li>\n<li class=\"page_item page-item-1435\"><a href=\"https:\/\/www.univ-lorraine.fr\/culture\/maison-de-letudiant\/\">Maison de l&rsquo;\u00e9tudiant<\/a><\/li>\n<li class=\"page_item page-item-225 page_item_has_children\"><a href=\"https:\/\/www.univ-lorraine.fr\/culture\/musees-galeries\/\">Mus\u00e9es &#038; galeries<\/a>\n<ul class='children'>\n\t<li class=\"page_item page-item-431\"><a href=\"https:\/\/www.univ-lorraine.fr\/culture\/musees-galeries\/galerie-0-15\/\">Galerie 0.15\/\/essais dynamiques<\/a><\/li>\n\t<li class=\"page_item page-item-686\"><a href=\"https:\/\/www.univ-lorraine.fr\/culture\/musees-galeries\/preau\/\">Le Pr\u00e9au<\/a><\/li>\n\t<li class=\"page_item page-item-433\"><a href=\"https:\/\/www.univ-lorraine.fr\/culture\/musees-galeries\/maul\/\">Mus\u00e9e arch\u00e9ologique<\/a><\/li>\n\t<li class=\"page_item page-item-435\"><a href=\"https:\/\/www.univ-lorraine.fr\/culture\/musees-galeries\/3musees\/\">Mus\u00e9es scientifiques de la M\u00e9tropole du Grand Nancy<\/a><\/li>\n<\/ul>\n<\/li>\n<li class=\"page_item page-item-402\"><a href=\"https:\/\/www.univ-lorraine.fr\/culture\/contact\/\">Nous contacter<\/a><\/li>\n<li class=\"page_item page-item-5227\"><a href=\"https:\/\/www.univ-lorraine.fr\/culture\/plan-du-site\/\">Plan du site<\/a><\/li>\n<li class=\"page_item page-item-67\"><a href=\"https:\/\/www.univ-lorraine.fr\/culture\/qui\/\">Qui sommes-nous ?<\/a><\/li>\n<li class=\"page_item page-item-2109 page_item_has_children\"><a href=\"https:\/\/www.univ-lorraine.fr\/culture\/residences-dauteurs-et-prix-litteraires\/\">R\u00e9sidences d&rsquo;auteurs et prix litt\u00e9raires<\/a>\n<ul class='children'>\n\t<li class=\"page_item page-item-2083\"><a href=\"https:\/\/www.univ-lorraine.fr\/culture\/residences-dauteurs-et-prix-litteraires\/ariel\/\">ARIEL &#8211; Auteur.e en R\u00e9sidence Internationale En Lorraine<\/a><\/li>\n\t<li class=\"page_item page-item-2657\"><a href=\"https:\/\/www.univ-lorraine.fr\/culture\/residences-dauteurs-et-prix-litteraires\/la-residence-de-creation-et-de-mediations-de-linspe-de-lorraine\/\">La r\u00e9sidence de cr\u00e9ation et de m\u00e9diation de l&rsquo;INSP\u00c9 de Lorraine<\/a><\/li>\n\t<li class=\"page_item page-item-714\"><a href=\"https:\/\/www.univ-lorraine.fr\/culture\/residences-dauteurs-et-prix-litteraires\/prix-litteraire-frontieres\/\">Prix litt\u00e9raire Fronti\u00e8res<\/a><\/li>\n\t<li class=\"page_item page-item-2141\"><a href=\"https:\/\/www.univ-lorraine.fr\/culture\/residences-dauteurs-et-prix-litteraires\/recit-chazelles\/\">R\u00e9cit&rsquo;Chazelles<\/a><\/li>\n<\/ul>\n<\/li>\n<li class=\"page_item page-item-41 page_item_has_children\"><a href=\"https:\/\/www.univ-lorraine.fr\/culture\/culturesci\/\">Science Avec et Pour la Soci\u00e9t\u00e9<\/a>\n<ul class='children'>\n\t<li class=\"page_item page-item-410\"><a href=\"https:\/\/www.univ-lorraine.fr\/culture\/culturesci\/avs\/\">\u00c0 votre sant\u00e9<\/a><\/li>\n\t<li class=\"page_item page-item-3161\"><a href=\"https:\/\/www.univ-lorraine.fr\/culture\/culturesci\/entrez-en-mediation\/\">Entrez en m\u00e9diation<\/a><\/li>\n\t<li class=\"page_item page-item-406 page_item_has_children\"><a href=\"https:\/\/www.univ-lorraine.fr\/culture\/culturesci\/fetedelascience\/\">F\u00eate de la science<\/a>\n\t<ul class='children'>\n\t\t<li class=\"page_item page-item-7895\"><a href=\"https:\/\/www.univ-lorraine.fr\/culture\/culturesci\/fetedelascience\/nuitdelascience\/\">Nuit de la Science<\/a><\/li>\n\t<\/ul>\n<\/li>\n\t<li class=\"page_item page-item-429 page_item_has_children\"><a href=\"https:\/\/www.univ-lorraine.fr\/culture\/culturesci\/formations-accompagnements\/\">Formations &amp; accompagnements<\/a>\n\t<ul class='children'>\n\t\t<li class=\"page_item page-item-441\"><a href=\"https:\/\/www.univ-lorraine.fr\/culture\/culturesci\/formations-accompagnements\/formationsci\/\">Formations doctorales<\/a><\/li>\n\t\t<li class=\"page_item page-item-7077\"><a href=\"https:\/\/www.univ-lorraine.fr\/culture\/culturesci\/formations-accompagnements\/la-mediation-des-projets-anr\/\">La m\u00e9diation des projets ANR<\/a><\/li>\n\t\t<li class=\"page_item page-item-443\"><a href=\"https:\/\/www.univ-lorraine.fr\/culture\/culturesci\/formations-accompagnements\/sciyou\/\">Les rendez-vous de Science &amp; You<\/a><\/li>\n\t\t<li class=\"page_item page-item-6210\"><a href=\"https:\/\/www.univ-lorraine.fr\/culture\/culturesci\/formations-accompagnements\/missions-doctorales\/\">Missions doctorales<\/a><\/li>\n\t<\/ul>\n<\/li>\n\t<li class=\"page_item page-item-2937\"><a href=\"https:\/\/www.univ-lorraine.fr\/culture\/culturesci\/lequipe-de-sciences-avec-et-pour-la-societe\/\">L&rsquo;\u00e9quipe de Science avec et pour la soci\u00e9t\u00e9<\/a><\/li>\n\t<li class=\"page_item page-item-690\"><a href=\"https:\/\/www.univ-lorraine.fr\/culture\/culturesci\/mpls\/\">La Maison pour la science en Lorraine<\/a><\/li>\n\t<li class=\"page_item page-item-2207\"><a href=\"https:\/\/www.univ-lorraine.fr\/culture\/culturesci\/sciences-territoires\/\">Les sciences s\u2019agitent sur les territoires\u00a0!<\/a><\/li>\n\t<li class=\"page_item page-item-5503\"><a href=\"https:\/\/www.univ-lorraine.fr\/culture\/culturesci\/mediation-scientifique-sur-les-campus\/\">M\u00e9diation scientifique sur les campus<\/a><\/li>\n\t<li class=\"page_item page-item-234 page_item_has_children\"><a href=\"https:\/\/www.univ-lorraine.fr\/culture\/culturesci\/patrimoines\/\">Patrimoines et mus\u00e9es<\/a>\n\t<ul class='children'>\n\t\t<li class=\"page_item page-item-416\"><a href=\"https:\/\/www.univ-lorraine.fr\/culture\/culturesci\/patrimoines\/1-artistique\/\">1% artistique<\/a><\/li>\n\t\t<li class=\"page_item page-item-418\"><a href=\"https:\/\/www.univ-lorraine.fr\/culture\/culturesci\/patrimoines\/le-savoir-en-objets\/\">Collections scientifiques<\/a><\/li>\n\t\t<li class=\"page_item page-item-425\"><a href=\"https:\/\/www.univ-lorraine.fr\/culture\/culturesci\/patrimoines\/jep\/\">Journ\u00e9es europ\u00e9ennes du patrimoine<\/a><\/li>\n\t\t<li class=\"page_item page-item-738\"><a href=\"https:\/\/www.univ-lorraine.fr\/culture\/culturesci\/patrimoines\/numerisations-archives\/\">Num\u00e9risations d&rsquo;archives<\/a><\/li>\n\t\t<li class=\"page_item page-item-1136\"><a href=\"https:\/\/www.univ-lorraine.fr\/culture\/culturesci\/patrimoines\/patrimoines-bu\/\">Patrimoines des BU<\/a><\/li>\n\t\t<li class=\"page_item page-item-427\"><a href=\"https:\/\/www.univ-lorraine.fr\/culture\/culturesci\/patrimoines\/visites-virtuelles\/\">Visites virtuelles des sites de l&rsquo;Universit\u00e9 de Lorraine<\/a><\/li>\n\t<\/ul>\n<\/li>\n\t<li class=\"page_item page-item-3127 page_item_has_children\"><a href=\"https:\/\/www.univ-lorraine.fr\/culture\/culturesci\/programmes-territoires\/\">Programmes en territoires<\/a>\n\t<ul class='children'>\n\t\t<li class=\"page_item page-item-420\"><a href=\"https:\/\/www.univ-lorraine.fr\/culture\/culturesci\/programmes-territoires\/cherche-et-recherche\/\">Cherche et recherche<\/a><\/li>\n\t\t<li class=\"page_item page-item-404 page_item_has_children\"><a href=\"https:\/\/www.univ-lorraine.fr\/culture\/culturesci\/programmes-territoires\/escales-des-sciences\/\">Escales des sciences<\/a>\n\t\t<ul class='children'>\n\t\t\t<li class=\"page_item page-item-1905\"><a href=\"https:\/\/www.univ-lorraine.fr\/culture\/culturesci\/programmes-territoires\/escales-des-sciences\/11-theses-en-bd\/\">11 Th\u00e8ses en BD<\/a><\/li>\n\t\t\t<li class=\"page_item page-item-1131\"><a href=\"https:\/\/www.univ-lorraine.fr\/culture\/culturesci\/programmes-territoires\/escales-des-sciences\/expo-bling-bling\/\">Bling Bling\u00a0! L\u2019art de scruter la mati\u00e8re\u00a0<\/a><\/li>\n\t\t\t<li class=\"page_item page-item-1117\"><a href=\"https:\/\/www.univ-lorraine.fr\/culture\/culturesci\/programmes-territoires\/escales-des-sciences\/expo-ca-deboite\/\">\u00c7a d\u00e9boite ! Explorons le bois et ses usages<\/a><\/li>\n\t\t\t<li class=\"page_item page-item-1140\"><a href=\"https:\/\/www.univ-lorraine.fr\/culture\/culturesci\/programmes-territoires\/escales-des-sciences\/corps-en-images\/\">Corps en images<\/a><\/li>\n\t\t\t<li class=\"page_item page-item-1940\"><a href=\"https:\/\/www.univ-lorraine.fr\/culture\/culturesci\/programmes-territoires\/escales-des-sciences\/histoire-dune-biomolecule\/\">Histoire d&rsquo;une biomol\u00e9cule<\/a><\/li>\n\t\t\t<li class=\"page_item page-item-1103\"><a href=\"https:\/\/www.univ-lorraine.fr\/culture\/culturesci\/programmes-territoires\/escales-des-sciences\/expo-tiques\/\">Tiques : s&rsquo;informer, se prot\u00e9ger<\/a><\/li>\n\t\t<\/ul>\n<\/li>\n\t<\/ul>\n<\/li>\n\t<li class=\"page_item page-item-414\"><a href=\"https:\/\/www.univ-lorraine.fr\/culture\/culturesci\/rencontres-moselle\/\">Rencontres en Moselle<\/a><\/li>\n\t<li class=\"page_item page-item-3192\"><a href=\"https:\/\/www.univ-lorraine.fr\/culture\/culturesci\/sciences-participatives\/\">Sciences participatives<\/a><\/li>\n\t<li class=\"page_item page-item-408\"><a href=\"https:\/\/www.univ-lorraine.fr\/culture\/culturesci\/180secondes\/\">Ma Th\u00e8se en 180 secondes<\/a><\/li>\n<\/ul>\n<\/li>\n<\/ul>\n<\/div>\n\n\n\n<p><\/p>\n","protected":false},"excerpt":{"rendered":"","protected":false},"author":4,"featured_media":0,"parent":0,"menu_order":0,"comment_status":"closed","ping_status":"closed","template":"","meta":{"inline_featured_image":false,"footnotes":""},"class_list":["post-5227","page","type-page","status-publish"],"yoast_head":"<!-- This site is optimized with the Yoast SEO plugin v27.4 - https:\/\/yoast.com\/product\/yoast-seo-wordpress\/ -->\n<title>Plan du site - Culture<\/title>\n<meta name=\"robots\" content=\"index, follow, max-snippet:-1, max-image-preview:large, max-video-preview:-1\" \/>\n<link rel=\"canonical\" href=\"https:\/\/www.univ-lorraine.fr\/culture\/plan-du-site\/\" \/>\n<meta property=\"og:locale\" content=\"fr_FR\" \/>\n<meta property=\"og:type\" content=\"article\" \/>\n<meta property=\"og:title\" content=\"Plan du site - Culture\" \/>\n<meta property=\"og:url\" content=\"https:\/\/www.univ-lorraine.fr\/culture\/plan-du-site\/\" \/>\n<meta property=\"og:site_name\" content=\"Culture\" \/>\n<meta property=\"article:modified_time\" content=\"2025-12-04T08:38:56+00:00\" \/>\n<meta name=\"twitter:card\" content=\"summary_large_image\" \/>\n<meta name=\"twitter:label1\" content=\"Dur\u00e9e de lecture estim\u00e9e\" \/>\n\t<meta name=\"twitter:data1\" content=\"1 minute\" \/>\n<script type=\"application\/ld+json\" class=\"yoast-schema-graph\">{\"@context\":\"https:\\\/\\\/schema.org\",\"@graph\":[{\"@type\":\"WebPage\",\"@id\":\"https:\\\/\\\/www.univ-lorraine.fr\\\/culture\\\/plan-du-site\\\/\",\"url\":\"https:\\\/\\\/www.univ-lorraine.fr\\\/culture\\\/plan-du-site\\\/\",\"name\":\"Plan du site - Culture\",\"isPartOf\":{\"@id\":\"https:\\\/\\\/www.univ-lorraine.fr\\\/culture\\\/#website\"},\"datePublished\":\"2025-12-04T08:38:54+00:00\",\"dateModified\":\"2025-12-04T08:38:56+00:00\",\"breadcrumb\":{\"@id\":\"https:\\\/\\\/www.univ-lorraine.fr\\\/culture\\\/plan-du-site\\\/#breadcrumb\"},\"inLanguage\":\"fr-FR\",\"potentialAction\":[{\"@type\":\"ReadAction\",\"target\":[\"https:\\\/\\\/www.univ-lorraine.fr\\\/culture\\\/plan-du-site\\\/\"]}]},{\"@type\":\"BreadcrumbList\",\"@id\":\"https:\\\/\\\/www.univ-lorraine.fr\\\/culture\\\/plan-du-site\\\/#breadcrumb\",\"itemListElement\":[{\"@type\":\"ListItem\",\"position\":1,\"name\":\"Accueil\",\"item\":\"https:\\\/\\\/www.univ-lorraine.fr\\\/culture\\\/\"},{\"@type\":\"ListItem\",\"position\":2,\"name\":\"Plan du site\"}]},{\"@type\":\"WebSite\",\"@id\":\"https:\\\/\\\/www.univ-lorraine.fr\\\/culture\\\/#website\",\"url\":\"https:\\\/\\\/www.univ-lorraine.fr\\\/culture\\\/\",\"name\":\"Culture\",\"description\":\"\",\"publisher\":{\"@id\":\"https:\\\/\\\/www.univ-lorraine.fr\\\/culture\\\/#organization\"},\"potentialAction\":[{\"@type\":\"SearchAction\",\"target\":{\"@type\":\"EntryPoint\",\"urlTemplate\":\"https:\\\/\\\/www.univ-lorraine.fr\\\/culture\\\/?s={search_term_string}\"},\"query-input\":{\"@type\":\"PropertyValueSpecification\",\"valueRequired\":true,\"valueName\":\"search_term_string\"}}],\"inLanguage\":\"fr-FR\"},{\"@type\":\"Organization\",\"@id\":\"https:\\\/\\\/www.univ-lorraine.fr\\\/culture\\\/#organization\",\"name\":\"Universit\u00e9 de Lorraine\",\"url\":\"https:\\\/\\\/www.univ-lorraine.fr\\\/culture\\\/\",\"logo\":{\"@type\":\"ImageObject\",\"inLanguage\":\"fr-FR\",\"@id\":\"https:\\\/\\\/www.univ-lorraine.fr\\\/culture\\\/#\\\/schema\\\/logo\\\/image\\\/\",\"url\":\"https:\\\/\\\/www.univ-lorraine.fr\\\/culture\\\/wp-content\\\/uploads\\\/sites\\\/10\\\/2021\\\/01\\\/LOGO_UL.png\",\"contentUrl\":\"https:\\\/\\\/www.univ-lorraine.fr\\\/culture\\\/wp-content\\\/uploads\\\/sites\\\/10\\\/2021\\\/01\\\/LOGO_UL.png\",\"width\":138,\"height\":48,\"caption\":\"Universit\u00e9 de Lorraine\"},\"image\":{\"@id\":\"https:\\\/\\\/www.univ-lorraine.fr\\\/culture\\\/#\\\/schema\\\/logo\\\/image\\\/\"}}]}<\/script>\n<!-- \/ Yoast SEO plugin. -->","yoast_head_json":{"title":"Plan du site - Culture","robots":{"index":"index","follow":"follow","max-snippet":"max-snippet:-1","max-image-preview":"max-image-preview:large","max-video-preview":"max-video-preview:-1"},"canonical":"https:\/\/www.univ-lorraine.fr\/culture\/plan-du-site\/","og_locale":"fr_FR","og_type":"article","og_title":"Plan du site - Culture","og_url":"https:\/\/www.univ-lorraine.fr\/culture\/plan-du-site\/","og_site_name":"Culture","article_modified_time":"2025-12-04T08:38:56+00:00","twitter_card":"summary_large_image","twitter_misc":{"Dur\u00e9e de lecture estim\u00e9e":"1 minute"},"schema":{"@context":"https:\/\/schema.org","@graph":[{"@type":"WebPage","@id":"https:\/\/www.univ-lorraine.fr\/culture\/plan-du-site\/","url":"https:\/\/www.univ-lorraine.fr\/culture\/plan-du-site\/","name":"Plan du site - Culture","isPartOf":{"@id":"https:\/\/www.univ-lorraine.fr\/culture\/#website"},"datePublished":"2025-12-04T08:38:54+00:00","dateModified":"2025-12-04T08:38:56+00:00","breadcrumb":{"@id":"https:\/\/www.univ-lorraine.fr\/culture\/plan-du-site\/#breadcrumb"},"inLanguage":"fr-FR","potentialAction":[{"@type":"ReadAction","target":["https:\/\/www.univ-lorraine.fr\/culture\/plan-du-site\/"]}]},{"@type":"BreadcrumbList","@id":"https:\/\/www.univ-lorraine.fr\/culture\/plan-du-site\/#breadcrumb","itemListElement":[{"@type":"ListItem","position":1,"name":"Accueil","item":"https:\/\/www.univ-lorraine.fr\/culture\/"},{"@type":"ListItem","position":2,"name":"Plan du site"}]},{"@type":"WebSite","@id":"https:\/\/www.univ-lorraine.fr\/culture\/#website","url":"https:\/\/www.univ-lorraine.fr\/culture\/","name":"Culture","description":"","publisher":{"@id":"https:\/\/www.univ-lorraine.fr\/culture\/#organization"},"potentialAction":[{"@type":"SearchAction","target":{"@type":"EntryPoint","urlTemplate":"https:\/\/www.univ-lorraine.fr\/culture\/?s={search_term_string}"},"query-input":{"@type":"PropertyValueSpecification","valueRequired":true,"valueName":"search_term_string"}}],"inLanguage":"fr-FR"},{"@type":"Organization","@id":"https:\/\/www.univ-lorraine.fr\/culture\/#organization","name":"Universit\u00e9 de Lorraine","url":"https:\/\/www.univ-lorraine.fr\/culture\/","logo":{"@type":"ImageObject","inLanguage":"fr-FR","@id":"https:\/\/www.univ-lorraine.fr\/culture\/#\/schema\/logo\/image\/","url":"https:\/\/www.univ-lorraine.fr\/culture\/wp-content\/uploads\/sites\/10\/2021\/01\/LOGO_UL.png","contentUrl":"https:\/\/www.univ-lorraine.fr\/culture\/wp-content\/uploads\/sites\/10\/2021\/01\/LOGO_UL.png","width":138,"height":48,"caption":"Universit\u00e9 de Lorraine"},"image":{"@id":"https:\/\/www.univ-lorraine.fr\/culture\/#\/schema\/logo\/image\/"}}]}},"_links":{"self":[{"href":"https:\/\/www.univ-lorraine.fr\/culture\/wp-json\/wp\/v2\/pages\/5227","targetHints":{"allow":["GET"]}}],"collection":[{"href":"https:\/\/www.univ-lorraine.fr\/culture\/wp-json\/wp\/v2\/pages"}],"about":[{"href":"https:\/\/www.univ-lorraine.fr\/culture\/wp-json\/wp\/v2\/types\/page"}],"author":[{"embeddable":true,"href":"https:\/\/www.univ-lorraine.fr\/culture\/wp-json\/wp\/v2\/users\/4"}],"replies":[{"embeddable":true,"href":"https:\/\/www.univ-lorraine.fr\/culture\/wp-json\/wp\/v2\/comments?post=5227"}],"version-history":[{"count":2,"href":"https:\/\/www.univ-lorraine.fr\/culture\/wp-json\/wp\/v2\/pages\/5227\/revisions"}],"predecessor-version":[{"id":9536,"href":"https:\/\/www.univ-lorraine.fr\/culture\/wp-json\/wp\/v2\/pages\/5227\/revisions\/9536"}],"wp:attachment":[{"href":"https:\/\/www.univ-lorraine.fr\/culture\/wp-json\/wp\/v2\/media?parent=5227"}],"curies":[{"name":"wp","href":"https:\/\/api.w.org\/{rel}","templated":true}]}}