{"id":6210,"date":"2024-10-08T14:17:52","date_gmt":"2024-10-08T12:17:52","guid":{"rendered":"https:\/\/www.univ-lorraine.fr\/culture\/?page_id=6210"},"modified":"2026-04-17T09:57:45","modified_gmt":"2026-04-17T07:57:45","slug":"missions-doctorales","status":"publish","type":"page","link":"https:\/\/www.univ-lorraine.fr\/culture\/culturesci\/formations-accompagnements\/missions-doctorales\/","title":{"rendered":"Missions doctorales"},"content":{"rendered":"\n<p>Dans le cadre de leur d\u00e9marche Science Avec et Pour la Soci\u00e9t\u00e9, l\u2019Universit\u00e9 de Lorraine et les acteurs du site lorrain de recherche mettent en place un grand chantier de valorisation des comp\u00e9tences en m\u00e9diation scientifique des doctorants. En compl\u00e9ment des formations doctorales, l\u2019universit\u00e9 et les partenaires scientifiques et culturels du territoire proposent une offre de missions et de vacations doctorales fl\u00e9ch\u00e9es sur des actions de m\u00e9diation scientifique.<\/p>\n\n\n\n<div class=\"wp-block-columns is-layout-flex wp-container-core-columns-is-layout-9d6595d7 wp-block-columns-is-layout-flex\">\n<div class=\"wp-block-column is-layout-flow wp-block-column-is-layout-flow\" style=\"flex-basis:33.33%\">\n<figure class=\"wp-block-image size-large\"><img loading=\"lazy\" decoding=\"async\" width=\"1024\" height=\"1024\" src=\"https:\/\/www.univ-lorraine.fr\/culture\/wp-content\/uploads\/sites\/10\/2024\/10\/inauguration_college_lamap_france_2030_guy_dolmaire_mirecourt_06_juin_2024-20-1024x1024.jpg\" alt=\"Coll\u00e9giens manipulant une mallette de mesure.\" class=\"wp-image-6208\" srcset=\"https:\/\/www.univ-lorraine.fr\/culture\/wp-content\/uploads\/sites\/10\/2024\/10\/inauguration_college_lamap_france_2030_guy_dolmaire_mirecourt_06_juin_2024-20-1024x1024.jpg 1024w, https:\/\/www.univ-lorraine.fr\/culture\/wp-content\/uploads\/sites\/10\/2024\/10\/inauguration_college_lamap_france_2030_guy_dolmaire_mirecourt_06_juin_2024-20-300x300.jpg 300w, https:\/\/www.univ-lorraine.fr\/culture\/wp-content\/uploads\/sites\/10\/2024\/10\/inauguration_college_lamap_france_2030_guy_dolmaire_mirecourt_06_juin_2024-20-150x150.jpg 150w, https:\/\/www.univ-lorraine.fr\/culture\/wp-content\/uploads\/sites\/10\/2024\/10\/inauguration_college_lamap_france_2030_guy_dolmaire_mirecourt_06_juin_2024-20-768x768.jpg 768w, https:\/\/www.univ-lorraine.fr\/culture\/wp-content\/uploads\/sites\/10\/2024\/10\/inauguration_college_lamap_france_2030_guy_dolmaire_mirecourt_06_juin_2024-20.jpg 1169w\" sizes=\"auto, (max-width: 1024px) 100vw, 1024px\" \/><\/figure>\n<\/div>\n\n\n\n<div class=\"wp-block-column is-layout-flow wp-block-column-is-layout-flow\" style=\"flex-basis:66.66%\">\n<p>Ces missions viennent s\u2019inscrire dans&nbsp;<a href=\"https:\/\/factuel.univ-lorraine.fr\/article\/luniversite-de-lorraine-lance-son-label-mediation-scientifique-scienceyou-du-doctorat\/\" target=\"_blank\" rel=\"noreferrer noopener\">le label \u00ab M\u00e9diation scientifique \u2013 Science&amp;You \u00bb<\/a>. Lanc\u00e9 d\u00e9but 2024, le label vient valoriser \u00e0 la fois le&nbsp;<strong>suivi de formations \u00e0 la m\u00e9diation scientifique<\/strong>, mais aussi&nbsp;<strong>l\u2019engagement des doctorants dans des actions de m\u00e9diation<\/strong>, que ce soit en tant qu\u2019intervenants ou organisateurs.<\/p>\n\n\n\n<p>\u00a0<a href=\"https:\/\/adum.fr\/script\/catalogue.pl?mod=3743578&amp;site=lorraine\" type=\"link\" id=\"https:\/\/adum.fr\/script\/catalogue.pl?mod=3693889&amp;site=lorraine\" target=\"_blank\" rel=\"noreferrer noopener\">Informations et inscription sur Adum<\/a><\/p>\n<\/div>\n<\/div>\n\n\n\n<p>Consultez ici les offres :<\/p>\n\n\n\n<ul class=\"wp-block-list\">\n<li><strong>Les sciences, c&rsquo;est leur chance<\/strong>. Animer des s\u00e9ances de sciences et technologie avec les enseignants d&rsquo;\u00e9coles primaires. <em>Les postes pour l&rsquo;ann\u00e9e 2025-2026 sont pourvus. N&rsquo;h\u00e9sitez pas \u00e0 envoyer votre candidature pour 2026-2027<\/em>.<br>Consultez <a href=\"https:\/\/www.univ-lorraine.fr\/culture\/wp-content\/uploads\/sites\/10\/2025\/09\/flyer-qpv-lorraine_030925.pdf\" target=\"_blank\" rel=\"noreferrer noopener\">le flyer<\/a> et la <a href=\"https:\/\/www.univ-lorraine.fr\/culture\/wp-content\/uploads\/sites\/10\/2025\/10\/fiche-de-poste_mpls_les-sciences-cest-leur-chance_131025_v2526.pdf\" target=\"_blank\" rel=\"noreferrer noopener\">fiche de poste<\/a><\/li>\n\n\n\n<li><strong>La main \u00e0 la p\u00e2te<\/strong>. Faire d\u00e9couvrir les m\u00e9tiers scientifiques li\u00e9es \u00e0 la recherche aux coll\u00e9giens. <em>Un poste est \u00e0 pourvoir pour mars 2026. Candidatures ouvertes jusqu\u2019au&nbsp;18 f\u00e9vrier 2026.<\/em><br>Consultez <a href=\"https:\/\/www.univ-lorraine.fr\/culture\/wp-content\/uploads\/sites\/10\/2026\/02\/colleges-lamap_activites-complementaires-fiche-de-poste-2026.pdf\" target=\"_blank\" rel=\"noreferrer noopener\">la fiche de poste<\/a><\/li>\n\n\n\n<li><strong>Tous chercheurs<\/strong>. Tutorer des stages immersifs de recherche \u00e0 destination des coll\u00e9giens et lyc\u00e9ens<br><em>&#8211; 1 poste \u00e0 pourvoir pour le site de Nancy-Champenoux (Biologie et Microbiologie<em>), poste pourvu pour l&rsquo;ann\u00e9e 2025\/2026, n&rsquo;h\u00e9sitez pas \u00e0 envoyer votre candidature pour l&rsquo;ann\u00e9e 2026\/2027<\/em>,<br>&#8211; 1 poste \u00e0 pourvoir pour le site de Metz (\u00c9nergie renouvelables et maitrise de l&rsquo;\u00e9nergie), poste pourvu pour l&rsquo;ann\u00e9e 2025\/2026, n&rsquo;h\u00e9sitez pas \u00e0 envoyer votre candidature pour l&rsquo;ann\u00e9e 2026\/2027<\/em><br>Consultez <a href=\"https:\/\/www.univ-lorraine.fr\/culture\/wp-content\/uploads\/sites\/10\/2025\/09\/doctorant-activites-complementaires-fiche-de-poste-tc-2025-2026.pdf\" target=\"_blank\" rel=\"noreferrer noopener\">la fiche de poste<\/a><\/li>\n<\/ul>\n\n\n\n<p>Contactez&nbsp;<a href=\"&#x6d;&#97;&#105;l&#x74;&#x6f;&#58;c&#x61;&#x74;&#104;er&#x69;&#110;&#101;&#46;&#x66;&#x6c;&#97;u&#x64;&#x65;&#114;&#64;u&#x6e;&#x69;&#118;-&#x6c;&#x6f;&#114;r&#x61;&#x69;&#110;&#101;&#46;&#x66;&#x72;\" target=\"_blank\" rel=\"noreferrer noopener\">catherine&#46;fl&#97;&#117;&#100;&#101;&#114;&#64;&#117;&#110;&#105;&#118;&#45;&#108;&#111;&#114;&#114;&#x61;&#x69;&#x6e;&#x65;&#x2e;&#x66;&#x72;<\/a>&nbsp;pour plus de d\u00e9tails sur le dispositif.<\/p>\n\n\n\n<p><\/p>\n","protected":false},"excerpt":{"rendered":"<p>Dans le cadre de leur d\u00e9marche Science Avec et Pour la Soci\u00e9t\u00e9, l\u2019Universit\u00e9 de Lorraine et les acteurs du site lorrain de recherche mettent en place un grand chantier de valorisation des comp\u00e9tences en m\u00e9diation scientifique des doctorants. En compl\u00e9ment des formations doctorales, l\u2019universit\u00e9 et les partenaires scientifiques et culturels du territoire proposent une offre &#8230; <a title=\"Missions doctorales\" class=\"read-more\" href=\"https:\/\/www.univ-lorraine.fr\/culture\/culturesci\/formations-accompagnements\/missions-doctorales\/\" aria-label=\"En savoir plus sur Missions doctorales\">Lire plus<\/a><\/p>\n","protected":false},"author":560,"featured_media":0,"parent":429,"menu_order":0,"comment_status":"closed","ping_status":"closed","template":"","meta":{"inline_featured_image":false,"footnotes":""},"class_list":["post-6210","page","type-page","status-publish"],"yoast_head":"<!-- This site is optimized with the Yoast SEO plugin v27.4 - https:\/\/yoast.com\/product\/yoast-seo-wordpress\/ -->\n<title>Missions doctorales - Culture<\/title>\n<meta name=\"robots\" content=\"index, follow, max-snippet:-1, max-image-preview:large, max-video-preview:-1\" \/>\n<link rel=\"canonical\" href=\"https:\/\/www.univ-lorraine.fr\/culture\/culturesci\/formations-accompagnements\/missions-doctorales\/\" \/>\n<meta property=\"og:locale\" content=\"fr_FR\" \/>\n<meta property=\"og:type\" content=\"article\" \/>\n<meta property=\"og:title\" content=\"Missions doctorales - Culture\" \/>\n<meta property=\"og:description\" content=\"Dans le cadre de leur d\u00e9marche Science Avec et Pour la Soci\u00e9t\u00e9, l\u2019Universit\u00e9 de Lorraine et les acteurs du site lorrain de recherche mettent en place un grand chantier de valorisation des comp\u00e9tences en m\u00e9diation scientifique des doctorants. En compl\u00e9ment des formations doctorales, l\u2019universit\u00e9 et les partenaires scientifiques et culturels du territoire proposent une offre ... Lire plus\" \/>\n<meta property=\"og:url\" content=\"https:\/\/www.univ-lorraine.fr\/culture\/culturesci\/formations-accompagnements\/missions-doctorales\/\" \/>\n<meta property=\"og:site_name\" content=\"Culture\" \/>\n<meta property=\"article:modified_time\" content=\"2026-04-17T07:57:45+00:00\" \/>\n<meta property=\"og:image\" content=\"https:\/\/www.univ-lorraine.fr\/culture\/wp-content\/uploads\/sites\/10\/2024\/10\/inauguration_college_lamap_france_2030_guy_dolmaire_mirecourt_06_juin_2024-20.jpg\" \/>\n\t<meta property=\"og:image:width\" content=\"1169\" \/>\n\t<meta property=\"og:image:height\" content=\"1169\" \/>\n\t<meta property=\"og:image:type\" content=\"image\/jpeg\" \/>\n<meta name=\"twitter:card\" content=\"summary_large_image\" \/>\n<meta name=\"twitter:label1\" content=\"Dur\u00e9e de lecture estim\u00e9e\" \/>\n\t<meta name=\"twitter:data1\" content=\"2 minutes\" \/>\n<script type=\"application\/ld+json\" class=\"yoast-schema-graph\">{\"@context\":\"https:\\\/\\\/schema.org\",\"@graph\":[{\"@type\":\"WebPage\",\"@id\":\"https:\\\/\\\/www.univ-lorraine.fr\\\/culture\\\/culturesci\\\/formations-accompagnements\\\/missions-doctorales\\\/\",\"url\":\"https:\\\/\\\/www.univ-lorraine.fr\\\/culture\\\/culturesci\\\/formations-accompagnements\\\/missions-doctorales\\\/\",\"name\":\"Missions doctorales - Culture\",\"isPartOf\":{\"@id\":\"https:\\\/\\\/www.univ-lorraine.fr\\\/culture\\\/#website\"},\"primaryImageOfPage\":{\"@id\":\"https:\\\/\\\/www.univ-lorraine.fr\\\/culture\\\/culturesci\\\/formations-accompagnements\\\/missions-doctorales\\\/#primaryimage\"},\"image\":{\"@id\":\"https:\\\/\\\/www.univ-lorraine.fr\\\/culture\\\/culturesci\\\/formations-accompagnements\\\/missions-doctorales\\\/#primaryimage\"},\"thumbnailUrl\":\"https:\\\/\\\/www.univ-lorraine.fr\\\/culture\\\/wp-content\\\/uploads\\\/sites\\\/10\\\/2024\\\/10\\\/inauguration_college_lamap_france_2030_guy_dolmaire_mirecourt_06_juin_2024-20-1024x1024.jpg\",\"datePublished\":\"2024-10-08T12:17:52+00:00\",\"dateModified\":\"2026-04-17T07:57:45+00:00\",\"breadcrumb\":{\"@id\":\"https:\\\/\\\/www.univ-lorraine.fr\\\/culture\\\/culturesci\\\/formations-accompagnements\\\/missions-doctorales\\\/#breadcrumb\"},\"inLanguage\":\"fr-FR\",\"potentialAction\":[{\"@type\":\"ReadAction\",\"target\":[\"https:\\\/\\\/www.univ-lorraine.fr\\\/culture\\\/culturesci\\\/formations-accompagnements\\\/missions-doctorales\\\/\"]}]},{\"@type\":\"ImageObject\",\"inLanguage\":\"fr-FR\",\"@id\":\"https:\\\/\\\/www.univ-lorraine.fr\\\/culture\\\/culturesci\\\/formations-accompagnements\\\/missions-doctorales\\\/#primaryimage\",\"url\":\"https:\\\/\\\/www.univ-lorraine.fr\\\/culture\\\/wp-content\\\/uploads\\\/sites\\\/10\\\/2024\\\/10\\\/inauguration_college_lamap_france_2030_guy_dolmaire_mirecourt_06_juin_2024-20.jpg\",\"contentUrl\":\"https:\\\/\\\/www.univ-lorraine.fr\\\/culture\\\/wp-content\\\/uploads\\\/sites\\\/10\\\/2024\\\/10\\\/inauguration_college_lamap_france_2030_guy_dolmaire_mirecourt_06_juin_2024-20.jpg\",\"width\":1169,\"height\":1169,\"caption\":\"Inauguration du coll\u00e8ge La Main \u00e0 la P\u00e2te - Guy Dolmaire de Mirecourt\"},{\"@type\":\"BreadcrumbList\",\"@id\":\"https:\\\/\\\/www.univ-lorraine.fr\\\/culture\\\/culturesci\\\/formations-accompagnements\\\/missions-doctorales\\\/#breadcrumb\",\"itemListElement\":[{\"@type\":\"ListItem\",\"position\":1,\"name\":\"Accueil\",\"item\":\"https:\\\/\\\/www.univ-lorraine.fr\\\/culture\\\/\"},{\"@type\":\"ListItem\",\"position\":2,\"name\":\"Science Avec et Pour la Soci\u00e9t\u00e9\",\"item\":\"https:\\\/\\\/www.univ-lorraine.fr\\\/culture\\\/culturesci\\\/\"},{\"@type\":\"ListItem\",\"position\":3,\"name\":\"Formations &amp; accompagnements\",\"item\":\"https:\\\/\\\/www.univ-lorraine.fr\\\/culture\\\/culturesci\\\/formations-accompagnements\\\/\"},{\"@type\":\"ListItem\",\"position\":4,\"name\":\"Missions doctorales\"}]},{\"@type\":\"WebSite\",\"@id\":\"https:\\\/\\\/www.univ-lorraine.fr\\\/culture\\\/#website\",\"url\":\"https:\\\/\\\/www.univ-lorraine.fr\\\/culture\\\/\",\"name\":\"Culture\",\"description\":\"\",\"publisher\":{\"@id\":\"https:\\\/\\\/www.univ-lorraine.fr\\\/culture\\\/#organization\"},\"potentialAction\":[{\"@type\":\"SearchAction\",\"target\":{\"@type\":\"EntryPoint\",\"urlTemplate\":\"https:\\\/\\\/www.univ-lorraine.fr\\\/culture\\\/?s={search_term_string}\"},\"query-input\":{\"@type\":\"PropertyValueSpecification\",\"valueRequired\":true,\"valueName\":\"search_term_string\"}}],\"inLanguage\":\"fr-FR\"},{\"@type\":\"Organization\",\"@id\":\"https:\\\/\\\/www.univ-lorraine.fr\\\/culture\\\/#organization\",\"name\":\"Universit\u00e9 de Lorraine\",\"url\":\"https:\\\/\\\/www.univ-lorraine.fr\\\/culture\\\/\",\"logo\":{\"@type\":\"ImageObject\",\"inLanguage\":\"fr-FR\",\"@id\":\"https:\\\/\\\/www.univ-lorraine.fr\\\/culture\\\/#\\\/schema\\\/logo\\\/image\\\/\",\"url\":\"https:\\\/\\\/www.univ-lorraine.fr\\\/culture\\\/wp-content\\\/uploads\\\/sites\\\/10\\\/2021\\\/01\\\/LOGO_UL.png\",\"contentUrl\":\"https:\\\/\\\/www.univ-lorraine.fr\\\/culture\\\/wp-content\\\/uploads\\\/sites\\\/10\\\/2021\\\/01\\\/LOGO_UL.png\",\"width\":138,\"height\":48,\"caption\":\"Universit\u00e9 de Lorraine\"},\"image\":{\"@id\":\"https:\\\/\\\/www.univ-lorraine.fr\\\/culture\\\/#\\\/schema\\\/logo\\\/image\\\/\"}}]}<\/script>\n<!-- \/ Yoast SEO plugin. -->","yoast_head_json":{"title":"Missions doctorales - Culture","robots":{"index":"index","follow":"follow","max-snippet":"max-snippet:-1","max-image-preview":"max-image-preview:large","max-video-preview":"max-video-preview:-1"},"canonical":"https:\/\/www.univ-lorraine.fr\/culture\/culturesci\/formations-accompagnements\/missions-doctorales\/","og_locale":"fr_FR","og_type":"article","og_title":"Missions doctorales - Culture","og_description":"Dans le cadre de leur d\u00e9marche Science Avec et Pour la Soci\u00e9t\u00e9, l\u2019Universit\u00e9 de Lorraine et les acteurs du site lorrain de recherche mettent en place un grand chantier de valorisation des comp\u00e9tences en m\u00e9diation scientifique des doctorants. En compl\u00e9ment des formations doctorales, l\u2019universit\u00e9 et les partenaires scientifiques et culturels du territoire proposent une offre ... Lire plus","og_url":"https:\/\/www.univ-lorraine.fr\/culture\/culturesci\/formations-accompagnements\/missions-doctorales\/","og_site_name":"Culture","article_modified_time":"2026-04-17T07:57:45+00:00","og_image":[{"width":1169,"height":1169,"url":"https:\/\/www.univ-lorraine.fr\/culture\/wp-content\/uploads\/sites\/10\/2024\/10\/inauguration_college_lamap_france_2030_guy_dolmaire_mirecourt_06_juin_2024-20.jpg","type":"image\/jpeg"}],"twitter_card":"summary_large_image","twitter_misc":{"Dur\u00e9e de lecture estim\u00e9e":"2 minutes"},"schema":{"@context":"https:\/\/schema.org","@graph":[{"@type":"WebPage","@id":"https:\/\/www.univ-lorraine.fr\/culture\/culturesci\/formations-accompagnements\/missions-doctorales\/","url":"https:\/\/www.univ-lorraine.fr\/culture\/culturesci\/formations-accompagnements\/missions-doctorales\/","name":"Missions doctorales - Culture","isPartOf":{"@id":"https:\/\/www.univ-lorraine.fr\/culture\/#website"},"primaryImageOfPage":{"@id":"https:\/\/www.univ-lorraine.fr\/culture\/culturesci\/formations-accompagnements\/missions-doctorales\/#primaryimage"},"image":{"@id":"https:\/\/www.univ-lorraine.fr\/culture\/culturesci\/formations-accompagnements\/missions-doctorales\/#primaryimage"},"thumbnailUrl":"https:\/\/www.univ-lorraine.fr\/culture\/wp-content\/uploads\/sites\/10\/2024\/10\/inauguration_college_lamap_france_2030_guy_dolmaire_mirecourt_06_juin_2024-20-1024x1024.jpg","datePublished":"2024-10-08T12:17:52+00:00","dateModified":"2026-04-17T07:57:45+00:00","breadcrumb":{"@id":"https:\/\/www.univ-lorraine.fr\/culture\/culturesci\/formations-accompagnements\/missions-doctorales\/#breadcrumb"},"inLanguage":"fr-FR","potentialAction":[{"@type":"ReadAction","target":["https:\/\/www.univ-lorraine.fr\/culture\/culturesci\/formations-accompagnements\/missions-doctorales\/"]}]},{"@type":"ImageObject","inLanguage":"fr-FR","@id":"https:\/\/www.univ-lorraine.fr\/culture\/culturesci\/formations-accompagnements\/missions-doctorales\/#primaryimage","url":"https:\/\/www.univ-lorraine.fr\/culture\/wp-content\/uploads\/sites\/10\/2024\/10\/inauguration_college_lamap_france_2030_guy_dolmaire_mirecourt_06_juin_2024-20.jpg","contentUrl":"https:\/\/www.univ-lorraine.fr\/culture\/wp-content\/uploads\/sites\/10\/2024\/10\/inauguration_college_lamap_france_2030_guy_dolmaire_mirecourt_06_juin_2024-20.jpg","width":1169,"height":1169,"caption":"Inauguration du coll\u00e8ge La Main \u00e0 la P\u00e2te - Guy Dolmaire de Mirecourt"},{"@type":"BreadcrumbList","@id":"https:\/\/www.univ-lorraine.fr\/culture\/culturesci\/formations-accompagnements\/missions-doctorales\/#breadcrumb","itemListElement":[{"@type":"ListItem","position":1,"name":"Accueil","item":"https:\/\/www.univ-lorraine.fr\/culture\/"},{"@type":"ListItem","position":2,"name":"Science Avec et Pour la Soci\u00e9t\u00e9","item":"https:\/\/www.univ-lorraine.fr\/culture\/culturesci\/"},{"@type":"ListItem","position":3,"name":"Formations &amp; accompagnements","item":"https:\/\/www.univ-lorraine.fr\/culture\/culturesci\/formations-accompagnements\/"},{"@type":"ListItem","position":4,"name":"Missions doctorales"}]},{"@type":"WebSite","@id":"https:\/\/www.univ-lorraine.fr\/culture\/#website","url":"https:\/\/www.univ-lorraine.fr\/culture\/","name":"Culture","description":"","publisher":{"@id":"https:\/\/www.univ-lorraine.fr\/culture\/#organization"},"potentialAction":[{"@type":"SearchAction","target":{"@type":"EntryPoint","urlTemplate":"https:\/\/www.univ-lorraine.fr\/culture\/?s={search_term_string}"},"query-input":{"@type":"PropertyValueSpecification","valueRequired":true,"valueName":"search_term_string"}}],"inLanguage":"fr-FR"},{"@type":"Organization","@id":"https:\/\/www.univ-lorraine.fr\/culture\/#organization","name":"Universit\u00e9 de Lorraine","url":"https:\/\/www.univ-lorraine.fr\/culture\/","logo":{"@type":"ImageObject","inLanguage":"fr-FR","@id":"https:\/\/www.univ-lorraine.fr\/culture\/#\/schema\/logo\/image\/","url":"https:\/\/www.univ-lorraine.fr\/culture\/wp-content\/uploads\/sites\/10\/2021\/01\/LOGO_UL.png","contentUrl":"https:\/\/www.univ-lorraine.fr\/culture\/wp-content\/uploads\/sites\/10\/2021\/01\/LOGO_UL.png","width":138,"height":48,"caption":"Universit\u00e9 de Lorraine"},"image":{"@id":"https:\/\/www.univ-lorraine.fr\/culture\/#\/schema\/logo\/image\/"}}]}},"_links":{"self":[{"href":"https:\/\/www.univ-lorraine.fr\/culture\/wp-json\/wp\/v2\/pages\/6210","targetHints":{"allow":["GET"]}}],"collection":[{"href":"https:\/\/www.univ-lorraine.fr\/culture\/wp-json\/wp\/v2\/pages"}],"about":[{"href":"https:\/\/www.univ-lorraine.fr\/culture\/wp-json\/wp\/v2\/types\/page"}],"author":[{"embeddable":true,"href":"https:\/\/www.univ-lorraine.fr\/culture\/wp-json\/wp\/v2\/users\/560"}],"replies":[{"embeddable":true,"href":"https:\/\/www.univ-lorraine.fr\/culture\/wp-json\/wp\/v2\/comments?post=6210"}],"version-history":[{"count":9,"href":"https:\/\/www.univ-lorraine.fr\/culture\/wp-json\/wp\/v2\/pages\/6210\/revisions"}],"predecessor-version":[{"id":25227,"href":"https:\/\/www.univ-lorraine.fr\/culture\/wp-json\/wp\/v2\/pages\/6210\/revisions\/25227"}],"up":[{"embeddable":true,"href":"https:\/\/www.univ-lorraine.fr\/culture\/wp-json\/wp\/v2\/pages\/429"}],"wp:attachment":[{"href":"https:\/\/www.univ-lorraine.fr\/culture\/wp-json\/wp\/v2\/media?parent=6210"}],"curies":[{"name":"wp","href":"https:\/\/api.w.org\/{rel}","templated":true}]}}