{"id":67,"date":"2021-02-12T09:54:57","date_gmt":"2021-02-12T08:54:57","guid":{"rendered":"https:\/\/www.univ-lorraine.fr\/culture\/?page_id=67"},"modified":"2025-09-09T14:42:05","modified_gmt":"2025-09-09T12:42:05","slug":"qui","status":"publish","type":"page","link":"https:\/\/www.univ-lorraine.fr\/culture\/qui\/","title":{"rendered":"Qui sommes-nous ?"},"content":{"rendered":"<div class=\"gb-container gb-container-4aadc0c1\"><div class=\"gb-inside-container\">\n<div class=\"gb-grid-wrapper gb-grid-wrapper-940d84f1\">\n<div class=\"gb-grid-column gb-grid-column-9366a34f\"><div class=\"gb-container gb-container-9366a34f\"><div class=\"gb-inside-container\">\n\n<figure class=\"wp-block-image alignwide size-large\"><img loading=\"lazy\" decoding=\"async\" width=\"1024\" height=\"1024\" src=\"https:\/\/www.univ-lorraine.fr\/culture\/wp-content\/uploads\/sites\/10\/2021\/07\/bandeau_qui_sommes_nous1-1024x1024.png\" alt=\"\" class=\"wp-image-764\" srcset=\"https:\/\/www.univ-lorraine.fr\/culture\/wp-content\/uploads\/sites\/10\/2021\/07\/bandeau_qui_sommes_nous1-1024x1024.png 1024w, https:\/\/www.univ-lorraine.fr\/culture\/wp-content\/uploads\/sites\/10\/2021\/07\/bandeau_qui_sommes_nous1-300x300.png 300w, https:\/\/www.univ-lorraine.fr\/culture\/wp-content\/uploads\/sites\/10\/2021\/07\/bandeau_qui_sommes_nous1-150x150.png 150w, https:\/\/www.univ-lorraine.fr\/culture\/wp-content\/uploads\/sites\/10\/2021\/07\/bandeau_qui_sommes_nous1-768x768.png 768w, https:\/\/www.univ-lorraine.fr\/culture\/wp-content\/uploads\/sites\/10\/2021\/07\/bandeau_qui_sommes_nous1.png 1080w\" sizes=\"auto, (max-width: 1024px) 100vw, 1024px\" \/><\/figure>\n\n\n\n<figure class=\"wp-block-image size-large\"><img loading=\"lazy\" decoding=\"async\" width=\"1024\" height=\"1024\" src=\"https:\/\/www.univ-lorraine.fr\/culture\/wp-content\/uploads\/sites\/10\/2021\/07\/bandeau_qui_sommes_nous2-1024x1024.png\" alt=\"\" class=\"wp-image-766\" srcset=\"https:\/\/www.univ-lorraine.fr\/culture\/wp-content\/uploads\/sites\/10\/2021\/07\/bandeau_qui_sommes_nous2-1024x1024.png 1024w, https:\/\/www.univ-lorraine.fr\/culture\/wp-content\/uploads\/sites\/10\/2021\/07\/bandeau_qui_sommes_nous2-300x300.png 300w, https:\/\/www.univ-lorraine.fr\/culture\/wp-content\/uploads\/sites\/10\/2021\/07\/bandeau_qui_sommes_nous2-150x150.png 150w, https:\/\/www.univ-lorraine.fr\/culture\/wp-content\/uploads\/sites\/10\/2021\/07\/bandeau_qui_sommes_nous2-768x768.png 768w, https:\/\/www.univ-lorraine.fr\/culture\/wp-content\/uploads\/sites\/10\/2021\/07\/bandeau_qui_sommes_nous2.png 1080w\" sizes=\"auto, (max-width: 1024px) 100vw, 1024px\" \/><\/figure>\n\n\n\n<figure class=\"wp-block-image size-large\"><img loading=\"lazy\" decoding=\"async\" width=\"1024\" height=\"1024\" src=\"https:\/\/www.univ-lorraine.fr\/culture\/wp-content\/uploads\/sites\/10\/2021\/07\/bandeau_qui_sommes_nous3-1024x1024.png\" alt=\"\" class=\"wp-image-767\" srcset=\"https:\/\/www.univ-lorraine.fr\/culture\/wp-content\/uploads\/sites\/10\/2021\/07\/bandeau_qui_sommes_nous3-1024x1024.png 1024w, https:\/\/www.univ-lorraine.fr\/culture\/wp-content\/uploads\/sites\/10\/2021\/07\/bandeau_qui_sommes_nous3-300x300.png 300w, https:\/\/www.univ-lorraine.fr\/culture\/wp-content\/uploads\/sites\/10\/2021\/07\/bandeau_qui_sommes_nous3-150x150.png 150w, https:\/\/www.univ-lorraine.fr\/culture\/wp-content\/uploads\/sites\/10\/2021\/07\/bandeau_qui_sommes_nous3-768x768.png 768w, https:\/\/www.univ-lorraine.fr\/culture\/wp-content\/uploads\/sites\/10\/2021\/07\/bandeau_qui_sommes_nous3.png 1080w\" sizes=\"auto, (max-width: 1024px) 100vw, 1024px\" \/><\/figure>\n\n<\/div><\/div><\/div>\n\n<div class=\"gb-grid-column gb-grid-column-23c7fe81\"><div class=\"gb-container gb-container-23c7fe81\"><div class=\"gb-inside-container\">\n\n<h2 class=\"wp-block-heading\" id=\"organisation\">Organisation<\/h2>\n\n\n\n<p>L\u2019universit\u00e9 de Lorraine con\u00e7oit, organise et diffuse des actions&nbsp;culturelles sur tout le territoire lorrain, que ce soit sur les campus ou dans des lieux de culture. Elle s\u2019appuie sur des espaces d\u00e9di\u00e9s (th\u00e9\u00e2tre, galeries, mus\u00e9es\u2026) mais propose aussi des moments de rencontres construits par les laboratoires, composantes et partenaires.<\/p>\n\n\n\n<div class=\"wp-block-pb-accordion-item c-accordion__item js-accordion-item no-js is-open\" data-initially-open=\"true\" data-click-to-close=\"true\" data-auto-close=\"true\" data-scroll=\"false\" data-scroll-offset=\"0\"><h3 id=\"at-670\" class=\"c-accordion__title js-accordion-controller\" role=\"button\">Structuration de la culture \u00e0 l\u2019universit\u00e9 de Lorraine<\/h3><div id=\"ac-670\" class=\"c-accordion__content\">\n<p>Sous l\u2019\u00e9gide du Vice-pr\u00e9sident du Conseil de la Vie Universitaire, Pierre Degott, la construction et la mise en \u0153uvre de la politique culturelle de l\u2019Universit\u00e9 de Lorraine sont anim\u00e9es par le&nbsp;<strong>comit\u00e9 culture<\/strong> qui r\u00e9unit des partenaires de tout le territoire. Ce comit\u00e9 issu du CVU est port\u00e9 par la Direction de la Vie Universitaire et de la Culture (DVUC).<\/p>\n\n\n\n<p><a href=\"https:\/\/www.univ-lorraine.fr\/culture\/wp-content\/uploads\/sites\/10\/2025\/09\/organigramme-dvuc-v03092025.pdf\">L\u2019\u00e9quipe <\/a>d\u00e9veloppe et organise des actions culturelles en proposant une programmation sur tout le territoire. Son r\u00f4le est \u00e9galement d\u2019accompagner les personnels et enseignants-chercheurs au sein de <a href=\"https:\/\/www.univ-lorraine.fr\/luniversite-de-lorraine\/\"><u>laboratoires, composantes ou directions de l\u2019\u00e9tablissement<\/u><\/a> qui souhaitent contribuer \u00e0 l\u2019offre culturelle.<\/p>\n<\/div><\/div>\n\n\n\n<div class=\"wp-block-pb-accordion-item c-accordion__item js-accordion-item no-js\" data-initially-open=\"false\" data-click-to-close=\"true\" data-auto-close=\"true\" data-scroll=\"false\" data-scroll-offset=\"0\"><h3 id=\"at-671\" class=\"c-accordion__title js-accordion-controller\" role=\"button\">Une politique culturelle tourn\u00e9e vers les territoires<\/h3><div id=\"ac-671\" class=\"c-accordion__content\">\n<p>L\u2019Universit\u00e9 a inscrit dans son projet d\u2019\u00e9tablissement le d\u00e9veloppement d\u2019une politique culturelle ambitieuse qui vise \u00e0 <strong>faciliter l\u2019acc\u00e8s aux pratiques<\/strong>, pour d\u00e9velopper son sens critique en se questionnant sur des sujets d\u2019actualit\u00e9 abord\u00e9s sous un angle artistique ou scientifique. L\u2019offre culturelle port\u00e9e par notre \u00e9tablissement est la crois\u00e9e des dispositifs de formation et de recherche, proposant de cr\u00e9er des liens entre artistes, chercheurs, \u00e9tudiants et grand public, sur les campus et en dehors.<\/p>\n<\/div><\/div>\n\n\n\n<h2 class=\"wp-block-heading\" id=\"nos-actions\">Nos actions<\/h2>\n\n\n\n<div class=\"wp-block-pb-accordion-item c-accordion__item js-accordion-item no-js is-open\" data-initially-open=\"true\" data-click-to-close=\"true\" data-auto-close=\"true\" data-scroll=\"false\" data-scroll-offset=\"0\"><h3 id=\"at-672\" class=\"c-accordion__title js-accordion-controller\" role=\"button\">Des actions culturelles pour tous<\/h3><div id=\"ac-672\" class=\"c-accordion__content\">\n<p>Notre programmation s\u2019adresse \u00e0 un <strong>large public<\/strong>&nbsp;: l\u2019ensemble de la communaut\u00e9 universitaire (\u00e9tudiants, doctorants, enseignants-chercheurs, personnels de l\u2019universit\u00e9) mais aussi le grand public ou encore les artistes professionnels ou en devenir, dans une d\u00e9marche de soutien \u00e0 la cr\u00e9ation.<\/p>\n\n\n\n<p>Elle touche \u00e9galement le <strong>milieu scolaire<\/strong> (implication dans les parcours d\u2019\u00e9ducation artistique et culturelle) avec un lien \u00e9troit \u00e9tabli avec le Rectorat et les collectivit\u00e9s. Dans un souci de professionnaliser les acteurs de la culture, l\u2019universit\u00e9 <strong>soutient les artistes<\/strong> en leur proposant des structures d\u2019accueil et des dispositifs d\u2019aide \u00e0 la cr\u00e9ation. Un statut sp\u00e9cifique a \u00e9t\u00e9 mis en place pour les \u00e9tudiants artistes de haut-niveau. Dans le domaine de la culture scientifique et technique,&nbsp;la formation et la <strong>sensibilisation des doctorants et chercheurs<\/strong> aux enjeux et pratiques de la m\u00e9diation scientifique est construite autour de dispositifs \u00e9tablis en lien avec les \u00e9coles doctorales et les laboratoires.<\/p>\n<\/div><\/div>\n\n\n\n<div class=\"wp-block-pb-accordion-item c-accordion__item js-accordion-item no-js\" data-initially-open=\"false\" data-click-to-close=\"true\" data-auto-close=\"true\" data-scroll=\"false\" data-scroll-offset=\"0\"><h3 id=\"at-673\" class=\"c-accordion__title js-accordion-controller\" role=\"button\">Pour tous les go\u00fbts<\/h3><div id=\"ac-673\" class=\"c-accordion__content\">\n<p>Expositions, th\u00e9\u00e2tre, conf\u00e9rences, projections de film\u2026 une multitude de formats permettent d\u2019aborder des questions soci\u00e9tales et des sujets d\u2019actualit\u00e9 au travers des&nbsp;champs disciplinaires repr\u00e9sent\u00e9s \u00e0 l\u2019universit\u00e9. Pour compl\u00e9ter l\u2019offre culturelle, les publics sont invit\u00e9s \u00e0 d\u00e9couvrir des pratiques artistiques et rencontrer des professionnels lors de concerts ou de r\u00e9sidences d\u2019artistes qui enrichissent la programmation culturelle.<\/p>\n<\/div><\/div>\n\n\n\n<div class=\"wp-block-pb-accordion-item c-accordion__item js-accordion-item no-js\" data-initially-open=\"false\" data-click-to-close=\"true\" data-auto-close=\"true\" data-scroll=\"false\" data-scroll-offset=\"0\"><h3 id=\"at-674\" class=\"c-accordion__title js-accordion-controller\" role=\"button\">Dans des lieux d\u00e9di\u00e9s<\/h3><div id=\"ac-674\" class=\"c-accordion__content\">\n<p>L\u2019Universit\u00e9 de Lorraine, ce sont des sites ouverts sur les 4 d\u00e9partements Lorrains, mais aussi au sein de lieux d\u00e9di\u00e9s : <\/p>\n\n\n\n<ul class=\"wp-block-list\">\n<li>2 galeries d&rsquo;art contemporain (<a href=\"https:\/\/www.univ-lorraine.fr\/culture\/galerie-0-15\">Galerie 0.15 \/\/ Essais Dynamiques<\/a> et <a href=\"https:\/\/www.univ-lorraine.fr\/culture\/preau\">Le Pr\u00e9au<\/a>)<\/li>\n\n\n\n<li>1 sc\u00e8ne conventionn\u00e9e d&rsquo;int\u00e9r\u00eat national (<a href=\"https:\/\/www.univ-lorraine.fr\/culture\/ebmk\">l&rsquo;Espace Bernard-Marie Kolt\u00e8s<\/a>)<\/li>\n\n\n\n<li>2 tiers-lieux (<a href=\"https:\/\/www.univ-lorraine.fr\/initiatives-etudiantes\/maisons-de-letudiant\/\">maisons de l&rsquo;\u00e9tudiant<\/a> au Saulcy et sur le campus Lettres et Sciences Humaines)<\/li>\n\n\n\n<li>des mus\u00e9es qui recouvrent les collections patrimoniales de l&rsquo;universit\u00e9 (<a href=\"https:\/\/www.univ-lorraine.fr\/culture\/maul\/\">arch\u00e9ologie<\/a>, m\u00e9decine\u2026)<\/li>\n\n\n\n<li>les<a href=\"https:\/\/www.univ-lorraine.fr\/culture\/3musees\"> 3 mus\u00e9es scientifiques<\/a> de la M\u00e9tropole du Grand Nancy<\/li>\n<\/ul>\n\n\n\n<p>L\u2019universit\u00e9 de Lorraine propose \u00e9galement des \u00e9v\u00e9nements dans les lieux culturels des villes lorraines : biblioth\u00e8ques-m\u00e9diath\u00e8ques, centres de culture scientifique, salles de musiques actuelles, cin\u00e9mas, lieux de vie des collectivit\u00e9s locales \u2026 Les \u00e9v\u00e9nements organis\u00e9s <strong>tout au long de l&rsquo;ann\u00e9e <\/strong>sont \u00e0 d\u00e9couvrir dans notre agenda en ligne ou en consultant notre brochure.<\/p>\n<\/div><\/div>\n\n<\/div><\/div><\/div>\n<\/div>\n\n\n<div style=\"height:114px\" aria-hidden=\"true\" class=\"wp-block-spacer\"><\/div>\n\n\n<div class=\"gb-container gb-container-5721cb92\">\n\n<div class=\"wp-block-pb-accordion-item c-accordion__item js-accordion-item no-js is-open\" data-initially-open=\"true\" data-click-to-close=\"true\" data-auto-close=\"true\" data-scroll=\"false\" data-scroll-offset=\"0\"><h3 id=\"at-675\" class=\"c-accordion__title js-accordion-controller\" role=\"button\">Programmation Vie \u00c9tudiante et Culturelle 2024<\/h3><div id=\"ac-675\" class=\"c-accordion__content\">\n<div style=\"text-align:center;\"><div style=\"margin:8px 0px 4px;\"><a href=\"https:\/\/www.calameo.com\/read\/0001401735a7c9a2ef3f0\" target=\"_blank\" rel=\"noopener\"> Programmation Vie \u00c9tudiante et Culturelle 2024<\/a><\/div><iframe loading=\"lazy\" src=\"\/\/v.calameo.com\/?bkcode=0001401735a7c9a2ef3f0\" width=\"300\" height=\"194\" frameborder=\"0\" scrolling=\"no\" allowtransparency allowfullscreen style=\"margin:0 auto;\"><\/iframe><div style=\"margin:4px 0px 8px;\"><a href=\"http:\/\/www.calameo.com\/\">Publish at Calameo<\/a><\/div><\/div>\n<\/div><\/div>\n\n<\/div>\n\n<div class=\"gb-container gb-container-27309241\">\n\n<div class=\"wp-block-pb-accordion-item c-accordion__item js-accordion-item no-js is-open\" data-initially-open=\"true\" data-click-to-close=\"true\" data-auto-close=\"true\" data-scroll=\"false\" data-scroll-offset=\"0\"><h3 id=\"at-676\" class=\"c-accordion__title js-accordion-controller\" role=\"button\">L&rsquo;agenda Science-Soci\u00e9t\u00e9<\/h3><div id=\"ac-676\" class=\"c-accordion__content\"><div class=\"wp-block-image\">\n<figure class=\"aligncenter size-full is-resized\"><a href=\"http:\/\/u2l.fr\/progsaps\" target=\"_blank\" rel=\" noreferrer noopener\"><img decoding=\"async\" src=\"https:\/\/www.univ-lorraine.fr\/culture\/wp-content\/uploads\/sites\/10\/2025\/02\/20250301_brochure-printemps-saps-couv-1.jpg\" alt=\"\" class=\"wp-image-7319\" style=\"width:200px\"\/><\/a><figcaption class=\"wp-element-caption\"><a href=\"http:\/\/u2l.fr\/progsaps\">L&rsquo;agenda Science-Soci\u00e9t\u00e9 PRINTEMPS Mars \u203a Juin 2025<\/a><\/figcaption><\/figure>\n<\/div><\/div><\/div>\n\n<\/div>\n<\/div><\/div>\n\n\n<p><\/p>\n\n\n\n<p><\/p>\n\n\n\n<p><\/p>\n","protected":false},"excerpt":{"rendered":"","protected":false},"author":4,"featured_media":0,"parent":0,"menu_order":0,"comment_status":"closed","ping_status":"closed","template":"","meta":{"inline_featured_image":false,"footnotes":""},"class_list":["post-67","page","type-page","status-publish"],"yoast_head":"<!-- This site is optimized with the Yoast SEO plugin v27.4 - https:\/\/yoast.com\/product\/yoast-seo-wordpress\/ -->\n<title>Qui sommes-nous ? - Culture<\/title>\n<meta name=\"robots\" content=\"index, follow, max-snippet:-1, max-image-preview:large, max-video-preview:-1\" \/>\n<link rel=\"canonical\" href=\"https:\/\/www.univ-lorraine.fr\/culture\/qui\/\" \/>\n<meta property=\"og:locale\" content=\"fr_FR\" \/>\n<meta property=\"og:type\" content=\"article\" \/>\n<meta property=\"og:title\" content=\"Qui sommes-nous ? - Culture\" \/>\n<meta property=\"og:url\" content=\"https:\/\/www.univ-lorraine.fr\/culture\/qui\/\" \/>\n<meta property=\"og:site_name\" content=\"Culture\" \/>\n<meta property=\"article:modified_time\" content=\"2025-09-09T12:42:05+00:00\" \/>\n<meta property=\"og:image\" content=\"https:\/\/www.univ-lorraine.fr\/culture\/wp-content\/uploads\/sites\/10\/2021\/07\/bandeau_qui_sommes_nous1.png\" \/>\n\t<meta property=\"og:image:width\" content=\"1080\" \/>\n\t<meta property=\"og:image:height\" content=\"1080\" \/>\n\t<meta property=\"og:image:type\" content=\"image\/png\" \/>\n<meta name=\"twitter:card\" content=\"summary_large_image\" \/>\n<meta name=\"twitter:label1\" content=\"Dur\u00e9e de lecture estim\u00e9e\" \/>\n\t<meta name=\"twitter:data1\" content=\"4 minutes\" \/>\n<script type=\"application\/ld+json\" class=\"yoast-schema-graph\">{\"@context\":\"https:\\\/\\\/schema.org\",\"@graph\":[{\"@type\":\"WebPage\",\"@id\":\"https:\\\/\\\/www.univ-lorraine.fr\\\/culture\\\/qui\\\/\",\"url\":\"https:\\\/\\\/www.univ-lorraine.fr\\\/culture\\\/qui\\\/\",\"name\":\"Qui sommes-nous ? - Culture\",\"isPartOf\":{\"@id\":\"https:\\\/\\\/www.univ-lorraine.fr\\\/culture\\\/#website\"},\"primaryImageOfPage\":{\"@id\":\"https:\\\/\\\/www.univ-lorraine.fr\\\/culture\\\/qui\\\/#primaryimage\"},\"image\":{\"@id\":\"https:\\\/\\\/www.univ-lorraine.fr\\\/culture\\\/qui\\\/#primaryimage\"},\"thumbnailUrl\":\"https:\\\/\\\/www.univ-lorraine.fr\\\/culture\\\/wp-content\\\/uploads\\\/sites\\\/10\\\/2021\\\/07\\\/bandeau_qui_sommes_nous1-1024x1024.png\",\"datePublished\":\"2021-02-12T08:54:57+00:00\",\"dateModified\":\"2025-09-09T12:42:05+00:00\",\"breadcrumb\":{\"@id\":\"https:\\\/\\\/www.univ-lorraine.fr\\\/culture\\\/qui\\\/#breadcrumb\"},\"inLanguage\":\"fr-FR\",\"potentialAction\":[{\"@type\":\"ReadAction\",\"target\":[\"https:\\\/\\\/www.univ-lorraine.fr\\\/culture\\\/qui\\\/\"]}]},{\"@type\":\"ImageObject\",\"inLanguage\":\"fr-FR\",\"@id\":\"https:\\\/\\\/www.univ-lorraine.fr\\\/culture\\\/qui\\\/#primaryimage\",\"url\":\"https:\\\/\\\/www.univ-lorraine.fr\\\/culture\\\/wp-content\\\/uploads\\\/sites\\\/10\\\/2021\\\/07\\\/bandeau_qui_sommes_nous1.png\",\"contentUrl\":\"https:\\\/\\\/www.univ-lorraine.fr\\\/culture\\\/wp-content\\\/uploads\\\/sites\\\/10\\\/2021\\\/07\\\/bandeau_qui_sommes_nous1.png\",\"width\":1080,\"height\":1080},{\"@type\":\"BreadcrumbList\",\"@id\":\"https:\\\/\\\/www.univ-lorraine.fr\\\/culture\\\/qui\\\/#breadcrumb\",\"itemListElement\":[{\"@type\":\"ListItem\",\"position\":1,\"name\":\"Accueil\",\"item\":\"https:\\\/\\\/www.univ-lorraine.fr\\\/culture\\\/\"},{\"@type\":\"ListItem\",\"position\":2,\"name\":\"Qui sommes-nous ?\"}]},{\"@type\":\"WebSite\",\"@id\":\"https:\\\/\\\/www.univ-lorraine.fr\\\/culture\\\/#website\",\"url\":\"https:\\\/\\\/www.univ-lorraine.fr\\\/culture\\\/\",\"name\":\"Culture\",\"description\":\"\",\"publisher\":{\"@id\":\"https:\\\/\\\/www.univ-lorraine.fr\\\/culture\\\/#organization\"},\"potentialAction\":[{\"@type\":\"SearchAction\",\"target\":{\"@type\":\"EntryPoint\",\"urlTemplate\":\"https:\\\/\\\/www.univ-lorraine.fr\\\/culture\\\/?s={search_term_string}\"},\"query-input\":{\"@type\":\"PropertyValueSpecification\",\"valueRequired\":true,\"valueName\":\"search_term_string\"}}],\"inLanguage\":\"fr-FR\"},{\"@type\":\"Organization\",\"@id\":\"https:\\\/\\\/www.univ-lorraine.fr\\\/culture\\\/#organization\",\"name\":\"Universit\u00e9 de Lorraine\",\"url\":\"https:\\\/\\\/www.univ-lorraine.fr\\\/culture\\\/\",\"logo\":{\"@type\":\"ImageObject\",\"inLanguage\":\"fr-FR\",\"@id\":\"https:\\\/\\\/www.univ-lorraine.fr\\\/culture\\\/#\\\/schema\\\/logo\\\/image\\\/\",\"url\":\"https:\\\/\\\/www.univ-lorraine.fr\\\/culture\\\/wp-content\\\/uploads\\\/sites\\\/10\\\/2021\\\/01\\\/LOGO_UL.png\",\"contentUrl\":\"https:\\\/\\\/www.univ-lorraine.fr\\\/culture\\\/wp-content\\\/uploads\\\/sites\\\/10\\\/2021\\\/01\\\/LOGO_UL.png\",\"width\":138,\"height\":48,\"caption\":\"Universit\u00e9 de Lorraine\"},\"image\":{\"@id\":\"https:\\\/\\\/www.univ-lorraine.fr\\\/culture\\\/#\\\/schema\\\/logo\\\/image\\\/\"}}]}<\/script>\n<!-- \/ Yoast SEO plugin. -->","yoast_head_json":{"title":"Qui sommes-nous ? - Culture","robots":{"index":"index","follow":"follow","max-snippet":"max-snippet:-1","max-image-preview":"max-image-preview:large","max-video-preview":"max-video-preview:-1"},"canonical":"https:\/\/www.univ-lorraine.fr\/culture\/qui\/","og_locale":"fr_FR","og_type":"article","og_title":"Qui sommes-nous ? - Culture","og_url":"https:\/\/www.univ-lorraine.fr\/culture\/qui\/","og_site_name":"Culture","article_modified_time":"2025-09-09T12:42:05+00:00","og_image":[{"width":1080,"height":1080,"url":"https:\/\/www.univ-lorraine.fr\/culture\/wp-content\/uploads\/sites\/10\/2021\/07\/bandeau_qui_sommes_nous1.png","type":"image\/png"}],"twitter_card":"summary_large_image","twitter_misc":{"Dur\u00e9e de lecture estim\u00e9e":"4 minutes"},"schema":{"@context":"https:\/\/schema.org","@graph":[{"@type":"WebPage","@id":"https:\/\/www.univ-lorraine.fr\/culture\/qui\/","url":"https:\/\/www.univ-lorraine.fr\/culture\/qui\/","name":"Qui sommes-nous ? - Culture","isPartOf":{"@id":"https:\/\/www.univ-lorraine.fr\/culture\/#website"},"primaryImageOfPage":{"@id":"https:\/\/www.univ-lorraine.fr\/culture\/qui\/#primaryimage"},"image":{"@id":"https:\/\/www.univ-lorraine.fr\/culture\/qui\/#primaryimage"},"thumbnailUrl":"https:\/\/www.univ-lorraine.fr\/culture\/wp-content\/uploads\/sites\/10\/2021\/07\/bandeau_qui_sommes_nous1-1024x1024.png","datePublished":"2021-02-12T08:54:57+00:00","dateModified":"2025-09-09T12:42:05+00:00","breadcrumb":{"@id":"https:\/\/www.univ-lorraine.fr\/culture\/qui\/#breadcrumb"},"inLanguage":"fr-FR","potentialAction":[{"@type":"ReadAction","target":["https:\/\/www.univ-lorraine.fr\/culture\/qui\/"]}]},{"@type":"ImageObject","inLanguage":"fr-FR","@id":"https:\/\/www.univ-lorraine.fr\/culture\/qui\/#primaryimage","url":"https:\/\/www.univ-lorraine.fr\/culture\/wp-content\/uploads\/sites\/10\/2021\/07\/bandeau_qui_sommes_nous1.png","contentUrl":"https:\/\/www.univ-lorraine.fr\/culture\/wp-content\/uploads\/sites\/10\/2021\/07\/bandeau_qui_sommes_nous1.png","width":1080,"height":1080},{"@type":"BreadcrumbList","@id":"https:\/\/www.univ-lorraine.fr\/culture\/qui\/#breadcrumb","itemListElement":[{"@type":"ListItem","position":1,"name":"Accueil","item":"https:\/\/www.univ-lorraine.fr\/culture\/"},{"@type":"ListItem","position":2,"name":"Qui sommes-nous ?"}]},{"@type":"WebSite","@id":"https:\/\/www.univ-lorraine.fr\/culture\/#website","url":"https:\/\/www.univ-lorraine.fr\/culture\/","name":"Culture","description":"","publisher":{"@id":"https:\/\/www.univ-lorraine.fr\/culture\/#organization"},"potentialAction":[{"@type":"SearchAction","target":{"@type":"EntryPoint","urlTemplate":"https:\/\/www.univ-lorraine.fr\/culture\/?s={search_term_string}"},"query-input":{"@type":"PropertyValueSpecification","valueRequired":true,"valueName":"search_term_string"}}],"inLanguage":"fr-FR"},{"@type":"Organization","@id":"https:\/\/www.univ-lorraine.fr\/culture\/#organization","name":"Universit\u00e9 de Lorraine","url":"https:\/\/www.univ-lorraine.fr\/culture\/","logo":{"@type":"ImageObject","inLanguage":"fr-FR","@id":"https:\/\/www.univ-lorraine.fr\/culture\/#\/schema\/logo\/image\/","url":"https:\/\/www.univ-lorraine.fr\/culture\/wp-content\/uploads\/sites\/10\/2021\/01\/LOGO_UL.png","contentUrl":"https:\/\/www.univ-lorraine.fr\/culture\/wp-content\/uploads\/sites\/10\/2021\/01\/LOGO_UL.png","width":138,"height":48,"caption":"Universit\u00e9 de Lorraine"},"image":{"@id":"https:\/\/www.univ-lorraine.fr\/culture\/#\/schema\/logo\/image\/"}}]}},"_links":{"self":[{"href":"https:\/\/www.univ-lorraine.fr\/culture\/wp-json\/wp\/v2\/pages\/67","targetHints":{"allow":["GET"]}}],"collection":[{"href":"https:\/\/www.univ-lorraine.fr\/culture\/wp-json\/wp\/v2\/pages"}],"about":[{"href":"https:\/\/www.univ-lorraine.fr\/culture\/wp-json\/wp\/v2\/types\/page"}],"author":[{"embeddable":true,"href":"https:\/\/www.univ-lorraine.fr\/culture\/wp-json\/wp\/v2\/users\/4"}],"replies":[{"embeddable":true,"href":"https:\/\/www.univ-lorraine.fr\/culture\/wp-json\/wp\/v2\/comments?post=67"}],"version-history":[{"count":63,"href":"https:\/\/www.univ-lorraine.fr\/culture\/wp-json\/wp\/v2\/pages\/67\/revisions"}],"predecessor-version":[{"id":7995,"href":"https:\/\/www.univ-lorraine.fr\/culture\/wp-json\/wp\/v2\/pages\/67\/revisions\/7995"}],"wp:attachment":[{"href":"https:\/\/www.univ-lorraine.fr\/culture\/wp-json\/wp\/v2\/media?parent=67"}],"curies":[{"name":"wp","href":"https:\/\/api.w.org\/{rel}","templated":true}]}}