{"id":690,"date":"2021-06-23T11:09:40","date_gmt":"2021-06-23T09:09:40","guid":{"rendered":"https:\/\/www.univ-lorraine.fr\/culture\/?page_id=690"},"modified":"2023-09-19T14:36:57","modified_gmt":"2023-09-19T12:36:57","slug":"mpls","status":"publish","type":"page","link":"https:\/\/www.univ-lorraine.fr\/culture\/culturesci\/mpls\/","title":{"rendered":"La Maison pour la science en Lorraine"},"content":{"rendered":"<div class=\"gb-grid-wrapper gb-grid-wrapper-1f752270\">\n<div class=\"gb-grid-column gb-grid-column-e5cab927\"><div class=\"gb-container gb-container-e5cab927\"><div class=\"gb-inside-container\">\n\n<h2 class=\"gb-headline gb-headline-9aa70f53 gb-headline-text\">Un op\u00e9rateur de formation continue au service des professeurs<\/h2>\n\n\n\n<p>La Maison pour la Science en Lorraine, implant\u00e9e au sein de l\u2019INSP\u00c9 de Lorraine, est un op\u00e9rateur de formation continue au service des professeurs pour la r\u00e9ussite de tous les \u00e9l\u00e8ves. Elle d\u00e9veloppe, depuis 2012, les diff\u00e9rentes op\u00e9rations initi\u00e9es par l\u2019Acad\u00e9mie des sciences.<\/p>\n\n\n\n<p>En premier lieu, elle propose une offre de d\u00e9veloppement professionnel disciplinaire, interdisciplinaire et inter-degr\u00e9 en sciences, technologie et math\u00e9matiques pour les professeurs du 1er et du 2nd degr\u00e9 qui permet \u00e0 quelques 3000 professeurs par an de se rapprocher de la science vivante et contemporaine et de construire des ressources pour la classe.<\/p>\n\n<\/div><\/div><\/div>\n\n<div class=\"gb-grid-column gb-grid-column-3deb3258\"><div class=\"gb-container gb-container-3deb3258\"><div class=\"gb-inside-container\">\n\n<figure class=\"wp-block-image size-large\"><img loading=\"lazy\" decoding=\"async\" width=\"1024\" height=\"1024\" src=\"https:\/\/www.univ-lorraine.fr\/culture\/wp-content\/uploads\/sites\/10\/2021\/07\/Centre-Pilote-54_Matiere-etats-et-proprietes-Cycle-2_28012021-1024x1024.jpg\" alt=\"\" class=\"wp-image-878\" srcset=\"https:\/\/www.univ-lorraine.fr\/culture\/wp-content\/uploads\/sites\/10\/2021\/07\/Centre-Pilote-54_Matiere-etats-et-proprietes-Cycle-2_28012021-1024x1024.jpg 1024w, https:\/\/www.univ-lorraine.fr\/culture\/wp-content\/uploads\/sites\/10\/2021\/07\/Centre-Pilote-54_Matiere-etats-et-proprietes-Cycle-2_28012021-300x300.jpg 300w, https:\/\/www.univ-lorraine.fr\/culture\/wp-content\/uploads\/sites\/10\/2021\/07\/Centre-Pilote-54_Matiere-etats-et-proprietes-Cycle-2_28012021-150x150.jpg 150w, https:\/\/www.univ-lorraine.fr\/culture\/wp-content\/uploads\/sites\/10\/2021\/07\/Centre-Pilote-54_Matiere-etats-et-proprietes-Cycle-2_28012021-768x767.jpg 768w, https:\/\/www.univ-lorraine.fr\/culture\/wp-content\/uploads\/sites\/10\/2021\/07\/Centre-Pilote-54_Matiere-etats-et-proprietes-Cycle-2_28012021.jpg 1080w\" sizes=\"auto, (max-width: 1024px) 100vw, 1024px\" \/><\/figure>\n\n<\/div><\/div><\/div>\n<\/div>\n\n\n<p>Elle s\u2019appuie \u00e9galement sur des Centres pilotes La main \u00e0 la p\u00e2te \u00e0 Nancy-Max\u00e9ville, Metz-Montigny et \u00c9pinal qui accompagnent des enseignants avec leur classe, un dispositif Partenaires scientifiques pour la classe avec plus de 250 \u00e9tudiants scientifiques qui interviennent \u00e0 l\u2019\u00e9cole primaire, et 10 coll\u00e8ges pilotes La main \u00e0 la p\u00e2te qui favorisent au sein des classes une pratique des sciences en \u00e9troite relation avec des scientifiques locaux. De plus, une dizaine de Centres ressources La main \u00e0 la p\u00e2te de proximit\u00e9 sont r\u00e9partis sur l\u2019ensemble du territoire lorrain et notamment dans des sites \u00e9loign\u00e9s des grandes villes universitaires contribuant ainsi \u00e0 l\u2019\u00e9galit\u00e9 des chances.<\/p>\n\n\n\n<p>La Maison pour la science en Lorraine est mise en \u0153uvre par la Fondation La main \u00e0 la p\u00e2te en partenariat avec l\u2019Universit\u00e9 de Lorraine et le Rectorat de l\u2019Acad\u00e9mie de Nancy-Metz.<\/p>\n\n\n\n<p>Elle b\u00e9n\u00e9ficie du soutien des collectivit\u00e9s territoriales, de CANOP\u00c9 Grand Est, de la MGEN, de la Ligue contre le Cancer, du CNES, d\u2019EDF &#8211; D\u00e9l\u00e9gation Grand-Est, du CNRS, de la Fondation TotalEnergies et la Fondation de la Maison de la Chimie.<\/p>\n\n\n\n<p>Direction : Jean-Paul Rossignon<\/p>\n\n\n\n<p>La Maison pour la Science en Lorraine, implant\u00e9e au sein de l\u2019INSP\u00c9 de Lorraine, est un op\u00e9rateur de formation continue au service des professeurs pour la r\u00e9ussite de tous les \u00e9l\u00e8ves. Elle d\u00e9veloppe, depuis 2012, les diff\u00e9rentes op\u00e9rations initi\u00e9es par l\u2019Acad\u00e9mie des sciences.<\/p>\n\n\n\n<div class=\"wp-block-buttons is-horizontal is-content-justification-center is-layout-flex wp-container-core-buttons-is-layout-499968f5 wp-block-buttons-is-layout-flex\">\n<div class=\"wp-block-button\"><a class=\"wp-block-button__link wp-element-button\" href=\"https:\/\/lorraine.maisons-pour-la-science.org\/\" target=\"_blank\" rel=\"noreferrer noopener\">Visiter le site de la Maison pour la Science<\/a><\/div>\n<\/div>\n","protected":false},"excerpt":{"rendered":"<p>Elle s\u2019appuie \u00e9galement sur des Centres pilotes La main \u00e0 la p\u00e2te \u00e0 Nancy-Max\u00e9ville, Metz-Montigny et \u00c9pinal qui accompagnent des enseignants avec leur classe, un dispositif Partenaires scientifiques pour la classe avec plus de 250 \u00e9tudiants scientifiques qui interviennent \u00e0 l\u2019\u00e9cole primaire, et 10 coll\u00e8ges pilotes La main \u00e0 la p\u00e2te qui favorisent au sein &#8230; <a title=\"La Maison pour la science en Lorraine\" class=\"read-more\" href=\"https:\/\/www.univ-lorraine.fr\/culture\/culturesci\/mpls\/\" aria-label=\"En savoir plus sur La Maison pour la science en Lorraine\">Lire plus<\/a><\/p>\n","protected":false},"author":68,"featured_media":0,"parent":41,"menu_order":0,"comment_status":"closed","ping_status":"closed","template":"","meta":{"inline_featured_image":false,"footnotes":""},"class_list":["post-690","page","type-page","status-publish"],"yoast_head":"<!-- This site is optimized with the Yoast SEO plugin v27.4 - https:\/\/yoast.com\/product\/yoast-seo-wordpress\/ -->\n<title>La Maison pour la science en Lorraine - Culture<\/title>\n<meta name=\"robots\" content=\"index, follow, max-snippet:-1, max-image-preview:large, max-video-preview:-1\" \/>\n<link rel=\"canonical\" href=\"https:\/\/www.univ-lorraine.fr\/culture\/culturesci\/mpls\/\" \/>\n<meta property=\"og:locale\" content=\"fr_FR\" \/>\n<meta property=\"og:type\" content=\"article\" \/>\n<meta property=\"og:title\" content=\"La Maison pour la science en Lorraine - Culture\" \/>\n<meta property=\"og:description\" content=\"Elle s\u2019appuie \u00e9galement sur des Centres pilotes La main \u00e0 la p\u00e2te \u00e0 Nancy-Max\u00e9ville, Metz-Montigny et \u00c9pinal qui accompagnent des enseignants avec leur classe, un dispositif Partenaires scientifiques pour la classe avec plus de 250 \u00e9tudiants scientifiques qui interviennent \u00e0 l\u2019\u00e9cole primaire, et 10 coll\u00e8ges pilotes La main \u00e0 la p\u00e2te qui favorisent au sein ... Lire plus\" \/>\n<meta property=\"og:url\" content=\"https:\/\/www.univ-lorraine.fr\/culture\/culturesci\/mpls\/\" \/>\n<meta property=\"og:site_name\" content=\"Culture\" \/>\n<meta property=\"article:modified_time\" content=\"2023-09-19T12:36:57+00:00\" \/>\n<meta property=\"og:image\" content=\"https:\/\/www.univ-lorraine.fr\/culture\/wp-content\/uploads\/sites\/10\/2021\/07\/Centre-Pilote-54_Matiere-etats-et-proprietes-Cycle-2_28012021-1024x1024.jpg\" \/>\n<meta name=\"twitter:card\" content=\"summary_large_image\" \/>\n<meta name=\"twitter:label1\" content=\"Dur\u00e9e de lecture estim\u00e9e\" \/>\n\t<meta name=\"twitter:data1\" content=\"2 minutes\" \/>\n<script type=\"application\/ld+json\" class=\"yoast-schema-graph\">{\"@context\":\"https:\\\/\\\/schema.org\",\"@graph\":[{\"@type\":\"WebPage\",\"@id\":\"https:\\\/\\\/www.univ-lorraine.fr\\\/culture\\\/culturesci\\\/mpls\\\/\",\"url\":\"https:\\\/\\\/www.univ-lorraine.fr\\\/culture\\\/culturesci\\\/mpls\\\/\",\"name\":\"La Maison pour la science en Lorraine - Culture\",\"isPartOf\":{\"@id\":\"https:\\\/\\\/www.univ-lorraine.fr\\\/culture\\\/#website\"},\"primaryImageOfPage\":{\"@id\":\"https:\\\/\\\/www.univ-lorraine.fr\\\/culture\\\/culturesci\\\/mpls\\\/#primaryimage\"},\"image\":{\"@id\":\"https:\\\/\\\/www.univ-lorraine.fr\\\/culture\\\/culturesci\\\/mpls\\\/#primaryimage\"},\"thumbnailUrl\":\"https:\\\/\\\/www.univ-lorraine.fr\\\/culture\\\/wp-content\\\/uploads\\\/sites\\\/10\\\/2021\\\/07\\\/Centre-Pilote-54_Matiere-etats-et-proprietes-Cycle-2_28012021-1024x1024.jpg\",\"datePublished\":\"2021-06-23T09:09:40+00:00\",\"dateModified\":\"2023-09-19T12:36:57+00:00\",\"breadcrumb\":{\"@id\":\"https:\\\/\\\/www.univ-lorraine.fr\\\/culture\\\/culturesci\\\/mpls\\\/#breadcrumb\"},\"inLanguage\":\"fr-FR\",\"potentialAction\":[{\"@type\":\"ReadAction\",\"target\":[\"https:\\\/\\\/www.univ-lorraine.fr\\\/culture\\\/culturesci\\\/mpls\\\/\"]}]},{\"@type\":\"ImageObject\",\"inLanguage\":\"fr-FR\",\"@id\":\"https:\\\/\\\/www.univ-lorraine.fr\\\/culture\\\/culturesci\\\/mpls\\\/#primaryimage\",\"url\":\"https:\\\/\\\/www.univ-lorraine.fr\\\/culture\\\/wp-content\\\/uploads\\\/sites\\\/10\\\/2021\\\/07\\\/Centre-Pilote-54_Matiere-etats-et-proprietes-Cycle-2_28012021.jpg\",\"contentUrl\":\"https:\\\/\\\/www.univ-lorraine.fr\\\/culture\\\/wp-content\\\/uploads\\\/sites\\\/10\\\/2021\\\/07\\\/Centre-Pilote-54_Matiere-etats-et-proprietes-Cycle-2_28012021.jpg\",\"width\":1080,\"height\":1079},{\"@type\":\"BreadcrumbList\",\"@id\":\"https:\\\/\\\/www.univ-lorraine.fr\\\/culture\\\/culturesci\\\/mpls\\\/#breadcrumb\",\"itemListElement\":[{\"@type\":\"ListItem\",\"position\":1,\"name\":\"Accueil\",\"item\":\"https:\\\/\\\/www.univ-lorraine.fr\\\/culture\\\/\"},{\"@type\":\"ListItem\",\"position\":2,\"name\":\"Science Avec et Pour la Soci\u00e9t\u00e9\",\"item\":\"https:\\\/\\\/www.univ-lorraine.fr\\\/culture\\\/culturesci\\\/\"},{\"@type\":\"ListItem\",\"position\":3,\"name\":\"La Maison pour la science en Lorraine\"}]},{\"@type\":\"WebSite\",\"@id\":\"https:\\\/\\\/www.univ-lorraine.fr\\\/culture\\\/#website\",\"url\":\"https:\\\/\\\/www.univ-lorraine.fr\\\/culture\\\/\",\"name\":\"Culture\",\"description\":\"\",\"publisher\":{\"@id\":\"https:\\\/\\\/www.univ-lorraine.fr\\\/culture\\\/#organization\"},\"potentialAction\":[{\"@type\":\"SearchAction\",\"target\":{\"@type\":\"EntryPoint\",\"urlTemplate\":\"https:\\\/\\\/www.univ-lorraine.fr\\\/culture\\\/?s={search_term_string}\"},\"query-input\":{\"@type\":\"PropertyValueSpecification\",\"valueRequired\":true,\"valueName\":\"search_term_string\"}}],\"inLanguage\":\"fr-FR\"},{\"@type\":\"Organization\",\"@id\":\"https:\\\/\\\/www.univ-lorraine.fr\\\/culture\\\/#organization\",\"name\":\"Universit\u00e9 de Lorraine\",\"url\":\"https:\\\/\\\/www.univ-lorraine.fr\\\/culture\\\/\",\"logo\":{\"@type\":\"ImageObject\",\"inLanguage\":\"fr-FR\",\"@id\":\"https:\\\/\\\/www.univ-lorraine.fr\\\/culture\\\/#\\\/schema\\\/logo\\\/image\\\/\",\"url\":\"https:\\\/\\\/www.univ-lorraine.fr\\\/culture\\\/wp-content\\\/uploads\\\/sites\\\/10\\\/2021\\\/01\\\/LOGO_UL.png\",\"contentUrl\":\"https:\\\/\\\/www.univ-lorraine.fr\\\/culture\\\/wp-content\\\/uploads\\\/sites\\\/10\\\/2021\\\/01\\\/LOGO_UL.png\",\"width\":138,\"height\":48,\"caption\":\"Universit\u00e9 de Lorraine\"},\"image\":{\"@id\":\"https:\\\/\\\/www.univ-lorraine.fr\\\/culture\\\/#\\\/schema\\\/logo\\\/image\\\/\"}}]}<\/script>\n<!-- \/ Yoast SEO plugin. -->","yoast_head_json":{"title":"La Maison pour la science en Lorraine - Culture","robots":{"index":"index","follow":"follow","max-snippet":"max-snippet:-1","max-image-preview":"max-image-preview:large","max-video-preview":"max-video-preview:-1"},"canonical":"https:\/\/www.univ-lorraine.fr\/culture\/culturesci\/mpls\/","og_locale":"fr_FR","og_type":"article","og_title":"La Maison pour la science en Lorraine - Culture","og_description":"Elle s\u2019appuie \u00e9galement sur des Centres pilotes La main \u00e0 la p\u00e2te \u00e0 Nancy-Max\u00e9ville, Metz-Montigny et \u00c9pinal qui accompagnent des enseignants avec leur classe, un dispositif Partenaires scientifiques pour la classe avec plus de 250 \u00e9tudiants scientifiques qui interviennent \u00e0 l\u2019\u00e9cole primaire, et 10 coll\u00e8ges pilotes La main \u00e0 la p\u00e2te qui favorisent au sein ... Lire plus","og_url":"https:\/\/www.univ-lorraine.fr\/culture\/culturesci\/mpls\/","og_site_name":"Culture","article_modified_time":"2023-09-19T12:36:57+00:00","og_image":[{"url":"https:\/\/www.univ-lorraine.fr\/culture\/wp-content\/uploads\/sites\/10\/2021\/07\/Centre-Pilote-54_Matiere-etats-et-proprietes-Cycle-2_28012021-1024x1024.jpg","type":"","width":"","height":""}],"twitter_card":"summary_large_image","twitter_misc":{"Dur\u00e9e de lecture estim\u00e9e":"2 minutes"},"schema":{"@context":"https:\/\/schema.org","@graph":[{"@type":"WebPage","@id":"https:\/\/www.univ-lorraine.fr\/culture\/culturesci\/mpls\/","url":"https:\/\/www.univ-lorraine.fr\/culture\/culturesci\/mpls\/","name":"La Maison pour la science en Lorraine - Culture","isPartOf":{"@id":"https:\/\/www.univ-lorraine.fr\/culture\/#website"},"primaryImageOfPage":{"@id":"https:\/\/www.univ-lorraine.fr\/culture\/culturesci\/mpls\/#primaryimage"},"image":{"@id":"https:\/\/www.univ-lorraine.fr\/culture\/culturesci\/mpls\/#primaryimage"},"thumbnailUrl":"https:\/\/www.univ-lorraine.fr\/culture\/wp-content\/uploads\/sites\/10\/2021\/07\/Centre-Pilote-54_Matiere-etats-et-proprietes-Cycle-2_28012021-1024x1024.jpg","datePublished":"2021-06-23T09:09:40+00:00","dateModified":"2023-09-19T12:36:57+00:00","breadcrumb":{"@id":"https:\/\/www.univ-lorraine.fr\/culture\/culturesci\/mpls\/#breadcrumb"},"inLanguage":"fr-FR","potentialAction":[{"@type":"ReadAction","target":["https:\/\/www.univ-lorraine.fr\/culture\/culturesci\/mpls\/"]}]},{"@type":"ImageObject","inLanguage":"fr-FR","@id":"https:\/\/www.univ-lorraine.fr\/culture\/culturesci\/mpls\/#primaryimage","url":"https:\/\/www.univ-lorraine.fr\/culture\/wp-content\/uploads\/sites\/10\/2021\/07\/Centre-Pilote-54_Matiere-etats-et-proprietes-Cycle-2_28012021.jpg","contentUrl":"https:\/\/www.univ-lorraine.fr\/culture\/wp-content\/uploads\/sites\/10\/2021\/07\/Centre-Pilote-54_Matiere-etats-et-proprietes-Cycle-2_28012021.jpg","width":1080,"height":1079},{"@type":"BreadcrumbList","@id":"https:\/\/www.univ-lorraine.fr\/culture\/culturesci\/mpls\/#breadcrumb","itemListElement":[{"@type":"ListItem","position":1,"name":"Accueil","item":"https:\/\/www.univ-lorraine.fr\/culture\/"},{"@type":"ListItem","position":2,"name":"Science Avec et Pour la Soci\u00e9t\u00e9","item":"https:\/\/www.univ-lorraine.fr\/culture\/culturesci\/"},{"@type":"ListItem","position":3,"name":"La Maison pour la science en Lorraine"}]},{"@type":"WebSite","@id":"https:\/\/www.univ-lorraine.fr\/culture\/#website","url":"https:\/\/www.univ-lorraine.fr\/culture\/","name":"Culture","description":"","publisher":{"@id":"https:\/\/www.univ-lorraine.fr\/culture\/#organization"},"potentialAction":[{"@type":"SearchAction","target":{"@type":"EntryPoint","urlTemplate":"https:\/\/www.univ-lorraine.fr\/culture\/?s={search_term_string}"},"query-input":{"@type":"PropertyValueSpecification","valueRequired":true,"valueName":"search_term_string"}}],"inLanguage":"fr-FR"},{"@type":"Organization","@id":"https:\/\/www.univ-lorraine.fr\/culture\/#organization","name":"Universit\u00e9 de Lorraine","url":"https:\/\/www.univ-lorraine.fr\/culture\/","logo":{"@type":"ImageObject","inLanguage":"fr-FR","@id":"https:\/\/www.univ-lorraine.fr\/culture\/#\/schema\/logo\/image\/","url":"https:\/\/www.univ-lorraine.fr\/culture\/wp-content\/uploads\/sites\/10\/2021\/01\/LOGO_UL.png","contentUrl":"https:\/\/www.univ-lorraine.fr\/culture\/wp-content\/uploads\/sites\/10\/2021\/01\/LOGO_UL.png","width":138,"height":48,"caption":"Universit\u00e9 de Lorraine"},"image":{"@id":"https:\/\/www.univ-lorraine.fr\/culture\/#\/schema\/logo\/image\/"}}]}},"_links":{"self":[{"href":"https:\/\/www.univ-lorraine.fr\/culture\/wp-json\/wp\/v2\/pages\/690","targetHints":{"allow":["GET"]}}],"collection":[{"href":"https:\/\/www.univ-lorraine.fr\/culture\/wp-json\/wp\/v2\/pages"}],"about":[{"href":"https:\/\/www.univ-lorraine.fr\/culture\/wp-json\/wp\/v2\/types\/page"}],"author":[{"embeddable":true,"href":"https:\/\/www.univ-lorraine.fr\/culture\/wp-json\/wp\/v2\/users\/68"}],"replies":[{"embeddable":true,"href":"https:\/\/www.univ-lorraine.fr\/culture\/wp-json\/wp\/v2\/comments?post=690"}],"version-history":[{"count":14,"href":"https:\/\/www.univ-lorraine.fr\/culture\/wp-json\/wp\/v2\/pages\/690\/revisions"}],"predecessor-version":[{"id":3802,"href":"https:\/\/www.univ-lorraine.fr\/culture\/wp-json\/wp\/v2\/pages\/690\/revisions\/3802"}],"up":[{"embeddable":true,"href":"https:\/\/www.univ-lorraine.fr\/culture\/wp-json\/wp\/v2\/pages\/41"}],"wp:attachment":[{"href":"https:\/\/www.univ-lorraine.fr\/culture\/wp-json\/wp\/v2\/media?parent=690"}],"curies":[{"name":"wp","href":"https:\/\/api.w.org\/{rel}","templated":true}]}}