{"id":7895,"date":"2025-07-18T11:01:18","date_gmt":"2025-07-18T09:01:18","guid":{"rendered":"https:\/\/www.univ-lorraine.fr\/culture\/?page_id=7895"},"modified":"2025-09-26T13:23:29","modified_gmt":"2025-09-26T11:23:29","slug":"nuitdelascience","status":"publish","type":"page","link":"https:\/\/www.univ-lorraine.fr\/culture\/culturesci\/fetedelascience\/nuitdelascience\/","title":{"rendered":"Nuit de la Science"},"content":{"rendered":"\n<p>La Nuit de la Science ouvre les festivit\u00e9s de la F\u00eate de la Science. Pour cette premi\u00e8re \u00e9dition, la MJC Nomade accueille l\u2019Universit\u00e9 de Lorraine et les organismes de recherche du site lorrain pour mettre en lumi\u00e8re les travaux de recherche actuels. D\u00e9couvrez la science en images, en jeux, en manipulations et en \u00e9motions. Une cinquantaine d\u2019acteur\u00b7ices de la recherche partagent ce moment festif avec vous.<\/p>\n\n\n\n<div class=\"wp-block-columns is-layout-flex wp-container-core-columns-is-layout-9d6595d7 wp-block-columns-is-layout-flex\">\n<div class=\"wp-block-column is-layout-flow wp-block-column-is-layout-flow\" style=\"flex-basis:66.66%\">\n<p><strong>Nuit de la science<br>Vendredi 3 octobre 2025<\/strong><br>MJC Nomade, 8 rue de Norv\u00e8ge \u00e0 Vand\u0153uvre-l\u00e8s-Nancy<\/p>\n\n\n\n<p>14h-16h&nbsp;: public scolaire (complet)<br>18h-22h&nbsp;: grand public<\/p>\n\n\n\n<p><strong>Informations pratiques<\/strong><\/p>\n\n\n<div class=\"gb-container gb-container-c02e6c39\">\n\n<ul class=\"wp-block-list\">\n<li>Entr\u00e9e libre et gratuite, ouvert \u00e0 tou\u00b7te\u00b7s, \u00e0 partir de 10 ans<\/li>\n\n\n\n<li>Demandez votre accompagnement LSF \u00e0 l\u2019accueil de la soir\u00e9e<\/li>\n\n\n\n<li>Accessible PMR<\/li>\n\n\n\n<li>Restauration sur place : pizzas v\u00e9g\u00e9tariennes et vegan<\/li>\n<\/ul>\n\n<\/div>\n\n\n<a class=\"gb-button gb-button-9d6e4d25 gb-button-text\" href=\"https:\/\/www.univ-lorraine.fr\/culture\/wp-content\/uploads\/sites\/10\/2025\/09\/nuit-de-la-science-programme-web.pdf\" target=\"_blank\" rel=\"noopener noreferrer\">Programme complet (1,3 Mo, pdf)<\/a>\n<\/div>\n\n\n\n<div class=\"wp-block-column is-layout-flow wp-block-column-is-layout-flow\" style=\"flex-basis:33.33%\">\n<figure class=\"wp-block-image size-large\"><img loading=\"lazy\" decoding=\"async\" width=\"771\" height=\"1024\" src=\"https:\/\/www.univ-lorraine.fr\/culture\/wp-content\/uploads\/sites\/10\/2025\/09\/nds2025-visuel-web-sans-logos-771x1024.png\" alt=\"\" class=\"wp-image-7953\" srcset=\"https:\/\/www.univ-lorraine.fr\/culture\/wp-content\/uploads\/sites\/10\/2025\/09\/nds2025-visuel-web-sans-logos-771x1024.png 771w, https:\/\/www.univ-lorraine.fr\/culture\/wp-content\/uploads\/sites\/10\/2025\/09\/nds2025-visuel-web-sans-logos-226x300.png 226w, https:\/\/www.univ-lorraine.fr\/culture\/wp-content\/uploads\/sites\/10\/2025\/09\/nds2025-visuel-web-sans-logos-768x1020.png 768w, https:\/\/www.univ-lorraine.fr\/culture\/wp-content\/uploads\/sites\/10\/2025\/09\/nds2025-visuel-web-sans-logos-1157x1536.png 1157w, https:\/\/www.univ-lorraine.fr\/culture\/wp-content\/uploads\/sites\/10\/2025\/09\/nds2025-visuel-web-sans-logos.png 1500w\" sizes=\"auto, (max-width: 771px) 100vw, 771px\" \/><\/figure>\n<\/div>\n<\/div>\n\n\n\n<p>D\u00e9couvrez en vid\u00e9o sur Instagram, trois chercheur\u00b7e\u00b7s Nuit de la science :<\/p>\n\n\n\n<ul class=\"wp-block-list\">\n<li><a href=\"https:\/\/www.instagram.com\/p\/DPD6btGDSfF\/\">Aur\u00e9lie Van Hoye, chercheuse en promotion de<\/a><a href=\"https:\/\/www.instagram.com\/p\/DPD6btGDSfF\/\" target=\"_blank\" rel=\"noreferrer noopener\"> la sant\u00e9 dans le sport<\/a><\/li>\n\n\n\n<li><a href=\"https:\/\/www.instagram.com\/p\/DPB12tUDc_8\/\" target=\"_blank\" rel=\"noreferrer noopener\">Pascale Marang\u00e9, chercheuse en r\u00e9g\u00e9n\u00e9ration industrielle<\/a><\/li>\n\n\n\n<li><a href=\"https:\/\/www.instagram.com\/p\/DO8uqGEDd0E\/\" target=\"_blank\" rel=\"noreferrer noopener\">Franco Terranova, doctorant en informatique<\/a><\/li>\n<\/ul>\n\n\n\n<div style=\"height:30px\" aria-hidden=\"true\" class=\"wp-block-spacer\"><\/div>\n\n\n\n<figure class=\"wp-block-gallery has-nested-images columns-default is-cropped wp-block-gallery-1 is-layout-flex wp-block-gallery-is-layout-flex\">\n<figure class=\"wp-block-image size-large\"><img loading=\"lazy\" decoding=\"async\" width=\"1024\" height=\"768\" data-id=\"7961\" src=\"https:\/\/www.univ-lorraine.fr\/culture\/wp-content\/uploads\/sites\/10\/2025\/09\/photo_nedc_bgeorge-52-1024x768.jpg\" alt=\"\" class=\"wp-image-7961\" srcset=\"https:\/\/www.univ-lorraine.fr\/culture\/wp-content\/uploads\/sites\/10\/2025\/09\/photo_nedc_bgeorge-52-1024x768.jpg 1024w, https:\/\/www.univ-lorraine.fr\/culture\/wp-content\/uploads\/sites\/10\/2025\/09\/photo_nedc_bgeorge-52-300x225.jpg 300w, https:\/\/www.univ-lorraine.fr\/culture\/wp-content\/uploads\/sites\/10\/2025\/09\/photo_nedc_bgeorge-52-768x576.jpg 768w, https:\/\/www.univ-lorraine.fr\/culture\/wp-content\/uploads\/sites\/10\/2025\/09\/photo_nedc_bgeorge-52-1536x1152.jpg 1536w, https:\/\/www.univ-lorraine.fr\/culture\/wp-content\/uploads\/sites\/10\/2025\/09\/photo_nedc_bgeorge-52-2048x1536.jpg 2048w\" sizes=\"auto, (max-width: 1024px) 100vw, 1024px\" \/><\/figure>\n\n\n\n<figure class=\"wp-block-image size-large\"><img loading=\"lazy\" decoding=\"async\" width=\"1024\" height=\"768\" data-id=\"7959\" src=\"https:\/\/www.univ-lorraine.fr\/culture\/wp-content\/uploads\/sites\/10\/2025\/09\/35d6659f-e9ca-4caf-ac48-1d456ef4a28e-1024x768.jpeg\" alt=\"\" class=\"wp-image-7959\" srcset=\"https:\/\/www.univ-lorraine.fr\/culture\/wp-content\/uploads\/sites\/10\/2025\/09\/35d6659f-e9ca-4caf-ac48-1d456ef4a28e-1024x768.jpeg 1024w, https:\/\/www.univ-lorraine.fr\/culture\/wp-content\/uploads\/sites\/10\/2025\/09\/35d6659f-e9ca-4caf-ac48-1d456ef4a28e-300x225.jpeg 300w, https:\/\/www.univ-lorraine.fr\/culture\/wp-content\/uploads\/sites\/10\/2025\/09\/35d6659f-e9ca-4caf-ac48-1d456ef4a28e-768x576.jpeg 768w, https:\/\/www.univ-lorraine.fr\/culture\/wp-content\/uploads\/sites\/10\/2025\/09\/35d6659f-e9ca-4caf-ac48-1d456ef4a28e-1536x1152.jpeg 1536w, https:\/\/www.univ-lorraine.fr\/culture\/wp-content\/uploads\/sites\/10\/2025\/09\/35d6659f-e9ca-4caf-ac48-1d456ef4a28e-2048x1536.jpeg 2048w\" sizes=\"auto, (max-width: 1024px) 100vw, 1024px\" \/><\/figure>\n\n\n\n<figure class=\"wp-block-image size-large\"><img loading=\"lazy\" decoding=\"async\" width=\"1024\" height=\"768\" data-id=\"7960\" src=\"https:\/\/www.univ-lorraine.fr\/culture\/wp-content\/uploads\/sites\/10\/2025\/09\/aa-anne-vicente-9-1024x768.jpg\" alt=\"\" class=\"wp-image-7960\" srcset=\"https:\/\/www.univ-lorraine.fr\/culture\/wp-content\/uploads\/sites\/10\/2025\/09\/aa-anne-vicente-9-1024x768.jpg 1024w, https:\/\/www.univ-lorraine.fr\/culture\/wp-content\/uploads\/sites\/10\/2025\/09\/aa-anne-vicente-9-300x225.jpg 300w, https:\/\/www.univ-lorraine.fr\/culture\/wp-content\/uploads\/sites\/10\/2025\/09\/aa-anne-vicente-9-768x576.jpg 768w, https:\/\/www.univ-lorraine.fr\/culture\/wp-content\/uploads\/sites\/10\/2025\/09\/aa-anne-vicente-9-1536x1152.jpg 1536w, https:\/\/www.univ-lorraine.fr\/culture\/wp-content\/uploads\/sites\/10\/2025\/09\/aa-anne-vicente-9-2048x1536.jpg 2048w\" sizes=\"auto, (max-width: 1024px) 100vw, 1024px\" \/><\/figure>\n\n\n\n<figure class=\"wp-block-image size-large\"><img loading=\"lazy\" decoding=\"async\" width=\"2363\" height=\"1772\" data-id=\"7967\" src=\"https:\/\/www.univ-lorraine.fr\/culture\/wp-content\/uploads\/sites\/10\/2025\/09\/aa-nedc_marion-ligier-10-1.png\" alt=\"\" class=\"wp-image-7967\" srcset=\"https:\/\/www.univ-lorraine.fr\/culture\/wp-content\/uploads\/sites\/10\/2025\/09\/aa-nedc_marion-ligier-10-1.png 2363w, https:\/\/www.univ-lorraine.fr\/culture\/wp-content\/uploads\/sites\/10\/2025\/09\/aa-nedc_marion-ligier-10-1-300x225.png 300w, https:\/\/www.univ-lorraine.fr\/culture\/wp-content\/uploads\/sites\/10\/2025\/09\/aa-nedc_marion-ligier-10-1-1024x768.png 1024w, https:\/\/www.univ-lorraine.fr\/culture\/wp-content\/uploads\/sites\/10\/2025\/09\/aa-nedc_marion-ligier-10-1-768x576.png 768w, https:\/\/www.univ-lorraine.fr\/culture\/wp-content\/uploads\/sites\/10\/2025\/09\/aa-nedc_marion-ligier-10-1-1536x1152.png 1536w, https:\/\/www.univ-lorraine.fr\/culture\/wp-content\/uploads\/sites\/10\/2025\/09\/aa-nedc_marion-ligier-10-1-2048x1536.png 2048w\" sizes=\"auto, (max-width: 2363px) 100vw, 2363px\" \/><\/figure>\n\n\n\n<figure class=\"wp-block-image size-large\"><img loading=\"lazy\" decoding=\"async\" width=\"1024\" height=\"768\" data-id=\"7958\" src=\"https:\/\/www.univ-lorraine.fr\/culture\/wp-content\/uploads\/sites\/10\/2025\/09\/aa-img_20250522_143348-copie-1024x768.jpg\" alt=\"\" class=\"wp-image-7958\" srcset=\"https:\/\/www.univ-lorraine.fr\/culture\/wp-content\/uploads\/sites\/10\/2025\/09\/aa-img_20250522_143348-copie-1024x768.jpg 1024w, https:\/\/www.univ-lorraine.fr\/culture\/wp-content\/uploads\/sites\/10\/2025\/09\/aa-img_20250522_143348-copie-300x225.jpg 300w, https:\/\/www.univ-lorraine.fr\/culture\/wp-content\/uploads\/sites\/10\/2025\/09\/aa-img_20250522_143348-copie-768x576.jpg 768w, https:\/\/www.univ-lorraine.fr\/culture\/wp-content\/uploads\/sites\/10\/2025\/09\/aa-img_20250522_143348-copie-1536x1152.jpg 1536w, https:\/\/www.univ-lorraine.fr\/culture\/wp-content\/uploads\/sites\/10\/2025\/09\/aa-img_20250522_143348-copie-2048x1536.jpg 2048w\" sizes=\"auto, (max-width: 1024px) 100vw, 1024px\" \/><\/figure>\n\n\n\n<figure class=\"wp-block-image size-large\"><img loading=\"lazy\" decoding=\"async\" width=\"1024\" height=\"768\" data-id=\"7962\" src=\"https:\/\/www.univ-lorraine.fr\/culture\/wp-content\/uploads\/sites\/10\/2025\/09\/aa-img_1244-1024x768.jpg\" alt=\"\" class=\"wp-image-7962\" srcset=\"https:\/\/www.univ-lorraine.fr\/culture\/wp-content\/uploads\/sites\/10\/2025\/09\/aa-img_1244-1024x768.jpg 1024w, https:\/\/www.univ-lorraine.fr\/culture\/wp-content\/uploads\/sites\/10\/2025\/09\/aa-img_1244-300x225.jpg 300w, https:\/\/www.univ-lorraine.fr\/culture\/wp-content\/uploads\/sites\/10\/2025\/09\/aa-img_1244-768x576.jpg 768w, https:\/\/www.univ-lorraine.fr\/culture\/wp-content\/uploads\/sites\/10\/2025\/09\/aa-img_1244-1536x1152.jpg 1536w, https:\/\/www.univ-lorraine.fr\/culture\/wp-content\/uploads\/sites\/10\/2025\/09\/aa-img_1244-2048x1536.jpg 2048w\" sizes=\"auto, (max-width: 1024px) 100vw, 1024px\" \/><\/figure>\n\n\n\n<figure class=\"wp-block-image size-large\"><img loading=\"lazy\" decoding=\"async\" width=\"1024\" height=\"768\" data-id=\"7964\" src=\"https:\/\/www.univ-lorraine.fr\/culture\/wp-content\/uploads\/sites\/10\/2025\/09\/img_6595-1024x768.jpg\" alt=\"\" class=\"wp-image-7964\" srcset=\"https:\/\/www.univ-lorraine.fr\/culture\/wp-content\/uploads\/sites\/10\/2025\/09\/img_6595-1024x768.jpg 1024w, https:\/\/www.univ-lorraine.fr\/culture\/wp-content\/uploads\/sites\/10\/2025\/09\/img_6595-300x225.jpg 300w, https:\/\/www.univ-lorraine.fr\/culture\/wp-content\/uploads\/sites\/10\/2025\/09\/img_6595-768x576.jpg 768w, https:\/\/www.univ-lorraine.fr\/culture\/wp-content\/uploads\/sites\/10\/2025\/09\/img_6595-1536x1152.jpg 1536w, https:\/\/www.univ-lorraine.fr\/culture\/wp-content\/uploads\/sites\/10\/2025\/09\/img_6595-2048x1536.jpg 2048w\" sizes=\"auto, (max-width: 1024px) 100vw, 1024px\" \/><\/figure>\n\n\n\n<figure class=\"wp-block-image size-large\"><img loading=\"lazy\" decoding=\"async\" width=\"1024\" height=\"768\" data-id=\"7965\" src=\"https:\/\/www.univ-lorraine.fr\/culture\/wp-content\/uploads\/sites\/10\/2025\/09\/sama-1024x768.jpg\" alt=\"\" class=\"wp-image-7965\" srcset=\"https:\/\/www.univ-lorraine.fr\/culture\/wp-content\/uploads\/sites\/10\/2025\/09\/sama-1024x768.jpg 1024w, https:\/\/www.univ-lorraine.fr\/culture\/wp-content\/uploads\/sites\/10\/2025\/09\/sama-300x225.jpg 300w, https:\/\/www.univ-lorraine.fr\/culture\/wp-content\/uploads\/sites\/10\/2025\/09\/sama-768x576.jpg 768w, https:\/\/www.univ-lorraine.fr\/culture\/wp-content\/uploads\/sites\/10\/2025\/09\/sama.jpg 1190w\" sizes=\"auto, (max-width: 1024px) 100vw, 1024px\" \/><\/figure>\n\n\n\n<figure class=\"wp-block-image size-large\"><img loading=\"lazy\" decoding=\"async\" width=\"1024\" height=\"768\" data-id=\"7966\" src=\"https:\/\/www.univ-lorraine.fr\/culture\/wp-content\/uploads\/sites\/10\/2025\/09\/img_6855-1024x768.jpg\" alt=\"\" class=\"wp-image-7966\" srcset=\"https:\/\/www.univ-lorraine.fr\/culture\/wp-content\/uploads\/sites\/10\/2025\/09\/img_6855-1024x768.jpg 1024w, https:\/\/www.univ-lorraine.fr\/culture\/wp-content\/uploads\/sites\/10\/2025\/09\/img_6855-300x225.jpg 300w, https:\/\/www.univ-lorraine.fr\/culture\/wp-content\/uploads\/sites\/10\/2025\/09\/img_6855-768x576.jpg 768w, https:\/\/www.univ-lorraine.fr\/culture\/wp-content\/uploads\/sites\/10\/2025\/09\/img_6855-1536x1152.jpg 1536w, https:\/\/www.univ-lorraine.fr\/culture\/wp-content\/uploads\/sites\/10\/2025\/09\/img_6855-2048x1536.jpg 2048w\" sizes=\"auto, (max-width: 1024px) 100vw, 1024px\" \/><\/figure>\n<\/figure>\n\n\n\n<div style=\"height:30px\" aria-hidden=\"true\" class=\"wp-block-spacer\"><\/div>\n\n\n\n<figure class=\"wp-block-image size-large is-resized\"><img loading=\"lazy\" decoding=\"async\" width=\"1024\" height=\"191\" src=\"https:\/\/www.univ-lorraine.fr\/culture\/wp-content\/uploads\/sites\/10\/2025\/09\/nds2025-logo-2-lignes-web-1024x191.png\" alt=\"\" class=\"wp-image-7951\" style=\"width:800px\" srcset=\"https:\/\/www.univ-lorraine.fr\/culture\/wp-content\/uploads\/sites\/10\/2025\/09\/nds2025-logo-2-lignes-web-1024x191.png 1024w, https:\/\/www.univ-lorraine.fr\/culture\/wp-content\/uploads\/sites\/10\/2025\/09\/nds2025-logo-2-lignes-web-300x56.png 300w, https:\/\/www.univ-lorraine.fr\/culture\/wp-content\/uploads\/sites\/10\/2025\/09\/nds2025-logo-2-lignes-web-768x144.png 768w, https:\/\/www.univ-lorraine.fr\/culture\/wp-content\/uploads\/sites\/10\/2025\/09\/nds2025-logo-2-lignes-web.png 1091w\" sizes=\"auto, (max-width: 1024px) 100vw, 1024px\" \/><\/figure>\n","protected":false},"excerpt":{"rendered":"<p>La Nuit de la Science ouvre les festivit\u00e9s de la F\u00eate de la Science. Pour cette premi\u00e8re \u00e9dition, la MJC Nomade accueille l\u2019Universit\u00e9 de Lorraine et les organismes de recherche du site lorrain pour mettre en lumi\u00e8re les travaux de recherche actuels. D\u00e9couvrez la science en images, en jeux, en manipulations et en \u00e9motions. Une &#8230; <a title=\"Nuit de la Science\" class=\"read-more\" href=\"https:\/\/www.univ-lorraine.fr\/culture\/culturesci\/fetedelascience\/nuitdelascience\/\" aria-label=\"En savoir plus sur Nuit de la Science\">Lire plus<\/a><\/p>\n","protected":false},"author":560,"featured_media":0,"parent":406,"menu_order":0,"comment_status":"closed","ping_status":"closed","template":"","meta":{"inline_featured_image":false,"footnotes":""},"class_list":["post-7895","page","type-page","status-publish"],"yoast_head":"<!-- This site is optimized with the Yoast SEO plugin v27.4 - https:\/\/yoast.com\/product\/yoast-seo-wordpress\/ -->\n<title>Nuit de la Science - Culture<\/title>\n<meta name=\"robots\" content=\"index, follow, max-snippet:-1, max-image-preview:large, max-video-preview:-1\" \/>\n<link rel=\"canonical\" href=\"https:\/\/www.univ-lorraine.fr\/culture\/culturesci\/fetedelascience\/nuitdelascience\/\" \/>\n<meta property=\"og:locale\" content=\"fr_FR\" \/>\n<meta property=\"og:type\" content=\"article\" \/>\n<meta property=\"og:title\" content=\"Nuit de la Science - Culture\" \/>\n<meta property=\"og:description\" content=\"La Nuit de la Science ouvre les festivit\u00e9s de la F\u00eate de la Science. Pour cette premi\u00e8re \u00e9dition, la MJC Nomade accueille l\u2019Universit\u00e9 de Lorraine et les organismes de recherche du site lorrain pour mettre en lumi\u00e8re les travaux de recherche actuels. D\u00e9couvrez la science en images, en jeux, en manipulations et en \u00e9motions. Une ... Lire plus\" \/>\n<meta property=\"og:url\" content=\"https:\/\/www.univ-lorraine.fr\/culture\/culturesci\/fetedelascience\/nuitdelascience\/\" \/>\n<meta property=\"og:site_name\" content=\"Culture\" \/>\n<meta property=\"article:modified_time\" content=\"2025-09-26T11:23:29+00:00\" \/>\n<meta property=\"og:image\" content=\"https:\/\/www.univ-lorraine.fr\/culture\/wp-content\/uploads\/sites\/10\/2025\/09\/nds2025-visuel-web-sans-logos.png\" \/>\n\t<meta property=\"og:image:width\" content=\"1500\" \/>\n\t<meta property=\"og:image:height\" content=\"1992\" \/>\n\t<meta property=\"og:image:type\" content=\"image\/png\" \/>\n<meta name=\"twitter:card\" content=\"summary_large_image\" \/>\n<meta name=\"twitter:label1\" content=\"Dur\u00e9e de lecture estim\u00e9e\" \/>\n\t<meta name=\"twitter:data1\" content=\"4 minutes\" \/>\n<script type=\"application\/ld+json\" class=\"yoast-schema-graph\">{\"@context\":\"https:\\\/\\\/schema.org\",\"@graph\":[{\"@type\":\"WebPage\",\"@id\":\"https:\\\/\\\/www.univ-lorraine.fr\\\/culture\\\/culturesci\\\/fetedelascience\\\/nuitdelascience\\\/\",\"url\":\"https:\\\/\\\/www.univ-lorraine.fr\\\/culture\\\/culturesci\\\/fetedelascience\\\/nuitdelascience\\\/\",\"name\":\"Nuit de la Science - Culture\",\"isPartOf\":{\"@id\":\"https:\\\/\\\/www.univ-lorraine.fr\\\/culture\\\/#website\"},\"primaryImageOfPage\":{\"@id\":\"https:\\\/\\\/www.univ-lorraine.fr\\\/culture\\\/culturesci\\\/fetedelascience\\\/nuitdelascience\\\/#primaryimage\"},\"image\":{\"@id\":\"https:\\\/\\\/www.univ-lorraine.fr\\\/culture\\\/culturesci\\\/fetedelascience\\\/nuitdelascience\\\/#primaryimage\"},\"thumbnailUrl\":\"https:\\\/\\\/www.univ-lorraine.fr\\\/culture\\\/wp-content\\\/uploads\\\/sites\\\/10\\\/2025\\\/09\\\/nds2025-visuel-web-sans-logos-771x1024.png\",\"datePublished\":\"2025-07-18T09:01:18+00:00\",\"dateModified\":\"2025-09-26T11:23:29+00:00\",\"breadcrumb\":{\"@id\":\"https:\\\/\\\/www.univ-lorraine.fr\\\/culture\\\/culturesci\\\/fetedelascience\\\/nuitdelascience\\\/#breadcrumb\"},\"inLanguage\":\"fr-FR\",\"potentialAction\":[{\"@type\":\"ReadAction\",\"target\":[\"https:\\\/\\\/www.univ-lorraine.fr\\\/culture\\\/culturesci\\\/fetedelascience\\\/nuitdelascience\\\/\"]}]},{\"@type\":\"ImageObject\",\"inLanguage\":\"fr-FR\",\"@id\":\"https:\\\/\\\/www.univ-lorraine.fr\\\/culture\\\/culturesci\\\/fetedelascience\\\/nuitdelascience\\\/#primaryimage\",\"url\":\"https:\\\/\\\/www.univ-lorraine.fr\\\/culture\\\/wp-content\\\/uploads\\\/sites\\\/10\\\/2025\\\/09\\\/nds2025-visuel-web-sans-logos.png\",\"contentUrl\":\"https:\\\/\\\/www.univ-lorraine.fr\\\/culture\\\/wp-content\\\/uploads\\\/sites\\\/10\\\/2025\\\/09\\\/nds2025-visuel-web-sans-logos.png\",\"width\":1500,\"height\":1992},{\"@type\":\"BreadcrumbList\",\"@id\":\"https:\\\/\\\/www.univ-lorraine.fr\\\/culture\\\/culturesci\\\/fetedelascience\\\/nuitdelascience\\\/#breadcrumb\",\"itemListElement\":[{\"@type\":\"ListItem\",\"position\":1,\"name\":\"Accueil\",\"item\":\"https:\\\/\\\/www.univ-lorraine.fr\\\/culture\\\/\"},{\"@type\":\"ListItem\",\"position\":2,\"name\":\"Science Avec et Pour la Soci\u00e9t\u00e9\",\"item\":\"https:\\\/\\\/www.univ-lorraine.fr\\\/culture\\\/culturesci\\\/\"},{\"@type\":\"ListItem\",\"position\":3,\"name\":\"F\u00eate de la science\",\"item\":\"https:\\\/\\\/www.univ-lorraine.fr\\\/culture\\\/culturesci\\\/fetedelascience\\\/\"},{\"@type\":\"ListItem\",\"position\":4,\"name\":\"Nuit de la Science\"}]},{\"@type\":\"WebSite\",\"@id\":\"https:\\\/\\\/www.univ-lorraine.fr\\\/culture\\\/#website\",\"url\":\"https:\\\/\\\/www.univ-lorraine.fr\\\/culture\\\/\",\"name\":\"Culture\",\"description\":\"\",\"publisher\":{\"@id\":\"https:\\\/\\\/www.univ-lorraine.fr\\\/culture\\\/#organization\"},\"potentialAction\":[{\"@type\":\"SearchAction\",\"target\":{\"@type\":\"EntryPoint\",\"urlTemplate\":\"https:\\\/\\\/www.univ-lorraine.fr\\\/culture\\\/?s={search_term_string}\"},\"query-input\":{\"@type\":\"PropertyValueSpecification\",\"valueRequired\":true,\"valueName\":\"search_term_string\"}}],\"inLanguage\":\"fr-FR\"},{\"@type\":\"Organization\",\"@id\":\"https:\\\/\\\/www.univ-lorraine.fr\\\/culture\\\/#organization\",\"name\":\"Universit\u00e9 de Lorraine\",\"url\":\"https:\\\/\\\/www.univ-lorraine.fr\\\/culture\\\/\",\"logo\":{\"@type\":\"ImageObject\",\"inLanguage\":\"fr-FR\",\"@id\":\"https:\\\/\\\/www.univ-lorraine.fr\\\/culture\\\/#\\\/schema\\\/logo\\\/image\\\/\",\"url\":\"https:\\\/\\\/www.univ-lorraine.fr\\\/culture\\\/wp-content\\\/uploads\\\/sites\\\/10\\\/2021\\\/01\\\/LOGO_UL.png\",\"contentUrl\":\"https:\\\/\\\/www.univ-lorraine.fr\\\/culture\\\/wp-content\\\/uploads\\\/sites\\\/10\\\/2021\\\/01\\\/LOGO_UL.png\",\"width\":138,\"height\":48,\"caption\":\"Universit\u00e9 de Lorraine\"},\"image\":{\"@id\":\"https:\\\/\\\/www.univ-lorraine.fr\\\/culture\\\/#\\\/schema\\\/logo\\\/image\\\/\"}}]}<\/script>\n<!-- \/ Yoast SEO plugin. -->","yoast_head_json":{"title":"Nuit de la Science - Culture","robots":{"index":"index","follow":"follow","max-snippet":"max-snippet:-1","max-image-preview":"max-image-preview:large","max-video-preview":"max-video-preview:-1"},"canonical":"https:\/\/www.univ-lorraine.fr\/culture\/culturesci\/fetedelascience\/nuitdelascience\/","og_locale":"fr_FR","og_type":"article","og_title":"Nuit de la Science - Culture","og_description":"La Nuit de la Science ouvre les festivit\u00e9s de la F\u00eate de la Science. Pour cette premi\u00e8re \u00e9dition, la MJC Nomade accueille l\u2019Universit\u00e9 de Lorraine et les organismes de recherche du site lorrain pour mettre en lumi\u00e8re les travaux de recherche actuels. D\u00e9couvrez la science en images, en jeux, en manipulations et en \u00e9motions. Une ... Lire plus","og_url":"https:\/\/www.univ-lorraine.fr\/culture\/culturesci\/fetedelascience\/nuitdelascience\/","og_site_name":"Culture","article_modified_time":"2025-09-26T11:23:29+00:00","og_image":[{"width":1500,"height":1992,"url":"https:\/\/www.univ-lorraine.fr\/culture\/wp-content\/uploads\/sites\/10\/2025\/09\/nds2025-visuel-web-sans-logos.png","type":"image\/png"}],"twitter_card":"summary_large_image","twitter_misc":{"Dur\u00e9e de lecture estim\u00e9e":"4 minutes"},"schema":{"@context":"https:\/\/schema.org","@graph":[{"@type":"WebPage","@id":"https:\/\/www.univ-lorraine.fr\/culture\/culturesci\/fetedelascience\/nuitdelascience\/","url":"https:\/\/www.univ-lorraine.fr\/culture\/culturesci\/fetedelascience\/nuitdelascience\/","name":"Nuit de la Science - Culture","isPartOf":{"@id":"https:\/\/www.univ-lorraine.fr\/culture\/#website"},"primaryImageOfPage":{"@id":"https:\/\/www.univ-lorraine.fr\/culture\/culturesci\/fetedelascience\/nuitdelascience\/#primaryimage"},"image":{"@id":"https:\/\/www.univ-lorraine.fr\/culture\/culturesci\/fetedelascience\/nuitdelascience\/#primaryimage"},"thumbnailUrl":"https:\/\/www.univ-lorraine.fr\/culture\/wp-content\/uploads\/sites\/10\/2025\/09\/nds2025-visuel-web-sans-logos-771x1024.png","datePublished":"2025-07-18T09:01:18+00:00","dateModified":"2025-09-26T11:23:29+00:00","breadcrumb":{"@id":"https:\/\/www.univ-lorraine.fr\/culture\/culturesci\/fetedelascience\/nuitdelascience\/#breadcrumb"},"inLanguage":"fr-FR","potentialAction":[{"@type":"ReadAction","target":["https:\/\/www.univ-lorraine.fr\/culture\/culturesci\/fetedelascience\/nuitdelascience\/"]}]},{"@type":"ImageObject","inLanguage":"fr-FR","@id":"https:\/\/www.univ-lorraine.fr\/culture\/culturesci\/fetedelascience\/nuitdelascience\/#primaryimage","url":"https:\/\/www.univ-lorraine.fr\/culture\/wp-content\/uploads\/sites\/10\/2025\/09\/nds2025-visuel-web-sans-logos.png","contentUrl":"https:\/\/www.univ-lorraine.fr\/culture\/wp-content\/uploads\/sites\/10\/2025\/09\/nds2025-visuel-web-sans-logos.png","width":1500,"height":1992},{"@type":"BreadcrumbList","@id":"https:\/\/www.univ-lorraine.fr\/culture\/culturesci\/fetedelascience\/nuitdelascience\/#breadcrumb","itemListElement":[{"@type":"ListItem","position":1,"name":"Accueil","item":"https:\/\/www.univ-lorraine.fr\/culture\/"},{"@type":"ListItem","position":2,"name":"Science Avec et Pour la Soci\u00e9t\u00e9","item":"https:\/\/www.univ-lorraine.fr\/culture\/culturesci\/"},{"@type":"ListItem","position":3,"name":"F\u00eate de la science","item":"https:\/\/www.univ-lorraine.fr\/culture\/culturesci\/fetedelascience\/"},{"@type":"ListItem","position":4,"name":"Nuit de la Science"}]},{"@type":"WebSite","@id":"https:\/\/www.univ-lorraine.fr\/culture\/#website","url":"https:\/\/www.univ-lorraine.fr\/culture\/","name":"Culture","description":"","publisher":{"@id":"https:\/\/www.univ-lorraine.fr\/culture\/#organization"},"potentialAction":[{"@type":"SearchAction","target":{"@type":"EntryPoint","urlTemplate":"https:\/\/www.univ-lorraine.fr\/culture\/?s={search_term_string}"},"query-input":{"@type":"PropertyValueSpecification","valueRequired":true,"valueName":"search_term_string"}}],"inLanguage":"fr-FR"},{"@type":"Organization","@id":"https:\/\/www.univ-lorraine.fr\/culture\/#organization","name":"Universit\u00e9 de Lorraine","url":"https:\/\/www.univ-lorraine.fr\/culture\/","logo":{"@type":"ImageObject","inLanguage":"fr-FR","@id":"https:\/\/www.univ-lorraine.fr\/culture\/#\/schema\/logo\/image\/","url":"https:\/\/www.univ-lorraine.fr\/culture\/wp-content\/uploads\/sites\/10\/2021\/01\/LOGO_UL.png","contentUrl":"https:\/\/www.univ-lorraine.fr\/culture\/wp-content\/uploads\/sites\/10\/2021\/01\/LOGO_UL.png","width":138,"height":48,"caption":"Universit\u00e9 de Lorraine"},"image":{"@id":"https:\/\/www.univ-lorraine.fr\/culture\/#\/schema\/logo\/image\/"}}]}},"_links":{"self":[{"href":"https:\/\/www.univ-lorraine.fr\/culture\/wp-json\/wp\/v2\/pages\/7895","targetHints":{"allow":["GET"]}}],"collection":[{"href":"https:\/\/www.univ-lorraine.fr\/culture\/wp-json\/wp\/v2\/pages"}],"about":[{"href":"https:\/\/www.univ-lorraine.fr\/culture\/wp-json\/wp\/v2\/types\/page"}],"author":[{"embeddable":true,"href":"https:\/\/www.univ-lorraine.fr\/culture\/wp-json\/wp\/v2\/users\/560"}],"replies":[{"embeddable":true,"href":"https:\/\/www.univ-lorraine.fr\/culture\/wp-json\/wp\/v2\/comments?post=7895"}],"version-history":[{"count":12,"href":"https:\/\/www.univ-lorraine.fr\/culture\/wp-json\/wp\/v2\/pages\/7895\/revisions"}],"predecessor-version":[{"id":8908,"href":"https:\/\/www.univ-lorraine.fr\/culture\/wp-json\/wp\/v2\/pages\/7895\/revisions\/8908"}],"up":[{"embeddable":true,"href":"https:\/\/www.univ-lorraine.fr\/culture\/wp-json\/wp\/v2\/pages\/406"}],"wp:attachment":[{"href":"https:\/\/www.univ-lorraine.fr\/culture\/wp-json\/wp\/v2\/media?parent=7895"}],"curies":[{"name":"wp","href":"https:\/\/api.w.org\/{rel}","templated":true}]}}