{"id":1030,"date":"2022-03-30T17:03:17","date_gmt":"2022-03-30T15:03:17","guid":{"rendered":"https:\/\/www.univ-lorraine.fr\/egalite-diversite-inclusion\/?page_id=1030"},"modified":"2023-01-04T14:34:57","modified_gmt":"2023-01-04T13:34:57","slug":"liste-des-associations","status":"publish","type":"page","link":"https:\/\/www.univ-lorraine.fr\/egalite-diversite-inclusion\/liste-des-associations\/","title":{"rendered":"Liste des associations"},"content":{"rendered":"\n<p>Retrouvez la liste des associations \u00e9tudiantes labellis\u00e9es par l&rsquo;Universit\u00e9 de Lorraine sur <a href=\"https:\/\/www.univ-lorraine.fr\/initiatives-etudiantes\/\" target=\"_blank\" rel=\"noreferrer noopener\">le site des initiatives \u00e9tudiantes<\/a>. Une recherche est possible par ville et centres d\u2019int\u00e9r\u00eat.<\/p>\n\n\n<div class=\"gb-container gb-container-747d6bfc asso-ul\"><div class=\"gb-inside-container\">\n\n<iframe src=\"https:\/\/asso-ul.univ-lorraine.fr\/public\/recherche?theme=8\" title=\"Annuaire des associations de l'Universit\u00e9 de Lorraine\">\n<\/iframe>\n\n<\/div><\/div>","protected":false},"excerpt":{"rendered":"<p>Retrouvez la liste des associations \u00e9tudiantes labellis\u00e9es par l&rsquo;Universit\u00e9 de Lorraine sur le site des initiatives \u00e9tudiantes. Une recherche est possible par ville et centres d\u2019int\u00e9r\u00eat.<\/p>\n","protected":false},"author":88,"featured_media":0,"parent":0,"menu_order":0,"comment_status":"closed","ping_status":"closed","template":"","meta":{"inline_featured_image":false,"footnotes":""},"class_list":["post-1030","page","type-page","status-publish"],"yoast_head":"<!-- This site is optimized with the Yoast SEO plugin v27.4 - https:\/\/yoast.com\/product\/yoast-seo-wordpress\/ -->\n<title>Liste des associations - Egalit\u00e9 diversit\u00e9 Inclusion<\/title>\n<meta name=\"description\" content=\"Retrouvez la liste des associations \u00e9tudiantes labellis\u00e9es par l&#039;Universit\u00e9 de Lorraine engag\u00e9es sur les th\u00e9matiques de l&#039;EDI.\" \/>\n<meta name=\"robots\" content=\"index, follow, max-snippet:-1, max-image-preview:large, max-video-preview:-1\" \/>\n<link rel=\"canonical\" href=\"https:\/\/www.univ-lorraine.fr\/egalite-diversite-inclusion\/liste-des-associations\/\" \/>\n<meta property=\"og:locale\" content=\"fr_FR\" \/>\n<meta property=\"og:type\" content=\"article\" \/>\n<meta property=\"og:title\" content=\"Liste des associations - Egalit\u00e9 diversit\u00e9 Inclusion\" \/>\n<meta property=\"og:description\" content=\"Retrouvez la liste des associations \u00e9tudiantes labellis\u00e9es par l&#039;Universit\u00e9 de Lorraine engag\u00e9es sur les th\u00e9matiques de l&#039;EDI.\" \/>\n<meta property=\"og:url\" content=\"https:\/\/www.univ-lorraine.fr\/egalite-diversite-inclusion\/liste-des-associations\/\" \/>\n<meta property=\"og:site_name\" content=\"Egalit\u00e9 diversit\u00e9 Inclusion\" \/>\n<meta property=\"article:modified_time\" content=\"2023-01-04T13:34:57+00:00\" \/>\n<meta name=\"twitter:card\" content=\"summary_large_image\" \/>\n<meta name=\"twitter:label1\" content=\"Dur\u00e9e de lecture estim\u00e9e\" \/>\n\t<meta name=\"twitter:data1\" content=\"1 minute\" \/>\n<script type=\"application\/ld+json\" class=\"yoast-schema-graph\">{\"@context\":\"https:\\\/\\\/schema.org\",\"@graph\":[{\"@type\":\"WebPage\",\"@id\":\"https:\\\/\\\/www.univ-lorraine.fr\\\/egalite-diversite-inclusion\\\/liste-des-associations\\\/\",\"url\":\"https:\\\/\\\/www.univ-lorraine.fr\\\/egalite-diversite-inclusion\\\/liste-des-associations\\\/\",\"name\":\"Liste des associations - Egalit\u00e9 diversit\u00e9 Inclusion\",\"isPartOf\":{\"@id\":\"https:\\\/\\\/www.univ-lorraine.fr\\\/egalite-diversite-inclusion\\\/#website\"},\"datePublished\":\"2022-03-30T15:03:17+00:00\",\"dateModified\":\"2023-01-04T13:34:57+00:00\",\"description\":\"Retrouvez la liste des associations \u00e9tudiantes labellis\u00e9es par l'Universit\u00e9 de Lorraine engag\u00e9es sur les th\u00e9matiques de l'EDI.\",\"breadcrumb\":{\"@id\":\"https:\\\/\\\/www.univ-lorraine.fr\\\/egalite-diversite-inclusion\\\/liste-des-associations\\\/#breadcrumb\"},\"inLanguage\":\"fr-FR\",\"potentialAction\":[{\"@type\":\"ReadAction\",\"target\":[\"https:\\\/\\\/www.univ-lorraine.fr\\\/egalite-diversite-inclusion\\\/liste-des-associations\\\/\"]}]},{\"@type\":\"BreadcrumbList\",\"@id\":\"https:\\\/\\\/www.univ-lorraine.fr\\\/egalite-diversite-inclusion\\\/liste-des-associations\\\/#breadcrumb\",\"itemListElement\":[{\"@type\":\"ListItem\",\"position\":1,\"name\":\"Accueil\",\"item\":\"https:\\\/\\\/www.univ-lorraine.fr\\\/egalite-diversite-inclusion\\\/\"},{\"@type\":\"ListItem\",\"position\":2,\"name\":\"Liste des associations\"}]},{\"@type\":\"WebSite\",\"@id\":\"https:\\\/\\\/www.univ-lorraine.fr\\\/egalite-diversite-inclusion\\\/#website\",\"url\":\"https:\\\/\\\/www.univ-lorraine.fr\\\/egalite-diversite-inclusion\\\/\",\"name\":\"Egalit\u00e9 diversit\u00e9 Inclusion\",\"description\":\"\",\"publisher\":{\"@id\":\"https:\\\/\\\/www.univ-lorraine.fr\\\/egalite-diversite-inclusion\\\/#organization\"},\"potentialAction\":[{\"@type\":\"SearchAction\",\"target\":{\"@type\":\"EntryPoint\",\"urlTemplate\":\"https:\\\/\\\/www.univ-lorraine.fr\\\/egalite-diversite-inclusion\\\/?s={search_term_string}\"},\"query-input\":{\"@type\":\"PropertyValueSpecification\",\"valueRequired\":true,\"valueName\":\"search_term_string\"}}],\"inLanguage\":\"fr-FR\"},{\"@type\":\"Organization\",\"@id\":\"https:\\\/\\\/www.univ-lorraine.fr\\\/egalite-diversite-inclusion\\\/#organization\",\"name\":\"Egalit\u00e9 diversit\u00e9 Inclusion\",\"url\":\"https:\\\/\\\/www.univ-lorraine.fr\\\/egalite-diversite-inclusion\\\/\",\"logo\":{\"@type\":\"ImageObject\",\"inLanguage\":\"fr-FR\",\"@id\":\"https:\\\/\\\/www.univ-lorraine.fr\\\/egalite-diversite-inclusion\\\/#\\\/schema\\\/logo\\\/image\\\/\",\"url\":\"https:\\\/\\\/www.univ-lorraine.fr\\\/egalite-diversite-inclusion\\\/wp-content\\\/uploads\\\/sites\\\/36\\\/2022\\\/04\\\/ulsengage-2.png\",\"contentUrl\":\"https:\\\/\\\/www.univ-lorraine.fr\\\/egalite-diversite-inclusion\\\/wp-content\\\/uploads\\\/sites\\\/36\\\/2022\\\/04\\\/ulsengage-2.png\",\"width\":812,\"height\":287,\"caption\":\"Egalit\u00e9 diversit\u00e9 Inclusion\"},\"image\":{\"@id\":\"https:\\\/\\\/www.univ-lorraine.fr\\\/egalite-diversite-inclusion\\\/#\\\/schema\\\/logo\\\/image\\\/\"}}]}<\/script>\n<!-- \/ Yoast SEO plugin. -->","yoast_head_json":{"title":"Liste des associations - Egalit\u00e9 diversit\u00e9 Inclusion","description":"Retrouvez la liste des associations \u00e9tudiantes labellis\u00e9es par l'Universit\u00e9 de Lorraine engag\u00e9es sur les th\u00e9matiques de l'EDI.","robots":{"index":"index","follow":"follow","max-snippet":"max-snippet:-1","max-image-preview":"max-image-preview:large","max-video-preview":"max-video-preview:-1"},"canonical":"https:\/\/www.univ-lorraine.fr\/egalite-diversite-inclusion\/liste-des-associations\/","og_locale":"fr_FR","og_type":"article","og_title":"Liste des associations - Egalit\u00e9 diversit\u00e9 Inclusion","og_description":"Retrouvez la liste des associations \u00e9tudiantes labellis\u00e9es par l'Universit\u00e9 de Lorraine engag\u00e9es sur les th\u00e9matiques de l'EDI.","og_url":"https:\/\/www.univ-lorraine.fr\/egalite-diversite-inclusion\/liste-des-associations\/","og_site_name":"Egalit\u00e9 diversit\u00e9 Inclusion","article_modified_time":"2023-01-04T13:34:57+00:00","twitter_card":"summary_large_image","twitter_misc":{"Dur\u00e9e de lecture estim\u00e9e":"1 minute"},"schema":{"@context":"https:\/\/schema.org","@graph":[{"@type":"WebPage","@id":"https:\/\/www.univ-lorraine.fr\/egalite-diversite-inclusion\/liste-des-associations\/","url":"https:\/\/www.univ-lorraine.fr\/egalite-diversite-inclusion\/liste-des-associations\/","name":"Liste des associations - Egalit\u00e9 diversit\u00e9 Inclusion","isPartOf":{"@id":"https:\/\/www.univ-lorraine.fr\/egalite-diversite-inclusion\/#website"},"datePublished":"2022-03-30T15:03:17+00:00","dateModified":"2023-01-04T13:34:57+00:00","description":"Retrouvez la liste des associations \u00e9tudiantes labellis\u00e9es par l'Universit\u00e9 de Lorraine engag\u00e9es sur les th\u00e9matiques de l'EDI.","breadcrumb":{"@id":"https:\/\/www.univ-lorraine.fr\/egalite-diversite-inclusion\/liste-des-associations\/#breadcrumb"},"inLanguage":"fr-FR","potentialAction":[{"@type":"ReadAction","target":["https:\/\/www.univ-lorraine.fr\/egalite-diversite-inclusion\/liste-des-associations\/"]}]},{"@type":"BreadcrumbList","@id":"https:\/\/www.univ-lorraine.fr\/egalite-diversite-inclusion\/liste-des-associations\/#breadcrumb","itemListElement":[{"@type":"ListItem","position":1,"name":"Accueil","item":"https:\/\/www.univ-lorraine.fr\/egalite-diversite-inclusion\/"},{"@type":"ListItem","position":2,"name":"Liste des associations"}]},{"@type":"WebSite","@id":"https:\/\/www.univ-lorraine.fr\/egalite-diversite-inclusion\/#website","url":"https:\/\/www.univ-lorraine.fr\/egalite-diversite-inclusion\/","name":"Egalit\u00e9 diversit\u00e9 Inclusion","description":"","publisher":{"@id":"https:\/\/www.univ-lorraine.fr\/egalite-diversite-inclusion\/#organization"},"potentialAction":[{"@type":"SearchAction","target":{"@type":"EntryPoint","urlTemplate":"https:\/\/www.univ-lorraine.fr\/egalite-diversite-inclusion\/?s={search_term_string}"},"query-input":{"@type":"PropertyValueSpecification","valueRequired":true,"valueName":"search_term_string"}}],"inLanguage":"fr-FR"},{"@type":"Organization","@id":"https:\/\/www.univ-lorraine.fr\/egalite-diversite-inclusion\/#organization","name":"Egalit\u00e9 diversit\u00e9 Inclusion","url":"https:\/\/www.univ-lorraine.fr\/egalite-diversite-inclusion\/","logo":{"@type":"ImageObject","inLanguage":"fr-FR","@id":"https:\/\/www.univ-lorraine.fr\/egalite-diversite-inclusion\/#\/schema\/logo\/image\/","url":"https:\/\/www.univ-lorraine.fr\/egalite-diversite-inclusion\/wp-content\/uploads\/sites\/36\/2022\/04\/ulsengage-2.png","contentUrl":"https:\/\/www.univ-lorraine.fr\/egalite-diversite-inclusion\/wp-content\/uploads\/sites\/36\/2022\/04\/ulsengage-2.png","width":812,"height":287,"caption":"Egalit\u00e9 diversit\u00e9 Inclusion"},"image":{"@id":"https:\/\/www.univ-lorraine.fr\/egalite-diversite-inclusion\/#\/schema\/logo\/image\/"}}]}},"_links":{"self":[{"href":"https:\/\/www.univ-lorraine.fr\/egalite-diversite-inclusion\/wp-json\/wp\/v2\/pages\/1030","targetHints":{"allow":["GET"]}}],"collection":[{"href":"https:\/\/www.univ-lorraine.fr\/egalite-diversite-inclusion\/wp-json\/wp\/v2\/pages"}],"about":[{"href":"https:\/\/www.univ-lorraine.fr\/egalite-diversite-inclusion\/wp-json\/wp\/v2\/types\/page"}],"author":[{"embeddable":true,"href":"https:\/\/www.univ-lorraine.fr\/egalite-diversite-inclusion\/wp-json\/wp\/v2\/users\/88"}],"replies":[{"embeddable":true,"href":"https:\/\/www.univ-lorraine.fr\/egalite-diversite-inclusion\/wp-json\/wp\/v2\/comments?post=1030"}],"version-history":[{"count":10,"href":"https:\/\/www.univ-lorraine.fr\/egalite-diversite-inclusion\/wp-json\/wp\/v2\/pages\/1030\/revisions"}],"predecessor-version":[{"id":1376,"href":"https:\/\/www.univ-lorraine.fr\/egalite-diversite-inclusion\/wp-json\/wp\/v2\/pages\/1030\/revisions\/1376"}],"wp:attachment":[{"href":"https:\/\/www.univ-lorraine.fr\/egalite-diversite-inclusion\/wp-json\/wp\/v2\/media?parent=1030"}],"curies":[{"name":"wp","href":"https:\/\/api.w.org\/{rel}","templated":true}]}}