{"id":1032,"date":"2022-03-30T17:03:43","date_gmt":"2022-03-30T15:03:43","guid":{"rendered":"https:\/\/www.univ-lorraine.fr\/egalite-diversite-inclusion\/?page_id=1032"},"modified":"2025-06-26T09:07:23","modified_gmt":"2025-06-26T07:07:23","slug":"formation","status":"publish","type":"page","link":"https:\/\/www.univ-lorraine.fr\/egalite-diversite-inclusion\/formation\/","title":{"rendered":"Formation"},"content":{"rendered":"\n<h3 class=\"gb-headline gb-headline-bbc5effb gb-headline-text\">Lutter contre les discriminations, un cours disponible sur Arche<\/h3>\n\n\n\n<div class=\"wp-block-columns is-layout-flex wp-container-core-columns-is-layout-9d6595d7 wp-block-columns-is-layout-flex\">\n<div class=\"wp-block-column is-layout-flow wp-block-column-is-layout-flow\" style=\"flex-basis:33.33%\">\n<p>Le cours <em>\u00c9galit\u00e9, diversit\u00e9, inclusion &#8211; Lutter contre les discriminations<\/em> est accessible par l\u2019ensemble de la communaut\u00e9 universitaire sur Arche. A travers des vid\u00e9os et des fiches pratiques, d\u00e9couvrez les diff\u00e9rentes formes de discriminations et les leviers d&rsquo;actions pour vivre-ensemble dans le respect mutuel et l\u2019acceptation des diff\u00e9rences.<\/p>\n<\/div>\n\n\n\n<div class=\"wp-block-column is-layout-flow wp-block-column-is-layout-flow\" style=\"flex-basis:66.66%\"><div class=\"wp-block-image\">\n<figure class=\"aligncenter size-full is-resized\"><img loading=\"lazy\" decoding=\"async\" width=\"930\" height=\"645\" src=\"https:\/\/www.univ-lorraine.fr\/egalite-diversite-inclusion\/wp-content\/uploads\/sites\/36\/2022\/04\/Image-Espace-EDI.png\" alt=\"Page d'accueil de l'espace EDI sur ARCHE\" class=\"wp-image-1164\" style=\"width:404px;height:280px\" srcset=\"https:\/\/www.univ-lorraine.fr\/egalite-diversite-inclusion\/wp-content\/uploads\/sites\/36\/2022\/04\/Image-Espace-EDI.png 930w, https:\/\/www.univ-lorraine.fr\/egalite-diversite-inclusion\/wp-content\/uploads\/sites\/36\/2022\/04\/Image-Espace-EDI-300x208.png 300w, https:\/\/www.univ-lorraine.fr\/egalite-diversite-inclusion\/wp-content\/uploads\/sites\/36\/2022\/04\/Image-Espace-EDI-768x533.png 768w\" sizes=\"auto, (max-width: 930px) 100vw, 930px\" \/><\/figure>\n<\/div><\/div>\n<\/div>\n\n\n\n<div class=\"wp-block-buttons is-content-justification-center is-layout-flex wp-container-core-buttons-is-layout-16018d1d wp-block-buttons-is-layout-flex\">\n<div class=\"wp-block-button\"><a class=\"wp-block-button__link wp-element-button\" href=\"https:\/\/arche.univ-lorraine.fr\/course\/view.php?id=49399\" target=\"_blank\" rel=\"noreferrer noopener\">J&rsquo;acc\u00e8de au cours (\u00e9tudiant\u00b7es et personnels de l&rsquo;Universit\u00e9 de Lorraine uniquement)<\/a><\/div>\n<\/div>\n\n\n\n<h3 class=\"gb-headline gb-headline-39379c34 gb-headline-text\">E-learning : Agir contre les violences sexistes et sexuelles dans l\u2019enseignement sup\u00e9rieur<\/h3>\n\n\n\n<p class=\"gb-headline gb-headline-5fc5991c gb-headline-text\">L\u2019Universit\u00e9 de Lorraine a produit un e-learning pour agir contre les violences sexistes et sexuelles (VSS) dans l\u2019enseignement sup\u00e9rieur.<\/p>\n\n\n\n<div class=\"wp-block-columns is-layout-flex wp-container-core-columns-is-layout-9d6595d7 wp-block-columns-is-layout-flex\">\n<div class=\"wp-block-column is-layout-flow wp-block-column-is-layout-flow\"><\/div>\n<\/div>\n\n\n<div class=\"gb-container gb-container-c38b7f9c\"><div class=\"gb-inside-container\">\n<div class=\"gb-grid-wrapper gb-grid-wrapper-b13f6e98\">\n<div class=\"gb-grid-column gb-grid-column-592f341a\"><div class=\"gb-container gb-container-592f341a\"><div class=\"gb-inside-container\">\n\n<p class=\"gb-headline gb-headline-c900e7f6 gb-headline-text\">Les violences sexistes et sexuelles sont pr\u00e9sentes aussi bien dans la soci\u00e9t\u00e9 que dans l\u2019enseignement sup\u00e9rieur. A travers cet e-learning, l\u2019Universit\u00e9 de Lorraine souhaite agir contre les discriminations de genre et de sexe et apporter une r\u00e9ponse efficace \u00e0 l\u2019ensemble de la communaut\u00e9 universitaire pour les pr\u00e9venir. <br>C\u2019est aussi l\u2019occasion pour l\u2019\u00e9tablissement de r\u00e9affirmer sa volont\u00e9 de lutter contre toutes les formes de violences sexistes et sexuelles au sein de l\u2019\u00e9tablissement.<\/p>\n\n<\/div><\/div><\/div>\n\n<div class=\"gb-grid-column gb-grid-column-b8569aa8\"><div class=\"gb-container gb-container-b8569aa8\"><div class=\"gb-inside-container\">\n\n<figure class=\"wp-block-embed is-type-rich is-provider-prise-en-charge-des-contenus-embarqu-s wp-block-embed-prise-en-charge-des-contenus-embarqu-s wp-embed-aspect-16-9 wp-has-aspect-ratio\"><div class=\"wp-block-embed__wrapper\">\n<iframe loading=\"lazy\" title=\"Teaser E-learning : Agir contre les violences sexistes et sexuelles dans l\u2019enseignement sup\u00e9rieur\" width=\"1200\" height=\"675\" src=\"https:\/\/www.youtube.com\/embed\/mZsDBIPoMLI?feature=oembed\" frameborder=\"0\" allow=\"accelerometer; autoplay; clipboard-write; encrypted-media; gyroscope; picture-in-picture; web-share\" referrerpolicy=\"strict-origin-when-cross-origin\" allowfullscreen><\/iframe>\n<\/div><\/figure>\n\n<\/div><\/div><\/div>\n<\/div>\n<\/div><\/div>\n\n\n<p class=\"gb-headline gb-headline-df87e0b3 gb-headline-text\">Destin\u00e9 \u00e0 toute la communaut\u00e9 universitaire, cet e-learning a \u00e9t\u00e9 pens\u00e9 pour s\u2019adapter \u00e0 tous les public de l\u2019enseignement sup\u00e9rieur et de la recherche : les \u00e9tudiant\u00b7es, les doctorant\u00b7es, le personnel administratif et technique, les enseignant\u00b7es et enseignant\u00b7es-chercheur\u00b7ses.<\/p>\n\n\n\n<div class=\"wp-block-buttons is-content-justification-center is-layout-flex wp-container-core-buttons-is-layout-16018d1d wp-block-buttons-is-layout-flex\">\n<div class=\"wp-block-button\"><a class=\"wp-block-button__link wp-element-button\" href=\"https:\/\/arche.univ-lorraine.fr\/course\/view.php?id=49399\" target=\"_blank\" rel=\"noreferrer noopener\">J&rsquo;acc\u00e8de au e-learning (\u00e9tudiant\u00b7es et personnels de l&rsquo;Universit\u00e9 de Lorraine uniquement)<\/a><\/div>\n<\/div>\n\n\n\n<div style=\"height:54px\" aria-hidden=\"true\" class=\"wp-block-spacer\"><\/div>\n\n\n\n<p><\/p>\n\n\n\n<h3 class=\"gb-headline gb-headline-f6f5ab0a gb-headline-text\">SENSE : le module pour comprendre les enjeux soci\u00e9taux et environnementaux<\/h3>\n\n\n\n<p><strong>SENSE<\/strong> est un certificat en ligne obligatoire qui permet de former les \u00e9tudiant\u00b7es en Licence, BUT, Licence pro ou DEUST \u00e0 des comp\u00e9tences en lien avec les principaux d\u00e9fis environnementaux et soci\u00e9taux de notre temps. En particulier, les probl\u00e9matiques li\u00e9es \u00e0 l\u2019Egalit\u00e9, Diversit\u00e9 et Inclusion (EDI) ainsi que les enjeux li\u00e9s \u00e0 l\u2019\u00e9nergie, au climat et \u00e0 la biodiversit\u00e9. Il se d\u00e9roule sur plusieurs semestres et est un r\u00e9el atout dans la valorisation d&rsquo;un CV.<\/p>\n\n\n<div class=\"gb-grid-wrapper gb-grid-wrapper-d99f82d8\">\n<div class=\"gb-grid-column gb-grid-column-ce5c18ca\"><div class=\"gb-container gb-container-ce5c18ca\"><\/div><\/div>\n<\/div>\n\n\n<a class=\"gb-button gb-button-85b0b6c5 gb-button-text\" href=\"https:\/\/formations.univ-lorraine.fr\/fr\/blog\/sense-le-module-pour-comprendre-les-enjeux-societaux-et-environnementaux-n46\" target=\"_blank\" rel=\"noopener noreferrer\">En savoir plus sur le certificat SENSE <\/a>\n\n\n\n<h3 class=\"gb-headline gb-headline-56ad4950 gb-headline-text\">Formation continue des personnels de l&rsquo;Universit\u00e9 de Lorraine<\/h3>\n\n\n\n<p>L&rsquo;Universit\u00e9 de Lorraine a d\u00e9velopp\u00e9 une offre de formations d\u00e9di\u00e9e aux th\u00e9matiques de l&rsquo;\u00e9galit\u00e9-diversit\u00e9-inclusion dans le cadre de la formation continue de ses personnels.<\/p>\n\n\n\n<div class=\"wp-block-buttons is-content-justification-center is-layout-flex wp-container-core-buttons-is-layout-16018d1d wp-block-buttons-is-layout-flex\">\n<div class=\"wp-block-button\"><a class=\"wp-block-button__link wp-element-button\" href=\"https:\/\/formationdespersonnels.univ-lorraine.fr\/thematiques\/Egalit%C3%A9---Diversit%C3%A9---Inclusion\" target=\"_blank\" rel=\"noreferrer noopener\">Offre de formation continue \u00ab\u00a0\u00c9galit\u00e9 &#8211; Diversit\u00e9 &#8211; Inclusion\u00a0\u00bb<\/a><\/div>\n<\/div>\n\n\n\n<p><\/p>\n","protected":false},"excerpt":{"rendered":"<p>Lutter contre les discriminations, un cours disponible sur Arche Le cours \u00c9galit\u00e9, diversit\u00e9, inclusion &#8211; Lutter contre les discriminations est accessible par l\u2019ensemble de la communaut\u00e9 universitaire sur Arche. A travers des vid\u00e9os et des fiches pratiques, d\u00e9couvrez les diff\u00e9rentes formes de discriminations et les leviers d&rsquo;actions pour vivre-ensemble dans le respect mutuel et l\u2019acceptation &#8230; <a title=\"Formation\" class=\"read-more\" href=\"https:\/\/www.univ-lorraine.fr\/egalite-diversite-inclusion\/formation\/\" aria-label=\"En savoir plus sur Formation\">Lire plus<\/a><\/p>\n","protected":false},"author":88,"featured_media":0,"parent":0,"menu_order":0,"comment_status":"closed","ping_status":"closed","template":"","meta":{"inline_featured_image":false,"footnotes":""},"class_list":["post-1032","page","type-page","status-publish"],"yoast_head":"<!-- This site is optimized with the Yoast SEO plugin v27.4 - https:\/\/yoast.com\/product\/yoast-seo-wordpress\/ -->\n<title>Formation - Egalit\u00e9 diversit\u00e9 Inclusion<\/title>\n<meta name=\"description\" content=\"L&#039;Universit\u00e9 de Lorraine offre des outils pour former ses \u00e9tudiants \u00e0 la lutte contre les discriminations et les VSS.\" \/>\n<meta name=\"robots\" content=\"index, follow, max-snippet:-1, max-image-preview:large, max-video-preview:-1\" \/>\n<link rel=\"canonical\" href=\"https:\/\/www.univ-lorraine.fr\/egalite-diversite-inclusion\/formation\/\" \/>\n<meta property=\"og:locale\" content=\"fr_FR\" \/>\n<meta property=\"og:type\" content=\"article\" \/>\n<meta property=\"og:title\" content=\"Formation - Egalit\u00e9 diversit\u00e9 Inclusion\" \/>\n<meta property=\"og:description\" content=\"L&#039;Universit\u00e9 de Lorraine offre des outils pour former ses \u00e9tudiants \u00e0 la lutte contre les discriminations et les VSS.\" \/>\n<meta property=\"og:url\" content=\"https:\/\/www.univ-lorraine.fr\/egalite-diversite-inclusion\/formation\/\" \/>\n<meta property=\"og:site_name\" content=\"Egalit\u00e9 diversit\u00e9 Inclusion\" \/>\n<meta property=\"article:modified_time\" content=\"2025-06-26T07:07:23+00:00\" \/>\n<meta property=\"og:image\" content=\"https:\/\/www.univ-lorraine.fr\/egalite-diversite-inclusion\/wp-content\/uploads\/sites\/36\/2022\/04\/Image-Espace-EDI.png\" \/>\n\t<meta property=\"og:image:width\" content=\"930\" \/>\n\t<meta property=\"og:image:height\" content=\"645\" \/>\n\t<meta property=\"og:image:type\" content=\"image\/png\" \/>\n<meta name=\"twitter:card\" content=\"summary_large_image\" \/>\n<meta name=\"twitter:label1\" content=\"Dur\u00e9e de lecture estim\u00e9e\" \/>\n\t<meta name=\"twitter:data1\" content=\"2 minutes\" \/>\n<script type=\"application\/ld+json\" class=\"yoast-schema-graph\">{\"@context\":\"https:\\\/\\\/schema.org\",\"@graph\":[{\"@type\":\"WebPage\",\"@id\":\"https:\\\/\\\/www.univ-lorraine.fr\\\/egalite-diversite-inclusion\\\/formation\\\/\",\"url\":\"https:\\\/\\\/www.univ-lorraine.fr\\\/egalite-diversite-inclusion\\\/formation\\\/\",\"name\":\"Formation - Egalit\u00e9 diversit\u00e9 Inclusion\",\"isPartOf\":{\"@id\":\"https:\\\/\\\/www.univ-lorraine.fr\\\/egalite-diversite-inclusion\\\/#website\"},\"primaryImageOfPage\":{\"@id\":\"https:\\\/\\\/www.univ-lorraine.fr\\\/egalite-diversite-inclusion\\\/formation\\\/#primaryimage\"},\"image\":{\"@id\":\"https:\\\/\\\/www.univ-lorraine.fr\\\/egalite-diversite-inclusion\\\/formation\\\/#primaryimage\"},\"thumbnailUrl\":\"https:\\\/\\\/www.univ-lorraine.fr\\\/egalite-diversite-inclusion\\\/wp-content\\\/uploads\\\/sites\\\/36\\\/2022\\\/04\\\/Image-Espace-EDI.png\",\"datePublished\":\"2022-03-30T15:03:43+00:00\",\"dateModified\":\"2025-06-26T07:07:23+00:00\",\"description\":\"L'Universit\u00e9 de Lorraine offre des outils pour former ses \u00e9tudiants \u00e0 la lutte contre les discriminations et les VSS.\",\"breadcrumb\":{\"@id\":\"https:\\\/\\\/www.univ-lorraine.fr\\\/egalite-diversite-inclusion\\\/formation\\\/#breadcrumb\"},\"inLanguage\":\"fr-FR\",\"potentialAction\":[{\"@type\":\"ReadAction\",\"target\":[\"https:\\\/\\\/www.univ-lorraine.fr\\\/egalite-diversite-inclusion\\\/formation\\\/\"]}]},{\"@type\":\"ImageObject\",\"inLanguage\":\"fr-FR\",\"@id\":\"https:\\\/\\\/www.univ-lorraine.fr\\\/egalite-diversite-inclusion\\\/formation\\\/#primaryimage\",\"url\":\"https:\\\/\\\/www.univ-lorraine.fr\\\/egalite-diversite-inclusion\\\/wp-content\\\/uploads\\\/sites\\\/36\\\/2022\\\/04\\\/Image-Espace-EDI.png\",\"contentUrl\":\"https:\\\/\\\/www.univ-lorraine.fr\\\/egalite-diversite-inclusion\\\/wp-content\\\/uploads\\\/sites\\\/36\\\/2022\\\/04\\\/Image-Espace-EDI.png\",\"width\":930,\"height\":645},{\"@type\":\"BreadcrumbList\",\"@id\":\"https:\\\/\\\/www.univ-lorraine.fr\\\/egalite-diversite-inclusion\\\/formation\\\/#breadcrumb\",\"itemListElement\":[{\"@type\":\"ListItem\",\"position\":1,\"name\":\"Accueil\",\"item\":\"https:\\\/\\\/www.univ-lorraine.fr\\\/egalite-diversite-inclusion\\\/\"},{\"@type\":\"ListItem\",\"position\":2,\"name\":\"Formation\"}]},{\"@type\":\"WebSite\",\"@id\":\"https:\\\/\\\/www.univ-lorraine.fr\\\/egalite-diversite-inclusion\\\/#website\",\"url\":\"https:\\\/\\\/www.univ-lorraine.fr\\\/egalite-diversite-inclusion\\\/\",\"name\":\"Egalit\u00e9 diversit\u00e9 Inclusion\",\"description\":\"\",\"publisher\":{\"@id\":\"https:\\\/\\\/www.univ-lorraine.fr\\\/egalite-diversite-inclusion\\\/#organization\"},\"potentialAction\":[{\"@type\":\"SearchAction\",\"target\":{\"@type\":\"EntryPoint\",\"urlTemplate\":\"https:\\\/\\\/www.univ-lorraine.fr\\\/egalite-diversite-inclusion\\\/?s={search_term_string}\"},\"query-input\":{\"@type\":\"PropertyValueSpecification\",\"valueRequired\":true,\"valueName\":\"search_term_string\"}}],\"inLanguage\":\"fr-FR\"},{\"@type\":\"Organization\",\"@id\":\"https:\\\/\\\/www.univ-lorraine.fr\\\/egalite-diversite-inclusion\\\/#organization\",\"name\":\"Egalit\u00e9 diversit\u00e9 Inclusion\",\"url\":\"https:\\\/\\\/www.univ-lorraine.fr\\\/egalite-diversite-inclusion\\\/\",\"logo\":{\"@type\":\"ImageObject\",\"inLanguage\":\"fr-FR\",\"@id\":\"https:\\\/\\\/www.univ-lorraine.fr\\\/egalite-diversite-inclusion\\\/#\\\/schema\\\/logo\\\/image\\\/\",\"url\":\"https:\\\/\\\/www.univ-lorraine.fr\\\/egalite-diversite-inclusion\\\/wp-content\\\/uploads\\\/sites\\\/36\\\/2022\\\/04\\\/ulsengage-2.png\",\"contentUrl\":\"https:\\\/\\\/www.univ-lorraine.fr\\\/egalite-diversite-inclusion\\\/wp-content\\\/uploads\\\/sites\\\/36\\\/2022\\\/04\\\/ulsengage-2.png\",\"width\":812,\"height\":287,\"caption\":\"Egalit\u00e9 diversit\u00e9 Inclusion\"},\"image\":{\"@id\":\"https:\\\/\\\/www.univ-lorraine.fr\\\/egalite-diversite-inclusion\\\/#\\\/schema\\\/logo\\\/image\\\/\"}}]}<\/script>\n<!-- \/ Yoast SEO plugin. -->","yoast_head_json":{"title":"Formation - Egalit\u00e9 diversit\u00e9 Inclusion","description":"L'Universit\u00e9 de Lorraine offre des outils pour former ses \u00e9tudiants \u00e0 la lutte contre les discriminations et les VSS.","robots":{"index":"index","follow":"follow","max-snippet":"max-snippet:-1","max-image-preview":"max-image-preview:large","max-video-preview":"max-video-preview:-1"},"canonical":"https:\/\/www.univ-lorraine.fr\/egalite-diversite-inclusion\/formation\/","og_locale":"fr_FR","og_type":"article","og_title":"Formation - Egalit\u00e9 diversit\u00e9 Inclusion","og_description":"L'Universit\u00e9 de Lorraine offre des outils pour former ses \u00e9tudiants \u00e0 la lutte contre les discriminations et les VSS.","og_url":"https:\/\/www.univ-lorraine.fr\/egalite-diversite-inclusion\/formation\/","og_site_name":"Egalit\u00e9 diversit\u00e9 Inclusion","article_modified_time":"2025-06-26T07:07:23+00:00","og_image":[{"width":930,"height":645,"url":"https:\/\/www.univ-lorraine.fr\/egalite-diversite-inclusion\/wp-content\/uploads\/sites\/36\/2022\/04\/Image-Espace-EDI.png","type":"image\/png"}],"twitter_card":"summary_large_image","twitter_misc":{"Dur\u00e9e de lecture estim\u00e9e":"2 minutes"},"schema":{"@context":"https:\/\/schema.org","@graph":[{"@type":"WebPage","@id":"https:\/\/www.univ-lorraine.fr\/egalite-diversite-inclusion\/formation\/","url":"https:\/\/www.univ-lorraine.fr\/egalite-diversite-inclusion\/formation\/","name":"Formation - Egalit\u00e9 diversit\u00e9 Inclusion","isPartOf":{"@id":"https:\/\/www.univ-lorraine.fr\/egalite-diversite-inclusion\/#website"},"primaryImageOfPage":{"@id":"https:\/\/www.univ-lorraine.fr\/egalite-diversite-inclusion\/formation\/#primaryimage"},"image":{"@id":"https:\/\/www.univ-lorraine.fr\/egalite-diversite-inclusion\/formation\/#primaryimage"},"thumbnailUrl":"https:\/\/www.univ-lorraine.fr\/egalite-diversite-inclusion\/wp-content\/uploads\/sites\/36\/2022\/04\/Image-Espace-EDI.png","datePublished":"2022-03-30T15:03:43+00:00","dateModified":"2025-06-26T07:07:23+00:00","description":"L'Universit\u00e9 de Lorraine offre des outils pour former ses \u00e9tudiants \u00e0 la lutte contre les discriminations et les VSS.","breadcrumb":{"@id":"https:\/\/www.univ-lorraine.fr\/egalite-diversite-inclusion\/formation\/#breadcrumb"},"inLanguage":"fr-FR","potentialAction":[{"@type":"ReadAction","target":["https:\/\/www.univ-lorraine.fr\/egalite-diversite-inclusion\/formation\/"]}]},{"@type":"ImageObject","inLanguage":"fr-FR","@id":"https:\/\/www.univ-lorraine.fr\/egalite-diversite-inclusion\/formation\/#primaryimage","url":"https:\/\/www.univ-lorraine.fr\/egalite-diversite-inclusion\/wp-content\/uploads\/sites\/36\/2022\/04\/Image-Espace-EDI.png","contentUrl":"https:\/\/www.univ-lorraine.fr\/egalite-diversite-inclusion\/wp-content\/uploads\/sites\/36\/2022\/04\/Image-Espace-EDI.png","width":930,"height":645},{"@type":"BreadcrumbList","@id":"https:\/\/www.univ-lorraine.fr\/egalite-diversite-inclusion\/formation\/#breadcrumb","itemListElement":[{"@type":"ListItem","position":1,"name":"Accueil","item":"https:\/\/www.univ-lorraine.fr\/egalite-diversite-inclusion\/"},{"@type":"ListItem","position":2,"name":"Formation"}]},{"@type":"WebSite","@id":"https:\/\/www.univ-lorraine.fr\/egalite-diversite-inclusion\/#website","url":"https:\/\/www.univ-lorraine.fr\/egalite-diversite-inclusion\/","name":"Egalit\u00e9 diversit\u00e9 Inclusion","description":"","publisher":{"@id":"https:\/\/www.univ-lorraine.fr\/egalite-diversite-inclusion\/#organization"},"potentialAction":[{"@type":"SearchAction","target":{"@type":"EntryPoint","urlTemplate":"https:\/\/www.univ-lorraine.fr\/egalite-diversite-inclusion\/?s={search_term_string}"},"query-input":{"@type":"PropertyValueSpecification","valueRequired":true,"valueName":"search_term_string"}}],"inLanguage":"fr-FR"},{"@type":"Organization","@id":"https:\/\/www.univ-lorraine.fr\/egalite-diversite-inclusion\/#organization","name":"Egalit\u00e9 diversit\u00e9 Inclusion","url":"https:\/\/www.univ-lorraine.fr\/egalite-diversite-inclusion\/","logo":{"@type":"ImageObject","inLanguage":"fr-FR","@id":"https:\/\/www.univ-lorraine.fr\/egalite-diversite-inclusion\/#\/schema\/logo\/image\/","url":"https:\/\/www.univ-lorraine.fr\/egalite-diversite-inclusion\/wp-content\/uploads\/sites\/36\/2022\/04\/ulsengage-2.png","contentUrl":"https:\/\/www.univ-lorraine.fr\/egalite-diversite-inclusion\/wp-content\/uploads\/sites\/36\/2022\/04\/ulsengage-2.png","width":812,"height":287,"caption":"Egalit\u00e9 diversit\u00e9 Inclusion"},"image":{"@id":"https:\/\/www.univ-lorraine.fr\/egalite-diversite-inclusion\/#\/schema\/logo\/image\/"}}]}},"_links":{"self":[{"href":"https:\/\/www.univ-lorraine.fr\/egalite-diversite-inclusion\/wp-json\/wp\/v2\/pages\/1032","targetHints":{"allow":["GET"]}}],"collection":[{"href":"https:\/\/www.univ-lorraine.fr\/egalite-diversite-inclusion\/wp-json\/wp\/v2\/pages"}],"about":[{"href":"https:\/\/www.univ-lorraine.fr\/egalite-diversite-inclusion\/wp-json\/wp\/v2\/types\/page"}],"author":[{"embeddable":true,"href":"https:\/\/www.univ-lorraine.fr\/egalite-diversite-inclusion\/wp-json\/wp\/v2\/users\/88"}],"replies":[{"embeddable":true,"href":"https:\/\/www.univ-lorraine.fr\/egalite-diversite-inclusion\/wp-json\/wp\/v2\/comments?post=1032"}],"version-history":[{"count":24,"href":"https:\/\/www.univ-lorraine.fr\/egalite-diversite-inclusion\/wp-json\/wp\/v2\/pages\/1032\/revisions"}],"predecessor-version":[{"id":1751,"href":"https:\/\/www.univ-lorraine.fr\/egalite-diversite-inclusion\/wp-json\/wp\/v2\/pages\/1032\/revisions\/1751"}],"wp:attachment":[{"href":"https:\/\/www.univ-lorraine.fr\/egalite-diversite-inclusion\/wp-json\/wp\/v2\/media?parent=1032"}],"curies":[{"name":"wp","href":"https:\/\/api.w.org\/{rel}","templated":true}]}}