{"id":1034,"date":"2022-03-30T17:03:58","date_gmt":"2022-03-30T15:03:58","guid":{"rendered":"https:\/\/www.univ-lorraine.fr\/egalite-diversite-inclusion\/?page_id=1034"},"modified":"2023-09-28T11:33:34","modified_gmt":"2023-09-28T09:33:34","slug":"ressources-externes-a-luniversite-de-lorraine","status":"publish","type":"page","link":"https:\/\/www.univ-lorraine.fr\/egalite-diversite-inclusion\/ressources-externes-a-luniversite-de-lorraine\/","title":{"rendered":"Ressources externes \u00e0 l\u2019Universit\u00e9 de Lorraine"},"content":{"rendered":"\n<p class=\"gb-headline gb-headline-c2ddd427 gb-headline-text\"><\/p>\n\n\n\n<p><\/p>\n\n\n\n<p><\/p>\n\n\n\n<p><\/p>\n\n\n<div class=\"gb-container gb-container-ea9c3058\"><div class=\"gb-inside-container\">\n<div class=\"gb-container gb-container-b53cec5a\"><div class=\"gb-inside-container\">\n<div class=\"gb-grid-wrapper gb-grid-wrapper-f5a43525\">\n<div class=\"gb-grid-column gb-grid-column-19e7cbec\"><div class=\"gb-container gb-container-19e7cbec\"><div class=\"gb-inside-container\">\n<div class=\"gb-container gb-container-3102ce96\"><div class=\"gb-inside-container\">\n\n<h3 class=\"gb-headline gb-headline-64c327df gb-headline-text\"><br><strong><a href=\"https:\/\/www.afmd.fr\/\" target=\"_blank\" rel=\"noreferrer noopener\">Association fran\u00e7aise des managers de la diversit\u00e9 (AFMD)<\/a><\/strong><\/h3>\n\n\n\n<div class=\"wp-block-buttons is-content-justification-center is-layout-flex wp-container-core-buttons-is-layout-16018d1d wp-block-buttons-is-layout-flex\"><\/div>\n\n\n\n<p class=\"gb-headline gb-headline-73431d82 gb-headline-text\">L\u2019AFMD est une association fond\u00e9e par des managers soucieux et soucieuses de g\u00e9rer au mieux la diversit\u00e9 de leurs collectifs de travail. Dans le cadre de ses travaux, elle propose une \u00ab\u00a0docuth\u00e8que\u00a0\u00bb rassemblant livres, vid\u00e9os et guides pratiques.<\/p>\n\n<\/div><\/div>\n\n<div class=\"gb-container gb-container-fc1720ca alignwide\"><div class=\"gb-inside-container\">\n\n<h3 class=\"gb-headline gb-headline-8c0b394e gb-headline-text\"><a href=\"https:\/\/www.cped-egalite.fr\/\" target=\"_blank\" rel=\"noreferrer noopener\"><strong>Conf\u00e9rence permanente des charg\u00e9\u00b7es de mission \u00c9galit\u00e9 et diversit\u00e9 (CPED)<\/strong><\/a><\/h3>\n\n\n\n<p class=\"gb-headline gb-headline-bb4e43c9 gb-headline-text\">La CPED promeut des valeurs de partage, de solidarit\u00e9 et d\u2019ouverture. Son site propose des outils, des retours d&rsquo;exp\u00e9riences ou des travaux de recherche en lien avec les politiques d&rsquo;\u00e9galit\u00e9 et de lutte contre les discriminations dans l&rsquo;enseignement sup\u00e9rieur.<\/p>\n\n<\/div><\/div>\n<\/div><\/div><\/div>\n\n<div class=\"gb-grid-column gb-grid-column-72ba480f\"><div class=\"gb-container gb-container-72ba480f  display-none-mobile\"><div class=\"gb-inside-container\">\n<div class=\"gb-grid-wrapper gb-grid-wrapper-c6b58333\">\n<div class=\"gb-grid-column gb-grid-column-b8680234\"><div class=\"gb-container gb-container-b8680234  display-none-mobile\"><div class=\"gb-inside-container\">\n<div class=\"gb-container gb-container-c5a09bc7\"><div class=\"gb-inside-container\">\n\n<figure class=\"wp-block-image size-full is-resized display-none-mobile\"><img loading=\"lazy\" decoding=\"async\" src=\"https:\/\/www.univ-lorraine.fr\/egalite-diversite-inclusion\/wp-content\/uploads\/sites\/36\/2022\/03\/disque-demi-jaune-noir.png\" alt=\"\" class=\"wp-image-452\" style=\"width:62px;height:90px\" width=\"62\" height=\"90\"\/><\/figure>\n\n<\/div><\/div>\n<\/div><\/div><\/div>\n\n<div class=\"gb-grid-column gb-grid-column-7c5b2eb1\"><div class=\"gb-container gb-container-7c5b2eb1  display-none-mobile\"><div class=\"gb-inside-container\"><\/div><\/div><\/div>\n<\/div>\n<\/div><\/div><\/div>\n<\/div>\n<\/div><\/div>\n<\/div><\/div>\n\n\n<p><\/p>\n","protected":false},"excerpt":{"rendered":"","protected":false},"author":88,"featured_media":0,"parent":0,"menu_order":0,"comment_status":"closed","ping_status":"closed","template":"","meta":{"inline_featured_image":false,"footnotes":""},"class_list":["post-1034","page","type-page","status-publish"],"yoast_head":"<!-- This site is optimized with the Yoast SEO plugin v27.4 - https:\/\/yoast.com\/product\/yoast-seo-wordpress\/ -->\n<title>EDI - Ressources externes \u00e0 l\u2019Universit\u00e9 de Lorraine<\/title>\n<meta name=\"description\" content=\"Ressources externes \u00e0 l&#039;Universit\u00e9 de Lorraine pour en savoir plus sur l&#039;\u00e9galit\u00e9, la diversit\u00e9 et l&#039;inclusion.\" \/>\n<meta name=\"robots\" content=\"index, follow, max-snippet:-1, max-image-preview:large, max-video-preview:-1\" \/>\n<link rel=\"canonical\" href=\"https:\/\/www.univ-lorraine.fr\/egalite-diversite-inclusion\/ressources-externes-a-luniversite-de-lorraine\/\" \/>\n<meta property=\"og:locale\" content=\"fr_FR\" \/>\n<meta property=\"og:type\" content=\"article\" \/>\n<meta property=\"og:title\" content=\"EDI - Ressources externes \u00e0 l\u2019Universit\u00e9 de Lorraine\" \/>\n<meta property=\"og:description\" content=\"Ressources externes \u00e0 l&#039;Universit\u00e9 de Lorraine pour en savoir plus sur l&#039;\u00e9galit\u00e9, la diversit\u00e9 et l&#039;inclusion.\" \/>\n<meta property=\"og:url\" content=\"https:\/\/www.univ-lorraine.fr\/egalite-diversite-inclusion\/ressources-externes-a-luniversite-de-lorraine\/\" \/>\n<meta property=\"og:site_name\" content=\"Egalit\u00e9 diversit\u00e9 Inclusion\" \/>\n<meta property=\"article:modified_time\" content=\"2023-09-28T09:33:34+00:00\" \/>\n<meta property=\"og:image\" content=\"https:\/\/www.univ-lorraine.fr\/egalite-diversite-inclusion\/wp-content\/uploads\/sites\/36\/2022\/03\/disque-demi-jaune-noir.png\" \/>\n<meta name=\"twitter:card\" content=\"summary_large_image\" \/>\n<meta name=\"twitter:label1\" content=\"Dur\u00e9e de lecture estim\u00e9e\" \/>\n\t<meta name=\"twitter:data1\" content=\"1 minute\" \/>\n<script type=\"application\/ld+json\" class=\"yoast-schema-graph\">{\"@context\":\"https:\\\/\\\/schema.org\",\"@graph\":[{\"@type\":\"WebPage\",\"@id\":\"https:\\\/\\\/www.univ-lorraine.fr\\\/egalite-diversite-inclusion\\\/ressources-externes-a-luniversite-de-lorraine\\\/\",\"url\":\"https:\\\/\\\/www.univ-lorraine.fr\\\/egalite-diversite-inclusion\\\/ressources-externes-a-luniversite-de-lorraine\\\/\",\"name\":\"EDI - Ressources externes \u00e0 l\u2019Universit\u00e9 de Lorraine\",\"isPartOf\":{\"@id\":\"https:\\\/\\\/www.univ-lorraine.fr\\\/egalite-diversite-inclusion\\\/#website\"},\"primaryImageOfPage\":{\"@id\":\"https:\\\/\\\/www.univ-lorraine.fr\\\/egalite-diversite-inclusion\\\/ressources-externes-a-luniversite-de-lorraine\\\/#primaryimage\"},\"image\":{\"@id\":\"https:\\\/\\\/www.univ-lorraine.fr\\\/egalite-diversite-inclusion\\\/ressources-externes-a-luniversite-de-lorraine\\\/#primaryimage\"},\"thumbnailUrl\":\"https:\\\/\\\/www.univ-lorraine.fr\\\/egalite-diversite-inclusion\\\/wp-content\\\/uploads\\\/sites\\\/36\\\/2022\\\/03\\\/disque-demi-jaune-noir.png\",\"datePublished\":\"2022-03-30T15:03:58+00:00\",\"dateModified\":\"2023-09-28T09:33:34+00:00\",\"description\":\"Ressources externes \u00e0 l'Universit\u00e9 de Lorraine pour en savoir plus sur l'\u00e9galit\u00e9, la diversit\u00e9 et l'inclusion.\",\"breadcrumb\":{\"@id\":\"https:\\\/\\\/www.univ-lorraine.fr\\\/egalite-diversite-inclusion\\\/ressources-externes-a-luniversite-de-lorraine\\\/#breadcrumb\"},\"inLanguage\":\"fr-FR\",\"potentialAction\":[{\"@type\":\"ReadAction\",\"target\":[\"https:\\\/\\\/www.univ-lorraine.fr\\\/egalite-diversite-inclusion\\\/ressources-externes-a-luniversite-de-lorraine\\\/\"]}]},{\"@type\":\"ImageObject\",\"inLanguage\":\"fr-FR\",\"@id\":\"https:\\\/\\\/www.univ-lorraine.fr\\\/egalite-diversite-inclusion\\\/ressources-externes-a-luniversite-de-lorraine\\\/#primaryimage\",\"url\":\"https:\\\/\\\/www.univ-lorraine.fr\\\/egalite-diversite-inclusion\\\/wp-content\\\/uploads\\\/sites\\\/36\\\/2022\\\/03\\\/disque-demi-jaune-noir.png\",\"contentUrl\":\"https:\\\/\\\/www.univ-lorraine.fr\\\/egalite-diversite-inclusion\\\/wp-content\\\/uploads\\\/sites\\\/36\\\/2022\\\/03\\\/disque-demi-jaune-noir.png\",\"width\":65,\"height\":130},{\"@type\":\"BreadcrumbList\",\"@id\":\"https:\\\/\\\/www.univ-lorraine.fr\\\/egalite-diversite-inclusion\\\/ressources-externes-a-luniversite-de-lorraine\\\/#breadcrumb\",\"itemListElement\":[{\"@type\":\"ListItem\",\"position\":1,\"name\":\"Accueil\",\"item\":\"https:\\\/\\\/www.univ-lorraine.fr\\\/egalite-diversite-inclusion\\\/\"},{\"@type\":\"ListItem\",\"position\":2,\"name\":\"Ressources externes \u00e0 l\u2019Universit\u00e9 de Lorraine\"}]},{\"@type\":\"WebSite\",\"@id\":\"https:\\\/\\\/www.univ-lorraine.fr\\\/egalite-diversite-inclusion\\\/#website\",\"url\":\"https:\\\/\\\/www.univ-lorraine.fr\\\/egalite-diversite-inclusion\\\/\",\"name\":\"Egalit\u00e9 diversit\u00e9 Inclusion\",\"description\":\"\",\"publisher\":{\"@id\":\"https:\\\/\\\/www.univ-lorraine.fr\\\/egalite-diversite-inclusion\\\/#organization\"},\"potentialAction\":[{\"@type\":\"SearchAction\",\"target\":{\"@type\":\"EntryPoint\",\"urlTemplate\":\"https:\\\/\\\/www.univ-lorraine.fr\\\/egalite-diversite-inclusion\\\/?s={search_term_string}\"},\"query-input\":{\"@type\":\"PropertyValueSpecification\",\"valueRequired\":true,\"valueName\":\"search_term_string\"}}],\"inLanguage\":\"fr-FR\"},{\"@type\":\"Organization\",\"@id\":\"https:\\\/\\\/www.univ-lorraine.fr\\\/egalite-diversite-inclusion\\\/#organization\",\"name\":\"Egalit\u00e9 diversit\u00e9 Inclusion\",\"url\":\"https:\\\/\\\/www.univ-lorraine.fr\\\/egalite-diversite-inclusion\\\/\",\"logo\":{\"@type\":\"ImageObject\",\"inLanguage\":\"fr-FR\",\"@id\":\"https:\\\/\\\/www.univ-lorraine.fr\\\/egalite-diversite-inclusion\\\/#\\\/schema\\\/logo\\\/image\\\/\",\"url\":\"https:\\\/\\\/www.univ-lorraine.fr\\\/egalite-diversite-inclusion\\\/wp-content\\\/uploads\\\/sites\\\/36\\\/2022\\\/04\\\/ulsengage-2.png\",\"contentUrl\":\"https:\\\/\\\/www.univ-lorraine.fr\\\/egalite-diversite-inclusion\\\/wp-content\\\/uploads\\\/sites\\\/36\\\/2022\\\/04\\\/ulsengage-2.png\",\"width\":812,\"height\":287,\"caption\":\"Egalit\u00e9 diversit\u00e9 Inclusion\"},\"image\":{\"@id\":\"https:\\\/\\\/www.univ-lorraine.fr\\\/egalite-diversite-inclusion\\\/#\\\/schema\\\/logo\\\/image\\\/\"}}]}<\/script>\n<!-- \/ Yoast SEO plugin. -->","yoast_head_json":{"title":"EDI - Ressources externes \u00e0 l\u2019Universit\u00e9 de Lorraine","description":"Ressources externes \u00e0 l'Universit\u00e9 de Lorraine pour en savoir plus sur l'\u00e9galit\u00e9, la diversit\u00e9 et l'inclusion.","robots":{"index":"index","follow":"follow","max-snippet":"max-snippet:-1","max-image-preview":"max-image-preview:large","max-video-preview":"max-video-preview:-1"},"canonical":"https:\/\/www.univ-lorraine.fr\/egalite-diversite-inclusion\/ressources-externes-a-luniversite-de-lorraine\/","og_locale":"fr_FR","og_type":"article","og_title":"EDI - Ressources externes \u00e0 l\u2019Universit\u00e9 de Lorraine","og_description":"Ressources externes \u00e0 l'Universit\u00e9 de Lorraine pour en savoir plus sur l'\u00e9galit\u00e9, la diversit\u00e9 et l'inclusion.","og_url":"https:\/\/www.univ-lorraine.fr\/egalite-diversite-inclusion\/ressources-externes-a-luniversite-de-lorraine\/","og_site_name":"Egalit\u00e9 diversit\u00e9 Inclusion","article_modified_time":"2023-09-28T09:33:34+00:00","og_image":[{"url":"https:\/\/www.univ-lorraine.fr\/egalite-diversite-inclusion\/wp-content\/uploads\/sites\/36\/2022\/03\/disque-demi-jaune-noir.png","type":"","width":"","height":""}],"twitter_card":"summary_large_image","twitter_misc":{"Dur\u00e9e de lecture estim\u00e9e":"1 minute"},"schema":{"@context":"https:\/\/schema.org","@graph":[{"@type":"WebPage","@id":"https:\/\/www.univ-lorraine.fr\/egalite-diversite-inclusion\/ressources-externes-a-luniversite-de-lorraine\/","url":"https:\/\/www.univ-lorraine.fr\/egalite-diversite-inclusion\/ressources-externes-a-luniversite-de-lorraine\/","name":"EDI - Ressources externes \u00e0 l\u2019Universit\u00e9 de Lorraine","isPartOf":{"@id":"https:\/\/www.univ-lorraine.fr\/egalite-diversite-inclusion\/#website"},"primaryImageOfPage":{"@id":"https:\/\/www.univ-lorraine.fr\/egalite-diversite-inclusion\/ressources-externes-a-luniversite-de-lorraine\/#primaryimage"},"image":{"@id":"https:\/\/www.univ-lorraine.fr\/egalite-diversite-inclusion\/ressources-externes-a-luniversite-de-lorraine\/#primaryimage"},"thumbnailUrl":"https:\/\/www.univ-lorraine.fr\/egalite-diversite-inclusion\/wp-content\/uploads\/sites\/36\/2022\/03\/disque-demi-jaune-noir.png","datePublished":"2022-03-30T15:03:58+00:00","dateModified":"2023-09-28T09:33:34+00:00","description":"Ressources externes \u00e0 l'Universit\u00e9 de Lorraine pour en savoir plus sur l'\u00e9galit\u00e9, la diversit\u00e9 et l'inclusion.","breadcrumb":{"@id":"https:\/\/www.univ-lorraine.fr\/egalite-diversite-inclusion\/ressources-externes-a-luniversite-de-lorraine\/#breadcrumb"},"inLanguage":"fr-FR","potentialAction":[{"@type":"ReadAction","target":["https:\/\/www.univ-lorraine.fr\/egalite-diversite-inclusion\/ressources-externes-a-luniversite-de-lorraine\/"]}]},{"@type":"ImageObject","inLanguage":"fr-FR","@id":"https:\/\/www.univ-lorraine.fr\/egalite-diversite-inclusion\/ressources-externes-a-luniversite-de-lorraine\/#primaryimage","url":"https:\/\/www.univ-lorraine.fr\/egalite-diversite-inclusion\/wp-content\/uploads\/sites\/36\/2022\/03\/disque-demi-jaune-noir.png","contentUrl":"https:\/\/www.univ-lorraine.fr\/egalite-diversite-inclusion\/wp-content\/uploads\/sites\/36\/2022\/03\/disque-demi-jaune-noir.png","width":65,"height":130},{"@type":"BreadcrumbList","@id":"https:\/\/www.univ-lorraine.fr\/egalite-diversite-inclusion\/ressources-externes-a-luniversite-de-lorraine\/#breadcrumb","itemListElement":[{"@type":"ListItem","position":1,"name":"Accueil","item":"https:\/\/www.univ-lorraine.fr\/egalite-diversite-inclusion\/"},{"@type":"ListItem","position":2,"name":"Ressources externes \u00e0 l\u2019Universit\u00e9 de Lorraine"}]},{"@type":"WebSite","@id":"https:\/\/www.univ-lorraine.fr\/egalite-diversite-inclusion\/#website","url":"https:\/\/www.univ-lorraine.fr\/egalite-diversite-inclusion\/","name":"Egalit\u00e9 diversit\u00e9 Inclusion","description":"","publisher":{"@id":"https:\/\/www.univ-lorraine.fr\/egalite-diversite-inclusion\/#organization"},"potentialAction":[{"@type":"SearchAction","target":{"@type":"EntryPoint","urlTemplate":"https:\/\/www.univ-lorraine.fr\/egalite-diversite-inclusion\/?s={search_term_string}"},"query-input":{"@type":"PropertyValueSpecification","valueRequired":true,"valueName":"search_term_string"}}],"inLanguage":"fr-FR"},{"@type":"Organization","@id":"https:\/\/www.univ-lorraine.fr\/egalite-diversite-inclusion\/#organization","name":"Egalit\u00e9 diversit\u00e9 Inclusion","url":"https:\/\/www.univ-lorraine.fr\/egalite-diversite-inclusion\/","logo":{"@type":"ImageObject","inLanguage":"fr-FR","@id":"https:\/\/www.univ-lorraine.fr\/egalite-diversite-inclusion\/#\/schema\/logo\/image\/","url":"https:\/\/www.univ-lorraine.fr\/egalite-diversite-inclusion\/wp-content\/uploads\/sites\/36\/2022\/04\/ulsengage-2.png","contentUrl":"https:\/\/www.univ-lorraine.fr\/egalite-diversite-inclusion\/wp-content\/uploads\/sites\/36\/2022\/04\/ulsengage-2.png","width":812,"height":287,"caption":"Egalit\u00e9 diversit\u00e9 Inclusion"},"image":{"@id":"https:\/\/www.univ-lorraine.fr\/egalite-diversite-inclusion\/#\/schema\/logo\/image\/"}}]}},"_links":{"self":[{"href":"https:\/\/www.univ-lorraine.fr\/egalite-diversite-inclusion\/wp-json\/wp\/v2\/pages\/1034","targetHints":{"allow":["GET"]}}],"collection":[{"href":"https:\/\/www.univ-lorraine.fr\/egalite-diversite-inclusion\/wp-json\/wp\/v2\/pages"}],"about":[{"href":"https:\/\/www.univ-lorraine.fr\/egalite-diversite-inclusion\/wp-json\/wp\/v2\/types\/page"}],"author":[{"embeddable":true,"href":"https:\/\/www.univ-lorraine.fr\/egalite-diversite-inclusion\/wp-json\/wp\/v2\/users\/88"}],"replies":[{"embeddable":true,"href":"https:\/\/www.univ-lorraine.fr\/egalite-diversite-inclusion\/wp-json\/wp\/v2\/comments?post=1034"}],"version-history":[{"count":30,"href":"https:\/\/www.univ-lorraine.fr\/egalite-diversite-inclusion\/wp-json\/wp\/v2\/pages\/1034\/revisions"}],"predecessor-version":[{"id":1438,"href":"https:\/\/www.univ-lorraine.fr\/egalite-diversite-inclusion\/wp-json\/wp\/v2\/pages\/1034\/revisions\/1438"}],"wp:attachment":[{"href":"https:\/\/www.univ-lorraine.fr\/egalite-diversite-inclusion\/wp-json\/wp\/v2\/media?parent=1034"}],"curies":[{"name":"wp","href":"https:\/\/api.w.org\/{rel}","templated":true}]}}