{"id":1723,"date":"2025-06-25T10:41:58","date_gmt":"2025-06-25T08:41:58","guid":{"rendered":"https:\/\/www.univ-lorraine.fr\/egalite-diversite-inclusion\/?page_id=1723"},"modified":"2025-08-25T14:17:55","modified_gmt":"2025-08-25T12:17:55","slug":"gender-identity-and-sexual-orientation","status":"publish","type":"page","link":"https:\/\/www.univ-lorraine.fr\/egalite-diversite-inclusion\/en\/gender-identity-and-sexual-orientation\/","title":{"rendered":"Gender Identity and Sexual Orientation"},"content":{"rendered":"<div class=\"gb-grid-wrapper gb-grid-wrapper-2ffd83c6\">\n<div class=\"gb-grid-column gb-grid-column-aff10c2f\"><div class=\"gb-container gb-container-aff10c2f\"><div class=\"gb-inside-container\">\n<div class=\"gb-container gb-container-501c4693\"><div class=\"gb-inside-container\">\n<div class=\"gb-container gb-container-b14a3719\"><div class=\"gb-inside-container\">\n\n<h2 class=\"gb-headline gb-headline-29a279fc gb-headline-text\">Gender Identity<\/h2>\n\n\n\n<p class=\"gb-headline gb-headline-49f265e9 gb-headline-text\">Universit\u00e9 de Lorraine has committed to facilitating the use of a preferred first name upon simple request. Through this policy, the University reaffirms its commitment to equality and inclusion for the LGBT+ community.<\/p>\n\n<\/div><\/div>\n<\/div><\/div>\n\n<div class=\"gb-container gb-container-72d8cbd8\"><div class=\"gb-inside-container\">\n<div class=\"gb-container gb-container-0d779c7f\"><div class=\"gb-inside-container\">\n\n<h2 class=\"gb-headline gb-headline-9bf84117 gb-headline-text\">Sexual Orientation<\/h2>\n\n\n\n<p class=\"gb-headline gb-headline-5dff365d gb-headline-text\">The fight against LGBT+phobia is also reflected in efforts to ensure freedom of sexual orientation for all students and staff. In concrete terms, awareness-raising and communication sessions are regularly organised across the University.<\/p>\n\n<\/div><\/div>\n<\/div><\/div>\n<\/div><\/div><\/div>\n\n<div class=\"gb-grid-column gb-grid-column-ed261abf\"><div class=\"gb-container gb-container-ed261abf\"><div class=\"gb-inside-container\"><\/div><\/div><\/div>\n<\/div>\n\n\n<div class=\"wp-block-buttons is-content-justification-center is-layout-flex wp-container-core-buttons-is-layout-16018d1d wp-block-buttons-is-layout-flex\">\n<div class=\"wp-block-button\"><a class=\"wp-block-button__link wp-element-button\" href=\"https:\/\/www.univ-lorraine.fr\/egalite-diversite-inclusion\/wp-content\/uploads\/sites\/36\/2025\/06\/lgbt-flyer-en.pdf\" target=\"_blank\" rel=\"noreferrer noopener\">Download the guide : <em>LGBTQIA+<br>students: We are here to listen and support you!<\/em><\/a><\/div>\n<\/div>\n\n\n<div class=\"gb-container gb-container-7bdd0464\"><div class=\"gb-inside-container\">\n\n<p class=\"has-text-align-center\"><\/p>\n\n<\/div><\/div>\n\n\n<p><\/p>\n","protected":false},"excerpt":{"rendered":"","protected":false},"author":1155,"featured_media":0,"parent":0,"menu_order":0,"comment_status":"closed","ping_status":"closed","template":"","meta":{"inline_featured_image":false,"footnotes":""},"class_list":["post-1723","page","type-page","status-publish"],"yoast_head":"<!-- This site is optimized with the Yoast SEO plugin v27.4 - https:\/\/yoast.com\/product\/yoast-seo-wordpress\/ -->\n<title>Gender Identity and Sexual Orientation - Egalit\u00e9 diversit\u00e9 Inclusion<\/title>\n<meta name=\"description\" content=\"Universit\u00e9 de Lorraine affirms its commitment to equality and inclusion for the LGBT+ community.\" \/>\n<meta name=\"robots\" content=\"noindex, nofollow\" \/>\n<meta property=\"og:locale\" content=\"fr_FR\" \/>\n<meta property=\"og:type\" content=\"article\" \/>\n<meta property=\"og:title\" content=\"Gender Identity and Sexual Orientation - Egalit\u00e9 diversit\u00e9 Inclusion\" \/>\n<meta property=\"og:description\" content=\"Universit\u00e9 de Lorraine affirms its commitment to equality and inclusion for the LGBT+ community.\" \/>\n<meta property=\"og:url\" content=\"https:\/\/www.univ-lorraine.fr\/egalite-diversite-inclusion\/en\/gender-identity-and-sexual-orientation\/\" \/>\n<meta property=\"og:site_name\" content=\"Egalit\u00e9 diversit\u00e9 Inclusion\" \/>\n<meta property=\"article:modified_time\" content=\"2025-08-25T12:17:55+00:00\" \/>\n<meta name=\"twitter:card\" content=\"summary_large_image\" \/>\n<meta name=\"twitter:label1\" content=\"Dur\u00e9e de lecture estim\u00e9e\" \/>\n\t<meta name=\"twitter:data1\" content=\"1 minute\" \/>\n<script type=\"application\/ld+json\" class=\"yoast-schema-graph\">{\"@context\":\"https:\\\/\\\/schema.org\",\"@graph\":[{\"@type\":\"WebPage\",\"@id\":\"https:\\\/\\\/www.univ-lorraine.fr\\\/egalite-diversite-inclusion\\\/en\\\/gender-identity-and-sexual-orientation\\\/\",\"url\":\"https:\\\/\\\/www.univ-lorraine.fr\\\/egalite-diversite-inclusion\\\/en\\\/gender-identity-and-sexual-orientation\\\/\",\"name\":\"Gender Identity and Sexual Orientation - Egalit\u00e9 diversit\u00e9 Inclusion\",\"isPartOf\":{\"@id\":\"https:\\\/\\\/www.univ-lorraine.fr\\\/egalite-diversite-inclusion\\\/#website\"},\"datePublished\":\"2025-06-25T08:41:58+00:00\",\"dateModified\":\"2025-08-25T12:17:55+00:00\",\"description\":\"Universit\u00e9 de Lorraine affirms its commitment to equality and inclusion for the LGBT+ community.\",\"breadcrumb\":{\"@id\":\"https:\\\/\\\/www.univ-lorraine.fr\\\/egalite-diversite-inclusion\\\/en\\\/gender-identity-and-sexual-orientation\\\/#breadcrumb\"},\"inLanguage\":\"fr-FR\",\"potentialAction\":[{\"@type\":\"ReadAction\",\"target\":[\"https:\\\/\\\/www.univ-lorraine.fr\\\/egalite-diversite-inclusion\\\/en\\\/gender-identity-and-sexual-orientation\\\/\"]}]},{\"@type\":\"BreadcrumbList\",\"@id\":\"https:\\\/\\\/www.univ-lorraine.fr\\\/egalite-diversite-inclusion\\\/en\\\/gender-identity-and-sexual-orientation\\\/#breadcrumb\",\"itemListElement\":[{\"@type\":\"ListItem\",\"position\":1,\"name\":\"Accueil\",\"item\":\"https:\\\/\\\/www.univ-lorraine.fr\\\/egalite-diversite-inclusion\\\/\"},{\"@type\":\"ListItem\",\"position\":2,\"name\":\"Gender Identity and Sexual Orientation\"}]},{\"@type\":\"WebSite\",\"@id\":\"https:\\\/\\\/www.univ-lorraine.fr\\\/egalite-diversite-inclusion\\\/#website\",\"url\":\"https:\\\/\\\/www.univ-lorraine.fr\\\/egalite-diversite-inclusion\\\/\",\"name\":\"Egalit\u00e9 diversit\u00e9 Inclusion\",\"description\":\"\",\"publisher\":{\"@id\":\"https:\\\/\\\/www.univ-lorraine.fr\\\/egalite-diversite-inclusion\\\/#organization\"},\"potentialAction\":[{\"@type\":\"SearchAction\",\"target\":{\"@type\":\"EntryPoint\",\"urlTemplate\":\"https:\\\/\\\/www.univ-lorraine.fr\\\/egalite-diversite-inclusion\\\/?s={search_term_string}\"},\"query-input\":{\"@type\":\"PropertyValueSpecification\",\"valueRequired\":true,\"valueName\":\"search_term_string\"}}],\"inLanguage\":\"fr-FR\"},{\"@type\":\"Organization\",\"@id\":\"https:\\\/\\\/www.univ-lorraine.fr\\\/egalite-diversite-inclusion\\\/#organization\",\"name\":\"Egalit\u00e9 diversit\u00e9 Inclusion\",\"url\":\"https:\\\/\\\/www.univ-lorraine.fr\\\/egalite-diversite-inclusion\\\/\",\"logo\":{\"@type\":\"ImageObject\",\"inLanguage\":\"fr-FR\",\"@id\":\"https:\\\/\\\/www.univ-lorraine.fr\\\/egalite-diversite-inclusion\\\/#\\\/schema\\\/logo\\\/image\\\/\",\"url\":\"https:\\\/\\\/www.univ-lorraine.fr\\\/egalite-diversite-inclusion\\\/wp-content\\\/uploads\\\/sites\\\/36\\\/2022\\\/04\\\/ulsengage-2.png\",\"contentUrl\":\"https:\\\/\\\/www.univ-lorraine.fr\\\/egalite-diversite-inclusion\\\/wp-content\\\/uploads\\\/sites\\\/36\\\/2022\\\/04\\\/ulsengage-2.png\",\"width\":812,\"height\":287,\"caption\":\"Egalit\u00e9 diversit\u00e9 Inclusion\"},\"image\":{\"@id\":\"https:\\\/\\\/www.univ-lorraine.fr\\\/egalite-diversite-inclusion\\\/#\\\/schema\\\/logo\\\/image\\\/\"}}]}<\/script>\n<!-- \/ Yoast SEO plugin. -->","yoast_head_json":{"title":"Gender Identity and Sexual Orientation - Egalit\u00e9 diversit\u00e9 Inclusion","description":"Universit\u00e9 de Lorraine affirms its commitment to equality and inclusion for the LGBT+ community.","robots":{"index":"noindex","follow":"nofollow"},"og_locale":"fr_FR","og_type":"article","og_title":"Gender Identity and Sexual Orientation - Egalit\u00e9 diversit\u00e9 Inclusion","og_description":"Universit\u00e9 de Lorraine affirms its commitment to equality and inclusion for the LGBT+ community.","og_url":"https:\/\/www.univ-lorraine.fr\/egalite-diversite-inclusion\/en\/gender-identity-and-sexual-orientation\/","og_site_name":"Egalit\u00e9 diversit\u00e9 Inclusion","article_modified_time":"2025-08-25T12:17:55+00:00","twitter_card":"summary_large_image","twitter_misc":{"Dur\u00e9e de lecture estim\u00e9e":"1 minute"},"schema":{"@context":"https:\/\/schema.org","@graph":[{"@type":"WebPage","@id":"https:\/\/www.univ-lorraine.fr\/egalite-diversite-inclusion\/en\/gender-identity-and-sexual-orientation\/","url":"https:\/\/www.univ-lorraine.fr\/egalite-diversite-inclusion\/en\/gender-identity-and-sexual-orientation\/","name":"Gender Identity and Sexual Orientation - Egalit\u00e9 diversit\u00e9 Inclusion","isPartOf":{"@id":"https:\/\/www.univ-lorraine.fr\/egalite-diversite-inclusion\/#website"},"datePublished":"2025-06-25T08:41:58+00:00","dateModified":"2025-08-25T12:17:55+00:00","description":"Universit\u00e9 de Lorraine affirms its commitment to equality and inclusion for the LGBT+ community.","breadcrumb":{"@id":"https:\/\/www.univ-lorraine.fr\/egalite-diversite-inclusion\/en\/gender-identity-and-sexual-orientation\/#breadcrumb"},"inLanguage":"fr-FR","potentialAction":[{"@type":"ReadAction","target":["https:\/\/www.univ-lorraine.fr\/egalite-diversite-inclusion\/en\/gender-identity-and-sexual-orientation\/"]}]},{"@type":"BreadcrumbList","@id":"https:\/\/www.univ-lorraine.fr\/egalite-diversite-inclusion\/en\/gender-identity-and-sexual-orientation\/#breadcrumb","itemListElement":[{"@type":"ListItem","position":1,"name":"Accueil","item":"https:\/\/www.univ-lorraine.fr\/egalite-diversite-inclusion\/"},{"@type":"ListItem","position":2,"name":"Gender Identity and Sexual Orientation"}]},{"@type":"WebSite","@id":"https:\/\/www.univ-lorraine.fr\/egalite-diversite-inclusion\/#website","url":"https:\/\/www.univ-lorraine.fr\/egalite-diversite-inclusion\/","name":"Egalit\u00e9 diversit\u00e9 Inclusion","description":"","publisher":{"@id":"https:\/\/www.univ-lorraine.fr\/egalite-diversite-inclusion\/#organization"},"potentialAction":[{"@type":"SearchAction","target":{"@type":"EntryPoint","urlTemplate":"https:\/\/www.univ-lorraine.fr\/egalite-diversite-inclusion\/?s={search_term_string}"},"query-input":{"@type":"PropertyValueSpecification","valueRequired":true,"valueName":"search_term_string"}}],"inLanguage":"fr-FR"},{"@type":"Organization","@id":"https:\/\/www.univ-lorraine.fr\/egalite-diversite-inclusion\/#organization","name":"Egalit\u00e9 diversit\u00e9 Inclusion","url":"https:\/\/www.univ-lorraine.fr\/egalite-diversite-inclusion\/","logo":{"@type":"ImageObject","inLanguage":"fr-FR","@id":"https:\/\/www.univ-lorraine.fr\/egalite-diversite-inclusion\/#\/schema\/logo\/image\/","url":"https:\/\/www.univ-lorraine.fr\/egalite-diversite-inclusion\/wp-content\/uploads\/sites\/36\/2022\/04\/ulsengage-2.png","contentUrl":"https:\/\/www.univ-lorraine.fr\/egalite-diversite-inclusion\/wp-content\/uploads\/sites\/36\/2022\/04\/ulsengage-2.png","width":812,"height":287,"caption":"Egalit\u00e9 diversit\u00e9 Inclusion"},"image":{"@id":"https:\/\/www.univ-lorraine.fr\/egalite-diversite-inclusion\/#\/schema\/logo\/image\/"}}]}},"_links":{"self":[{"href":"https:\/\/www.univ-lorraine.fr\/egalite-diversite-inclusion\/wp-json\/wp\/v2\/pages\/1723","targetHints":{"allow":["GET"]}}],"collection":[{"href":"https:\/\/www.univ-lorraine.fr\/egalite-diversite-inclusion\/wp-json\/wp\/v2\/pages"}],"about":[{"href":"https:\/\/www.univ-lorraine.fr\/egalite-diversite-inclusion\/wp-json\/wp\/v2\/types\/page"}],"author":[{"embeddable":true,"href":"https:\/\/www.univ-lorraine.fr\/egalite-diversite-inclusion\/wp-json\/wp\/v2\/users\/1155"}],"replies":[{"embeddable":true,"href":"https:\/\/www.univ-lorraine.fr\/egalite-diversite-inclusion\/wp-json\/wp\/v2\/comments?post=1723"}],"version-history":[{"count":2,"href":"https:\/\/www.univ-lorraine.fr\/egalite-diversite-inclusion\/wp-json\/wp\/v2\/pages\/1723\/revisions"}],"predecessor-version":[{"id":1731,"href":"https:\/\/www.univ-lorraine.fr\/egalite-diversite-inclusion\/wp-json\/wp\/v2\/pages\/1723\/revisions\/1731"}],"wp:attachment":[{"href":"https:\/\/www.univ-lorraine.fr\/egalite-diversite-inclusion\/wp-json\/wp\/v2\/media?parent=1723"}],"curies":[{"name":"wp","href":"https:\/\/api.w.org\/{rel}","templated":true}]}}