{"id":1764,"date":"2025-06-27T11:21:04","date_gmt":"2025-06-27T09:21:04","guid":{"rendered":"https:\/\/www.univ-lorraine.fr\/egalite-diversite-inclusion\/?page_id=1764"},"modified":"2025-08-25T14:29:04","modified_gmt":"2025-08-25T12:29:04","slug":"secularism","status":"publish","type":"page","link":"https:\/\/www.univ-lorraine.fr\/egalite-diversite-inclusion\/en\/secularism\/","title":{"rendered":"Secularism"},"content":{"rendered":"<div class=\"gb-container gb-container-5817cb3b\">\n<div class=\"gb-grid-wrapper gb-grid-wrapper-2ffd83c6\">\n<div class=\"gb-grid-column gb-grid-column-aff10c2f\"><div class=\"gb-container gb-container-aff10c2f\"><div class=\"gb-inside-container\">\n<div class=\"gb-container gb-container-501c4693\"><div class=\"gb-inside-container\">\n<div class=\"gb-container gb-container-b14a3719\"><div class=\"gb-inside-container\">\n\n<h2 class=\"gb-headline gb-headline-29a279fc gb-headline-text\"><strong>Secularism at university: what are we talking about?<\/strong><\/h2>\n\n\n\n<p class=\"gb-headline gb-headline-49f265e9 gb-headline-text\">Universit\u00e9 de Lorraine fights against all forms of religious discrimination and works to ensure that the principles of secularism are respected throughout the establishment.<\/p>\n\n<\/div><\/div>\n<\/div><\/div>\n\n<div class=\"gb-container gb-container-72d8cbd8\"><div class=\"gb-inside-container\">\n<div class=\"gb-container gb-container-0d779c7f\"><div class=\"gb-inside-container\">\n\n<div style=\"height:143px\" aria-hidden=\"true\" class=\"wp-block-spacer\"><\/div>\n\n<\/div><\/div>\n<\/div><\/div>\n<\/div><\/div><\/div>\n\n<div class=\"gb-grid-column gb-grid-column-251d2865\"><div class=\"gb-container gb-container-251d2865\">\n\n<figure class=\"gb-block-image gb-block-image-16acae6a\"><img loading=\"lazy\" decoding=\"async\" width=\"400\" height=\"483\" class=\"gb-image gb-image-16acae6a\" src=\"https:\/\/www.univ-lorraine.fr\/egalite-diversite-inclusion\/wp-content\/uploads\/sites\/36\/2024\/11\/sans-titre11.png\" alt=\"\" title=\"Sans titre(11)\" srcset=\"https:\/\/www.univ-lorraine.fr\/egalite-diversite-inclusion\/wp-content\/uploads\/sites\/36\/2024\/11\/sans-titre11.png 400w, https:\/\/www.univ-lorraine.fr\/egalite-diversite-inclusion\/wp-content\/uploads\/sites\/36\/2024\/11\/sans-titre11-248x300.png 248w\" sizes=\"auto, (max-width: 400px) 100vw, 400px\" \/><\/figure>\n\n<\/div><\/div>\n<\/div>\n<\/div>\n\n\n<p><\/p>\n\n\n<div class=\"gb-container gb-container-8d3b8ae8\">\n<div class=\"gb-container gb-container-3d321dd0\">\n\n<hr class=\"wp-block-separator has-alpha-channel-opacity\"\/>\n\n\n\n<p>\u201cThe public service of higher education and research is secular and independent of any political, economic, religious, or ideological influence. It strives for objectivity in knowledge and respects the diversity of opinions. It must guarantee teaching and research the freedom necessary for their scientific, creative, and critical development.\u201d<\/p>\n\n\n\n<p>\u2014  Article L141.6 du code de l&rsquo;\u00e9ducation<\/p>\n\n<\/div>\n<\/div>\n\n\n<p>The principles of secularism apply differently depending on whether you are a student or university staff member:<\/p>\n\n\n\n<h3 class=\"wp-block-heading\">YOU are a student<\/h3>\n\n\n\n<p>Students, as users of the public higher education and research service, have the right to education regardless of their actual or presumed religious beliefs. They therefore have the right to wear visible religious symbols or clothing expressing a religious conviction on university campuses if they wish. However, covering the face, even for religious reasons, is prohibited within university premises.<\/p>\n\n\n\n<h3 class=\"wp-block-heading\"><strong>YOU ARE STAFF, SPEAKERS, OR GUESTS<\/strong><\/h3>\n\n\n<div class=\"gb-container gb-container-5baadceb\">\n\n<ul class=\"wp-block-list\">\n<li><strong>Administrative, technical, teaching, and research staff<\/strong> are public agents. As such, they are subject to the duty of neutrality and must refrain from expressing their religious opinions while performing their duties. They are required to treat all individuals equally and to respect their freedom of conscience and dignity (Article L121-2 of the French Civil Service Code).<\/li>\n\n\n\n<li>However,<strong> teacher-researchers <\/strong>enjoy freedom of expression in their teaching and research activities, which is framed by the principles of tolerance and objectivity.<\/li>\n\n\n\n<li><strong>External guest lecturers<\/strong>, who are not bound by a public contract, are not subject to this duty of neutrality.<\/li>\n<\/ul>\n\n<\/div>\n\n\n<div style=\"height:40px\" aria-hidden=\"true\" class=\"wp-block-spacer\"><\/div>\n\n\n<div class=\"gb-container gb-container-7afbd12a\">\n<div class=\"gb-container gb-container-2ef68848 alignwide\"><div class=\"gb-inside-container\">\n<div class=\"gb-container gb-container-ac83c80a\">\n\n<p class=\"gb-headline gb-headline-613faa6b gb-headline-text\"><strong>If you are a victim of discrimination or discriminatory harassment, or notice acts of proselytism, contact the Universit\u00e9 de Lorraine\u2019s reporting system:&nbsp;<\/strong> <br><br>&#8211; <strong>+33<\/strong> <strong>6 38 97 73 91 <\/strong><br>&#8211; <strong>sto&#112;&#45;&#118;&#105;&#x6f;&#x6c;&#x65;&#x6e;&#x63;&#x65;&#x73;&#64;un&#105;&#118;&#45;&#108;&#111;&#x72;&#x72;&#x61;&#x69;&#x6e;&#x65;&#46;fr<\/strong><br><br><em>If you have any questions about secularism, please contact the school\u2019s secularism officer: <\/em><br><br>&#8211; &#x72;&#x65;&#x66;&#101;&#114;&#101;nt&#x2d;&#x6c;&#x61;&#x69;&#99;&#105;te&#x40;&#x75;&#x6e;&#x69;&#118;&#45;lo&#x72;&#x72;&#x61;&#x69;&#110;&#101;&#46;fr<\/p>\n\n<\/div>\n<\/div><\/div>\n<\/div>\n\n\n<p><a id=\"_msocom_1\"><\/a><\/p>\n\n\n<div class=\"gb-container gb-container-d6946f37\">\n\n<div style=\"height:26px\" aria-hidden=\"true\" class=\"wp-block-spacer\"><\/div>\n\n\n\n<div class=\"wp-block-buttons alignfull is-content-justification-center is-layout-flex wp-container-core-buttons-is-layout-16018d1d wp-block-buttons-is-layout-flex\">\n<div class=\"wp-block-button\"><a class=\"wp-block-button__link wp-element-button\" href=\"https:\/\/www.univ-lorraine.fr\/egalite-diversite-inclusion\/wp-content\/uploads\/sites\/36\/2025\/08\/guide-laicite-en.pdf\" target=\"_blank\" rel=\"noreferrer noopener\">DOWNLOAD UNIVERSIT\u00c9 DE LORRAINE SECULARISM GUIDE<\/a><\/div>\n<\/div>\n\n<\/div>\n\n\n<div style=\"height:46px\" aria-hidden=\"true\" class=\"wp-block-spacer\"><\/div>\n\n\n\n<p><\/p>\n","protected":false},"excerpt":{"rendered":"<p>\u201cThe public service of higher education and research is secular and independent of any political, economic, religious, or ideological influence. It strives for objectivity in knowledge and respects the diversity of opinions. It must guarantee teaching and research the freedom necessary for their scientific, creative, and critical development.\u201d \u2014 Article L141.6 du code de l&rsquo;\u00e9ducation &#8230; <a title=\"Secularism\" class=\"read-more\" href=\"https:\/\/www.univ-lorraine.fr\/egalite-diversite-inclusion\/en\/secularism\/\" aria-label=\"En savoir plus sur Secularism\">Lire plus<\/a><\/p>\n","protected":false},"author":1155,"featured_media":0,"parent":0,"menu_order":0,"comment_status":"closed","ping_status":"closed","template":"","meta":{"inline_featured_image":false,"footnotes":""},"class_list":["post-1764","page","type-page","status-publish"],"yoast_head":"<!-- This site is optimized with the Yoast SEO plugin v27.4 - https:\/\/yoast.com\/product\/yoast-seo-wordpress\/ -->\n<title>Secularism - Egalit\u00e9 diversit\u00e9 Inclusion<\/title>\n<meta name=\"description\" content=\"Universit\u00e9 de Lorraine fights against all forms of religious discrimination and works to ensure that the principles of secularism are respected throughout the establishment.\" \/>\n<meta name=\"robots\" content=\"index, follow, max-snippet:-1, max-image-preview:large, max-video-preview:-1\" \/>\n<link rel=\"canonical\" href=\"https:\/\/www.univ-lorraine.fr\/egalite-diversite-inclusion\/en\/secularism\/\" \/>\n<meta property=\"og:locale\" content=\"fr_FR\" \/>\n<meta property=\"og:type\" content=\"article\" \/>\n<meta property=\"og:title\" content=\"Secularism - Egalit\u00e9 diversit\u00e9 Inclusion\" \/>\n<meta property=\"og:description\" content=\"Universit\u00e9 de Lorraine fights against all forms of religious discrimination and works to ensure that the principles of secularism are respected throughout the establishment.\" \/>\n<meta property=\"og:url\" content=\"https:\/\/www.univ-lorraine.fr\/egalite-diversite-inclusion\/en\/secularism\/\" \/>\n<meta property=\"og:site_name\" content=\"Egalit\u00e9 diversit\u00e9 Inclusion\" \/>\n<meta property=\"article:modified_time\" content=\"2025-08-25T12:29:04+00:00\" \/>\n<meta property=\"og:image\" content=\"https:\/\/www.univ-lorraine.fr\/egalite-diversite-inclusion\/wp-content\/uploads\/sites\/36\/2024\/11\/sans-titre11.png\" \/>\n<meta name=\"twitter:card\" content=\"summary_large_image\" \/>\n<meta name=\"twitter:label1\" content=\"Dur\u00e9e de lecture estim\u00e9e\" \/>\n\t<meta name=\"twitter:data1\" content=\"2 minutes\" \/>\n<script type=\"application\/ld+json\" class=\"yoast-schema-graph\">{\"@context\":\"https:\\\/\\\/schema.org\",\"@graph\":[{\"@type\":\"WebPage\",\"@id\":\"https:\\\/\\\/www.univ-lorraine.fr\\\/egalite-diversite-inclusion\\\/en\\\/secularism\\\/\",\"url\":\"https:\\\/\\\/www.univ-lorraine.fr\\\/egalite-diversite-inclusion\\\/en\\\/secularism\\\/\",\"name\":\"Secularism - Egalit\u00e9 diversit\u00e9 Inclusion\",\"isPartOf\":{\"@id\":\"https:\\\/\\\/www.univ-lorraine.fr\\\/egalite-diversite-inclusion\\\/#website\"},\"primaryImageOfPage\":{\"@id\":\"https:\\\/\\\/www.univ-lorraine.fr\\\/egalite-diversite-inclusion\\\/en\\\/secularism\\\/#primaryimage\"},\"image\":{\"@id\":\"https:\\\/\\\/www.univ-lorraine.fr\\\/egalite-diversite-inclusion\\\/en\\\/secularism\\\/#primaryimage\"},\"thumbnailUrl\":\"https:\\\/\\\/www.univ-lorraine.fr\\\/egalite-diversite-inclusion\\\/wp-content\\\/uploads\\\/sites\\\/36\\\/2024\\\/11\\\/sans-titre11.png\",\"datePublished\":\"2025-06-27T09:21:04+00:00\",\"dateModified\":\"2025-08-25T12:29:04+00:00\",\"description\":\"Universit\u00e9 de Lorraine fights against all forms of religious discrimination and works to ensure that the principles of secularism are respected throughout the establishment.\",\"breadcrumb\":{\"@id\":\"https:\\\/\\\/www.univ-lorraine.fr\\\/egalite-diversite-inclusion\\\/en\\\/secularism\\\/#breadcrumb\"},\"inLanguage\":\"fr-FR\",\"potentialAction\":[{\"@type\":\"ReadAction\",\"target\":[\"https:\\\/\\\/www.univ-lorraine.fr\\\/egalite-diversite-inclusion\\\/en\\\/secularism\\\/\"]}]},{\"@type\":\"ImageObject\",\"inLanguage\":\"fr-FR\",\"@id\":\"https:\\\/\\\/www.univ-lorraine.fr\\\/egalite-diversite-inclusion\\\/en\\\/secularism\\\/#primaryimage\",\"url\":\"https:\\\/\\\/www.univ-lorraine.fr\\\/egalite-diversite-inclusion\\\/wp-content\\\/uploads\\\/sites\\\/36\\\/2024\\\/11\\\/sans-titre11.png\",\"contentUrl\":\"https:\\\/\\\/www.univ-lorraine.fr\\\/egalite-diversite-inclusion\\\/wp-content\\\/uploads\\\/sites\\\/36\\\/2024\\\/11\\\/sans-titre11.png\",\"width\":400,\"height\":483},{\"@type\":\"BreadcrumbList\",\"@id\":\"https:\\\/\\\/www.univ-lorraine.fr\\\/egalite-diversite-inclusion\\\/en\\\/secularism\\\/#breadcrumb\",\"itemListElement\":[{\"@type\":\"ListItem\",\"position\":1,\"name\":\"Accueil\",\"item\":\"https:\\\/\\\/www.univ-lorraine.fr\\\/egalite-diversite-inclusion\\\/\"},{\"@type\":\"ListItem\",\"position\":2,\"name\":\"Secularism\"}]},{\"@type\":\"WebSite\",\"@id\":\"https:\\\/\\\/www.univ-lorraine.fr\\\/egalite-diversite-inclusion\\\/#website\",\"url\":\"https:\\\/\\\/www.univ-lorraine.fr\\\/egalite-diversite-inclusion\\\/\",\"name\":\"Egalit\u00e9 diversit\u00e9 Inclusion\",\"description\":\"\",\"publisher\":{\"@id\":\"https:\\\/\\\/www.univ-lorraine.fr\\\/egalite-diversite-inclusion\\\/#organization\"},\"potentialAction\":[{\"@type\":\"SearchAction\",\"target\":{\"@type\":\"EntryPoint\",\"urlTemplate\":\"https:\\\/\\\/www.univ-lorraine.fr\\\/egalite-diversite-inclusion\\\/?s={search_term_string}\"},\"query-input\":{\"@type\":\"PropertyValueSpecification\",\"valueRequired\":true,\"valueName\":\"search_term_string\"}}],\"inLanguage\":\"fr-FR\"},{\"@type\":\"Organization\",\"@id\":\"https:\\\/\\\/www.univ-lorraine.fr\\\/egalite-diversite-inclusion\\\/#organization\",\"name\":\"Egalit\u00e9 diversit\u00e9 Inclusion\",\"url\":\"https:\\\/\\\/www.univ-lorraine.fr\\\/egalite-diversite-inclusion\\\/\",\"logo\":{\"@type\":\"ImageObject\",\"inLanguage\":\"fr-FR\",\"@id\":\"https:\\\/\\\/www.univ-lorraine.fr\\\/egalite-diversite-inclusion\\\/#\\\/schema\\\/logo\\\/image\\\/\",\"url\":\"https:\\\/\\\/www.univ-lorraine.fr\\\/egalite-diversite-inclusion\\\/wp-content\\\/uploads\\\/sites\\\/36\\\/2022\\\/04\\\/ulsengage-2.png\",\"contentUrl\":\"https:\\\/\\\/www.univ-lorraine.fr\\\/egalite-diversite-inclusion\\\/wp-content\\\/uploads\\\/sites\\\/36\\\/2022\\\/04\\\/ulsengage-2.png\",\"width\":812,\"height\":287,\"caption\":\"Egalit\u00e9 diversit\u00e9 Inclusion\"},\"image\":{\"@id\":\"https:\\\/\\\/www.univ-lorraine.fr\\\/egalite-diversite-inclusion\\\/#\\\/schema\\\/logo\\\/image\\\/\"}}]}<\/script>\n<!-- \/ Yoast SEO plugin. -->","yoast_head_json":{"title":"Secularism - Egalit\u00e9 diversit\u00e9 Inclusion","description":"Universit\u00e9 de Lorraine fights against all forms of religious discrimination and works to ensure that the principles of secularism are respected throughout the establishment.","robots":{"index":"index","follow":"follow","max-snippet":"max-snippet:-1","max-image-preview":"max-image-preview:large","max-video-preview":"max-video-preview:-1"},"canonical":"https:\/\/www.univ-lorraine.fr\/egalite-diversite-inclusion\/en\/secularism\/","og_locale":"fr_FR","og_type":"article","og_title":"Secularism - Egalit\u00e9 diversit\u00e9 Inclusion","og_description":"Universit\u00e9 de Lorraine fights against all forms of religious discrimination and works to ensure that the principles of secularism are respected throughout the establishment.","og_url":"https:\/\/www.univ-lorraine.fr\/egalite-diversite-inclusion\/en\/secularism\/","og_site_name":"Egalit\u00e9 diversit\u00e9 Inclusion","article_modified_time":"2025-08-25T12:29:04+00:00","og_image":[{"url":"https:\/\/www.univ-lorraine.fr\/egalite-diversite-inclusion\/wp-content\/uploads\/sites\/36\/2024\/11\/sans-titre11.png","type":"","width":"","height":""}],"twitter_card":"summary_large_image","twitter_misc":{"Dur\u00e9e de lecture estim\u00e9e":"2 minutes"},"schema":{"@context":"https:\/\/schema.org","@graph":[{"@type":"WebPage","@id":"https:\/\/www.univ-lorraine.fr\/egalite-diversite-inclusion\/en\/secularism\/","url":"https:\/\/www.univ-lorraine.fr\/egalite-diversite-inclusion\/en\/secularism\/","name":"Secularism - Egalit\u00e9 diversit\u00e9 Inclusion","isPartOf":{"@id":"https:\/\/www.univ-lorraine.fr\/egalite-diversite-inclusion\/#website"},"primaryImageOfPage":{"@id":"https:\/\/www.univ-lorraine.fr\/egalite-diversite-inclusion\/en\/secularism\/#primaryimage"},"image":{"@id":"https:\/\/www.univ-lorraine.fr\/egalite-diversite-inclusion\/en\/secularism\/#primaryimage"},"thumbnailUrl":"https:\/\/www.univ-lorraine.fr\/egalite-diversite-inclusion\/wp-content\/uploads\/sites\/36\/2024\/11\/sans-titre11.png","datePublished":"2025-06-27T09:21:04+00:00","dateModified":"2025-08-25T12:29:04+00:00","description":"Universit\u00e9 de Lorraine fights against all forms of religious discrimination and works to ensure that the principles of secularism are respected throughout the establishment.","breadcrumb":{"@id":"https:\/\/www.univ-lorraine.fr\/egalite-diversite-inclusion\/en\/secularism\/#breadcrumb"},"inLanguage":"fr-FR","potentialAction":[{"@type":"ReadAction","target":["https:\/\/www.univ-lorraine.fr\/egalite-diversite-inclusion\/en\/secularism\/"]}]},{"@type":"ImageObject","inLanguage":"fr-FR","@id":"https:\/\/www.univ-lorraine.fr\/egalite-diversite-inclusion\/en\/secularism\/#primaryimage","url":"https:\/\/www.univ-lorraine.fr\/egalite-diversite-inclusion\/wp-content\/uploads\/sites\/36\/2024\/11\/sans-titre11.png","contentUrl":"https:\/\/www.univ-lorraine.fr\/egalite-diversite-inclusion\/wp-content\/uploads\/sites\/36\/2024\/11\/sans-titre11.png","width":400,"height":483},{"@type":"BreadcrumbList","@id":"https:\/\/www.univ-lorraine.fr\/egalite-diversite-inclusion\/en\/secularism\/#breadcrumb","itemListElement":[{"@type":"ListItem","position":1,"name":"Accueil","item":"https:\/\/www.univ-lorraine.fr\/egalite-diversite-inclusion\/"},{"@type":"ListItem","position":2,"name":"Secularism"}]},{"@type":"WebSite","@id":"https:\/\/www.univ-lorraine.fr\/egalite-diversite-inclusion\/#website","url":"https:\/\/www.univ-lorraine.fr\/egalite-diversite-inclusion\/","name":"Egalit\u00e9 diversit\u00e9 Inclusion","description":"","publisher":{"@id":"https:\/\/www.univ-lorraine.fr\/egalite-diversite-inclusion\/#organization"},"potentialAction":[{"@type":"SearchAction","target":{"@type":"EntryPoint","urlTemplate":"https:\/\/www.univ-lorraine.fr\/egalite-diversite-inclusion\/?s={search_term_string}"},"query-input":{"@type":"PropertyValueSpecification","valueRequired":true,"valueName":"search_term_string"}}],"inLanguage":"fr-FR"},{"@type":"Organization","@id":"https:\/\/www.univ-lorraine.fr\/egalite-diversite-inclusion\/#organization","name":"Egalit\u00e9 diversit\u00e9 Inclusion","url":"https:\/\/www.univ-lorraine.fr\/egalite-diversite-inclusion\/","logo":{"@type":"ImageObject","inLanguage":"fr-FR","@id":"https:\/\/www.univ-lorraine.fr\/egalite-diversite-inclusion\/#\/schema\/logo\/image\/","url":"https:\/\/www.univ-lorraine.fr\/egalite-diversite-inclusion\/wp-content\/uploads\/sites\/36\/2022\/04\/ulsengage-2.png","contentUrl":"https:\/\/www.univ-lorraine.fr\/egalite-diversite-inclusion\/wp-content\/uploads\/sites\/36\/2022\/04\/ulsengage-2.png","width":812,"height":287,"caption":"Egalit\u00e9 diversit\u00e9 Inclusion"},"image":{"@id":"https:\/\/www.univ-lorraine.fr\/egalite-diversite-inclusion\/#\/schema\/logo\/image\/"}}]}},"_links":{"self":[{"href":"https:\/\/www.univ-lorraine.fr\/egalite-diversite-inclusion\/wp-json\/wp\/v2\/pages\/1764","targetHints":{"allow":["GET"]}}],"collection":[{"href":"https:\/\/www.univ-lorraine.fr\/egalite-diversite-inclusion\/wp-json\/wp\/v2\/pages"}],"about":[{"href":"https:\/\/www.univ-lorraine.fr\/egalite-diversite-inclusion\/wp-json\/wp\/v2\/types\/page"}],"author":[{"embeddable":true,"href":"https:\/\/www.univ-lorraine.fr\/egalite-diversite-inclusion\/wp-json\/wp\/v2\/users\/1155"}],"replies":[{"embeddable":true,"href":"https:\/\/www.univ-lorraine.fr\/egalite-diversite-inclusion\/wp-json\/wp\/v2\/comments?post=1764"}],"version-history":[{"count":5,"href":"https:\/\/www.univ-lorraine.fr\/egalite-diversite-inclusion\/wp-json\/wp\/v2\/pages\/1764\/revisions"}],"predecessor-version":[{"id":1825,"href":"https:\/\/www.univ-lorraine.fr\/egalite-diversite-inclusion\/wp-json\/wp\/v2\/pages\/1764\/revisions\/1825"}],"wp:attachment":[{"href":"https:\/\/www.univ-lorraine.fr\/egalite-diversite-inclusion\/wp-json\/wp\/v2\/media?parent=1764"}],"curies":[{"name":"wp","href":"https:\/\/api.w.org\/{rel}","templated":true}]}}