{"id":1874,"date":"2026-03-18T10:32:51","date_gmt":"2026-03-18T09:32:51","guid":{"rendered":"https:\/\/www.univ-lorraine.fr\/egalite-diversite-inclusion\/?page_id=1874"},"modified":"2026-04-10T10:58:01","modified_gmt":"2026-04-10T08:58:01","slug":"projet-uid-cap-inclusion","status":"publish","type":"page","link":"https:\/\/www.univ-lorraine.fr\/egalite-diversite-inclusion\/handicap\/projet-uid-cap-inclusion\/","title":{"rendered":"Projet UID &#8211; Cap Inclusion"},"content":{"rendered":"<div class=\"gb-container gb-container-7808efb3 alignfull\">\n<div class=\"gb-container gb-container-0998d243\">\n<div class=\"gb-container gb-container-51bf7770\">\n<div class=\"gb-container gb-container-2e426a5e\">\n\n<p class=\"gb-headline gb-headline-728ed118 gb-headline-text\"><strong>L\u2019Universit\u00e9 de Lorraine est laur\u00e9ate de l\u2019appel \u00e0 projet \u00ab Universit\u00e9 inclusive et d\u00e9monstratrice \u00bb (UID), avec 6 autres \u00e9tablissements de l\u2019enseignement sup\u00e9rieur.<\/strong><\/p>\n\n<\/div>\n\n\n<p>L\u2019Universit\u00e9 de Lorraine se distingue par sa diversit\u00e9, qu\u2019elle soit g\u00e9ographique, disciplinaire ou historique. L\u2019\u00e9tablissement dispose d\u2019une forte culture d\u2019exp\u00e9rimentation et d\u2019adaptation, ce qui en fait un acteur innovant dans l\u2019enseignement sup\u00e9rieur. Il est \u00e9galement tr\u00e8s engag\u00e9 sur les questions de Responsabilit\u00e9 Soci\u00e9tale et Environnementale (RSE), avec pour ambition de remettre l\u2019humain au c\u0153ur de ses actions. C\u2019est pourquoi l\u2019Universit\u00e9 de Lorraine a r\u00e9pondu \u00e0 l\u2019appel \u00e0 projet UID, avec pour objectif de rendre l\u2019universit\u00e9 plus accessible \u00e0 toutes et tous, notamment aux \u00e9tudiantes et \u00e9tudiants en situation de handicap.<\/p>\n\n\n<div class=\"gb-container gb-container-351c4477\">\n\n<p>L\u2019engagement de l\u2019Universit\u00e9 de Lorraine en faveur des personnes en situation de handicap date de plus de 20 ans et ce projet offre l\u2019opportunit\u00e9 d\u2019aller encore plus loin. L\u2019ambition est d\u2019offrir \u00e0 chaque \u00e9tudiante et \u00e9tudiant en situation de handicap les m\u00eames chances de r\u00e9ussite que les autres. Gr\u00e2ce \u00e0 cet appel \u00e0 projet, l\u2019universit\u00e9 pourra mettre en place des actions compl\u00e9mentaires \u00e0 celles d\u00e9j\u00e0 pr\u00e9vues dans le cadre du sch\u00e9ma directeur Handicap, avec l\u2019ambition qu\u2019elles puissent servir l\u2019ensemble des \u00e9tablissements d\u2019enseignement sup\u00e9rieur.<\/p>\n\n<\/div>\n<\/div>\n<\/div>\n<div class=\"gb-shapes\"><div class=\"gb-shape gb-shape-1\"><svg xmlns=\"http:\/\/www.w3.org\/2000\/svg\" viewBox=\"0 0 1200 211.2\" preserveAspectRatio=\"none\"><path d=\"M600 188.4C321.1 188.4 84.3 109.5 0 0v211.2h1200V0c-84.3 109.5-321.1 188.4-600 188.4z\"\/><\/svg><\/div><\/div><\/div>\n\n<div class=\"gb-container gb-container-f0548030 alignfull\">\n<div class=\"gb-container gb-container-895e8a2b\">\n<div class=\"gb-container gb-container-95d4956d\">\n\n<h2 class=\"gb-headline gb-headline-ca44f082 gb-headline-text\"><br>Les actions du projet UID Cap Inclusion<\/h2>\n\n<\/div>\n\n\n<p>Plusieurs axes de travail ont \u00e9t\u00e9 d\u00e9finis :<\/p>\n\n\n\n<ul class=\"wp-block-list\">\n<li><strong>Renforcer la participation des \u00e9tudiantes et \u00e9tudiants en situation de handicap \u00e0 la vie de l\u2019\u00e9tablissement<\/strong>, non seulement en tant qu\u2019utilisateurs et utilisatrices de services, mais aussi dans la construction des politiques de l\u2019universit\u00e9.<\/li>\n\n\n\n<li><strong>Am\u00e9liorer la r\u00e9ussite de ces \u00e9tudiantes et \u00e9tudiants<\/strong>, notamment en repensant certains aspects p\u00e9dagogiques, comme l\u2019apprentissage des langues. En tant qu\u2019universit\u00e9 transfrontali\u00e8re, l\u2019Universit\u00e9 de Lorraine a d\u00e9j\u00e0 engag\u00e9 un travail sur des outils visant \u00e0 faciliter cet apprentissage.<\/li>\n\n\n\n<li><strong>Donner des outils \u00e0 la communaut\u00e9<\/strong>. L\u2019objectif est notamment de rendre la communaut\u00e9 enseignante plus autonome, en lui fournissant des outils pour \u00e9valuer et am\u00e9liorer l\u2019accessibilit\u00e9 des contenus p\u00e9dagogiques.<\/li>\n\n\n\n<li><strong>Mieux informer les \u00e9tudiantes et \u00e9tudiants en situation de handicap de leurs droits et de les accompagner dans leur insertion professionnelle<\/strong>, notamment \u00e0 travers des ateliers sp\u00e9cifiques.<\/li>\n<\/ul>\n\n<\/div>\n<\/div>\n\n<div class=\"gb-container gb-container-30316996 alignfull\">\n<div class=\"gb-container gb-container-180d3f3f\"><\/div>\n\n<div class=\"gb-container gb-container-dd646195\">\n<div class=\"gb-container gb-container-f1c31b88\">\n<div class=\"gb-container gb-container-6e97fd5c\">\n\n<h2 class=\"gb-headline gb-headline-e974bb22 gb-headline-text\"><br><br>Parce que l\u2019inclusion n\u2019est pas une option<\/h2>\n\n<\/div>\n\n\n<p>L\u2019objectif principal est de transformer en profondeur l\u2019\u00e9tablissement afin qu\u2019il devienne une universit\u00e9 exemplaire et inclusive. L\u2019Universit\u00e9 de Lorraine souhaite que l\u2019ensemble de la communaut\u00e9 universitaire soit actrice de cette dynamique, en impliquant chacun et chacune dans cette d\u00e9marche. Les efforts engag\u00e9s doivent permettre de rendre l\u2019ensemble des services, de la p\u00e9dagogie et de l\u2019environnement accessibles \u00e0 toutes les \u00e9tudiantes et \u00e0 tous les \u00e9tudiants, particuli\u00e8rement \u00e0 ceux en situation de handicap. Ce projet constitue une \u00e9tape vers une transformation plus globale.<\/p>\n\n<\/div>\n<\/div>\n<div class=\"gb-shapes\"><div class=\"gb-shape gb-shape-1\"><svg xmlns=\"http:\/\/www.w3.org\/2000\/svg\" viewBox=\"0 0 1200 50\" preserveAspectRatio=\"none\"><path d=\"M1200 0v50H0V0h560l40 30 40-30z\"\/><\/svg><\/div><\/div><\/div>\n\n<div class=\"gb-container gb-container-b9b15710\">\n<div class=\"gb-container gb-container-43b925bd\">\n\n<h2 class=\"gb-headline gb-headline-b1b43a5f gb-headline-text\">Axes du projet Cap Inclusion<\/h2>\n\n<\/div>\n\n<div class=\"gb-container gb-container-9c5bcf91\">\n\n<h3 class=\"gb-headline gb-headline-ead39035 gb-headline-text\"><br>Transformer le parcours et l\u2019environnement des \u00c9tudiants en situation de handicap (ESH)<\/h3>\n\n\n\n<ul class=\"wp-block-list\">\n<li>Repenser le parcours des ESH pour mieux r\u00e9pondre \u00e0 leurs besoins &#8211; Port\u00e9 par Catherine Trassaert, coordinatrice du projet UID (<a href=\"m&#97;&#105;&#x6c;&#x74;o&#58;&#99;&#x61;&#x74;&#x68;e&#114;&#105;&#x6e;&#x65;&#46;t&#114;&#x61;&#x73;&#x73;a&#101;&#114;&#x74;&#x40;un&#105;&#x76;&#x2d;&#x6c;o&#114;&#114;&#x61;&#x69;ne&#46;&#x66;&#x72;\">&#x63;&#x61;&#x74;&#x68;&#x65;&#x72;&#x69;&#x6e;&#x65;&#x2e;&#x74;&#x72;&#x61;&#x73;&#x73;&#x61;&#x65;&#x72;&#x74;&#x40;&#x75;&#x6e;&#x69;&#x76;&#x2d;&#x6c;&#x6f;&#x72;&#x72;&#x61;&#x69;&#x6e;&#x65;&#x2e;&#x66;&#x72;<\/a>)<\/li>\n\n\n\n<li>Former et sensibiliser les organisations \u00e9tudiantes aux enjeux d\u2019accessibilit\u00e9 et d\u2019inclusion &#8211; Port\u00e9 par Catherine Trassaert, coordinatrice du projet UID (<a href=\"&#109;a&#x69;l&#x74;&#111;&#x3a;&#99;&#x61;&#116;h&#x65;r&#x69;&#110;&#x65;&#46;&#x74;&#114;&#x61;&#115;s&#x61;e&#x72;&#116;&#x40;&#117;&#x6e;&#105;v&#x2d;l&#x6f;&#114;&#x72;&#97;&#x69;&#110;&#x65;&#46;f&#x72;\">cat&#104;&#101;&#114;&#x69;&#x6e;&#x65;&#x2e;&#x74;&#x72;ass&#97;&#101;&#114;&#116;&#x40;&#x75;&#x6e;&#x69;&#x76;&#x2d;lor&#114;&#97;&#105;&#x6e;&#x65;&#x2e;&#x66;&#x72;<\/a>)<\/li>\n\n\n\n<li>Identifier les freins et leviers des ESH \u00e0 leur participation dans les instances de l\u2019\u00e9tablissement &#8211; Port\u00e9 par Jill Houssemenne, doctorante (<a href=\"&#109;&#97;&#x69;l&#116;&#x6f;&#x3a;j&#105;&#x6c;&#x6c;&#46;&#104;&#x6f;&#x75;s&#115;&#x65;&#x6d;e&#110;&#x6e;&#x65;&#64;&#117;&#x6e;i&#118;&#45;&#x6c;o&#114;&#x72;&#x61;i&#110;&#x65;&#x2e;f&#114;\">&#x6a;&#x69;&#108;l&#x2e;&#x68;&#111;us&#x73;&#x65;&#109;e&#x6e;&#x6e;&#101;&#64;u&#x6e;&#x69;&#118;-&#x6c;&#x6f;&#114;&#114;a&#x69;&#x6e;&#101;&#46;&#x66;&#x72;<\/a>) et M\u00e9lanie Gualandi, doctorante (<a href=\"&#109;&#x61;i&#x6c;t&#111;&#x3a;&#109;&#x65;l&#97;&#x6e;&#105;&#x65;&#46;&#x67;&#x75;&#97;&#x6c;a&#x6e;d&#105;&#x40;&#117;&#x6e;i&#118;&#x2d;&#108;&#x6f;r&#114;&#x61;&#105;&#x6e;e&#x2e;&#x66;&#114;\">m&#101;&#108;&#x61;&#x6e;ie&#46;&#103;&#x75;&#x61;la&#110;&#100;&#x69;&#x40;un&#105;&#x76;&#x2d;&#x6c;o&#114;&#114;&#x61;&#x69;&#x6e;e&#46;&#102;&#x72;<\/a>)<\/li>\n<\/ul>\n\n\n\n<h3 class=\"gb-headline gb-headline-d3806066 gb-headline-text\">Lever les barri\u00e8res dans les parcours d&rsquo;apprentissage<\/h3>\n\n\n\n<ul class=\"wp-block-list\">\n<li>R\u00e9inventer l\u2019apprentissage des langues &#8211; Port\u00e9 par Tatiana Usevitch, ing\u00e9nieure p\u00e9dagogique (<a href=\"&#x6d;&#x61;&#x69;&#x6c;&#x74;&#111;&#58;&#116;&#97;tia&#x6e;&#x61;&#x2e;&#x75;&#x73;&#x65;&#118;&#105;&#99;h&#64;u&#x6e;&#x69;&#x76;&#x2d;&#x6c;&#x6f;&#114;&#114;&#97;&#105;ne&#46;&#x66;&#x72;\">&#x74;&#97;t&#x69;&#x61;&#110;a&#x2e;&#x75;&#115;e&#x76;&#x69;&#99;h&#x40;&#x75;&#110;i&#x76;&#45;&#108;o&#x72;&#114;a&#x69;&#x6e;&#101;&#46;&#x66;&#x72;<\/a>)<\/li>\n\n\n\n<li>Former et sensibiliser les enseignantes et enseignants \u00e0 l&rsquo;accessibilit\u00e9 p\u00e9dagogique<\/li>\n<\/ul>\n\n\n\n<h3 class=\"gb-headline gb-headline-70c09d85 gb-headline-text\">Construire un environnement num\u00e9rique facilitant<\/h3>\n\n\n\n<ul class=\"wp-block-list\">\n<li>Garantir l\u2019accessibilit\u00e9 des sites, des contenus et des outils num\u00e9riques &#8211; Port\u00e9 par Xavi\u00e9ra Autissier, r\u00e9f\u00e9rente Accessibilit\u00e9 num\u00e9rique (<a href=\"m&#97;&#x69;&#x6c;t&#111;&#x3a;&#x78;a&#118;&#x69;&#x65;r&#97;&#x2e;&#x61;u&#116;&#x69;&#x73;s&#105;&#101;&#x72;&#x40;u&#110;&#x69;&#x76;-&#108;&#x6f;&#x72;r&#97;&#x69;&#x6e;e&#46;&#x66;&#x72;\">x&#97;&#118;&#x69;&#x65;&#x72;a&#46;&#97;&#117;&#x74;&#x69;&#x73;s&#105;&#101;&#114;&#x40;&#x75;&#x6e;i&#118;&#45;&#x6c;&#x6f;&#x72;ra&#105;&#110;&#x65;&#x2e;&#x66;r<\/a>)<\/li>\n\n\n\n<li>Faciliter l\u2019utilisation des outils num\u00e9riques par les ESH &#8211; Port\u00e9 par Rafael Cabrera, sous-directeur Usages du num\u00e9rique (<a href=\"mail&#116;&#111;&#58;&#114;&#97;&#x66;&#x61;&#x65;&#x6c;&#x2e;&#x63;&#x61;brer&#97;&#64;&#117;&#110;&#105;&#x76;&#x2d;&#x6c;&#x6f;&#x72;&#x72;&#x61;&#x69;ne&#46;f&#114;\">&#x72;a&#x66;&#97;&#x65;&#108;&#46;&#x63;&#97;&#x62;&#114;e&#x72;&#97;&#x40;&#117;n&#x69;v&#x2d;&#108;&#x6f;&#x72;r&#x61;&#105;&#x6e;&#101;&#46;&#x66;&#114;<\/a>)<\/li>\n<\/ul>\n\n\n\n<h3 class=\"gb-headline gb-headline-148036a1 gb-headline-text\">\u0152uvrer pour une meilleure insertion professionnelle des ESH<\/h3>\n\n\n\n<ul class=\"wp-block-list\">\n<li>Former les personnels de l\u2019accompagnement \u00e0 l\u2019orientation et \u00e0 l\u2019insertion professionnelle &#8211; Port\u00e9 par Sabine Chaupain-Guillot, directrice du Service d\u2019orientation et d\u2019insertion professionnelle (SOIP) (<a href=\"&#x6d;&#97;i&#x6c;&#116;o&#x3a;&#115;a&#x62;&#x69;&#110;&#x65;&#x2e;&#99;h&#x61;&#117;p&#x61;&#105;n&#x2d;&#x67;&#117;&#x69;&#x6c;&#108;o&#x74;&#64;u&#x6e;&#105;v&#x2d;&#108;o&#x72;&#x72;&#97;&#x69;&#x6e;&#101;&#46;&#x66;&#114;\">&#115;&#x61;&#98;&#x69;&#110;&#x65;&#46;&#x63;&#104;&#x61;&#117;&#x70;&#97;&#x69;&#110;&#x2d;&#103;&#x75;&#105;&#x6c;&#108;&#x6f;&#116;&#x40;&#117;&#x6e;i&#x76;-&#x6c;o&#x72;r&#x61;i&#x6e;e&#x2e;f&#x72;<\/a>)<\/li>\n\n\n\n<li>Sensibiliser sur les droits des ESH en mati\u00e8re d\u2019insertion<\/li>\n<\/ul>\n\n<\/div>\n<\/div>\n\n<div class=\"gb-container gb-container-c1846ce3 alignfull\">\n<div class=\"gb-container gb-container-4ba0d455\"><\/div>\n\n<div class=\"gb-container gb-container-fea41a69\">\n<div class=\"gb-container gb-container-fae376e0\">\n<div class=\"gb-container gb-container-ab5a64e0\">\n\n<h2 class=\"gb-headline gb-headline-051aa715 gb-headline-text\"><br><br>Equipe projet<\/h2>\n\n<\/div>\n\n\n<p><strong>Pilotage<\/strong> : Florence Damour (&#x66;&#108;&#111;r&#x65;&#x6e;&#99;e&#x2e;&#x64;&#97;mo&#x75;&#114;&#64;u&#x6e;&#x69;&#118;-&#x6c;&#x6f;&#114;&#114;a&#x69;&#x6e;&#101;&#46;&#x66;&#x72;)<br><strong>Coordination<\/strong> : Catherine Trassaert (&#x63;a&#x74;&#104;&#x65;&#114;i&#x6e;&#101;&#x2e;&#116;r&#x61;&#115;&#x73;&#97;e&#x72;t&#x40;&#117;&#x6e;&#x69;v&#x2d;&#108;&#x6f;&#114;r&#x61;&#105;&#x6e;&#101;&#46;&#x66;r)<br><strong>Communication<\/strong> : Delphine Bijan-Zadeh (&#100;&#x65;l&#x70;&#x68;&#105;&#x6e;e&#x2e;&#x62;&#105;&#x6a;a&#x6e;&#x2d;&#122;&#x61;d&#x65;&#x68;&#64;&#x75;n&#x69;&#x76;&#45;&#x6c;o&#x72;&#x72;&#97;&#x69;n&#x65;&#x2e;&#102;&#x72;)<\/p>\n\n<\/div>\n<\/div>\n<\/div>","protected":false},"excerpt":{"rendered":"<p>L\u2019Universit\u00e9 de Lorraine est laur\u00e9ate de l\u2019appel \u00e0 projet \u00ab Universit\u00e9 inclusive et d\u00e9monstratrice \u00bb (UID), avec 6 autres \u00e9tablissements de l\u2019enseignement sup\u00e9rieur. L\u2019Universit\u00e9 de Lorraine se distingue par sa diversit\u00e9, qu\u2019elle soit g\u00e9ographique, disciplinaire ou historique. L\u2019\u00e9tablissement dispose d\u2019une forte culture d\u2019exp\u00e9rimentation et d\u2019adaptation, ce qui en fait un acteur innovant dans l\u2019enseignement sup\u00e9rieur. &#8230; <a title=\"Projet UID &#8211; Cap Inclusion\" class=\"read-more\" href=\"https:\/\/www.univ-lorraine.fr\/egalite-diversite-inclusion\/handicap\/projet-uid-cap-inclusion\/\" aria-label=\"En savoir plus sur Projet UID &#8211; Cap Inclusion\">Lire plus<\/a><\/p>\n","protected":false},"author":3450,"featured_media":0,"parent":642,"menu_order":0,"comment_status":"closed","ping_status":"closed","template":"","meta":{"inline_featured_image":false,"footnotes":""},"class_list":["post-1874","page","type-page","status-publish"],"yoast_head":"<!-- This site is optimized with the Yoast SEO plugin v27.4 - https:\/\/yoast.com\/product\/yoast-seo-wordpress\/ -->\n<title>Projet UID - Cap Inclusion - Egalit\u00e9 diversit\u00e9 Inclusion<\/title>\n<meta name=\"robots\" content=\"index, follow, max-snippet:-1, max-image-preview:large, max-video-preview:-1\" \/>\n<link rel=\"canonical\" href=\"https:\/\/www.univ-lorraine.fr\/egalite-diversite-inclusion\/handicap\/projet-uid-cap-inclusion\/\" \/>\n<meta property=\"og:locale\" content=\"fr_FR\" \/>\n<meta property=\"og:type\" content=\"article\" \/>\n<meta property=\"og:title\" content=\"Projet UID - Cap Inclusion - Egalit\u00e9 diversit\u00e9 Inclusion\" \/>\n<meta property=\"og:description\" content=\"L\u2019Universit\u00e9 de Lorraine est laur\u00e9ate de l\u2019appel \u00e0 projet \u00ab Universit\u00e9 inclusive et d\u00e9monstratrice \u00bb (UID), avec 6 autres \u00e9tablissements de l\u2019enseignement sup\u00e9rieur. L\u2019Universit\u00e9 de Lorraine se distingue par sa diversit\u00e9, qu\u2019elle soit g\u00e9ographique, disciplinaire ou historique. L\u2019\u00e9tablissement dispose d\u2019une forte culture d\u2019exp\u00e9rimentation et d\u2019adaptation, ce qui en fait un acteur innovant dans l\u2019enseignement sup\u00e9rieur. ... Lire plus\" \/>\n<meta property=\"og:url\" content=\"https:\/\/www.univ-lorraine.fr\/egalite-diversite-inclusion\/handicap\/projet-uid-cap-inclusion\/\" \/>\n<meta property=\"og:site_name\" content=\"Egalit\u00e9 diversit\u00e9 Inclusion\" \/>\n<meta property=\"article:modified_time\" content=\"2026-04-10T08:58:01+00:00\" \/>\n<meta name=\"twitter:card\" content=\"summary_large_image\" \/>\n<meta name=\"twitter:label1\" content=\"Dur\u00e9e de lecture estim\u00e9e\" \/>\n\t<meta name=\"twitter:data1\" content=\"4 minutes\" \/>\n<script type=\"application\/ld+json\" class=\"yoast-schema-graph\">{\"@context\":\"https:\\\/\\\/schema.org\",\"@graph\":[{\"@type\":\"WebPage\",\"@id\":\"https:\\\/\\\/www.univ-lorraine.fr\\\/egalite-diversite-inclusion\\\/handicap\\\/projet-uid-cap-inclusion\\\/\",\"url\":\"https:\\\/\\\/www.univ-lorraine.fr\\\/egalite-diversite-inclusion\\\/handicap\\\/projet-uid-cap-inclusion\\\/\",\"name\":\"Projet UID - Cap Inclusion - Egalit\u00e9 diversit\u00e9 Inclusion\",\"isPartOf\":{\"@id\":\"https:\\\/\\\/www.univ-lorraine.fr\\\/egalite-diversite-inclusion\\\/#website\"},\"datePublished\":\"2026-03-18T09:32:51+00:00\",\"dateModified\":\"2026-04-10T08:58:01+00:00\",\"breadcrumb\":{\"@id\":\"https:\\\/\\\/www.univ-lorraine.fr\\\/egalite-diversite-inclusion\\\/handicap\\\/projet-uid-cap-inclusion\\\/#breadcrumb\"},\"inLanguage\":\"fr-FR\",\"potentialAction\":[{\"@type\":\"ReadAction\",\"target\":[\"https:\\\/\\\/www.univ-lorraine.fr\\\/egalite-diversite-inclusion\\\/handicap\\\/projet-uid-cap-inclusion\\\/\"]}]},{\"@type\":\"BreadcrumbList\",\"@id\":\"https:\\\/\\\/www.univ-lorraine.fr\\\/egalite-diversite-inclusion\\\/handicap\\\/projet-uid-cap-inclusion\\\/#breadcrumb\",\"itemListElement\":[{\"@type\":\"ListItem\",\"position\":1,\"name\":\"Accueil\",\"item\":\"https:\\\/\\\/www.univ-lorraine.fr\\\/egalite-diversite-inclusion\\\/\"},{\"@type\":\"ListItem\",\"position\":2,\"name\":\"Handicap\",\"item\":\"https:\\\/\\\/www.univ-lorraine.fr\\\/egalite-diversite-inclusion\\\/handicap\\\/\"},{\"@type\":\"ListItem\",\"position\":3,\"name\":\"Projet UID &#8211; Cap Inclusion\"}]},{\"@type\":\"WebSite\",\"@id\":\"https:\\\/\\\/www.univ-lorraine.fr\\\/egalite-diversite-inclusion\\\/#website\",\"url\":\"https:\\\/\\\/www.univ-lorraine.fr\\\/egalite-diversite-inclusion\\\/\",\"name\":\"Egalit\u00e9 diversit\u00e9 Inclusion\",\"description\":\"\",\"publisher\":{\"@id\":\"https:\\\/\\\/www.univ-lorraine.fr\\\/egalite-diversite-inclusion\\\/#organization\"},\"potentialAction\":[{\"@type\":\"SearchAction\",\"target\":{\"@type\":\"EntryPoint\",\"urlTemplate\":\"https:\\\/\\\/www.univ-lorraine.fr\\\/egalite-diversite-inclusion\\\/?s={search_term_string}\"},\"query-input\":{\"@type\":\"PropertyValueSpecification\",\"valueRequired\":true,\"valueName\":\"search_term_string\"}}],\"inLanguage\":\"fr-FR\"},{\"@type\":\"Organization\",\"@id\":\"https:\\\/\\\/www.univ-lorraine.fr\\\/egalite-diversite-inclusion\\\/#organization\",\"name\":\"Egalit\u00e9 diversit\u00e9 Inclusion\",\"url\":\"https:\\\/\\\/www.univ-lorraine.fr\\\/egalite-diversite-inclusion\\\/\",\"logo\":{\"@type\":\"ImageObject\",\"inLanguage\":\"fr-FR\",\"@id\":\"https:\\\/\\\/www.univ-lorraine.fr\\\/egalite-diversite-inclusion\\\/#\\\/schema\\\/logo\\\/image\\\/\",\"url\":\"https:\\\/\\\/www.univ-lorraine.fr\\\/egalite-diversite-inclusion\\\/wp-content\\\/uploads\\\/sites\\\/36\\\/2022\\\/04\\\/ulsengage-2.png\",\"contentUrl\":\"https:\\\/\\\/www.univ-lorraine.fr\\\/egalite-diversite-inclusion\\\/wp-content\\\/uploads\\\/sites\\\/36\\\/2022\\\/04\\\/ulsengage-2.png\",\"width\":812,\"height\":287,\"caption\":\"Egalit\u00e9 diversit\u00e9 Inclusion\"},\"image\":{\"@id\":\"https:\\\/\\\/www.univ-lorraine.fr\\\/egalite-diversite-inclusion\\\/#\\\/schema\\\/logo\\\/image\\\/\"}}]}<\/script>\n<!-- \/ Yoast SEO plugin. -->","yoast_head_json":{"title":"Projet UID - Cap Inclusion - Egalit\u00e9 diversit\u00e9 Inclusion","robots":{"index":"index","follow":"follow","max-snippet":"max-snippet:-1","max-image-preview":"max-image-preview:large","max-video-preview":"max-video-preview:-1"},"canonical":"https:\/\/www.univ-lorraine.fr\/egalite-diversite-inclusion\/handicap\/projet-uid-cap-inclusion\/","og_locale":"fr_FR","og_type":"article","og_title":"Projet UID - Cap Inclusion - Egalit\u00e9 diversit\u00e9 Inclusion","og_description":"L\u2019Universit\u00e9 de Lorraine est laur\u00e9ate de l\u2019appel \u00e0 projet \u00ab Universit\u00e9 inclusive et d\u00e9monstratrice \u00bb (UID), avec 6 autres \u00e9tablissements de l\u2019enseignement sup\u00e9rieur. L\u2019Universit\u00e9 de Lorraine se distingue par sa diversit\u00e9, qu\u2019elle soit g\u00e9ographique, disciplinaire ou historique. L\u2019\u00e9tablissement dispose d\u2019une forte culture d\u2019exp\u00e9rimentation et d\u2019adaptation, ce qui en fait un acteur innovant dans l\u2019enseignement sup\u00e9rieur. ... Lire plus","og_url":"https:\/\/www.univ-lorraine.fr\/egalite-diversite-inclusion\/handicap\/projet-uid-cap-inclusion\/","og_site_name":"Egalit\u00e9 diversit\u00e9 Inclusion","article_modified_time":"2026-04-10T08:58:01+00:00","twitter_card":"summary_large_image","twitter_misc":{"Dur\u00e9e de lecture estim\u00e9e":"4 minutes"},"schema":{"@context":"https:\/\/schema.org","@graph":[{"@type":"WebPage","@id":"https:\/\/www.univ-lorraine.fr\/egalite-diversite-inclusion\/handicap\/projet-uid-cap-inclusion\/","url":"https:\/\/www.univ-lorraine.fr\/egalite-diversite-inclusion\/handicap\/projet-uid-cap-inclusion\/","name":"Projet UID - Cap Inclusion - Egalit\u00e9 diversit\u00e9 Inclusion","isPartOf":{"@id":"https:\/\/www.univ-lorraine.fr\/egalite-diversite-inclusion\/#website"},"datePublished":"2026-03-18T09:32:51+00:00","dateModified":"2026-04-10T08:58:01+00:00","breadcrumb":{"@id":"https:\/\/www.univ-lorraine.fr\/egalite-diversite-inclusion\/handicap\/projet-uid-cap-inclusion\/#breadcrumb"},"inLanguage":"fr-FR","potentialAction":[{"@type":"ReadAction","target":["https:\/\/www.univ-lorraine.fr\/egalite-diversite-inclusion\/handicap\/projet-uid-cap-inclusion\/"]}]},{"@type":"BreadcrumbList","@id":"https:\/\/www.univ-lorraine.fr\/egalite-diversite-inclusion\/handicap\/projet-uid-cap-inclusion\/#breadcrumb","itemListElement":[{"@type":"ListItem","position":1,"name":"Accueil","item":"https:\/\/www.univ-lorraine.fr\/egalite-diversite-inclusion\/"},{"@type":"ListItem","position":2,"name":"Handicap","item":"https:\/\/www.univ-lorraine.fr\/egalite-diversite-inclusion\/handicap\/"},{"@type":"ListItem","position":3,"name":"Projet UID &#8211; Cap Inclusion"}]},{"@type":"WebSite","@id":"https:\/\/www.univ-lorraine.fr\/egalite-diversite-inclusion\/#website","url":"https:\/\/www.univ-lorraine.fr\/egalite-diversite-inclusion\/","name":"Egalit\u00e9 diversit\u00e9 Inclusion","description":"","publisher":{"@id":"https:\/\/www.univ-lorraine.fr\/egalite-diversite-inclusion\/#organization"},"potentialAction":[{"@type":"SearchAction","target":{"@type":"EntryPoint","urlTemplate":"https:\/\/www.univ-lorraine.fr\/egalite-diversite-inclusion\/?s={search_term_string}"},"query-input":{"@type":"PropertyValueSpecification","valueRequired":true,"valueName":"search_term_string"}}],"inLanguage":"fr-FR"},{"@type":"Organization","@id":"https:\/\/www.univ-lorraine.fr\/egalite-diversite-inclusion\/#organization","name":"Egalit\u00e9 diversit\u00e9 Inclusion","url":"https:\/\/www.univ-lorraine.fr\/egalite-diversite-inclusion\/","logo":{"@type":"ImageObject","inLanguage":"fr-FR","@id":"https:\/\/www.univ-lorraine.fr\/egalite-diversite-inclusion\/#\/schema\/logo\/image\/","url":"https:\/\/www.univ-lorraine.fr\/egalite-diversite-inclusion\/wp-content\/uploads\/sites\/36\/2022\/04\/ulsengage-2.png","contentUrl":"https:\/\/www.univ-lorraine.fr\/egalite-diversite-inclusion\/wp-content\/uploads\/sites\/36\/2022\/04\/ulsengage-2.png","width":812,"height":287,"caption":"Egalit\u00e9 diversit\u00e9 Inclusion"},"image":{"@id":"https:\/\/www.univ-lorraine.fr\/egalite-diversite-inclusion\/#\/schema\/logo\/image\/"}}]}},"_links":{"self":[{"href":"https:\/\/www.univ-lorraine.fr\/egalite-diversite-inclusion\/wp-json\/wp\/v2\/pages\/1874","targetHints":{"allow":["GET"]}}],"collection":[{"href":"https:\/\/www.univ-lorraine.fr\/egalite-diversite-inclusion\/wp-json\/wp\/v2\/pages"}],"about":[{"href":"https:\/\/www.univ-lorraine.fr\/egalite-diversite-inclusion\/wp-json\/wp\/v2\/types\/page"}],"author":[{"embeddable":true,"href":"https:\/\/www.univ-lorraine.fr\/egalite-diversite-inclusion\/wp-json\/wp\/v2\/users\/3450"}],"replies":[{"embeddable":true,"href":"https:\/\/www.univ-lorraine.fr\/egalite-diversite-inclusion\/wp-json\/wp\/v2\/comments?post=1874"}],"version-history":[{"count":52,"href":"https:\/\/www.univ-lorraine.fr\/egalite-diversite-inclusion\/wp-json\/wp\/v2\/pages\/1874\/revisions"}],"predecessor-version":[{"id":1952,"href":"https:\/\/www.univ-lorraine.fr\/egalite-diversite-inclusion\/wp-json\/wp\/v2\/pages\/1874\/revisions\/1952"}],"up":[{"embeddable":true,"href":"https:\/\/www.univ-lorraine.fr\/egalite-diversite-inclusion\/wp-json\/wp\/v2\/pages\/642"}],"wp:attachment":[{"href":"https:\/\/www.univ-lorraine.fr\/egalite-diversite-inclusion\/wp-json\/wp\/v2\/media?parent=1874"}],"curies":[{"name":"wp","href":"https:\/\/api.w.org\/{rel}","templated":true}]}}