{"id":249,"date":"2022-02-28T09:57:50","date_gmt":"2022-02-28T08:57:50","guid":{"rendered":"https:\/\/www.univ-lorraine.fr\/egalite-diversite-inclusion\/?page_id=249"},"modified":"2026-05-04T18:08:29","modified_gmt":"2026-05-04T16:08:29","slug":"dispositif-decoute-et-de-traitement-des-situations-de-violences-internes","status":"publish","type":"page","link":"https:\/\/www.univ-lorraine.fr\/egalite-diversite-inclusion\/dispositif-decoute-et-de-traitement-des-situations-de-violences-internes\/","title":{"rendered":"Dispositif d&rsquo;\u00e9coute et de traitement des situations de violences internes"},"content":{"rendered":"<div class=\"gb-grid-wrapper gb-grid-wrapper-9a623d7e\">\n<div class=\"gb-grid-column gb-grid-column-36aa182a\"><div class=\"gb-container gb-container-36aa182a\"><div class=\"gb-inside-container\">\n<div class=\"gb-container gb-container-cfaba23b\"><div class=\"gb-inside-container\">\n<div class=\"gb-container gb-container-32bdd554\"><div class=\"gb-inside-container\">\n\n<h3 class=\"gb-headline gb-headline-b4e31706 gb-headline-text\"><strong>Dispositif d&rsquo;\u00e9coute et de traitement des situations de violences internes<\/strong><\/h3>\n\n<\/div><\/div>\n<\/div><\/div>\n\n<div class=\"gb-container gb-container-c4701fa9\"><div class=\"gb-inside-container\">\n<div class=\"gb-container gb-container-8d9e3985\"><div class=\"gb-inside-container\">\n\n<a class=\"gb-button gb-button-392d1e7a gb-button-text\" href=\"https:\/\/stop-violences.univ-lorraine.fr\/\" target=\"_blank\" rel=\"noopener noreferrer\" aria-label=\"Portail de signalement de l'Universit\u00e9 de Lorraine, stop-violences.univ-lorraine.fr\">Portail de signalement de l&rsquo;Universit\u00e9 de Lorraine<br>(stop-violences.univ-lorraine.fr)<\/a>\n\n\n\n<p class=\"has-text-align-center\"><strong><a href=\"m&#97;&#105;&#x6c;&#x74;&#x6f;&#x3a;s&#116;&#111;&#112;&#x2d;&#x76;&#x69;ol&#101;&#110;&#x63;&#x65;&#x73;&#64;u&#110;&#105;&#x76;&#x2d;&#x6c;or&#114;&#97;&#x69;&#x6e;&#x65;&#46;f&#114;\" target=\"_blank\" rel=\"noreferrer noopener\"><u>s&#116;&#x6f;&#x70;-&#118;&#x69;&#x6f;l&#101;&#x6e;&#x63;e&#115;&#x40;&#x75;n&#105;&#x76;&#x2d;l&#111;&#114;&#x72;&#x61;i&#110;&#x65;&#x2e;f&#114;<\/u><\/a><\/strong><\/p>\n\n\n\n<p class=\"has-text-align-center\">06 38 97 73 91<\/p>\n\n\n\n<p class=\"gb-headline gb-headline-38a0514c gb-headline-text\"><em>Ce dispositif est ind\u00e9pendant d\u2019une d\u00e9marche externe initi\u00e9e par la victime (d\u00e9p\u00f4t de plainte, contact d\u2019une association, etc.).<\/em><\/p>\n\n<\/div><\/div>\n<\/div><\/div>\n<\/div><\/div><\/div>\n\n<div class=\"gb-grid-column gb-grid-column-d4b53ccf\"><div class=\"gb-container gb-container-d4b53ccf\"><div class=\"gb-inside-container\"><\/div><\/div><\/div>\n<\/div>\n\n\n<div class=\"wp-block-group is-nowrap is-layout-flex wp-container-core-group-is-layout-ad2f72ca wp-block-group-is-layout-flex\">\n<figure class=\"gb-block-image gb-block-image-34a72240\"><img loading=\"lazy\" decoding=\"async\" width=\"148\" height=\"121\" class=\"gb-image gb-image-34a72240\" src=\"https:\/\/www.univ-lorraine.fr\/egalite-diversite-inclusion\/wp-content\/uploads\/sites\/36\/2025\/06\/site-edi-2.jpg\" alt=\"\" title=\"site edi 2\"\/><\/figure>\n\n\n<div class=\"gb-container gb-container-2f0c66d5\">\n\n<h2 class=\"gb-headline gb-headline-b79d4305 gb-headline-text\"> <strong>Les violences internes  :<\/strong><\/h2>\n\n<\/div><\/div>\n\n\n\n<p>Le dispositif d&rsquo;\u00e9coute et de traitement des situations de violences internes de l&rsquo;Universit\u00e9 de Lorraine accueille les personnels, les doctorant\u00b7es et les \u00e9tudiant\u00b7es.<\/p>\n\n\n<div class=\"gb-container gb-container-99187258\">\n\n<p>Un signalement peut \u00eatre d\u00e9pos\u00e9 par tout personnel, doctorant\u00b7e ou \u00e9tudiant\u00b7e pour des faits concernant : <\/p>\n\n\n\n<ul class=\"wp-block-list\">\n<li>des violences sexistes et sexuelles : agression sexuelle, viol, harc\u00e8lement sexuel, injure sexiste&#8230;<\/li>\n\n\n\n<li>du harc\u00e8lement moral au travail, du harc\u00e8lement scolaire et du cyberharc\u00e8lement<\/li>\n\n\n\n<li>des discriminations reposant sur des crit\u00e8res ill\u00e9gaux tels que l&rsquo;\u00e2ge, l&rsquo;origine, l&rsquo;orientation sexuelle, le handicap ainsi que les injures ou agissements \u00e0 caract\u00e8re raciste, sexiste, homophobe, handiphobe, etc.<\/li>\n<\/ul>\n\n\n\n<p>Ces faits peuvent survenir sur les lieux d&rsquo;\u00e9tudes, de travail, de stage, sur internet, ou lors de tout \u00e9v\u00e9nement en lien avec l&rsquo;universit\u00e9.<\/p>\n\n\n\n<div class=\"wp-block-group is-nowrap is-layout-flex wp-container-core-group-is-layout-ad2f72ca wp-block-group-is-layout-flex\"><div class=\"gb-container gb-container-910ff6f4\">\n\n<figure class=\"gb-block-image gb-block-image-8e78b616\"><img loading=\"lazy\" decoding=\"async\" width=\"147\" height=\"149\" class=\"gb-image gb-image-8e78b616\" src=\"https:\/\/www.univ-lorraine.fr\/egalite-diversite-inclusion\/wp-content\/uploads\/sites\/36\/2025\/06\/site-edi.jpg\" alt=\"\" title=\"site edi\"\/><\/figure>\n\n<\/div>\n\n\n<h2 class=\"gb-headline gb-headline-641d5bd6 gb-headline-text\">Que vous soyez victime ou t\u00e9moin, vous pouvez mobiliser le dispositif <\/h2>\n<\/div>\n\n<\/div>\n\n\n<ul class=\"wp-block-list\">\n<li><strong>en d\u00e9posant un signalement sur le portail du dispositif&nbsp;<\/strong><a href=\"https:\/\/stop-violences.univ-lorraine.fr\/\"><strong>stop-violences.univ-lorraine.fr<\/strong><\/a><\/li>\n\n\n\n<li>en \u00e9crivant \u00e0 <a href=\"&#x6d;&#x61;&#x69;&#x6c;&#116;&#111;&#58;st&#x6f;&#x70;&#x2d;&#x76;&#x69;&#111;&#108;&#101;nc&#x65;&#x73;&#x40;&#x75;&#x6e;&#105;&#118;&#45;lo&#x72;&#x72;&#x61;&#x69;&#x6e;&#101;&#46;&#102;r\"><u>stop&#45;&#118;&#105;&#111;&#108;&#x65;&#x6e;&#x63;&#x65;&#x73;&#x40;&#x75;niv-&#108;&#111;&#114;&#114;&#97;&#x69;&#x6e;&#x65;&#x2e;&#x66;&#x72;<\/u><\/a> : votre courriel sera re\u00e7u par les acteurs et actrices du dispositif cit\u00e9s ci-apr\u00e8s, et pris en charge par la coordinatrice du dispositif.<\/li>\n\n\n\n<li>en contactant le <strong>06 38 97 73 91<\/strong> : votre appel ou votre SMS sera pris en charge par la coordinatrice du dispositif. <\/li>\n<\/ul>\n\n\n\n<p><strong>Un entretien vous sera propos\u00e9 aupr\u00e8s d&rsquo;un bin\u00f4me d&rsquo;\u00e9coute afin de vous accompagner dans un cadre confidentiel.<\/strong><\/p>\n\n\n\n<div class=\"wp-block-buttons is-content-justification-center is-layout-flex wp-container-core-buttons-is-layout-16018d1d wp-block-buttons-is-layout-flex\">\n<div class=\"wp-block-button\"><a class=\"wp-block-button__link wp-element-button\" href=\"https:\/\/www.univ-lorraine.fr\/egalite-diversite-inclusion\/wp-content\/uploads\/sites\/36\/2024\/08\/flyer_violences_internes_a5.pdf\" target=\"_blank\" rel=\"noreferrer noopener\">T\u00e9l\u00e9charger le flyer de pr\u00e9sentation du dispositif<\/a><\/div>\n<\/div>\n\n\n\n<div class=\"wp-block-group is-nowrap is-layout-flex wp-container-core-group-is-layout-ad2f72ca wp-block-group-is-layout-flex\"><div class=\"gb-container gb-container-2ea7d8b9\">\n\n<figure class=\"gb-block-image gb-block-image-a78e9002\"><img loading=\"lazy\" decoding=\"async\" width=\"139\" height=\"139\" class=\"gb-image gb-image-a78e9002\" src=\"https:\/\/www.univ-lorraine.fr\/egalite-diversite-inclusion\/wp-content\/uploads\/sites\/36\/2025\/06\/site-edi-3.jpg\" alt=\"\" title=\"site edi 3\"\/><\/figure>\n\n<\/div>\n\n\n<h2 class=\"gb-headline gb-headline-e23520a6 gb-headline-text\">Les acteurs et actrices du dispositif <\/h2>\n<\/div>\n\n\n<div class=\"gb-container gb-container-497139d3\">\n\n<p>Le dispositif est pilot\u00e9 par la d\u00e9l\u00e9gation \u00e0 l\u2019Am\u00e9lioration des relations et \u00e0 la r\u00e9gulation des conflits (ARRC), au sein du p\u00f4le de comp\u00e9tences et de services <a href=\"https:\/\/www.univ-lorraine.fr\/luniversite-de-lorraine\/gouvernance-administrative-de-luniversite\" target=\"_blank\" rel=\"noreferrer noopener\"><strong>\u00ab\u00a0Relations humaines et sociales, pr\u00e9vention et conditions de travail\u00a0\u00bb<\/strong><\/a>.<\/p>\n\n\n\n<h3 class=\"gb-headline gb-headline-8f3740fe gb-headline-text\"><strong>Gestion et Pilotage<\/strong><\/h3>\n\n\n\n<ul class=\"wp-block-list\">\n<li><strong>Nadja Formet<\/strong>, d\u00e9l\u00e9gu\u00e9e \u00e0 l\u2019am\u00e9lioration des relations et \u00e0 la r\u00e9gulation des conflits<\/li>\n\n\n\n<li><strong>Anne-Sophie Clerc-Personne<\/strong>, coordinatrice du dispositif<\/li>\n<\/ul>\n\n\n\n<h3 class=\"gb-headline gb-headline-9b94a05f gb-headline-text\"><strong>Bin\u00f4mes d&rsquo;\u00e9coute et de suivi des signalements<\/strong><\/h3>\n\n\n\n<p>par un bin\u00f4me de psychologues : <strong>Barth\u00e9lemy Ledig<\/strong>, <strong>Morgane Brasselet-Vincent<\/strong>, <strong>Mathieu P\u00e9rin<\/strong> et <strong>Laura Tarral<\/strong>.<\/p>\n\n\n\n<pre class=\"wp-block-preformatted\">L\u2019Universit\u00e9 de Lorraine se veut r\u00e9solument engag\u00e9e. Elle s\u2019est construite autour de valeurs fortes, qu\u2019elle a tenu \u00e0 afficher dans sa Charte des valeurs. Elle s\u2019investit donc pour l\u2019<a href=\"https:\/\/www.univ-lorraine.fr\/egalite-diversite-inclusion\/notre-engagement\/\">\u00e9galit\u00e9, la diversit\u00e9 et l\u2019inclusion (EDI)<\/a> de tous et toutes, \u00e0 travers plusieurs actions. <br>En tant qu\u2019universit\u00e9 engag\u00e9e et responsable, l\u2019Universit\u00e9 de Lorraine lutte contre toute forme de violence et\/ou de discrimination afin d\u2019assurer \u00e0 l\u2019ensemble de ses personnels, doctorant\u00b7es et \u00e9tudiant\u00b7es les meilleures conditions de travail et d\u2019\u00e9tudes possibles.<br>En 2024, elle r\u00e9affirme son engagement en fusionnant ses dispositifs existants en un dispositif unique d\u2019\u00e9coute et de traitement des situations de violences internes, accessible \u00e0 l\u2019ensemble de la communaut\u00e9 universitaire.En 2026, la mise en place d\u2019une plateforme de signalement contribue \u00e0 structurer l\u2019action du dispositif en permettant de faciliter la lib\u00e9ration de la parole et d\u2019accro\u00eetre l\u2019efficacit\u00e9 de sa prise en charge.<\/pre>\n\n\n\n<p><\/p>\n\n\n\n<p><\/p>\n\n\n\n<p><\/p>\n\n<\/div>","protected":false},"excerpt":{"rendered":"<p>Les violences internes : Le dispositif d&rsquo;\u00e9coute et de traitement des situations de violences internes de l&rsquo;Universit\u00e9 de Lorraine accueille les personnels, les doctorant\u00b7es et les \u00e9tudiant\u00b7es. Un signalement peut \u00eatre d\u00e9pos\u00e9 par tout personnel, doctorant\u00b7e ou \u00e9tudiant\u00b7e pour des faits concernant : Ces faits peuvent survenir sur les lieux d&rsquo;\u00e9tudes, de travail, de stage, &#8230; <a title=\"Dispositif d&rsquo;\u00e9coute et de traitement des situations de violences internes\" class=\"read-more\" href=\"https:\/\/www.univ-lorraine.fr\/egalite-diversite-inclusion\/dispositif-decoute-et-de-traitement-des-situations-de-violences-internes\/\" aria-label=\"En savoir plus sur Dispositif d&rsquo;\u00e9coute et de traitement des situations de violences internes\">Lire plus<\/a><\/p>\n","protected":false},"author":7,"featured_media":0,"parent":0,"menu_order":0,"comment_status":"closed","ping_status":"closed","template":"","meta":{"inline_featured_image":false,"footnotes":""},"class_list":["post-249","page","type-page","status-publish"],"yoast_head":"<!-- This site is optimized with the Yoast SEO plugin v27.4 - https:\/\/yoast.com\/product\/yoast-seo-wordpress\/ -->\n<title>Dispositif d&#039;\u00e9coute et de traitement des situations de violences internes<\/title>\n<meta name=\"description\" content=\"L\u2019Universit\u00e9 de Lorraine a mis en place un dispositif d\u2019accompagnement face aux situations de violences internes.\" \/>\n<meta name=\"robots\" content=\"index, follow, max-snippet:-1, max-image-preview:large, max-video-preview:-1\" \/>\n<link rel=\"canonical\" href=\"https:\/\/www.univ-lorraine.fr\/egalite-diversite-inclusion\/dispositif-decoute-et-de-traitement-des-situations-de-violences-internes\/\" \/>\n<meta property=\"og:locale\" content=\"fr_FR\" \/>\n<meta property=\"og:type\" content=\"article\" \/>\n<meta property=\"og:title\" content=\"Dispositif d&#039;\u00e9coute et de traitement des situations de violences internes\" \/>\n<meta property=\"og:description\" content=\"L\u2019Universit\u00e9 de Lorraine a mis en place un dispositif d\u2019accompagnement face aux situations de violences internes.\" \/>\n<meta property=\"og:url\" content=\"https:\/\/www.univ-lorraine.fr\/egalite-diversite-inclusion\/dispositif-decoute-et-de-traitement-des-situations-de-violences-internes\/\" \/>\n<meta property=\"og:site_name\" content=\"Egalit\u00e9 diversit\u00e9 Inclusion\" \/>\n<meta property=\"article:modified_time\" content=\"2026-05-04T16:08:29+00:00\" \/>\n<meta property=\"og:image\" content=\"https:\/\/www.univ-lorraine.fr\/egalite-diversite-inclusion\/wp-content\/uploads\/sites\/36\/2025\/06\/site-edi-2.jpg\" \/>\n<meta name=\"twitter:card\" content=\"summary_large_image\" \/>\n<meta name=\"twitter:label1\" content=\"Dur\u00e9e de lecture estim\u00e9e\" \/>\n\t<meta name=\"twitter:data1\" content=\"3 minutes\" \/>\n<script type=\"application\/ld+json\" class=\"yoast-schema-graph\">{\"@context\":\"https:\\\/\\\/schema.org\",\"@graph\":[{\"@type\":\"WebPage\",\"@id\":\"https:\\\/\\\/www.univ-lorraine.fr\\\/egalite-diversite-inclusion\\\/dispositif-decoute-et-de-traitement-des-situations-de-violences-internes\\\/\",\"url\":\"https:\\\/\\\/www.univ-lorraine.fr\\\/egalite-diversite-inclusion\\\/dispositif-decoute-et-de-traitement-des-situations-de-violences-internes\\\/\",\"name\":\"Dispositif d'\u00e9coute et de traitement des situations de violences internes\",\"isPartOf\":{\"@id\":\"https:\\\/\\\/www.univ-lorraine.fr\\\/egalite-diversite-inclusion\\\/#website\"},\"primaryImageOfPage\":{\"@id\":\"https:\\\/\\\/www.univ-lorraine.fr\\\/egalite-diversite-inclusion\\\/dispositif-decoute-et-de-traitement-des-situations-de-violences-internes\\\/#primaryimage\"},\"image\":{\"@id\":\"https:\\\/\\\/www.univ-lorraine.fr\\\/egalite-diversite-inclusion\\\/dispositif-decoute-et-de-traitement-des-situations-de-violences-internes\\\/#primaryimage\"},\"thumbnailUrl\":\"https:\\\/\\\/www.univ-lorraine.fr\\\/egalite-diversite-inclusion\\\/wp-content\\\/uploads\\\/sites\\\/36\\\/2025\\\/06\\\/site-edi-2.jpg\",\"datePublished\":\"2022-02-28T08:57:50+00:00\",\"dateModified\":\"2026-05-04T16:08:29+00:00\",\"description\":\"L\u2019Universit\u00e9 de Lorraine a mis en place un dispositif d\u2019accompagnement face aux situations de violences internes.\",\"breadcrumb\":{\"@id\":\"https:\\\/\\\/www.univ-lorraine.fr\\\/egalite-diversite-inclusion\\\/dispositif-decoute-et-de-traitement-des-situations-de-violences-internes\\\/#breadcrumb\"},\"inLanguage\":\"fr-FR\",\"potentialAction\":[{\"@type\":\"ReadAction\",\"target\":[\"https:\\\/\\\/www.univ-lorraine.fr\\\/egalite-diversite-inclusion\\\/dispositif-decoute-et-de-traitement-des-situations-de-violences-internes\\\/\"]}]},{\"@type\":\"ImageObject\",\"inLanguage\":\"fr-FR\",\"@id\":\"https:\\\/\\\/www.univ-lorraine.fr\\\/egalite-diversite-inclusion\\\/dispositif-decoute-et-de-traitement-des-situations-de-violences-internes\\\/#primaryimage\",\"url\":\"https:\\\/\\\/www.univ-lorraine.fr\\\/egalite-diversite-inclusion\\\/wp-content\\\/uploads\\\/sites\\\/36\\\/2025\\\/06\\\/site-edi-2.jpg\",\"contentUrl\":\"https:\\\/\\\/www.univ-lorraine.fr\\\/egalite-diversite-inclusion\\\/wp-content\\\/uploads\\\/sites\\\/36\\\/2025\\\/06\\\/site-edi-2.jpg\",\"width\":148,\"height\":121},{\"@type\":\"BreadcrumbList\",\"@id\":\"https:\\\/\\\/www.univ-lorraine.fr\\\/egalite-diversite-inclusion\\\/dispositif-decoute-et-de-traitement-des-situations-de-violences-internes\\\/#breadcrumb\",\"itemListElement\":[{\"@type\":\"ListItem\",\"position\":1,\"name\":\"Accueil\",\"item\":\"https:\\\/\\\/www.univ-lorraine.fr\\\/egalite-diversite-inclusion\\\/\"},{\"@type\":\"ListItem\",\"position\":2,\"name\":\"Dispositif d&rsquo;\u00e9coute et de traitement des situations de violences internes\"}]},{\"@type\":\"WebSite\",\"@id\":\"https:\\\/\\\/www.univ-lorraine.fr\\\/egalite-diversite-inclusion\\\/#website\",\"url\":\"https:\\\/\\\/www.univ-lorraine.fr\\\/egalite-diversite-inclusion\\\/\",\"name\":\"Egalit\u00e9 diversit\u00e9 Inclusion\",\"description\":\"\",\"publisher\":{\"@id\":\"https:\\\/\\\/www.univ-lorraine.fr\\\/egalite-diversite-inclusion\\\/#organization\"},\"potentialAction\":[{\"@type\":\"SearchAction\",\"target\":{\"@type\":\"EntryPoint\",\"urlTemplate\":\"https:\\\/\\\/www.univ-lorraine.fr\\\/egalite-diversite-inclusion\\\/?s={search_term_string}\"},\"query-input\":{\"@type\":\"PropertyValueSpecification\",\"valueRequired\":true,\"valueName\":\"search_term_string\"}}],\"inLanguage\":\"fr-FR\"},{\"@type\":\"Organization\",\"@id\":\"https:\\\/\\\/www.univ-lorraine.fr\\\/egalite-diversite-inclusion\\\/#organization\",\"name\":\"Egalit\u00e9 diversit\u00e9 Inclusion\",\"url\":\"https:\\\/\\\/www.univ-lorraine.fr\\\/egalite-diversite-inclusion\\\/\",\"logo\":{\"@type\":\"ImageObject\",\"inLanguage\":\"fr-FR\",\"@id\":\"https:\\\/\\\/www.univ-lorraine.fr\\\/egalite-diversite-inclusion\\\/#\\\/schema\\\/logo\\\/image\\\/\",\"url\":\"https:\\\/\\\/www.univ-lorraine.fr\\\/egalite-diversite-inclusion\\\/wp-content\\\/uploads\\\/sites\\\/36\\\/2022\\\/04\\\/ulsengage-2.png\",\"contentUrl\":\"https:\\\/\\\/www.univ-lorraine.fr\\\/egalite-diversite-inclusion\\\/wp-content\\\/uploads\\\/sites\\\/36\\\/2022\\\/04\\\/ulsengage-2.png\",\"width\":812,\"height\":287,\"caption\":\"Egalit\u00e9 diversit\u00e9 Inclusion\"},\"image\":{\"@id\":\"https:\\\/\\\/www.univ-lorraine.fr\\\/egalite-diversite-inclusion\\\/#\\\/schema\\\/logo\\\/image\\\/\"}}]}<\/script>\n<!-- \/ Yoast SEO plugin. -->","yoast_head_json":{"title":"Dispositif d'\u00e9coute et de traitement des situations de violences internes","description":"L\u2019Universit\u00e9 de Lorraine a mis en place un dispositif d\u2019accompagnement face aux situations de violences internes.","robots":{"index":"index","follow":"follow","max-snippet":"max-snippet:-1","max-image-preview":"max-image-preview:large","max-video-preview":"max-video-preview:-1"},"canonical":"https:\/\/www.univ-lorraine.fr\/egalite-diversite-inclusion\/dispositif-decoute-et-de-traitement-des-situations-de-violences-internes\/","og_locale":"fr_FR","og_type":"article","og_title":"Dispositif d'\u00e9coute et de traitement des situations de violences internes","og_description":"L\u2019Universit\u00e9 de Lorraine a mis en place un dispositif d\u2019accompagnement face aux situations de violences internes.","og_url":"https:\/\/www.univ-lorraine.fr\/egalite-diversite-inclusion\/dispositif-decoute-et-de-traitement-des-situations-de-violences-internes\/","og_site_name":"Egalit\u00e9 diversit\u00e9 Inclusion","article_modified_time":"2026-05-04T16:08:29+00:00","og_image":[{"url":"https:\/\/www.univ-lorraine.fr\/egalite-diversite-inclusion\/wp-content\/uploads\/sites\/36\/2025\/06\/site-edi-2.jpg","type":"","width":"","height":""}],"twitter_card":"summary_large_image","twitter_misc":{"Dur\u00e9e de lecture estim\u00e9e":"3 minutes"},"schema":{"@context":"https:\/\/schema.org","@graph":[{"@type":"WebPage","@id":"https:\/\/www.univ-lorraine.fr\/egalite-diversite-inclusion\/dispositif-decoute-et-de-traitement-des-situations-de-violences-internes\/","url":"https:\/\/www.univ-lorraine.fr\/egalite-diversite-inclusion\/dispositif-decoute-et-de-traitement-des-situations-de-violences-internes\/","name":"Dispositif d'\u00e9coute et de traitement des situations de violences internes","isPartOf":{"@id":"https:\/\/www.univ-lorraine.fr\/egalite-diversite-inclusion\/#website"},"primaryImageOfPage":{"@id":"https:\/\/www.univ-lorraine.fr\/egalite-diversite-inclusion\/dispositif-decoute-et-de-traitement-des-situations-de-violences-internes\/#primaryimage"},"image":{"@id":"https:\/\/www.univ-lorraine.fr\/egalite-diversite-inclusion\/dispositif-decoute-et-de-traitement-des-situations-de-violences-internes\/#primaryimage"},"thumbnailUrl":"https:\/\/www.univ-lorraine.fr\/egalite-diversite-inclusion\/wp-content\/uploads\/sites\/36\/2025\/06\/site-edi-2.jpg","datePublished":"2022-02-28T08:57:50+00:00","dateModified":"2026-05-04T16:08:29+00:00","description":"L\u2019Universit\u00e9 de Lorraine a mis en place un dispositif d\u2019accompagnement face aux situations de violences internes.","breadcrumb":{"@id":"https:\/\/www.univ-lorraine.fr\/egalite-diversite-inclusion\/dispositif-decoute-et-de-traitement-des-situations-de-violences-internes\/#breadcrumb"},"inLanguage":"fr-FR","potentialAction":[{"@type":"ReadAction","target":["https:\/\/www.univ-lorraine.fr\/egalite-diversite-inclusion\/dispositif-decoute-et-de-traitement-des-situations-de-violences-internes\/"]}]},{"@type":"ImageObject","inLanguage":"fr-FR","@id":"https:\/\/www.univ-lorraine.fr\/egalite-diversite-inclusion\/dispositif-decoute-et-de-traitement-des-situations-de-violences-internes\/#primaryimage","url":"https:\/\/www.univ-lorraine.fr\/egalite-diversite-inclusion\/wp-content\/uploads\/sites\/36\/2025\/06\/site-edi-2.jpg","contentUrl":"https:\/\/www.univ-lorraine.fr\/egalite-diversite-inclusion\/wp-content\/uploads\/sites\/36\/2025\/06\/site-edi-2.jpg","width":148,"height":121},{"@type":"BreadcrumbList","@id":"https:\/\/www.univ-lorraine.fr\/egalite-diversite-inclusion\/dispositif-decoute-et-de-traitement-des-situations-de-violences-internes\/#breadcrumb","itemListElement":[{"@type":"ListItem","position":1,"name":"Accueil","item":"https:\/\/www.univ-lorraine.fr\/egalite-diversite-inclusion\/"},{"@type":"ListItem","position":2,"name":"Dispositif d&rsquo;\u00e9coute et de traitement des situations de violences internes"}]},{"@type":"WebSite","@id":"https:\/\/www.univ-lorraine.fr\/egalite-diversite-inclusion\/#website","url":"https:\/\/www.univ-lorraine.fr\/egalite-diversite-inclusion\/","name":"Egalit\u00e9 diversit\u00e9 Inclusion","description":"","publisher":{"@id":"https:\/\/www.univ-lorraine.fr\/egalite-diversite-inclusion\/#organization"},"potentialAction":[{"@type":"SearchAction","target":{"@type":"EntryPoint","urlTemplate":"https:\/\/www.univ-lorraine.fr\/egalite-diversite-inclusion\/?s={search_term_string}"},"query-input":{"@type":"PropertyValueSpecification","valueRequired":true,"valueName":"search_term_string"}}],"inLanguage":"fr-FR"},{"@type":"Organization","@id":"https:\/\/www.univ-lorraine.fr\/egalite-diversite-inclusion\/#organization","name":"Egalit\u00e9 diversit\u00e9 Inclusion","url":"https:\/\/www.univ-lorraine.fr\/egalite-diversite-inclusion\/","logo":{"@type":"ImageObject","inLanguage":"fr-FR","@id":"https:\/\/www.univ-lorraine.fr\/egalite-diversite-inclusion\/#\/schema\/logo\/image\/","url":"https:\/\/www.univ-lorraine.fr\/egalite-diversite-inclusion\/wp-content\/uploads\/sites\/36\/2022\/04\/ulsengage-2.png","contentUrl":"https:\/\/www.univ-lorraine.fr\/egalite-diversite-inclusion\/wp-content\/uploads\/sites\/36\/2022\/04\/ulsengage-2.png","width":812,"height":287,"caption":"Egalit\u00e9 diversit\u00e9 Inclusion"},"image":{"@id":"https:\/\/www.univ-lorraine.fr\/egalite-diversite-inclusion\/#\/schema\/logo\/image\/"}}]}},"_links":{"self":[{"href":"https:\/\/www.univ-lorraine.fr\/egalite-diversite-inclusion\/wp-json\/wp\/v2\/pages\/249","targetHints":{"allow":["GET"]}}],"collection":[{"href":"https:\/\/www.univ-lorraine.fr\/egalite-diversite-inclusion\/wp-json\/wp\/v2\/pages"}],"about":[{"href":"https:\/\/www.univ-lorraine.fr\/egalite-diversite-inclusion\/wp-json\/wp\/v2\/types\/page"}],"author":[{"embeddable":true,"href":"https:\/\/www.univ-lorraine.fr\/egalite-diversite-inclusion\/wp-json\/wp\/v2\/users\/7"}],"replies":[{"embeddable":true,"href":"https:\/\/www.univ-lorraine.fr\/egalite-diversite-inclusion\/wp-json\/wp\/v2\/comments?post=249"}],"version-history":[{"count":35,"href":"https:\/\/www.univ-lorraine.fr\/egalite-diversite-inclusion\/wp-json\/wp\/v2\/pages\/249\/revisions"}],"predecessor-version":[{"id":1975,"href":"https:\/\/www.univ-lorraine.fr\/egalite-diversite-inclusion\/wp-json\/wp\/v2\/pages\/249\/revisions\/1975"}],"wp:attachment":[{"href":"https:\/\/www.univ-lorraine.fr\/egalite-diversite-inclusion\/wp-json\/wp\/v2\/media?parent=249"}],"curies":[{"name":"wp","href":"https:\/\/api.w.org\/{rel}","templated":true}]}}