{"id":276,"date":"2022-03-01T11:48:39","date_gmt":"2022-03-01T10:48:39","guid":{"rendered":"https:\/\/www.univ-lorraine.fr\/egalite-diversite-inclusion\/?page_id=276"},"modified":"2024-08-26T17:22:35","modified_gmt":"2024-08-26T15:22:35","slug":"identite-genre-orientation-sexuelle","status":"publish","type":"page","link":"https:\/\/www.univ-lorraine.fr\/egalite-diversite-inclusion\/identite-genre-orientation-sexuelle\/","title":{"rendered":"Identit\u00e9 de genre et orientation sexuelle"},"content":{"rendered":"<div class=\"gb-grid-wrapper gb-grid-wrapper-2ffd83c6\">\n<div class=\"gb-grid-column gb-grid-column-aff10c2f\"><div class=\"gb-container gb-container-aff10c2f\"><div class=\"gb-inside-container\">\n<div class=\"gb-container gb-container-501c4693\"><div class=\"gb-inside-container\">\n<div class=\"gb-container gb-container-b14a3719\"><div class=\"gb-inside-container\">\n\n<h2 class=\"gb-headline gb-headline-29a279fc gb-headline-text\">Identit\u00e9 de genre<\/h2>\n\n\n\n<p class=\"gb-headline gb-headline-49f265e9 gb-headline-text\">L\u2019Universit\u00e9 de Lorraine s\u2019est engag\u00e9e \u00e0 faciliter le choix du pr\u00e9nom d\u2019usage par toute personne sur simple demande. A travers cette politique, l\u2019\u00e9tablissement r\u00e9affirme son engagement d\u2019\u00e9galit\u00e9 vis-\u00e0-vis de la communaut\u00e9 LGBT+.<\/p>\n\n<\/div><\/div>\n<\/div><\/div>\n\n<div class=\"gb-container gb-container-72d8cbd8\"><div class=\"gb-inside-container\">\n<div class=\"gb-container gb-container-0d779c7f\"><div class=\"gb-inside-container\">\n\n<h2 class=\"gb-headline gb-headline-9bf84117 gb-headline-text\">Orientation sexuelle <\/h2>\n\n\n\n<p class=\"gb-headline gb-headline-5dff365d gb-headline-text\">La lutte contre la LGBTphobie se traduit \u00e9galement par des actions en vue de garantir une libert\u00e9 d\u2019orientation sexuelle chez les \u00e9tudiantes, les \u00e9tudiants et les personnels de l\u2019\u00e9tablissement. De mani\u00e8re concr\u00e8te, des s\u00e9quences de communication et de sensibilisation sont organis\u00e9es au sein de l\u2019universit\u00e9.<\/p>\n\n<\/div><\/div>\n<\/div><\/div>\n<\/div><\/div><\/div>\n\n<div class=\"gb-grid-column gb-grid-column-ed261abf\"><div class=\"gb-container gb-container-ed261abf\"><div class=\"gb-inside-container\"><\/div><\/div><\/div>\n<\/div>\n\n\n<div class=\"wp-block-buttons is-content-justification-center is-layout-flex wp-container-core-buttons-is-layout-16018d1d wp-block-buttons-is-layout-flex\">\n<div class=\"wp-block-button\"><a class=\"wp-block-button__link wp-element-button\" href=\"https:\/\/www.univ-lorraine.fr\/egalite-diversite-inclusion\/wp-content\/uploads\/sites\/36\/2024\/08\/flyer-lgbt_rentree-2024_light-1.pdf\" target=\"_blank\" rel=\"noreferrer noopener\">T\u00e9l\u00e9charger le guide <em>Etudiant\u00b7e\u00b7s LGBTQIA+ : nous sommes \u00e0 votre \u00e9coute !<\/em><\/a><\/div>\n<\/div>\n\n\n<div class=\"gb-container gb-container-7bdd0464\"><div class=\"gb-inside-container\">\n\n<p class=\"has-text-align-center\"><\/p>\n\n<\/div><\/div>","protected":false},"excerpt":{"rendered":"","protected":false},"author":88,"featured_media":0,"parent":0,"menu_order":0,"comment_status":"closed","ping_status":"closed","template":"","meta":{"inline_featured_image":false,"footnotes":""},"class_list":["post-276","page","type-page","status-publish"],"yoast_head":"<!-- This site is optimized with the Yoast SEO plugin v27.4 - https:\/\/yoast.com\/product\/yoast-seo-wordpress\/ -->\n<title>Identit\u00e9 de genre et orientation sexuelle - Egalit\u00e9 diversit\u00e9 Inclusion<\/title>\n<meta name=\"description\" content=\"Lutter contre la LGBTphobie est un axe fort de l\u2019EDI \u00e0 l\u2019Universit\u00e9 de Lorraine, qui reconnait le choix du genre et de son orientation.\" \/>\n<meta name=\"robots\" content=\"index, follow, max-snippet:-1, max-image-preview:large, max-video-preview:-1\" \/>\n<link rel=\"canonical\" href=\"https:\/\/www.univ-lorraine.fr\/egalite-diversite-inclusion\/identite-genre-orientation-sexuelle\/\" \/>\n<meta property=\"og:locale\" content=\"fr_FR\" \/>\n<meta property=\"og:type\" content=\"article\" \/>\n<meta property=\"og:title\" content=\"Identit\u00e9 de genre et orientation sexuelle - Egalit\u00e9 diversit\u00e9 Inclusion\" \/>\n<meta property=\"og:description\" content=\"Lutter contre la LGBTphobie est un axe fort de l\u2019EDI \u00e0 l\u2019Universit\u00e9 de Lorraine, qui reconnait le choix du genre et de son orientation.\" \/>\n<meta property=\"og:url\" content=\"https:\/\/www.univ-lorraine.fr\/egalite-diversite-inclusion\/identite-genre-orientation-sexuelle\/\" \/>\n<meta property=\"og:site_name\" content=\"Egalit\u00e9 diversit\u00e9 Inclusion\" \/>\n<meta property=\"article:modified_time\" content=\"2024-08-26T15:22:35+00:00\" \/>\n<meta name=\"twitter:card\" content=\"summary_large_image\" \/>\n<meta name=\"twitter:label1\" content=\"Dur\u00e9e de lecture estim\u00e9e\" \/>\n\t<meta name=\"twitter:data1\" content=\"1 minute\" \/>\n<script type=\"application\/ld+json\" class=\"yoast-schema-graph\">{\"@context\":\"https:\\\/\\\/schema.org\",\"@graph\":[{\"@type\":\"WebPage\",\"@id\":\"https:\\\/\\\/www.univ-lorraine.fr\\\/egalite-diversite-inclusion\\\/identite-genre-orientation-sexuelle\\\/\",\"url\":\"https:\\\/\\\/www.univ-lorraine.fr\\\/egalite-diversite-inclusion\\\/identite-genre-orientation-sexuelle\\\/\",\"name\":\"Identit\u00e9 de genre et orientation sexuelle - Egalit\u00e9 diversit\u00e9 Inclusion\",\"isPartOf\":{\"@id\":\"https:\\\/\\\/www.univ-lorraine.fr\\\/egalite-diversite-inclusion\\\/#website\"},\"datePublished\":\"2022-03-01T10:48:39+00:00\",\"dateModified\":\"2024-08-26T15:22:35+00:00\",\"description\":\"Lutter contre la LGBTphobie est un axe fort de l\u2019EDI \u00e0 l\u2019Universit\u00e9 de Lorraine, qui reconnait le choix du genre et de son orientation.\",\"breadcrumb\":{\"@id\":\"https:\\\/\\\/www.univ-lorraine.fr\\\/egalite-diversite-inclusion\\\/identite-genre-orientation-sexuelle\\\/#breadcrumb\"},\"inLanguage\":\"fr-FR\",\"potentialAction\":[{\"@type\":\"ReadAction\",\"target\":[\"https:\\\/\\\/www.univ-lorraine.fr\\\/egalite-diversite-inclusion\\\/identite-genre-orientation-sexuelle\\\/\"]}]},{\"@type\":\"BreadcrumbList\",\"@id\":\"https:\\\/\\\/www.univ-lorraine.fr\\\/egalite-diversite-inclusion\\\/identite-genre-orientation-sexuelle\\\/#breadcrumb\",\"itemListElement\":[{\"@type\":\"ListItem\",\"position\":1,\"name\":\"Accueil\",\"item\":\"https:\\\/\\\/www.univ-lorraine.fr\\\/egalite-diversite-inclusion\\\/\"},{\"@type\":\"ListItem\",\"position\":2,\"name\":\"Identit\u00e9 de genre et orientation sexuelle\"}]},{\"@type\":\"WebSite\",\"@id\":\"https:\\\/\\\/www.univ-lorraine.fr\\\/egalite-diversite-inclusion\\\/#website\",\"url\":\"https:\\\/\\\/www.univ-lorraine.fr\\\/egalite-diversite-inclusion\\\/\",\"name\":\"Egalit\u00e9 diversit\u00e9 Inclusion\",\"description\":\"\",\"publisher\":{\"@id\":\"https:\\\/\\\/www.univ-lorraine.fr\\\/egalite-diversite-inclusion\\\/#organization\"},\"potentialAction\":[{\"@type\":\"SearchAction\",\"target\":{\"@type\":\"EntryPoint\",\"urlTemplate\":\"https:\\\/\\\/www.univ-lorraine.fr\\\/egalite-diversite-inclusion\\\/?s={search_term_string}\"},\"query-input\":{\"@type\":\"PropertyValueSpecification\",\"valueRequired\":true,\"valueName\":\"search_term_string\"}}],\"inLanguage\":\"fr-FR\"},{\"@type\":\"Organization\",\"@id\":\"https:\\\/\\\/www.univ-lorraine.fr\\\/egalite-diversite-inclusion\\\/#organization\",\"name\":\"Egalit\u00e9 diversit\u00e9 Inclusion\",\"url\":\"https:\\\/\\\/www.univ-lorraine.fr\\\/egalite-diversite-inclusion\\\/\",\"logo\":{\"@type\":\"ImageObject\",\"inLanguage\":\"fr-FR\",\"@id\":\"https:\\\/\\\/www.univ-lorraine.fr\\\/egalite-diversite-inclusion\\\/#\\\/schema\\\/logo\\\/image\\\/\",\"url\":\"https:\\\/\\\/www.univ-lorraine.fr\\\/egalite-diversite-inclusion\\\/wp-content\\\/uploads\\\/sites\\\/36\\\/2022\\\/04\\\/ulsengage-2.png\",\"contentUrl\":\"https:\\\/\\\/www.univ-lorraine.fr\\\/egalite-diversite-inclusion\\\/wp-content\\\/uploads\\\/sites\\\/36\\\/2022\\\/04\\\/ulsengage-2.png\",\"width\":812,\"height\":287,\"caption\":\"Egalit\u00e9 diversit\u00e9 Inclusion\"},\"image\":{\"@id\":\"https:\\\/\\\/www.univ-lorraine.fr\\\/egalite-diversite-inclusion\\\/#\\\/schema\\\/logo\\\/image\\\/\"}}]}<\/script>\n<!-- \/ Yoast SEO plugin. -->","yoast_head_json":{"title":"Identit\u00e9 de genre et orientation sexuelle - Egalit\u00e9 diversit\u00e9 Inclusion","description":"Lutter contre la LGBTphobie est un axe fort de l\u2019EDI \u00e0 l\u2019Universit\u00e9 de Lorraine, qui reconnait le choix du genre et de son orientation.","robots":{"index":"index","follow":"follow","max-snippet":"max-snippet:-1","max-image-preview":"max-image-preview:large","max-video-preview":"max-video-preview:-1"},"canonical":"https:\/\/www.univ-lorraine.fr\/egalite-diversite-inclusion\/identite-genre-orientation-sexuelle\/","og_locale":"fr_FR","og_type":"article","og_title":"Identit\u00e9 de genre et orientation sexuelle - Egalit\u00e9 diversit\u00e9 Inclusion","og_description":"Lutter contre la LGBTphobie est un axe fort de l\u2019EDI \u00e0 l\u2019Universit\u00e9 de Lorraine, qui reconnait le choix du genre et de son orientation.","og_url":"https:\/\/www.univ-lorraine.fr\/egalite-diversite-inclusion\/identite-genre-orientation-sexuelle\/","og_site_name":"Egalit\u00e9 diversit\u00e9 Inclusion","article_modified_time":"2024-08-26T15:22:35+00:00","twitter_card":"summary_large_image","twitter_misc":{"Dur\u00e9e de lecture estim\u00e9e":"1 minute"},"schema":{"@context":"https:\/\/schema.org","@graph":[{"@type":"WebPage","@id":"https:\/\/www.univ-lorraine.fr\/egalite-diversite-inclusion\/identite-genre-orientation-sexuelle\/","url":"https:\/\/www.univ-lorraine.fr\/egalite-diversite-inclusion\/identite-genre-orientation-sexuelle\/","name":"Identit\u00e9 de genre et orientation sexuelle - Egalit\u00e9 diversit\u00e9 Inclusion","isPartOf":{"@id":"https:\/\/www.univ-lorraine.fr\/egalite-diversite-inclusion\/#website"},"datePublished":"2022-03-01T10:48:39+00:00","dateModified":"2024-08-26T15:22:35+00:00","description":"Lutter contre la LGBTphobie est un axe fort de l\u2019EDI \u00e0 l\u2019Universit\u00e9 de Lorraine, qui reconnait le choix du genre et de son orientation.","breadcrumb":{"@id":"https:\/\/www.univ-lorraine.fr\/egalite-diversite-inclusion\/identite-genre-orientation-sexuelle\/#breadcrumb"},"inLanguage":"fr-FR","potentialAction":[{"@type":"ReadAction","target":["https:\/\/www.univ-lorraine.fr\/egalite-diversite-inclusion\/identite-genre-orientation-sexuelle\/"]}]},{"@type":"BreadcrumbList","@id":"https:\/\/www.univ-lorraine.fr\/egalite-diversite-inclusion\/identite-genre-orientation-sexuelle\/#breadcrumb","itemListElement":[{"@type":"ListItem","position":1,"name":"Accueil","item":"https:\/\/www.univ-lorraine.fr\/egalite-diversite-inclusion\/"},{"@type":"ListItem","position":2,"name":"Identit\u00e9 de genre et orientation sexuelle"}]},{"@type":"WebSite","@id":"https:\/\/www.univ-lorraine.fr\/egalite-diversite-inclusion\/#website","url":"https:\/\/www.univ-lorraine.fr\/egalite-diversite-inclusion\/","name":"Egalit\u00e9 diversit\u00e9 Inclusion","description":"","publisher":{"@id":"https:\/\/www.univ-lorraine.fr\/egalite-diversite-inclusion\/#organization"},"potentialAction":[{"@type":"SearchAction","target":{"@type":"EntryPoint","urlTemplate":"https:\/\/www.univ-lorraine.fr\/egalite-diversite-inclusion\/?s={search_term_string}"},"query-input":{"@type":"PropertyValueSpecification","valueRequired":true,"valueName":"search_term_string"}}],"inLanguage":"fr-FR"},{"@type":"Organization","@id":"https:\/\/www.univ-lorraine.fr\/egalite-diversite-inclusion\/#organization","name":"Egalit\u00e9 diversit\u00e9 Inclusion","url":"https:\/\/www.univ-lorraine.fr\/egalite-diversite-inclusion\/","logo":{"@type":"ImageObject","inLanguage":"fr-FR","@id":"https:\/\/www.univ-lorraine.fr\/egalite-diversite-inclusion\/#\/schema\/logo\/image\/","url":"https:\/\/www.univ-lorraine.fr\/egalite-diversite-inclusion\/wp-content\/uploads\/sites\/36\/2022\/04\/ulsengage-2.png","contentUrl":"https:\/\/www.univ-lorraine.fr\/egalite-diversite-inclusion\/wp-content\/uploads\/sites\/36\/2022\/04\/ulsengage-2.png","width":812,"height":287,"caption":"Egalit\u00e9 diversit\u00e9 Inclusion"},"image":{"@id":"https:\/\/www.univ-lorraine.fr\/egalite-diversite-inclusion\/#\/schema\/logo\/image\/"}}]}},"_links":{"self":[{"href":"https:\/\/www.univ-lorraine.fr\/egalite-diversite-inclusion\/wp-json\/wp\/v2\/pages\/276","targetHints":{"allow":["GET"]}}],"collection":[{"href":"https:\/\/www.univ-lorraine.fr\/egalite-diversite-inclusion\/wp-json\/wp\/v2\/pages"}],"about":[{"href":"https:\/\/www.univ-lorraine.fr\/egalite-diversite-inclusion\/wp-json\/wp\/v2\/types\/page"}],"author":[{"embeddable":true,"href":"https:\/\/www.univ-lorraine.fr\/egalite-diversite-inclusion\/wp-json\/wp\/v2\/users\/88"}],"replies":[{"embeddable":true,"href":"https:\/\/www.univ-lorraine.fr\/egalite-diversite-inclusion\/wp-json\/wp\/v2\/comments?post=276"}],"version-history":[{"count":40,"href":"https:\/\/www.univ-lorraine.fr\/egalite-diversite-inclusion\/wp-json\/wp\/v2\/pages\/276\/revisions"}],"predecessor-version":[{"id":1653,"href":"https:\/\/www.univ-lorraine.fr\/egalite-diversite-inclusion\/wp-json\/wp\/v2\/pages\/276\/revisions\/1653"}],"wp:attachment":[{"href":"https:\/\/www.univ-lorraine.fr\/egalite-diversite-inclusion\/wp-json\/wp\/v2\/media?parent=276"}],"curies":[{"name":"wp","href":"https:\/\/api.w.org\/{rel}","templated":true}]}}