{"id":642,"date":"2022-03-10T18:00:26","date_gmt":"2022-03-10T17:00:26","guid":{"rendered":"https:\/\/www.univ-lorraine.fr\/egalite-diversite-inclusion\/?page_id=642"},"modified":"2026-04-02T16:25:13","modified_gmt":"2026-04-02T14:25:13","slug":"handicap","status":"publish","type":"page","link":"https:\/\/www.univ-lorraine.fr\/egalite-diversite-inclusion\/handicap\/","title":{"rendered":"Handicap"},"content":{"rendered":"<div class=\"gb-grid-wrapper gb-grid-wrapper-1b1fe09c\">\n<div class=\"gb-grid-column gb-grid-column-e297eace\"><div class=\"gb-container gb-container-e297eace\"><div class=\"gb-inside-container\">\n<div class=\"gb-grid-wrapper gb-grid-wrapper-1f8f58f2\">\n<div class=\"gb-grid-column gb-grid-column-bef49388\"><div class=\"gb-container gb-container-bef49388 display-none-mobile\"><div class=\"gb-inside-container\">\n<div class=\"gb-container gb-container-52f1d5d9\"><div class=\"gb-inside-container\">\n\n<figure class=\"wp-block-image size-full  display-none-mobile\"><img loading=\"lazy\" decoding=\"async\" width=\"130\" height=\"131\" src=\"https:\/\/www.univ-lorraine.fr\/egalite-diversite-inclusion\/wp-content\/uploads\/sites\/36\/2022\/03\/disque.png\" alt=\"\" class=\"wp-image-391\"\/><\/figure>\n\n<\/div><\/div>\n<\/div><\/div><\/div>\n\n<div class=\"gb-grid-column gb-grid-column-48b47df6\"><div class=\"gb-container gb-container-48b47df6\"><div class=\"gb-inside-container\">\n<div class=\"gb-container gb-container-fdabcab3\"><div class=\"gb-inside-container\">\n<div class=\"gb-container gb-container-c98be90f\"><div class=\"gb-inside-container\">\n\n<p class=\"gb-headline gb-headline-23e0a280 gb-headline-text\">L\u2019arriv\u00e9e \u00e0 l\u2019universit\u00e9 est une \u00e9tape importante pour les nouveaux \u00e9tudiants et les nouvelles \u00e9tudiants. Elle l\u2019est d\u2019autant plus pour celles et ceux \u00e0 besoins sp\u00e9cifiques. 90 % des jeunes en situation de handicap dans l\u2019enseignement sup\u00e9rieur sont accueillis en universit\u00e9 et plus de 1 000 sont inscrits \u00e0 l\u2019Universit\u00e9 de Lorraine qui se veut inclusive.<\/p>\n\n\n\n<p class=\"gb-headline gb-headline-d18eb386 gb-headline-text\">Elle a d\u00e9velopp\u00e9 <a href=\"http:\/\/handicap.univ-lorraine.fr\/page-daccueil-handi-univ-lorraine\" target=\"_blank\" rel=\"noreferrer noopener\">un dispositif original d\u2019accompagnement de ses \u00e9tudiantes et \u00e9tudiants en situation de handicap<\/a>. Ces guides proposent de d\u00e9rouler les diff\u00e9rentes \u00e9tapes qui rythment la vie \u00e9tudiante : information, orientation, choix des \u00e9tudes, accueil, accompagnement et suivi tout au long des \u00e9tudes, mise en relation avec l\u2019entreprise.<\/p>\n\n<\/div><\/div>\n\n<div class=\"gb-container gb-container-977beb1d\"><div class=\"gb-inside-container\">\n<div class=\"gb-container gb-container-43e3a770\"><div class=\"gb-inside-container\">\n<div class=\"gb-container gb-container-7c7ef3bd\"><div class=\"gb-inside-container\">\n<div class=\"gb-container gb-container-bce85e1e\"><div class=\"gb-inside-container\">\n\n<div class=\"wp-block-buttons is-content-justification-center is-layout-flex wp-container-core-buttons-is-layout-16018d1d wp-block-buttons-is-layout-flex\">\n<div class=\"wp-block-button has-custom-width wp-block-button__width-75\"><a class=\"wp-block-button__link wp-element-button\" href=\"https:\/\/www.univ-lorraine.fr\/wp-content\/uploads\/2022\/03\/Guide_ESH_2019_0.pdf\" target=\"_blank\" rel=\"noreferrer noopener\">T\u00e9l\u00e9chargez le Guide de l&rsquo;\u00e9tudiant en situation de handicap<\/a><\/div>\n\n\n\n<div class=\"wp-block-button has-custom-width wp-block-button__width-75\"><a class=\"wp-block-button__link wp-element-button\" href=\"https:\/\/welcome.univ-lorraine.fr\/files\/2021\/05\/Etudiants-en-situation-de-Handicap-version-plus-contrastee.pdf\" target=\"_blank\" rel=\"noreferrer noopener\">T\u00e9l\u00e9chargez le Guide de l&rsquo;\u00e9tudiant international en situation de handicap<\/a><\/div>\n<\/div>\n\n\n\n<div class=\"wp-block-buttons is-content-justification-space-between is-layout-flex wp-container-core-buttons-is-layout-3d213aab wp-block-buttons-is-layout-flex\"><\/div>\n\n<\/div><\/div>\n<\/div><\/div>\n<\/div><\/div>\n<\/div><\/div>\n<\/div><\/div>\n<\/div><\/div><\/div>\n<\/div>\n<\/div><\/div><\/div>\n<\/div>","protected":false},"excerpt":{"rendered":"","protected":false},"author":88,"featured_media":0,"parent":0,"menu_order":0,"comment_status":"closed","ping_status":"closed","template":"","meta":{"inline_featured_image":false,"footnotes":""},"class_list":["post-642","page","type-page","status-publish"],"yoast_head":"<!-- This site is optimized with the Yoast SEO plugin v27.4 - https:\/\/yoast.com\/product\/yoast-seo-wordpress\/ -->\n<title>Handicap - Egalit\u00e9 diversit\u00e9 Inclusion<\/title>\n<meta name=\"description\" content=\"L&#039;Universit\u00e9 de Lorraine a d\u00e9velopp\u00e9 un dispositif original d\u2019accompagnement de ses \u00e9tudiants en situation de handicap\" \/>\n<meta name=\"robots\" content=\"index, follow, max-snippet:-1, max-image-preview:large, max-video-preview:-1\" \/>\n<link rel=\"canonical\" href=\"https:\/\/www.univ-lorraine.fr\/egalite-diversite-inclusion\/handicap\/\" \/>\n<meta property=\"og:locale\" content=\"fr_FR\" \/>\n<meta property=\"og:type\" content=\"article\" \/>\n<meta property=\"og:title\" content=\"Handicap - Egalit\u00e9 diversit\u00e9 Inclusion\" \/>\n<meta property=\"og:description\" content=\"L&#039;Universit\u00e9 de Lorraine a d\u00e9velopp\u00e9 un dispositif original d\u2019accompagnement de ses \u00e9tudiants en situation de handicap\" \/>\n<meta property=\"og:url\" content=\"https:\/\/www.univ-lorraine.fr\/egalite-diversite-inclusion\/handicap\/\" \/>\n<meta property=\"og:site_name\" content=\"Egalit\u00e9 diversit\u00e9 Inclusion\" \/>\n<meta property=\"article:modified_time\" content=\"2026-04-02T14:25:13+00:00\" \/>\n<meta property=\"og:image\" content=\"https:\/\/www.univ-lorraine.fr\/egalite-diversite-inclusion\/wp-content\/uploads\/sites\/36\/2022\/03\/disque.png\" \/>\n\t<meta property=\"og:image:width\" content=\"130\" \/>\n\t<meta property=\"og:image:height\" content=\"131\" \/>\n\t<meta property=\"og:image:type\" content=\"image\/png\" \/>\n<meta name=\"twitter:card\" content=\"summary_large_image\" \/>\n<meta name=\"twitter:label1\" content=\"Dur\u00e9e de lecture estim\u00e9e\" \/>\n\t<meta name=\"twitter:data1\" content=\"1 minute\" \/>\n<script type=\"application\/ld+json\" class=\"yoast-schema-graph\">{\"@context\":\"https:\\\/\\\/schema.org\",\"@graph\":[{\"@type\":\"WebPage\",\"@id\":\"https:\\\/\\\/www.univ-lorraine.fr\\\/egalite-diversite-inclusion\\\/handicap\\\/\",\"url\":\"https:\\\/\\\/www.univ-lorraine.fr\\\/egalite-diversite-inclusion\\\/handicap\\\/\",\"name\":\"Handicap - Egalit\u00e9 diversit\u00e9 Inclusion\",\"isPartOf\":{\"@id\":\"https:\\\/\\\/www.univ-lorraine.fr\\\/egalite-diversite-inclusion\\\/#website\"},\"primaryImageOfPage\":{\"@id\":\"https:\\\/\\\/www.univ-lorraine.fr\\\/egalite-diversite-inclusion\\\/handicap\\\/#primaryimage\"},\"image\":{\"@id\":\"https:\\\/\\\/www.univ-lorraine.fr\\\/egalite-diversite-inclusion\\\/handicap\\\/#primaryimage\"},\"thumbnailUrl\":\"https:\\\/\\\/www.univ-lorraine.fr\\\/egalite-diversite-inclusion\\\/wp-content\\\/uploads\\\/sites\\\/36\\\/2022\\\/03\\\/disque.png\",\"datePublished\":\"2022-03-10T17:00:26+00:00\",\"dateModified\":\"2026-04-02T14:25:13+00:00\",\"description\":\"L'Universit\u00e9 de Lorraine a d\u00e9velopp\u00e9 un dispositif original d\u2019accompagnement de ses \u00e9tudiants en situation de handicap\",\"breadcrumb\":{\"@id\":\"https:\\\/\\\/www.univ-lorraine.fr\\\/egalite-diversite-inclusion\\\/handicap\\\/#breadcrumb\"},\"inLanguage\":\"fr-FR\",\"potentialAction\":[{\"@type\":\"ReadAction\",\"target\":[\"https:\\\/\\\/www.univ-lorraine.fr\\\/egalite-diversite-inclusion\\\/handicap\\\/\"]}]},{\"@type\":\"ImageObject\",\"inLanguage\":\"fr-FR\",\"@id\":\"https:\\\/\\\/www.univ-lorraine.fr\\\/egalite-diversite-inclusion\\\/handicap\\\/#primaryimage\",\"url\":\"https:\\\/\\\/www.univ-lorraine.fr\\\/egalite-diversite-inclusion\\\/wp-content\\\/uploads\\\/sites\\\/36\\\/2022\\\/03\\\/disque.png\",\"contentUrl\":\"https:\\\/\\\/www.univ-lorraine.fr\\\/egalite-diversite-inclusion\\\/wp-content\\\/uploads\\\/sites\\\/36\\\/2022\\\/03\\\/disque.png\",\"width\":130,\"height\":131},{\"@type\":\"BreadcrumbList\",\"@id\":\"https:\\\/\\\/www.univ-lorraine.fr\\\/egalite-diversite-inclusion\\\/handicap\\\/#breadcrumb\",\"itemListElement\":[{\"@type\":\"ListItem\",\"position\":1,\"name\":\"Accueil\",\"item\":\"https:\\\/\\\/www.univ-lorraine.fr\\\/egalite-diversite-inclusion\\\/\"},{\"@type\":\"ListItem\",\"position\":2,\"name\":\"Handicap\"}]},{\"@type\":\"WebSite\",\"@id\":\"https:\\\/\\\/www.univ-lorraine.fr\\\/egalite-diversite-inclusion\\\/#website\",\"url\":\"https:\\\/\\\/www.univ-lorraine.fr\\\/egalite-diversite-inclusion\\\/\",\"name\":\"Egalit\u00e9 diversit\u00e9 Inclusion\",\"description\":\"\",\"publisher\":{\"@id\":\"https:\\\/\\\/www.univ-lorraine.fr\\\/egalite-diversite-inclusion\\\/#organization\"},\"potentialAction\":[{\"@type\":\"SearchAction\",\"target\":{\"@type\":\"EntryPoint\",\"urlTemplate\":\"https:\\\/\\\/www.univ-lorraine.fr\\\/egalite-diversite-inclusion\\\/?s={search_term_string}\"},\"query-input\":{\"@type\":\"PropertyValueSpecification\",\"valueRequired\":true,\"valueName\":\"search_term_string\"}}],\"inLanguage\":\"fr-FR\"},{\"@type\":\"Organization\",\"@id\":\"https:\\\/\\\/www.univ-lorraine.fr\\\/egalite-diversite-inclusion\\\/#organization\",\"name\":\"Egalit\u00e9 diversit\u00e9 Inclusion\",\"url\":\"https:\\\/\\\/www.univ-lorraine.fr\\\/egalite-diversite-inclusion\\\/\",\"logo\":{\"@type\":\"ImageObject\",\"inLanguage\":\"fr-FR\",\"@id\":\"https:\\\/\\\/www.univ-lorraine.fr\\\/egalite-diversite-inclusion\\\/#\\\/schema\\\/logo\\\/image\\\/\",\"url\":\"https:\\\/\\\/www.univ-lorraine.fr\\\/egalite-diversite-inclusion\\\/wp-content\\\/uploads\\\/sites\\\/36\\\/2022\\\/04\\\/ulsengage-2.png\",\"contentUrl\":\"https:\\\/\\\/www.univ-lorraine.fr\\\/egalite-diversite-inclusion\\\/wp-content\\\/uploads\\\/sites\\\/36\\\/2022\\\/04\\\/ulsengage-2.png\",\"width\":812,\"height\":287,\"caption\":\"Egalit\u00e9 diversit\u00e9 Inclusion\"},\"image\":{\"@id\":\"https:\\\/\\\/www.univ-lorraine.fr\\\/egalite-diversite-inclusion\\\/#\\\/schema\\\/logo\\\/image\\\/\"}}]}<\/script>\n<!-- \/ Yoast SEO plugin. -->","yoast_head_json":{"title":"Handicap - Egalit\u00e9 diversit\u00e9 Inclusion","description":"L'Universit\u00e9 de Lorraine a d\u00e9velopp\u00e9 un dispositif original d\u2019accompagnement de ses \u00e9tudiants en situation de handicap","robots":{"index":"index","follow":"follow","max-snippet":"max-snippet:-1","max-image-preview":"max-image-preview:large","max-video-preview":"max-video-preview:-1"},"canonical":"https:\/\/www.univ-lorraine.fr\/egalite-diversite-inclusion\/handicap\/","og_locale":"fr_FR","og_type":"article","og_title":"Handicap - Egalit\u00e9 diversit\u00e9 Inclusion","og_description":"L'Universit\u00e9 de Lorraine a d\u00e9velopp\u00e9 un dispositif original d\u2019accompagnement de ses \u00e9tudiants en situation de handicap","og_url":"https:\/\/www.univ-lorraine.fr\/egalite-diversite-inclusion\/handicap\/","og_site_name":"Egalit\u00e9 diversit\u00e9 Inclusion","article_modified_time":"2026-04-02T14:25:13+00:00","og_image":[{"width":130,"height":131,"url":"https:\/\/www.univ-lorraine.fr\/egalite-diversite-inclusion\/wp-content\/uploads\/sites\/36\/2022\/03\/disque.png","type":"image\/png"}],"twitter_card":"summary_large_image","twitter_misc":{"Dur\u00e9e de lecture estim\u00e9e":"1 minute"},"schema":{"@context":"https:\/\/schema.org","@graph":[{"@type":"WebPage","@id":"https:\/\/www.univ-lorraine.fr\/egalite-diversite-inclusion\/handicap\/","url":"https:\/\/www.univ-lorraine.fr\/egalite-diversite-inclusion\/handicap\/","name":"Handicap - Egalit\u00e9 diversit\u00e9 Inclusion","isPartOf":{"@id":"https:\/\/www.univ-lorraine.fr\/egalite-diversite-inclusion\/#website"},"primaryImageOfPage":{"@id":"https:\/\/www.univ-lorraine.fr\/egalite-diversite-inclusion\/handicap\/#primaryimage"},"image":{"@id":"https:\/\/www.univ-lorraine.fr\/egalite-diversite-inclusion\/handicap\/#primaryimage"},"thumbnailUrl":"https:\/\/www.univ-lorraine.fr\/egalite-diversite-inclusion\/wp-content\/uploads\/sites\/36\/2022\/03\/disque.png","datePublished":"2022-03-10T17:00:26+00:00","dateModified":"2026-04-02T14:25:13+00:00","description":"L'Universit\u00e9 de Lorraine a d\u00e9velopp\u00e9 un dispositif original d\u2019accompagnement de ses \u00e9tudiants en situation de handicap","breadcrumb":{"@id":"https:\/\/www.univ-lorraine.fr\/egalite-diversite-inclusion\/handicap\/#breadcrumb"},"inLanguage":"fr-FR","potentialAction":[{"@type":"ReadAction","target":["https:\/\/www.univ-lorraine.fr\/egalite-diversite-inclusion\/handicap\/"]}]},{"@type":"ImageObject","inLanguage":"fr-FR","@id":"https:\/\/www.univ-lorraine.fr\/egalite-diversite-inclusion\/handicap\/#primaryimage","url":"https:\/\/www.univ-lorraine.fr\/egalite-diversite-inclusion\/wp-content\/uploads\/sites\/36\/2022\/03\/disque.png","contentUrl":"https:\/\/www.univ-lorraine.fr\/egalite-diversite-inclusion\/wp-content\/uploads\/sites\/36\/2022\/03\/disque.png","width":130,"height":131},{"@type":"BreadcrumbList","@id":"https:\/\/www.univ-lorraine.fr\/egalite-diversite-inclusion\/handicap\/#breadcrumb","itemListElement":[{"@type":"ListItem","position":1,"name":"Accueil","item":"https:\/\/www.univ-lorraine.fr\/egalite-diversite-inclusion\/"},{"@type":"ListItem","position":2,"name":"Handicap"}]},{"@type":"WebSite","@id":"https:\/\/www.univ-lorraine.fr\/egalite-diversite-inclusion\/#website","url":"https:\/\/www.univ-lorraine.fr\/egalite-diversite-inclusion\/","name":"Egalit\u00e9 diversit\u00e9 Inclusion","description":"","publisher":{"@id":"https:\/\/www.univ-lorraine.fr\/egalite-diversite-inclusion\/#organization"},"potentialAction":[{"@type":"SearchAction","target":{"@type":"EntryPoint","urlTemplate":"https:\/\/www.univ-lorraine.fr\/egalite-diversite-inclusion\/?s={search_term_string}"},"query-input":{"@type":"PropertyValueSpecification","valueRequired":true,"valueName":"search_term_string"}}],"inLanguage":"fr-FR"},{"@type":"Organization","@id":"https:\/\/www.univ-lorraine.fr\/egalite-diversite-inclusion\/#organization","name":"Egalit\u00e9 diversit\u00e9 Inclusion","url":"https:\/\/www.univ-lorraine.fr\/egalite-diversite-inclusion\/","logo":{"@type":"ImageObject","inLanguage":"fr-FR","@id":"https:\/\/www.univ-lorraine.fr\/egalite-diversite-inclusion\/#\/schema\/logo\/image\/","url":"https:\/\/www.univ-lorraine.fr\/egalite-diversite-inclusion\/wp-content\/uploads\/sites\/36\/2022\/04\/ulsengage-2.png","contentUrl":"https:\/\/www.univ-lorraine.fr\/egalite-diversite-inclusion\/wp-content\/uploads\/sites\/36\/2022\/04\/ulsengage-2.png","width":812,"height":287,"caption":"Egalit\u00e9 diversit\u00e9 Inclusion"},"image":{"@id":"https:\/\/www.univ-lorraine.fr\/egalite-diversite-inclusion\/#\/schema\/logo\/image\/"}}]}},"_links":{"self":[{"href":"https:\/\/www.univ-lorraine.fr\/egalite-diversite-inclusion\/wp-json\/wp\/v2\/pages\/642","targetHints":{"allow":["GET"]}}],"collection":[{"href":"https:\/\/www.univ-lorraine.fr\/egalite-diversite-inclusion\/wp-json\/wp\/v2\/pages"}],"about":[{"href":"https:\/\/www.univ-lorraine.fr\/egalite-diversite-inclusion\/wp-json\/wp\/v2\/types\/page"}],"author":[{"embeddable":true,"href":"https:\/\/www.univ-lorraine.fr\/egalite-diversite-inclusion\/wp-json\/wp\/v2\/users\/88"}],"replies":[{"embeddable":true,"href":"https:\/\/www.univ-lorraine.fr\/egalite-diversite-inclusion\/wp-json\/wp\/v2\/comments?post=642"}],"version-history":[{"count":46,"href":"https:\/\/www.univ-lorraine.fr\/egalite-diversite-inclusion\/wp-json\/wp\/v2\/pages\/642\/revisions"}],"predecessor-version":[{"id":1949,"href":"https:\/\/www.univ-lorraine.fr\/egalite-diversite-inclusion\/wp-json\/wp\/v2\/pages\/642\/revisions\/1949"}],"wp:attachment":[{"href":"https:\/\/www.univ-lorraine.fr\/egalite-diversite-inclusion\/wp-json\/wp\/v2\/media?parent=642"}],"curies":[{"name":"wp","href":"https:\/\/api.w.org\/{rel}","templated":true}]}}