{"id":7,"date":"2021-01-27T13:47:47","date_gmt":"2021-01-27T12:47:47","guid":{"rendered":"https:\/\/www.univ-lorraine.fr\/egalite-diversite-inclusion\/?page_id=7"},"modified":"2026-01-14T15:53:37","modified_gmt":"2026-01-14T14:53:37","slug":"accueil","status":"publish","type":"page","link":"https:\/\/www.univ-lorraine.fr\/egalite-diversite-inclusion\/","title":{"rendered":"Accueil"},"content":{"rendered":"<div class=\"gb-container gb-container-9d366382\"><div class=\"gb-inside-container\">\n\n<h1 class=\"gb-headline gb-headline-578727e9 gb-headline-text\">\u00c9galit\u00e9 &#8211; Diversit\u00e9 &#8211; Inclusion<\/h1>\n\n\n<div class=\"gb-container gb-container-734fb46e\"><div class=\"gb-inside-container\">\n<div class=\"gb-grid-wrapper gb-grid-wrapper-1a1a757b\">\n<div class=\"gb-grid-column gb-grid-column-ff61bc53\"><div class=\"gb-container gb-container-ff61bc53\"><div class=\"gb-inside-container\"><\/div><\/div><\/div>\n\n<div class=\"gb-grid-column gb-grid-column-b4a582d1\"><div class=\"gb-container gb-container-b4a582d1\"><div class=\"gb-inside-container\"><\/div><\/div><\/div>\n\n<div class=\"gb-grid-column gb-grid-column-dbcb00ac\"><div class=\"gb-container gb-container-dbcb00ac\"><div class=\"gb-inside-container\"><\/div><\/div><\/div>\n<\/div>\n\n<div class=\"gb-grid-wrapper gb-grid-wrapper-16a13d8b\">\n<div class=\"gb-grid-column gb-grid-column-dc2b9b66\"><div class=\"gb-container gb-container-dc2b9b66\"><div class=\"gb-inside-container\">\n<div class=\"gb-container gb-container-ec96ad28\"><div class=\"gb-inside-container\">\n\n<h2 class=\"gb-headline gb-headline-bf7c2581 gb-headline-text\">L&rsquo;Universit\u00e9 de Lorraine s&rsquo;engage<\/h2>\n\n\n\n<p class=\"gb-headline gb-headline-43861d41 gb-headline-text\">L\u2019Universit\u00e9 de Lorraine se veut r\u00e9solument engag\u00e9e. Elle s\u2019est construite autour de valeurs fortes, qu\u2019elle a tenu \u00e0 afficher dans sa Charte des valeurs. Elle s\u2019investit donc pour l\u2019\u00e9galit\u00e9, la diversit\u00e9 et l\u2019inclusion (EDI) de tous et toutes, \u00e0 travers plusieurs actions.<\/p>\n\n<\/div><\/div>\n<\/div><\/div><\/div>\n\n<div class=\"gb-grid-column gb-grid-column-35828b69\"><div class=\"gb-container gb-container-35828b69\"><div class=\"gb-inside-container\">\n<div class=\"gb-container gb-container-09ef1910\"><div class=\"gb-inside-container\"><\/div><\/div>\n<\/div><\/div><\/div>\n\n<div class=\"gb-grid-column gb-grid-column-4ea7c7f6\"><div class=\"gb-container gb-container-4ea7c7f6\"><div class=\"gb-inside-container\">\n<div class=\"gb-container gb-container-3e464b21\"><div class=\"gb-inside-container\">\n\n<h2 class=\"gb-headline gb-headline-464635bb gb-headline-text lien-highlight\"><a href=\"https:\/\/www.univ-lorraine.fr\/egalite-diversite-inclusion\/notre-engagement\/\">&gt; Notre engagement<\/a><\/h2>\n\n\n\n<h2 class=\"gb-headline gb-headline-a7e5cf47 gb-headline-text lien-highlight\"><a href=\"https:\/\/www.univ-lorraine.fr\/egalite-diversite-inclusion\/engagez-vous\/\">&gt; Engagez-vous !<\/a><\/h2>\n\n\n<div class=\"gb-button-wrapper gb-button-wrapper-e0c58b94\">\n\n<a class=\"gb-button gb-button-cbc36dd0 gb-button-text\" href=\"https:\/\/www.univ-lorraine.fr\/egalite-diversite-inclusion\/dispositif-de-signalement-harcelement-sexuel-discriminations\/\" target=\"_blank\" rel=\"noopener noreferrer\" aria-label=\"Dispositif de signalement Harc\u00e8lement sexuel et discrimination (s'ouvre dans un nouvel onglet)\">Dispositif d\u2019\u00e9coute et de traitement des situations de violences internes<\/a>\n\n<\/div>\n<\/div><\/div>\n<\/div><\/div><\/div>\n<\/div>\n<\/div><\/div>\n<\/div><\/div>\n\n<div class=\"gb-container gb-container-7ec11866\"><div class=\"gb-inside-container\">\n<div class=\"gb-container gb-container-11af2c7e\"><div class=\"gb-inside-container\"><\/div><\/div>\n\n\n<p><\/p>\n\n<\/div><\/div>\n\n<div class=\"gb-container gb-container-1119423d\"><div class=\"gb-inside-container\">\n<div class=\"gb-grid-wrapper gb-grid-wrapper-478ae140\">\n<div class=\"gb-grid-column gb-grid-column-0a00828d\"><div class=\"gb-container gb-container-0a00828d\"><div class=\"gb-inside-container\">\n\n<h2 class=\"wp-block-heading has-text-align-center\" id=\"l-info-du-site-enfant-par\" style=\"font-size:30px;text-transform:uppercase\">L&rsquo;INFO \u00e9galit\u00e9-diversit\u00e9-inclusion (EDI) PAR <\/h2>\n\n<\/div><\/div><\/div>\n\n<div class=\"gb-grid-column gb-grid-column-949704bd\"><div class=\"gb-container gb-container-949704bd\"><div class=\"gb-inside-container\">\n\n<figure class=\"wp-block-image size-full is-resized factuel\"><img decoding=\"async\" src=\"https:\/\/dev-www.univ-lorraine.fr\/wp-content\/uploads\/2021\/01\/logo-factuel.png\" alt=\"\" class=\"wp-image-21864\" style=\"width:136px;height:40px\"\/><\/figure>\n\n<\/div><\/div><\/div>\n<\/div>\n\n<div class=\"gb-grid-wrapper gb-grid-wrapper-f2d6eb52\">\n<div class=\"gb-grid-column gb-grid-column-4ee59e23\"><div class=\"gb-container gb-container-4ee59e23\"><div class=\"gb-inside-container\">\n\n<h3 class=\"gb-headline gb-headline-bd5fad81 gb-headline-text\"><strong>LES DERNI\u00c8RES ACTUALIT\u00c9S<\/strong><\/h3>\n\n\n\n<p><a href=\"https:\/\/factuel.univ-lorraine.fr\" target=\"_blank\" rel=\"noreferrer noopener\">Toute l&rsquo;Info de l&rsquo;Universit\u00e9 de Lorraine<\/a><\/p>\n\n\n<div id=\"ul-factuel-actus-home\"><div class=\"factuel_first_col\"><div class=\"factuel_one_actu\"><a href=\"https:\/\/factuel.univ-lorraine.fr\/?p=79728\" target=\"blank\"><div class=\"factuel_one_actu_img\"><img decoding=\"async\" src=\"https:\/\/www.univ-lorraine.fr\/egalite-diversite-inclusion\/wp-content\/uploads\/2026\/04\/visuel-factuel1-1-300x300.jpeg\" alt=\"[Retour sur] D&eacute;couvrez les &oelig;uvres qui ont remport&eacute; le concours culturel contre les discriminations !\"\/><\/div><div class=\"factuel_one_actu_rubrique\">\u00c9galit\u00e9 Femmes-Hommes<\/div><div class=\"factuel_one_actu_title\">[Retour sur] D\u00e9couvrez les \u0153uvres qui ont remport\u00e9 le concours culturel contre les discriminations !<\/div><\/a><\/div><\/div><div class=\"factuel_second_col\"><div class=\"factuel_one_actu\"><div class=\"factuel_one_actu_img\"><a href=\"https:\/\/factuel.univ-lorraine.fr\/?p=78647\" target=\"blank\"><img decoding=\"async\" src=\"https:\/\/www.univ-lorraine.fr\/egalite-diversite-inclusion\/wp-content\/uploads\/2026\/04\/carre-3-300x300.jpg\" alt=\"Ultrason #4 : La blague de trop\"\/><\/a><\/div><div class=\"factuel_actu_group\"><div class=\"factuel_one_actu_rubrique\">\u00c9galit\u00e9, diversit\u00e9, inclusion (EDI)<\/div><div class=\"factuel_one_actu_title\"><a href=\"https:\/\/factuel.univ-lorraine.fr\/?p=78647\" target=\"blank\" title=\"Acc\u00e9der \u00e0 : Ultrason #4 : La blague de trop\">Ultrason #4 : La blague de trop<\/a><\/div><\/div><\/div><div class=\"factuel_one_actu\"><div class=\"factuel_one_actu_img\"><a href=\"https:\/\/factuel.univ-lorraine.fr\/?p=79447\" target=\"blank\"><img decoding=\"async\" src=\"https:\/\/www.univ-lorraine.fr\/egalite-diversite-inclusion\/wp-content\/uploads\/2026\/04\/260323_mim-photo-conf-sophie-germain-9-1-300x225.jpg\" alt=\"Sophie Germain se d&eacute;voile &agrave; l&amp;rsquo;UFR MIM &agrave; l&amp;rsquo;occasion d&amp;rsquo;une conf&eacute;rence\"\/><\/a><\/div><div class=\"factuel_actu_group\"><div class=\"factuel_one_actu_rubrique\">Du cot\u00e9 des formations de l'universit\u00e9<\/div><div class=\"factuel_one_actu_title\"><a href=\"https:\/\/factuel.univ-lorraine.fr\/?p=79447\" target=\"blank\" title=\"Acc\u00e9der \u00e0 : Sophie Germain se d&eacute;voile &agrave; l&amp;rsquo;UFR MIM &agrave; l&amp;rsquo;occasion d&amp;rsquo;une conf&eacute;rence\">Sophie Germain se d\u00e9voile \u00e0 l&rsquo;UFR MIM \u00e0 l&rsquo;occasion d&rsquo;une conf\u00e9rence<\/a><\/div><\/div><\/div><div class=\"factuel_one_actu\"><div class=\"factuel_one_actu_img\"><a href=\"https:\/\/factuel.univ-lorraine.fr\/?p=78943\" target=\"blank\"><img decoding=\"async\" src=\"https:\/\/www.univ-lorraine.fr\/egalite-diversite-inclusion\/wp-content\/uploads\/2026\/04\/img_1411-300x225.jpg\" alt=\"Le club ORION Sexteens cr&eacute;e une exposition sur les identit&eacute;s de genre\"\/><\/a><\/div><div class=\"factuel_actu_group\"><div class=\"factuel_one_actu_rubrique\">\u00c9galit\u00e9, diversit\u00e9, inclusion (EDI)<\/div><div class=\"factuel_one_actu_title\"><a href=\"https:\/\/factuel.univ-lorraine.fr\/?p=78943\" target=\"blank\" title=\"Acc\u00e9der \u00e0 : Le club ORION Sexteens cr&eacute;e une exposition sur les identit&eacute;s de genre\">Le club ORION Sexteens cr\u00e9e une exposition sur les identit\u00e9s de genre<\/a><\/div><\/div><\/div><\/div><\/div>\n\n<\/div><\/div><\/div>\n\n<div class=\"gb-grid-column gb-grid-column-81276394\"><div class=\"gb-container gb-container-81276394\"><div class=\"gb-inside-container\">\n\n<h3 class=\"gb-headline gb-headline-686a3424 gb-headline-text\"><strong>NOS PROCHAINS \u00c9V\u00c8NEMENTS<\/strong><\/h3>\n\n\n\n<p><a href=\"https:\/\/factuel.univ-lorraine.fr\/archives\/agenda\">L&rsquo;<\/a><a href=\"https:\/\/factuel.univ-lorraine.fr\/archives\/agenda\" target=\"_blank\" rel=\"noreferrer noopener\">agenda<\/a><\/p>\n\n\n<div id=\"ul-factuel-events-home\"><div class=\"factuel_one_event factuel_event_1\"><div class=\"factuel_one_event_up\"><a href=\"https:\/\/factuel.univ-lorraine.fr\/?p=80970\" target=\"blank\"><div class=\"factuel_one_event_img\"><img decoding=\"async\" src=\"https:\/\/www.univ-lorraine.fr\/egalite-diversite-inclusion\/wp-content\/uploads\/2026\/04\/affiche-apero-adolescence-vf-212x300.jpg\" alt=\"Sex&amp;rsquo;pop #3 : Raconter les masculinit&eacute;s dans Adolescence\"\/><\/div><\/a><div class=\"factuel_one_event_dates\">28 avr.<\/div><\/div><div class=\"factuel_one_event_bottom\"><div class=\"factuel_one_event_title\"><a href=\"https:\/\/factuel.univ-lorraine.fr\/?p=80970\" target=\"blank\"  title=\"Acc\u00e9der \u00e0 : Sex&amp;rsquo;pop #3 : Raconter les masculinit&eacute;s dans Adolescence\">Sex&rsquo;pop #3 : Raconter les masculinit\u00e9s dans Adolescence<\/a><\/div><div class=\"factuel_one_event_bottom_right\"><div class=\"factuel_one_event_next disable\"><\/div><div class=\"factuel_one_event_prev disable\"><\/div><div class=\"factuel_one_event_count\">1\/1<\/div><\/div><\/div><\/div><\/div>\n\n<\/div><\/div><\/div>\n<\/div>\n<\/div><\/div>\n\n\n<p><\/p>\n","protected":false},"excerpt":{"rendered":"<p>\u00c9galit\u00e9 &#8211; Diversit\u00e9 &#8211; Inclusion<\/p>\n","protected":false},"author":4,"featured_media":0,"parent":0,"menu_order":0,"comment_status":"closed","ping_status":"closed","template":"","meta":{"inline_featured_image":false,"footnotes":""},"class_list":["post-7","page","type-page","status-publish"],"yoast_head":"<!-- This site is optimized with the Yoast SEO plugin v27.4 - https:\/\/yoast.com\/product\/yoast-seo-wordpress\/ -->\n<title>Accueil - Egalit\u00e9 diversit\u00e9 Inclusion<\/title>\n<meta name=\"description\" content=\"L\u2019Universit\u00e9 de Lorraine s\u2019investit pour l\u2019\u00e9galit\u00e9, la diversit\u00e9 et l\u2019inclusion (EDI) de tous, \u00e0 travers plusieurs actions.\" \/>\n<meta name=\"robots\" content=\"index, follow, max-snippet:-1, max-image-preview:large, max-video-preview:-1\" \/>\n<link rel=\"canonical\" href=\"https:\/\/www.univ-lorraine.fr\/egalite-diversite-inclusion\/\" \/>\n<meta property=\"og:locale\" content=\"fr_FR\" \/>\n<meta property=\"og:type\" content=\"article\" \/>\n<meta property=\"og:title\" content=\"Accueil - Egalit\u00e9 diversit\u00e9 Inclusion\" \/>\n<meta property=\"og:description\" content=\"L\u2019Universit\u00e9 de Lorraine s\u2019investit pour l\u2019\u00e9galit\u00e9, la diversit\u00e9 et l\u2019inclusion (EDI) de tous, \u00e0 travers plusieurs actions.\" \/>\n<meta property=\"og:url\" content=\"https:\/\/www.univ-lorraine.fr\/egalite-diversite-inclusion\/\" \/>\n<meta property=\"og:site_name\" content=\"Egalit\u00e9 diversit\u00e9 Inclusion\" \/>\n<meta property=\"article:modified_time\" content=\"2026-01-14T14:53:37+00:00\" \/>\n<meta name=\"twitter:card\" content=\"summary_large_image\" \/>\n<meta name=\"twitter:label1\" content=\"Dur\u00e9e de lecture estim\u00e9e\" \/>\n\t<meta name=\"twitter:data1\" content=\"1 minute\" \/>\n<script type=\"application\/ld+json\" class=\"yoast-schema-graph\">{\"@context\":\"https:\\\/\\\/schema.org\",\"@graph\":[{\"@type\":\"WebPage\",\"@id\":\"https:\\\/\\\/www.univ-lorraine.fr\\\/egalite-diversite-inclusion\\\/\",\"url\":\"https:\\\/\\\/www.univ-lorraine.fr\\\/egalite-diversite-inclusion\\\/\",\"name\":\"Accueil - Egalit\u00e9 diversit\u00e9 Inclusion\",\"isPartOf\":{\"@id\":\"https:\\\/\\\/www.univ-lorraine.fr\\\/egalite-diversite-inclusion\\\/#website\"},\"primaryImageOfPage\":{\"@id\":\"https:\\\/\\\/www.univ-lorraine.fr\\\/egalite-diversite-inclusion\\\/#primaryimage\"},\"image\":{\"@id\":\"https:\\\/\\\/www.univ-lorraine.fr\\\/egalite-diversite-inclusion\\\/#primaryimage\"},\"thumbnailUrl\":\"https:\\\/\\\/dev-www.univ-lorraine.fr\\\/wp-content\\\/uploads\\\/2021\\\/01\\\/logo-factuel.png\",\"datePublished\":\"2021-01-27T12:47:47+00:00\",\"dateModified\":\"2026-01-14T14:53:37+00:00\",\"description\":\"L\u2019Universit\u00e9 de Lorraine s\u2019investit pour l\u2019\u00e9galit\u00e9, la diversit\u00e9 et l\u2019inclusion (EDI) de tous, \u00e0 travers plusieurs actions.\",\"breadcrumb\":{\"@id\":\"https:\\\/\\\/www.univ-lorraine.fr\\\/egalite-diversite-inclusion\\\/#breadcrumb\"},\"inLanguage\":\"fr-FR\",\"potentialAction\":[{\"@type\":\"ReadAction\",\"target\":[\"https:\\\/\\\/www.univ-lorraine.fr\\\/egalite-diversite-inclusion\\\/\"]}]},{\"@type\":\"ImageObject\",\"inLanguage\":\"fr-FR\",\"@id\":\"https:\\\/\\\/www.univ-lorraine.fr\\\/egalite-diversite-inclusion\\\/#primaryimage\",\"url\":\"https:\\\/\\\/dev-www.univ-lorraine.fr\\\/wp-content\\\/uploads\\\/2021\\\/01\\\/logo-factuel.png\",\"contentUrl\":\"https:\\\/\\\/dev-www.univ-lorraine.fr\\\/wp-content\\\/uploads\\\/2021\\\/01\\\/logo-factuel.png\"},{\"@type\":\"BreadcrumbList\",\"@id\":\"https:\\\/\\\/www.univ-lorraine.fr\\\/egalite-diversite-inclusion\\\/#breadcrumb\",\"itemListElement\":[{\"@type\":\"ListItem\",\"position\":1,\"name\":\"Accueil\",\"item\":\"https:\\\/\\\/www.univ-lorraine.fr\\\/egalite-diversite-inclusion\\\/\"},{\"@type\":\"ListItem\",\"position\":2,\"name\":\"Accueil\"}]},{\"@type\":\"WebSite\",\"@id\":\"https:\\\/\\\/www.univ-lorraine.fr\\\/egalite-diversite-inclusion\\\/#website\",\"url\":\"https:\\\/\\\/www.univ-lorraine.fr\\\/egalite-diversite-inclusion\\\/\",\"name\":\"Egalit\u00e9 diversit\u00e9 Inclusion\",\"description\":\"\",\"publisher\":{\"@id\":\"https:\\\/\\\/www.univ-lorraine.fr\\\/egalite-diversite-inclusion\\\/#organization\"},\"potentialAction\":[{\"@type\":\"SearchAction\",\"target\":{\"@type\":\"EntryPoint\",\"urlTemplate\":\"https:\\\/\\\/www.univ-lorraine.fr\\\/egalite-diversite-inclusion\\\/?s={search_term_string}\"},\"query-input\":{\"@type\":\"PropertyValueSpecification\",\"valueRequired\":true,\"valueName\":\"search_term_string\"}}],\"inLanguage\":\"fr-FR\"},{\"@type\":\"Organization\",\"@id\":\"https:\\\/\\\/www.univ-lorraine.fr\\\/egalite-diversite-inclusion\\\/#organization\",\"name\":\"Egalit\u00e9 diversit\u00e9 Inclusion\",\"url\":\"https:\\\/\\\/www.univ-lorraine.fr\\\/egalite-diversite-inclusion\\\/\",\"logo\":{\"@type\":\"ImageObject\",\"inLanguage\":\"fr-FR\",\"@id\":\"https:\\\/\\\/www.univ-lorraine.fr\\\/egalite-diversite-inclusion\\\/#\\\/schema\\\/logo\\\/image\\\/\",\"url\":\"https:\\\/\\\/www.univ-lorraine.fr\\\/egalite-diversite-inclusion\\\/wp-content\\\/uploads\\\/sites\\\/36\\\/2022\\\/04\\\/ulsengage-2.png\",\"contentUrl\":\"https:\\\/\\\/www.univ-lorraine.fr\\\/egalite-diversite-inclusion\\\/wp-content\\\/uploads\\\/sites\\\/36\\\/2022\\\/04\\\/ulsengage-2.png\",\"width\":812,\"height\":287,\"caption\":\"Egalit\u00e9 diversit\u00e9 Inclusion\"},\"image\":{\"@id\":\"https:\\\/\\\/www.univ-lorraine.fr\\\/egalite-diversite-inclusion\\\/#\\\/schema\\\/logo\\\/image\\\/\"}}]}<\/script>\n<!-- \/ Yoast SEO plugin. -->","yoast_head_json":{"title":"Accueil - Egalit\u00e9 diversit\u00e9 Inclusion","description":"L\u2019Universit\u00e9 de Lorraine s\u2019investit pour l\u2019\u00e9galit\u00e9, la diversit\u00e9 et l\u2019inclusion (EDI) de tous, \u00e0 travers plusieurs actions.","robots":{"index":"index","follow":"follow","max-snippet":"max-snippet:-1","max-image-preview":"max-image-preview:large","max-video-preview":"max-video-preview:-1"},"canonical":"https:\/\/www.univ-lorraine.fr\/egalite-diversite-inclusion\/","og_locale":"fr_FR","og_type":"article","og_title":"Accueil - Egalit\u00e9 diversit\u00e9 Inclusion","og_description":"L\u2019Universit\u00e9 de Lorraine s\u2019investit pour l\u2019\u00e9galit\u00e9, la diversit\u00e9 et l\u2019inclusion (EDI) de tous, \u00e0 travers plusieurs actions.","og_url":"https:\/\/www.univ-lorraine.fr\/egalite-diversite-inclusion\/","og_site_name":"Egalit\u00e9 diversit\u00e9 Inclusion","article_modified_time":"2026-01-14T14:53:37+00:00","twitter_card":"summary_large_image","twitter_misc":{"Dur\u00e9e de lecture estim\u00e9e":"1 minute"},"schema":{"@context":"https:\/\/schema.org","@graph":[{"@type":"WebPage","@id":"https:\/\/www.univ-lorraine.fr\/egalite-diversite-inclusion\/","url":"https:\/\/www.univ-lorraine.fr\/egalite-diversite-inclusion\/","name":"Accueil - Egalit\u00e9 diversit\u00e9 Inclusion","isPartOf":{"@id":"https:\/\/www.univ-lorraine.fr\/egalite-diversite-inclusion\/#website"},"primaryImageOfPage":{"@id":"https:\/\/www.univ-lorraine.fr\/egalite-diversite-inclusion\/#primaryimage"},"image":{"@id":"https:\/\/www.univ-lorraine.fr\/egalite-diversite-inclusion\/#primaryimage"},"thumbnailUrl":"https:\/\/dev-www.univ-lorraine.fr\/wp-content\/uploads\/2021\/01\/logo-factuel.png","datePublished":"2021-01-27T12:47:47+00:00","dateModified":"2026-01-14T14:53:37+00:00","description":"L\u2019Universit\u00e9 de Lorraine s\u2019investit pour l\u2019\u00e9galit\u00e9, la diversit\u00e9 et l\u2019inclusion (EDI) de tous, \u00e0 travers plusieurs actions.","breadcrumb":{"@id":"https:\/\/www.univ-lorraine.fr\/egalite-diversite-inclusion\/#breadcrumb"},"inLanguage":"fr-FR","potentialAction":[{"@type":"ReadAction","target":["https:\/\/www.univ-lorraine.fr\/egalite-diversite-inclusion\/"]}]},{"@type":"ImageObject","inLanguage":"fr-FR","@id":"https:\/\/www.univ-lorraine.fr\/egalite-diversite-inclusion\/#primaryimage","url":"https:\/\/dev-www.univ-lorraine.fr\/wp-content\/uploads\/2021\/01\/logo-factuel.png","contentUrl":"https:\/\/dev-www.univ-lorraine.fr\/wp-content\/uploads\/2021\/01\/logo-factuel.png"},{"@type":"BreadcrumbList","@id":"https:\/\/www.univ-lorraine.fr\/egalite-diversite-inclusion\/#breadcrumb","itemListElement":[{"@type":"ListItem","position":1,"name":"Accueil","item":"https:\/\/www.univ-lorraine.fr\/egalite-diversite-inclusion\/"},{"@type":"ListItem","position":2,"name":"Accueil"}]},{"@type":"WebSite","@id":"https:\/\/www.univ-lorraine.fr\/egalite-diversite-inclusion\/#website","url":"https:\/\/www.univ-lorraine.fr\/egalite-diversite-inclusion\/","name":"Egalit\u00e9 diversit\u00e9 Inclusion","description":"","publisher":{"@id":"https:\/\/www.univ-lorraine.fr\/egalite-diversite-inclusion\/#organization"},"potentialAction":[{"@type":"SearchAction","target":{"@type":"EntryPoint","urlTemplate":"https:\/\/www.univ-lorraine.fr\/egalite-diversite-inclusion\/?s={search_term_string}"},"query-input":{"@type":"PropertyValueSpecification","valueRequired":true,"valueName":"search_term_string"}}],"inLanguage":"fr-FR"},{"@type":"Organization","@id":"https:\/\/www.univ-lorraine.fr\/egalite-diversite-inclusion\/#organization","name":"Egalit\u00e9 diversit\u00e9 Inclusion","url":"https:\/\/www.univ-lorraine.fr\/egalite-diversite-inclusion\/","logo":{"@type":"ImageObject","inLanguage":"fr-FR","@id":"https:\/\/www.univ-lorraine.fr\/egalite-diversite-inclusion\/#\/schema\/logo\/image\/","url":"https:\/\/www.univ-lorraine.fr\/egalite-diversite-inclusion\/wp-content\/uploads\/sites\/36\/2022\/04\/ulsengage-2.png","contentUrl":"https:\/\/www.univ-lorraine.fr\/egalite-diversite-inclusion\/wp-content\/uploads\/sites\/36\/2022\/04\/ulsengage-2.png","width":812,"height":287,"caption":"Egalit\u00e9 diversit\u00e9 Inclusion"},"image":{"@id":"https:\/\/www.univ-lorraine.fr\/egalite-diversite-inclusion\/#\/schema\/logo\/image\/"}}]}},"_links":{"self":[{"href":"https:\/\/www.univ-lorraine.fr\/egalite-diversite-inclusion\/wp-json\/wp\/v2\/pages\/7","targetHints":{"allow":["GET"]}}],"collection":[{"href":"https:\/\/www.univ-lorraine.fr\/egalite-diversite-inclusion\/wp-json\/wp\/v2\/pages"}],"about":[{"href":"https:\/\/www.univ-lorraine.fr\/egalite-diversite-inclusion\/wp-json\/wp\/v2\/types\/page"}],"author":[{"embeddable":true,"href":"https:\/\/www.univ-lorraine.fr\/egalite-diversite-inclusion\/wp-json\/wp\/v2\/users\/4"}],"replies":[{"embeddable":true,"href":"https:\/\/www.univ-lorraine.fr\/egalite-diversite-inclusion\/wp-json\/wp\/v2\/comments?post=7"}],"version-history":[{"count":59,"href":"https:\/\/www.univ-lorraine.fr\/egalite-diversite-inclusion\/wp-json\/wp\/v2\/pages\/7\/revisions"}],"predecessor-version":[{"id":1866,"href":"https:\/\/www.univ-lorraine.fr\/egalite-diversite-inclusion\/wp-json\/wp\/v2\/pages\/7\/revisions\/1866"}],"wp:attachment":[{"href":"https:\/\/www.univ-lorraine.fr\/egalite-diversite-inclusion\/wp-json\/wp\/v2\/media?parent=7"}],"curies":[{"name":"wp","href":"https:\/\/api.w.org\/{rel}","templated":true}]}}