{"id":584,"date":"2024-02-29T11:53:28","date_gmt":"2024-02-29T10:53:28","guid":{"rendered":"https:\/\/www.univ-lorraine.fr\/elections\/?page_id=584"},"modified":"2025-10-22T13:57:20","modified_gmt":"2025-10-22T11:57:20","slug":"elections-universitaires","status":"publish","type":"page","link":"https:\/\/www.univ-lorraine.fr\/elections\/elections-universitaires\/","title":{"rendered":"\u00c9lections universitaires"},"content":{"rendered":"<div class=\"election\">\r\n\t<div class=\"titre\">\r\n\t\t<p>\u00c9lections universitaires<\/p>\r\n\t\t<p><a href=\"https:\/\/www.univ-lorraine.fr\/elections\/toutes-les-elections-universitaires\/elections-des-31-mars-et-1er-avril-2026\/\">\u00c9lections des 31 mars et 1er avril 2026<\/a><\/p>\r\n\t\t<p><p>&nbsp;<\/p>\n<p style=\"text-align: center\"><a href=\"https:\/\/ent.univ-lorraine.fr\/intranet-portlet\/intranet-manager-portlet-vie-instit-download-VIE_INSTITUTION-14107-13497.html\"><strong>Arr\u00eat\u00e9 de proclamation des r\u00e9sultats<\/strong><\/a><\/p>\n<p style=\"text-align: center\">\n<\/p>\r\n\t<\/div>\r\n\t<div class=\"scrutin\">\r\n\t\t<p>Modalit\u00e9 du scrutin : En ligne &#8211; 64 scrutins programm\u00e9s<\/p>\r\n\t\t\r\n\t<\/div>\r\n\t<div class=\"calendrier\">\r\n\t\t<p>Calendrier<\/p>\r\n\t\t<ul>\r\n\t\t\t<li>Date limite de candidature : 10\/03\/2026<\/li>\r\n\t\t\t<li>Date(s) du scrutin : 31 mars 2026 et 1 avril 2026<\/li>\r\n\t\t<\/ul>\r\n\t\t<p><a href=\"https:\/\/ent.univ-lorraine.fr\/intranet-portlet\/intranet-manager-portlet-vie-instit-download-VIE_INSTITUTION-13939-13310.html\" target=\"_blank\" rel=\"noopener\">Demander une inscription ou une modification sur la liste \u00e9lectorale<\/a><\/p>\r\n\t<\/div>\r\n\t<div class=\"liens\">\r\n\t\t<p><a href=\"https:\/\/ent.univ-lorraine.fr\/intranet-portlet\/intranet-manager-portlet-vie-instit-viewfolder-VIE_INSTITUTION-13939.html\">Tous les documents de l&rsquo;\u00e9lection sur l&rsquo;ENT<\/a><\/p>\r\n\t\t<p><a href=\"https:\/\/ent.univ-lorraine.fr\/intranet-portlet\/intranet-manager-portlet-vie-instit-download-VIE_INSTITUTION-13939-13318.html\">Note \u00e9lectorale<\/a><\/p>\r\n\t\t<p><a href=\"https:\/\/ent.univ-lorraine.fr\/intranet-portlet\/intranet-manager-portlet-vie-instit-download-VIE_INSTITUTION-13939-13331.html\">Arr\u00eat\u00e9 de convocation des \u00e9lecteurs<\/a><\/p>\r\n\t\t<p><a href=\"https:\/\/ent.univ-lorraine.fr\/intranet-portlet\/intranet-manager-portlet-vie-instit-download-VIE_INSTITUTION-13939-13333.html\">Calendrier \u00e9lectoral<\/a><\/p>\r\n\t\t<p><a href=\"https:\/\/ent.univ-lorraine.fr\/intranet-portlet\/intranet-manager-portlet-vie-instit-download-VIE_INSTITUTION-13939-13332.html\">Liste des si\u00e8ges \u00e0 pourvoir<\/a><\/p>\r\n\t\t<p><a href=\"https:\/\/www.univ-lorraine.fr\/elections\/toutes-les-elections-universitaires\/elections-des-31-mars-et-1er-avril-2026\/\">Voir les 64 scrutins<\/a><\/p>\r\n\t<\/div>\t\r\n<\/div><div class=\"election\">\r\n\t<div class=\"titre\">\r\n\t\t<p>\u00c9lections universitaires<\/p>\r\n\t\t<p><a href=\"https:\/\/www.univ-lorraine.fr\/elections\/toutes-les-elections-universitaires\/elections-des-2-et-3-decembre-2025\/\">\u00c9lections des 2 et 3 d\u00e9cembre 2025<\/a><\/p>\r\n\t\t<p><p>&nbsp;<\/p>\n<p><strong>Proclamation des r\u00e9sultats :\u00a0<\/strong><\/p>\n<p><a href=\"https:\/\/ent.univ-lorraine.fr\/intranet-portlet\/intranet-manager-portlet-vie-instit-download-VIE_INSTITUTION-13877-13245.html\">Arr\u00eat\u00e9 de proclamation des r\u00e9sultats<\/a> (les r\u00e9sultats peuvent \u00eatre consult\u00e9s sur chaque scrutin)<\/p>\n<p>&nbsp;<\/p>\n<p>&nbsp;<\/p>\n<p><strong>A retrouver sur ULTV :<\/strong><\/p>\n<ul>\n<li><a style=\"text-decoration: underline\" href=\"https:\/\/ultv.univ-lorraine.fr\/video\/22609-ceremonie-de-scellement-elections-des-2-et-3-decembre-2025\/\">Le scellement des urnes<\/a> (le 1\/12 \u00e0 16h)<\/li>\n<\/ul>\n<\/p>\r\n\t<\/div>\r\n\t<div class=\"scrutin\">\r\n\t\t<p>Modalit\u00e9 du scrutin : En ligne &#8211; 116 scrutins programm\u00e9s<\/p>\r\n\t\t<div class=\"minimize\"><p>Le vote se r\u00e9alisera \u00e0 distance, par voie \u00e9lectronique via internet sur la plateforme<\/p>\n<p><a href=\"https:\/\/univ-lorraine.legavote.fr\">https:\/\/univ-lorraine.legavote.fr\u00a0<\/a><\/p>\n<p><a href=\"https:\/\/www.univ-lorraine.fr\/elections\/vote-en-ligne-guide-dutilisation-pour-les-electeurs\/\">Guide d\u2019utilisation pour les \u00e9lecteurs<\/a><\/p>\n<p>Les \u00e9lecteurs ne pouvant disposer d\u2019un poste informatique pourront utiliser un poste d\u00e9di\u00e9 mis \u00e0 disposition dans les locaux de l\u2019Universit\u00e9, sur les sites suivants :<\/p>\n<ul>\n<li><strong>Campus-Brabois-Sant\u00e9\u00a0 Bureau SIRET Bat D 1er \u00e9tage<\/strong>\n<ul>\n<li>Horaires : 8h00 \u00e0 11h30 et de 14h00 \u00e0 16h30<\/li>\n<li>Pas de t\u00e9l\u00e9phone<\/li>\n<\/ul>\n<\/li>\n<li><strong>Lettres \/ Lib\u00e9ration NANCY \u2013 Local copieur 1\u00e9tage Batiment G du Campus Lettres<\/strong>\n<ul>\n<li>Horaires : 8h00-17h00<\/li>\n<li>Pas de t\u00e9l\u00e9phone<\/li>\n<\/ul>\n<\/li>\n<li><strong>Saulcy MDU, salle au RDC (bureau 17)<\/strong>\n<ul>\n<li>Horaires : 8h30 \u2013 12h15 \/13h30 \u2013 17h<\/li>\n<li>03 72 74 09 02<\/li>\n<\/ul>\n<\/li>\n<li><strong>Baron Louis \u2013 Bureau 10 RDC haut\u00a0<\/strong>\n<ul>\n<li>Horaires : 8h \u2013 17h<\/li>\n<\/ul>\n<\/li>\n<li><strong>Campus CARNOT \u2013 Accueil Scolarit\u00e9 \u2013 RDC Aile E -Bureau ER03<\/strong>\n<ul>\n<li>Horaires : 8h30 \u2013 12h00 \/ 13h00 \u2013 15h00<\/li>\n<\/ul>\n<\/li>\n<li><strong>Brabois Ing\u00e9nierie \u2013 Accueil Pr\u00e9sidence<\/strong>\n<ul>\n<li>Horaires : 8h-12h \/ 13h-16h<\/li>\n<li>03 72 74 08 51<\/li>\n<\/ul>\n<\/li>\n<li><strong>PHS (anciennement PLG) \u2013 Accueil\u00a0<\/strong>\n<ul>\n<li>Horaires : 8h \u2013 21h<\/li>\n<li>03 72 74 16 40<\/li>\n<\/ul>\n<\/li>\n<\/ul>\n<\/div>\r\n\t<\/div>\r\n\t<div class=\"calendrier\">\r\n\t\t<p>Calendrier<\/p>\r\n\t\t<ul>\r\n\t\t\t<li>Date limite de candidature : 12\/11\/2025<\/li>\r\n\t\t\t<li>Date(s) du scrutin : 2 d\u00e9cembre 2025 et 3 d\u00e9cembre 2025<\/li>\r\n\t\t<\/ul>\r\n\t\t<p><a href=\"https:\/\/ent.univ-lorraine.fr\/intranet-portlet\/intranet-manager-portlet-vie-instit-download-VIE_INSTITUTION-13706-12906.html\" target=\"_blank\" rel=\"noopener\">Demander une inscription ou une modification sur la liste \u00e9lectorale<\/a><\/p>\r\n\t<\/div>\r\n\t<div class=\"liens\">\r\n\t\t<p><a href=\"https:\/\/ent.univ-lorraine.fr\/intranet-portlet\/intranet-manager-portlet-vie-instit-viewfolder-VIE_INSTITUTION-13706.html\">Tous les documents de l&rsquo;\u00e9lection sur l&rsquo;ENT<\/a><\/p>\r\n\t\t<p><a href=\"https:\/\/ent.univ-lorraine.fr\/intranet-portlet\/intranet-manager-portlet-vie-instit-download-VIE_INSTITUTION-13706-12916.html\">Note \u00e9lectorale<\/a><\/p>\r\n\t\t<p><a href=\"https:\/\/ent.univ-lorraine.fr\/intranet-portlet\/intranet-manager-portlet-vie-instit-download-VIE_INSTITUTION-13706-12917.html\">Arr\u00eat\u00e9 de convocation des \u00e9lecteurs<\/a><\/p>\r\n\t\t<p><a href=\"https:\/\/ent.univ-lorraine.fr\/intranet-portlet\/intranet-manager-portlet-vie-instit-download-VIE_INSTITUTION-13706-12918.html\">Calendrier \u00e9lectoral<\/a><\/p>\r\n\t\t<p><a href=\"https:\/\/ent.univ-lorraine.fr\/f\/u27l1s4\/p\/intranet-manager-portlet-vie-instit.u27l1n61\/max\/render.uP?pP_folder=13707&#038;pP_action=viewfolder\">Liste des si\u00e8ges \u00e0 pourvoir<\/a><\/p>\r\n\t\t<p><a href=\"https:\/\/www.univ-lorraine.fr\/elections\/toutes-les-elections-universitaires\/elections-des-2-et-3-decembre-2025\/\">Voir les 116 scrutins<\/a><\/p>\r\n\t<\/div>\t\r\n<\/div><div class=\"election\">\r\n\t<div class=\"titre\">\r\n\t\t<p>\u00c9lections universitaires<\/p>\r\n\t\t<p><a href=\"https:\/\/www.univ-lorraine.fr\/elections\/toutes-les-elections-universitaires\/elections-des-1er-et-2-avril-2025\/\">\u00c9lections des 1er et 2 avril 2025<\/a><\/p>\r\n\t\t<p><p><a href=\"https:\/\/factuel.univ-lorraine.fr\/taxonomy\/term\/14921\" target=\"_blank\" rel=\"noopener\"><img decoding=\"async\" width=\"1200\" height=\"225\" class=\"alignnone size-full wp-image-1286\" src=\"https:\/\/www.univ-lorraine.fr\/elections\/wp-content\/uploads\/sites\/50\/2025\/03\/banniere-background1.png\" alt=\"\" srcset=\"https:\/\/www.univ-lorraine.fr\/elections\/wp-content\/uploads\/sites\/50\/2025\/03\/banniere-background1.png 1200w, https:\/\/www.univ-lorraine.fr\/elections\/wp-content\/uploads\/sites\/50\/2025\/03\/banniere-background1-300x56.png 300w, https:\/\/www.univ-lorraine.fr\/elections\/wp-content\/uploads\/sites\/50\/2025\/03\/banniere-background1-1024x192.png 1024w, https:\/\/www.univ-lorraine.fr\/elections\/wp-content\/uploads\/sites\/50\/2025\/03\/banniere-background1-768x144.png 768w\" sizes=\"(max-width: 1200px) 100vw, 1200px\" \/><\/a><\/p>\n<p><strong>Proclamation des r\u00e9sultats :<\/strong><\/p>\n<ul>\n<li><a href=\"https:\/\/ent.univ-lorraine.fr\/intranet-portlet\/intranet-manager-portlet-vie-instit-download-VIE_INSTITUTION-13175-12523.html\" target=\"_blank\" rel=\"noopener\">Arr\u00eat\u00e9 de proclamation des r\u00e9sultats<\/a><br \/>\n(les r\u00e9sultats peuvent \u00eatre consult\u00e9s pour chaque scrutin)<\/li>\n<\/ul>\n<p><strong>A retrouver sur ULTV :<\/strong><\/p>\n<ul>\n<li><a style=\"text-decoration: underline\" href=\"https:\/\/ultv.univ-lorraine.fr\/live\/event\/1242-ceremonie-de-scellement-elections-du-1-et-2-avril-2025\/be7ed3681bd81fecd84cd8231beb58a347ce0b163b0a0ca20691ebbb984da620\/\">Le scellement des urnes<\/a> (le 31\/03 \u00e0 16h)<\/li>\n<li><a style=\"text-decoration: underline\" href=\"https:\/\/ultv.univ-lorraine.fr\/live\/event\/1243-ceremonie-de-depouillement-elections-du-1-et-2-avril-2025\/0d8621920c9793a038d2c9d9fa1408ee5dc465d3b4d75778c39c6a472ca9ace6\/\">Le d\u00e9pouillement<\/a> (mercredi 2\/04 \u00e0 16h)<\/li>\n<\/ul>\n<\/p>\r\n\t<\/div>\r\n\t<div class=\"scrutin\">\r\n\t\t<p>Modalit\u00e9 du scrutin : En ligne &#8211; 149 scrutins programm\u00e9s<\/p>\r\n\t\t<div class=\"minimize\"><p>Le vote se r\u00e9alisera \u00e0 distance, par voie \u00e9lectronique via internet : <a href=\"https:\/\/www.univ-lorraine.fr\/elections\/vote-en-ligne-guide-dutilisation-pour-les-electeurs\/\">Guide d\u2019utilisation pour les \u00e9lecteurs<\/a><\/p>\n<p>Les \u00e9lecteurs ne pouvant disposer d\u2019un poste informatique pourront utiliser un poste d\u00e9di\u00e9 mis \u00e0 disposition dans les locaux de l&rsquo;Universit\u00e9, sur les sites suivants :<\/p>\n<ul>\n<li><strong>UFR MIM &#8211; Bureau Accueil UFR rez de chauss\u00e9<\/strong>\n<ul>\n<li>Horaires : 8h30-16h30<\/li>\n<li>T\u00e9l\u00e9phone : 03 72 74 80 00<\/li>\n<\/ul>\n<\/li>\n<li><strong>Campus-Brabois-Sant\u00e9\u00a0 Bureau SIRET Bat D 1er \u00e9tage<\/strong>\n<ul>\n<li>Horaires : 8h00 \u00e0 11h30 et de 14h00 \u00e0 16h30<\/li>\n<li>Pas de t\u00e9l\u00e9phone<\/li>\n<\/ul>\n<\/li>\n<li><strong>Lettres \/ Lib\u00e9ration NANCY &#8211; Local copieur 1\u00e9tage Batiment G du Campus Lettres<\/strong>\n<ul>\n<li>Horaires : 8h00-17h00<\/li>\n<li>Pas de t\u00e9l\u00e9phone<\/li>\n<\/ul>\n<\/li>\n<li><strong>FST &#8211; Service RH &#8211; administration, 2\u00e8me \u00e9tage<\/strong>\n<ul>\n<li>Horaires : 9h00 &#8211; 12h00 \/ 13h30 &#8211; 17h00<\/li>\n<li>03 72 74 50 79<\/li>\n<\/ul>\n<\/li>\n<li><strong>Saulcy MDU, salle au RDC (bureau 17)<\/strong>\n<ul>\n<li>Horaires : 8h30 &#8211; 12h15 \/13h30 &#8211; 17h<\/li>\n<li>03 72 74 09 02<\/li>\n<\/ul>\n<\/li>\n<li><strong>Baron Louis &#8211; Bureau 10 RDC haut\u00a0<\/strong>\n<ul>\n<li>Horaires : 8h &#8211; 17h<\/li>\n<\/ul>\n<\/li>\n<li><strong>UFR SCIFA &#8211; Bureau Accueil campus Bridoux<\/strong>\n<ul>\n<li>Horaires : 8h30-16h00<\/li>\n<li>Pas de t\u00e9l\u00e9phone<\/li>\n<\/ul>\n<\/li>\n<li><strong>Campus CARNOT &#8211; Accueil Scolarit\u00e9 &#8211; RDC Aile E -Bureau ER03<\/strong>\n<ul>\n<li>Horaires : 8h30 &#8211; 12h00 \/ 13h00 &#8211; 15h00<\/li>\n<\/ul>\n<\/li>\n<li><strong>Brabois Ing\u00e9nierie &#8211; Accueil Pr\u00e9sidence<\/strong>\n<ul>\n<li>Horaires : 8h-12h \/ 13h-16h<\/li>\n<li>03 72 74 08 51<\/li>\n<\/ul>\n<\/li>\n<li><strong>PHS (anciennement PLG) &#8211; Accueil\u00a0<\/strong>\n<ul>\n<li>Horaires : 8h &#8211; 21h<\/li>\n<li>03 72 74 16 40<\/li>\n<\/ul>\n<\/li>\n<li><strong>IUT \u00c9PINAL &#8211; Salle de FAX<\/strong>\n<ul>\n<li>Horaires : 8h30 &#8211; 12h00 \/ 13h30 &#8211; 17h00<\/li>\n<\/ul>\n<\/li>\n<\/ul>\n<\/div>\r\n\t<\/div>\r\n\t<div class=\"calendrier\">\r\n\t\t<p>Calendrier<\/p>\r\n\t\t<ul>\r\n\t\t\t<li>Date limite de candidature : 13\/03\/2025<\/li>\r\n\t\t\t<li>Date(s) du scrutin : 1 avril 2025 et 2 avril 2025<\/li>\r\n\t\t<\/ul>\r\n\t\t<p><a href=\"https:\/\/ent.univ-lorraine.fr\/intranet-portlet\/intranet-manager-portlet-vie-instit-download-VIE_INSTITUTION-13175-12079.html\" target=\"_blank\" rel=\"noopener\">Demander une inscription ou une modification sur la liste \u00e9lectorale<\/a><\/p>\r\n\t<\/div>\r\n\t<div class=\"liens\">\r\n\t\t<p><a href=\"https:\/\/ent.univ-lorraine.fr\/intranet-portlet\/intranet-manager-portlet-vie-instit-viewfolder-VIE_INSTITUTION-13175.html\">Tous les documents de l&rsquo;\u00e9lection sur l&rsquo;ENT<\/a><\/p>\r\n\t\t<p><a href=\"https:\/\/ent.univ-lorraine.fr\/intranet-portlet\/intranet-manager-portlet-vie-instit-download-VIE_INSTITUTION-13175-12085.html\">Note \u00e9lectorale<\/a><\/p>\r\n\t\t<p><a href=\"https:\/\/ent.univ-lorraine.fr\/intranet-portlet\/intranet-manager-portlet-vie-instit-download-VIE_INSTITUTION-13175-12091.html\">Arr\u00eat\u00e9 de convocation des \u00e9lecteurs<\/a><\/p>\r\n\t\t\r\n\t\t\r\n\t\t<p><a href=\"https:\/\/www.univ-lorraine.fr\/elections\/toutes-les-elections-universitaires\/elections-des-1er-et-2-avril-2025\/\">Voir les 149 scrutins<\/a><\/p>\r\n\t<\/div>\t\r\n<\/div><div class=\"election\">\r\n\t<div class=\"titre\">\r\n\t\t<p>\u00c9lections universitaires<\/p>\r\n\t\t<p><a href=\"https:\/\/www.univ-lorraine.fr\/elections\/toutes-les-elections-universitaires\/elections-des-4-et-5-decembre-2024\/\">\u00c9lections des 4 et 5 d\u00e9cembre 2024<\/a><\/p>\r\n\t\t<p><ul>\n<li><a href=\"https:\/\/ent.univ-lorraine.fr\/intranet-portlet\/intranet-manager-portlet-vie-instit-download-VIE_INSTITUTION-12879-11935.html\">R\u00e9sultats globaux des \u00e9lections<\/a><\/li>\n<li>Les listes \u00e9lectorales et les listes de candidats <a href=\"https:\/\/ent.univ-lorraine.fr\/intranet-portlet\/intranet-manager-portlet-vie-instit-viewfolder-VIE_INSTITUTION-12879.html\">sont disponibles sur l&rsquo;ENT<\/a> et sur chaque scrutin.<\/li>\n<li><a href=\"https:\/\/ultv.univ-lorraine.fr\/video\/19590-elections-universitaires-scellement-et-clefs-de-chiffrement\/\">Scellement des urnes<\/a><\/li>\n<\/ul>\n<\/p>\r\n\t<\/div>\r\n\t<div class=\"scrutin\">\r\n\t\t<p>Modalit\u00e9 du scrutin : En ligne &#8211; 76 scrutins programm\u00e9s<\/p>\r\n\t\t<div class=\"minimize\"><p>Le vote se r\u00e9alisera \u00e0 distance, par voie \u00e9lectronique via internet : <a href=\"https:\/\/www.univ-lorraine.fr\/elections\/vote-en-ligne-guide-dutilisation-pour-les-electeurs\/\">Guide d\u2019utilisation pour les \u00e9lecteurs<\/a><\/p>\n<p>Les \u00e9lecteurs ne pouvant disposer d\u2019un poste informatique pourront utiliser un poste d\u00e9di\u00e9 mis \u00e0 disposition dans les locaux de l&rsquo;Universit\u00e9, sur les sites suivants :<\/p>\n<ul>\n<li>UFR MIM \u2013 Bureau Accueil UFR rez de chauss\u00e9e (8h30-16h30)<\/li>\n<li>Campus-Brabois-Sant\u00e9 Bureau SIRET Bat D 1er \u00e9tage (8h00 \u00e0 11h30 et de 14h00 \u00e0 16h30)<\/li>\n<li>Lettres \/ Lib\u00e9ration NANCY \u2013 Local copieur 1\u00e9tage Batiment G du Campus Lettres (8h00-17h00)<\/li>\n<li>FST \u2013 Service RH \u2013 administration, 2\u00e8me \u00e9tage (9h00 \u2013 12h00 \/ 13h30 \u2013 17h00)<\/li>\n<li>Saulcy MDU, salle au RDC (bureau 17) (8h \u2013 17h)<br \/>\nBaron Louis \u2013 Bureau 11 RDC haut (8h \u2013 20h)<\/li>\n<li>UFR SCIFA \u2013 Bureau Accueil campus Bridoux (8h30-16h00)<\/li>\n<li>Campus CARNOT \u2013 Accueil Scolarit\u00e9 \u2013 RDC Aile E -Bureau ER03 (8h30 \u2013 12h00 \/ 13h00 \u2013 15h00)<\/li>\n<li>Brabois Ing\u00e9nierie \u2013 Accueil Pr\u00e9sidence (8h-12h \/ 13h-16h)<\/li>\n<li>PHS (anciennement PLG) \u2013 Accueil (8h \u2013 21h)<\/li>\n<li>IUT \u00c9PINAL \u2013 Salle de FAX (8h30 \u2013 12h00 \/ 13h30 \u2013 17h00)<\/li>\n<li>Campus ARTEM \u2013 Salle A113 Batiment Mines-Nancy<\/li>\n<\/ul>\n<\/div>\r\n\t<\/div>\r\n\t<div class=\"calendrier\">\r\n\t\t<p>Calendrier<\/p>\r\n\t\t<ul>\r\n\t\t\t<li>Date limite de candidature : 18\/11\/2024<\/li>\r\n\t\t\t<li>Date(s) du scrutin : 4 d\u00e9cembre 2024 et 5 d\u00e9cembre 2024<\/li>\r\n\t\t<\/ul>\r\n\t\t<p><a href=\"https:\/\/ent.univ-lorraine.fr\/intranet-portlet\/intranet-manager-portlet-vie-instit-download-VIE_INSTITUTION-12879-11741.html\" target=\"_blank\" rel=\"noopener\">Demander une inscription ou une modification sur la liste \u00e9lectorale<\/a><\/p>\r\n\t<\/div>\r\n\t<div class=\"liens\">\r\n\t\t<p><a href=\"https:\/\/ent.univ-lorraine.fr\/intranet-portlet\/intranet-manager-portlet-vie-instit-viewfolder-VIE_INSTITUTION-12879.html\">Tous les documents de l&rsquo;\u00e9lection sur l&rsquo;ENT<\/a><\/p>\r\n\t\t<p><a href=\"https:\/\/ent.univ-lorraine.fr\/intranet-portlet\/intranet-manager-portlet-vie-instit-download-VIE_INSTITUTION-12879-11739.html\">Note \u00e9lectorale<\/a><\/p>\r\n\t\t<p><a href=\"https:\/\/ent.univ-lorraine.fr\/intranet-portlet\/intranet-manager-portlet-vie-instit-download-VIE_INSTITUTION-12879-11740.html\">Arr\u00eat\u00e9 de convocation des \u00e9lecteurs<\/a><\/p>\r\n\t\t<p><a href=\"https:\/\/ent.univ-lorraine.fr\/intranet-portlet\/intranet-manager-portlet-vie-instit-download-VIE_INSTITUTION-12879-11742.html\">Calendrier \u00e9lectoral<\/a><\/p>\r\n\t\t<p><a href=\"https:\/\/ent.univ-lorraine.fr\/intranet-portlet\/intranet-manager-portlet-vie-instit-download-VIE_INSTITUTION-12879-11743.html\">Liste des si\u00e8ges \u00e0 pourvoir<\/a><\/p>\r\n\t\t<p><a href=\"https:\/\/www.univ-lorraine.fr\/elections\/toutes-les-elections-universitaires\/elections-des-4-et-5-decembre-2024\/\">Voir les 76 scrutins<\/a><\/p>\r\n\t<\/div>\t\r\n<\/div>","protected":false},"excerpt":{"rendered":"","protected":false},"author":7,"featured_media":0,"parent":0,"menu_order":0,"comment_status":"closed","ping_status":"closed","template":"","meta":{"inline_featured_image":false,"footnotes":""},"class_list":{"0":"post-584","1":"page","2":"type-page","3":"status-publish","5":"infinite-scroll-item"},"yoast_head":"<!-- This site is optimized with the Yoast SEO plugin v27.4 - https:\/\/yoast.com\/product\/yoast-seo-wordpress\/ -->\n<title>\u00c9lections universitaires - Elections<\/title>\n<meta name=\"robots\" content=\"index, follow, max-snippet:-1, max-image-preview:large, max-video-preview:-1\" \/>\n<link rel=\"canonical\" href=\"https:\/\/www.univ-lorraine.fr\/elections\/elections-universitaires\/\" \/>\n<meta property=\"og:locale\" content=\"fr_FR\" \/>\n<meta property=\"og:type\" content=\"article\" \/>\n<meta property=\"og:title\" content=\"\u00c9lections universitaires - Elections\" \/>\n<meta property=\"og:url\" content=\"https:\/\/www.univ-lorraine.fr\/elections\/elections-universitaires\/\" \/>\n<meta property=\"og:site_name\" content=\"Elections\" \/>\n<meta property=\"article:modified_time\" content=\"2025-10-22T11:57:20+00:00\" \/>\n<meta name=\"twitter:card\" content=\"summary_large_image\" \/>\n<script type=\"application\/ld+json\" class=\"yoast-schema-graph\">{\"@context\":\"https:\\\/\\\/schema.org\",\"@graph\":[{\"@type\":\"WebPage\",\"@id\":\"https:\\\/\\\/www.univ-lorraine.fr\\\/elections\\\/elections-universitaires\\\/\",\"url\":\"https:\\\/\\\/www.univ-lorraine.fr\\\/elections\\\/elections-universitaires\\\/\",\"name\":\"\u00c9lections universitaires - Elections\",\"isPartOf\":{\"@id\":\"https:\\\/\\\/www.univ-lorraine.fr\\\/elections\\\/#website\"},\"datePublished\":\"2024-02-29T10:53:28+00:00\",\"dateModified\":\"2025-10-22T11:57:20+00:00\",\"breadcrumb\":{\"@id\":\"https:\\\/\\\/www.univ-lorraine.fr\\\/elections\\\/elections-universitaires\\\/#breadcrumb\"},\"inLanguage\":\"fr-FR\",\"potentialAction\":[{\"@type\":\"ReadAction\",\"target\":[\"https:\\\/\\\/www.univ-lorraine.fr\\\/elections\\\/elections-universitaires\\\/\"]}]},{\"@type\":\"BreadcrumbList\",\"@id\":\"https:\\\/\\\/www.univ-lorraine.fr\\\/elections\\\/elections-universitaires\\\/#breadcrumb\",\"itemListElement\":[{\"@type\":\"ListItem\",\"position\":1,\"name\":\"Accueil\",\"item\":\"https:\\\/\\\/www.univ-lorraine.fr\\\/elections\\\/\"},{\"@type\":\"ListItem\",\"position\":2,\"name\":\"\u00c9lections universitaires\"}]},{\"@type\":\"WebSite\",\"@id\":\"https:\\\/\\\/www.univ-lorraine.fr\\\/elections\\\/#website\",\"url\":\"https:\\\/\\\/www.univ-lorraine.fr\\\/elections\\\/\",\"name\":\"Elections\",\"description\":\"Faire dialoguer les savoirs, c\u2019est innover\",\"publisher\":{\"@id\":\"https:\\\/\\\/www.univ-lorraine.fr\\\/elections\\\/#organization\"},\"potentialAction\":[{\"@type\":\"SearchAction\",\"target\":{\"@type\":\"EntryPoint\",\"urlTemplate\":\"https:\\\/\\\/www.univ-lorraine.fr\\\/elections\\\/?s={search_term_string}\"},\"query-input\":{\"@type\":\"PropertyValueSpecification\",\"valueRequired\":true,\"valueName\":\"search_term_string\"}}],\"inLanguage\":\"fr-FR\"},{\"@type\":\"Organization\",\"@id\":\"https:\\\/\\\/www.univ-lorraine.fr\\\/elections\\\/#organization\",\"name\":\"Universit\u00e9 de Lorraine\",\"url\":\"https:\\\/\\\/www.univ-lorraine.fr\\\/elections\\\/\",\"logo\":{\"@type\":\"ImageObject\",\"inLanguage\":\"fr-FR\",\"@id\":\"https:\\\/\\\/www.univ-lorraine.fr\\\/elections\\\/#\\\/schema\\\/logo\\\/image\\\/\",\"url\":\"https:\\\/\\\/www.univ-lorraine.fr\\\/elections\\\/wp-content\\\/uploads\\\/sites\\\/50\\\/2021\\\/01\\\/LOGO_UL.png\",\"contentUrl\":\"https:\\\/\\\/www.univ-lorraine.fr\\\/elections\\\/wp-content\\\/uploads\\\/sites\\\/50\\\/2021\\\/01\\\/LOGO_UL.png\",\"width\":138,\"height\":48,\"caption\":\"Universit\u00e9 de Lorraine\"},\"image\":{\"@id\":\"https:\\\/\\\/www.univ-lorraine.fr\\\/elections\\\/#\\\/schema\\\/logo\\\/image\\\/\"}}]}<\/script>\n<!-- \/ Yoast SEO plugin. -->","yoast_head_json":{"title":"\u00c9lections universitaires - Elections","robots":{"index":"index","follow":"follow","max-snippet":"max-snippet:-1","max-image-preview":"max-image-preview:large","max-video-preview":"max-video-preview:-1"},"canonical":"https:\/\/www.univ-lorraine.fr\/elections\/elections-universitaires\/","og_locale":"fr_FR","og_type":"article","og_title":"\u00c9lections universitaires - Elections","og_url":"https:\/\/www.univ-lorraine.fr\/elections\/elections-universitaires\/","og_site_name":"Elections","article_modified_time":"2025-10-22T11:57:20+00:00","twitter_card":"summary_large_image","schema":{"@context":"https:\/\/schema.org","@graph":[{"@type":"WebPage","@id":"https:\/\/www.univ-lorraine.fr\/elections\/elections-universitaires\/","url":"https:\/\/www.univ-lorraine.fr\/elections\/elections-universitaires\/","name":"\u00c9lections universitaires - Elections","isPartOf":{"@id":"https:\/\/www.univ-lorraine.fr\/elections\/#website"},"datePublished":"2024-02-29T10:53:28+00:00","dateModified":"2025-10-22T11:57:20+00:00","breadcrumb":{"@id":"https:\/\/www.univ-lorraine.fr\/elections\/elections-universitaires\/#breadcrumb"},"inLanguage":"fr-FR","potentialAction":[{"@type":"ReadAction","target":["https:\/\/www.univ-lorraine.fr\/elections\/elections-universitaires\/"]}]},{"@type":"BreadcrumbList","@id":"https:\/\/www.univ-lorraine.fr\/elections\/elections-universitaires\/#breadcrumb","itemListElement":[{"@type":"ListItem","position":1,"name":"Accueil","item":"https:\/\/www.univ-lorraine.fr\/elections\/"},{"@type":"ListItem","position":2,"name":"\u00c9lections universitaires"}]},{"@type":"WebSite","@id":"https:\/\/www.univ-lorraine.fr\/elections\/#website","url":"https:\/\/www.univ-lorraine.fr\/elections\/","name":"Elections","description":"Faire dialoguer les savoirs, c\u2019est innover","publisher":{"@id":"https:\/\/www.univ-lorraine.fr\/elections\/#organization"},"potentialAction":[{"@type":"SearchAction","target":{"@type":"EntryPoint","urlTemplate":"https:\/\/www.univ-lorraine.fr\/elections\/?s={search_term_string}"},"query-input":{"@type":"PropertyValueSpecification","valueRequired":true,"valueName":"search_term_string"}}],"inLanguage":"fr-FR"},{"@type":"Organization","@id":"https:\/\/www.univ-lorraine.fr\/elections\/#organization","name":"Universit\u00e9 de Lorraine","url":"https:\/\/www.univ-lorraine.fr\/elections\/","logo":{"@type":"ImageObject","inLanguage":"fr-FR","@id":"https:\/\/www.univ-lorraine.fr\/elections\/#\/schema\/logo\/image\/","url":"https:\/\/www.univ-lorraine.fr\/elections\/wp-content\/uploads\/sites\/50\/2021\/01\/LOGO_UL.png","contentUrl":"https:\/\/www.univ-lorraine.fr\/elections\/wp-content\/uploads\/sites\/50\/2021\/01\/LOGO_UL.png","width":138,"height":48,"caption":"Universit\u00e9 de Lorraine"},"image":{"@id":"https:\/\/www.univ-lorraine.fr\/elections\/#\/schema\/logo\/image\/"}}]}},"_links":{"self":[{"href":"https:\/\/www.univ-lorraine.fr\/elections\/wp-json\/wp\/v2\/pages\/584","targetHints":{"allow":["GET"]}}],"collection":[{"href":"https:\/\/www.univ-lorraine.fr\/elections\/wp-json\/wp\/v2\/pages"}],"about":[{"href":"https:\/\/www.univ-lorraine.fr\/elections\/wp-json\/wp\/v2\/types\/page"}],"author":[{"embeddable":true,"href":"https:\/\/www.univ-lorraine.fr\/elections\/wp-json\/wp\/v2\/users\/7"}],"replies":[{"embeddable":true,"href":"https:\/\/www.univ-lorraine.fr\/elections\/wp-json\/wp\/v2\/comments?post=584"}],"version-history":[{"count":2,"href":"https:\/\/www.univ-lorraine.fr\/elections\/wp-json\/wp\/v2\/pages\/584\/revisions"}],"predecessor-version":[{"id":1503,"href":"https:\/\/www.univ-lorraine.fr\/elections\/wp-json\/wp\/v2\/pages\/584\/revisions\/1503"}],"wp:attachment":[{"href":"https:\/\/www.univ-lorraine.fr\/elections\/wp-json\/wp\/v2\/media?parent=584"}],"curies":[{"name":"wp","href":"https:\/\/api.w.org\/{rel}","templated":true}]}}