{"id":294,"date":"2024-02-15T11:12:51","date_gmt":"2024-02-15T10:12:51","guid":{"rendered":"https:\/\/www.univ-lorraine.fr\/handicap\/?page_id=294"},"modified":"2026-04-20T15:28:37","modified_gmt":"2026-04-20T13:28:37","slug":"inscription-administrative-et-pedagogique","status":"publish","type":"page","link":"https:\/\/www.univ-lorraine.fr\/handicap\/demarches-damenagement\/inscription-administrative-et-pedagogique\/","title":{"rendered":"Un accueil personnalis\u00e9"},"content":{"rendered":"<!DOCTYPE html PUBLIC \"-\/\/W3C\/\/DTD HTML 4.0 Transitional\/\/EN\" \"http:\/\/www.w3.org\/TR\/REC-html40\/loose.dtd\">\n<?xml encoding=\"utf-8\" ?><html><body><div class=\"gb-container gb-container-dd690bc4\">\n\n<p class=\"has-text-align-center\"><strong>Pour vous permettre d&rsquo;&eacute;tudier dans les meilleures conditions, plusieurs interlocuteurs sont &agrave; votre &eacute;coute en toute<\/strong><br> <strong>confidentialit&eacute; Contactez-les rapidement (avant la rentr&eacute;e) pour que tous les am&eacute;nagements n&eacute;cessaires soient <br>mis en place pour le d&eacute;but des cours.<\/strong><\/p>\n\n<\/div>\n\n<div class=\"gb-container gb-container-c4f7c2a9\">\n\n<h2 class=\"wp-block-heading\">Comment se d&eacute;roule la mise en place du Plan d&rsquo;accompagnement personnalis&eacute; (PAEH) ?<\/h2>\n\n\n<div class=\"gb-container gb-container-176f51a5\">\n<div class=\"gb-grid-wrapper gb-grid-wrapper-df4f16b8\">\n<div class=\"gb-grid-column gb-grid-column-d448f7ca\"><div class=\"gb-container gb-container-d448f7ca\">\n<div class=\"gb-container gb-container-cb1ad926\">\n\n<h3 class=\"gb-headline gb-headline-cdce8fc2 gb-headline-text\">1. Prise de contact<\/h3>\n\n\n\n<p class=\"has-base-3-color has-text-color has-link-color has-medium-font-size wp-elements-c58a37e9946c1fc23ffb62b95c1ac7d8\">La premi&egrave;re prise de contact se fait aupr&egrave;s de votre charg&eacute;&middot;e d&rsquo;accueil handicap. Vous r&eacute;aliserez un entretien avec elle ou lui pour identifier vos besoins en lien avec vos projets d&rsquo;&eacute;tude.<\/p>\n\n<\/div>\n<\/div><\/div>\n\n<div class=\"gb-grid-column gb-grid-column-174ae76b\"><div class=\"gb-container gb-container-174ae76b\">\n<div class=\"gb-container gb-container-ccdadca1\">\n\n<h3 class=\"gb-headline gb-headline-4030cfee gb-headline-text\">2. Rencontre avec le m&eacute;decin universitaire<\/h3>\n\n\n\n<p class=\"has-medium-font-size\">Vous aurez un &eacute;change avec le m&eacute;decin du Service de sant&eacute; &eacute;tudiante (SSE).&nbsp; Une &eacute;valuation de vos besoins sera r&eacute;alis&eacute;e et des propositions d&rsquo;am&eacute;nagements personnalis&eacute;s vous seront sugg&eacute;r&eacute;s.&nbsp;<\/p>\n\n<\/div>\n<\/div><\/div>\n\n<div class=\"gb-grid-column gb-grid-column-dcdc354a\"><div class=\"gb-container gb-container-dcdc354a\">\n<div class=\"gb-container gb-container-739ec045\">\n\n<h3 class=\"gb-headline gb-headline-e0c10561 gb-headline-text\">3. Mise en &oelig;uvre des am&eacute;nagements<\/h3>\n\n\n\n<p>Une d&eacute;cision individuelle vous est remise, ainsi qu&rsquo;&agrave; votre composante de formation. Elle pr&eacute;cise les modalit&eacute;s d&rsquo;accompagnement pour l&rsquo;acc&egrave;s aux cours et aux examens.<\/p>\n\n<\/div>\n<\/div><\/div>\n<\/div>\n<\/div>\n\n\n<p class=\"gb-headline gb-headline-13e4c4d2 gb-headline-text\">Selon votre situation, une <strong>commission handicap<\/strong> peut &ecirc;tre organis&eacute;e pour &eacute;tudier et ajuster si n&eacute;cessaire les am&eacute;nagements pr&eacute;conis&eacute;s par le m&eacute;decin avant de les valider.<\/p>\n\n\n\n<div class=\"wp-block-buttons is-content-justification-center is-layout-flex wp-container-core-buttons-is-layout-2c5ecb24 wp-block-buttons-is-layout-flex\" style=\"margin-top:0px;margin-bottom:0px\">\n<div class=\"wp-block-button\"><a class=\"wp-block-button__link wp-element-button\" href=\"https:\/\/www.univ-lorraine.fr\/handicap\/contact\/\">Contacter les charg&eacute;&middot;es d&rsquo;accueil pour une premi&egrave;re demande<\/a><\/div>\n<\/div>\n\n\n\n<p class=\"gb-headline gb-headline-9d6b46a0 gb-headline-text\">Vous pouvez mobiliser le dispositif d&rsquo;accompagnement &agrave; tout moment si votre situation de handicap survient ou &eacute;volue en cours d&rsquo;ann&eacute;e, afin d&rsquo;ajuster vos besoins ou b&eacute;n&eacute;ficier d&rsquo;am&eacute;nagements<\/p>\n\n<\/div>\n\n<div class=\"gb-container gb-container-b3ed77c7\">\n<div class=\"gb-container gb-container-a0d901e8\">\n<div class=\"gb-grid-wrapper gb-grid-wrapper-fd44d478\">\n<div class=\"gb-grid-column gb-grid-column-e66a3af3\"><div class=\"gb-container gb-container-e66a3af3\">\n\n<figure class=\"wp-block-embed is-type-wp-embed is-provider-vid-oth-que-de-lul wp-block-embed-vid-oth-que-de-lul wp-embed-aspect-16-9 wp-has-aspect-ratio\"><div class=\"wp-block-embed__wrapper\">\n<iframe class=\"wp-embedded-content\" title=\"Guide de l'&eacute;tudiant en situation de handicap \/ &Eacute;pisode 2\" src=\"https:\/\/ultv.univ-lorraine.fr\/video\/18263-guide-de-letudiant-en-situation-de-handicap-episode-2\/?is_iframe=true#?secret=T692cdKl8M\" data-secret=\"T692cdKl8M\" loading=\"lazy\" allowfullscreen=\"\"><\/iframe>\n<\/div><\/figure>\n\n<\/div><\/div>\n\n<div class=\"gb-grid-column gb-grid-column-d6b2e169\"><div class=\"gb-container gb-container-d6b2e169\">\n\n<figure class=\"wp-block-embed is-type-wp-embed is-provider-vid-oth-que-de-lul wp-block-embed-vid-oth-que-de-lul wp-embed-aspect-16-9 wp-has-aspect-ratio\"><div class=\"wp-block-embed__wrapper\">\n<iframe class=\"wp-embedded-content\" title=\"Guide de l'&eacute;tudiant en situation de handicap \/ Episode 3\" src=\"https:\/\/ultv.univ-lorraine.fr\/video\/18264-guide-de-letudiant-en-situation-de-handicap-episode-3\/?is_iframe=true#?secret=PeaHytK10b\" data-secret=\"PeaHytK10b\" loading=\"lazy\" allowfullscreen=\"\"><\/iframe>\n<\/div><\/figure>\n\n<\/div><\/div>\n<\/div>\n<\/div>\n<\/div>\n\n<div class=\"gb-container gb-container-bbadd89c\">\n\n<h2 class=\"wp-block-heading\">J&rsquo;ai b&eacute;n&eacute;fici&eacute; d&rsquo;am&eacute;nagements l&rsquo;ann&eacute;e derni&egrave;re, est-ce que je dois refaire une demande ?<\/h2>\n\n\n\n<ul class=\"wp-block-list\">\n<li><strong>Si<\/strong> <strong>votre certificat<\/strong> est <strong>pluriannuel&#8239;<\/strong>(information indiqu&eacute;e sur le document transmis par le m&eacute;decin), vos am&eacute;nagements seront <strong>renouvel&eacute;s automatiquement<\/strong> et &agrave; <strong>l&rsquo;identique pendant la dur&eacute;e couverte par votre certificat<\/strong>. Vous n&rsquo;avez pas de d&eacute;marches particuli&egrave;res &agrave; faire.<\/li>\n\n\n\n<li><strong>Si vous avez besoin de r&eacute;&eacute;valuer vos besoins<\/strong>, si vous changez de fili&egrave;re, de site de formation ou si vous passez en master, <a href=\"https:\/\/www.univ-lorraine.fr\/la-vie-a-luniversite-de-lorraine\/sante\/\">contactez le Service de sant&eacute; &eacute;tudiante (SSE)<\/a> au plus vite apr&egrave;s votre inscription.&nbsp;<\/li>\n\n\n\n<li><strong>Si votre certificat en cours<\/strong> est <strong>annuel <\/strong>(ou &eacute;tabli pour un semestre) et que <strong>vous avez toujours besoin d&rsquo;am&eacute;nagements<\/strong>, il est n&eacute;cessaire de remplir le document de renouvellement et de le <strong>transmettre au plus vite<\/strong> apr&egrave;s votre inscription.<\/li>\n<\/ul>\n\n\n\n<div class=\"wp-block-buttons is-content-justification-center is-layout-flex wp-container-core-buttons-is-layout-16018d1d wp-block-buttons-is-layout-flex\">\n<div class=\"wp-block-button\"><a class=\"wp-block-button__link has-text-align-center wp-element-button\" href=\"https:\/\/www.univ-lorraine.fr\/handicap\/contact\/\">Je transmets ma demande de renouvellement<\/a><\/div>\n<\/div>\n\n\n\n<p class=\"gb-headline gb-headline-42b8df86 gb-headline-text\">Afin de b&eacute;n&eacute;ficier des am&eacute;nagements adapt&eacute;s &agrave; votre situation, <strong><a href=\"https:\/\/www.univ-lorraine.fr\/la-vie-a-luniversite-de-lorraine\/sante\/\" target=\"_blank\" rel=\"noreferrer noopener\">n&rsquo;oubliez pas de signaler au m&eacute;decin du SSE<\/a> tout changement intervenu dans votre situation m&eacute;dicale<\/strong>.&nbsp;<\/p>\n\n\n<div class=\"gb-container gb-container-26571220\">\n\n<p><strong>Cette proc&eacute;dure concerne uniquement les am&eacute;nagements des examens.&nbsp;<\/strong>&nbsp;<\/p>\n\n\n\n<p><strong>Pour les am&eacute;nagements de cours<\/strong> (ex&#8239;: preneur de notes, &hellip;) il est n&eacute;cessaire de <strong>r&eacute;&eacute;valuer les besoins chaque ann&eacute;e<\/strong>.&nbsp;&nbsp;<\/p>\n\n\n\n<p class=\"gb-headline gb-headline-ed1eff61 gb-headline-text\"><strong>Prenez contact avec <a href=\"https:\/\/www.univ-lorraine.fr\/handicap\/contact\/\">votre charg&eacute;(e) d&rsquo;accueil r&eacute;f&eacute;rent(e)<\/a> et\/ou <a href=\"https:\/\/www.univ-lorraine.fr\/la-vie-a-luniversite-de-lorraine\/sante\/\">le m&eacute;decin universitaire<\/a> pour faire le point.<\/strong>&nbsp;<\/p>\n\n<\/div>\n\n<div class=\"gb-container gb-container-8d10411a\">\n<div class=\"gb-grid-wrapper gb-grid-wrapper-3856ea6a\">\n<div class=\"gb-grid-column gb-grid-column-985b1855\"><div class=\"gb-container gb-container-985b1855\">\n\n<p><\/p>\n\n\n\n<figure class=\"wp-block-image\"><img decoding=\"async\" width=\"278\" height=\"178\" src=\"https:\/\/www.univ-lorraine.fr\/handicap\/wp-content\/uploads\/sites\/51\/2024\/02\/fichier-2.png\" alt=\"\" class=\"wp-image-508\" style=\"object-fit:cover\"><\/figure>\n\n<\/div><\/div>\n\n<div class=\"gb-grid-column gb-grid-column-49eddfff\"><div class=\"gb-container gb-container-49eddfff\">\n\n<h3 class=\"wp-block-heading\" style=\"text-transform:none\">Le fonctionnement d&rsquo;un bin&ocirc;me<\/h3>\n\n\n\n<p class=\"has-medium-font-size\">L&rsquo;&eacute;tudiant&middot;e en situation de handicap est mis&middot;e en bin&ocirc;me avec un autre &eacute;tudiant&middot;e. Il re&ccedil;oit ses cours de fa&ccedil;on num&eacute;ris&eacute;e sous un d&eacute;lai de 48h. En contrepartie, l&rsquo;Universit&eacute; de Lorraine r&eacute;mun&egrave;re l&rsquo;autre personne du bin&ocirc;me.<\/p>\n\n<\/div><\/div>\n<\/div>\n<\/div>\n<\/div>\n\n\n<p><\/p>\n\n\n\n<p><\/p>\n\n\n\n<p><\/p>\n<\/body><\/html>\n","protected":false},"excerpt":{"rendered":"<p>Pour vous permettre d\u2019\u00e9tudier dans les meilleures conditions, plusieurs interlocuteurs sont \u00e0 votre \u00e9coute en toute confidentialit\u00e9 Contactez-les rapidement (avant la rentr\u00e9e) pour que tous les am\u00e9nagements n\u00e9cessaires soient mis en place pour le d\u00e9but des cours. Comment se d\u00e9roule la mise en place du Plan d&rsquo;accompagnement personnalis\u00e9 (PAEH) ? Selon votre situation, une commission &#8230; <a title=\"Un accueil personnalis\u00e9\" class=\"read-more\" href=\"https:\/\/www.univ-lorraine.fr\/handicap\/demarches-damenagement\/inscription-administrative-et-pedagogique\/\" aria-label=\"En savoir plus sur Un accueil personnalis\u00e9\">Lire plus<\/a><\/p>\n","protected":false},"author":580,"featured_media":0,"parent":284,"menu_order":4,"comment_status":"closed","ping_status":"closed","template":"","meta":{"inline_featured_image":false,"footnotes":""},"class_list":["post-294","page","type-page","status-publish"],"yoast_head":"<!-- This site is optimized with the Yoast SEO plugin v27.4 - https:\/\/yoast.com\/product\/yoast-seo-wordpress\/ -->\n<title>Un accueil personnalis\u00e9 - \u00c9tudes et handicap<\/title>\n<meta name=\"description\" content=\"D\u00e9couvrez les interlocuteurs de l&#039;Universit\u00e9 de Lorraine pour mettre en place les am\u00e9nagements n\u00e9cessaires \u00e0 vos \u00e9tudes.\" \/>\n<meta name=\"robots\" content=\"index, follow, max-snippet:-1, max-image-preview:large, max-video-preview:-1\" \/>\n<link rel=\"canonical\" href=\"https:\/\/www.univ-lorraine.fr\/handicap\/demarches-damenagement\/inscription-administrative-et-pedagogique\/\" \/>\n<meta property=\"og:locale\" content=\"fr_FR\" \/>\n<meta property=\"og:type\" content=\"article\" \/>\n<meta property=\"og:title\" content=\"Un accueil personnalis\u00e9 - \u00c9tudes et handicap\" \/>\n<meta property=\"og:description\" content=\"D\u00e9couvrez les interlocuteurs de l&#039;Universit\u00e9 de Lorraine pour mettre en place les am\u00e9nagements n\u00e9cessaires \u00e0 vos \u00e9tudes.\" \/>\n<meta property=\"og:url\" content=\"https:\/\/www.univ-lorraine.fr\/handicap\/demarches-damenagement\/inscription-administrative-et-pedagogique\/\" \/>\n<meta property=\"og:site_name\" content=\"\u00c9tudes et handicap\" \/>\n<meta property=\"article:modified_time\" content=\"2026-04-20T13:28:37+00:00\" \/>\n<meta property=\"og:image\" content=\"https:\/\/www.univ-lorraine.fr\/handicap\/wp-content\/uploads\/sites\/51\/2024\/02\/fichier-2.png\" \/>\n\t<meta property=\"og:image:width\" content=\"278\" \/>\n\t<meta property=\"og:image:height\" content=\"178\" \/>\n\t<meta property=\"og:image:type\" content=\"image\/png\" \/>\n<meta name=\"twitter:card\" content=\"summary_large_image\" \/>\n<meta name=\"twitter:label1\" content=\"Dur\u00e9e de lecture estim\u00e9e\" \/>\n\t<meta name=\"twitter:data1\" content=\"3 minutes\" \/>\n<script type=\"application\/ld+json\" class=\"yoast-schema-graph\">{\"@context\":\"https:\\\/\\\/schema.org\",\"@graph\":[{\"@type\":\"WebPage\",\"@id\":\"https:\\\/\\\/www.univ-lorraine.fr\\\/handicap\\\/demarches-damenagement\\\/inscription-administrative-et-pedagogique\\\/\",\"url\":\"https:\\\/\\\/www.univ-lorraine.fr\\\/handicap\\\/demarches-damenagement\\\/inscription-administrative-et-pedagogique\\\/\",\"name\":\"Un accueil personnalis\u00e9 - \u00c9tudes et handicap\",\"isPartOf\":{\"@id\":\"https:\\\/\\\/www.univ-lorraine.fr\\\/handicap\\\/#website\"},\"primaryImageOfPage\":{\"@id\":\"https:\\\/\\\/www.univ-lorraine.fr\\\/handicap\\\/demarches-damenagement\\\/inscription-administrative-et-pedagogique\\\/#primaryimage\"},\"image\":{\"@id\":\"https:\\\/\\\/www.univ-lorraine.fr\\\/handicap\\\/demarches-damenagement\\\/inscription-administrative-et-pedagogique\\\/#primaryimage\"},\"thumbnailUrl\":\"https:\\\/\\\/www.univ-lorraine.fr\\\/handicap\\\/wp-content\\\/uploads\\\/sites\\\/51\\\/2024\\\/02\\\/fichier-2.png\",\"datePublished\":\"2024-02-15T10:12:51+00:00\",\"dateModified\":\"2026-04-20T13:28:37+00:00\",\"description\":\"D\u00e9couvrez les interlocuteurs de l'Universit\u00e9 de Lorraine pour mettre en place les am\u00e9nagements n\u00e9cessaires \u00e0 vos \u00e9tudes.\",\"breadcrumb\":{\"@id\":\"https:\\\/\\\/www.univ-lorraine.fr\\\/handicap\\\/demarches-damenagement\\\/inscription-administrative-et-pedagogique\\\/#breadcrumb\"},\"inLanguage\":\"fr-FR\",\"potentialAction\":[{\"@type\":\"ReadAction\",\"target\":[\"https:\\\/\\\/www.univ-lorraine.fr\\\/handicap\\\/demarches-damenagement\\\/inscription-administrative-et-pedagogique\\\/\"]}]},{\"@type\":\"ImageObject\",\"inLanguage\":\"fr-FR\",\"@id\":\"https:\\\/\\\/www.univ-lorraine.fr\\\/handicap\\\/demarches-damenagement\\\/inscription-administrative-et-pedagogique\\\/#primaryimage\",\"url\":\"https:\\\/\\\/www.univ-lorraine.fr\\\/handicap\\\/wp-content\\\/uploads\\\/sites\\\/51\\\/2024\\\/02\\\/fichier-2.png\",\"contentUrl\":\"https:\\\/\\\/www.univ-lorraine.fr\\\/handicap\\\/wp-content\\\/uploads\\\/sites\\\/51\\\/2024\\\/02\\\/fichier-2.png\",\"width\":278,\"height\":178,\"caption\":\"Illustration du Guide de l'\u00e9tudiant\u00b7e en situation de handicap\"},{\"@type\":\"BreadcrumbList\",\"@id\":\"https:\\\/\\\/www.univ-lorraine.fr\\\/handicap\\\/demarches-damenagement\\\/inscription-administrative-et-pedagogique\\\/#breadcrumb\",\"itemListElement\":[{\"@type\":\"ListItem\",\"position\":1,\"name\":\"Accueil\",\"item\":\"https:\\\/\\\/www.univ-lorraine.fr\\\/handicap\\\/\"},{\"@type\":\"ListItem\",\"position\":2,\"name\":\"Accompagnement au quotidien\",\"item\":\"https:\\\/\\\/www.univ-lorraine.fr\\\/handicap\\\/demarches-damenagement\\\/\"},{\"@type\":\"ListItem\",\"position\":3,\"name\":\"Un accueil personnalis\u00e9\"}]},{\"@type\":\"WebSite\",\"@id\":\"https:\\\/\\\/www.univ-lorraine.fr\\\/handicap\\\/#website\",\"url\":\"https:\\\/\\\/www.univ-lorraine.fr\\\/handicap\\\/\",\"name\":\"\u00c9tudes et handicap\",\"description\":\"Faire dialoguer les savoirs, c\u2019est innover\",\"publisher\":{\"@id\":\"https:\\\/\\\/www.univ-lorraine.fr\\\/handicap\\\/#organization\"},\"potentialAction\":[{\"@type\":\"SearchAction\",\"target\":{\"@type\":\"EntryPoint\",\"urlTemplate\":\"https:\\\/\\\/www.univ-lorraine.fr\\\/handicap\\\/?s={search_term_string}\"},\"query-input\":{\"@type\":\"PropertyValueSpecification\",\"valueRequired\":true,\"valueName\":\"search_term_string\"}}],\"inLanguage\":\"fr-FR\"},{\"@type\":\"Organization\",\"@id\":\"https:\\\/\\\/www.univ-lorraine.fr\\\/handicap\\\/#organization\",\"name\":\"Universit\u00e9 de Lorraine\",\"url\":\"https:\\\/\\\/www.univ-lorraine.fr\\\/handicap\\\/\",\"logo\":{\"@type\":\"ImageObject\",\"inLanguage\":\"fr-FR\",\"@id\":\"https:\\\/\\\/www.univ-lorraine.fr\\\/handicap\\\/#\\\/schema\\\/logo\\\/image\\\/\",\"url\":\"https:\\\/\\\/www.univ-lorraine.fr\\\/handicap\\\/wp-content\\\/uploads\\\/sites\\\/51\\\/2021\\\/01\\\/LOGO_UL.png\",\"contentUrl\":\"https:\\\/\\\/www.univ-lorraine.fr\\\/handicap\\\/wp-content\\\/uploads\\\/sites\\\/51\\\/2021\\\/01\\\/LOGO_UL.png\",\"width\":138,\"height\":48,\"caption\":\"Universit\u00e9 de Lorraine\"},\"image\":{\"@id\":\"https:\\\/\\\/www.univ-lorraine.fr\\\/handicap\\\/#\\\/schema\\\/logo\\\/image\\\/\"}}]}<\/script>\n<!-- \/ Yoast SEO plugin. -->","yoast_head_json":{"title":"Un accueil personnalis\u00e9 - \u00c9tudes et handicap","description":"D\u00e9couvrez les interlocuteurs de l'Universit\u00e9 de Lorraine pour mettre en place les am\u00e9nagements n\u00e9cessaires \u00e0 vos \u00e9tudes.","robots":{"index":"index","follow":"follow","max-snippet":"max-snippet:-1","max-image-preview":"max-image-preview:large","max-video-preview":"max-video-preview:-1"},"canonical":"https:\/\/www.univ-lorraine.fr\/handicap\/demarches-damenagement\/inscription-administrative-et-pedagogique\/","og_locale":"fr_FR","og_type":"article","og_title":"Un accueil personnalis\u00e9 - \u00c9tudes et handicap","og_description":"D\u00e9couvrez les interlocuteurs de l'Universit\u00e9 de Lorraine pour mettre en place les am\u00e9nagements n\u00e9cessaires \u00e0 vos \u00e9tudes.","og_url":"https:\/\/www.univ-lorraine.fr\/handicap\/demarches-damenagement\/inscription-administrative-et-pedagogique\/","og_site_name":"\u00c9tudes et handicap","article_modified_time":"2026-04-20T13:28:37+00:00","og_image":[{"width":278,"height":178,"url":"https:\/\/www.univ-lorraine.fr\/handicap\/wp-content\/uploads\/sites\/51\/2024\/02\/fichier-2.png","type":"image\/png"}],"twitter_card":"summary_large_image","twitter_misc":{"Dur\u00e9e de lecture estim\u00e9e":"3 minutes"},"schema":{"@context":"https:\/\/schema.org","@graph":[{"@type":"WebPage","@id":"https:\/\/www.univ-lorraine.fr\/handicap\/demarches-damenagement\/inscription-administrative-et-pedagogique\/","url":"https:\/\/www.univ-lorraine.fr\/handicap\/demarches-damenagement\/inscription-administrative-et-pedagogique\/","name":"Un accueil personnalis\u00e9 - \u00c9tudes et handicap","isPartOf":{"@id":"https:\/\/www.univ-lorraine.fr\/handicap\/#website"},"primaryImageOfPage":{"@id":"https:\/\/www.univ-lorraine.fr\/handicap\/demarches-damenagement\/inscription-administrative-et-pedagogique\/#primaryimage"},"image":{"@id":"https:\/\/www.univ-lorraine.fr\/handicap\/demarches-damenagement\/inscription-administrative-et-pedagogique\/#primaryimage"},"thumbnailUrl":"https:\/\/www.univ-lorraine.fr\/handicap\/wp-content\/uploads\/sites\/51\/2024\/02\/fichier-2.png","datePublished":"2024-02-15T10:12:51+00:00","dateModified":"2026-04-20T13:28:37+00:00","description":"D\u00e9couvrez les interlocuteurs de l'Universit\u00e9 de Lorraine pour mettre en place les am\u00e9nagements n\u00e9cessaires \u00e0 vos \u00e9tudes.","breadcrumb":{"@id":"https:\/\/www.univ-lorraine.fr\/handicap\/demarches-damenagement\/inscription-administrative-et-pedagogique\/#breadcrumb"},"inLanguage":"fr-FR","potentialAction":[{"@type":"ReadAction","target":["https:\/\/www.univ-lorraine.fr\/handicap\/demarches-damenagement\/inscription-administrative-et-pedagogique\/"]}]},{"@type":"ImageObject","inLanguage":"fr-FR","@id":"https:\/\/www.univ-lorraine.fr\/handicap\/demarches-damenagement\/inscription-administrative-et-pedagogique\/#primaryimage","url":"https:\/\/www.univ-lorraine.fr\/handicap\/wp-content\/uploads\/sites\/51\/2024\/02\/fichier-2.png","contentUrl":"https:\/\/www.univ-lorraine.fr\/handicap\/wp-content\/uploads\/sites\/51\/2024\/02\/fichier-2.png","width":278,"height":178,"caption":"Illustration du Guide de l'\u00e9tudiant\u00b7e en situation de handicap"},{"@type":"BreadcrumbList","@id":"https:\/\/www.univ-lorraine.fr\/handicap\/demarches-damenagement\/inscription-administrative-et-pedagogique\/#breadcrumb","itemListElement":[{"@type":"ListItem","position":1,"name":"Accueil","item":"https:\/\/www.univ-lorraine.fr\/handicap\/"},{"@type":"ListItem","position":2,"name":"Accompagnement au quotidien","item":"https:\/\/www.univ-lorraine.fr\/handicap\/demarches-damenagement\/"},{"@type":"ListItem","position":3,"name":"Un accueil personnalis\u00e9"}]},{"@type":"WebSite","@id":"https:\/\/www.univ-lorraine.fr\/handicap\/#website","url":"https:\/\/www.univ-lorraine.fr\/handicap\/","name":"\u00c9tudes et handicap","description":"Faire dialoguer les savoirs, c\u2019est innover","publisher":{"@id":"https:\/\/www.univ-lorraine.fr\/handicap\/#organization"},"potentialAction":[{"@type":"SearchAction","target":{"@type":"EntryPoint","urlTemplate":"https:\/\/www.univ-lorraine.fr\/handicap\/?s={search_term_string}"},"query-input":{"@type":"PropertyValueSpecification","valueRequired":true,"valueName":"search_term_string"}}],"inLanguage":"fr-FR"},{"@type":"Organization","@id":"https:\/\/www.univ-lorraine.fr\/handicap\/#organization","name":"Universit\u00e9 de Lorraine","url":"https:\/\/www.univ-lorraine.fr\/handicap\/","logo":{"@type":"ImageObject","inLanguage":"fr-FR","@id":"https:\/\/www.univ-lorraine.fr\/handicap\/#\/schema\/logo\/image\/","url":"https:\/\/www.univ-lorraine.fr\/handicap\/wp-content\/uploads\/sites\/51\/2021\/01\/LOGO_UL.png","contentUrl":"https:\/\/www.univ-lorraine.fr\/handicap\/wp-content\/uploads\/sites\/51\/2021\/01\/LOGO_UL.png","width":138,"height":48,"caption":"Universit\u00e9 de Lorraine"},"image":{"@id":"https:\/\/www.univ-lorraine.fr\/handicap\/#\/schema\/logo\/image\/"}}]}},"_links":{"self":[{"href":"https:\/\/www.univ-lorraine.fr\/handicap\/wp-json\/wp\/v2\/pages\/294","targetHints":{"allow":["GET"]}}],"collection":[{"href":"https:\/\/www.univ-lorraine.fr\/handicap\/wp-json\/wp\/v2\/pages"}],"about":[{"href":"https:\/\/www.univ-lorraine.fr\/handicap\/wp-json\/wp\/v2\/types\/page"}],"author":[{"embeddable":true,"href":"https:\/\/www.univ-lorraine.fr\/handicap\/wp-json\/wp\/v2\/users\/580"}],"replies":[{"embeddable":true,"href":"https:\/\/www.univ-lorraine.fr\/handicap\/wp-json\/wp\/v2\/comments?post=294"}],"version-history":[{"count":19,"href":"https:\/\/www.univ-lorraine.fr\/handicap\/wp-json\/wp\/v2\/pages\/294\/revisions"}],"predecessor-version":[{"id":1209,"href":"https:\/\/www.univ-lorraine.fr\/handicap\/wp-json\/wp\/v2\/pages\/294\/revisions\/1209"}],"up":[{"embeddable":true,"href":"https:\/\/www.univ-lorraine.fr\/handicap\/wp-json\/wp\/v2\/pages\/284"}],"wp:attachment":[{"href":"https:\/\/www.univ-lorraine.fr\/handicap\/wp-json\/wp\/v2\/media?parent=294"}],"curies":[{"name":"wp","href":"https:\/\/api.w.org\/{rel}","templated":true}]}}