{"id":67,"date":"2021-02-12T09:54:57","date_gmt":"2021-02-12T08:54:57","guid":{"rendered":"https:\/\/www.univ-lorraine.fr\/handicap\/?page_id=67"},"modified":"2024-10-28T12:20:30","modified_gmt":"2024-10-28T11:20:30","slug":"contact","status":"publish","type":"page","link":"https:\/\/www.univ-lorraine.fr\/handicap\/contact\/","title":{"rendered":"Contact"},"content":{"rendered":"\n<p class=\"has-text-align-center has-normal-font-size\">Tous les champs marqu\u00e9s d&rsquo;une \u00e9toile (<span class=\"etoile\">*<\/span>) sont obligatoires<\/p>\n\n\n<div class=\"gb-container gb-container-aef36c9f\">\n\n<div class=\"wp-block-contact-form-7-contact-form-selector\">\n<div class=\"wpcf7 no-js\" id=\"wpcf7-f12-o1\" lang=\"fr-FR\" dir=\"ltr\" data-wpcf7-id=\"12\">\n<div class=\"screen-reader-response\"><p role=\"status\" aria-live=\"polite\" aria-atomic=\"true\"><\/p> <ul><\/ul><\/div>\n<form action=\"\/handicap\/wp-json\/wp\/v2\/pages\/67#wpcf7-f12-o1\" method=\"post\" class=\"wpcf7-form init\" aria-label=\"Formulaire de contact\" novalidate=\"novalidate\" data-status=\"init\">\n<fieldset class=\"hidden-fields-container\"><input type=\"hidden\" name=\"_wpcf7\" value=\"12\" \/><input type=\"hidden\" name=\"_wpcf7_version\" value=\"6.1.5\" \/><input type=\"hidden\" name=\"_wpcf7_locale\" value=\"fr_FR\" \/><input type=\"hidden\" name=\"_wpcf7_unit_tag\" value=\"wpcf7-f12-o1\" \/><input type=\"hidden\" name=\"_wpcf7_container_post\" value=\"0\" \/><input type=\"hidden\" name=\"_wpcf7_posted_data_hash\" value=\"\" \/>\n<\/fieldset>\n<p><label for=\"cnom\"><span class=\"bold\">Nom<\/span> <span class=\"etoile\">*<\/span><br \/>\n<span class=\"wpcf7-form-control-wrap\" data-name=\"nom\"><input size=\"40\" maxlength=\"400\" class=\"wpcf7-form-control wpcf7-text wpcf7-validates-as-required\" id=\"cnom\" aria-required=\"true\" aria-invalid=\"false\" value=\"\" type=\"text\" name=\"nom\" \/><\/span><\/label>\n<\/p>\n<p><label for=\"cprenom\"><span class=\"bold\">Pr\u00e9nom<\/span> <span class=\"etoile\">*<\/span><br \/>\n<span class=\"wpcf7-form-control-wrap\" data-name=\"prenom\"><input size=\"40\" maxlength=\"400\" class=\"wpcf7-form-control wpcf7-text wpcf7-validates-as-required\" id=\"cprenom\" aria-required=\"true\" aria-invalid=\"false\" value=\"\" type=\"text\" name=\"prenom\" \/><\/span><\/label>\n<\/p>\n<fieldset for=\"csituation\">\n\t<legend>Situation <span class=\"etoile\">*<\/span>\n\t<\/legend>\n\t<p><label><span class=\"wpcf7-form-control-wrap\" data-name=\"situation\"><span class=\"wpcf7-form-control wpcf7-radio\" id=\"csituation\"><span class=\"wpcf7-list-item first\"><label><input type=\"radio\" name=\"situation\" value=\"\u00c9tudiant\u00b7e\" checked=\"checked\" \/><span class=\"wpcf7-list-item-label\">\u00c9tudiant\u00b7e<\/span><\/label><\/span><span class=\"wpcf7-list-item last\"><label><input type=\"radio\" name=\"situation\" value=\"Futur\u00b7e \u00e9tudiant\u00b7e\" \/><span class=\"wpcf7-list-item-label\">Futur\u00b7e \u00e9tudiant\u00b7e<\/span><\/label><\/span><\/span><\/span><\/label>\n\t<\/p>\n<\/fieldset>\n<p><label for=\"cemail\"><span class=\"bold\">Adresse courriel <span class=\"etoile\">*<\/span><br \/>\n<span class=\"wpcf7-form-control-wrap\" data-name=\"email\"><input size=\"40\" maxlength=\"400\" class=\"wpcf7-form-control wpcf7-email wpcf7-validates-as-required wpcf7-text wpcf7-validates-as-email\" id=\"cemail\" aria-required=\"true\" aria-invalid=\"false\" value=\"\" type=\"email\" name=\"email\" \/><\/span><\/span><\/label>\n<\/p>\n<fieldset for=\"csituation\">\n\t<legend>Formation suivie ou envisag\u00e9e <span class=\"etoile\">*<\/span>\n\t<\/legend>\n\t<p><label><span class=\"wpcf7-form-control-wrap\" data-name=\"formationsuivie\"><input size=\"40\" maxlength=\"400\" class=\"wpcf7-form-control wpcf7-text wpcf7-validates-as-required\" aria-required=\"true\" aria-invalid=\"false\" value=\"\" type=\"text\" name=\"formationsuivie\" \/><\/span><\/label>\n\t<\/p>\n<\/fieldset>\n<fieldset for=\"ccomposante\">\n\t<legend>Composante de formation<span class=\"etoile\">*<\/span>\n\t<\/legend>\n\t<p><label><span class=\"wpcf7-form-control-wrap\" data-name=\"composante\"><select class=\"wpcf7-form-control wpcf7-select\" id=\"ccomposante\" aria-invalid=\"false\" name=\"composante\"><option value=\"Autre\">Autre<\/option><option value=\"CEU\">CEU<\/option><option value=\"EEIGM\">EEIGM<\/option><option value=\"ENIM\">ENIM<\/option><option value=\"ENSAIA\">ENSAIA<\/option><option value=\"ENSEM\">ENSEM<\/option><option value=\"ENSG\">ENSG<\/option><option value=\"ENSGSI\">ENSGSI<\/option><option value=\"ENSIC\">ENSIC<\/option><option value=\"ENSTIB\">ENSTIB<\/option><option value=\"FST\">FST<\/option><option value=\"Facult\u00e9 de Droit, Metz\">Facult\u00e9 de Droit, Metz<\/option><option value=\"Facult\u00e9 de Droit, Nancy\">Facult\u00e9 de Droit, Nancy<\/option><option value=\"Facult\u00e9 de M\u00e9decine, Nancy\">Facult\u00e9 de M\u00e9decine, Nancy<\/option><option value=\"Facult\u00e9 de Pharmacie\">Facult\u00e9 de Pharmacie<\/option><option value=\"Facult\u00e9 d\u2019Odontologie de Lorraine\">Facult\u00e9 d\u2019Odontologie de Lorraine<\/option><option value=\"IAE Metz\">IAE Metz<\/option><option value=\"IAE Nancy\">IAE Nancy<\/option><option value=\"IDMC\">IDMC<\/option><option value=\"IECA\">IECA<\/option><option value=\"INSP\u00c9\">INSP\u00c9<\/option><option value=\"IPAG\">IPAG<\/option><option value=\"IRT\">IRT<\/option><option value=\"ISFATES\">ISFATES<\/option><option value=\"IUT Henri Poincar\u00e9 \u2013 Longwy\">IUT Henri Poincar\u00e9 \u2013 Longwy<\/option><option value=\"IUT Hubert Curien \u2013 Epinal\">IUT Hubert Curien \u2013 Epinal<\/option><option value=\"IUT Nancy-Brabois\">IUT Nancy-Brabois<\/option><option value=\"IUT Nancy-Charlemagne\">IUT Nancy-Charlemagne<\/option><option value=\"IUT Thionville-Yutz\">IUT Thionville-Yutz<\/option><option value=\"IUT de Metz\">IUT de Metz<\/option><option value=\"IUT de Moselle-Est\">IUT de Moselle-Est<\/option><option value=\"IUT de Saint-Di\u00e9-Des-Vosges\">IUT de Saint-Di\u00e9-Des-Vosges<\/option><option value=\"La pr\u00e9pa des INP\">La pr\u00e9pa des INP<\/option><option value=\"Mines Nancy\">Mines Nancy<\/option><option value=\"Polytech Nancy\">Polytech Nancy<\/option><option value=\"TELECOM Nancy\">TELECOM Nancy<\/option><option value=\"UFR ALL - Metz\">UFR ALL - Metz<\/option><option value=\"UFR ALL - Nancy\">UFR ALL - Nancy<\/option><option value=\"UFR LANSAD\">UFR LANSAD<\/option><option value=\"UFR MIM\">UFR MIM<\/option><option value=\"UFR SCIFA\">UFR SCIFA<\/option><option value=\"UFR SHS \u2013 Metz\">UFR SHS \u2013 Metz<\/option><option value=\"UFR SHS \u2013 Nancy\">UFR SHS \u2013 Nancy<\/option><option value=\"UFR STAPS\">UFR STAPS<\/option><\/select><\/span><\/label>\n\t<\/p>\n<\/fieldset>\n<fieldset for=\"cobjet\">\n\t<legend>Objet<span class=\"etoile\">*<\/span>\n\t<\/legend>\n\t<p><label><span class=\"wpcf7-form-control-wrap\" data-name=\"objet\"><span class=\"wpcf7-form-control wpcf7-radio\" id=\"cobjet\"><span class=\"wpcf7-list-item first\"><label><input type=\"radio\" name=\"objet\" value=\"Premi\u00e8re demande\" checked=\"checked\" \/><span class=\"wpcf7-list-item-label\">Premi\u00e8re demande<\/span><\/label><\/span><span class=\"wpcf7-list-item\"><label><input type=\"radio\" name=\"objet\" value=\"Renouvellement de demande\" \/><span class=\"wpcf7-list-item-label\">Renouvellement de demande<\/span><\/label><\/span><span class=\"wpcf7-list-item last\"><label><input type=\"radio\" name=\"objet\" value=\"Renseignement\" \/><span class=\"wpcf7-list-item-label\">Renseignement<\/span><\/label><\/span><\/span><\/span><\/label>\n\t<\/p>\n<\/fieldset>\n<p><label for=\"cmessage\"><span class=\"bold\">Message<\/span> <span class=\"etoile\">*<\/span><br \/>\n<span class=\"wpcf7-form-control-wrap\" data-name=\"message\"><textarea cols=\"40\" rows=\"10\" maxlength=\"2000\" class=\"wpcf7-form-control wpcf7-textarea wpcf7-validates-as-required\" id=\"cmessage\" aria-required=\"true\" aria-invalid=\"false\" name=\"message\"><\/textarea><\/span><\/label>\n<\/p>\n<fieldset for=\"crobot\">\n\t<legend>\u00cates-vous un robot ?<span class=\"etoile\">*<\/span>\n\t<\/legend>\n\t<p><label>R\u00e9pondre \u00e0 la question suivante afin de v\u00e9rifier que vous n'\u00eates pas un robot <span class=\"etoile\">*<\/span> : <span class=\"wpcf7-form-control-wrap\" data-name=\"id:crobot\"><label><span class=\"wpcf7-quiz-label\">quel chiffre est le plus grand, 3 ou 7 ?<\/span> <input size=\"40\" class=\"wpcf7-form-control wpcf7-quiz\" autocomplete=\"off\" aria-required=\"true\" aria-invalid=\"false\" type=\"text\" name=\"id:crobot\" \/><\/label><input type=\"hidden\" name=\"_wpcf7_quiz_answer_id:crobot\" value=\"bfcddce07cbd3d042874b6e7dd261175\" \/><\/span><\/label>\n\t<\/p>\n<\/fieldset>\n<p><span class=\"wpcf7-form-control-wrap\" data-name=\"your-consent\"><span class=\"wpcf7-form-control wpcf7-acceptance\"><span class=\"wpcf7-list-item\"><label><input type=\"checkbox\" name=\"your-consent\" value=\"1\" aria-invalid=\"false\" \/><span class=\"wpcf7-list-item-label\">En soumettant ce formulaire, j\u2019accepte que mes donn\u00e9es soient utilis\u00e9es dans le but d\u2019\u00eatre recontact\u00e9.<\/span><\/label><\/span><\/span><\/span>\n<\/p>\n<p><input class=\"wpcf7-form-control wpcf7-submit has-spinner\" type=\"submit\" value=\"Envoyer\" \/>\n<\/p>\n<style>\n.bold{font-weight:700;}\n<\/style><p style=\"display: none !important;\" class=\"akismet-fields-container\" data-prefix=\"_wpcf7_ak_\"><label>&#916;<textarea name=\"_wpcf7_ak_hp_textarea\" cols=\"45\" rows=\"8\" maxlength=\"100\"><\/textarea><\/label><input type=\"hidden\" id=\"ak_js_1\" name=\"_wpcf7_ak_js\" value=\"49\"\/><script>\ndocument.getElementById( \"ak_js_1\" ).setAttribute( \"value\", ( new Date() ).getTime() );\n<\/script>\n<\/p><div class=\"wpcf7-response-output\" aria-hidden=\"true\"><\/div>\n<\/form>\n<\/div>\n<\/div>\n\n<\/div>","protected":false},"excerpt":{"rendered":"<p>Tous les champs marqu\u00e9s d&rsquo;une \u00e9toile (*) sont obligatoires<\/p>\n","protected":false},"author":4,"featured_media":0,"parent":0,"menu_order":0,"comment_status":"closed","ping_status":"closed","template":"","meta":{"inline_featured_image":false,"footnotes":""},"class_list":["post-67","page","type-page","status-publish"],"yoast_head":"<!-- This site is optimized with the Yoast SEO plugin v27.4 - https:\/\/yoast.com\/product\/yoast-seo-wordpress\/ -->\n<title>Contact - \u00c9tudes et handicap<\/title>\n<meta name=\"robots\" content=\"index, follow, max-snippet:-1, max-image-preview:large, max-video-preview:-1\" \/>\n<link rel=\"canonical\" href=\"https:\/\/www.univ-lorraine.fr\/handicap\/contact\/\" \/>\n<meta property=\"og:locale\" content=\"fr_FR\" \/>\n<meta property=\"og:type\" content=\"article\" \/>\n<meta property=\"og:title\" content=\"Contact - \u00c9tudes et handicap\" \/>\n<meta property=\"og:description\" content=\"Tous les champs marqu\u00e9s d&rsquo;une \u00e9toile (*) sont obligatoires\" \/>\n<meta property=\"og:url\" content=\"https:\/\/www.univ-lorraine.fr\/handicap\/contact\/\" \/>\n<meta property=\"og:site_name\" content=\"\u00c9tudes et handicap\" \/>\n<meta property=\"article:modified_time\" content=\"2024-10-28T11:20:30+00:00\" \/>\n<meta name=\"twitter:card\" content=\"summary_large_image\" \/>\n<meta name=\"twitter:label1\" content=\"Dur\u00e9e de lecture estim\u00e9e\" \/>\n\t<meta name=\"twitter:data1\" content=\"1 minute\" \/>\n<script type=\"application\/ld+json\" class=\"yoast-schema-graph\">{\"@context\":\"https:\\\/\\\/schema.org\",\"@graph\":[{\"@type\":\"WebPage\",\"@id\":\"https:\\\/\\\/www.univ-lorraine.fr\\\/handicap\\\/contact\\\/\",\"url\":\"https:\\\/\\\/www.univ-lorraine.fr\\\/handicap\\\/contact\\\/\",\"name\":\"Contact - \u00c9tudes et handicap\",\"isPartOf\":{\"@id\":\"https:\\\/\\\/www.univ-lorraine.fr\\\/handicap\\\/#website\"},\"datePublished\":\"2021-02-12T08:54:57+00:00\",\"dateModified\":\"2024-10-28T11:20:30+00:00\",\"breadcrumb\":{\"@id\":\"https:\\\/\\\/www.univ-lorraine.fr\\\/handicap\\\/contact\\\/#breadcrumb\"},\"inLanguage\":\"fr-FR\",\"potentialAction\":[{\"@type\":\"ReadAction\",\"target\":[\"https:\\\/\\\/www.univ-lorraine.fr\\\/handicap\\\/contact\\\/\"]}]},{\"@type\":\"BreadcrumbList\",\"@id\":\"https:\\\/\\\/www.univ-lorraine.fr\\\/handicap\\\/contact\\\/#breadcrumb\",\"itemListElement\":[{\"@type\":\"ListItem\",\"position\":1,\"name\":\"Accueil\",\"item\":\"https:\\\/\\\/www.univ-lorraine.fr\\\/handicap\\\/\"},{\"@type\":\"ListItem\",\"position\":2,\"name\":\"Contact\"}]},{\"@type\":\"WebSite\",\"@id\":\"https:\\\/\\\/www.univ-lorraine.fr\\\/handicap\\\/#website\",\"url\":\"https:\\\/\\\/www.univ-lorraine.fr\\\/handicap\\\/\",\"name\":\"\u00c9tudes et handicap\",\"description\":\"Faire dialoguer les savoirs, c\u2019est innover\",\"publisher\":{\"@id\":\"https:\\\/\\\/www.univ-lorraine.fr\\\/handicap\\\/#organization\"},\"potentialAction\":[{\"@type\":\"SearchAction\",\"target\":{\"@type\":\"EntryPoint\",\"urlTemplate\":\"https:\\\/\\\/www.univ-lorraine.fr\\\/handicap\\\/?s={search_term_string}\"},\"query-input\":{\"@type\":\"PropertyValueSpecification\",\"valueRequired\":true,\"valueName\":\"search_term_string\"}}],\"inLanguage\":\"fr-FR\"},{\"@type\":\"Organization\",\"@id\":\"https:\\\/\\\/www.univ-lorraine.fr\\\/handicap\\\/#organization\",\"name\":\"Universit\u00e9 de Lorraine\",\"url\":\"https:\\\/\\\/www.univ-lorraine.fr\\\/handicap\\\/\",\"logo\":{\"@type\":\"ImageObject\",\"inLanguage\":\"fr-FR\",\"@id\":\"https:\\\/\\\/www.univ-lorraine.fr\\\/handicap\\\/#\\\/schema\\\/logo\\\/image\\\/\",\"url\":\"https:\\\/\\\/www.univ-lorraine.fr\\\/handicap\\\/wp-content\\\/uploads\\\/sites\\\/51\\\/2021\\\/01\\\/LOGO_UL.png\",\"contentUrl\":\"https:\\\/\\\/www.univ-lorraine.fr\\\/handicap\\\/wp-content\\\/uploads\\\/sites\\\/51\\\/2021\\\/01\\\/LOGO_UL.png\",\"width\":138,\"height\":48,\"caption\":\"Universit\u00e9 de Lorraine\"},\"image\":{\"@id\":\"https:\\\/\\\/www.univ-lorraine.fr\\\/handicap\\\/#\\\/schema\\\/logo\\\/image\\\/\"}}]}<\/script>\n<!-- \/ Yoast SEO plugin. -->","yoast_head_json":{"title":"Contact - \u00c9tudes et handicap","robots":{"index":"index","follow":"follow","max-snippet":"max-snippet:-1","max-image-preview":"max-image-preview:large","max-video-preview":"max-video-preview:-1"},"canonical":"https:\/\/www.univ-lorraine.fr\/handicap\/contact\/","og_locale":"fr_FR","og_type":"article","og_title":"Contact - \u00c9tudes et handicap","og_description":"Tous les champs marqu\u00e9s d&rsquo;une \u00e9toile (*) sont obligatoires","og_url":"https:\/\/www.univ-lorraine.fr\/handicap\/contact\/","og_site_name":"\u00c9tudes et handicap","article_modified_time":"2024-10-28T11:20:30+00:00","twitter_card":"summary_large_image","twitter_misc":{"Dur\u00e9e de lecture estim\u00e9e":"1 minute"},"schema":{"@context":"https:\/\/schema.org","@graph":[{"@type":"WebPage","@id":"https:\/\/www.univ-lorraine.fr\/handicap\/contact\/","url":"https:\/\/www.univ-lorraine.fr\/handicap\/contact\/","name":"Contact - \u00c9tudes et handicap","isPartOf":{"@id":"https:\/\/www.univ-lorraine.fr\/handicap\/#website"},"datePublished":"2021-02-12T08:54:57+00:00","dateModified":"2024-10-28T11:20:30+00:00","breadcrumb":{"@id":"https:\/\/www.univ-lorraine.fr\/handicap\/contact\/#breadcrumb"},"inLanguage":"fr-FR","potentialAction":[{"@type":"ReadAction","target":["https:\/\/www.univ-lorraine.fr\/handicap\/contact\/"]}]},{"@type":"BreadcrumbList","@id":"https:\/\/www.univ-lorraine.fr\/handicap\/contact\/#breadcrumb","itemListElement":[{"@type":"ListItem","position":1,"name":"Accueil","item":"https:\/\/www.univ-lorraine.fr\/handicap\/"},{"@type":"ListItem","position":2,"name":"Contact"}]},{"@type":"WebSite","@id":"https:\/\/www.univ-lorraine.fr\/handicap\/#website","url":"https:\/\/www.univ-lorraine.fr\/handicap\/","name":"\u00c9tudes et handicap","description":"Faire dialoguer les savoirs, c\u2019est innover","publisher":{"@id":"https:\/\/www.univ-lorraine.fr\/handicap\/#organization"},"potentialAction":[{"@type":"SearchAction","target":{"@type":"EntryPoint","urlTemplate":"https:\/\/www.univ-lorraine.fr\/handicap\/?s={search_term_string}"},"query-input":{"@type":"PropertyValueSpecification","valueRequired":true,"valueName":"search_term_string"}}],"inLanguage":"fr-FR"},{"@type":"Organization","@id":"https:\/\/www.univ-lorraine.fr\/handicap\/#organization","name":"Universit\u00e9 de Lorraine","url":"https:\/\/www.univ-lorraine.fr\/handicap\/","logo":{"@type":"ImageObject","inLanguage":"fr-FR","@id":"https:\/\/www.univ-lorraine.fr\/handicap\/#\/schema\/logo\/image\/","url":"https:\/\/www.univ-lorraine.fr\/handicap\/wp-content\/uploads\/sites\/51\/2021\/01\/LOGO_UL.png","contentUrl":"https:\/\/www.univ-lorraine.fr\/handicap\/wp-content\/uploads\/sites\/51\/2021\/01\/LOGO_UL.png","width":138,"height":48,"caption":"Universit\u00e9 de Lorraine"},"image":{"@id":"https:\/\/www.univ-lorraine.fr\/handicap\/#\/schema\/logo\/image\/"}}]}},"_links":{"self":[{"href":"https:\/\/www.univ-lorraine.fr\/handicap\/wp-json\/wp\/v2\/pages\/67","targetHints":{"allow":["GET"]}}],"collection":[{"href":"https:\/\/www.univ-lorraine.fr\/handicap\/wp-json\/wp\/v2\/pages"}],"about":[{"href":"https:\/\/www.univ-lorraine.fr\/handicap\/wp-json\/wp\/v2\/types\/page"}],"author":[{"embeddable":true,"href":"https:\/\/www.univ-lorraine.fr\/handicap\/wp-json\/wp\/v2\/users\/4"}],"replies":[{"embeddable":true,"href":"https:\/\/www.univ-lorraine.fr\/handicap\/wp-json\/wp\/v2\/comments?post=67"}],"version-history":[{"count":11,"href":"https:\/\/www.univ-lorraine.fr\/handicap\/wp-json\/wp\/v2\/pages\/67\/revisions"}],"predecessor-version":[{"id":1019,"href":"https:\/\/www.univ-lorraine.fr\/handicap\/wp-json\/wp\/v2\/pages\/67\/revisions\/1019"}],"wp:attachment":[{"href":"https:\/\/www.univ-lorraine.fr\/handicap\/wp-json\/wp\/v2\/media?parent=67"}],"curies":[{"name":"wp","href":"https:\/\/api.w.org\/{rel}","templated":true}]}}