{"id":765,"date":"2024-07-03T11:53:19","date_gmt":"2024-07-03T09:53:19","guid":{"rendered":"https:\/\/www.univ-lorraine.fr\/handicap\/?page_id=765"},"modified":"2024-09-11T11:16:43","modified_gmt":"2024-09-11T09:16:43","slug":"un-accompagnement-dans-la-relation-avec-les-entreprises","status":"publish","type":"page","link":"https:\/\/www.univ-lorraine.fr\/handicap\/demarches-damenagement\/un-accompagnement-dans-la-relation-avec-les-entreprises\/","title":{"rendered":"Un accompagnement dans la relation avec les entreprises"},"content":{"rendered":"<!DOCTYPE html PUBLIC \"-\/\/W3C\/\/DTD HTML 4.0 Transitional\/\/EN\" \"http:\/\/www.w3.org\/TR\/REC-html40\/loose.dtd\">\n<?xml encoding=\"utf-8\" ?><html><body><div class=\"gb-container gb-container-950f2a6d\">\n\n<p class=\"has-text-align-center\"><strong>A votre arriv&eacute;e &agrave; l&rsquo;universit&eacute;, vous avez &eacute;t&eacute; accompagn&eacute;&middot;e pour &eacute;valuer le parcours qui r&eacute;pond &agrave; vos aspirations professionnelles. En coh&eacute;rence avec vos &eacute;tudes, le march&eacute; du travail et votre handicap, cet accompagnement se prolonge pour les stages e<\/strong>t<strong> votre insertion professionnelle.<\/strong><\/p>\n\n\n\n<h2 class=\"wp-block-heading\">Le service d&rsquo;orientation et d&rsquo;insertion professionnelle de l&rsquo;Universit&eacute; de Lorraine (SOIP)?<\/h2>\n\n\n\n<p>Le <a href=\"https:\/\/www.univ-lorraine.fr\/orientation-insertion-professionnelle\/\">SOIP <\/a>vous propose aide, conseils et suivi personnalis&eacute;s dans la construction d&rsquo;un projet d&rsquo;orientation ou d&rsquo;insertion professionnelle (recherche de stages, emplois et alternance).<br>Le SOIP offre la possibilit&eacute; de rencontrer des PsyEN (psychologues de l&rsquo;&Eacute;ducation Nationale), des conseillers en orientation et emplois (entretiens techniques de recherches de stages\/emplois, CV, LM). Vous avez la possibilit&eacute; de les rencontrer lors d&rsquo;entretiens individualis&eacute;s. Vous avez acc&egrave;s librement &agrave; un fonds documentaire sp&eacute;cialis&eacute; et &agrave; des postes informatiques.<\/p>\n\n<\/div>\n\n<div class=\"gb-container gb-container-64caf039\">\n<div class=\"gb-container gb-container-8f4b3c54\">\n<div class=\"gb-grid-wrapper gb-grid-wrapper-120f3596\">\n<div class=\"gb-grid-column gb-grid-column-0baa932c\"><div class=\"gb-container gb-container-0baa932c\">\n\n<h2 class=\"wp-block-heading\">Prenez contact aupr&egrave;s d&rsquo;un r&eacute;f&eacute;rent handicap selon votre secteur<\/h2>\n\n\n\n<ul class=\"wp-block-list\">\n<li><strong>Site de Metz \/ Saulcy :<\/strong> 03 72 74 03 62<\/li>\n\n\n\n<li><strong>Site de Nancy \/ CLSH :<\/strong> 03 72 74 03 72<\/li>\n\n\n\n<li><strong>Site de Vand&oelig;uvre-l&egrave;s-Nancy \/ Facult&eacute; des sciences et technologie :<\/strong> 03 72 74 03 69<\/li>\n<\/ul>\n\n\n\n<div class=\"wp-block-buttons is-content-justification-center is-layout-flex wp-container-core-buttons-is-layout-16018d1d wp-block-buttons-is-layout-flex\">\n<div class=\"wp-block-button\"><a class=\"wp-block-button__link wp-element-button\" href=\"&#x6d;&#x61;&#105;lt&#x6f;&#x3a;&#115;&#111;i&#x70;&#x2d;&#99;&#111;n&#x74;&#x61;&#x63;&#116;&#64;u&#x6e;&#x69;&#118;&#45;l&#x6f;&#x72;&#114;&#97;i&#x6e;&#x65;&#46;&#102;r\">soi&#112;&#45;&#99;&#111;&#x6e;&#x74;&#x61;&#x63;&#x74;&#x40;&#x75;niv&#45;&#108;&#111;&#114;&#114;&#x61;&#x69;&#x6e;&#x65;&#x2e;&#x66;r<\/a><\/div>\n<\/div>\n\n<\/div><\/div>\n\n<div class=\"gb-grid-column gb-grid-column-9e48a483\"><div class=\"gb-container gb-container-9e48a483\">\n\n<figure class=\"wp-block-embed is-type-wp-embed is-provider-vid-oth-que-de-lul wp-block-embed-vid-oth-que-de-lul wp-embed-aspect-16-9 wp-has-aspect-ratio\"><div class=\"wp-block-embed__wrapper\">\n<iframe class=\"wp-embedded-content\" title=\"Guide de l'&eacute;tudiant en situation de handicap \/ &Eacute;pisode 4\" src=\"https:\/\/ultv.univ-lorraine.fr\/video\/18265-guide-de-letudiant-en-situation-de-handicap-episode-4\/?is_iframe=true#?secret=rBsoXiuix1\" data-secret=\"rBsoXiuix1\" loading=\"lazy\" allowfullscreen=\"\"><\/iframe>\n<\/div><\/figure>\n\n<\/div><\/div>\n<\/div>\n<\/div>\n<\/div><\/body><\/html>\n","protected":false},"excerpt":{"rendered":"<p>A votre arriv\u00e9e \u00e0 l&rsquo;universit\u00e9, vous avez \u00e9t\u00e9 accompagn\u00e9\u00b7e pour \u00e9valuer le parcours qui r\u00e9pond \u00e0 vos aspirations professionnelles. En coh\u00e9rence avec vos \u00e9tudes, le march\u00e9 du travail et votre handicap, cet accompagnement se prolonge pour les stages et votre insertion professionnelle. Le service d&rsquo;orientation et d&rsquo;insertion professionnelle de l&rsquo;Universit\u00e9 de Lorraine (SOIP)? Le SOIP &#8230; <a title=\"Un accompagnement dans la relation avec les entreprises\" class=\"read-more\" href=\"https:\/\/www.univ-lorraine.fr\/handicap\/demarches-damenagement\/un-accompagnement-dans-la-relation-avec-les-entreprises\/\" aria-label=\"En savoir plus sur Un accompagnement dans la relation avec les entreprises\">Lire plus<\/a><\/p>\n","protected":false},"author":8,"featured_media":0,"parent":284,"menu_order":4,"comment_status":"closed","ping_status":"closed","template":"","meta":{"inline_featured_image":false,"footnotes":""},"class_list":["post-765","page","type-page","status-publish"],"yoast_head":"<!-- This site is optimized with the Yoast SEO plugin v27.4 - https:\/\/yoast.com\/product\/yoast-seo-wordpress\/ -->\n<title>Un accompagnement dans la relation avec les entreprises - \u00c9tudes et handicap<\/title>\n<meta name=\"description\" content=\"D\u00e9couvrez l&#039;accompagnement de l&#039;Universit\u00e9 de Lorraine pour l&#039;insertion professionnelle des \u00e9tudiantes et \u00e9tudiants en situation de handicap.\" \/>\n<meta name=\"robots\" content=\"index, follow, max-snippet:-1, max-image-preview:large, max-video-preview:-1\" \/>\n<link rel=\"canonical\" href=\"https:\/\/www.univ-lorraine.fr\/handicap\/demarches-damenagement\/un-accompagnement-dans-la-relation-avec-les-entreprises\/\" \/>\n<meta property=\"og:locale\" content=\"fr_FR\" \/>\n<meta property=\"og:type\" content=\"article\" \/>\n<meta property=\"og:title\" content=\"Un accompagnement dans la relation avec les entreprises - \u00c9tudes et handicap\" \/>\n<meta property=\"og:description\" content=\"D\u00e9couvrez l&#039;accompagnement de l&#039;Universit\u00e9 de Lorraine pour l&#039;insertion professionnelle des \u00e9tudiantes et \u00e9tudiants en situation de handicap.\" \/>\n<meta property=\"og:url\" content=\"https:\/\/www.univ-lorraine.fr\/handicap\/demarches-damenagement\/un-accompagnement-dans-la-relation-avec-les-entreprises\/\" \/>\n<meta property=\"og:site_name\" content=\"\u00c9tudes et handicap\" \/>\n<meta property=\"article:modified_time\" content=\"2024-09-11T09:16:43+00:00\" \/>\n<meta name=\"twitter:card\" content=\"summary_large_image\" \/>\n<meta name=\"twitter:label1\" content=\"Dur\u00e9e de lecture estim\u00e9e\" \/>\n\t<meta name=\"twitter:data1\" content=\"1 minute\" \/>\n<script type=\"application\/ld+json\" class=\"yoast-schema-graph\">{\"@context\":\"https:\\\/\\\/schema.org\",\"@graph\":[{\"@type\":\"WebPage\",\"@id\":\"https:\\\/\\\/www.univ-lorraine.fr\\\/handicap\\\/demarches-damenagement\\\/un-accompagnement-dans-la-relation-avec-les-entreprises\\\/\",\"url\":\"https:\\\/\\\/www.univ-lorraine.fr\\\/handicap\\\/demarches-damenagement\\\/un-accompagnement-dans-la-relation-avec-les-entreprises\\\/\",\"name\":\"Un accompagnement dans la relation avec les entreprises - \u00c9tudes et handicap\",\"isPartOf\":{\"@id\":\"https:\\\/\\\/www.univ-lorraine.fr\\\/handicap\\\/#website\"},\"datePublished\":\"2024-07-03T09:53:19+00:00\",\"dateModified\":\"2024-09-11T09:16:43+00:00\",\"description\":\"D\u00e9couvrez l'accompagnement de l'Universit\u00e9 de Lorraine pour l'insertion professionnelle des \u00e9tudiantes et \u00e9tudiants en situation de handicap.\",\"breadcrumb\":{\"@id\":\"https:\\\/\\\/www.univ-lorraine.fr\\\/handicap\\\/demarches-damenagement\\\/un-accompagnement-dans-la-relation-avec-les-entreprises\\\/#breadcrumb\"},\"inLanguage\":\"fr-FR\",\"potentialAction\":[{\"@type\":\"ReadAction\",\"target\":[\"https:\\\/\\\/www.univ-lorraine.fr\\\/handicap\\\/demarches-damenagement\\\/un-accompagnement-dans-la-relation-avec-les-entreprises\\\/\"]}]},{\"@type\":\"BreadcrumbList\",\"@id\":\"https:\\\/\\\/www.univ-lorraine.fr\\\/handicap\\\/demarches-damenagement\\\/un-accompagnement-dans-la-relation-avec-les-entreprises\\\/#breadcrumb\",\"itemListElement\":[{\"@type\":\"ListItem\",\"position\":1,\"name\":\"Accueil\",\"item\":\"https:\\\/\\\/www.univ-lorraine.fr\\\/handicap\\\/\"},{\"@type\":\"ListItem\",\"position\":2,\"name\":\"Accompagnement au quotidien\",\"item\":\"https:\\\/\\\/www.univ-lorraine.fr\\\/handicap\\\/demarches-damenagement\\\/\"},{\"@type\":\"ListItem\",\"position\":3,\"name\":\"Un accompagnement dans la relation avec les entreprises\"}]},{\"@type\":\"WebSite\",\"@id\":\"https:\\\/\\\/www.univ-lorraine.fr\\\/handicap\\\/#website\",\"url\":\"https:\\\/\\\/www.univ-lorraine.fr\\\/handicap\\\/\",\"name\":\"\u00c9tudes et handicap\",\"description\":\"Faire dialoguer les savoirs, c\u2019est innover\",\"publisher\":{\"@id\":\"https:\\\/\\\/www.univ-lorraine.fr\\\/handicap\\\/#organization\"},\"potentialAction\":[{\"@type\":\"SearchAction\",\"target\":{\"@type\":\"EntryPoint\",\"urlTemplate\":\"https:\\\/\\\/www.univ-lorraine.fr\\\/handicap\\\/?s={search_term_string}\"},\"query-input\":{\"@type\":\"PropertyValueSpecification\",\"valueRequired\":true,\"valueName\":\"search_term_string\"}}],\"inLanguage\":\"fr-FR\"},{\"@type\":\"Organization\",\"@id\":\"https:\\\/\\\/www.univ-lorraine.fr\\\/handicap\\\/#organization\",\"name\":\"Universit\u00e9 de Lorraine\",\"url\":\"https:\\\/\\\/www.univ-lorraine.fr\\\/handicap\\\/\",\"logo\":{\"@type\":\"ImageObject\",\"inLanguage\":\"fr-FR\",\"@id\":\"https:\\\/\\\/www.univ-lorraine.fr\\\/handicap\\\/#\\\/schema\\\/logo\\\/image\\\/\",\"url\":\"https:\\\/\\\/www.univ-lorraine.fr\\\/handicap\\\/wp-content\\\/uploads\\\/sites\\\/51\\\/2021\\\/01\\\/LOGO_UL.png\",\"contentUrl\":\"https:\\\/\\\/www.univ-lorraine.fr\\\/handicap\\\/wp-content\\\/uploads\\\/sites\\\/51\\\/2021\\\/01\\\/LOGO_UL.png\",\"width\":138,\"height\":48,\"caption\":\"Universit\u00e9 de Lorraine\"},\"image\":{\"@id\":\"https:\\\/\\\/www.univ-lorraine.fr\\\/handicap\\\/#\\\/schema\\\/logo\\\/image\\\/\"}}]}<\/script>\n<!-- \/ Yoast SEO plugin. -->","yoast_head_json":{"title":"Un accompagnement dans la relation avec les entreprises - \u00c9tudes et handicap","description":"D\u00e9couvrez l'accompagnement de l'Universit\u00e9 de Lorraine pour l'insertion professionnelle des \u00e9tudiantes et \u00e9tudiants en situation de handicap.","robots":{"index":"index","follow":"follow","max-snippet":"max-snippet:-1","max-image-preview":"max-image-preview:large","max-video-preview":"max-video-preview:-1"},"canonical":"https:\/\/www.univ-lorraine.fr\/handicap\/demarches-damenagement\/un-accompagnement-dans-la-relation-avec-les-entreprises\/","og_locale":"fr_FR","og_type":"article","og_title":"Un accompagnement dans la relation avec les entreprises - \u00c9tudes et handicap","og_description":"D\u00e9couvrez l'accompagnement de l'Universit\u00e9 de Lorraine pour l'insertion professionnelle des \u00e9tudiantes et \u00e9tudiants en situation de handicap.","og_url":"https:\/\/www.univ-lorraine.fr\/handicap\/demarches-damenagement\/un-accompagnement-dans-la-relation-avec-les-entreprises\/","og_site_name":"\u00c9tudes et handicap","article_modified_time":"2024-09-11T09:16:43+00:00","twitter_card":"summary_large_image","twitter_misc":{"Dur\u00e9e de lecture estim\u00e9e":"1 minute"},"schema":{"@context":"https:\/\/schema.org","@graph":[{"@type":"WebPage","@id":"https:\/\/www.univ-lorraine.fr\/handicap\/demarches-damenagement\/un-accompagnement-dans-la-relation-avec-les-entreprises\/","url":"https:\/\/www.univ-lorraine.fr\/handicap\/demarches-damenagement\/un-accompagnement-dans-la-relation-avec-les-entreprises\/","name":"Un accompagnement dans la relation avec les entreprises - \u00c9tudes et handicap","isPartOf":{"@id":"https:\/\/www.univ-lorraine.fr\/handicap\/#website"},"datePublished":"2024-07-03T09:53:19+00:00","dateModified":"2024-09-11T09:16:43+00:00","description":"D\u00e9couvrez l'accompagnement de l'Universit\u00e9 de Lorraine pour l'insertion professionnelle des \u00e9tudiantes et \u00e9tudiants en situation de handicap.","breadcrumb":{"@id":"https:\/\/www.univ-lorraine.fr\/handicap\/demarches-damenagement\/un-accompagnement-dans-la-relation-avec-les-entreprises\/#breadcrumb"},"inLanguage":"fr-FR","potentialAction":[{"@type":"ReadAction","target":["https:\/\/www.univ-lorraine.fr\/handicap\/demarches-damenagement\/un-accompagnement-dans-la-relation-avec-les-entreprises\/"]}]},{"@type":"BreadcrumbList","@id":"https:\/\/www.univ-lorraine.fr\/handicap\/demarches-damenagement\/un-accompagnement-dans-la-relation-avec-les-entreprises\/#breadcrumb","itemListElement":[{"@type":"ListItem","position":1,"name":"Accueil","item":"https:\/\/www.univ-lorraine.fr\/handicap\/"},{"@type":"ListItem","position":2,"name":"Accompagnement au quotidien","item":"https:\/\/www.univ-lorraine.fr\/handicap\/demarches-damenagement\/"},{"@type":"ListItem","position":3,"name":"Un accompagnement dans la relation avec les entreprises"}]},{"@type":"WebSite","@id":"https:\/\/www.univ-lorraine.fr\/handicap\/#website","url":"https:\/\/www.univ-lorraine.fr\/handicap\/","name":"\u00c9tudes et handicap","description":"Faire dialoguer les savoirs, c\u2019est innover","publisher":{"@id":"https:\/\/www.univ-lorraine.fr\/handicap\/#organization"},"potentialAction":[{"@type":"SearchAction","target":{"@type":"EntryPoint","urlTemplate":"https:\/\/www.univ-lorraine.fr\/handicap\/?s={search_term_string}"},"query-input":{"@type":"PropertyValueSpecification","valueRequired":true,"valueName":"search_term_string"}}],"inLanguage":"fr-FR"},{"@type":"Organization","@id":"https:\/\/www.univ-lorraine.fr\/handicap\/#organization","name":"Universit\u00e9 de Lorraine","url":"https:\/\/www.univ-lorraine.fr\/handicap\/","logo":{"@type":"ImageObject","inLanguage":"fr-FR","@id":"https:\/\/www.univ-lorraine.fr\/handicap\/#\/schema\/logo\/image\/","url":"https:\/\/www.univ-lorraine.fr\/handicap\/wp-content\/uploads\/sites\/51\/2021\/01\/LOGO_UL.png","contentUrl":"https:\/\/www.univ-lorraine.fr\/handicap\/wp-content\/uploads\/sites\/51\/2021\/01\/LOGO_UL.png","width":138,"height":48,"caption":"Universit\u00e9 de Lorraine"},"image":{"@id":"https:\/\/www.univ-lorraine.fr\/handicap\/#\/schema\/logo\/image\/"}}]}},"_links":{"self":[{"href":"https:\/\/www.univ-lorraine.fr\/handicap\/wp-json\/wp\/v2\/pages\/765","targetHints":{"allow":["GET"]}}],"collection":[{"href":"https:\/\/www.univ-lorraine.fr\/handicap\/wp-json\/wp\/v2\/pages"}],"about":[{"href":"https:\/\/www.univ-lorraine.fr\/handicap\/wp-json\/wp\/v2\/types\/page"}],"author":[{"embeddable":true,"href":"https:\/\/www.univ-lorraine.fr\/handicap\/wp-json\/wp\/v2\/users\/8"}],"replies":[{"embeddable":true,"href":"https:\/\/www.univ-lorraine.fr\/handicap\/wp-json\/wp\/v2\/comments?post=765"}],"version-history":[{"count":5,"href":"https:\/\/www.univ-lorraine.fr\/handicap\/wp-json\/wp\/v2\/pages\/765\/revisions"}],"predecessor-version":[{"id":913,"href":"https:\/\/www.univ-lorraine.fr\/handicap\/wp-json\/wp\/v2\/pages\/765\/revisions\/913"}],"up":[{"embeddable":true,"href":"https:\/\/www.univ-lorraine.fr\/handicap\/wp-json\/wp\/v2\/pages\/284"}],"wp:attachment":[{"href":"https:\/\/www.univ-lorraine.fr\/handicap\/wp-json\/wp\/v2\/media?parent=765"}],"curies":[{"name":"wp","href":"https:\/\/api.w.org\/{rel}","templated":true}]}}