{"id":223,"date":"2021-03-18T10:53:59","date_gmt":"2021-03-18T09:53:59","guid":{"rendered":"https:\/\/www.univ-lorraine.fr\/initiatives-etudiantes\/?page_id=223"},"modified":"2025-12-17T11:29:02","modified_gmt":"2025-12-17T10:29:02","slug":"maisons-de-letudiant","status":"publish","type":"page","link":"https:\/\/www.univ-lorraine.fr\/initiatives-etudiantes\/maisons-de-letudiant\/","title":{"rendered":"Maison de l&rsquo;\u00e9tudiant"},"content":{"rendered":"<div class=\"gb-container gb-container-44d97d24\"><div class=\"gb-inside-container\">\n<div class=\"gb-grid-wrapper gb-grid-wrapper-7f714dbb\">\n<div class=\"gb-grid-column gb-grid-column-7d3965e8\"><div class=\"gb-container gb-container-7d3965e8\"><div class=\"gb-inside-container\">\n<div class=\"gb-container gb-container-9066f9b3\"><div class=\"gb-inside-container\">\n<div class=\"wp-block-image is-style-default\">\n<figure class=\"aligncenter size-large is-resized\"><img loading=\"lazy\" decoding=\"async\" width=\"278\" height=\"279\" src=\"https:\/\/www.univ-lorraine.fr\/initiatives-etudiantes\/wp-content\/uploads\/sites\/11\/2021\/06\/calendrier.png\" alt=\"alt=&quot;programmation&quot;\" class=\"wp-image-931\" style=\"width:102px;height:102px\" srcset=\"https:\/\/www.univ-lorraine.fr\/initiatives-etudiantes\/wp-content\/uploads\/sites\/11\/2021\/06\/calendrier.png 278w, https:\/\/www.univ-lorraine.fr\/initiatives-etudiantes\/wp-content\/uploads\/sites\/11\/2021\/06\/calendrier-150x150.png 150w\" sizes=\"auto, (max-width: 278px) 100vw, 278px\" \/><\/figure>\n<\/div>\n\n\n<p class=\"gb-headline gb-headline-17d02e78 gb-headline-text\"><a href=\"https:\/\/www.univ-lorraine.fr\/initiatives-etudiantes\/maisons-de-letudiant\/programmation-mde\/\">Programme &amp; inscriptions<\/a><\/p>\n\n<\/div><\/div>\n\n<div class=\"wp-block-image is-style-default\">\n<figure class=\"aligncenter size-large is-resized\"><img loading=\"lazy\" decoding=\"async\" width=\"272\" height=\"272\" src=\"https:\/\/www.univ-lorraine.fr\/initiatives-etudiantes\/wp-content\/uploads\/sites\/11\/2021\/05\/play2.png\" alt=\"alt=&quot;nos vid\u00e9os&quot;\" class=\"wp-image-663\" style=\"width:100px;height:100px\" srcset=\"https:\/\/www.univ-lorraine.fr\/initiatives-etudiantes\/wp-content\/uploads\/sites\/11\/2021\/05\/play2.png 272w, https:\/\/www.univ-lorraine.fr\/initiatives-etudiantes\/wp-content\/uploads\/sites\/11\/2021\/05\/play2-150x150.png 150w\" sizes=\"auto, (max-width: 272px) 100vw, 272px\" \/><\/figure>\n<\/div>\n\n\n<p class=\"gb-headline gb-headline-08c42b9d gb-headline-text\"><a href=\"https:\/\/www.univ-lorraine.fr\/initiatives-etudiantes\/nos-videos\/\">Nos vid\u00e9os<\/a><\/p>\n\n<\/div><\/div><\/div>\n\n<div class=\"gb-grid-column gb-grid-column-a2fda322\"><div class=\"gb-container gb-container-a2fda322\"><div class=\"gb-inside-container\">\n\n<p><strong>Les Maisons De l\u2019\u00c9tudiant<\/strong> sont des espaces d\u2019accueil, d\u2019accompagnement, d\u2019implication, d\u2019\u00e9changes, de d\u00e9tente et de travail.<\/p>\n\n\n\n<p><br>Ces tiers lieux situ\u00e9s \u00e0 Metz et \u00e0 Nancy sont pens\u00e9s pour te permettre de mener des activit\u00e9s ludiques, pour te d\u00e9tendre entre deux cours (instruments de musique, babyfoot, jeux, gaming\u2026), ou pour se r\u00e9unir en groupe dans des espaces de travail partag\u00e9s. Les MDE proposent \u00e9galement une programmation riche et diversifi\u00e9e autour d&rsquo;\u00e9v\u00e9nements culturels, d&rsquo;ateliers de d\u00e9couvertes, de projets \u00e9tudiants\u2026<br><\/p>\n\n\n\n<p>Envie d\u2019une pause m\u00e9ridienne sur le campus ? Viens te restaurer et profiter de nos animations et expositions dans une ambiance musicale feutr\u00e9e !<\/p>\n\n<\/div><\/div><\/div>\n<\/div>\n<\/div><\/div>\n\n<div class=\"gb-container gb-container-f98fd22a\"><div class=\"gb-inside-container\">\n<div class=\"gb-grid-wrapper gb-grid-wrapper-b4689e5c\">\n<div class=\"gb-grid-column gb-grid-column-60bf34d6\"><div class=\"gb-container gb-container-60bf34d6\"><div class=\"gb-inside-container\">\n\n<p class=\"gb-headline gb-headline-367fc5f3 gb-headline-text\"><strong>Maison de l\u2019<strong>\u00c9<\/strong>tudiant Lorraine Nord<\/strong><\/p>\n\n\n\n<p class=\"has-normal-font-size\"><em>Campus du Saulcy<br>\u00cele du Saulcy, 57000 Metz<\/em><\/p>\n\n\n\n<p style=\"font-size:15px\">Du lundi au jeudi : <strong>10h &#8211; 21h30<\/strong><br>Le vendredi : <strong>10h &#8211; 16h30<\/strong><\/p>\n\n\n\n<p style=\"font-size:16px\">T\u00e9l : <a href=\"tel:03 72 74 06 39\">03 72 74 06 39<\/a><br>T\u00e9l : <a href=\"tel:03 72 74 05 21\">03 72 74 05 21<\/a><\/p>\n\n<\/div><\/div><\/div>\n\n<div class=\"gb-grid-column gb-grid-column-3936c344\"><div class=\"gb-container gb-container-3936c344\"><div class=\"gb-inside-container\">\n\n<p class=\"gb-headline gb-headline-29b00c62 gb-headline-text\"><strong>Maison de l\u2019<strong>\u00c9<\/strong>tudiant Lorraine Sud<\/strong><\/p>\n\n\n\n<p class=\"has-normal-font-size\"><em>Campus Lettres et Sciences Humaines<br>23 bd Albert 1<sup>er<\/sup>, 54000 Nancy<\/em><\/p>\n\n\n\n<p style=\"font-size:16px\">Du lundi au jeudi : <strong>9h30 &#8211; 21h30<\/strong><br>Le vendredi : <strong>9h &#8211; 16h30<\/strong><\/p>\n\n\n\n<p style=\"font-size:16px\">Tel :&nbsp;<a href=\"tel:03 72 74 06 55\">03 72 74 06 50<\/a><\/p>\n\n<\/div><\/div><\/div>\n\n<div class=\"gb-grid-column gb-grid-column-c6ecdf65\"><div class=\"gb-container gb-container-c6ecdf65\"><div class=\"gb-inside-container\">\n\n<p class=\"gb-headline gb-headline-43cfe009 gb-headline-text\"><strong><strong>e.MDE<\/strong><\/strong><\/p>\n\n\n\n<p class=\"has-normal-font-size\"><em>MDE Lorraine Sud et Lorraine Nord<\/em><\/p>\n\n\n\n<p><strong>24h\/24 et 7j\/7<\/strong><\/p>\n\n\n\n<p>Retrouve la e.MDE sur Discord, et communique avec une large communaut\u00e9 pr\u00eate \u00e0 t&rsquo;aider !<\/p>\n\n<\/div><\/div><\/div>\n<\/div>\n\n<div class=\"gb-container gb-container-afd3d323\"><div class=\"gb-inside-container\">\n\n<p>Contacte nous sur nos r\u00e9seaux : <\/p>\n\n\n<div class=\"gb-grid-wrapper gb-grid-wrapper-bfaedafe\">\n<div class=\"gb-grid-column gb-grid-column-b6b85ff8\"><div class=\"gb-container gb-container-b6b85ff8\"><div class=\"gb-inside-container\">\n<div class=\"gb-button-wrapper gb-button-wrapper-5a9e56ff\">\n\n<a class=\"gb-button gb-button-6feb0b95 rs\" href=\"https:\/\/www.facebook.com\/mde.saulcy\" target=\"_blank\" rel=\"nofollow noopener noreferrer\"><span class=\"gb-icon\"><svg xmlns=\"http:\/\/www.w3.org\/2000\/svg\" viewBox=\"0 0 320 512\" width=\"1em\" height=\"1em\" aria-hidden=\"true\"><path d=\"M279.14 288l14.22-92.66h-88.91v-60.13c0-25.35 12.42-50.06 52.24-50.06h40.42V6.26S260.43 0 225.36 0c-73.22 0-121.08 44.38-121.08 124.72v70.62H22.89V288h81.39v224h100.17V288z\" fill=\"currentColor\"><\/path><\/svg><\/span><span class=\"gb-button-text\">Facebook MDE Saulcy<\/span><\/a>\n\n<\/div>\n\n\n<p class=\"has-text-align-center has-small-font-size\">MDE<br>Lorraine<br>Nord<\/p>\n\n<\/div><\/div><\/div>\n\n<div class=\"gb-grid-column gb-grid-column-660d9a84\"><div class=\"gb-container gb-container-660d9a84\"><div class=\"gb-inside-container\">\n<div class=\"gb-button-wrapper gb-button-wrapper-508d2b21\">\n\n<a class=\"gb-button gb-button-c98429f7 rs\" href=\"https:\/\/www.facebook.com\/MDELorraineSud\" target=\"_blank\" rel=\"nofollow noopener noreferrer\"><span class=\"gb-icon\"><svg xmlns=\"http:\/\/www.w3.org\/2000\/svg\" viewBox=\"0 0 320 512\" width=\"1em\" height=\"1em\" aria-hidden=\"true\"><path d=\"M279.14 288l14.22-92.66h-88.91v-60.13c0-25.35 12.42-50.06 52.24-50.06h40.42V6.26S260.43 0 225.36 0c-73.22 0-121.08 44.38-121.08 124.72v70.62H22.89V288h81.39v224h100.17V288z\" fill=\"currentColor\"><\/path><\/svg><\/span><span class=\"gb-button-text\">Facebook MDE Lorraine &#8211; Sud<\/span><\/a>\n\n<\/div>\n\n\n<p class=\"has-text-align-center has-small-font-size\">MDE<br>Lorraine<br>Sud<\/p>\n\n<\/div><\/div><\/div>\n\n<div class=\"gb-grid-column gb-grid-column-519f7550\"><div class=\"gb-container gb-container-519f7550\"><div class=\"gb-inside-container\">\n<div class=\"gb-button-wrapper gb-button-wrapper-0e8bb7cd\">\n\n<a class=\"gb-button gb-button-6a12ee73 rs\" href=\"https:\/\/discord.com\/invite\/Ny6mUQS8pn\" target=\"_blank\" rel=\"nofollow noopener noreferrer\"><span class=\"gb-icon\"><svg aria-hidden=\"true\" height=\"1em\" width=\"1em\" xmlns=\"http:\/\/www.w3.org\/2000\/svg\" viewBox=\"0 0 12 12\"><path d=\"M10.16,2.18a10.16,10.16,0,0,0-2.44-.75s0,0,0,0a5.12,5.12,0,0,0-.31.62,9,9,0,0,0-2.74,0,4.48,4.48,0,0,0-.31-.62s0,0,0,0a9.48,9.48,0,0,0-2.44.75l0,0A10.14,10.14,0,0,0,.05,9l0,0a9.91,9.91,0,0,0,3,1.51s0,0,0,0a7.93,7.93,0,0,0,.62-1,0,0,0,0,0,0-.05,7.39,7.39,0,0,1-.94-.45s0-.05,0-.06l.18-.15H3a7.14,7.14,0,0,0,6,0h0L9.24,9a0,0,0,0,1,0,.06,6.63,6.63,0,0,1-.93.45,0,0,0,0,0,0,.05,7.85,7.85,0,0,0,.61,1s0,0,0,0a9.84,9.84,0,0,0,3-1.51l0,0A10,10,0,0,0,10.17,2.2S10.17,2.19,10.16,2.18ZM4,7.67A1.16,1.16,0,0,1,2.93,6.46,1.15,1.15,0,0,1,4,5.25,1.13,1.13,0,0,1,5.09,6.46,1.15,1.15,0,0,1,4,7.67Zm4,0A1.16,1.16,0,0,1,6.92,6.46,1.15,1.15,0,0,1,8,5.25,1.14,1.14,0,0,1,9.08,6.46,1.15,1.15,0,0,1,8,7.67Z\" class=\"cls-2\"><\/path><\/svg><\/span><span class=\"gb-button-text\">Discord<\/span><\/a>\n\n<\/div>\n\n\n<p class=\"has-text-align-center has-small-font-size\">Vie \u00e9tudiante &#8211;<br>Universit\u00e9 de Lorraine<\/p>\n\n<\/div><\/div><\/div>\n\n<div class=\"gb-grid-column gb-grid-column-0e3b03db\"><div class=\"gb-container gb-container-0e3b03db\"><div class=\"gb-inside-container\">\n<div class=\"gb-button-wrapper gb-button-wrapper-6cf8468b\">\n\n<a class=\"gb-button gb-button-a003a1c4 rs\" href=\"https:\/\/www.instagram.com\/vie_etudiante_ul\/\" target=\"_blank\" rel=\"nofollow noopener noreferrer\"><span class=\"gb-icon\"><svg aria-hidden=\"true\" role=\"img\" height=\"1em\" width=\"1em\" viewBox=\"0 0 448 512\" xmlns=\"http:\/\/www.w3.org\/2000\/svg\"><path fill=\"currentColor\" d=\"M224.1 141c-63.6 0-114.9 51.3-114.9 114.9s51.3 114.9 114.9 114.9S339 319.5 339 255.9 287.7 141 224.1 141zm0 189.6c-41.1 0-74.7-33.5-74.7-74.7s33.5-74.7 74.7-74.7 74.7 33.5 74.7 74.7-33.6 74.7-74.7 74.7zm146.4-194.3c0 14.9-12 26.8-26.8 26.8-14.9 0-26.8-12-26.8-26.8s12-26.8 26.8-26.8 26.8 12 26.8 26.8zm76.1 27.2c-1.7-35.9-9.9-67.7-36.2-93.9-26.2-26.2-58-34.4-93.9-36.2-37-2.1-147.9-2.1-184.9 0-35.8 1.7-67.6 9.9-93.9 36.1s-34.4 58-36.2 93.9c-2.1 37-2.1 147.9 0 184.9 1.7 35.9 9.9 67.7 36.2 93.9s58 34.4 93.9 36.2c37 2.1 147.9 2.1 184.9 0 35.9-1.7 67.7-9.9 93.9-36.2 26.2-26.2 34.4-58 36.2-93.9 2.1-37 2.1-147.8 0-184.8zM398.8 388c-7.8 19.6-22.9 34.7-42.6 42.6-29.5 11.7-99.5 9-132.1 9s-102.7 2.6-132.1-9c-19.6-7.8-34.7-22.9-42.6-42.6-11.7-29.5-9-99.5-9-132.1s-2.6-102.7 9-132.1c7.8-19.6 22.9-34.7 42.6-42.6 29.5-11.7 99.5-9 132.1-9s102.7-2.6 132.1 9c19.6 7.8 34.7 22.9 42.6 42.6 11.7 29.5 9 99.5 9 132.1s2.7 102.7-9 132.1z\"><\/path><\/svg><\/span><span class=\"gb-button-text\">Instagram<\/span><\/a>\n\n<\/div>\n\n\n<p class=\"has-text-align-center has-small-font-size\">Instagram Vie \u00e9tudiante<\/p>\n\n<\/div><\/div><\/div>\n<\/div>\n\n\n<p>Ou envoie nous un mail : <strong><a href=\"&#x6d;&#97;i&#x6c;&#x74;&#111;:&#x64;&#x76;&#117;c&#x2d;&#x76;&#101;-&#x63;&#x6f;&#110;t&#x61;&#99;&#116;&#64;&#x75;&#110;i&#x76;&#x2d;&#108;o&#x72;&#x72;&#97;i&#x6e;&#x65;&#46;f&#x72;\">&#100;v&#x75;c&#x2d;v&#x65;-&#x63;o&#x6e;t&#x61;&#99;&#x74;&#64;&#x75;&#110;&#x69;&#118;&#x2d;&#108;&#x6f;&#114;&#x72;&#97;i&#x6e;e&#x2e;f&#x72;<\/a><\/strong><\/p>\n\n<\/div><\/div>\n<\/div><\/div>","protected":false},"excerpt":{"rendered":"<p>Contacte nous sur nos r\u00e9seaux : Ou envoie nous un mail : &#x64;&#x76;&#117;c&#x2d;&#x76;&#101;&#45;c&#x6f;&#x6e;&#116;&#97;c&#x74;&#x40;&#117;ni&#x76;&#x2d;&#108;o&#x72;&#x72;&#97;&#105;n&#x65;&#x2e;&#102;&#114;<\/p>\n","protected":false},"author":29,"featured_media":0,"parent":0,"menu_order":0,"comment_status":"closed","ping_status":"closed","template":"","meta":{"inline_featured_image":false,"footnotes":""},"class_list":["post-223","page","type-page","status-publish"],"yoast_head":"<!-- This site is optimized with the Yoast SEO plugin v27.4 - https:\/\/yoast.com\/product\/yoast-seo-wordpress\/ -->\n<title>Maison de l&#039;\u00e9tudiant - Universit\u00e9 de Lorraine<\/title>\n<meta name=\"description\" content=\"D\u00e9couvre les Maisons de l&#039;Etudiant, des tiers lieux de l&#039;Universit\u00e9 de Lorraine situ\u00e9s \u00e0 Metz et Nancy avec une riche programmation !\" \/>\n<meta name=\"robots\" content=\"index, follow, max-snippet:-1, max-image-preview:large, max-video-preview:-1\" \/>\n<link rel=\"canonical\" href=\"https:\/\/www.univ-lorraine.fr\/initiatives-etudiantes\/maisons-de-letudiant\/\" \/>\n<meta property=\"og:locale\" content=\"fr_FR\" \/>\n<meta property=\"og:type\" content=\"article\" \/>\n<meta property=\"og:title\" content=\"Maison de l&#039;\u00e9tudiant - Universit\u00e9 de Lorraine\" \/>\n<meta property=\"og:description\" content=\"D\u00e9couvre les Maisons de l&#039;Etudiant, des tiers lieux de l&#039;Universit\u00e9 de Lorraine situ\u00e9s \u00e0 Metz et Nancy avec une riche programmation !\" \/>\n<meta property=\"og:url\" content=\"https:\/\/www.univ-lorraine.fr\/initiatives-etudiantes\/maisons-de-letudiant\/\" \/>\n<meta property=\"og:site_name\" content=\"Initiatives Etudiantes\" \/>\n<meta property=\"article:modified_time\" content=\"2025-12-17T10:29:02+00:00\" \/>\n<meta property=\"og:image\" content=\"https:\/\/www.univ-lorraine.fr\/initiatives-etudiantes\/wp-content\/uploads\/sites\/11\/2021\/06\/calendrier.png\" \/>\n\t<meta property=\"og:image:width\" content=\"278\" \/>\n\t<meta property=\"og:image:height\" content=\"279\" \/>\n\t<meta property=\"og:image:type\" content=\"image\/png\" \/>\n<meta name=\"twitter:card\" content=\"summary_large_image\" \/>\n<meta name=\"twitter:label1\" content=\"Dur\u00e9e de lecture estim\u00e9e\" \/>\n\t<meta name=\"twitter:data1\" content=\"2 minutes\" \/>\n<script type=\"application\/ld+json\" class=\"yoast-schema-graph\">{\"@context\":\"https:\\\/\\\/schema.org\",\"@graph\":[{\"@type\":\"WebPage\",\"@id\":\"https:\\\/\\\/www.univ-lorraine.fr\\\/initiatives-etudiantes\\\/maisons-de-letudiant\\\/\",\"url\":\"https:\\\/\\\/www.univ-lorraine.fr\\\/initiatives-etudiantes\\\/maisons-de-letudiant\\\/\",\"name\":\"Maison de l'\u00e9tudiant - Universit\u00e9 de Lorraine\",\"isPartOf\":{\"@id\":\"https:\\\/\\\/www.univ-lorraine.fr\\\/initiatives-etudiantes\\\/#website\"},\"primaryImageOfPage\":{\"@id\":\"https:\\\/\\\/www.univ-lorraine.fr\\\/initiatives-etudiantes\\\/maisons-de-letudiant\\\/#primaryimage\"},\"image\":{\"@id\":\"https:\\\/\\\/www.univ-lorraine.fr\\\/initiatives-etudiantes\\\/maisons-de-letudiant\\\/#primaryimage\"},\"thumbnailUrl\":\"https:\\\/\\\/www.univ-lorraine.fr\\\/initiatives-etudiantes\\\/wp-content\\\/uploads\\\/sites\\\/11\\\/2021\\\/06\\\/calendrier.png\",\"datePublished\":\"2021-03-18T09:53:59+00:00\",\"dateModified\":\"2025-12-17T10:29:02+00:00\",\"description\":\"D\u00e9couvre les Maisons de l'Etudiant, des tiers lieux de l'Universit\u00e9 de Lorraine situ\u00e9s \u00e0 Metz et Nancy avec une riche programmation !\",\"breadcrumb\":{\"@id\":\"https:\\\/\\\/www.univ-lorraine.fr\\\/initiatives-etudiantes\\\/maisons-de-letudiant\\\/#breadcrumb\"},\"inLanguage\":\"fr-FR\",\"potentialAction\":[{\"@type\":\"ReadAction\",\"target\":[\"https:\\\/\\\/www.univ-lorraine.fr\\\/initiatives-etudiantes\\\/maisons-de-letudiant\\\/\"]}]},{\"@type\":\"ImageObject\",\"inLanguage\":\"fr-FR\",\"@id\":\"https:\\\/\\\/www.univ-lorraine.fr\\\/initiatives-etudiantes\\\/maisons-de-letudiant\\\/#primaryimage\",\"url\":\"https:\\\/\\\/www.univ-lorraine.fr\\\/initiatives-etudiantes\\\/wp-content\\\/uploads\\\/sites\\\/11\\\/2021\\\/06\\\/calendrier.png\",\"contentUrl\":\"https:\\\/\\\/www.univ-lorraine.fr\\\/initiatives-etudiantes\\\/wp-content\\\/uploads\\\/sites\\\/11\\\/2021\\\/06\\\/calendrier.png\",\"width\":278,\"height\":279},{\"@type\":\"BreadcrumbList\",\"@id\":\"https:\\\/\\\/www.univ-lorraine.fr\\\/initiatives-etudiantes\\\/maisons-de-letudiant\\\/#breadcrumb\",\"itemListElement\":[{\"@type\":\"ListItem\",\"position\":1,\"name\":\"Accueil\",\"item\":\"https:\\\/\\\/www.univ-lorraine.fr\\\/initiatives-etudiantes\\\/\"},{\"@type\":\"ListItem\",\"position\":2,\"name\":\"Maison de l&rsquo;\u00e9tudiant\"}]},{\"@type\":\"WebSite\",\"@id\":\"https:\\\/\\\/www.univ-lorraine.fr\\\/initiatives-etudiantes\\\/#website\",\"url\":\"https:\\\/\\\/www.univ-lorraine.fr\\\/initiatives-etudiantes\\\/\",\"name\":\"Initiatives Etudiantes\",\"description\":\"\",\"publisher\":{\"@id\":\"https:\\\/\\\/www.univ-lorraine.fr\\\/initiatives-etudiantes\\\/#organization\"},\"potentialAction\":[{\"@type\":\"SearchAction\",\"target\":{\"@type\":\"EntryPoint\",\"urlTemplate\":\"https:\\\/\\\/www.univ-lorraine.fr\\\/initiatives-etudiantes\\\/?s={search_term_string}\"},\"query-input\":{\"@type\":\"PropertyValueSpecification\",\"valueRequired\":true,\"valueName\":\"search_term_string\"}}],\"inLanguage\":\"fr-FR\"},{\"@type\":\"Organization\",\"@id\":\"https:\\\/\\\/www.univ-lorraine.fr\\\/initiatives-etudiantes\\\/#organization\",\"name\":\"Initiatives Etudiantes\",\"url\":\"https:\\\/\\\/www.univ-lorraine.fr\\\/initiatives-etudiantes\\\/\",\"logo\":{\"@type\":\"ImageObject\",\"inLanguage\":\"fr-FR\",\"@id\":\"https:\\\/\\\/www.univ-lorraine.fr\\\/initiatives-etudiantes\\\/#\\\/schema\\\/logo\\\/image\\\/\",\"url\":\"https:\\\/\\\/www.univ-lorraine.fr\\\/initiatives-etudiantes\\\/wp-content\\\/uploads\\\/sites\\\/11\\\/2021\\\/07\\\/Vie-campus-signature.svg\",\"contentUrl\":\"https:\\\/\\\/www.univ-lorraine.fr\\\/initiatives-etudiantes\\\/wp-content\\\/uploads\\\/sites\\\/11\\\/2021\\\/07\\\/Vie-campus-signature.svg\",\"caption\":\"Initiatives Etudiantes\"},\"image\":{\"@id\":\"https:\\\/\\\/www.univ-lorraine.fr\\\/initiatives-etudiantes\\\/#\\\/schema\\\/logo\\\/image\\\/\"}}]}<\/script>\n<!-- \/ Yoast SEO plugin. -->","yoast_head_json":{"title":"Maison de l'\u00e9tudiant - Universit\u00e9 de Lorraine","description":"D\u00e9couvre les Maisons de l'Etudiant, des tiers lieux de l'Universit\u00e9 de Lorraine situ\u00e9s \u00e0 Metz et Nancy avec une riche programmation !","robots":{"index":"index","follow":"follow","max-snippet":"max-snippet:-1","max-image-preview":"max-image-preview:large","max-video-preview":"max-video-preview:-1"},"canonical":"https:\/\/www.univ-lorraine.fr\/initiatives-etudiantes\/maisons-de-letudiant\/","og_locale":"fr_FR","og_type":"article","og_title":"Maison de l'\u00e9tudiant - Universit\u00e9 de Lorraine","og_description":"D\u00e9couvre les Maisons de l'Etudiant, des tiers lieux de l'Universit\u00e9 de Lorraine situ\u00e9s \u00e0 Metz et Nancy avec une riche programmation !","og_url":"https:\/\/www.univ-lorraine.fr\/initiatives-etudiantes\/maisons-de-letudiant\/","og_site_name":"Initiatives Etudiantes","article_modified_time":"2025-12-17T10:29:02+00:00","og_image":[{"width":278,"height":279,"url":"https:\/\/www.univ-lorraine.fr\/initiatives-etudiantes\/wp-content\/uploads\/sites\/11\/2021\/06\/calendrier.png","type":"image\/png"}],"twitter_card":"summary_large_image","twitter_misc":{"Dur\u00e9e de lecture estim\u00e9e":"2 minutes"},"schema":{"@context":"https:\/\/schema.org","@graph":[{"@type":"WebPage","@id":"https:\/\/www.univ-lorraine.fr\/initiatives-etudiantes\/maisons-de-letudiant\/","url":"https:\/\/www.univ-lorraine.fr\/initiatives-etudiantes\/maisons-de-letudiant\/","name":"Maison de l'\u00e9tudiant - Universit\u00e9 de Lorraine","isPartOf":{"@id":"https:\/\/www.univ-lorraine.fr\/initiatives-etudiantes\/#website"},"primaryImageOfPage":{"@id":"https:\/\/www.univ-lorraine.fr\/initiatives-etudiantes\/maisons-de-letudiant\/#primaryimage"},"image":{"@id":"https:\/\/www.univ-lorraine.fr\/initiatives-etudiantes\/maisons-de-letudiant\/#primaryimage"},"thumbnailUrl":"https:\/\/www.univ-lorraine.fr\/initiatives-etudiantes\/wp-content\/uploads\/sites\/11\/2021\/06\/calendrier.png","datePublished":"2021-03-18T09:53:59+00:00","dateModified":"2025-12-17T10:29:02+00:00","description":"D\u00e9couvre les Maisons de l'Etudiant, des tiers lieux de l'Universit\u00e9 de Lorraine situ\u00e9s \u00e0 Metz et Nancy avec une riche programmation !","breadcrumb":{"@id":"https:\/\/www.univ-lorraine.fr\/initiatives-etudiantes\/maisons-de-letudiant\/#breadcrumb"},"inLanguage":"fr-FR","potentialAction":[{"@type":"ReadAction","target":["https:\/\/www.univ-lorraine.fr\/initiatives-etudiantes\/maisons-de-letudiant\/"]}]},{"@type":"ImageObject","inLanguage":"fr-FR","@id":"https:\/\/www.univ-lorraine.fr\/initiatives-etudiantes\/maisons-de-letudiant\/#primaryimage","url":"https:\/\/www.univ-lorraine.fr\/initiatives-etudiantes\/wp-content\/uploads\/sites\/11\/2021\/06\/calendrier.png","contentUrl":"https:\/\/www.univ-lorraine.fr\/initiatives-etudiantes\/wp-content\/uploads\/sites\/11\/2021\/06\/calendrier.png","width":278,"height":279},{"@type":"BreadcrumbList","@id":"https:\/\/www.univ-lorraine.fr\/initiatives-etudiantes\/maisons-de-letudiant\/#breadcrumb","itemListElement":[{"@type":"ListItem","position":1,"name":"Accueil","item":"https:\/\/www.univ-lorraine.fr\/initiatives-etudiantes\/"},{"@type":"ListItem","position":2,"name":"Maison de l&rsquo;\u00e9tudiant"}]},{"@type":"WebSite","@id":"https:\/\/www.univ-lorraine.fr\/initiatives-etudiantes\/#website","url":"https:\/\/www.univ-lorraine.fr\/initiatives-etudiantes\/","name":"Initiatives Etudiantes","description":"","publisher":{"@id":"https:\/\/www.univ-lorraine.fr\/initiatives-etudiantes\/#organization"},"potentialAction":[{"@type":"SearchAction","target":{"@type":"EntryPoint","urlTemplate":"https:\/\/www.univ-lorraine.fr\/initiatives-etudiantes\/?s={search_term_string}"},"query-input":{"@type":"PropertyValueSpecification","valueRequired":true,"valueName":"search_term_string"}}],"inLanguage":"fr-FR"},{"@type":"Organization","@id":"https:\/\/www.univ-lorraine.fr\/initiatives-etudiantes\/#organization","name":"Initiatives Etudiantes","url":"https:\/\/www.univ-lorraine.fr\/initiatives-etudiantes\/","logo":{"@type":"ImageObject","inLanguage":"fr-FR","@id":"https:\/\/www.univ-lorraine.fr\/initiatives-etudiantes\/#\/schema\/logo\/image\/","url":"https:\/\/www.univ-lorraine.fr\/initiatives-etudiantes\/wp-content\/uploads\/sites\/11\/2021\/07\/Vie-campus-signature.svg","contentUrl":"https:\/\/www.univ-lorraine.fr\/initiatives-etudiantes\/wp-content\/uploads\/sites\/11\/2021\/07\/Vie-campus-signature.svg","caption":"Initiatives Etudiantes"},"image":{"@id":"https:\/\/www.univ-lorraine.fr\/initiatives-etudiantes\/#\/schema\/logo\/image\/"}}]}},"_links":{"self":[{"href":"https:\/\/www.univ-lorraine.fr\/initiatives-etudiantes\/wp-json\/wp\/v2\/pages\/223","targetHints":{"allow":["GET"]}}],"collection":[{"href":"https:\/\/www.univ-lorraine.fr\/initiatives-etudiantes\/wp-json\/wp\/v2\/pages"}],"about":[{"href":"https:\/\/www.univ-lorraine.fr\/initiatives-etudiantes\/wp-json\/wp\/v2\/types\/page"}],"author":[{"embeddable":true,"href":"https:\/\/www.univ-lorraine.fr\/initiatives-etudiantes\/wp-json\/wp\/v2\/users\/29"}],"replies":[{"embeddable":true,"href":"https:\/\/www.univ-lorraine.fr\/initiatives-etudiantes\/wp-json\/wp\/v2\/comments?post=223"}],"version-history":[{"count":54,"href":"https:\/\/www.univ-lorraine.fr\/initiatives-etudiantes\/wp-json\/wp\/v2\/pages\/223\/revisions"}],"predecessor-version":[{"id":1887,"href":"https:\/\/www.univ-lorraine.fr\/initiatives-etudiantes\/wp-json\/wp\/v2\/pages\/223\/revisions\/1887"}],"wp:attachment":[{"href":"https:\/\/www.univ-lorraine.fr\/initiatives-etudiantes\/wp-json\/wp\/v2\/media?parent=223"}],"curies":[{"name":"wp","href":"https:\/\/api.w.org\/{rel}","templated":true}]}}