{"id":225,"date":"2025-01-13T17:51:18","date_gmt":"2025-01-13T16:51:18","guid":{"rendered":"https:\/\/www.univ-lorraine.fr\/initiatives-etudiantes\/?page_id=225"},"modified":"2026-03-16T17:52:23","modified_gmt":"2026-03-16T16:52:23","slug":"programmation-mde","status":"publish","type":"page","link":"https:\/\/www.univ-lorraine.fr\/initiatives-etudiantes\/maisons-de-letudiant\/programmation-mde\/","title":{"rendered":"Inscriptions &amp; programme"},"content":{"rendered":"\n<div class=\"wp-block-pb-accordion-item c-accordion__item js-accordion-item no-js\" data-initially-open=\"false\" data-click-to-close=\"true\" data-auto-close=\"true\" data-scroll=\"false\" data-scroll-offset=\"0\"><h2 id=\"at-2250\" class=\"c-accordion__title js-accordion-controller\" role=\"button\"><strong>Inscriptions MDE Lorraine Sud (Nancy)<\/strong><\/h2><div id=\"ac-2250\" class=\"c-accordion__content\">\n<a title=\"Logiciel billetterie en ligne\" href=\"https:\/\/widget.weezevent.com\/ticket\/e31f3cad-0885-4e1d-8ef7-661d83004ddc?locale=fr-FR\" class=\"weezevent-widget-integration\" target=\"_blank\" data-src=\"https:\/\/widget.weezevent.com\/ticket\/e31f3cad-0885-4e1d-8ef7-661d83004ddc?locale=fr-FR\" data-width=\"550\" data-height=\"650\" data-resize=\"1\" data-nopb=\"0\" data-type=\"neo\" data-width_auto=\"1\" >Billetterie Weezevent<\/a>\n<script type=\"text\/javascript\" src=\"https:\/\/widget.weezevent.com\/weez.js\"  async defer><\/script>\n<\/div><\/div>\n\n\n\n<div class=\"wp-block-pb-accordion-item c-accordion__item js-accordion-item no-js\" data-initially-open=\"false\" data-click-to-close=\"true\" data-auto-close=\"true\" data-scroll=\"false\" data-scroll-offset=\"0\"><h2 id=\"at-2251\" class=\"c-accordion__title js-accordion-controller\" role=\"button\"><strong><strong>Inscriptions MDE Lorraine Nord (Metz)<\/strong><\/strong><\/h2><div id=\"ac-2251\" class=\"c-accordion__content\">\n<a title=\"Logiciel billetterie en ligne\" href=\"https:\/\/widget.weezevent.com\/ticket\/fabdf1a7-13f7-4831-8877-053f53bdcdd8?locale=fr-FR\" class=\"weezevent-widget-integration\" target=\"_blank\" data-src=\"https:\/\/widget.weezevent.com\/ticket\/fabdf1a7-13f7-4831-8877-053f53bdcdd8?locale=fr-FR\" data-width=\"550\" data-height=\"650\" data-resize=\"1\" data-nopb=\"1\" data-type=\"neo\" data-width_auto=\"1\" >Billetterie Weezevent<\/a>\n<script type=\"text\/javascript\" src=\"https:\/\/widget.weezevent.com\/weez.js\"  async defer><\/script>\n<\/div><\/div>\n\n\n\n<div class=\"wp-block-pb-accordion-item c-accordion__item js-accordion-item no-js\" data-initially-open=\"false\" data-click-to-close=\"true\" data-auto-close=\"true\" data-scroll=\"false\" data-scroll-offset=\"0\"><h2 id=\"at-2252\" class=\"c-accordion__title js-accordion-controller\" role=\"button\"><strong>Inscriptions e.MDE<\/strong><\/h2><div id=\"ac-2252\" class=\"c-accordion__content\">\n<a title=\"Logiciel billetterie en ligne\" href=\"https:\/\/widget.weezevent.com\/ticket\/b29be547-8c0e-4bd5-8b21-ad28359436b6?locale=fr-FR\" class=\"weezevent-widget-integration\" target=\"_blank\" data-src=\"https:\/\/widget.weezevent.com\/ticket\/b29be547-8c0e-4bd5-8b21-ad28359436b6?locale=fr-FR\" data-width=\"550\" data-height=\"650\" data-resize=\"1\" data-nopb=\"1\" data-type=\"neo\" data-width_auto=\"1\" >Billetterie Weezevent<\/a>\n<script type=\"text\/javascript\" src=\"https:\/\/widget.weezevent.com\/weez.js\"  async defer><\/script>\n<\/div><\/div>\n\n\n\n<div class=\"wp-block-group\"><div class=\"wp-block-group__inner-container is-layout-constrained wp-block-group-is-layout-constrained\"><div class=\"gb-container gb-container-993e9368\">\n<div class=\"gb-container gb-container-b4a27824\"><\/div>\n<\/div><\/div><\/div>\n\n\n<div class=\"gb-container gb-container-da57e354\"><div class=\"gb-inside-container\">\n<div class=\"gb-container gb-container-3c362462 alignwide\">\n\n<p>Retrouve la programmation des Maisons de l&rsquo;Etudiant propos\u00e9e par les comit\u00e9s de programmation \u00ab\u00a0Vie des Campus\u00a0\u00bb. Projets \u00e9tudiants, ateliers artistiques, rencontres, expositions, formations\u2026 Un programme riche et diversifi\u00e9 d&rsquo;\u00e9v\u00e9nements organis\u00e9s en collaboration avec des professionnels du domaine, et en partenariat avec des acteurs culturels ou des services de l\u2019Universit\u00e9.  <\/p>\n\n<\/div>\n<\/div><\/div>\n\n<div class=\"gb-container gb-container-14be4bd7\"><div class=\"gb-inside-container\">\n<div class=\"gb-container gb-container-ecf023dd\"><div class=\"gb-inside-container\">\n\n<div style=\"text-align:center;\"><div style=\"margin:8px 0px 4px;\"><a href=\"https:\/\/www.calameo.com\/books\/0001401738cdd44b9ba2b\" target=\"_blank\">Programmation des MDE Semestre 2 <\/a><\/div><iframe loading=\"lazy\" src=\"\/\/v.calameo.com\/?bkcode=0001401738cdd44b9ba2b\" width=\"300\" height=\"194\" frameborder=\"0\" scrolling=\"no\" allowtransparency allowfullscreen style=\"margin:0 auto;\"><\/iframe><div style=\"margin:4px 0px 8px;\"><a href=\"http:\/\/www.calameo.com\/\">Publish at Calameo<\/a><\/div><\/div>\n\n<\/div><\/div>\n<\/div><\/div>\n\n<div class=\"gb-container gb-container-223a4a8c\"><\/div>\n\n<div class=\"gb-container gb-container-6a5c7568\"><div class=\"gb-inside-container\">\n<div class=\"gb-grid-wrapper gb-grid-wrapper-abe9a2e1\">\n<div class=\"gb-grid-column gb-grid-column-97243e58\"><div class=\"gb-container gb-container-97243e58\"><div class=\"gb-inside-container\"><\/div><\/div><\/div>\n\n<div class=\"gb-grid-column gb-grid-column-36f83f59\"><div class=\"gb-container gb-container-36f83f59\"><div class=\"gb-inside-container\">\n\n<h2 class=\"wp-block-heading has-text-align-center\" style=\"font-size:30px\">L&rsquo;INFO DES MDE PAR <\/h2>\n\n<\/div><\/div><\/div>\n\n<div class=\"gb-grid-column gb-grid-column-fc02bc97\"><div class=\"gb-container gb-container-fc02bc97\"><div class=\"gb-inside-container\">\n\n<figure class=\"wp-block-image size-full is-resized factuel\"><img decoding=\"async\" src=\"https:\/\/dev-www.univ-lorraine.fr\/wp-content\/uploads\/2021\/01\/logo-factuel.png\" alt=\"\" class=\"wp-image-21864\" style=\"width:136px;height:40px\"\/><\/figure>\n\n<\/div><\/div><\/div>\n\n<div class=\"gb-grid-column gb-grid-column-5332119d\"><div class=\"gb-container gb-container-5332119d\"><div class=\"gb-inside-container\"><\/div><\/div><\/div>\n<\/div>\n\n<div class=\"gb-grid-wrapper gb-grid-wrapper-12693d2e\">\n<div class=\"gb-grid-column gb-grid-column-f75c9c18\"><div class=\"gb-container gb-container-f75c9c18\"><div class=\"gb-inside-container\">\n\n<h3 class=\"gb-headline gb-headline-b54ed66f gb-headline-text\"><strong>LES DERNI\u00c8RES ACTUALIT\u00c9S<\/strong><\/h3>\n\n\n\n<p><a href=\"https:\/\/factuel.univ-lorraine.fr\" target=\"_blank\" rel=\"noreferrer noopener\">Toute l&rsquo;Info de l&rsquo;Universit\u00e9 de Lorraine<\/a><\/p>\n\n\n<div id=\"ul-factuel-actus-home\"><div class=\"factuel_first_col\"><div class=\"factuel_one_actu\"><a href=\"http:\/\/factuel.univ-lorraine.fr\/node\/30189\" target=\"blank\"><div class=\"factuel_one_actu_img\"><img decoding=\"async\" src=\"https:\/\/www.univ-lorraine.fr\/initiatives-etudiantes\/wp-content\/uploads\/2025\/05\/factuel_concours_photo_en_jeu_0-300x300.png\" alt=\"Concours de photos captur&eacute;es en jeu vid&eacute;o !\"\/><\/div><div class=\"factuel_one_actu_rubrique\">Nos campus<\/div><div class=\"factuel_one_actu_title\">Concours de photos captur\u00e9es en jeu vid\u00e9o !<\/div><\/a><\/div><\/div><div class=\"factuel_second_col\"><div class=\"factuel_one_actu\"><div class=\"factuel_one_actu_img\"><a href=\"http:\/\/factuel.univ-lorraine.fr\/node\/28530\" target=\"blank\"><img decoding=\"async\" src=\"https:\/\/www.univ-lorraine.fr\/initiatives-etudiantes\/wp-content\/uploads\/2025\/01\/mde_factuel_prog_s2_2025-300x169.jpg\" alt=\"Second semestre : Nouvelle programmation pour la e.MDE\"\/><\/a><\/div><div class=\"factuel_actu_group\"><div class=\"factuel_one_actu_rubrique\">Nos campus<\/div><div class=\"factuel_one_actu_title\"><a href=\"http:\/\/factuel.univ-lorraine.fr\/node\/28530\" target=\"blank\" title=\"Acc\u00e9der \u00e0 : Second semestre : Nouvelle programmation pour la e.MDE\">Second semestre : Nouvelle programmation pour la e.MDE<\/a><\/div><\/div><\/div><div class=\"factuel_one_actu\"><div class=\"factuel_one_actu_img\"><a href=\"http:\/\/factuel.univ-lorraine.fr\/node\/28080\" target=\"blank\"><img decoding=\"async\" src=\"\" alt=\"[Retour sur] Club VJing : Deviens un Vid&eacute;o Jockey !\"\/><\/a><\/div><div class=\"factuel_actu_group\"><div class=\"factuel_one_actu_rubrique\">Nos campus<\/div><div class=\"factuel_one_actu_title\"><a href=\"http:\/\/factuel.univ-lorraine.fr\/node\/28080\" target=\"blank\" title=\"Acc\u00e9der \u00e0 : [Retour sur] Club VJing : Deviens un Vid&eacute;o Jockey !\">[Retour sur] Club VJing : Deviens un Vid\u00e9o Jockey !<\/a><\/div><\/div><\/div><div class=\"factuel_one_actu\"><div class=\"factuel_one_actu_img\"><a href=\"http:\/\/factuel.univ-lorraine.fr\/node\/28023\" target=\"blank\"><img decoding=\"async\" src=\"\" alt=\"[Retour sur] Le Loups-Garous cont&eacute; en ligne\"\/><\/a><\/div><div class=\"factuel_actu_group\"><div class=\"factuel_one_actu_rubrique\">Nos campus<\/div><div class=\"factuel_one_actu_title\"><a href=\"http:\/\/factuel.univ-lorraine.fr\/node\/28023\" target=\"blank\" title=\"Acc\u00e9der \u00e0 : [Retour sur] Le Loups-Garous cont&eacute; en ligne\">[Retour sur] Le Loups-Garous cont\u00e9 en ligne<\/a><\/div><\/div><\/div><\/div><\/div>\n\n<\/div><\/div><\/div>\n\n<div class=\"gb-grid-column gb-grid-column-0c39750b\"><div class=\"gb-container gb-container-0c39750b\"><div class=\"gb-inside-container\">\n\n<h3 class=\"gb-headline gb-headline-aee4c58a gb-headline-text\"><strong>NOS PROCHAINS \u00c9V\u00c8NEMENTS<\/strong><\/h3>\n\n\n\n<p><a href=\"https:\/\/factuel.univ-lorraine.fr\/archives\/agenda\">L&rsquo;<\/a><a href=\"https:\/\/factuel.univ-lorraine.fr\/archives\/agenda\" target=\"_blank\" rel=\"noreferrer noopener\">agenda<\/a><\/p>\n\n\n\n\n<\/div><\/div><\/div>\n<\/div>\n<\/div><\/div>\n\n\n<p><\/p>\n","protected":false},"excerpt":{"rendered":"<p>Retrouve la programmation des Maisons de l&rsquo;Etudiant propos\u00e9e par les comit\u00e9s de programmation \u00ab\u00a0Vie des Campus\u00a0\u00bb. Projets \u00e9tudiants, ateliers artistiques, rencontres, expositions, formations\u2026 Un programme riche et diversifi\u00e9 d&rsquo;\u00e9v\u00e9nements organis\u00e9s en collaboration avec des professionnels du domaine, et en partenariat avec des acteurs culturels ou des services de l\u2019Universit\u00e9. Programmation des MDE Semestre 2 Publish &#8230; <a title=\"Inscriptions &amp; programme\" class=\"read-more\" href=\"https:\/\/www.univ-lorraine.fr\/initiatives-etudiantes\/maisons-de-letudiant\/programmation-mde\/\" aria-label=\"En savoir plus sur Inscriptions &amp; programme\">Lire plus<\/a><\/p>\n","protected":false},"author":896,"featured_media":0,"parent":223,"menu_order":0,"comment_status":"closed","ping_status":"closed","template":"","meta":{"inline_featured_image":false,"footnotes":""},"class_list":["post-225","page","type-page","status-publish"],"yoast_head":"<!-- This site is optimized with the Yoast SEO plugin v27.4 - https:\/\/yoast.com\/product\/yoast-seo-wordpress\/ -->\n<title>Programmation des Maisons de l&#039;Etudiant - Universit\u00e9 de Lorraine<\/title>\n<meta name=\"description\" content=\"Les Maisons de l&#039;Etudiant propose une programmation riche et diversifi\u00e9e : lives Twitch, ateliers artistiques, expositions\u2026\" \/>\n<meta name=\"robots\" content=\"index, follow, max-snippet:-1, max-image-preview:large, max-video-preview:-1\" \/>\n<link rel=\"canonical\" href=\"https:\/\/www.univ-lorraine.fr\/initiatives-etudiantes\/maisons-de-letudiant\/programmation-mde\/\" \/>\n<meta property=\"og:locale\" content=\"fr_FR\" \/>\n<meta property=\"og:type\" content=\"article\" \/>\n<meta property=\"og:title\" content=\"Programmation des Maisons de l&#039;Etudiant - Universit\u00e9 de Lorraine\" \/>\n<meta property=\"og:description\" content=\"Les Maisons de l&#039;Etudiant propose une programmation riche et diversifi\u00e9e : lives Twitch, ateliers artistiques, expositions\u2026\" \/>\n<meta property=\"og:url\" content=\"https:\/\/www.univ-lorraine.fr\/initiatives-etudiantes\/maisons-de-letudiant\/programmation-mde\/\" \/>\n<meta property=\"og:site_name\" content=\"Initiatives Etudiantes\" \/>\n<meta property=\"article:modified_time\" content=\"2026-03-16T16:52:23+00:00\" \/>\n<meta name=\"twitter:card\" content=\"summary_large_image\" \/>\n<meta name=\"twitter:label1\" content=\"Dur\u00e9e de lecture estim\u00e9e\" \/>\n\t<meta name=\"twitter:data1\" content=\"1 minute\" \/>\n<script type=\"application\/ld+json\" class=\"yoast-schema-graph\">{\"@context\":\"https:\\\/\\\/schema.org\",\"@graph\":[{\"@type\":\"WebPage\",\"@id\":\"https:\\\/\\\/www.univ-lorraine.fr\\\/initiatives-etudiantes\\\/maisons-de-letudiant\\\/programmation-mde\\\/\",\"url\":\"https:\\\/\\\/www.univ-lorraine.fr\\\/initiatives-etudiantes\\\/maisons-de-letudiant\\\/programmation-mde\\\/\",\"name\":\"Programmation des Maisons de l'Etudiant - Universit\u00e9 de Lorraine\",\"isPartOf\":{\"@id\":\"https:\\\/\\\/www.univ-lorraine.fr\\\/initiatives-etudiantes\\\/#website\"},\"primaryImageOfPage\":{\"@id\":\"https:\\\/\\\/www.univ-lorraine.fr\\\/initiatives-etudiantes\\\/maisons-de-letudiant\\\/programmation-mde\\\/#primaryimage\"},\"image\":{\"@id\":\"https:\\\/\\\/www.univ-lorraine.fr\\\/initiatives-etudiantes\\\/maisons-de-letudiant\\\/programmation-mde\\\/#primaryimage\"},\"thumbnailUrl\":\"https:\\\/\\\/dev-www.univ-lorraine.fr\\\/wp-content\\\/uploads\\\/2021\\\/01\\\/logo-factuel.png\",\"datePublished\":\"2025-01-13T16:51:18+00:00\",\"dateModified\":\"2026-03-16T16:52:23+00:00\",\"description\":\"Les Maisons de l'Etudiant propose une programmation riche et diversifi\u00e9e : lives Twitch, ateliers artistiques, expositions\u2026\",\"breadcrumb\":{\"@id\":\"https:\\\/\\\/www.univ-lorraine.fr\\\/initiatives-etudiantes\\\/maisons-de-letudiant\\\/programmation-mde\\\/#breadcrumb\"},\"inLanguage\":\"fr-FR\",\"potentialAction\":[{\"@type\":\"ReadAction\",\"target\":[\"https:\\\/\\\/www.univ-lorraine.fr\\\/initiatives-etudiantes\\\/maisons-de-letudiant\\\/programmation-mde\\\/\"]}]},{\"@type\":\"ImageObject\",\"inLanguage\":\"fr-FR\",\"@id\":\"https:\\\/\\\/www.univ-lorraine.fr\\\/initiatives-etudiantes\\\/maisons-de-letudiant\\\/programmation-mde\\\/#primaryimage\",\"url\":\"https:\\\/\\\/dev-www.univ-lorraine.fr\\\/wp-content\\\/uploads\\\/2021\\\/01\\\/logo-factuel.png\",\"contentUrl\":\"https:\\\/\\\/dev-www.univ-lorraine.fr\\\/wp-content\\\/uploads\\\/2021\\\/01\\\/logo-factuel.png\"},{\"@type\":\"BreadcrumbList\",\"@id\":\"https:\\\/\\\/www.univ-lorraine.fr\\\/initiatives-etudiantes\\\/maisons-de-letudiant\\\/programmation-mde\\\/#breadcrumb\",\"itemListElement\":[{\"@type\":\"ListItem\",\"position\":1,\"name\":\"Accueil\",\"item\":\"https:\\\/\\\/www.univ-lorraine.fr\\\/initiatives-etudiantes\\\/\"},{\"@type\":\"ListItem\",\"position\":2,\"name\":\"Maison de l&rsquo;\u00e9tudiant\",\"item\":\"https:\\\/\\\/www.univ-lorraine.fr\\\/initiatives-etudiantes\\\/maisons-de-letudiant\\\/\"},{\"@type\":\"ListItem\",\"position\":3,\"name\":\"Inscriptions &amp; programme\"}]},{\"@type\":\"WebSite\",\"@id\":\"https:\\\/\\\/www.univ-lorraine.fr\\\/initiatives-etudiantes\\\/#website\",\"url\":\"https:\\\/\\\/www.univ-lorraine.fr\\\/initiatives-etudiantes\\\/\",\"name\":\"Initiatives Etudiantes\",\"description\":\"\",\"publisher\":{\"@id\":\"https:\\\/\\\/www.univ-lorraine.fr\\\/initiatives-etudiantes\\\/#organization\"},\"potentialAction\":[{\"@type\":\"SearchAction\",\"target\":{\"@type\":\"EntryPoint\",\"urlTemplate\":\"https:\\\/\\\/www.univ-lorraine.fr\\\/initiatives-etudiantes\\\/?s={search_term_string}\"},\"query-input\":{\"@type\":\"PropertyValueSpecification\",\"valueRequired\":true,\"valueName\":\"search_term_string\"}}],\"inLanguage\":\"fr-FR\"},{\"@type\":\"Organization\",\"@id\":\"https:\\\/\\\/www.univ-lorraine.fr\\\/initiatives-etudiantes\\\/#organization\",\"name\":\"Initiatives Etudiantes\",\"url\":\"https:\\\/\\\/www.univ-lorraine.fr\\\/initiatives-etudiantes\\\/\",\"logo\":{\"@type\":\"ImageObject\",\"inLanguage\":\"fr-FR\",\"@id\":\"https:\\\/\\\/www.univ-lorraine.fr\\\/initiatives-etudiantes\\\/#\\\/schema\\\/logo\\\/image\\\/\",\"url\":\"https:\\\/\\\/www.univ-lorraine.fr\\\/initiatives-etudiantes\\\/wp-content\\\/uploads\\\/sites\\\/11\\\/2021\\\/07\\\/Vie-campus-signature.svg\",\"contentUrl\":\"https:\\\/\\\/www.univ-lorraine.fr\\\/initiatives-etudiantes\\\/wp-content\\\/uploads\\\/sites\\\/11\\\/2021\\\/07\\\/Vie-campus-signature.svg\",\"caption\":\"Initiatives Etudiantes\"},\"image\":{\"@id\":\"https:\\\/\\\/www.univ-lorraine.fr\\\/initiatives-etudiantes\\\/#\\\/schema\\\/logo\\\/image\\\/\"}}]}<\/script>\n<!-- \/ Yoast SEO plugin. -->","yoast_head_json":{"title":"Programmation des Maisons de l'Etudiant - Universit\u00e9 de Lorraine","description":"Les Maisons de l'Etudiant propose une programmation riche et diversifi\u00e9e : lives Twitch, ateliers artistiques, expositions\u2026","robots":{"index":"index","follow":"follow","max-snippet":"max-snippet:-1","max-image-preview":"max-image-preview:large","max-video-preview":"max-video-preview:-1"},"canonical":"https:\/\/www.univ-lorraine.fr\/initiatives-etudiantes\/maisons-de-letudiant\/programmation-mde\/","og_locale":"fr_FR","og_type":"article","og_title":"Programmation des Maisons de l'Etudiant - Universit\u00e9 de Lorraine","og_description":"Les Maisons de l'Etudiant propose une programmation riche et diversifi\u00e9e : lives Twitch, ateliers artistiques, expositions\u2026","og_url":"https:\/\/www.univ-lorraine.fr\/initiatives-etudiantes\/maisons-de-letudiant\/programmation-mde\/","og_site_name":"Initiatives Etudiantes","article_modified_time":"2026-03-16T16:52:23+00:00","twitter_card":"summary_large_image","twitter_misc":{"Dur\u00e9e de lecture estim\u00e9e":"1 minute"},"schema":{"@context":"https:\/\/schema.org","@graph":[{"@type":"WebPage","@id":"https:\/\/www.univ-lorraine.fr\/initiatives-etudiantes\/maisons-de-letudiant\/programmation-mde\/","url":"https:\/\/www.univ-lorraine.fr\/initiatives-etudiantes\/maisons-de-letudiant\/programmation-mde\/","name":"Programmation des Maisons de l'Etudiant - Universit\u00e9 de Lorraine","isPartOf":{"@id":"https:\/\/www.univ-lorraine.fr\/initiatives-etudiantes\/#website"},"primaryImageOfPage":{"@id":"https:\/\/www.univ-lorraine.fr\/initiatives-etudiantes\/maisons-de-letudiant\/programmation-mde\/#primaryimage"},"image":{"@id":"https:\/\/www.univ-lorraine.fr\/initiatives-etudiantes\/maisons-de-letudiant\/programmation-mde\/#primaryimage"},"thumbnailUrl":"https:\/\/dev-www.univ-lorraine.fr\/wp-content\/uploads\/2021\/01\/logo-factuel.png","datePublished":"2025-01-13T16:51:18+00:00","dateModified":"2026-03-16T16:52:23+00:00","description":"Les Maisons de l'Etudiant propose une programmation riche et diversifi\u00e9e : lives Twitch, ateliers artistiques, expositions\u2026","breadcrumb":{"@id":"https:\/\/www.univ-lorraine.fr\/initiatives-etudiantes\/maisons-de-letudiant\/programmation-mde\/#breadcrumb"},"inLanguage":"fr-FR","potentialAction":[{"@type":"ReadAction","target":["https:\/\/www.univ-lorraine.fr\/initiatives-etudiantes\/maisons-de-letudiant\/programmation-mde\/"]}]},{"@type":"ImageObject","inLanguage":"fr-FR","@id":"https:\/\/www.univ-lorraine.fr\/initiatives-etudiantes\/maisons-de-letudiant\/programmation-mde\/#primaryimage","url":"https:\/\/dev-www.univ-lorraine.fr\/wp-content\/uploads\/2021\/01\/logo-factuel.png","contentUrl":"https:\/\/dev-www.univ-lorraine.fr\/wp-content\/uploads\/2021\/01\/logo-factuel.png"},{"@type":"BreadcrumbList","@id":"https:\/\/www.univ-lorraine.fr\/initiatives-etudiantes\/maisons-de-letudiant\/programmation-mde\/#breadcrumb","itemListElement":[{"@type":"ListItem","position":1,"name":"Accueil","item":"https:\/\/www.univ-lorraine.fr\/initiatives-etudiantes\/"},{"@type":"ListItem","position":2,"name":"Maison de l&rsquo;\u00e9tudiant","item":"https:\/\/www.univ-lorraine.fr\/initiatives-etudiantes\/maisons-de-letudiant\/"},{"@type":"ListItem","position":3,"name":"Inscriptions &amp; programme"}]},{"@type":"WebSite","@id":"https:\/\/www.univ-lorraine.fr\/initiatives-etudiantes\/#website","url":"https:\/\/www.univ-lorraine.fr\/initiatives-etudiantes\/","name":"Initiatives Etudiantes","description":"","publisher":{"@id":"https:\/\/www.univ-lorraine.fr\/initiatives-etudiantes\/#organization"},"potentialAction":[{"@type":"SearchAction","target":{"@type":"EntryPoint","urlTemplate":"https:\/\/www.univ-lorraine.fr\/initiatives-etudiantes\/?s={search_term_string}"},"query-input":{"@type":"PropertyValueSpecification","valueRequired":true,"valueName":"search_term_string"}}],"inLanguage":"fr-FR"},{"@type":"Organization","@id":"https:\/\/www.univ-lorraine.fr\/initiatives-etudiantes\/#organization","name":"Initiatives Etudiantes","url":"https:\/\/www.univ-lorraine.fr\/initiatives-etudiantes\/","logo":{"@type":"ImageObject","inLanguage":"fr-FR","@id":"https:\/\/www.univ-lorraine.fr\/initiatives-etudiantes\/#\/schema\/logo\/image\/","url":"https:\/\/www.univ-lorraine.fr\/initiatives-etudiantes\/wp-content\/uploads\/sites\/11\/2021\/07\/Vie-campus-signature.svg","contentUrl":"https:\/\/www.univ-lorraine.fr\/initiatives-etudiantes\/wp-content\/uploads\/sites\/11\/2021\/07\/Vie-campus-signature.svg","caption":"Initiatives Etudiantes"},"image":{"@id":"https:\/\/www.univ-lorraine.fr\/initiatives-etudiantes\/#\/schema\/logo\/image\/"}}]}},"_links":{"self":[{"href":"https:\/\/www.univ-lorraine.fr\/initiatives-etudiantes\/wp-json\/wp\/v2\/pages\/225","targetHints":{"allow":["GET"]}}],"collection":[{"href":"https:\/\/www.univ-lorraine.fr\/initiatives-etudiantes\/wp-json\/wp\/v2\/pages"}],"about":[{"href":"https:\/\/www.univ-lorraine.fr\/initiatives-etudiantes\/wp-json\/wp\/v2\/types\/page"}],"author":[{"embeddable":true,"href":"https:\/\/www.univ-lorraine.fr\/initiatives-etudiantes\/wp-json\/wp\/v2\/users\/896"}],"replies":[{"embeddable":true,"href":"https:\/\/www.univ-lorraine.fr\/initiatives-etudiantes\/wp-json\/wp\/v2\/comments?post=225"}],"version-history":[{"count":70,"href":"https:\/\/www.univ-lorraine.fr\/initiatives-etudiantes\/wp-json\/wp\/v2\/pages\/225\/revisions"}],"predecessor-version":[{"id":1898,"href":"https:\/\/www.univ-lorraine.fr\/initiatives-etudiantes\/wp-json\/wp\/v2\/pages\/225\/revisions\/1898"}],"up":[{"embeddable":true,"href":"https:\/\/www.univ-lorraine.fr\/initiatives-etudiantes\/wp-json\/wp\/v2\/pages\/223"}],"wp:attachment":[{"href":"https:\/\/www.univ-lorraine.fr\/initiatives-etudiantes\/wp-json\/wp\/v2\/media?parent=225"}],"curies":[{"name":"wp","href":"https:\/\/api.w.org\/{rel}","templated":true}]}}