{"id":250,"date":"2021-03-18T11:30:47","date_gmt":"2021-03-18T10:30:47","guid":{"rendered":"https:\/\/www.univ-lorraine.fr\/initiatives-etudiantes\/?page_id=250"},"modified":"2026-01-09T11:43:06","modified_gmt":"2026-01-09T10:43:06","slug":"engagement-etudiant","status":"publish","type":"page","link":"https:\/\/www.univ-lorraine.fr\/initiatives-etudiantes\/engagement-etudiant\/","title":{"rendered":"Engagement \u00e9tudiant"},"content":{"rendered":"<div class=\"gb-container gb-container-19f98de6\"><div class=\"gb-inside-container\"><\/div><\/div>\n\n\n<h2 class=\"gb-headline gb-headline-d1eda9a2 gb-headline-text\"><strong>Le bonus engagement \u00e9tudiant<\/strong><\/h2>\n\n\n\n<figure class=\"wp-block-image size-large is-resized\"><img loading=\"lazy\" decoding=\"async\" width=\"1024\" height=\"316\" src=\"https:\/\/www.univ-lorraine.fr\/initiatives-etudiantes\/wp-content\/uploads\/sites\/11\/2026\/01\/atelier-reals-1024x316.png\" alt=\"\" class=\"wp-image-1880\" style=\"width:1140px;height:auto\" srcset=\"https:\/\/www.univ-lorraine.fr\/initiatives-etudiantes\/wp-content\/uploads\/sites\/11\/2026\/01\/atelier-reals-1024x316.png 1024w, https:\/\/www.univ-lorraine.fr\/initiatives-etudiantes\/wp-content\/uploads\/sites\/11\/2026\/01\/atelier-reals-300x93.png 300w, https:\/\/www.univ-lorraine.fr\/initiatives-etudiantes\/wp-content\/uploads\/sites\/11\/2026\/01\/atelier-reals-768x237.png 768w, https:\/\/www.univ-lorraine.fr\/initiatives-etudiantes\/wp-content\/uploads\/sites\/11\/2026\/01\/atelier-reals-1536x474.png 1536w, https:\/\/www.univ-lorraine.fr\/initiatives-etudiantes\/wp-content\/uploads\/sites\/11\/2026\/01\/atelier-reals-2048x632.png 2048w\" sizes=\"auto, (max-width: 1024px) 100vw, 1024px\" \/><\/figure>\n\n\n\n<div style=\"height:44px\" aria-hidden=\"true\" class=\"wp-block-spacer\"><\/div>\n\n\n\n<p><strong>Le Bonus Engagement \u00c9tudiant (B2E)<\/strong> te permet de tenter de valoriser ton engagement associatif ou personnel au sein de ton parcours universitaire.<br>Tu es \u00e9tudiant\u00b7e et engag\u00e9\u00b7e ? Fais reconna\u00eetre ton engagement<br><br>Tu es engag\u00e9\u00b7e \u00e0 l\u2019Universit\u00e9 de Lorraine ou dans la soci\u00e9t\u00e9 civile ?<br>D\u00e9pose un dossier pour le <strong>Bonus Engagement \u00c9tudiant (B2E)<\/strong> et valorise ton engagement dans ton parcours universitaire.<br><br>Le B2E peut te permettre d\u2019obtenir <strong>jusqu\u2019\u00e0 0,5 point de bonus<\/strong> sur ta moyenne annuelle.<br><\/p>\n\n\n\n<div class=\"wp-block-group\"><div class=\"wp-block-group__inner-container is-layout-flow wp-block-group-is-layout-flow\">\n<div class=\"wp-block-pb-accordion-item c-accordion__item js-accordion-item no-js\" data-initially-open=\"false\" data-click-to-close=\"true\" data-auto-close=\"true\" data-scroll=\"false\" data-scroll-offset=\"0\"><h3 id=\"at-2502\" class=\"c-accordion__title js-accordion-controller\" role=\"button\">Calendrier 2025-2026<\/h3><div id=\"ac-2502\" class=\"c-accordion__content\">\n<ul class=\"wp-block-list\">\n<li><strong>Ouverture du d\u00e9p\u00f4t<\/strong> : jeudi 15 janvier 2026 \u00e0 08h00<\/li>\n\n\n\n<li><strong>Cl\u00f4ture du d\u00e9p\u00f4t<\/strong> : mercredi 4 mars 2026 \u00e0 23h59<\/li>\n<\/ul>\n\n\n\n<p>Aucun dossier en retard ne sera accept\u00e9. Il est conseill\u00e9 de ne pas d\u00e9poser \u00e0 la derni\u00e8re minute.<\/p>\n<\/div><\/div>\n<\/div><\/div>\n\n\n\n<h3 class=\"wp-block-heading\">Quels engagements sont reconnus<\/h3>\n\n\n\n<p>Tout engagement, r\u00e9mun\u00e9r\u00e9 ou non, permettant d\u2019acqu\u00e9rir des comp\u00e9tences, notamment :<br><\/p>\n\n\n\n<ul class=\"wp-block-list\">\n<li>Repr\u00e9sentation de l\u2019Universit\u00e9 de Lorraine : actions de promotion, rencontres lyc\u00e9ens-\u00e9tudiants, rayonnement de l\u2019\u00e9tablissement.<\/li>\n\n\n\n<li>Mandat \u00e9lectif : \u00e9lu\u00b7e dans un conseil municipal ou universitaire.<\/li>\n\n\n\n<li>Actions soci\u00e9tales : \u00e9ducation, environnement, solidarit\u00e9.<\/li>\n\n\n\n<li>Vie associative : sport, culture, humanitaire, lutte contre les discriminations, soutien scolaire.<\/li>\n\n\n\n<li>Promotion de la sant\u00e9 : \u00e9tudiant\u00b7e relais sant\u00e9, actions de pr\u00e9vention.<\/li>\n<\/ul>\n\n\n\n<p><em>P\u00e9riode prise en compte : engagements r\u00e9alis\u00e9s entre mars 2025 et le d\u00e9p\u00f4t du dossier, au plus tard le mercredi 4 mars 2026.<br>Les actions r\u00e9alis\u00e9es dans le cadre d\u2019un cursus universitaire ne sont pas prises en compte.<\/em><\/p>\n\n\n\n<div class=\"wp-block-buttons is-layout-flex wp-block-buttons-is-layout-flex\">\n<div class=\"wp-block-button is-style-outline is-style-outline--1\"><a class=\"wp-block-button__link wp-element-button\" href=\"https:\/\/b2e.univ-lorraine.fr\/\">D\u00e9poser mon dossier <\/a><\/div>\n<\/div>\n\n\n\n<h2 class=\"gb-headline gb-headline-d72b3731 gb-headline-text\"><strong>Les organisations repr\u00e9sentatives \u00e9tudiantes<\/strong><\/h2>\n\n\n\n<figure class=\"wp-block-image size-large is-resized is-style-default\"><img loading=\"lazy\" decoding=\"async\" width=\"1024\" height=\"1024\" src=\"https:\/\/www.univ-lorraine.fr\/initiatives-etudiantes\/wp-content\/uploads\/sites\/11\/2021\/06\/b2E22-1024x1024.png\" alt=\"alt=&quot;Organisations repr\u00e9sentatives \u00e9tudiantes&quot;\" class=\"wp-image-762\" style=\"width:243px\" srcset=\"https:\/\/www.univ-lorraine.fr\/initiatives-etudiantes\/wp-content\/uploads\/sites\/11\/2021\/06\/b2E22-1024x1024.png 1024w, https:\/\/www.univ-lorraine.fr\/initiatives-etudiantes\/wp-content\/uploads\/sites\/11\/2021\/06\/b2E22-300x300.png 300w, https:\/\/www.univ-lorraine.fr\/initiatives-etudiantes\/wp-content\/uploads\/sites\/11\/2021\/06\/b2E22-150x150.png 150w, https:\/\/www.univ-lorraine.fr\/initiatives-etudiantes\/wp-content\/uploads\/sites\/11\/2021\/06\/b2E22-768x768.png 768w, https:\/\/www.univ-lorraine.fr\/initiatives-etudiantes\/wp-content\/uploads\/sites\/11\/2021\/06\/b2E22.png 1080w\" sizes=\"auto, (max-width: 1024px) 100vw, 1024px\" \/><\/figure>\n\n\n\n<p><strong>Les Organisations Repr\u00e9sentatives <strong>\u00c9<\/strong>tudiantes (ORE)<\/strong> repr\u00e9sentent les \u00e9tudiants au sein des instances nationales et d\u00e9fendent leurs int\u00e9r\u00eats. Que ce soient sur des questions de formation, de recherche scientifique, de restauration universitaire, de logement, de probl\u00e8me de discrimination et bien plus encore&#8230;<\/p>\n\n\n\n<p>Viens faire entendre ta voix dans les conseils de l\u2019Universit\u00e9, du CROUS et les instances nationales de l\u2019enseignement sup\u00e9rieur. Tu peux te rapprocher de tes repr\u00e9sentants ou t\u2019engager \u00e0 titre personnel.<br>Si tu ne sais pas vers qui te tourner, tu peux te renseigner aupr\u00e8s de ta MDE.<br><\/p>\n\n\n\n<div class=\"wp-block-group is-nowrap is-layout-flex wp-container-core-group-is-layout-64989fb1 wp-block-group-is-layout-flex\"><\/div>\n\n\n<div class=\"gb-container gb-container-3254aea5\"><div class=\"gb-inside-container\">\n<div class=\"gb-grid-wrapper gb-grid-wrapper-0969eb07\">\n<div class=\"gb-grid-column gb-grid-column-21e9f477\"><div class=\"gb-container gb-container-21e9f477\"><div class=\"gb-inside-container\"><\/div><\/div><\/div>\n\n<div class=\"gb-grid-column gb-grid-column-bde5f54a\"><div class=\"gb-container gb-container-bde5f54a\"><div class=\"gb-inside-container\">\n\n<h2 class=\"wp-block-heading has-text-align-center\" id=\"l-info-du-site-enfant-par\" style=\"font-size:30px\">L&rsquo;INFO DU SITE ENFANT PAR <\/h2>\n\n<\/div><\/div><\/div>\n\n<div class=\"gb-grid-column gb-grid-column-b0969b76\"><div class=\"gb-container gb-container-b0969b76\"><div class=\"gb-inside-container\">\n\n<figure class=\"wp-block-image size-full is-resized factuel\"><img decoding=\"async\" src=\"https:\/\/dev-www.univ-lorraine.fr\/wp-content\/uploads\/2021\/01\/logo-factuel.png\" alt=\"\" class=\"wp-image-21864\" style=\"width:136px;height:40px\"\/><\/figure>\n\n<\/div><\/div><\/div>\n\n<div class=\"gb-grid-column gb-grid-column-11b3707d\"><div class=\"gb-container gb-container-11b3707d\"><div class=\"gb-inside-container\"><\/div><\/div><\/div>\n<\/div>\n\n<div class=\"gb-grid-wrapper gb-grid-wrapper-f059b036\">\n<div class=\"gb-grid-column gb-grid-column-64a375ab\"><div class=\"gb-container gb-container-64a375ab\"><div class=\"gb-inside-container\">\n\n<h3 class=\"gb-headline gb-headline-4aef6ba2 gb-headline-text\"><strong>LES DERNI\u00c8RES ACTUALIT\u00c9S<\/strong><\/h3>\n\n\n\n<p><a href=\"https:\/\/factuel.univ-lorraine.fr\" target=\"_blank\" rel=\"noreferrer noopener\">Toute l&rsquo;Info de l&rsquo;Universit\u00e9 de Lorraine<\/a><\/p>\n\n\n<div id=\"ul-factuel-actus-home\"><div class=\"factuel_first_col\"><div class=\"factuel_one_actu\"><a href=\"https:\/\/factuel.univ-lorraine.fr\/article\/ultrason-2\/\" target=\"blank\"><div class=\"factuel_one_actu_img\"><img decoding=\"async\" src=\"https:\/\/www.univ-lorraine.fr\/initiatives-etudiantes\/wp-content\/uploads\/2025\/11\/jeanne-300x300.jpg\" alt=\"Ultrason #2 : Au c&oelig;ur d&amp;rsquo;un voyage humanitaire&nbsp;\"\/><\/div><div class=\"factuel_one_actu_rubrique\">Initiatives \u00e9tudiantes<\/div><div class=\"factuel_one_actu_title\">Ultrason #2 : Au c\u0153ur d&rsquo;un voyage humanitaire\u00a0<\/div><\/a><\/div><\/div><div class=\"factuel_second_col\"><div class=\"factuel_one_actu\"><div class=\"factuel_one_actu_img\"><a href=\"https:\/\/factuel.univ-lorraine.fr\/article\/dispositif-simplik-pour-les-jeunes-qui-sinvestissent-dans-les-vosges-appel-a-candidature-2026\/\" target=\"blank\"><img decoding=\"async\" src=\"https:\/\/www.univ-lorraine.fr\/initiatives-etudiantes\/wp-content\/uploads\/2025\/11\/cd88-simplik_logo-1-300x169.jpg\" alt=\"Dispositif &laquo;\u202fS&rsquo;IMPLIK\u202f&raquo; pour les jeunes qui s&rsquo;investissent dans les Vosges&nbsp;: appel &agrave; candidature 2026\"\/><\/a><\/div><div class=\"factuel_actu_group\"><div class=\"factuel_one_actu_rubrique\">Initiatives \u00e9tudiantes<\/div><div class=\"factuel_one_actu_title\"><a href=\"https:\/\/factuel.univ-lorraine.fr\/article\/dispositif-simplik-pour-les-jeunes-qui-sinvestissent-dans-les-vosges-appel-a-candidature-2026\/\" target=\"blank\" title=\"Acc\u00e9der \u00e0 : Dispositif &laquo;\u202fS&rsquo;IMPLIK\u202f&raquo; pour les jeunes qui s&rsquo;investissent dans les Vosges&nbsp;: appel &agrave; candidature 2026\">Dispositif \u00ab\u202fS\u2019IMPLIK\u202f\u00bb pour les jeunes qui s\u2019investissent dans les Vosges\u00a0: appel \u00e0 candidature 2026<\/a><\/div><\/div><\/div><div class=\"factuel_one_actu\"><div class=\"factuel_one_actu_img\"><a href=\"https:\/\/factuel.univ-lorraine.fr\/article\/licence-info-com-quand-les-etudiants-transforment-leurs-idees-en-actions-engagees\/\" target=\"blank\"><img decoding=\"async\" src=\"https:\/\/www.univ-lorraine.fr\/initiatives-etudiantes\/wp-content\/uploads\/2025\/10\/podcast1-300x196.jpg\" alt=\"Licence Info-Com : quand les &eacute;tudiants transforment leurs id&eacute;es en actions engag&eacute;es\"\/><\/a><\/div><div class=\"factuel_actu_group\"><div class=\"factuel_one_actu_rubrique\">Initiatives \u00e9tudiantes<\/div><div class=\"factuel_one_actu_title\"><a href=\"https:\/\/factuel.univ-lorraine.fr\/article\/licence-info-com-quand-les-etudiants-transforment-leurs-idees-en-actions-engagees\/\" target=\"blank\" title=\"Acc\u00e9der \u00e0 : Licence Info-Com : quand les &eacute;tudiants transforment leurs id&eacute;es en actions engag&eacute;es\">Licence Info-Com : quand les \u00e9tudiants transforment leurs id\u00e9es en actions engag\u00e9es<\/a><\/div><\/div><\/div><div class=\"factuel_one_actu\"><div class=\"factuel_one_actu_img\"><a href=\"https:\/\/factuel.univ-lorraine.fr\/article\/prix-litteraire-frontieres-appel-a-candidature-fais-entendre-ta-voix-franchis-les-frontieres\/\" target=\"blank\"><img decoding=\"async\" src=\"https:\/\/www.univ-lorraine.fr\/initiatives-etudiantes\/wp-content\/uploads\/2025\/10\/2-1-1-240x300.jpg\" alt=\"Concours &eacute;crire aux fronti&egrave;res : gagne 1000 euros en &eacute;crivant une nouvelle avec ou sans IA g&eacute;n&eacute;rative !\"\/><\/a><\/div><div class=\"factuel_actu_group\"><div class=\"factuel_one_actu_rubrique\">Culture<\/div><div class=\"factuel_one_actu_title\"><a href=\"https:\/\/factuel.univ-lorraine.fr\/article\/prix-litteraire-frontieres-appel-a-candidature-fais-entendre-ta-voix-franchis-les-frontieres\/\" target=\"blank\" title=\"Acc\u00e9der \u00e0 : Concours &eacute;crire aux fronti&egrave;res : gagne 1000 euros en &eacute;crivant une nouvelle avec ou sans IA g&eacute;n&eacute;rative !\">Concours \u00e9crire aux fronti\u00e8res : gagne 1000 euros en \u00e9crivant une nouvelle avec ou sans IA g\u00e9n\u00e9rative !<\/a><\/div><\/div><\/div><\/div><\/div>\n\n<\/div><\/div><\/div>\n\n<div class=\"gb-grid-column gb-grid-column-772c8eba\"><div class=\"gb-container gb-container-772c8eba\"><div class=\"gb-inside-container\">\n\n<h3 class=\"gb-headline gb-headline-b25bdd42 gb-headline-text\"><strong>NOS PROCHAINS \u00c9V\u00c8NEMENTS<\/strong><\/h3>\n\n\n\n<p><a href=\"https:\/\/factuel.univ-lorraine.fr\/archives\/agenda\">L&rsquo;<\/a><a href=\"https:\/\/factuel.univ-lorraine.fr\/archives\/agenda\" target=\"_blank\" rel=\"noreferrer noopener\">agenda<\/a><\/p>\n\n\n<p>[factuel-events sort=\u00a0\u00bbasc\u00a0\u00bb keyword=\u00a0\u00bbinitiatives-etudiantes\u00a0\u00bb]<\/p>\n\n<\/div><\/div><\/div>\n<\/div>\n<\/div><\/div>\n\n<div class=\"gb-grid-wrapper gb-grid-wrapper-3b5c6854\">\n<div class=\"gb-grid-column gb-grid-column-8f6fdebe\"><div class=\"gb-container gb-container-8f6fdebe\"><div class=\"gb-inside-container\">\n\n<div class=\"wp-block-buttons is-layout-flex wp-block-buttons-is-layout-flex\"><\/div>\n\n<\/div><\/div><\/div>\n<\/div>","protected":false},"excerpt":{"rendered":"<p>Le bonus engagement \u00e9tudiant Le Bonus Engagement \u00c9tudiant (B2E) te permet de tenter de valoriser ton engagement associatif ou personnel au sein de ton parcours universitaire.Tu es \u00e9tudiant\u00b7e et engag\u00e9\u00b7e ? Fais reconna\u00eetre ton engagement Tu es engag\u00e9\u00b7e \u00e0 l\u2019Universit\u00e9 de Lorraine ou dans la soci\u00e9t\u00e9 civile ?D\u00e9pose un dossier pour le Bonus Engagement \u00c9tudiant &#8230; <a title=\"Engagement \u00e9tudiant\" class=\"read-more\" href=\"https:\/\/www.univ-lorraine.fr\/initiatives-etudiantes\/engagement-etudiant\/\" aria-label=\"En savoir plus sur Engagement \u00e9tudiant\">Lire plus<\/a><\/p>\n","protected":false},"author":29,"featured_media":0,"parent":0,"menu_order":0,"comment_status":"closed","ping_status":"closed","template":"","meta":{"inline_featured_image":false,"footnotes":""},"class_list":["post-250","page","type-page","status-publish"],"yoast_head":"<!-- This site is optimized with the Yoast SEO plugin v27.4 - https:\/\/yoast.com\/product\/yoast-seo-wordpress\/ -->\n<title>Engagement \u00e9tudiant \u00e0 l&#039;Universit\u00e9 de Lorraine<\/title>\n<meta name=\"description\" content=\"Obtiens des bonus en t&#039;engageant dans la vie de l&#039;Universit\u00e9 de Lorraine et devient acteur de ton cursus \u00e9tudiant !\" \/>\n<meta name=\"robots\" content=\"index, follow, max-snippet:-1, max-image-preview:large, max-video-preview:-1\" \/>\n<link rel=\"canonical\" href=\"https:\/\/www.univ-lorraine.fr\/initiatives-etudiantes\/engagement-etudiant\/\" \/>\n<meta property=\"og:locale\" content=\"fr_FR\" \/>\n<meta property=\"og:type\" content=\"article\" \/>\n<meta property=\"og:title\" content=\"Engagement \u00e9tudiant \u00e0 l&#039;Universit\u00e9 de Lorraine\" \/>\n<meta property=\"og:description\" content=\"Obtiens des bonus en t&#039;engageant dans la vie de l&#039;Universit\u00e9 de Lorraine et devient acteur de ton cursus \u00e9tudiant !\" \/>\n<meta property=\"og:url\" content=\"https:\/\/www.univ-lorraine.fr\/initiatives-etudiantes\/engagement-etudiant\/\" \/>\n<meta property=\"og:site_name\" content=\"Initiatives Etudiantes\" \/>\n<meta property=\"article:modified_time\" content=\"2026-01-09T10:43:06+00:00\" \/>\n<meta property=\"og:image\" content=\"https:\/\/www.univ-lorraine.fr\/initiatives-etudiantes\/wp-content\/uploads\/sites\/11\/2026\/01\/atelier-reals-scaled.png\" \/>\n\t<meta property=\"og:image:width\" content=\"2560\" \/>\n\t<meta property=\"og:image:height\" content=\"790\" \/>\n\t<meta property=\"og:image:type\" content=\"image\/png\" \/>\n<meta name=\"twitter:card\" content=\"summary_large_image\" \/>\n<meta name=\"twitter:label1\" content=\"Dur\u00e9e de lecture estim\u00e9e\" \/>\n\t<meta name=\"twitter:data1\" content=\"2 minutes\" \/>\n<script type=\"application\/ld+json\" class=\"yoast-schema-graph\">{\"@context\":\"https:\\\/\\\/schema.org\",\"@graph\":[{\"@type\":\"WebPage\",\"@id\":\"https:\\\/\\\/www.univ-lorraine.fr\\\/initiatives-etudiantes\\\/engagement-etudiant\\\/\",\"url\":\"https:\\\/\\\/www.univ-lorraine.fr\\\/initiatives-etudiantes\\\/engagement-etudiant\\\/\",\"name\":\"Engagement \u00e9tudiant \u00e0 l'Universit\u00e9 de Lorraine\",\"isPartOf\":{\"@id\":\"https:\\\/\\\/www.univ-lorraine.fr\\\/initiatives-etudiantes\\\/#website\"},\"primaryImageOfPage\":{\"@id\":\"https:\\\/\\\/www.univ-lorraine.fr\\\/initiatives-etudiantes\\\/engagement-etudiant\\\/#primaryimage\"},\"image\":{\"@id\":\"https:\\\/\\\/www.univ-lorraine.fr\\\/initiatives-etudiantes\\\/engagement-etudiant\\\/#primaryimage\"},\"thumbnailUrl\":\"https:\\\/\\\/www.univ-lorraine.fr\\\/initiatives-etudiantes\\\/wp-content\\\/uploads\\\/sites\\\/11\\\/2026\\\/01\\\/atelier-reals-1024x316.png\",\"datePublished\":\"2021-03-18T10:30:47+00:00\",\"dateModified\":\"2026-01-09T10:43:06+00:00\",\"description\":\"Obtiens des bonus en t'engageant dans la vie de l'Universit\u00e9 de Lorraine et devient acteur de ton cursus \u00e9tudiant !\",\"breadcrumb\":{\"@id\":\"https:\\\/\\\/www.univ-lorraine.fr\\\/initiatives-etudiantes\\\/engagement-etudiant\\\/#breadcrumb\"},\"inLanguage\":\"fr-FR\",\"potentialAction\":[{\"@type\":\"ReadAction\",\"target\":[\"https:\\\/\\\/www.univ-lorraine.fr\\\/initiatives-etudiantes\\\/engagement-etudiant\\\/\"]}]},{\"@type\":\"ImageObject\",\"inLanguage\":\"fr-FR\",\"@id\":\"https:\\\/\\\/www.univ-lorraine.fr\\\/initiatives-etudiantes\\\/engagement-etudiant\\\/#primaryimage\",\"url\":\"https:\\\/\\\/www.univ-lorraine.fr\\\/initiatives-etudiantes\\\/wp-content\\\/uploads\\\/sites\\\/11\\\/2026\\\/01\\\/atelier-reals-scaled.png\",\"contentUrl\":\"https:\\\/\\\/www.univ-lorraine.fr\\\/initiatives-etudiantes\\\/wp-content\\\/uploads\\\/sites\\\/11\\\/2026\\\/01\\\/atelier-reals-scaled.png\",\"width\":2560,\"height\":790},{\"@type\":\"BreadcrumbList\",\"@id\":\"https:\\\/\\\/www.univ-lorraine.fr\\\/initiatives-etudiantes\\\/engagement-etudiant\\\/#breadcrumb\",\"itemListElement\":[{\"@type\":\"ListItem\",\"position\":1,\"name\":\"Accueil\",\"item\":\"https:\\\/\\\/www.univ-lorraine.fr\\\/initiatives-etudiantes\\\/\"},{\"@type\":\"ListItem\",\"position\":2,\"name\":\"Engagement \u00e9tudiant\"}]},{\"@type\":\"WebSite\",\"@id\":\"https:\\\/\\\/www.univ-lorraine.fr\\\/initiatives-etudiantes\\\/#website\",\"url\":\"https:\\\/\\\/www.univ-lorraine.fr\\\/initiatives-etudiantes\\\/\",\"name\":\"Initiatives Etudiantes\",\"description\":\"\",\"publisher\":{\"@id\":\"https:\\\/\\\/www.univ-lorraine.fr\\\/initiatives-etudiantes\\\/#organization\"},\"potentialAction\":[{\"@type\":\"SearchAction\",\"target\":{\"@type\":\"EntryPoint\",\"urlTemplate\":\"https:\\\/\\\/www.univ-lorraine.fr\\\/initiatives-etudiantes\\\/?s={search_term_string}\"},\"query-input\":{\"@type\":\"PropertyValueSpecification\",\"valueRequired\":true,\"valueName\":\"search_term_string\"}}],\"inLanguage\":\"fr-FR\"},{\"@type\":\"Organization\",\"@id\":\"https:\\\/\\\/www.univ-lorraine.fr\\\/initiatives-etudiantes\\\/#organization\",\"name\":\"Initiatives Etudiantes\",\"url\":\"https:\\\/\\\/www.univ-lorraine.fr\\\/initiatives-etudiantes\\\/\",\"logo\":{\"@type\":\"ImageObject\",\"inLanguage\":\"fr-FR\",\"@id\":\"https:\\\/\\\/www.univ-lorraine.fr\\\/initiatives-etudiantes\\\/#\\\/schema\\\/logo\\\/image\\\/\",\"url\":\"https:\\\/\\\/www.univ-lorraine.fr\\\/initiatives-etudiantes\\\/wp-content\\\/uploads\\\/sites\\\/11\\\/2021\\\/07\\\/Vie-campus-signature.svg\",\"contentUrl\":\"https:\\\/\\\/www.univ-lorraine.fr\\\/initiatives-etudiantes\\\/wp-content\\\/uploads\\\/sites\\\/11\\\/2021\\\/07\\\/Vie-campus-signature.svg\",\"caption\":\"Initiatives Etudiantes\"},\"image\":{\"@id\":\"https:\\\/\\\/www.univ-lorraine.fr\\\/initiatives-etudiantes\\\/#\\\/schema\\\/logo\\\/image\\\/\"}}]}<\/script>\n<!-- \/ Yoast SEO plugin. -->","yoast_head_json":{"title":"Engagement \u00e9tudiant \u00e0 l'Universit\u00e9 de Lorraine","description":"Obtiens des bonus en t'engageant dans la vie de l'Universit\u00e9 de Lorraine et devient acteur de ton cursus \u00e9tudiant !","robots":{"index":"index","follow":"follow","max-snippet":"max-snippet:-1","max-image-preview":"max-image-preview:large","max-video-preview":"max-video-preview:-1"},"canonical":"https:\/\/www.univ-lorraine.fr\/initiatives-etudiantes\/engagement-etudiant\/","og_locale":"fr_FR","og_type":"article","og_title":"Engagement \u00e9tudiant \u00e0 l'Universit\u00e9 de Lorraine","og_description":"Obtiens des bonus en t'engageant dans la vie de l'Universit\u00e9 de Lorraine et devient acteur de ton cursus \u00e9tudiant !","og_url":"https:\/\/www.univ-lorraine.fr\/initiatives-etudiantes\/engagement-etudiant\/","og_site_name":"Initiatives Etudiantes","article_modified_time":"2026-01-09T10:43:06+00:00","og_image":[{"width":2560,"height":790,"url":"https:\/\/www.univ-lorraine.fr\/initiatives-etudiantes\/wp-content\/uploads\/sites\/11\/2026\/01\/atelier-reals-scaled.png","type":"image\/png"}],"twitter_card":"summary_large_image","twitter_misc":{"Dur\u00e9e de lecture estim\u00e9e":"2 minutes"},"schema":{"@context":"https:\/\/schema.org","@graph":[{"@type":"WebPage","@id":"https:\/\/www.univ-lorraine.fr\/initiatives-etudiantes\/engagement-etudiant\/","url":"https:\/\/www.univ-lorraine.fr\/initiatives-etudiantes\/engagement-etudiant\/","name":"Engagement \u00e9tudiant \u00e0 l'Universit\u00e9 de Lorraine","isPartOf":{"@id":"https:\/\/www.univ-lorraine.fr\/initiatives-etudiantes\/#website"},"primaryImageOfPage":{"@id":"https:\/\/www.univ-lorraine.fr\/initiatives-etudiantes\/engagement-etudiant\/#primaryimage"},"image":{"@id":"https:\/\/www.univ-lorraine.fr\/initiatives-etudiantes\/engagement-etudiant\/#primaryimage"},"thumbnailUrl":"https:\/\/www.univ-lorraine.fr\/initiatives-etudiantes\/wp-content\/uploads\/sites\/11\/2026\/01\/atelier-reals-1024x316.png","datePublished":"2021-03-18T10:30:47+00:00","dateModified":"2026-01-09T10:43:06+00:00","description":"Obtiens des bonus en t'engageant dans la vie de l'Universit\u00e9 de Lorraine et devient acteur de ton cursus \u00e9tudiant !","breadcrumb":{"@id":"https:\/\/www.univ-lorraine.fr\/initiatives-etudiantes\/engagement-etudiant\/#breadcrumb"},"inLanguage":"fr-FR","potentialAction":[{"@type":"ReadAction","target":["https:\/\/www.univ-lorraine.fr\/initiatives-etudiantes\/engagement-etudiant\/"]}]},{"@type":"ImageObject","inLanguage":"fr-FR","@id":"https:\/\/www.univ-lorraine.fr\/initiatives-etudiantes\/engagement-etudiant\/#primaryimage","url":"https:\/\/www.univ-lorraine.fr\/initiatives-etudiantes\/wp-content\/uploads\/sites\/11\/2026\/01\/atelier-reals-scaled.png","contentUrl":"https:\/\/www.univ-lorraine.fr\/initiatives-etudiantes\/wp-content\/uploads\/sites\/11\/2026\/01\/atelier-reals-scaled.png","width":2560,"height":790},{"@type":"BreadcrumbList","@id":"https:\/\/www.univ-lorraine.fr\/initiatives-etudiantes\/engagement-etudiant\/#breadcrumb","itemListElement":[{"@type":"ListItem","position":1,"name":"Accueil","item":"https:\/\/www.univ-lorraine.fr\/initiatives-etudiantes\/"},{"@type":"ListItem","position":2,"name":"Engagement \u00e9tudiant"}]},{"@type":"WebSite","@id":"https:\/\/www.univ-lorraine.fr\/initiatives-etudiantes\/#website","url":"https:\/\/www.univ-lorraine.fr\/initiatives-etudiantes\/","name":"Initiatives Etudiantes","description":"","publisher":{"@id":"https:\/\/www.univ-lorraine.fr\/initiatives-etudiantes\/#organization"},"potentialAction":[{"@type":"SearchAction","target":{"@type":"EntryPoint","urlTemplate":"https:\/\/www.univ-lorraine.fr\/initiatives-etudiantes\/?s={search_term_string}"},"query-input":{"@type":"PropertyValueSpecification","valueRequired":true,"valueName":"search_term_string"}}],"inLanguage":"fr-FR"},{"@type":"Organization","@id":"https:\/\/www.univ-lorraine.fr\/initiatives-etudiantes\/#organization","name":"Initiatives Etudiantes","url":"https:\/\/www.univ-lorraine.fr\/initiatives-etudiantes\/","logo":{"@type":"ImageObject","inLanguage":"fr-FR","@id":"https:\/\/www.univ-lorraine.fr\/initiatives-etudiantes\/#\/schema\/logo\/image\/","url":"https:\/\/www.univ-lorraine.fr\/initiatives-etudiantes\/wp-content\/uploads\/sites\/11\/2021\/07\/Vie-campus-signature.svg","contentUrl":"https:\/\/www.univ-lorraine.fr\/initiatives-etudiantes\/wp-content\/uploads\/sites\/11\/2021\/07\/Vie-campus-signature.svg","caption":"Initiatives Etudiantes"},"image":{"@id":"https:\/\/www.univ-lorraine.fr\/initiatives-etudiantes\/#\/schema\/logo\/image\/"}}]}},"_links":{"self":[{"href":"https:\/\/www.univ-lorraine.fr\/initiatives-etudiantes\/wp-json\/wp\/v2\/pages\/250","targetHints":{"allow":["GET"]}}],"collection":[{"href":"https:\/\/www.univ-lorraine.fr\/initiatives-etudiantes\/wp-json\/wp\/v2\/pages"}],"about":[{"href":"https:\/\/www.univ-lorraine.fr\/initiatives-etudiantes\/wp-json\/wp\/v2\/types\/page"}],"author":[{"embeddable":true,"href":"https:\/\/www.univ-lorraine.fr\/initiatives-etudiantes\/wp-json\/wp\/v2\/users\/29"}],"replies":[{"embeddable":true,"href":"https:\/\/www.univ-lorraine.fr\/initiatives-etudiantes\/wp-json\/wp\/v2\/comments?post=250"}],"version-history":[{"count":65,"href":"https:\/\/www.univ-lorraine.fr\/initiatives-etudiantes\/wp-json\/wp\/v2\/pages\/250\/revisions"}],"predecessor-version":[{"id":1886,"href":"https:\/\/www.univ-lorraine.fr\/initiatives-etudiantes\/wp-json\/wp\/v2\/pages\/250\/revisions\/1886"}],"wp:attachment":[{"href":"https:\/\/www.univ-lorraine.fr\/initiatives-etudiantes\/wp-json\/wp\/v2\/media?parent=250"}],"curies":[{"name":"wp","href":"https:\/\/api.w.org\/{rel}","templated":true}]}}