{"id":67,"date":"2021-02-12T09:54:57","date_gmt":"2021-02-12T08:54:57","guid":{"rendered":"https:\/\/www.univ-lorraine.fr\/initiatives-etudiantes\/?page_id=67"},"modified":"2025-05-26T12:45:28","modified_gmt":"2025-05-26T10:45:28","slug":"contact","status":"publish","type":"page","link":"https:\/\/www.univ-lorraine.fr\/initiatives-etudiantes\/contact\/","title":{"rendered":"Contact"},"content":{"rendered":"<div class=\"gb-container gb-container-45f068e6\"><div class=\"gb-inside-container\">\n\n<h2 class=\"wp-block-heading has-text-align-center has-normal-font-size\"><strong>Mail : <a href=\"&#x6d;a&#x69;&#108;&#x74;&#111;&#x3a;&#x64;v&#x75;&#99;&#x2d;&#118;&#x65;&#45;c&#x6f;&#110;&#x74;&#97;&#x63;&#116;&#64;&#x75;&#110;&#x69;&#118;&#x2d;&#108;o&#x72;r&#x61;&#105;&#x6e;&#101;&#46;&#x66;r\">dv&#117;&#99;&#45;&#x76;&#x65;&#x2d;&#x63;on&#116;&#97;&#99;&#x74;&#x40;&#x75;&#x6e;iv&#45;&#108;&#111;&#x72;&#x72;&#x61;&#x69;ne&#46;&#102;&#114;<\/a><\/strong><\/h2>\n\n<\/div><\/div>\n\n<div class=\"gb-grid-wrapper gb-grid-wrapper-df3399c8\">\n<div class=\"gb-grid-column gb-grid-column-8553223b\"><div class=\"gb-container gb-container-8553223b\">\n\n<p><strong>Maison de l\u2019\u00c9tudiant Lorraine Nord<\/strong><\/p>\n\n\n\n<p><em>Campus du Saulcy<br>\u00cele du Saulcy, 57000 Metz<\/em><\/p>\n\n\n\n<p>Du lundi au jeudi :&nbsp;<strong>9h30 \u2013 21h30<\/strong><br>Le vendredi :&nbsp;<strong>9h \u2013 16h30<\/strong><\/p>\n\n\n\n<p>T\u00e9l :\u00a0<a href=\"tel:03 72 74 06 39\">03 72 74 06 39<\/a><br>Mail : <em>d&#118;&#117;&#x63;&#x2d;&#x6d;d&#101;&#45;&#x6d;&#x65;&#x74;z-&#99;&#x6f;&#x6e;&#x74;ac&#116;&#64;&#x75;&#x6e;&#x69;v&#45;&#108;&#x6f;&#x72;&#x72;a&#105;&#110;&#x65;&#x2e;&#x66;r<\/em><\/p>\n\n<\/div><\/div>\n\n<div class=\"gb-grid-column gb-grid-column-f3753a94\"><div class=\"gb-container gb-container-f3753a94\">\n\n<p><strong>Maison de l\u2019\u00c9tudiant Lorraine Sud<\/strong><\/p>\n\n\n\n<p><em>Campus Lettres et Sciences Humaines<br>23 bd Albert 1<sup>er<\/sup>, 54000 Nancy<\/em><\/p>\n\n\n\n<p>Du lundi au jeudi :&nbsp;<strong>9h30 \u2013 21h30<\/strong><br>Le vendredi :&nbsp;<strong>9h \u2013 16h30<\/strong><\/p>\n\n\n\n<p>Tel :\u00a0<a href=\"tel:03 72 74 06 55\">03 72 74 06 50<\/a><br>Mail : <em>&#100;&#x76;&#x75;c&#45;&#x6d;d&#101;&#x2d;&#x6e;&#97;&#x6e;&#x63;y&#45;&#x63;o&#110;&#x74;&#x61;&#99;&#x74;&#x40;u&#110;&#x69;v&#45;&#x6c;&#x6f;&#114;&#x72;&#x61;i&#110;&#x65;&#46;&#102;&#x72;<\/em><\/p>\n\n\n\n<p><\/p>\n\n<\/div><\/div>\n\n<div class=\"gb-grid-column gb-grid-column-ac1851b7\"><div class=\"gb-container gb-container-ac1851b7\">\n\n<p><strong>e.MDE<\/strong><\/p>\n\n\n\n<p><em>MDE Lorraine Sud et Lorraine Nord<\/em><\/p>\n\n\n\n<p><strong>24h\/24 et 7j\/7<\/strong><\/p>\n\n\n\n<p>Retrouve la e.MDE sur <a href=\"https:\/\/discord.com\/channels\/711920286764630106\/775173941907423263\">Discord<\/a>, et communique <br>avec une large communaut\u00e9 pr\u00eate \u00e0 t\u2019aider !<br><br><\/p>\n\n<\/div><\/div>\n<\/div>\n\n\n<p><\/p>\n","protected":false},"excerpt":{"rendered":"<p>Mail : dvuc-ve-contact&#64;univ-lor&#114;&#97;&#105;&#110;&#101;&#46;&#102;&#114;<\/p>\n","protected":false},"author":4,"featured_media":0,"parent":0,"menu_order":0,"comment_status":"closed","ping_status":"closed","template":"","meta":{"inline_featured_image":false,"footnotes":""},"class_list":["post-67","page","type-page","status-publish"],"yoast_head":"<!-- This site is optimized with the Yoast SEO plugin v27.4 - https:\/\/yoast.com\/product\/yoast-seo-wordpress\/ -->\n<title>Contact - Initiatives Etudiantes<\/title>\n<meta name=\"robots\" content=\"index, follow, max-snippet:-1, max-image-preview:large, max-video-preview:-1\" \/>\n<link rel=\"canonical\" href=\"https:\/\/www.univ-lorraine.fr\/initiatives-etudiantes\/contact\/\" \/>\n<meta property=\"og:locale\" content=\"fr_FR\" \/>\n<meta property=\"og:type\" content=\"article\" \/>\n<meta property=\"og:title\" content=\"Contact - Initiatives Etudiantes\" \/>\n<meta property=\"og:description\" content=\"Mail : &#x64;&#x76;&#117;&#099;&#045;v&#x65;&#x2d;&#x63;&#111;&#110;ta&#x63;&#x74;&#x40;&#117;&#110;i&#x76;&#x2d;&#x6c;&#111;&#114;&#114;a&#x69;&#x6e;&#x65;&#046;&#102;r\" \/>\n<meta property=\"og:url\" content=\"https:\/\/www.univ-lorraine.fr\/initiatives-etudiantes\/contact\/\" \/>\n<meta property=\"og:site_name\" content=\"Initiatives Etudiantes\" \/>\n<meta property=\"article:modified_time\" content=\"2025-05-26T10:45:28+00:00\" \/>\n<meta name=\"twitter:card\" content=\"summary_large_image\" \/>\n<meta name=\"twitter:label1\" content=\"Dur\u00e9e de lecture estim\u00e9e\" \/>\n\t<meta name=\"twitter:data1\" content=\"1 minute\" \/>\n<script type=\"application\/ld+json\" class=\"yoast-schema-graph\">{\"@context\":\"https:\\\/\\\/schema.org\",\"@graph\":[{\"@type\":\"WebPage\",\"@id\":\"https:\\\/\\\/www.univ-lorraine.fr\\\/initiatives-etudiantes\\\/contact\\\/\",\"url\":\"https:\\\/\\\/www.univ-lorraine.fr\\\/initiatives-etudiantes\\\/contact\\\/\",\"name\":\"Contact - Initiatives Etudiantes\",\"isPartOf\":{\"@id\":\"https:\\\/\\\/www.univ-lorraine.fr\\\/initiatives-etudiantes\\\/#website\"},\"datePublished\":\"2021-02-12T08:54:57+00:00\",\"dateModified\":\"2025-05-26T10:45:28+00:00\",\"breadcrumb\":{\"@id\":\"https:\\\/\\\/www.univ-lorraine.fr\\\/initiatives-etudiantes\\\/contact\\\/#breadcrumb\"},\"inLanguage\":\"fr-FR\",\"potentialAction\":[{\"@type\":\"ReadAction\",\"target\":[\"https:\\\/\\\/www.univ-lorraine.fr\\\/initiatives-etudiantes\\\/contact\\\/\"]}]},{\"@type\":\"BreadcrumbList\",\"@id\":\"https:\\\/\\\/www.univ-lorraine.fr\\\/initiatives-etudiantes\\\/contact\\\/#breadcrumb\",\"itemListElement\":[{\"@type\":\"ListItem\",\"position\":1,\"name\":\"Accueil\",\"item\":\"https:\\\/\\\/www.univ-lorraine.fr\\\/initiatives-etudiantes\\\/\"},{\"@type\":\"ListItem\",\"position\":2,\"name\":\"Contact\"}]},{\"@type\":\"WebSite\",\"@id\":\"https:\\\/\\\/www.univ-lorraine.fr\\\/initiatives-etudiantes\\\/#website\",\"url\":\"https:\\\/\\\/www.univ-lorraine.fr\\\/initiatives-etudiantes\\\/\",\"name\":\"Initiatives Etudiantes\",\"description\":\"\",\"publisher\":{\"@id\":\"https:\\\/\\\/www.univ-lorraine.fr\\\/initiatives-etudiantes\\\/#organization\"},\"potentialAction\":[{\"@type\":\"SearchAction\",\"target\":{\"@type\":\"EntryPoint\",\"urlTemplate\":\"https:\\\/\\\/www.univ-lorraine.fr\\\/initiatives-etudiantes\\\/?s={search_term_string}\"},\"query-input\":{\"@type\":\"PropertyValueSpecification\",\"valueRequired\":true,\"valueName\":\"search_term_string\"}}],\"inLanguage\":\"fr-FR\"},{\"@type\":\"Organization\",\"@id\":\"https:\\\/\\\/www.univ-lorraine.fr\\\/initiatives-etudiantes\\\/#organization\",\"name\":\"Initiatives Etudiantes\",\"url\":\"https:\\\/\\\/www.univ-lorraine.fr\\\/initiatives-etudiantes\\\/\",\"logo\":{\"@type\":\"ImageObject\",\"inLanguage\":\"fr-FR\",\"@id\":\"https:\\\/\\\/www.univ-lorraine.fr\\\/initiatives-etudiantes\\\/#\\\/schema\\\/logo\\\/image\\\/\",\"url\":\"https:\\\/\\\/www.univ-lorraine.fr\\\/initiatives-etudiantes\\\/wp-content\\\/uploads\\\/sites\\\/11\\\/2021\\\/07\\\/Vie-campus-signature.svg\",\"contentUrl\":\"https:\\\/\\\/www.univ-lorraine.fr\\\/initiatives-etudiantes\\\/wp-content\\\/uploads\\\/sites\\\/11\\\/2021\\\/07\\\/Vie-campus-signature.svg\",\"caption\":\"Initiatives Etudiantes\"},\"image\":{\"@id\":\"https:\\\/\\\/www.univ-lorraine.fr\\\/initiatives-etudiantes\\\/#\\\/schema\\\/logo\\\/image\\\/\"}}]}<\/script>\n<!-- \/ Yoast SEO plugin. -->","yoast_head_json":{"title":"Contact - Initiatives Etudiantes","robots":{"index":"index","follow":"follow","max-snippet":"max-snippet:-1","max-image-preview":"max-image-preview:large","max-video-preview":"max-video-preview:-1"},"canonical":"https:\/\/www.univ-lorraine.fr\/initiatives-etudiantes\/contact\/","og_locale":"fr_FR","og_type":"article","og_title":"Contact - Initiatives Etudiantes","og_description":"Mail : &#x64;&#x76;&#117;&#99;&#45;v&#x65;&#x2d;&#x63;&#111;&#110;ta&#x63;&#x74;&#x40;&#117;&#110;i&#x76;&#x2d;&#x6c;&#111;&#114;&#114;a&#x69;&#x6e;&#x65;&#46;&#102;r","og_url":"https:\/\/www.univ-lorraine.fr\/initiatives-etudiantes\/contact\/","og_site_name":"Initiatives Etudiantes","article_modified_time":"2025-05-26T10:45:28+00:00","twitter_card":"summary_large_image","twitter_misc":{"Dur\u00e9e de lecture estim\u00e9e":"1 minute"},"schema":{"@context":"https:\/\/schema.org","@graph":[{"@type":"WebPage","@id":"https:\/\/www.univ-lorraine.fr\/initiatives-etudiantes\/contact\/","url":"https:\/\/www.univ-lorraine.fr\/initiatives-etudiantes\/contact\/","name":"Contact - Initiatives Etudiantes","isPartOf":{"@id":"https:\/\/www.univ-lorraine.fr\/initiatives-etudiantes\/#website"},"datePublished":"2021-02-12T08:54:57+00:00","dateModified":"2025-05-26T10:45:28+00:00","breadcrumb":{"@id":"https:\/\/www.univ-lorraine.fr\/initiatives-etudiantes\/contact\/#breadcrumb"},"inLanguage":"fr-FR","potentialAction":[{"@type":"ReadAction","target":["https:\/\/www.univ-lorraine.fr\/initiatives-etudiantes\/contact\/"]}]},{"@type":"BreadcrumbList","@id":"https:\/\/www.univ-lorraine.fr\/initiatives-etudiantes\/contact\/#breadcrumb","itemListElement":[{"@type":"ListItem","position":1,"name":"Accueil","item":"https:\/\/www.univ-lorraine.fr\/initiatives-etudiantes\/"},{"@type":"ListItem","position":2,"name":"Contact"}]},{"@type":"WebSite","@id":"https:\/\/www.univ-lorraine.fr\/initiatives-etudiantes\/#website","url":"https:\/\/www.univ-lorraine.fr\/initiatives-etudiantes\/","name":"Initiatives Etudiantes","description":"","publisher":{"@id":"https:\/\/www.univ-lorraine.fr\/initiatives-etudiantes\/#organization"},"potentialAction":[{"@type":"SearchAction","target":{"@type":"EntryPoint","urlTemplate":"https:\/\/www.univ-lorraine.fr\/initiatives-etudiantes\/?s={search_term_string}"},"query-input":{"@type":"PropertyValueSpecification","valueRequired":true,"valueName":"search_term_string"}}],"inLanguage":"fr-FR"},{"@type":"Organization","@id":"https:\/\/www.univ-lorraine.fr\/initiatives-etudiantes\/#organization","name":"Initiatives Etudiantes","url":"https:\/\/www.univ-lorraine.fr\/initiatives-etudiantes\/","logo":{"@type":"ImageObject","inLanguage":"fr-FR","@id":"https:\/\/www.univ-lorraine.fr\/initiatives-etudiantes\/#\/schema\/logo\/image\/","url":"https:\/\/www.univ-lorraine.fr\/initiatives-etudiantes\/wp-content\/uploads\/sites\/11\/2021\/07\/Vie-campus-signature.svg","contentUrl":"https:\/\/www.univ-lorraine.fr\/initiatives-etudiantes\/wp-content\/uploads\/sites\/11\/2021\/07\/Vie-campus-signature.svg","caption":"Initiatives Etudiantes"},"image":{"@id":"https:\/\/www.univ-lorraine.fr\/initiatives-etudiantes\/#\/schema\/logo\/image\/"}}]}},"_links":{"self":[{"href":"https:\/\/www.univ-lorraine.fr\/initiatives-etudiantes\/wp-json\/wp\/v2\/pages\/67","targetHints":{"allow":["GET"]}}],"collection":[{"href":"https:\/\/www.univ-lorraine.fr\/initiatives-etudiantes\/wp-json\/wp\/v2\/pages"}],"about":[{"href":"https:\/\/www.univ-lorraine.fr\/initiatives-etudiantes\/wp-json\/wp\/v2\/types\/page"}],"author":[{"embeddable":true,"href":"https:\/\/www.univ-lorraine.fr\/initiatives-etudiantes\/wp-json\/wp\/v2\/users\/4"}],"replies":[{"embeddable":true,"href":"https:\/\/www.univ-lorraine.fr\/initiatives-etudiantes\/wp-json\/wp\/v2\/comments?post=67"}],"version-history":[{"count":5,"href":"https:\/\/www.univ-lorraine.fr\/initiatives-etudiantes\/wp-json\/wp\/v2\/pages\/67\/revisions"}],"predecessor-version":[{"id":1797,"href":"https:\/\/www.univ-lorraine.fr\/initiatives-etudiantes\/wp-json\/wp\/v2\/pages\/67\/revisions\/1797"}],"wp:attachment":[{"href":"https:\/\/www.univ-lorraine.fr\/initiatives-etudiantes\/wp-json\/wp\/v2\/media?parent=67"}],"curies":[{"name":"wp","href":"https:\/\/api.w.org\/{rel}","templated":true}]}}