{"id":964,"date":"2021-06-23T09:52:31","date_gmt":"2021-06-23T07:52:31","guid":{"rendered":"https:\/\/www.univ-lorraine.fr\/initiatives-etudiantes\/?page_id=964"},"modified":"2021-07-09T09:55:36","modified_gmt":"2021-07-09T07:55:36","slug":"interviews-reportages","status":"publish","type":"page","link":"https:\/\/www.univ-lorraine.fr\/initiatives-etudiantes\/maisons-de-letudiant\/nos-videos\/interviews-reportages\/","title":{"rendered":"interviews \/ reportages"},"content":{"rendered":"<div class=\"gb-container gb-container-8d23bd37\"><div class=\"gb-inside-container\">\n<div class=\"gb-container gb-container-7f6538ef\"><div class=\"gb-inside-container\">\n\n<p>D\u00e9couvre une s\u00e9rie d&rsquo;interviews et de reportages r\u00e9alis\u00e9s par les \u00e9tudiants de l&rsquo;Universit\u00e9 de Lorraine avec le soutien des MDE. <\/p>\n\n<\/div><\/div>\n<\/div><\/div>\n\n<div class=\"gb-grid-wrapper gb-grid-wrapper-7f8a4d59\">\n<div class=\"gb-grid-column gb-grid-column-cf606a6e\"><div class=\"gb-container gb-container-cf606a6e\"><div class=\"gb-inside-container\">\n\n<iframe loading=\"lazy\" src=\"https:\/\/www.youtube.com\/embed\/a1rF5HlenTQ\" title=\"YouTube video player\" allow=\"accelerometer; autoplay; clipboard-write; encrypted-media; gyroscope; picture-in-picture\" allowfullscreen=\"\" width=\"560\" height=\"315\" frameborder=\"0\"><\/iframe>\n\n<\/div><\/div><\/div>\n\n<div class=\"gb-grid-column gb-grid-column-cb293872\"><div class=\"gb-container gb-container-cb293872\"><div class=\"gb-inside-container\">\n\n<p><strong>Interview d&rsquo;Alexandre Astier<\/strong><\/p>\n\n\n\n<p>Alexandre Astier<strong> <\/strong>nous livre ses conseils pour les \u00e9tudiants et d\u00e9butants souhaitant rentrer dans le milieu professionnel du cin\u00e9ma. La rencontre a eu lieu pendant le festival de Cannes 2018.<\/p>\n\n<\/div><\/div><\/div>\n\n<div class=\"gb-grid-column gb-grid-column-3c435182\"><div class=\"gb-container gb-container-3c435182\"><div class=\"gb-inside-container\">\n\n<iframe loading=\"lazy\" width=\"560\" height=\"315\" src=\"https:\/\/www.youtube.com\/embed\/tubgyzyEdkg\" title=\"YouTube video player\" frameborder=\"0\" allow=\"accelerometer; autoplay; clipboard-write; encrypted-media; gyroscope; picture-in-picture\" allowfullscreen=\"\"><\/iframe>\n\n<\/div><\/div><\/div>\n\n<div class=\"gb-grid-column gb-grid-column-b7a57316\"><div class=\"gb-container gb-container-b7a57316\"><div class=\"gb-inside-container\">\n\n<p><strong>Interview d&rsquo;Edouard Baer<\/strong><\/p>\n\n\n\n<p>Edouard Baer est interview\u00e9 suite \u00e0 la 71\u00e8me \u00e9dition du Festival<br>de Cannes. Le com\u00e9dien et homme de radio donne ses conseils<br>aux \u00e9tudiants qui souhaitent se lancer le cin\u00e9ma.<\/p>\n\n<\/div><\/div><\/div>\n\n<div class=\"gb-grid-column gb-grid-column-de29c830\"><div class=\"gb-container gb-container-de29c830\"><div class=\"gb-inside-container\">\n\n<iframe loading=\"lazy\" width=\"560\" height=\"315\" src=\"https:\/\/www.youtube.com\/embed\/0h02116J8yQ\" title=\"YouTube video player\" frameborder=\"0\" allow=\"accelerometer; autoplay; clipboard-write; encrypted-media; gyroscope; picture-in-picture\" allowfullscreen=\"\"><\/iframe>\n\n<\/div><\/div><\/div>\n\n<div class=\"gb-grid-column gb-grid-column-edfe67fb\"><div class=\"gb-container gb-container-edfe67fb\"><div class=\"gb-inside-container\">\n\n<p><strong>Interview d&rsquo;Yves Chevalier<\/strong><\/p>\n\n\n\n<p>Rencontre avec le producteur et distributeur Yves Chevalier <br>pendant le Festival de Cannes 2018.<\/p>\n\n<\/div><\/div><\/div>\n\n<div class=\"gb-grid-column gb-grid-column-b72f6a1c\"><div class=\"gb-container gb-container-b72f6a1c\"><div class=\"gb-inside-container\">\n\n<iframe loading=\"lazy\" width=\"560\" height=\"315\" src=\"https:\/\/www.youtube.com\/embed\/i43Rr0WYoec\" title=\"YouTube video player\" frameborder=\"0\" allow=\"accelerometer; autoplay; clipboard-write; encrypted-media; gyroscope; picture-in-picture\" allowfullscreen=\"\"><\/iframe>\n\n<\/div><\/div><\/div>\n\n<div class=\"gb-grid-column gb-grid-column-5ca66b90\"><div class=\"gb-container gb-container-5ca66b90\"><div class=\"gb-inside-container\">\n\n<p><strong>L&rsquo;Extraordinary Film Festival de Namur<\/strong><\/p>\n\n\n\n<p>L\u2019Extraordinary Film Festival de Namur (Belgique) met chaque ann\u00e9e \u00e0 l\u2019honneur les films traitant du handicap. Pour cette 5\u00e8me \u00e9dition, des \u00e9tudiants de l\u2019Universit\u00e9 de Lorraine, \u00e0 travers la Fabrique Universitaire du Cin\u00e9ma (FUDC), sont all\u00e9s \u00e0 la rencontre des organisateurs, des professionnels du cin\u00e9ma, membres du jury, et des spectateurs venus nombreux.<\/p>\n\n<\/div><\/div><\/div>\n\n<div class=\"gb-grid-column gb-grid-column-f4236ee1\"><div class=\"gb-container gb-container-f4236ee1\"><div class=\"gb-inside-container\">\n\n<iframe loading=\"lazy\" width=\"560\" height=\"315\" src=\"https:\/\/www.youtube.com\/embed\/x-dLcRXxbQ8\" title=\"YouTube video player\" frameborder=\"0\" allow=\"accelerometer; autoplay; clipboard-write; encrypted-media; gyroscope; picture-in-picture\" allowfullscreen=\"\"><\/iframe>\n\n<\/div><\/div><\/div>\n\n<div class=\"gb-grid-column gb-grid-column-6136bf96\"><div class=\"gb-container gb-container-6136bf96\"><div class=\"gb-inside-container\">\n\n<p><strong>100 Centimes de Rock &#8211; soir\u00e9e concerts organis\u00e9e par Diffu\u2019Son<\/strong><\/p>\n\n\n\n<p>L\u2019association \u00e9tudiante <strong>Diffu\u2019Son <\/strong>a fait son grand retour le 27.02.2020 \u00e0 la MDE de Metz, avec une s\u00e9rie de concerts tr\u00e8s rock.<\/p>\n\n<\/div><\/div><\/div>\n\n<div class=\"gb-grid-column gb-grid-column-fd17005e\"><div class=\"gb-container gb-container-fd17005e\"><div class=\"gb-inside-container\">\n\n<iframe loading=\"lazy\" width=\"560\" height=\"315\" src=\"https:\/\/www.youtube.com\/embed\/2XvQlJ8C6I8\" title=\"YouTube video player\" frameborder=\"0\" allow=\"accelerometer; autoplay; clipboard-write; encrypted-media; gyroscope; picture-in-picture\" allowfullscreen=\"\"><\/iframe>\n\n<\/div><\/div><\/div>\n\n<div class=\"gb-grid-column gb-grid-column-110fc2ce\"><div class=\"gb-container gb-container-110fc2ce\"><div class=\"gb-inside-container\">\n\n<p><strong>Interview d&rsquo;H\u00e9l\u00e8ne Vincent, metteuse en sc\u00e8ne et actrice, membre du jury<\/strong><\/p>\n\n\n\n<p>Lors de l&rsquo;Extraordinary Film Festival de Namur, les \u00e9tudiants ont rencontr\u00e9 <strong>H\u00e9l\u00e8ne Vincent<\/strong>, metteuse en sc\u00e8ne et com\u00e9dienne. Celle qui est membre du jury de l&rsquo;\u00e9dition 2019 nous parle de son rapport avec le handicap.<\/p>\n\n<\/div><\/div><\/div>\n\n<div class=\"gb-grid-column gb-grid-column-188db2eb\"><div class=\"gb-container gb-container-188db2eb\"><div class=\"gb-inside-container\">\n\n<iframe loading=\"lazy\" width=\"560\" height=\"315\" src=\"https:\/\/www.youtube.com\/embed\/fJu4TUdoIZw\" title=\"YouTube video player\" frameborder=\"0\" allow=\"accelerometer; autoplay; clipboard-write; encrypted-media; gyroscope; picture-in-picture\" allowfullscreen=\"\"><\/iframe>\n\n<\/div><\/div><\/div>\n\n<div class=\"gb-grid-column gb-grid-column-a8d88955\"><div class=\"gb-container gb-container-a8d88955\"><div class=\"gb-inside-container\">\n\n<p><strong>Interview d&rsquo;Eglantine Em\u00e9y\u00e9 &#8211; Extraordinary Film Festival de Namur<\/strong><\/p>\n\n\n\n<p>Eglantine Em\u00e9y\u00e9, journaliste et pr\u00e9sentatrice, nous parle de son parcours de m\u00e8re d\u2019un enfant atteint d\u2019autisme.<\/p>\n\n<\/div><\/div><\/div>\n\n<div class=\"gb-grid-column gb-grid-column-fa70c643\"><div class=\"gb-container gb-container-fa70c643\"><div class=\"gb-inside-container\">\n\n<iframe loading=\"lazy\" width=\"560\" height=\"315\" src=\"https:\/\/www.youtube.com\/embed\/g_rGcnq6Lx8\" title=\"YouTube video player\" frameborder=\"0\" allow=\"accelerometer; autoplay; clipboard-write; encrypted-media; gyroscope; picture-in-picture\" allowfullscreen=\"\"><\/iframe>\n\n<\/div><\/div><\/div>\n\n<div class=\"gb-grid-column gb-grid-column-296f6c4c\"><div class=\"gb-container gb-container-296f6c4c\"><div class=\"gb-inside-container\">\n\n<p><strong>Interview de Virginie Delalande &#8211; Extraordinary Film Festival de Namur<\/strong><\/p>\n\n\n\n<p>Virginie Delalande, coach et conf\u00e9renci\u00e8re, \u00e9voque son parcours scolaire et professionnel en tant que personne sourde de naissance.<\/p>\n\n<\/div><\/div><\/div>\n\n<div class=\"gb-grid-column gb-grid-column-cd3a0200\"><div class=\"gb-container gb-container-cd3a0200\"><div class=\"gb-inside-container\">\n\n<iframe loading=\"lazy\" width=\"560\" height=\"315\" src=\"https:\/\/www.youtube.com\/embed\/nFQjg_sJrVM\" title=\"YouTube video player\" frameborder=\"0\" allow=\"accelerometer; autoplay; clipboard-write; encrypted-media; gyroscope; picture-in-picture\" allowfullscreen=\"\"><\/iframe>\n\n<\/div><\/div><\/div>\n\n<div class=\"gb-grid-column gb-grid-column-5153b45c\"><div class=\"gb-container gb-container-5153b45c\"><div class=\"gb-inside-container\">\n\n<p><strong>Interview de Krystoff Fluder &#8211; Extraordinary Film Festival de Namur<\/strong><\/p>\n\n\n\n<p>Krystoff Fluder, com\u00e9dien et humoriste, revient sur sa carri\u00e8re et les difficult\u00e9s rencontr\u00e9es \u00e0 travers son handicap.<\/p>\n\n<\/div><\/div><\/div>\n<\/div>","protected":false},"excerpt":{"rendered":"<p>D\u00e9couvre une s\u00e9rie d&rsquo;interviews et de reportages r\u00e9alis\u00e9s par les \u00e9tudiants de l&rsquo;Universit\u00e9 de Lorraine avec le soutien des MDE.<\/p>\n","protected":false},"author":29,"featured_media":0,"parent":473,"menu_order":0,"comment_status":"closed","ping_status":"closed","template":"","meta":{"inline_featured_image":false,"footnotes":""},"class_list":["post-964","page","type-page","status-publish"],"yoast_head":"<!-- This site is optimized with the Yoast SEO plugin v27.4 - https:\/\/yoast.com\/product\/yoast-seo-wordpress\/ -->\n<title>interviews \/ reportages - Initiatives Etudiantes<\/title>\n<meta name=\"robots\" content=\"index, follow, max-snippet:-1, max-image-preview:large, max-video-preview:-1\" \/>\n<link rel=\"canonical\" href=\"https:\/\/www.univ-lorraine.fr\/initiatives-etudiantes\/maisons-de-letudiant\/nos-videos\/interviews-reportages\/\" \/>\n<meta property=\"og:locale\" content=\"fr_FR\" \/>\n<meta property=\"og:type\" content=\"article\" \/>\n<meta property=\"og:title\" content=\"interviews \/ reportages - Initiatives Etudiantes\" \/>\n<meta property=\"og:description\" content=\"D\u00e9couvre une s\u00e9rie d&rsquo;interviews et de reportages r\u00e9alis\u00e9s par les \u00e9tudiants de l&rsquo;Universit\u00e9 de Lorraine avec le soutien des MDE.\" \/>\n<meta property=\"og:url\" content=\"https:\/\/www.univ-lorraine.fr\/initiatives-etudiantes\/maisons-de-letudiant\/nos-videos\/interviews-reportages\/\" \/>\n<meta property=\"og:site_name\" content=\"Initiatives Etudiantes\" \/>\n<meta property=\"article:modified_time\" content=\"2021-07-09T07:55:36+00:00\" \/>\n<meta name=\"twitter:card\" content=\"summary_large_image\" \/>\n<meta name=\"twitter:label1\" content=\"Dur\u00e9e de lecture estim\u00e9e\" \/>\n\t<meta name=\"twitter:data1\" content=\"2 minutes\" \/>\n<script type=\"application\/ld+json\" class=\"yoast-schema-graph\">{\"@context\":\"https:\\\/\\\/schema.org\",\"@graph\":[{\"@type\":\"WebPage\",\"@id\":\"https:\\\/\\\/www.univ-lorraine.fr\\\/initiatives-etudiantes\\\/maisons-de-letudiant\\\/nos-videos\\\/interviews-reportages\\\/\",\"url\":\"https:\\\/\\\/www.univ-lorraine.fr\\\/initiatives-etudiantes\\\/maisons-de-letudiant\\\/nos-videos\\\/interviews-reportages\\\/\",\"name\":\"interviews \\\/ reportages - Initiatives Etudiantes\",\"isPartOf\":{\"@id\":\"https:\\\/\\\/www.univ-lorraine.fr\\\/initiatives-etudiantes\\\/#website\"},\"datePublished\":\"2021-06-23T07:52:31+00:00\",\"dateModified\":\"2021-07-09T07:55:36+00:00\",\"breadcrumb\":{\"@id\":\"https:\\\/\\\/www.univ-lorraine.fr\\\/initiatives-etudiantes\\\/maisons-de-letudiant\\\/nos-videos\\\/interviews-reportages\\\/#breadcrumb\"},\"inLanguage\":\"fr-FR\",\"potentialAction\":[{\"@type\":\"ReadAction\",\"target\":[\"https:\\\/\\\/www.univ-lorraine.fr\\\/initiatives-etudiantes\\\/maisons-de-letudiant\\\/nos-videos\\\/interviews-reportages\\\/\"]}]},{\"@type\":\"BreadcrumbList\",\"@id\":\"https:\\\/\\\/www.univ-lorraine.fr\\\/initiatives-etudiantes\\\/maisons-de-letudiant\\\/nos-videos\\\/interviews-reportages\\\/#breadcrumb\",\"itemListElement\":[{\"@type\":\"ListItem\",\"position\":1,\"name\":\"Accueil\",\"item\":\"https:\\\/\\\/www.univ-lorraine.fr\\\/initiatives-etudiantes\\\/\"},{\"@type\":\"ListItem\",\"position\":2,\"name\":\"Maison de l&rsquo;\u00e9tudiant\",\"item\":\"https:\\\/\\\/www.univ-lorraine.fr\\\/initiatives-etudiantes\\\/maisons-de-letudiant\\\/\"},{\"@type\":\"ListItem\",\"position\":3,\"name\":\"Nos vid\u00e9os\",\"item\":\"https:\\\/\\\/www.univ-lorraine.fr\\\/initiatives-etudiantes\\\/maisons-de-letudiant\\\/nos-videos\\\/\"},{\"@type\":\"ListItem\",\"position\":4,\"name\":\"interviews \\\/ reportages\"}]},{\"@type\":\"WebSite\",\"@id\":\"https:\\\/\\\/www.univ-lorraine.fr\\\/initiatives-etudiantes\\\/#website\",\"url\":\"https:\\\/\\\/www.univ-lorraine.fr\\\/initiatives-etudiantes\\\/\",\"name\":\"Initiatives Etudiantes\",\"description\":\"\",\"publisher\":{\"@id\":\"https:\\\/\\\/www.univ-lorraine.fr\\\/initiatives-etudiantes\\\/#organization\"},\"potentialAction\":[{\"@type\":\"SearchAction\",\"target\":{\"@type\":\"EntryPoint\",\"urlTemplate\":\"https:\\\/\\\/www.univ-lorraine.fr\\\/initiatives-etudiantes\\\/?s={search_term_string}\"},\"query-input\":{\"@type\":\"PropertyValueSpecification\",\"valueRequired\":true,\"valueName\":\"search_term_string\"}}],\"inLanguage\":\"fr-FR\"},{\"@type\":\"Organization\",\"@id\":\"https:\\\/\\\/www.univ-lorraine.fr\\\/initiatives-etudiantes\\\/#organization\",\"name\":\"Initiatives Etudiantes\",\"url\":\"https:\\\/\\\/www.univ-lorraine.fr\\\/initiatives-etudiantes\\\/\",\"logo\":{\"@type\":\"ImageObject\",\"inLanguage\":\"fr-FR\",\"@id\":\"https:\\\/\\\/www.univ-lorraine.fr\\\/initiatives-etudiantes\\\/#\\\/schema\\\/logo\\\/image\\\/\",\"url\":\"https:\\\/\\\/www.univ-lorraine.fr\\\/initiatives-etudiantes\\\/wp-content\\\/uploads\\\/sites\\\/11\\\/2021\\\/07\\\/Vie-campus-signature.svg\",\"contentUrl\":\"https:\\\/\\\/www.univ-lorraine.fr\\\/initiatives-etudiantes\\\/wp-content\\\/uploads\\\/sites\\\/11\\\/2021\\\/07\\\/Vie-campus-signature.svg\",\"caption\":\"Initiatives Etudiantes\"},\"image\":{\"@id\":\"https:\\\/\\\/www.univ-lorraine.fr\\\/initiatives-etudiantes\\\/#\\\/schema\\\/logo\\\/image\\\/\"}}]}<\/script>\n<!-- \/ Yoast SEO plugin. -->","yoast_head_json":{"title":"interviews \/ reportages - Initiatives Etudiantes","robots":{"index":"index","follow":"follow","max-snippet":"max-snippet:-1","max-image-preview":"max-image-preview:large","max-video-preview":"max-video-preview:-1"},"canonical":"https:\/\/www.univ-lorraine.fr\/initiatives-etudiantes\/maisons-de-letudiant\/nos-videos\/interviews-reportages\/","og_locale":"fr_FR","og_type":"article","og_title":"interviews \/ reportages - Initiatives Etudiantes","og_description":"D\u00e9couvre une s\u00e9rie d&rsquo;interviews et de reportages r\u00e9alis\u00e9s par les \u00e9tudiants de l&rsquo;Universit\u00e9 de Lorraine avec le soutien des MDE.","og_url":"https:\/\/www.univ-lorraine.fr\/initiatives-etudiantes\/maisons-de-letudiant\/nos-videos\/interviews-reportages\/","og_site_name":"Initiatives Etudiantes","article_modified_time":"2021-07-09T07:55:36+00:00","twitter_card":"summary_large_image","twitter_misc":{"Dur\u00e9e de lecture estim\u00e9e":"2 minutes"},"schema":{"@context":"https:\/\/schema.org","@graph":[{"@type":"WebPage","@id":"https:\/\/www.univ-lorraine.fr\/initiatives-etudiantes\/maisons-de-letudiant\/nos-videos\/interviews-reportages\/","url":"https:\/\/www.univ-lorraine.fr\/initiatives-etudiantes\/maisons-de-letudiant\/nos-videos\/interviews-reportages\/","name":"interviews \/ reportages - Initiatives Etudiantes","isPartOf":{"@id":"https:\/\/www.univ-lorraine.fr\/initiatives-etudiantes\/#website"},"datePublished":"2021-06-23T07:52:31+00:00","dateModified":"2021-07-09T07:55:36+00:00","breadcrumb":{"@id":"https:\/\/www.univ-lorraine.fr\/initiatives-etudiantes\/maisons-de-letudiant\/nos-videos\/interviews-reportages\/#breadcrumb"},"inLanguage":"fr-FR","potentialAction":[{"@type":"ReadAction","target":["https:\/\/www.univ-lorraine.fr\/initiatives-etudiantes\/maisons-de-letudiant\/nos-videos\/interviews-reportages\/"]}]},{"@type":"BreadcrumbList","@id":"https:\/\/www.univ-lorraine.fr\/initiatives-etudiantes\/maisons-de-letudiant\/nos-videos\/interviews-reportages\/#breadcrumb","itemListElement":[{"@type":"ListItem","position":1,"name":"Accueil","item":"https:\/\/www.univ-lorraine.fr\/initiatives-etudiantes\/"},{"@type":"ListItem","position":2,"name":"Maison de l&rsquo;\u00e9tudiant","item":"https:\/\/www.univ-lorraine.fr\/initiatives-etudiantes\/maisons-de-letudiant\/"},{"@type":"ListItem","position":3,"name":"Nos vid\u00e9os","item":"https:\/\/www.univ-lorraine.fr\/initiatives-etudiantes\/maisons-de-letudiant\/nos-videos\/"},{"@type":"ListItem","position":4,"name":"interviews \/ reportages"}]},{"@type":"WebSite","@id":"https:\/\/www.univ-lorraine.fr\/initiatives-etudiantes\/#website","url":"https:\/\/www.univ-lorraine.fr\/initiatives-etudiantes\/","name":"Initiatives Etudiantes","description":"","publisher":{"@id":"https:\/\/www.univ-lorraine.fr\/initiatives-etudiantes\/#organization"},"potentialAction":[{"@type":"SearchAction","target":{"@type":"EntryPoint","urlTemplate":"https:\/\/www.univ-lorraine.fr\/initiatives-etudiantes\/?s={search_term_string}"},"query-input":{"@type":"PropertyValueSpecification","valueRequired":true,"valueName":"search_term_string"}}],"inLanguage":"fr-FR"},{"@type":"Organization","@id":"https:\/\/www.univ-lorraine.fr\/initiatives-etudiantes\/#organization","name":"Initiatives Etudiantes","url":"https:\/\/www.univ-lorraine.fr\/initiatives-etudiantes\/","logo":{"@type":"ImageObject","inLanguage":"fr-FR","@id":"https:\/\/www.univ-lorraine.fr\/initiatives-etudiantes\/#\/schema\/logo\/image\/","url":"https:\/\/www.univ-lorraine.fr\/initiatives-etudiantes\/wp-content\/uploads\/sites\/11\/2021\/07\/Vie-campus-signature.svg","contentUrl":"https:\/\/www.univ-lorraine.fr\/initiatives-etudiantes\/wp-content\/uploads\/sites\/11\/2021\/07\/Vie-campus-signature.svg","caption":"Initiatives Etudiantes"},"image":{"@id":"https:\/\/www.univ-lorraine.fr\/initiatives-etudiantes\/#\/schema\/logo\/image\/"}}]}},"_links":{"self":[{"href":"https:\/\/www.univ-lorraine.fr\/initiatives-etudiantes\/wp-json\/wp\/v2\/pages\/964","targetHints":{"allow":["GET"]}}],"collection":[{"href":"https:\/\/www.univ-lorraine.fr\/initiatives-etudiantes\/wp-json\/wp\/v2\/pages"}],"about":[{"href":"https:\/\/www.univ-lorraine.fr\/initiatives-etudiantes\/wp-json\/wp\/v2\/types\/page"}],"author":[{"embeddable":true,"href":"https:\/\/www.univ-lorraine.fr\/initiatives-etudiantes\/wp-json\/wp\/v2\/users\/29"}],"replies":[{"embeddable":true,"href":"https:\/\/www.univ-lorraine.fr\/initiatives-etudiantes\/wp-json\/wp\/v2\/comments?post=964"}],"version-history":[{"count":13,"href":"https:\/\/www.univ-lorraine.fr\/initiatives-etudiantes\/wp-json\/wp\/v2\/pages\/964\/revisions"}],"predecessor-version":[{"id":1319,"href":"https:\/\/www.univ-lorraine.fr\/initiatives-etudiantes\/wp-json\/wp\/v2\/pages\/964\/revisions\/1319"}],"up":[{"embeddable":true,"href":"https:\/\/www.univ-lorraine.fr\/initiatives-etudiantes\/wp-json\/wp\/v2\/pages\/473"}],"wp:attachment":[{"href":"https:\/\/www.univ-lorraine.fr\/initiatives-etudiantes\/wp-json\/wp\/v2\/media?parent=964"}],"curies":[{"name":"wp","href":"https:\/\/api.w.org\/{rel}","templated":true}]}}