{"id":352,"date":"2021-04-17T14:38:11","date_gmt":"2021-04-17T12:38:11","guid":{"rendered":"https:\/\/www.univ-lorraine.fr\/institut-confucius\/?page_id=352"},"modified":"2021-04-27T11:49:28","modified_gmt":"2021-04-27T09:49:28","slug":"bourses-etudes","status":"publish","type":"page","link":"https:\/\/www.univ-lorraine.fr\/institut-confucius\/bourses-etudes\/","title":{"rendered":"Bourses d&rsquo;\u00e9tudes"},"content":{"rendered":"<div class=\"gb-container gb-container-4d4708ad\"><div class=\"gb-inside-container\">\n\n<p>Afin d\u2019encourager la mobilit\u00e9 internationale et favoriser les \u00e9tudes effectu\u00e9es par des \u00e9tudiants \u00e9trangers dans des universit\u00e9s en Chine (universit\u00e9s d\u2019accueil), les possibilit\u00e9s des bourses sont propos\u00e9es.<\/p>\n\n\n\n<figure class=\"wp-block-table\"><table><thead><tr><th>Cat\u00e9gories<\/th><th>Conditions<\/th><th>Objectif<\/th><\/tr><\/thead><tbody><tr><td><strong>Bourse de Doctorat<\/strong><br><br>En enseignement du chinois comme langue \u00e9trang\u00e8re<br><br><strong>(4 ann\u00e9es scolaires)<\/strong><\/td><td>&#8211; Titulaire d\u2019un master en chinois langue \u00e9trang\u00e8re, linguistique, ou discipline en rapport avec \u00e9ducation;<br>&#8211; Niveau HSK 6 exig\u00e9 avec une note sup\u00e9rieure ou \u00e9gale \u00e0 200 points ainsi qu\u2019un score minimum de 60 points au HSKK (niveau sup\u00e9rieur);<br>&#8211; Minimum de 2 ans d\u2019exp\u00e9rience dans l\u2019enseignement du chinois<br><br><em>Rentr\u00e9e en Septembre 2020<\/em><\/td><td>Destin\u00e9e \u00e0 ceux souhaitant s\u2019orienter vers l\u2019enseignement du chinois<\/td><\/tr><tr><td><strong>Bourse de Master<\/strong><br><br>En enseignement du chinois comme langue \u00e9trang\u00e8re<br><br><strong>(2 ann\u00e9es scolaires)<\/strong><\/td><td>&#8211; Titulaire d\u2019une licence<br>&#8211; Niveau HSK 5 exig\u00e9 avec une note sup\u00e9rieure ou \u00e9gale \u00e0 210 points ainsi qu\u2019un score minimum de 60 points au HSKK (niveau interm\u00e9diaire)<br>&#8211; Promesse d\u2019embauche d\u2019un Institut Confucius ou d\u2019une autre institution pour enseigner le chinois est un plus<br>&#8211; Pr\u00e9sentation de 2 lettres de recommandation \u00e9crites par 2 professeurs diff\u00e9rents<br><br><em>Rentr\u00e9e en Septembre 2020<\/em><\/td><td>Destin\u00e9e \u00e0 ceux souhaitant s\u2019orienter vers l\u2019enseignement du chinois<\/td><\/tr><tr><td><strong>Bourse de Licence<\/strong><br><br>En enseignement du chinois comme langue \u00e9trang\u00e8re<br><br><strong>(4 ann\u00e9es scolaires)<\/strong><\/td><td>&#8211; Titulaire du baccalaur\u00e9at<br>&#8211; Niveau HSK 4 exig\u00e9 avec une note sup\u00e9rieure ou \u00e9gale \u00e0 210 points ainsi qu\u2019un score minimum de 60 points au HSKK (niveau d\u00e9butant)<br><br><em>Rentr\u00e9e en Septembre 2020<\/em><\/td><td>Destin\u00e9e \u00e0 ceux souhaitant s\u2019orienter vers l\u2019enseignement du chinois<\/td><\/tr><tr><td><strong>Bourse d\u2019\u00e9tudes<\/strong><br><br>En \u00e9ducation internationale chinoise<br><br><strong>1 ann\u00e9e scolaire (soit 11 mois)<\/strong><\/td><td>Niveau HSK 3 exig\u00e9 avec une note sup\u00e9rieure ou \u00e9gale \u00e0 270 points ainsi qu\u2019un score minimum de 60 points au HSKK (pas de niveau d\u00e9fini)<br><br><em>Rentr\u00e9e en Septembre 2020<br><br>Attention : les candidats actuellement en \u00e9tudes en Chine ne peuvent pas pr\u00e9tendre \u00e0 cette bourse<\/em><\/td><td>Destin\u00e9e \u00e0 ceux souhaitant d\u00e9couvrir la langue et la culture chinoises via 1 an d\u2019immersion en Chine<\/td><\/tr><\/tbody><\/table><\/figure>\n\n\n\n<p>Frais de scolarit\u00e9, logement en cit\u00e9 universitaire ainsi que l\u2019assurance m\u00e9dicale propos\u00e9e par l\u2019universit\u00e9 d\u2019accueil sont couverts par chacune des bourses ci-dessus. Pour plus d\u2019informations, merci de contacter l\u2019Institut Confucius de l\u2019Universit\u00e9 de Lorraine : <a href=\"mailto:institut-confuciu&#115;&#45;&#99;&#111;&#110;&#116;&#97;&#99;&#116;&#64;&#117;&#110;&#105;&#118;&#45;&#108;&#111;&#114;&#114;&#97;&#105;&#110;&#101;&#46;&#102;&#114;\">&#x69;&#x6e;&#x73;&#x74;&#x69;&#x74;&#x75;&#x74;&#x2d;&#x63;&#x6f;&#x6e;&#x66;&#x75;&#99;&#105;&#117;&#115;&#45;&#99;&#111;&#110;&#116;&#97;&#99;t&#64;univ-l&#x6f;&#x72;&#x72;&#x61;&#x69;&#x6e;&#x65;&#x2e;&#x66;&#x72;<\/a><\/p>\n\n\n\n<p>Si vous souhaitez passer les \u00e9preuves de HSK, rendez-vous sur la page d\u00e9di\u00e9e :<\/p>\n\n\n\n<div class=\"wp-block-buttons is-content-justification-center is-layout-flex wp-block-buttons-is-layout-flex\">\n<div class=\"wp-block-button\"><a class=\"wp-block-button__link\" href=\"https:\/\/www.univ-lorraine.fr\/institut-confucius\/certifications-hsk-et-concours\/\">HSK et concours<\/a><\/div>\n<\/div>\n\n<\/div><\/div>","protected":false},"excerpt":{"rendered":"<p>Afin d\u2019encourager la mobilit\u00e9 internationale et favoriser les \u00e9tudes effectu\u00e9es par des \u00e9tudiants \u00e9trangers dans des universit\u00e9s en Chine (universit\u00e9s d\u2019accueil), les possibilit\u00e9s des bourses sont propos\u00e9es. Cat\u00e9gories Conditions Objectif Bourse de Doctorat En enseignement du chinois comme langue \u00e9trang\u00e8re (4 ann\u00e9es scolaires) &#8211; Titulaire d\u2019un master en chinois langue \u00e9trang\u00e8re, linguistique, ou discipline en &#8230; <a title=\"Bourses d&rsquo;\u00e9tudes\" class=\"read-more\" href=\"https:\/\/www.univ-lorraine.fr\/institut-confucius\/bourses-etudes\/\" aria-label=\"En savoir plus sur Bourses d&rsquo;\u00e9tudes\">Lire plus<\/a><\/p>\n","protected":false},"author":12,"featured_media":0,"parent":0,"menu_order":0,"comment_status":"closed","ping_status":"closed","template":"","meta":{"inline_featured_image":false,"footnotes":""},"class_list":["post-352","page","type-page","status-publish"],"yoast_head":"<!-- This site is optimized with the Yoast SEO plugin v27.4 - https:\/\/yoast.com\/product\/yoast-seo-wordpress\/ -->\n<title>Bourses d&#039;\u00e9tudes - Institut Confucius<\/title>\n<meta name=\"robots\" content=\"index, follow, max-snippet:-1, max-image-preview:large, max-video-preview:-1\" \/>\n<link rel=\"canonical\" href=\"https:\/\/www.univ-lorraine.fr\/institut-confucius\/bourses-etudes\/\" \/>\n<meta property=\"og:locale\" content=\"fr_FR\" \/>\n<meta property=\"og:type\" content=\"article\" \/>\n<meta property=\"og:title\" content=\"Bourses d&#039;\u00e9tudes - Institut Confucius\" \/>\n<meta property=\"og:description\" content=\"Afin d\u2019encourager la mobilit\u00e9 internationale et favoriser les \u00e9tudes effectu\u00e9es par des \u00e9tudiants \u00e9trangers dans des universit\u00e9s en Chine (universit\u00e9s d\u2019accueil), les possibilit\u00e9s des bourses sont propos\u00e9es. Cat\u00e9gories Conditions Objectif Bourse de Doctorat En enseignement du chinois comme langue \u00e9trang\u00e8re (4 ann\u00e9es scolaires) &#8211; Titulaire d\u2019un master en chinois langue \u00e9trang\u00e8re, linguistique, ou discipline en ... Lire plus\" \/>\n<meta property=\"og:url\" content=\"https:\/\/www.univ-lorraine.fr\/institut-confucius\/bourses-etudes\/\" \/>\n<meta property=\"og:site_name\" content=\"Institut Confucius\" \/>\n<meta property=\"article:modified_time\" content=\"2021-04-27T09:49:28+00:00\" \/>\n<meta name=\"twitter:card\" content=\"summary_large_image\" \/>\n<meta name=\"twitter:label1\" content=\"Dur\u00e9e de lecture estim\u00e9e\" \/>\n\t<meta name=\"twitter:data1\" content=\"2 minutes\" \/>\n<script type=\"application\/ld+json\" class=\"yoast-schema-graph\">{\"@context\":\"https:\\\/\\\/schema.org\",\"@graph\":[{\"@type\":\"WebPage\",\"@id\":\"https:\\\/\\\/www.univ-lorraine.fr\\\/institut-confucius\\\/bourses-etudes\\\/\",\"url\":\"https:\\\/\\\/www.univ-lorraine.fr\\\/institut-confucius\\\/bourses-etudes\\\/\",\"name\":\"Bourses d'\u00e9tudes - Institut Confucius\",\"isPartOf\":{\"@id\":\"https:\\\/\\\/www.univ-lorraine.fr\\\/institut-confucius\\\/#website\"},\"datePublished\":\"2021-04-17T12:38:11+00:00\",\"dateModified\":\"2021-04-27T09:49:28+00:00\",\"breadcrumb\":{\"@id\":\"https:\\\/\\\/www.univ-lorraine.fr\\\/institut-confucius\\\/bourses-etudes\\\/#breadcrumb\"},\"inLanguage\":\"fr-FR\",\"potentialAction\":[{\"@type\":\"ReadAction\",\"target\":[\"https:\\\/\\\/www.univ-lorraine.fr\\\/institut-confucius\\\/bourses-etudes\\\/\"]}]},{\"@type\":\"BreadcrumbList\",\"@id\":\"https:\\\/\\\/www.univ-lorraine.fr\\\/institut-confucius\\\/bourses-etudes\\\/#breadcrumb\",\"itemListElement\":[{\"@type\":\"ListItem\",\"position\":1,\"name\":\"Accueil\",\"item\":\"https:\\\/\\\/www.univ-lorraine.fr\\\/institut-confucius\\\/\"},{\"@type\":\"ListItem\",\"position\":2,\"name\":\"Bourses d&#8217;\u00e9tudes\"}]},{\"@type\":\"WebSite\",\"@id\":\"https:\\\/\\\/www.univ-lorraine.fr\\\/institut-confucius\\\/#website\",\"url\":\"https:\\\/\\\/www.univ-lorraine.fr\\\/institut-confucius\\\/\",\"name\":\"institut-confucius\",\"description\":\"\",\"publisher\":{\"@id\":\"https:\\\/\\\/www.univ-lorraine.fr\\\/institut-confucius\\\/#organization\"},\"potentialAction\":[{\"@type\":\"SearchAction\",\"target\":{\"@type\":\"EntryPoint\",\"urlTemplate\":\"https:\\\/\\\/www.univ-lorraine.fr\\\/institut-confucius\\\/?s={search_term_string}\"},\"query-input\":{\"@type\":\"PropertyValueSpecification\",\"valueRequired\":true,\"valueName\":\"search_term_string\"}}],\"inLanguage\":\"fr-FR\"},{\"@type\":\"Organization\",\"@id\":\"https:\\\/\\\/www.univ-lorraine.fr\\\/institut-confucius\\\/#organization\",\"name\":\"Universit\u00e9 de Lorraine\",\"url\":\"https:\\\/\\\/www.univ-lorraine.fr\\\/institut-confucius\\\/\",\"logo\":{\"@type\":\"ImageObject\",\"inLanguage\":\"fr-FR\",\"@id\":\"https:\\\/\\\/www.univ-lorraine.fr\\\/institut-confucius\\\/#\\\/schema\\\/logo\\\/image\\\/\",\"url\":\"https:\\\/\\\/www.univ-lorraine.fr\\\/institut-confucius\\\/wp-content\\\/uploads\\\/sites\\\/9\\\/2021\\\/04\\\/services-ul-confucius.png\",\"contentUrl\":\"https:\\\/\\\/www.univ-lorraine.fr\\\/institut-confucius\\\/wp-content\\\/uploads\\\/sites\\\/9\\\/2021\\\/04\\\/services-ul-confucius.png\",\"width\":703,\"height\":313,\"caption\":\"Universit\u00e9 de Lorraine\"},\"image\":{\"@id\":\"https:\\\/\\\/www.univ-lorraine.fr\\\/institut-confucius\\\/#\\\/schema\\\/logo\\\/image\\\/\"}}]}<\/script>\n<!-- \/ Yoast SEO plugin. -->","yoast_head_json":{"title":"Bourses d'\u00e9tudes - Institut Confucius","robots":{"index":"index","follow":"follow","max-snippet":"max-snippet:-1","max-image-preview":"max-image-preview:large","max-video-preview":"max-video-preview:-1"},"canonical":"https:\/\/www.univ-lorraine.fr\/institut-confucius\/bourses-etudes\/","og_locale":"fr_FR","og_type":"article","og_title":"Bourses d'\u00e9tudes - Institut Confucius","og_description":"Afin d\u2019encourager la mobilit\u00e9 internationale et favoriser les \u00e9tudes effectu\u00e9es par des \u00e9tudiants \u00e9trangers dans des universit\u00e9s en Chine (universit\u00e9s d\u2019accueil), les possibilit\u00e9s des bourses sont propos\u00e9es. Cat\u00e9gories Conditions Objectif Bourse de Doctorat En enseignement du chinois comme langue \u00e9trang\u00e8re (4 ann\u00e9es scolaires) &#8211; Titulaire d\u2019un master en chinois langue \u00e9trang\u00e8re, linguistique, ou discipline en ... Lire plus","og_url":"https:\/\/www.univ-lorraine.fr\/institut-confucius\/bourses-etudes\/","og_site_name":"Institut Confucius","article_modified_time":"2021-04-27T09:49:28+00:00","twitter_card":"summary_large_image","twitter_misc":{"Dur\u00e9e de lecture estim\u00e9e":"2 minutes"},"schema":{"@context":"https:\/\/schema.org","@graph":[{"@type":"WebPage","@id":"https:\/\/www.univ-lorraine.fr\/institut-confucius\/bourses-etudes\/","url":"https:\/\/www.univ-lorraine.fr\/institut-confucius\/bourses-etudes\/","name":"Bourses d'\u00e9tudes - Institut Confucius","isPartOf":{"@id":"https:\/\/www.univ-lorraine.fr\/institut-confucius\/#website"},"datePublished":"2021-04-17T12:38:11+00:00","dateModified":"2021-04-27T09:49:28+00:00","breadcrumb":{"@id":"https:\/\/www.univ-lorraine.fr\/institut-confucius\/bourses-etudes\/#breadcrumb"},"inLanguage":"fr-FR","potentialAction":[{"@type":"ReadAction","target":["https:\/\/www.univ-lorraine.fr\/institut-confucius\/bourses-etudes\/"]}]},{"@type":"BreadcrumbList","@id":"https:\/\/www.univ-lorraine.fr\/institut-confucius\/bourses-etudes\/#breadcrumb","itemListElement":[{"@type":"ListItem","position":1,"name":"Accueil","item":"https:\/\/www.univ-lorraine.fr\/institut-confucius\/"},{"@type":"ListItem","position":2,"name":"Bourses d&#8217;\u00e9tudes"}]},{"@type":"WebSite","@id":"https:\/\/www.univ-lorraine.fr\/institut-confucius\/#website","url":"https:\/\/www.univ-lorraine.fr\/institut-confucius\/","name":"institut-confucius","description":"","publisher":{"@id":"https:\/\/www.univ-lorraine.fr\/institut-confucius\/#organization"},"potentialAction":[{"@type":"SearchAction","target":{"@type":"EntryPoint","urlTemplate":"https:\/\/www.univ-lorraine.fr\/institut-confucius\/?s={search_term_string}"},"query-input":{"@type":"PropertyValueSpecification","valueRequired":true,"valueName":"search_term_string"}}],"inLanguage":"fr-FR"},{"@type":"Organization","@id":"https:\/\/www.univ-lorraine.fr\/institut-confucius\/#organization","name":"Universit\u00e9 de Lorraine","url":"https:\/\/www.univ-lorraine.fr\/institut-confucius\/","logo":{"@type":"ImageObject","inLanguage":"fr-FR","@id":"https:\/\/www.univ-lorraine.fr\/institut-confucius\/#\/schema\/logo\/image\/","url":"https:\/\/www.univ-lorraine.fr\/institut-confucius\/wp-content\/uploads\/sites\/9\/2021\/04\/services-ul-confucius.png","contentUrl":"https:\/\/www.univ-lorraine.fr\/institut-confucius\/wp-content\/uploads\/sites\/9\/2021\/04\/services-ul-confucius.png","width":703,"height":313,"caption":"Universit\u00e9 de Lorraine"},"image":{"@id":"https:\/\/www.univ-lorraine.fr\/institut-confucius\/#\/schema\/logo\/image\/"}}]}},"_links":{"self":[{"href":"https:\/\/www.univ-lorraine.fr\/institut-confucius\/wp-json\/wp\/v2\/pages\/352","targetHints":{"allow":["GET"]}}],"collection":[{"href":"https:\/\/www.univ-lorraine.fr\/institut-confucius\/wp-json\/wp\/v2\/pages"}],"about":[{"href":"https:\/\/www.univ-lorraine.fr\/institut-confucius\/wp-json\/wp\/v2\/types\/page"}],"author":[{"embeddable":true,"href":"https:\/\/www.univ-lorraine.fr\/institut-confucius\/wp-json\/wp\/v2\/users\/12"}],"replies":[{"embeddable":true,"href":"https:\/\/www.univ-lorraine.fr\/institut-confucius\/wp-json\/wp\/v2\/comments?post=352"}],"version-history":[{"count":20,"href":"https:\/\/www.univ-lorraine.fr\/institut-confucius\/wp-json\/wp\/v2\/pages\/352\/revisions"}],"predecessor-version":[{"id":972,"href":"https:\/\/www.univ-lorraine.fr\/institut-confucius\/wp-json\/wp\/v2\/pages\/352\/revisions\/972"}],"wp:attachment":[{"href":"https:\/\/www.univ-lorraine.fr\/institut-confucius\/wp-json\/wp\/v2\/media?parent=352"}],"curies":[{"name":"wp","href":"https:\/\/api.w.org\/{rel}","templated":true}]}}