{"id":41,"date":"2021-01-27T14:49:15","date_gmt":"2021-01-27T13:49:15","guid":{"rendered":"https:\/\/www.univ-lorraine.fr\/institut-confucius\/?page_id=41"},"modified":"2022-04-06T10:08:11","modified_gmt":"2022-04-06T08:08:11","slug":"linstitut","status":"publish","type":"page","link":"https:\/\/www.univ-lorraine.fr\/institut-confucius\/linstitut\/","title":{"rendered":"L&rsquo;institut Confucius de l&rsquo;Universit\u00e9 de Lorraine"},"content":{"rendered":"<div class=\"gb-container gb-container-9599e3d0\"><div class=\"gb-inside-container\">\n\n<p>L\u2019Institut Confucius de l\u2019Universit\u00e9 de Lorraine est le 15e \u00e0 \u00eatre cr\u00e9\u00e9 en France. Il s\u2019agit d\u2019une structure de coop\u00e9ration franco-chinoise. Sa cr\u00e9ation s\u2019inscrit dans la continuit\u00e9 de la coop\u00e9ration franco-chinoise de notre universit\u00e9 ; elle est aussi le fruit d\u2019une volont\u00e9 partag\u00e9e par notre universit\u00e9, l\u2019universit\u00e9 partenaire chinoise (Wuhan University of Technology) et des institutions locales d\u00e9sireuses d\u2019en faire un pont reliant la terre lorraine et la Chine.<\/p>\n\n\n\n<p>C&rsquo;est un espace transculturel incontournable de formation et d\u2019information culturelle et linguistique. Depuis sa cr\u00e9ation en 2012, il a su, \u00e0 travers ses actions riches et diversifi\u00e9es, apporter sa contribution \u00e0 l&rsquo;enrichissement de l&rsquo;environnement interculturel universitaire et local et au d\u00e9veloppement des relations de coop\u00e9ration franco-chinoises. L\u2019Institut Confucius se situe dans les locaux de la biblioth\u00e8que universitaire sur le campus du Saulcy \u00e0 Metz. Ses activit\u00e9s visent tout public int\u00e9ress\u00e9 par la Chine, par sa culture et par son \u00e9conomie. Une salle de documentation contenant 3000 ouvrages p\u00e9dagogiques et culturels est mise \u00e0 disposition au public. <\/p>\n\n\n\n<h2 class=\"gb-headline gb-headline-be066f29 gb-headline-text\"><strong>Qu\u2019est-ce qu\u2019un Institut Confucius ?<\/strong><\/h2>\n\n\n\n<div class=\"wp-block-image is-style-rounded\"><figure class=\"alignright size-full is-resized\"><img loading=\"lazy\" decoding=\"async\" src=\"https:\/\/www.univ-lorraine.fr\/institut-confucius\/wp-content\/uploads\/sites\/9\/2021\/01\/logo_8.png\" alt=\"\" class=\"wp-image-40\" width=\"178\" height=\"176\"\/><\/figure><\/div>\n\n\n\n<p>Les Instituts Confucius sont des structures de coop\u00e9ration entre la Chine et les pays \u00e9trangers. Inspir\u00e9s des mod\u00e8les fran\u00e7ais (alliances fran\u00e7aises) allemand et espagnol et pour r\u00e9pondre \u00e0 une demande croissante d\u2019apprentissage de la langue et de la culture chinoise, le premier Institut Confucius a vu le jour en 2004 et aujourd\u2019hui on compte 550 Instituts Confucius dans 162 pays du monde, dont 17 en France. Ce sont des organismes \u00e0 but non lucratif, qui &nbsp;visent \u00e0 promouvoir la d\u00e9couverte de la langue et de la culture chinoises dans le monde, de favoriser des relations culturelles et \u00e9ducatives entre la Chine et les autres pays et \u00e0 d\u00e9velopper la compr\u00e9hension mutuelle et le dialogue interculturel entre la Chine et les pays d\u2019accueil.<\/p>\n\n\n\n<h2 class=\"gb-headline gb-headline-fdaca92c gb-headline-text\"><strong>Nos partenaires<\/strong><\/h2>\n\n\n\n<ul class=\"wp-block-list\"><li>l\u2019Universit\u00e9 de Technologie de Wuhan<\/li><\/ul>\n\n\n\n<p>L\u2019institut Confucius de l&rsquo;Universit\u00e9 de Lorraine est soutenu par les institutions locales :<\/p>\n\n\n\n<ul class=\"wp-block-list\"><li>le Conseil R\u00e9gional Grand Est,<\/li><li>le Conseil G\u00e9n\u00e9ral de Moselle,<\/li><li>Metz M\u00e9tropole,<\/li><li>la Mairie de Metz,<\/li><li>la Chambre de Commerce et d\u2019Industrie.<\/li><\/ul>\n\n\n\n<h2 class=\"gb-headline gb-headline-68af9195 gb-headline-text\"><strong>Qui est Confucius ?<\/strong><\/h2>\n\n\n\n<p>Confucius, en chinois Kongfuzi (Ma\u00eetre Kong) est un philosophe chinois n\u00e9 en Chine il y a environ 2 500 ans (551 \u00e0 479 avant J-C). Il a \u00e9t\u00e9 l\u2019un des plus influents penseurs de l\u2019histoire chinoise. Consid\u00e9r\u00e9 comme le premier \u00ab \u00e9ducateur \u00bb de la Chine, son enseignement a donn\u00e9 naissance au confucianisme.<\/p>\n\n\n\n<div class=\"wp-block-image is-style-default\"><figure class=\"aligncenter size-large is-resized\"><img loading=\"lazy\" decoding=\"async\" src=\"https:\/\/www.univ-lorraine.fr\/institut-confucius\/wp-content\/uploads\/sites\/9\/2021\/03\/confucius_7.jpg\" alt=\"\" class=\"wp-image-205\" width=\"956\" height=\"295\" srcset=\"https:\/\/www.univ-lorraine.fr\/institut-confucius\/wp-content\/uploads\/sites\/9\/2021\/03\/confucius_7.jpg 940w, https:\/\/www.univ-lorraine.fr\/institut-confucius\/wp-content\/uploads\/sites\/9\/2021\/03\/confucius_7-300x93.jpg 300w, https:\/\/www.univ-lorraine.fr\/institut-confucius\/wp-content\/uploads\/sites\/9\/2021\/03\/confucius_7-768x237.jpg 768w\" sizes=\"auto, (max-width: 956px) 100vw, 956px\" \/><\/figure><\/div>\n\n<\/div><\/div>\n\n\n<p><\/p>\n","protected":false},"excerpt":{"rendered":"<p>L\u2019Institut Confucius de l\u2019Universit\u00e9 de Lorraine est le 15e \u00e0 \u00eatre cr\u00e9\u00e9 en France. Il s\u2019agit d\u2019une structure de coop\u00e9ration franco-chinoise. Sa cr\u00e9ation s\u2019inscrit dans la continuit\u00e9 de la coop\u00e9ration franco-chinoise de notre universit\u00e9 ; elle est aussi le fruit d\u2019une volont\u00e9 partag\u00e9e par notre universit\u00e9, l\u2019universit\u00e9 partenaire chinoise (Wuhan University of Technology) et des &#8230; <a title=\"L&rsquo;institut Confucius de l&rsquo;Universit\u00e9 de Lorraine\" class=\"read-more\" href=\"https:\/\/www.univ-lorraine.fr\/institut-confucius\/linstitut\/\" aria-label=\"En savoir plus sur L&rsquo;institut Confucius de l&rsquo;Universit\u00e9 de Lorraine\">Lire plus<\/a><\/p>\n","protected":false},"author":4,"featured_media":204,"parent":0,"menu_order":0,"comment_status":"closed","ping_status":"closed","template":"","meta":{"inline_featured_image":false,"footnotes":""},"class_list":["post-41","page","type-page","status-publish","has-post-thumbnail"],"yoast_head":"<!-- This site is optimized with the Yoast SEO plugin v27.4 - https:\/\/yoast.com\/product\/yoast-seo-wordpress\/ -->\n<title>L&#039;institut Confucius de l&#039;Universit\u00e9 de Lorraine - Institut Confucius<\/title>\n<meta name=\"robots\" content=\"index, follow, max-snippet:-1, max-image-preview:large, max-video-preview:-1\" \/>\n<link rel=\"canonical\" href=\"https:\/\/www.univ-lorraine.fr\/institut-confucius\/linstitut\/\" \/>\n<meta property=\"og:locale\" content=\"fr_FR\" \/>\n<meta property=\"og:type\" content=\"article\" \/>\n<meta property=\"og:title\" content=\"L&#039;institut Confucius de l&#039;Universit\u00e9 de Lorraine - Institut Confucius\" \/>\n<meta property=\"og:description\" content=\"L\u2019Institut Confucius de l\u2019Universit\u00e9 de Lorraine est le 15e \u00e0 \u00eatre cr\u00e9\u00e9 en France. Il s\u2019agit d\u2019une structure de coop\u00e9ration franco-chinoise. Sa cr\u00e9ation s\u2019inscrit dans la continuit\u00e9 de la coop\u00e9ration franco-chinoise de notre universit\u00e9 ; elle est aussi le fruit d\u2019une volont\u00e9 partag\u00e9e par notre universit\u00e9, l\u2019universit\u00e9 partenaire chinoise (Wuhan University of Technology) et des ... Lire plus\" \/>\n<meta property=\"og:url\" content=\"https:\/\/www.univ-lorraine.fr\/institut-confucius\/linstitut\/\" \/>\n<meta property=\"og:site_name\" content=\"Institut Confucius\" \/>\n<meta property=\"article:modified_time\" content=\"2022-04-06T08:08:11+00:00\" \/>\n<meta property=\"og:image\" content=\"https:\/\/www.univ-lorraine.fr\/institut-confucius\/wp-content\/uploads\/sites\/9\/2021\/03\/confucius2_0.png\" \/>\n\t<meta property=\"og:image:width\" content=\"940\" \/>\n\t<meta property=\"og:image:height\" content=\"290\" \/>\n\t<meta property=\"og:image:type\" content=\"image\/png\" \/>\n<meta name=\"twitter:card\" content=\"summary_large_image\" \/>\n<meta name=\"twitter:label1\" content=\"Dur\u00e9e de lecture estim\u00e9e\" \/>\n\t<meta name=\"twitter:data1\" content=\"3 minutes\" \/>\n<script type=\"application\/ld+json\" class=\"yoast-schema-graph\">{\"@context\":\"https:\\\/\\\/schema.org\",\"@graph\":[{\"@type\":\"WebPage\",\"@id\":\"https:\\\/\\\/www.univ-lorraine.fr\\\/institut-confucius\\\/linstitut\\\/\",\"url\":\"https:\\\/\\\/www.univ-lorraine.fr\\\/institut-confucius\\\/linstitut\\\/\",\"name\":\"L'institut Confucius de l'Universit\u00e9 de Lorraine - Institut Confucius\",\"isPartOf\":{\"@id\":\"https:\\\/\\\/www.univ-lorraine.fr\\\/institut-confucius\\\/#website\"},\"primaryImageOfPage\":{\"@id\":\"https:\\\/\\\/www.univ-lorraine.fr\\\/institut-confucius\\\/linstitut\\\/#primaryimage\"},\"image\":{\"@id\":\"https:\\\/\\\/www.univ-lorraine.fr\\\/institut-confucius\\\/linstitut\\\/#primaryimage\"},\"thumbnailUrl\":\"https:\\\/\\\/www.univ-lorraine.fr\\\/institut-confucius\\\/wp-content\\\/uploads\\\/sites\\\/9\\\/2021\\\/03\\\/confucius2_0.png\",\"datePublished\":\"2021-01-27T13:49:15+00:00\",\"dateModified\":\"2022-04-06T08:08:11+00:00\",\"breadcrumb\":{\"@id\":\"https:\\\/\\\/www.univ-lorraine.fr\\\/institut-confucius\\\/linstitut\\\/#breadcrumb\"},\"inLanguage\":\"fr-FR\",\"potentialAction\":[{\"@type\":\"ReadAction\",\"target\":[\"https:\\\/\\\/www.univ-lorraine.fr\\\/institut-confucius\\\/linstitut\\\/\"]}]},{\"@type\":\"ImageObject\",\"inLanguage\":\"fr-FR\",\"@id\":\"https:\\\/\\\/www.univ-lorraine.fr\\\/institut-confucius\\\/linstitut\\\/#primaryimage\",\"url\":\"https:\\\/\\\/www.univ-lorraine.fr\\\/institut-confucius\\\/wp-content\\\/uploads\\\/sites\\\/9\\\/2021\\\/03\\\/confucius2_0.png\",\"contentUrl\":\"https:\\\/\\\/www.univ-lorraine.fr\\\/institut-confucius\\\/wp-content\\\/uploads\\\/sites\\\/9\\\/2021\\\/03\\\/confucius2_0.png\",\"width\":940,\"height\":290},{\"@type\":\"BreadcrumbList\",\"@id\":\"https:\\\/\\\/www.univ-lorraine.fr\\\/institut-confucius\\\/linstitut\\\/#breadcrumb\",\"itemListElement\":[{\"@type\":\"ListItem\",\"position\":1,\"name\":\"Accueil\",\"item\":\"https:\\\/\\\/www.univ-lorraine.fr\\\/institut-confucius\\\/\"},{\"@type\":\"ListItem\",\"position\":2,\"name\":\"L&#8217;institut Confucius de l&#8217;Universit\u00e9 de Lorraine\"}]},{\"@type\":\"WebSite\",\"@id\":\"https:\\\/\\\/www.univ-lorraine.fr\\\/institut-confucius\\\/#website\",\"url\":\"https:\\\/\\\/www.univ-lorraine.fr\\\/institut-confucius\\\/\",\"name\":\"institut-confucius\",\"description\":\"\",\"publisher\":{\"@id\":\"https:\\\/\\\/www.univ-lorraine.fr\\\/institut-confucius\\\/#organization\"},\"potentialAction\":[{\"@type\":\"SearchAction\",\"target\":{\"@type\":\"EntryPoint\",\"urlTemplate\":\"https:\\\/\\\/www.univ-lorraine.fr\\\/institut-confucius\\\/?s={search_term_string}\"},\"query-input\":{\"@type\":\"PropertyValueSpecification\",\"valueRequired\":true,\"valueName\":\"search_term_string\"}}],\"inLanguage\":\"fr-FR\"},{\"@type\":\"Organization\",\"@id\":\"https:\\\/\\\/www.univ-lorraine.fr\\\/institut-confucius\\\/#organization\",\"name\":\"Universit\u00e9 de Lorraine\",\"url\":\"https:\\\/\\\/www.univ-lorraine.fr\\\/institut-confucius\\\/\",\"logo\":{\"@type\":\"ImageObject\",\"inLanguage\":\"fr-FR\",\"@id\":\"https:\\\/\\\/www.univ-lorraine.fr\\\/institut-confucius\\\/#\\\/schema\\\/logo\\\/image\\\/\",\"url\":\"https:\\\/\\\/www.univ-lorraine.fr\\\/institut-confucius\\\/wp-content\\\/uploads\\\/sites\\\/9\\\/2021\\\/04\\\/services-ul-confucius.png\",\"contentUrl\":\"https:\\\/\\\/www.univ-lorraine.fr\\\/institut-confucius\\\/wp-content\\\/uploads\\\/sites\\\/9\\\/2021\\\/04\\\/services-ul-confucius.png\",\"width\":703,\"height\":313,\"caption\":\"Universit\u00e9 de Lorraine\"},\"image\":{\"@id\":\"https:\\\/\\\/www.univ-lorraine.fr\\\/institut-confucius\\\/#\\\/schema\\\/logo\\\/image\\\/\"}}]}<\/script>\n<!-- \/ Yoast SEO plugin. -->","yoast_head_json":{"title":"L'institut Confucius de l'Universit\u00e9 de Lorraine - Institut Confucius","robots":{"index":"index","follow":"follow","max-snippet":"max-snippet:-1","max-image-preview":"max-image-preview:large","max-video-preview":"max-video-preview:-1"},"canonical":"https:\/\/www.univ-lorraine.fr\/institut-confucius\/linstitut\/","og_locale":"fr_FR","og_type":"article","og_title":"L'institut Confucius de l'Universit\u00e9 de Lorraine - Institut Confucius","og_description":"L\u2019Institut Confucius de l\u2019Universit\u00e9 de Lorraine est le 15e \u00e0 \u00eatre cr\u00e9\u00e9 en France. Il s\u2019agit d\u2019une structure de coop\u00e9ration franco-chinoise. Sa cr\u00e9ation s\u2019inscrit dans la continuit\u00e9 de la coop\u00e9ration franco-chinoise de notre universit\u00e9 ; elle est aussi le fruit d\u2019une volont\u00e9 partag\u00e9e par notre universit\u00e9, l\u2019universit\u00e9 partenaire chinoise (Wuhan University of Technology) et des ... Lire plus","og_url":"https:\/\/www.univ-lorraine.fr\/institut-confucius\/linstitut\/","og_site_name":"Institut Confucius","article_modified_time":"2022-04-06T08:08:11+00:00","og_image":[{"width":940,"height":290,"url":"https:\/\/www.univ-lorraine.fr\/institut-confucius\/wp-content\/uploads\/sites\/9\/2021\/03\/confucius2_0.png","type":"image\/png"}],"twitter_card":"summary_large_image","twitter_misc":{"Dur\u00e9e de lecture estim\u00e9e":"3 minutes"},"schema":{"@context":"https:\/\/schema.org","@graph":[{"@type":"WebPage","@id":"https:\/\/www.univ-lorraine.fr\/institut-confucius\/linstitut\/","url":"https:\/\/www.univ-lorraine.fr\/institut-confucius\/linstitut\/","name":"L'institut Confucius de l'Universit\u00e9 de Lorraine - Institut Confucius","isPartOf":{"@id":"https:\/\/www.univ-lorraine.fr\/institut-confucius\/#website"},"primaryImageOfPage":{"@id":"https:\/\/www.univ-lorraine.fr\/institut-confucius\/linstitut\/#primaryimage"},"image":{"@id":"https:\/\/www.univ-lorraine.fr\/institut-confucius\/linstitut\/#primaryimage"},"thumbnailUrl":"https:\/\/www.univ-lorraine.fr\/institut-confucius\/wp-content\/uploads\/sites\/9\/2021\/03\/confucius2_0.png","datePublished":"2021-01-27T13:49:15+00:00","dateModified":"2022-04-06T08:08:11+00:00","breadcrumb":{"@id":"https:\/\/www.univ-lorraine.fr\/institut-confucius\/linstitut\/#breadcrumb"},"inLanguage":"fr-FR","potentialAction":[{"@type":"ReadAction","target":["https:\/\/www.univ-lorraine.fr\/institut-confucius\/linstitut\/"]}]},{"@type":"ImageObject","inLanguage":"fr-FR","@id":"https:\/\/www.univ-lorraine.fr\/institut-confucius\/linstitut\/#primaryimage","url":"https:\/\/www.univ-lorraine.fr\/institut-confucius\/wp-content\/uploads\/sites\/9\/2021\/03\/confucius2_0.png","contentUrl":"https:\/\/www.univ-lorraine.fr\/institut-confucius\/wp-content\/uploads\/sites\/9\/2021\/03\/confucius2_0.png","width":940,"height":290},{"@type":"BreadcrumbList","@id":"https:\/\/www.univ-lorraine.fr\/institut-confucius\/linstitut\/#breadcrumb","itemListElement":[{"@type":"ListItem","position":1,"name":"Accueil","item":"https:\/\/www.univ-lorraine.fr\/institut-confucius\/"},{"@type":"ListItem","position":2,"name":"L&#8217;institut Confucius de l&#8217;Universit\u00e9 de Lorraine"}]},{"@type":"WebSite","@id":"https:\/\/www.univ-lorraine.fr\/institut-confucius\/#website","url":"https:\/\/www.univ-lorraine.fr\/institut-confucius\/","name":"institut-confucius","description":"","publisher":{"@id":"https:\/\/www.univ-lorraine.fr\/institut-confucius\/#organization"},"potentialAction":[{"@type":"SearchAction","target":{"@type":"EntryPoint","urlTemplate":"https:\/\/www.univ-lorraine.fr\/institut-confucius\/?s={search_term_string}"},"query-input":{"@type":"PropertyValueSpecification","valueRequired":true,"valueName":"search_term_string"}}],"inLanguage":"fr-FR"},{"@type":"Organization","@id":"https:\/\/www.univ-lorraine.fr\/institut-confucius\/#organization","name":"Universit\u00e9 de Lorraine","url":"https:\/\/www.univ-lorraine.fr\/institut-confucius\/","logo":{"@type":"ImageObject","inLanguage":"fr-FR","@id":"https:\/\/www.univ-lorraine.fr\/institut-confucius\/#\/schema\/logo\/image\/","url":"https:\/\/www.univ-lorraine.fr\/institut-confucius\/wp-content\/uploads\/sites\/9\/2021\/04\/services-ul-confucius.png","contentUrl":"https:\/\/www.univ-lorraine.fr\/institut-confucius\/wp-content\/uploads\/sites\/9\/2021\/04\/services-ul-confucius.png","width":703,"height":313,"caption":"Universit\u00e9 de Lorraine"},"image":{"@id":"https:\/\/www.univ-lorraine.fr\/institut-confucius\/#\/schema\/logo\/image\/"}}]}},"_links":{"self":[{"href":"https:\/\/www.univ-lorraine.fr\/institut-confucius\/wp-json\/wp\/v2\/pages\/41","targetHints":{"allow":["GET"]}}],"collection":[{"href":"https:\/\/www.univ-lorraine.fr\/institut-confucius\/wp-json\/wp\/v2\/pages"}],"about":[{"href":"https:\/\/www.univ-lorraine.fr\/institut-confucius\/wp-json\/wp\/v2\/types\/page"}],"author":[{"embeddable":true,"href":"https:\/\/www.univ-lorraine.fr\/institut-confucius\/wp-json\/wp\/v2\/users\/4"}],"replies":[{"embeddable":true,"href":"https:\/\/www.univ-lorraine.fr\/institut-confucius\/wp-json\/wp\/v2\/comments?post=41"}],"version-history":[{"count":14,"href":"https:\/\/www.univ-lorraine.fr\/institut-confucius\/wp-json\/wp\/v2\/pages\/41\/revisions"}],"predecessor-version":[{"id":851,"href":"https:\/\/www.univ-lorraine.fr\/institut-confucius\/wp-json\/wp\/v2\/pages\/41\/revisions\/851"}],"wp:featuredmedia":[{"embeddable":true,"href":"https:\/\/www.univ-lorraine.fr\/institut-confucius\/wp-json\/wp\/v2\/media\/204"}],"wp:attachment":[{"href":"https:\/\/www.univ-lorraine.fr\/institut-confucius\/wp-json\/wp\/v2\/media?parent=41"}],"curies":[{"name":"wp","href":"https:\/\/api.w.org\/{rel}","templated":true}]}}