{"id":1372,"date":"2025-09-26T16:56:32","date_gmt":"2025-09-26T14:56:32","guid":{"rendered":"https:\/\/www.univ-lorraine.fr\/isite-lorraine\/?page_id=1372"},"modified":"2025-10-20T09:50:59","modified_gmt":"2025-10-20T07:50:59","slug":"orion","status":"publish","type":"page","link":"https:\/\/www.univ-lorraine.fr\/isite-lorraine\/initiative-dexcellence-lorraine\/orion\/","title":{"rendered":"ORION"},"content":{"rendered":"<div class=\"gb-grid-wrapper gb-grid-wrapper-fbd61349\">\n<div class=\"gb-grid-column gb-grid-column-1c15437f\"><div class=\"gb-container gb-container-1c15437f\"><div class=\"gb-inside-container\">\n<div class=\"wp-block-image\">\n<figure class=\"alignleft size-large\"><img decoding=\"async\" src=\"https:\/\/www.univ-lorraine.fr\/lue\/wp-content\/uploads\/sites\/34\/2022\/03\/personnage-orion-seul-pour-fond-clair-728x1024.jpg\" alt=\"\" class=\"wp-image-943\"\/><\/figure>\n<\/div>\n<\/div><\/div><\/div>\n\n<div class=\"gb-grid-column gb-grid-column-41ddf593\"><div class=\"gb-container gb-container-41ddf593\"><div class=\"gb-inside-container\">\n\n<h3 class=\"wp-block-heading\">OBJECTIFS<\/h3>\n\n\n\n<p>ORION a pour objectif de permettre aux \u00e9tudiants de d\u00e9couvrir et de pratiquer la recherche. Il \u0153uvre \u00e0 d\u00e9velopper une communaut\u00e9 d\u2019\u00e9tudiants capable de relever les d\u00e9fis de demain.<\/p>\n\n\n<div class=\"wp-block-image\">\n<figure class=\"aligncenter\"><img decoding=\"async\" src=\"https:\/\/www.univ-lorraine.fr\/osezlarecherche\/wp-content\/uploads\/sites\/32\/2022\/01\/Pyramide-ORION-2-1-300x245.png\" alt=\"Image qui pr\u00e9sente le parcours d'un \u00e9tudiant qui se destine \u00e0 la recherche en suivant les dispositifs Orion : de la d\u00e9couverte de la recherche en deuxi\u00e8me ann\u00e9e, \u00e0 la pratique de la recherche en deuxi\u00e8me cycle.\" class=\"wp-image-1070\"\/><\/figure>\n<\/div>\n\n\n<p>L\u2019exposition \u00e0 la recherche prend diff\u00e9rentes formes&nbsp;:&nbsp;<a href=\"https:\/\/www.univ-lorraine.fr\/osezlarecherche\/unites-denseignement\/\">cours d\u00e9di\u00e9s<\/a>,&nbsp;<a href=\"https:\/\/www.univ-lorraine.fr\/osezlarecherche\/les-dispositifs-orion\/tp-dexcellence\/\">travaux pratiques d\u2019excellence<\/a>&nbsp;sur des plateformes phares de LUE, \u00e9coles th\u00e9matiques de recherche,&nbsp;<a href=\"https:\/\/www.univ-lorraine.fr\/osezlarecherche\/les-dispositifs-orion\/soft-skills\/\">ateliers d\u2019innovation<\/a>, clubs multidisciplinaires de<a href=\"https:\/\/www.univ-lorraine.fr\/osezlarecherche\/les-dispositifs-orion\/bourses-grants-ne-pas-publier\/\">&nbsp;recherche (clubs \u00e9tudiants-chercheurs),&nbsp;<\/a>stages en laboratoires \u00e0 l\u2019universit\u00e9, immersion \u00e0 l\u2019international dans les structures de recherche de nos partenaires acad\u00e9miques \u00e0 l\u2019\u00e9tranger; et est accompagn\u00e9 de financements d\u00e9di\u00e9s (<a href=\"https:\/\/www.univ-lorraine.fr\/osezlarecherche\/se-lancer\/\">bourses d\u2019excellence<\/a>,&nbsp;<a href=\"https:\/\/www.univ-lorraine.fr\/osezlarecherche\/les-dispositifs-orion\/bourses-grants-ne-pas-publier\/\">gratifications de stage<\/a>&nbsp;et&nbsp;<a href=\"https:\/\/www.univ-lorraine.fr\/osezlarecherche\/les-dispositifs-orion\/international\/\">aide \u00e0 la mobilit\u00e9<\/a>).<\/p>\n\n\n\n<p><\/p>\n\n<\/div><\/div><\/div>\n<\/div>\n\n\n<h3 class=\"wp-block-heading\">INITIATIVE D&rsquo;EXCELLENCE LORRAINE<\/h3>\n\n\n\n<p>ORION vient en soutien \u00e0 l&rsquo;I-SITE Lorraine pour d\u00e9velopper le leadership international du site lorrain sur l\u2019ing\u00e9nierie autour de 6 d\u00e9fis \u00e9conomiques et soci\u00e9taux : cha\u00eene de valeur des mat\u00e9riaux, gestion durable des ressources naturelles et de l\u2019environnement, \u00e9nergie du futur et transition \u00e9nerg\u00e9tique, confiance dans le num\u00e9rique, sant\u00e9 et accompagnement du vieillissement, ing\u00e9nierie de la connaissance.<\/p>\n\n\n<div class=\"gb-container gb-container-fdf169d9\">\n\n<h3 class=\"wp-block-heading\">LAUR\u00c9AT \u201d PROGRAMME INVESTISSEMENT D\u2019AVENIR \u201c<\/h3>\n\n\n\n<p class=\"gb-headline gb-headline-ca2b2a1f gb-headline-text\">ORION a \u00e9t\u00e9 retenu le 1<sup>er<\/sup>&nbsp;juillet 2020 dans le cadre de l\u2019appel \u00e0 projets \u00ab Structuration de la formation par la recherche dans les initiatives d\u2019excellence \u00bb (SFRI) du Programme d\u2019Investissement d\u2019Avenir \u00ab\u00a0France 2030\u00a0\u00bb&nbsp;. Dot\u00e9 de 18,5 millions d\u2019euros sur 9 ans, il va permettre de mieux sensibiliser et former les \u00e9tudiants \u00e0 la recherche en leur offrant un environnement plus diversifi\u00e9.<\/p>\n\n<\/div>\n\n<div class=\"gb-container gb-container-d310e02c\">\n\n<h3 class=\"gb-headline gb-headline-6bf660ab gb-headline-text\">CONSTRUCTION DU PROGRAMME<\/h3>\n\n\n<div class=\"gb-container gb-container-b635f326\">\n\n<p>ORION est construit dans une logique de progression allant de la d\u00e9couverte de la recherche (BAC+2), puis sa pratique (de BAC+3 \u00e0 BAC+5) pour devenir des chercheurs (PhD). Mais les originalit\u00e9s principales d\u2019ORION sont d\u2019une part l\u2019accent mis sur la pratique de la recherche et d\u2019autre part la volont\u00e9 de mixer les publics (Facult\u00e9s et Ecoles d\u2019ing\u00e9nieurs), les niveaux (du BAC+2 au doctorat), les disciplines et les nationalit\u00e9s pour cr\u00e9er une communaut\u00e9 d\u2019\u00e9tudiants inscrite dans une trajectoire recherche.<\/p>\n\n<\/div>\n\n<div class=\"gb-container gb-container-858b8761\">\n\n<figure class=\"wp-block-image\"><img decoding=\"async\" src=\"https:\/\/www.univ-lorraine.fr\/osezlarecherche\/wp-content\/uploads\/sites\/32\/2022\/01\/ORION-communaute-1024x684.png\" alt=\"Sch\u00e9ma de la \ncomposition de la communaut\u00e9 ORION : 1200 \u00e9tudiants qui participent \u00e0 un dispositif ORION, dont plus de la moiti\u00e9 au niveau licence.\" class=\"wp-image-1069\" title=\"Composition de la communaut\u00e9 ORION\"\/><figcaption class=\"wp-element-caption\"><strong>Composition de la communaut\u00e9 ORION<\/strong><\/figcaption><\/figure>\n\n<\/div>\n<\/div>\n\n<div class=\"gb-container gb-container-b37deed5\">\n\n<h2 class=\"wp-block-heading\">LES PARTENAIRES DU PROGRAMME ORION<\/h2>\n\n\n\n<p>Les partenaires d\u2019ORION se r\u00e9jouissent du succ\u00e8s de ces projets, qui viennent conforter la dynamique positive de l&rsquo;I-SITE dans son ensemble au service de la formation, de la recherche, de l\u2019innovation et du d\u00e9veloppement \u00e9conomique.<\/p>\n\n\n<div class=\"wp-block-image\">\n<figure class=\"aligncenter\"><img decoding=\"async\" src=\"https:\/\/www.univ-lorraine.fr\/osezlarecherche\/wp-content\/uploads\/sites\/32\/2022\/01\/bandeau.png\" alt=\"\" class=\"wp-image-596\"\/><\/figure>\n<\/div>\n\n\n<p>Plus d&rsquo;infos<\/p>\n\n\n\n<ul class=\"wp-block-list\">\n<li>Contacter : <a href=\"m&#97;&#x69;&#x6c;t&#111;&#x3a;&#x6c;u&#101;&#45;&#x6f;&#x72;i&#111;&#x6e;&#x2d;c&#101;&#x6c;&#x6c;u&#108;&#101;&#x40;&#x75;n&#105;&#x76;&#x2d;l&#111;&#x72;&#x72;a&#105;&#110;&#x65;&#x2e;f&#114;\">&#x6c;&#x75;&#101;&#45;or&#x69;&#x6f;&#x6e;&#45;ce&#x6c;&#x6c;&#x75;&#108;&#101;&#64;&#x75;&#x6e;&#x69;&#118;&#45;l&#x6f;&#x72;&#x72;&#97;&#105;ne&#x2e;&#x66;&#x72;<\/a><\/li>\n\n\n\n<li>Abonnez-vous \u00e0 la lettre d\u2019info \u201d <a href=\"https:\/\/listes.univ-lorraine.fr\/sympa\/subscribe\/newsletter-orion-diffusion\">L\u2019actualit\u00e9 d\u2019ORION<\/a> \u201c<\/li>\n<\/ul>\n\n<\/div>","protected":false},"excerpt":{"rendered":"<p>INITIATIVE D&rsquo;EXCELLENCE LORRAINE ORION vient en soutien \u00e0 l&rsquo;I-SITE Lorraine pour d\u00e9velopper le leadership international du site lorrain sur l\u2019ing\u00e9nierie autour de 6 d\u00e9fis \u00e9conomiques et soci\u00e9taux : cha\u00eene de valeur des mat\u00e9riaux, gestion durable des ressources naturelles et de l\u2019environnement, \u00e9nergie du futur et transition \u00e9nerg\u00e9tique, confiance dans le num\u00e9rique, sant\u00e9 et accompagnement du &#8230; <a title=\"ORION\" class=\"read-more\" href=\"https:\/\/www.univ-lorraine.fr\/isite-lorraine\/initiative-dexcellence-lorraine\/orion\/\" aria-label=\"En savoir plus sur ORION\">Lire plus<\/a><\/p>\n","protected":false},"author":7,"featured_media":0,"parent":435,"menu_order":0,"comment_status":"closed","ping_status":"closed","template":"","meta":{"inline_featured_image":false,"footnotes":""},"class_list":["post-1372","page","type-page","status-publish"],"yoast_head":"<!-- This site is optimized with the Yoast SEO plugin v27.4 - https:\/\/yoast.com\/product\/yoast-seo-wordpress\/ -->\n<title>ORION - Isite Lorraine<\/title>\n<meta name=\"robots\" content=\"index, follow, max-snippet:-1, max-image-preview:large, max-video-preview:-1\" \/>\n<link rel=\"canonical\" href=\"https:\/\/www.univ-lorraine.fr\/isite-lorraine\/initiative-dexcellence-lorraine\/orion\/\" \/>\n<meta property=\"og:locale\" content=\"fr_FR\" \/>\n<meta property=\"og:type\" content=\"article\" \/>\n<meta property=\"og:title\" content=\"ORION - Isite Lorraine\" \/>\n<meta property=\"og:description\" content=\"INITIATIVE D&rsquo;EXCELLENCE LORRAINE ORION vient en soutien \u00e0 l&rsquo;I-SITE Lorraine pour d\u00e9velopper le leadership international du site lorrain sur l\u2019ing\u00e9nierie autour de 6 d\u00e9fis \u00e9conomiques et soci\u00e9taux : cha\u00eene de valeur des mat\u00e9riaux, gestion durable des ressources naturelles et de l\u2019environnement, \u00e9nergie du futur et transition \u00e9nerg\u00e9tique, confiance dans le num\u00e9rique, sant\u00e9 et accompagnement du ... Lire plus\" \/>\n<meta property=\"og:url\" content=\"https:\/\/www.univ-lorraine.fr\/isite-lorraine\/initiative-dexcellence-lorraine\/orion\/\" \/>\n<meta property=\"og:site_name\" content=\"Isite Lorraine\" \/>\n<meta property=\"article:modified_time\" content=\"2025-10-20T07:50:59+00:00\" \/>\n<meta name=\"twitter:card\" content=\"summary_large_image\" \/>\n<meta name=\"twitter:label1\" content=\"Dur\u00e9e de lecture estim\u00e9e\" \/>\n\t<meta name=\"twitter:data1\" content=\"2 minutes\" \/>\n<script type=\"application\/ld+json\" class=\"yoast-schema-graph\">{\"@context\":\"https:\\\/\\\/schema.org\",\"@graph\":[{\"@type\":\"WebPage\",\"@id\":\"https:\\\/\\\/www.univ-lorraine.fr\\\/isite-lorraine\\\/initiative-dexcellence-lorraine\\\/orion\\\/\",\"url\":\"https:\\\/\\\/www.univ-lorraine.fr\\\/isite-lorraine\\\/initiative-dexcellence-lorraine\\\/orion\\\/\",\"name\":\"ORION - Isite Lorraine\",\"isPartOf\":{\"@id\":\"https:\\\/\\\/www.univ-lorraine.fr\\\/isite-lorraine\\\/#website\"},\"primaryImageOfPage\":{\"@id\":\"https:\\\/\\\/www.univ-lorraine.fr\\\/isite-lorraine\\\/initiative-dexcellence-lorraine\\\/orion\\\/#primaryimage\"},\"image\":{\"@id\":\"https:\\\/\\\/www.univ-lorraine.fr\\\/isite-lorraine\\\/initiative-dexcellence-lorraine\\\/orion\\\/#primaryimage\"},\"thumbnailUrl\":\"https:\\\/\\\/www.univ-lorraine.fr\\\/lue\\\/wp-content\\\/uploads\\\/sites\\\/34\\\/2022\\\/03\\\/personnage-orion-seul-pour-fond-clair-728x1024.jpg\",\"datePublished\":\"2025-09-26T14:56:32+00:00\",\"dateModified\":\"2025-10-20T07:50:59+00:00\",\"breadcrumb\":{\"@id\":\"https:\\\/\\\/www.univ-lorraine.fr\\\/isite-lorraine\\\/initiative-dexcellence-lorraine\\\/orion\\\/#breadcrumb\"},\"inLanguage\":\"fr-FR\",\"potentialAction\":[{\"@type\":\"ReadAction\",\"target\":[\"https:\\\/\\\/www.univ-lorraine.fr\\\/isite-lorraine\\\/initiative-dexcellence-lorraine\\\/orion\\\/\"]}]},{\"@type\":\"ImageObject\",\"inLanguage\":\"fr-FR\",\"@id\":\"https:\\\/\\\/www.univ-lorraine.fr\\\/isite-lorraine\\\/initiative-dexcellence-lorraine\\\/orion\\\/#primaryimage\",\"url\":\"https:\\\/\\\/www.univ-lorraine.fr\\\/lue\\\/wp-content\\\/uploads\\\/sites\\\/34\\\/2022\\\/03\\\/personnage-orion-seul-pour-fond-clair-728x1024.jpg\",\"contentUrl\":\"https:\\\/\\\/www.univ-lorraine.fr\\\/lue\\\/wp-content\\\/uploads\\\/sites\\\/34\\\/2022\\\/03\\\/personnage-orion-seul-pour-fond-clair-728x1024.jpg\"},{\"@type\":\"BreadcrumbList\",\"@id\":\"https:\\\/\\\/www.univ-lorraine.fr\\\/isite-lorraine\\\/initiative-dexcellence-lorraine\\\/orion\\\/#breadcrumb\",\"itemListElement\":[{\"@type\":\"ListItem\",\"position\":1,\"name\":\"Accueil\",\"item\":\"https:\\\/\\\/www.univ-lorraine.fr\\\/isite-lorraine\\\/\"},{\"@type\":\"ListItem\",\"position\":2,\"name\":\"Initiative d&rsquo;Excellence Lorraine\",\"item\":\"https:\\\/\\\/www.univ-lorraine.fr\\\/isite-lorraine\\\/initiative-dexcellence-lorraine\\\/\"},{\"@type\":\"ListItem\",\"position\":3,\"name\":\"ORION\"}]},{\"@type\":\"WebSite\",\"@id\":\"https:\\\/\\\/www.univ-lorraine.fr\\\/isite-lorraine\\\/#website\",\"url\":\"https:\\\/\\\/www.univ-lorraine.fr\\\/isite-lorraine\\\/\",\"name\":\"Isite Lorraine\",\"description\":\"Faire dialoguer les savoirs, c\u2019est innover\",\"publisher\":{\"@id\":\"https:\\\/\\\/www.univ-lorraine.fr\\\/isite-lorraine\\\/#organization\"},\"potentialAction\":[{\"@type\":\"SearchAction\",\"target\":{\"@type\":\"EntryPoint\",\"urlTemplate\":\"https:\\\/\\\/www.univ-lorraine.fr\\\/isite-lorraine\\\/?s={search_term_string}\"},\"query-input\":{\"@type\":\"PropertyValueSpecification\",\"valueRequired\":true,\"valueName\":\"search_term_string\"}}],\"inLanguage\":\"fr-FR\"},{\"@type\":\"Organization\",\"@id\":\"https:\\\/\\\/www.univ-lorraine.fr\\\/isite-lorraine\\\/#organization\",\"name\":\"Universit\u00e9 de Lorraine\",\"url\":\"https:\\\/\\\/www.univ-lorraine.fr\\\/isite-lorraine\\\/\",\"logo\":{\"@type\":\"ImageObject\",\"inLanguage\":\"fr-FR\",\"@id\":\"https:\\\/\\\/www.univ-lorraine.fr\\\/isite-lorraine\\\/#\\\/schema\\\/logo\\\/image\\\/\",\"url\":\"https:\\\/\\\/www.univ-lorraine.fr\\\/isite-lorraine\\\/wp-content\\\/uploads\\\/sites\\\/55\\\/2021\\\/01\\\/LOGO_UL.png\",\"contentUrl\":\"https:\\\/\\\/www.univ-lorraine.fr\\\/isite-lorraine\\\/wp-content\\\/uploads\\\/sites\\\/55\\\/2021\\\/01\\\/LOGO_UL.png\",\"width\":138,\"height\":48,\"caption\":\"Universit\u00e9 de Lorraine\"},\"image\":{\"@id\":\"https:\\\/\\\/www.univ-lorraine.fr\\\/isite-lorraine\\\/#\\\/schema\\\/logo\\\/image\\\/\"}}]}<\/script>\n<!-- \/ Yoast SEO plugin. -->","yoast_head_json":{"title":"ORION - Isite Lorraine","robots":{"index":"index","follow":"follow","max-snippet":"max-snippet:-1","max-image-preview":"max-image-preview:large","max-video-preview":"max-video-preview:-1"},"canonical":"https:\/\/www.univ-lorraine.fr\/isite-lorraine\/initiative-dexcellence-lorraine\/orion\/","og_locale":"fr_FR","og_type":"article","og_title":"ORION - Isite Lorraine","og_description":"INITIATIVE D&rsquo;EXCELLENCE LORRAINE ORION vient en soutien \u00e0 l&rsquo;I-SITE Lorraine pour d\u00e9velopper le leadership international du site lorrain sur l\u2019ing\u00e9nierie autour de 6 d\u00e9fis \u00e9conomiques et soci\u00e9taux : cha\u00eene de valeur des mat\u00e9riaux, gestion durable des ressources naturelles et de l\u2019environnement, \u00e9nergie du futur et transition \u00e9nerg\u00e9tique, confiance dans le num\u00e9rique, sant\u00e9 et accompagnement du ... Lire plus","og_url":"https:\/\/www.univ-lorraine.fr\/isite-lorraine\/initiative-dexcellence-lorraine\/orion\/","og_site_name":"Isite Lorraine","article_modified_time":"2025-10-20T07:50:59+00:00","twitter_card":"summary_large_image","twitter_misc":{"Dur\u00e9e de lecture estim\u00e9e":"2 minutes"},"schema":{"@context":"https:\/\/schema.org","@graph":[{"@type":"WebPage","@id":"https:\/\/www.univ-lorraine.fr\/isite-lorraine\/initiative-dexcellence-lorraine\/orion\/","url":"https:\/\/www.univ-lorraine.fr\/isite-lorraine\/initiative-dexcellence-lorraine\/orion\/","name":"ORION - Isite Lorraine","isPartOf":{"@id":"https:\/\/www.univ-lorraine.fr\/isite-lorraine\/#website"},"primaryImageOfPage":{"@id":"https:\/\/www.univ-lorraine.fr\/isite-lorraine\/initiative-dexcellence-lorraine\/orion\/#primaryimage"},"image":{"@id":"https:\/\/www.univ-lorraine.fr\/isite-lorraine\/initiative-dexcellence-lorraine\/orion\/#primaryimage"},"thumbnailUrl":"https:\/\/www.univ-lorraine.fr\/lue\/wp-content\/uploads\/sites\/34\/2022\/03\/personnage-orion-seul-pour-fond-clair-728x1024.jpg","datePublished":"2025-09-26T14:56:32+00:00","dateModified":"2025-10-20T07:50:59+00:00","breadcrumb":{"@id":"https:\/\/www.univ-lorraine.fr\/isite-lorraine\/initiative-dexcellence-lorraine\/orion\/#breadcrumb"},"inLanguage":"fr-FR","potentialAction":[{"@type":"ReadAction","target":["https:\/\/www.univ-lorraine.fr\/isite-lorraine\/initiative-dexcellence-lorraine\/orion\/"]}]},{"@type":"ImageObject","inLanguage":"fr-FR","@id":"https:\/\/www.univ-lorraine.fr\/isite-lorraine\/initiative-dexcellence-lorraine\/orion\/#primaryimage","url":"https:\/\/www.univ-lorraine.fr\/lue\/wp-content\/uploads\/sites\/34\/2022\/03\/personnage-orion-seul-pour-fond-clair-728x1024.jpg","contentUrl":"https:\/\/www.univ-lorraine.fr\/lue\/wp-content\/uploads\/sites\/34\/2022\/03\/personnage-orion-seul-pour-fond-clair-728x1024.jpg"},{"@type":"BreadcrumbList","@id":"https:\/\/www.univ-lorraine.fr\/isite-lorraine\/initiative-dexcellence-lorraine\/orion\/#breadcrumb","itemListElement":[{"@type":"ListItem","position":1,"name":"Accueil","item":"https:\/\/www.univ-lorraine.fr\/isite-lorraine\/"},{"@type":"ListItem","position":2,"name":"Initiative d&rsquo;Excellence Lorraine","item":"https:\/\/www.univ-lorraine.fr\/isite-lorraine\/initiative-dexcellence-lorraine\/"},{"@type":"ListItem","position":3,"name":"ORION"}]},{"@type":"WebSite","@id":"https:\/\/www.univ-lorraine.fr\/isite-lorraine\/#website","url":"https:\/\/www.univ-lorraine.fr\/isite-lorraine\/","name":"Isite Lorraine","description":"Faire dialoguer les savoirs, c\u2019est innover","publisher":{"@id":"https:\/\/www.univ-lorraine.fr\/isite-lorraine\/#organization"},"potentialAction":[{"@type":"SearchAction","target":{"@type":"EntryPoint","urlTemplate":"https:\/\/www.univ-lorraine.fr\/isite-lorraine\/?s={search_term_string}"},"query-input":{"@type":"PropertyValueSpecification","valueRequired":true,"valueName":"search_term_string"}}],"inLanguage":"fr-FR"},{"@type":"Organization","@id":"https:\/\/www.univ-lorraine.fr\/isite-lorraine\/#organization","name":"Universit\u00e9 de Lorraine","url":"https:\/\/www.univ-lorraine.fr\/isite-lorraine\/","logo":{"@type":"ImageObject","inLanguage":"fr-FR","@id":"https:\/\/www.univ-lorraine.fr\/isite-lorraine\/#\/schema\/logo\/image\/","url":"https:\/\/www.univ-lorraine.fr\/isite-lorraine\/wp-content\/uploads\/sites\/55\/2021\/01\/LOGO_UL.png","contentUrl":"https:\/\/www.univ-lorraine.fr\/isite-lorraine\/wp-content\/uploads\/sites\/55\/2021\/01\/LOGO_UL.png","width":138,"height":48,"caption":"Universit\u00e9 de Lorraine"},"image":{"@id":"https:\/\/www.univ-lorraine.fr\/isite-lorraine\/#\/schema\/logo\/image\/"}}]}},"_links":{"self":[{"href":"https:\/\/www.univ-lorraine.fr\/isite-lorraine\/wp-json\/wp\/v2\/pages\/1372","targetHints":{"allow":["GET"]}}],"collection":[{"href":"https:\/\/www.univ-lorraine.fr\/isite-lorraine\/wp-json\/wp\/v2\/pages"}],"about":[{"href":"https:\/\/www.univ-lorraine.fr\/isite-lorraine\/wp-json\/wp\/v2\/types\/page"}],"author":[{"embeddable":true,"href":"https:\/\/www.univ-lorraine.fr\/isite-lorraine\/wp-json\/wp\/v2\/users\/7"}],"replies":[{"embeddable":true,"href":"https:\/\/www.univ-lorraine.fr\/isite-lorraine\/wp-json\/wp\/v2\/comments?post=1372"}],"version-history":[{"count":4,"href":"https:\/\/www.univ-lorraine.fr\/isite-lorraine\/wp-json\/wp\/v2\/pages\/1372\/revisions"}],"predecessor-version":[{"id":1479,"href":"https:\/\/www.univ-lorraine.fr\/isite-lorraine\/wp-json\/wp\/v2\/pages\/1372\/revisions\/1479"}],"up":[{"embeddable":true,"href":"https:\/\/www.univ-lorraine.fr\/isite-lorraine\/wp-json\/wp\/v2\/pages\/435"}],"wp:attachment":[{"href":"https:\/\/www.univ-lorraine.fr\/isite-lorraine\/wp-json\/wp\/v2\/media?parent=1372"}],"curies":[{"name":"wp","href":"https:\/\/api.w.org\/{rel}","templated":true}]}}