{"id":1411,"date":"2025-09-29T08:45:13","date_gmt":"2025-09-29T06:45:13","guid":{"rendered":"https:\/\/www.univ-lorraine.fr\/isite-lorraine\/?page_id=1411"},"modified":"2025-09-29T08:45:15","modified_gmt":"2025-09-29T06:45:15","slug":"sirius","status":"publish","type":"page","link":"https:\/\/www.univ-lorraine.fr\/isite-lorraine\/en\/lorraine-excellence-initiative\/sirius\/","title":{"rendered":"SIRIUS"},"content":{"rendered":"<div class=\"gb-grid-wrapper gb-grid-wrapper-762b326b\">\n<div class=\"gb-grid-column gb-grid-column-b4837255\"><div class=\"gb-container gb-container-b4837255\">\n\n<h2 class=\"wp-block-heading\"><strong>Innovation Strategy for Strengthening Interactions between University and Society<\/strong><\/h2>\n\n<\/div><\/div>\n\n<div class=\"gb-grid-column gb-grid-column-946b5943\"><div class=\"gb-container gb-container-946b5943\"><div class=\"gb-inside-container\">\n\n<figure class=\"wp-block-image size-large\"><img decoding=\"async\" src=\"https:\/\/www.univ-lorraine.fr\/lue\/wp-content\/uploads\/sites\/34\/2022\/03\/helices-sirius-1024x638.png\" alt=\"\" class=\"wp-image-869\"\/><\/figure>\n\n<\/div><\/div><\/div>\n\n<div class=\"gb-grid-column gb-grid-column-69d4b952\"><div class=\"gb-container gb-container-69d4b952\"><div class=\"gb-inside-container\">\n\n<p>Winner of funding from the \u201cProgramme d\u2019Investissement d\u2019Avenir\u201d, the <strong>SIRIUS<\/strong> project (\u201cInnovation Strategy for Strengthening Interactions between University and Society\u201d) brings together the partners of Lorraine Universit\u00e9 d\u2019Excellence (Universit\u00e9 de Lorraine, CNRS, Inria, Inserm, INRAE, CHRU, AgroParisTech, Georgia Tech-Europe).<br>With an endowment of \u20ac13.9 million over 8 years, its ambition is to develop a comprehensive innovation strategy for the partners of the Lorraine site, with the goal of significantly improving their social and economic impact.<br>The project consists of 4 complementary areas of action, which operate systemically through a dynamic that engages the stakeholders of innovation: the academic world, the economic world, local authorities, and citizens.<\/p>\n\n<\/div><\/div><\/div>\n\n<div class=\"gb-grid-column gb-grid-column-559bd5e6\"><div class=\"gb-container gb-container-559bd5e6\">\n\n<ul class=\"wp-block-list\">\n\n<li>Scientific and Technical Lead: H\u00e9l\u00e8ne Boulanger, President of Universit\u00e9 de Lorraine<\/li>\n\n\n\n<li>Operational Project Manager: Ugo Dainche-Cecconello<\/li>\n\n<\/ul>\n\n<\/div><\/div>\n<\/div>\n\n\n<div class=\"gb-container gb-container-6e7947ad\">\n<div class=\"gb-container gb-container-7dac2ac5\">\n\n<h2 class=\"gb-headline gb-headline-d6d570fa gb-headline-text\">Deep Change Lab: being more efficient in serving you<\/h2>\n\n\n\n<p>The \u201cDeep Change Lab\u201d component aims to streamline inter- and intra-institutional processes and procedures. To do so, it seeks to foster a culture of innovation within the operational services of SIRIUS partners through the creation of a public innovation laboratory. The main goal of this laboratory is to simplify and facilitate relationships with our partners, with a focus on improving the services that the university provides to society. This public innovation lab will also address broader topics and support staff who wish to improve and\/or optimize a process. The project will also enable the creation of a network of ambassadors and a chair dedicated to new methods for designing our services.<\/p>\n\n\n\n<p><strong>Leads<\/strong>:<\/p>\n\n\n\n<ul class=\"wp-block-list\">\n<li>Mathilde BARTHE, Project Officer \u2013 General Directorate of Services<\/li>\n<li>Rachida RAJOUH, Quality Study Officer \u2013 Governance at the Directorate for Steering Support and Quality (DAPEQ)<\/li>\n<\/ul>\n\n<\/div>\n\n<div class=\"gb-container gb-container-e2263b30\">\n\n<h2 class=\"gb-headline gb-headline-b3703403 gb-headline-text\">4SH: create, prototype, test<\/h2>\n\n\n\n<p>The \u201c4 Stakeholders\u201d (4SH) component aims to make the innovations of the Lorraine site partners accessible to citizens, local authorities, and businesses. This component has several objectives:<br>\u2022 foster interaction between researchers, students, businesses, associations, local authorities, and citizens in open spaces.<br>\u2022 bring together and certify these openlab structures to extend their opening hours, equip them with innovative tools, and increase their visibility, in connection with the project\u2019s communication component.<br>\u2022 develop expert groups to support public authorities in shaping their public policies.<\/p>\n\n\n\n<p>Launched at the beginning of 2023, the <strong>Federation of Innovation Spaces<\/strong> is made up of 10 openlabs from all members of the Lorraine site:<\/p>\n\n\n\n<ul class=\"wp-block-list\">\n<li><strong><em><a href=\"https:\/\/iut-charlemagne.univ-lorraine.fr\/presentation\/services-communs\/\">Charly Lab<\/a><\/em><\/strong><\/li>\n<li><strong><em><a href=\"https:\/\/creativlab.loria.fr\/\">Cr\u00e9ativ&rsquo;Lab<\/a><\/em><\/strong><\/li>\n<li><strong><em><a href=\"https:\/\/www.expressivegame.com\/\">Expressive GameLab<\/a><\/em><\/strong><\/li>\n<li><strong><em><a href=\"https:\/\/www.agroparistech.fr\/innovation\/innlabs\/forestinnlab\">Forest\u2019Inn Lab<\/a><\/em><\/strong><\/li>\n<li><strong><em><a href=\"https:\/\/europe.gatech.edu\/en\/research-and-innovation\">Georgia Tech Lab<\/a><\/em><\/strong><\/li>\n<li><strong><em>Lab-Cit\u00e9<\/em><\/strong><\/li>\n<li><strong><em><a href=\"https:\/\/telecomnancy.univ-lorraine.fr\/introduction-recherche\/living-lab-prometee\/\">Living Lab PROMETEE<\/a><\/em><\/strong><\/li>\n<li><strong><em><a href=\"https:\/\/lf2l.fr\/fr\/\">Lorraine Fab Living Lab (LF2L)<\/a><\/em><\/strong><\/li>\n<li><strong><em><a href=\"https:\/\/peel.univ-lorraine.fr\/peelab-en-images\/\">PeeLaB<\/a><\/em><\/strong><\/li>\n<li><strong><em><a href=\"https:\/\/www.touschercheurs.fr\/\">Tous Chercheurs<\/a><\/em><\/strong><\/li>\n<\/ul>\n\n\n\n<p><strong>Lead<\/strong>:<\/p>\n\n\n\n<ul class=\"wp-block-list\">\n<li><a href=\"&#109;&#x61;i&#108;&#x74;o&#58;&#x64;i&#x64;&#x69;&#101;&#x72;&#46;&#104;&#x75;m&#98;&#x65;r&#x74;&#x40;&#117;&#x6e;&#x69;&#118;&#x2d;l&#111;&#x72;r&#97;&#x69;n&#x65;&#x2e;&#102;&#x72;\">Didier HUMBERT<\/a>, Head of Marketing Promotion Unit and 4SH Component of the Partnership Directorate at Universit\u00e9 de Lorraine<\/li>\n<\/ul>\n\n<\/div>\n\n\n<div class=\"gb-container gb-container-562ff2f8\">\n\n<h2 class=\"wp-block-heading\">360\u00b0 Booster: building connections, creating networks, sharing<\/h2>\n\n\n\n<p>The 360\u00b0 Booster component aims to strengthen the impact of LUE on the Lorraine economic fabric. This component is structured around two complementary areas:<\/p>\n\n\n\n<ul class=\"wp-block-list\">\n<li>On the one hand, creating 8 Thematic Communities (TC) on topics that bring together research laboratories of the Lorraine site, companies, associations, and local authorities. 4 TCs already existed before the launch of SIRIUS.<\/li>\n<li>On the other hand, creating groups of researchers\/PhD students, who will provide their expertise to requesting partners.<\/li>\n<\/ul>\n\n\n\n<p><strong>Leads<\/strong>:<\/p>\n\n\n\n<ul class=\"wp-block-list\">\n<li><a href=\"https:\/\/factuel.univ-lorraine.fr\/node\/20787\">J\u00e9r\u00f4me STERPENICH<\/a>, Vice-President in charge of socio-economic partnerships and territorial development, and <\/li>\n<li><a href=\"https:\/\/factuel.univ-lorraine.fr\/node\/22004\">J\u00e9r\u00f4me EMONOT<\/a>, Director of Partnerships at Universit\u00e9 de Lorraine.<\/li>\n<\/ul>\n\n<\/div>\n\n<div class=\"gb-container gb-container-05808651\">\n\n<h2 class=\"wp-block-heading\">Strategic communication: showcasing Lorraine research<\/h2>\n\n\n\n<p>The goal of the communication component is to raise awareness in France and internationally of the Lorraine academic site\u2019s actors and their strengths in research, education, and innovation. The communication component is organized in 3 successive phases:<\/p>\n\n\n\n<p>Promote the achievements of Lorraine Universit\u00e9 d\u2019Excellence through media at the international, national, and regional levels, and bring together the Lorraine site\u2019s partners by developing a strong brand identity.<\/p>\n\n\n\n<p>Develop the visibility and reputation of the Lorraine research site through this brand to be clearer and more effective across territories.<\/p>\n\n\n\n<p>Ensure internal adoption of the Lorraine research site\u2019s brand in order to foster a sense of belonging and improve the effectiveness of services for users.<\/p>\n\n\n\n<p><strong>Leads<\/strong>:<\/p>\n\n\n\n<ul class=\"wp-block-list\">\n<li>David DINE, Director of Communication at Universit\u00e9 de Lorraine, and <\/li>\n<li>Aude ANGSTER, Communication Project Manager<\/li>\n<\/ul>\n\n\n\n<p>More info: <a href=\"mail&#116;&#111;&#58;&#117;&#103;&#111;&#46;&#x64;&#x61;&#x69;&#x6e;&#x63;&#x68;&#x65;&#x40;&#x75;niv-&#108;&#111;&#114;&#114;&#97;&#105;&#110;&#x65;&#x2e;&#x66;&#x72;\">&#117;&#x67;&#111;&#x2e;&#100;&#x61;&#105;&#x6e;&#99;&#x68;&#101;&#x40;&#117;&#x6e;&#105;&#x76;&#45;&#x6c;&#111;&#x72;&#114;&#x61;&#105;&#x6e;&#101;&#x2e;&#102;&#x72;<\/a><\/p>\n\n<\/div>\n<\/div>\n","protected":false},"excerpt":{"rendered":"<p>Deep Change Lab: being more efficient in serving you The \u201cDeep Change Lab\u201d component aims to streamline inter- and intra-institutional processes and procedures. To do so, it seeks to foster a culture of innovation within the operational services of SIRIUS partners through the creation of a public innovation laboratory. The main goal of this laboratory &#8230; <a title=\"SIRIUS\" class=\"read-more\" href=\"https:\/\/www.univ-lorraine.fr\/isite-lorraine\/en\/lorraine-excellence-initiative\/sirius\/\" aria-label=\"En savoir plus sur SIRIUS\">Lire plus<\/a><\/p>\n","protected":false},"author":7,"featured_media":0,"parent":764,"menu_order":0,"comment_status":"closed","ping_status":"closed","template":"","meta":{"inline_featured_image":false,"footnotes":""},"class_list":["post-1411","page","type-page","status-publish"],"yoast_head":"<!-- This site is optimized with the Yoast SEO plugin v27.4 - https:\/\/yoast.com\/product\/yoast-seo-wordpress\/ -->\n<title>SIRIUS - Isite Lorraine<\/title>\n<meta name=\"robots\" content=\"index, follow, max-snippet:-1, max-image-preview:large, max-video-preview:-1\" \/>\n<link rel=\"canonical\" href=\"https:\/\/www.univ-lorraine.fr\/isite-lorraine\/en\/lorraine-excellence-initiative\/sirius\/\" \/>\n<meta property=\"og:locale\" content=\"fr_FR\" \/>\n<meta property=\"og:type\" content=\"article\" \/>\n<meta property=\"og:title\" content=\"SIRIUS - Isite Lorraine\" \/>\n<meta property=\"og:description\" content=\"Deep Change Lab: being more efficient in serving you The \u201cDeep Change Lab\u201d component aims to streamline inter- and intra-institutional processes and procedures. To do so, it seeks to foster a culture of innovation within the operational services of SIRIUS partners through the creation of a public innovation laboratory. The main goal of this laboratory ... Lire plus\" \/>\n<meta property=\"og:url\" content=\"https:\/\/www.univ-lorraine.fr\/isite-lorraine\/en\/lorraine-excellence-initiative\/sirius\/\" \/>\n<meta property=\"og:site_name\" content=\"Isite Lorraine\" \/>\n<meta property=\"article:modified_time\" content=\"2025-09-29T06:45:15+00:00\" \/>\n<meta name=\"twitter:card\" content=\"summary_large_image\" \/>\n<meta name=\"twitter:label1\" content=\"Dur\u00e9e de lecture estim\u00e9e\" \/>\n\t<meta name=\"twitter:data1\" content=\"3 minutes\" \/>\n<script type=\"application\/ld+json\" class=\"yoast-schema-graph\">{\"@context\":\"https:\\\/\\\/schema.org\",\"@graph\":[{\"@type\":\"WebPage\",\"@id\":\"https:\\\/\\\/www.univ-lorraine.fr\\\/isite-lorraine\\\/en\\\/lorraine-excellence-initiative\\\/sirius\\\/\",\"url\":\"https:\\\/\\\/www.univ-lorraine.fr\\\/isite-lorraine\\\/en\\\/lorraine-excellence-initiative\\\/sirius\\\/\",\"name\":\"SIRIUS - Isite Lorraine\",\"isPartOf\":{\"@id\":\"https:\\\/\\\/www.univ-lorraine.fr\\\/isite-lorraine\\\/#website\"},\"primaryImageOfPage\":{\"@id\":\"https:\\\/\\\/www.univ-lorraine.fr\\\/isite-lorraine\\\/en\\\/lorraine-excellence-initiative\\\/sirius\\\/#primaryimage\"},\"image\":{\"@id\":\"https:\\\/\\\/www.univ-lorraine.fr\\\/isite-lorraine\\\/en\\\/lorraine-excellence-initiative\\\/sirius\\\/#primaryimage\"},\"thumbnailUrl\":\"https:\\\/\\\/www.univ-lorraine.fr\\\/lue\\\/wp-content\\\/uploads\\\/sites\\\/34\\\/2022\\\/03\\\/helices-sirius-1024x638.png\",\"datePublished\":\"2025-09-29T06:45:13+00:00\",\"dateModified\":\"2025-09-29T06:45:15+00:00\",\"breadcrumb\":{\"@id\":\"https:\\\/\\\/www.univ-lorraine.fr\\\/isite-lorraine\\\/en\\\/lorraine-excellence-initiative\\\/sirius\\\/#breadcrumb\"},\"inLanguage\":\"fr-FR\",\"potentialAction\":[{\"@type\":\"ReadAction\",\"target\":[\"https:\\\/\\\/www.univ-lorraine.fr\\\/isite-lorraine\\\/en\\\/lorraine-excellence-initiative\\\/sirius\\\/\"]}]},{\"@type\":\"ImageObject\",\"inLanguage\":\"fr-FR\",\"@id\":\"https:\\\/\\\/www.univ-lorraine.fr\\\/isite-lorraine\\\/en\\\/lorraine-excellence-initiative\\\/sirius\\\/#primaryimage\",\"url\":\"https:\\\/\\\/www.univ-lorraine.fr\\\/lue\\\/wp-content\\\/uploads\\\/sites\\\/34\\\/2022\\\/03\\\/helices-sirius-1024x638.png\",\"contentUrl\":\"https:\\\/\\\/www.univ-lorraine.fr\\\/lue\\\/wp-content\\\/uploads\\\/sites\\\/34\\\/2022\\\/03\\\/helices-sirius-1024x638.png\"},{\"@type\":\"BreadcrumbList\",\"@id\":\"https:\\\/\\\/www.univ-lorraine.fr\\\/isite-lorraine\\\/en\\\/lorraine-excellence-initiative\\\/sirius\\\/#breadcrumb\",\"itemListElement\":[{\"@type\":\"ListItem\",\"position\":1,\"name\":\"Accueil\",\"item\":\"https:\\\/\\\/www.univ-lorraine.fr\\\/isite-lorraine\\\/\"},{\"@type\":\"ListItem\",\"position\":2,\"name\":\"Lorraine Initiative of Excellence\",\"item\":\"https:\\\/\\\/www.univ-lorraine.fr\\\/isite-lorraine\\\/en\\\/lorraine-excellence-initiative\\\/\"},{\"@type\":\"ListItem\",\"position\":3,\"name\":\"SIRIUS\"}]},{\"@type\":\"WebSite\",\"@id\":\"https:\\\/\\\/www.univ-lorraine.fr\\\/isite-lorraine\\\/#website\",\"url\":\"https:\\\/\\\/www.univ-lorraine.fr\\\/isite-lorraine\\\/\",\"name\":\"Isite Lorraine\",\"description\":\"Faire dialoguer les savoirs, c\u2019est innover\",\"publisher\":{\"@id\":\"https:\\\/\\\/www.univ-lorraine.fr\\\/isite-lorraine\\\/#organization\"},\"potentialAction\":[{\"@type\":\"SearchAction\",\"target\":{\"@type\":\"EntryPoint\",\"urlTemplate\":\"https:\\\/\\\/www.univ-lorraine.fr\\\/isite-lorraine\\\/?s={search_term_string}\"},\"query-input\":{\"@type\":\"PropertyValueSpecification\",\"valueRequired\":true,\"valueName\":\"search_term_string\"}}],\"inLanguage\":\"fr-FR\"},{\"@type\":\"Organization\",\"@id\":\"https:\\\/\\\/www.univ-lorraine.fr\\\/isite-lorraine\\\/#organization\",\"name\":\"Universit\u00e9 de Lorraine\",\"url\":\"https:\\\/\\\/www.univ-lorraine.fr\\\/isite-lorraine\\\/\",\"logo\":{\"@type\":\"ImageObject\",\"inLanguage\":\"fr-FR\",\"@id\":\"https:\\\/\\\/www.univ-lorraine.fr\\\/isite-lorraine\\\/#\\\/schema\\\/logo\\\/image\\\/\",\"url\":\"https:\\\/\\\/www.univ-lorraine.fr\\\/isite-lorraine\\\/wp-content\\\/uploads\\\/sites\\\/55\\\/2021\\\/01\\\/LOGO_UL.png\",\"contentUrl\":\"https:\\\/\\\/www.univ-lorraine.fr\\\/isite-lorraine\\\/wp-content\\\/uploads\\\/sites\\\/55\\\/2021\\\/01\\\/LOGO_UL.png\",\"width\":138,\"height\":48,\"caption\":\"Universit\u00e9 de Lorraine\"},\"image\":{\"@id\":\"https:\\\/\\\/www.univ-lorraine.fr\\\/isite-lorraine\\\/#\\\/schema\\\/logo\\\/image\\\/\"}}]}<\/script>\n<!-- \/ Yoast SEO plugin. -->","yoast_head_json":{"title":"SIRIUS - Isite Lorraine","robots":{"index":"index","follow":"follow","max-snippet":"max-snippet:-1","max-image-preview":"max-image-preview:large","max-video-preview":"max-video-preview:-1"},"canonical":"https:\/\/www.univ-lorraine.fr\/isite-lorraine\/en\/lorraine-excellence-initiative\/sirius\/","og_locale":"fr_FR","og_type":"article","og_title":"SIRIUS - Isite Lorraine","og_description":"Deep Change Lab: being more efficient in serving you The \u201cDeep Change Lab\u201d component aims to streamline inter- and intra-institutional processes and procedures. To do so, it seeks to foster a culture of innovation within the operational services of SIRIUS partners through the creation of a public innovation laboratory. The main goal of this laboratory ... Lire plus","og_url":"https:\/\/www.univ-lorraine.fr\/isite-lorraine\/en\/lorraine-excellence-initiative\/sirius\/","og_site_name":"Isite Lorraine","article_modified_time":"2025-09-29T06:45:15+00:00","twitter_card":"summary_large_image","twitter_misc":{"Dur\u00e9e de lecture estim\u00e9e":"3 minutes"},"schema":{"@context":"https:\/\/schema.org","@graph":[{"@type":"WebPage","@id":"https:\/\/www.univ-lorraine.fr\/isite-lorraine\/en\/lorraine-excellence-initiative\/sirius\/","url":"https:\/\/www.univ-lorraine.fr\/isite-lorraine\/en\/lorraine-excellence-initiative\/sirius\/","name":"SIRIUS - Isite Lorraine","isPartOf":{"@id":"https:\/\/www.univ-lorraine.fr\/isite-lorraine\/#website"},"primaryImageOfPage":{"@id":"https:\/\/www.univ-lorraine.fr\/isite-lorraine\/en\/lorraine-excellence-initiative\/sirius\/#primaryimage"},"image":{"@id":"https:\/\/www.univ-lorraine.fr\/isite-lorraine\/en\/lorraine-excellence-initiative\/sirius\/#primaryimage"},"thumbnailUrl":"https:\/\/www.univ-lorraine.fr\/lue\/wp-content\/uploads\/sites\/34\/2022\/03\/helices-sirius-1024x638.png","datePublished":"2025-09-29T06:45:13+00:00","dateModified":"2025-09-29T06:45:15+00:00","breadcrumb":{"@id":"https:\/\/www.univ-lorraine.fr\/isite-lorraine\/en\/lorraine-excellence-initiative\/sirius\/#breadcrumb"},"inLanguage":"fr-FR","potentialAction":[{"@type":"ReadAction","target":["https:\/\/www.univ-lorraine.fr\/isite-lorraine\/en\/lorraine-excellence-initiative\/sirius\/"]}]},{"@type":"ImageObject","inLanguage":"fr-FR","@id":"https:\/\/www.univ-lorraine.fr\/isite-lorraine\/en\/lorraine-excellence-initiative\/sirius\/#primaryimage","url":"https:\/\/www.univ-lorraine.fr\/lue\/wp-content\/uploads\/sites\/34\/2022\/03\/helices-sirius-1024x638.png","contentUrl":"https:\/\/www.univ-lorraine.fr\/lue\/wp-content\/uploads\/sites\/34\/2022\/03\/helices-sirius-1024x638.png"},{"@type":"BreadcrumbList","@id":"https:\/\/www.univ-lorraine.fr\/isite-lorraine\/en\/lorraine-excellence-initiative\/sirius\/#breadcrumb","itemListElement":[{"@type":"ListItem","position":1,"name":"Accueil","item":"https:\/\/www.univ-lorraine.fr\/isite-lorraine\/"},{"@type":"ListItem","position":2,"name":"Lorraine Initiative of Excellence","item":"https:\/\/www.univ-lorraine.fr\/isite-lorraine\/en\/lorraine-excellence-initiative\/"},{"@type":"ListItem","position":3,"name":"SIRIUS"}]},{"@type":"WebSite","@id":"https:\/\/www.univ-lorraine.fr\/isite-lorraine\/#website","url":"https:\/\/www.univ-lorraine.fr\/isite-lorraine\/","name":"Isite Lorraine","description":"Faire dialoguer les savoirs, c\u2019est innover","publisher":{"@id":"https:\/\/www.univ-lorraine.fr\/isite-lorraine\/#organization"},"potentialAction":[{"@type":"SearchAction","target":{"@type":"EntryPoint","urlTemplate":"https:\/\/www.univ-lorraine.fr\/isite-lorraine\/?s={search_term_string}"},"query-input":{"@type":"PropertyValueSpecification","valueRequired":true,"valueName":"search_term_string"}}],"inLanguage":"fr-FR"},{"@type":"Organization","@id":"https:\/\/www.univ-lorraine.fr\/isite-lorraine\/#organization","name":"Universit\u00e9 de Lorraine","url":"https:\/\/www.univ-lorraine.fr\/isite-lorraine\/","logo":{"@type":"ImageObject","inLanguage":"fr-FR","@id":"https:\/\/www.univ-lorraine.fr\/isite-lorraine\/#\/schema\/logo\/image\/","url":"https:\/\/www.univ-lorraine.fr\/isite-lorraine\/wp-content\/uploads\/sites\/55\/2021\/01\/LOGO_UL.png","contentUrl":"https:\/\/www.univ-lorraine.fr\/isite-lorraine\/wp-content\/uploads\/sites\/55\/2021\/01\/LOGO_UL.png","width":138,"height":48,"caption":"Universit\u00e9 de Lorraine"},"image":{"@id":"https:\/\/www.univ-lorraine.fr\/isite-lorraine\/#\/schema\/logo\/image\/"}}]}},"_links":{"self":[{"href":"https:\/\/www.univ-lorraine.fr\/isite-lorraine\/wp-json\/wp\/v2\/pages\/1411","targetHints":{"allow":["GET"]}}],"collection":[{"href":"https:\/\/www.univ-lorraine.fr\/isite-lorraine\/wp-json\/wp\/v2\/pages"}],"about":[{"href":"https:\/\/www.univ-lorraine.fr\/isite-lorraine\/wp-json\/wp\/v2\/types\/page"}],"author":[{"embeddable":true,"href":"https:\/\/www.univ-lorraine.fr\/isite-lorraine\/wp-json\/wp\/v2\/users\/7"}],"replies":[{"embeddable":true,"href":"https:\/\/www.univ-lorraine.fr\/isite-lorraine\/wp-json\/wp\/v2\/comments?post=1411"}],"version-history":[{"count":1,"href":"https:\/\/www.univ-lorraine.fr\/isite-lorraine\/wp-json\/wp\/v2\/pages\/1411\/revisions"}],"predecessor-version":[{"id":1412,"href":"https:\/\/www.univ-lorraine.fr\/isite-lorraine\/wp-json\/wp\/v2\/pages\/1411\/revisions\/1412"}],"up":[{"embeddable":true,"href":"https:\/\/www.univ-lorraine.fr\/isite-lorraine\/wp-json\/wp\/v2\/pages\/764"}],"wp:attachment":[{"href":"https:\/\/www.univ-lorraine.fr\/isite-lorraine\/wp-json\/wp\/v2\/media?parent=1411"}],"curies":[{"name":"wp","href":"https:\/\/api.w.org\/{rel}","templated":true}]}}