{"id":214,"date":"2022-03-16T09:28:46","date_gmt":"2022-03-16T08:28:46","guid":{"rendered":"https:\/\/www.univ-lorraine.fr\/isite-lorraine\/?page_id=214"},"modified":"2022-03-16T09:52:16","modified_gmt":"2022-03-16T08:52:16","slug":"plan-du-site","status":"publish","type":"page","link":"https:\/\/www.univ-lorraine.fr\/isite-lorraine\/plan-du-site\/","title":{"rendered":"Plan du site"},"content":{"rendered":"<div class=\"wsp-container\"><h2 class=\"wsp-pages-title\">Pages<\/h2>\n<ul class=\"wsp-pages-list\">\n<li class=\"page_item page-item-7\"><a href=\"https:\/\/www.univ-lorraine.fr\/isite-lorraine\/\">Accueil<\/a><\/li>\n<li class=\"page_item page-item-438 page_item_has_children\"><a href=\"https:\/\/www.univ-lorraine.fr\/isite-lorraine\/appels-a-projets\/\">Appels \u00e0 projets<\/a>\n<ul class='children'>\n\t<li class=\"page_item page-item-376\"><a href=\"https:\/\/www.univ-lorraine.fr\/isite-lorraine\/appels-a-projets\/resultats\/\">R\u00e9sultats<\/a><\/li>\n<\/ul>\n<\/li>\n<li class=\"page_item page-item-760\"><a href=\"https:\/\/www.univ-lorraine.fr\/isite-lorraine\/en\/attractiveness\/\">Attractiveness<\/a><\/li>\n<li class=\"page_item page-item-283\"><a href=\"https:\/\/www.univ-lorraine.fr\/isite-lorraine\/attractivite-du-site\/\">Attractivit\u00e9<\/a><\/li>\n<li class=\"page_item page-item-567 page_item_has_children\"><a href=\"https:\/\/www.univ-lorraine.fr\/isite-lorraine\/en\/calls-for-projects\/\">Calls for projects<\/a>\n<ul class='children'>\n\t<li class=\"page_item page-item-645\"><a href=\"https:\/\/www.univ-lorraine.fr\/isite-lorraine\/en\/calls-for-projects\/results\/\">Results<\/a><\/li>\n<\/ul>\n<\/li>\n<li class=\"page_item page-item-790\"><a href=\"https:\/\/www.univ-lorraine.fr\/isite-lorraine\/en\/contact-2\/\">Contact<\/a><\/li>\n<li class=\"page_item page-item-67\"><a href=\"https:\/\/www.univ-lorraine.fr\/isite-lorraine\/contact\/\">Contact<\/a><\/li>\n<li class=\"page_item page-item-294\"><a href=\"https:\/\/www.univ-lorraine.fr\/isite-lorraine\/en\/home\/\">Home<\/a><\/li>\n<li class=\"page_item page-item-435 page_item_has_children\"><a href=\"https:\/\/www.univ-lorraine.fr\/isite-lorraine\/initiative-dexcellence-lorraine\/\">Initiative d&rsquo;Excellence Lorraine<\/a>\n<ul class='children'>\n\t<li class=\"page_item page-item-1375\"><a href=\"https:\/\/www.univ-lorraine.fr\/isite-lorraine\/initiative-dexcellence-lorraine\/education-et-territoires\/\">\u00c9ducation et Territoires<\/a><\/li>\n\t<li class=\"page_item page-item-317\"><a href=\"https:\/\/www.univ-lorraine.fr\/isite-lorraine\/initiative-dexcellence-lorraine\/gouvernance\/\">Gouvernance<\/a><\/li>\n\t<li class=\"page_item page-item-325\"><a href=\"https:\/\/www.univ-lorraine.fr\/isite-lorraine\/initiative-dexcellence-lorraine\/nos-6-defis-societaux\/\">Nos 6 d\u00e9fis soci\u00e9taux<\/a><\/li>\n\t<li class=\"page_item page-item-1372\"><a href=\"https:\/\/www.univ-lorraine.fr\/isite-lorraine\/initiative-dexcellence-lorraine\/orion\/\">ORION<\/a><\/li>\n\t<li class=\"page_item page-item-1366\"><a href=\"https:\/\/www.univ-lorraine.fr\/isite-lorraine\/initiative-dexcellence-lorraine\/sirius\/\">SIRIUS<\/a><\/li>\n<\/ul>\n<\/li>\n<li class=\"page_item page-item-1009 page_item_has_children\"><a href=\"https:\/\/www.univ-lorraine.fr\/isite-lorraine\/interdisciplinarite\/\">Interdisciplinarit\u00e9<\/a>\n<ul class='children'>\n\t<li class=\"page_item page-item-332\"><a href=\"https:\/\/www.univ-lorraine.fr\/isite-lorraine\/interdisciplinarite\/nos-centres-de-recherche-transversaux-cret\/\">Nos centres de recherche transversaux (CRET)<\/a><\/li>\n\t<li class=\"page_item page-item-327\"><a href=\"https:\/\/www.univ-lorraine.fr\/isite-lorraine\/interdisciplinarite\/nos-programmes-interdisciplinaires\/\">Nos programmes interdisciplinaires<\/a><\/li>\n\t<li class=\"page_item page-item-330\"><a href=\"https:\/\/www.univ-lorraine.fr\/isite-lorraine\/interdisciplinarite\/nos-projets-impact\/\">Nos projets IMPACT<\/a><\/li>\n<\/ul>\n<\/li>\n<li class=\"page_item page-item-1011 page_item_has_children\"><a href=\"https:\/\/www.univ-lorraine.fr\/isite-lorraine\/en\/interdisciplinary-dynamics\/\">Interdisciplinary dynamics<\/a>\n<ul class='children'>\n\t<li class=\"page_item page-item-776\"><a href=\"https:\/\/www.univ-lorraine.fr\/isite-lorraine\/en\/interdisciplinary-dynamics\/our-cross-disciplinary-research-centers\/\">Our cross-disciplinary research centers<\/a><\/li>\n\t<li class=\"page_item page-item-777\"><a href=\"https:\/\/www.univ-lorraine.fr\/isite-lorraine\/en\/interdisciplinary-dynamics\/our-impact-projects\/\">Our IMPACT projects<\/a><\/li>\n\t<li class=\"page_item page-item-774\"><a href=\"https:\/\/www.univ-lorraine.fr\/isite-lorraine\/en\/interdisciplinary-dynamics\/our-interdisciplinary-programs\/\">Our interdisciplinary programs<\/a><\/li>\n<\/ul>\n<\/li>\n<li class=\"page_item page-item-285\"><a href=\"https:\/\/www.univ-lorraine.fr\/isite-lorraine\/internationalisation\/\">Internationalisation<\/a><\/li>\n<li class=\"page_item page-item-772\"><a href=\"https:\/\/www.univ-lorraine.fr\/isite-lorraine\/en\/internationalization\/\">Internationalization<\/a><\/li>\n<li class=\"page_item page-item-764 page_item_has_children\"><a href=\"https:\/\/www.univ-lorraine.fr\/isite-lorraine\/en\/lorraine-excellence-initiative\/\">Lorraine Initiative of Excellence<\/a>\n<ul class='children'>\n\t<li class=\"page_item page-item-1414\"><a href=\"https:\/\/www.univ-lorraine.fr\/isite-lorraine\/en\/lorraine-excellence-initiative\/education-and-territories\/\">Education and Territories<\/a><\/li>\n\t<li class=\"page_item page-item-767\"><a href=\"https:\/\/www.univ-lorraine.fr\/isite-lorraine\/en\/lorraine-excellence-initiative\/governance\/\">Governance<\/a><\/li>\n\t<li class=\"page_item page-item-1407\"><a href=\"https:\/\/www.univ-lorraine.fr\/isite-lorraine\/en\/lorraine-excellence-initiative\/orion\/\">ORION<\/a><\/li>\n\t<li class=\"page_item page-item-769\"><a href=\"https:\/\/www.univ-lorraine.fr\/isite-lorraine\/en\/lorraine-excellence-initiative\/our-6-societal-challenges\/\">Our 6 societal challenges<\/a><\/li>\n\t<li class=\"page_item page-item-1411\"><a href=\"https:\/\/www.univ-lorraine.fr\/isite-lorraine\/en\/lorraine-excellence-initiative\/sirius\/\">SIRIUS<\/a><\/li>\n<\/ul>\n<\/li>\n<li class=\"page_item page-item-214\"><a href=\"https:\/\/www.univ-lorraine.fr\/isite-lorraine\/plan-du-site\/\">Plan du site<\/a><\/li>\n<li class=\"page_item page-item-737\"><a href=\"https:\/\/www.univ-lorraine.fr\/isite-lorraine\/en\/sitemap\/\">Sitemap<\/a><\/li>\n<\/ul>\n<h2 class=\"wsp-appel_a_projetss-title\">Appels \u00e0 projets<\/h2>\n<ul class=\"wsp-appel_a_projetss-list\">\n<li><a href=\"https:\/\/www.univ-lorraine.fr\/isite-lorraine\/appel-a-projets\/pi-transition-lancement-de-lami-2026\/\">PI TRANSITION - Lancement de l'AMI 2026<\/a><\/li>\n<li><a href=\"https:\/\/www.univ-lorraine.fr\/isite-lorraine\/en\/appel-a-projets\/dream-call-for-applications-dream-mobility-grant-20\/\">DrEAM - Call for applications - DrEAM mobility grant #20<\/a><\/li>\n<li><a href=\"https:\/\/www.univ-lorraine.fr\/isite-lorraine\/appel-a-projets\/dream-bourse-de-mobilite-dream-20\/\">DrEAM - Bourse de mobilit\u00e9 DrEAM #20<\/a><\/li>\n<li><a href=\"https:\/\/www.univ-lorraine.fr\/isite-lorraine\/appel-a-projets\/programme-interdisciplinaire-transition-2e-appel-a-projet-seeding-outreach\/\">Programme Interdisciplinaire TRANSITION - 2\u00e8 appel \u00e0 projet \"Seeding\" &amp; \"Outreach\"<\/a><\/li>\n<li><a href=\"https:\/\/www.univ-lorraine.fr\/isite-lorraine\/appel-a-projets\/programme-interdisicplinaire-life-travel\/\">Programme Interdisicplinaire LIFE-TRAVEL<\/a><\/li>\n<li><a href=\"https:\/\/www.univ-lorraine.fr\/isite-lorraine\/appel-a-projets\/pi-artemis-lancement-de-laap-2026-artemis\/\">PI ARTEMIS : lancement de l'AAP 2026<\/a><\/li>\n<li><a href=\"https:\/\/www.univ-lorraine.fr\/isite-lorraine\/appel-a-projets\/programme-interdisciplinaire-cirset-appel-a-projets-2026\/\">Programme Interdisciplinaire CIRSET : Appel \u00e0 projets 2026<\/a><\/li>\n<li><a href=\"https:\/\/www.univ-lorraine.fr\/isite-lorraine\/appel-a-projets\/programme-interdisciplinaire-cirset-appel-a-manifestation-dinteret-2026\/\">Programme interdisciplinaire CIRSET : Appel \u00e0 manifestation d'int\u00e9r\u00eat 2026<\/a><\/li>\n<li><a href=\"https:\/\/www.univ-lorraine.fr\/isite-lorraine\/appel-a-projets\/cret-celest-appel-a-projets-formation\/\">CRET CELEST - Appel \u00e0 projets formation<\/a><\/li>\n<li><a href=\"https:\/\/www.univ-lorraine.fr\/isite-lorraine\/appel-a-projets\/impact-ephemeris-lancement-de-lappel-a-manifestation-dinteret-ephemeris-2026\/\">Impact EPHemeris - Lancement de l\u2019Appel \u00e0 Manifestation d\u2019Int\u00e9r\u00eat EPHemeris 2026<\/a><\/li>\n<li><a href=\"https:\/\/www.univ-lorraine.fr\/isite-lorraine\/appel-a-projets\/pi-life-travel-aap-de-cofinancement-de-these\/\">PI Life-Travel : AAP de cofinancement de th\u00e8se<\/a><\/li>\n<li><a href=\"https:\/\/www.univ-lorraine.fr\/isite-lorraine\/appel-a-projets\/isite-lorraine-contrats-doctoraux-internationaux\/\">ISITE Lorraine - CONTRATS DOCTORAUX INTERNATIONAUX 2026<\/a><\/li>\n<li><a href=\"https:\/\/www.univ-lorraine.fr\/isite-lorraine\/appel-a-projets\/aap-contrats-doctoraux-isite-dynamique-interdisciplinaire-impact-insight\/\">AAP contrats doctoraux - ISITE Dynamique interdisciplinaire - IMPACT INSIGHT<\/a><\/li>\n<li><a href=\"https:\/\/www.univ-lorraine.fr\/isite-lorraine\/appel-a-projets\/aap-contrats-doctoraux-isite-booster-coara\/\">AAP contrats doctoraux - ISITE Booster CoARA<\/a><\/li>\n<li><a href=\"https:\/\/www.univ-lorraine.fr\/isite-lorraine\/appel-a-projets\/aap-contrats-doctoraux-isite-lorraine-booster-eureca-pro\/\">AAP contrats doctoraux ISITE LORRAINE - BOOSTER EURECA-PRO<\/a><\/li>\n<li><a href=\"https:\/\/www.univ-lorraine.fr\/isite-lorraine\/appel-a-projets\/impact-insight-lancement-de-laap-a-propositions-de-sujets-de-stage\/\">IMPACT INSIGHT  - lancement de l'AAP \u00e0 propositions de sujets de stage<\/a><\/li>\n<li><a href=\"https:\/\/www.univ-lorraine.fr\/isite-lorraine\/appel-a-projets\/1er-appel-a-projets-du-programme-interdisciplinaire-transition\/\">1er Appel \u00e0 Projets du Programme Interdisciplinaire TRANSITION<\/a><\/li>\n<li><a href=\"https:\/\/www.univ-lorraine.fr\/isite-lorraine\/appel-a-projets\/appel-a-projets-de-mobilite-sortante-widen-horizons-2026-2027\/\">Appel \u00e0 projets de mobilit\u00e9 sortante Widen Horizons 2026-2027<\/a><\/li>\n<li><a href=\"https:\/\/www.univ-lorraine.fr\/isite-lorraine\/en\/appel-a-projets\/call-dream-doctor-explore-and-achieve-more-chapter-18\/\">Call DrEAM (Doctor, Explore and Achieve More !) - Chapter 18<\/a><\/li>\n<li><a href=\"https:\/\/www.univ-lorraine.fr\/isite-lorraine\/appel-a-projets\/campagne-des-contrats-doctoraux-internationaux-2025\/\">Campagne des contrats doctoraux internationaux 2025<\/a><\/li>\n<li><a href=\"https:\/\/www.univ-lorraine.fr\/isite-lorraine\/appel-a-projets\/campagne-contrats-doctoraux-initiative-dexcellence-lorraine-booster-eureca-pro-2025\/\">Campagne contrats doctoraux Initiative d'Excellence Lorraine BOOSTER EURECA-PRO 2025<\/a><\/li>\n<li><a href=\"https:\/\/www.univ-lorraine.fr\/isite-lorraine\/appel-a-projets\/appel-a-projets-de-mobilite-sortante-widen-horizons-2025-2026\/\">Appel \u00e0 projets de mobilit\u00e9 sortante Widen Horizons 2025-2026<\/a><\/li>\n<li><a href=\"https:\/\/www.univ-lorraine.fr\/isite-lorraine\/appel-a-projets\/dream-doctor-explore-and-achieve-more\/\">DREAM : Doctor, Explore and Achieve More! Episode 18<\/a><\/li>\n<\/ul>\n<\/div>\n","protected":false},"excerpt":{"rendered":"","protected":false},"author":3,"featured_media":0,"parent":0,"menu_order":0,"comment_status":"closed","ping_status":"closed","template":"","meta":{"inline_featured_image":false,"footnotes":""},"class_list":["post-214","page","type-page","status-publish"],"yoast_head":"<!-- This site is optimized with the Yoast SEO plugin v27.4 - https:\/\/yoast.com\/product\/yoast-seo-wordpress\/ -->\n<title>Plan du site - Isite Lorraine<\/title>\n<meta name=\"robots\" content=\"index, follow, max-snippet:-1, max-image-preview:large, max-video-preview:-1\" \/>\n<link rel=\"canonical\" href=\"https:\/\/www.univ-lorraine.fr\/isite-lorraine\/plan-du-site\/\" \/>\n<meta property=\"og:locale\" content=\"fr_FR\" \/>\n<meta property=\"og:type\" content=\"article\" \/>\n<meta property=\"og:title\" content=\"Plan du site - Isite Lorraine\" \/>\n<meta property=\"og:url\" content=\"https:\/\/www.univ-lorraine.fr\/isite-lorraine\/plan-du-site\/\" \/>\n<meta property=\"og:site_name\" content=\"Isite Lorraine\" \/>\n<meta property=\"article:modified_time\" content=\"2022-03-16T08:52:16+00:00\" \/>\n<meta name=\"twitter:card\" content=\"summary_large_image\" \/>\n<script type=\"application\/ld+json\" class=\"yoast-schema-graph\">{\"@context\":\"https:\\\/\\\/schema.org\",\"@graph\":[{\"@type\":\"WebPage\",\"@id\":\"https:\\\/\\\/www.univ-lorraine.fr\\\/isite-lorraine\\\/plan-du-site\\\/\",\"url\":\"https:\\\/\\\/www.univ-lorraine.fr\\\/isite-lorraine\\\/plan-du-site\\\/\",\"name\":\"Plan du site - Isite Lorraine\",\"isPartOf\":{\"@id\":\"https:\\\/\\\/www.univ-lorraine.fr\\\/isite-lorraine\\\/#website\"},\"datePublished\":\"2022-03-16T08:28:46+00:00\",\"dateModified\":\"2022-03-16T08:52:16+00:00\",\"breadcrumb\":{\"@id\":\"https:\\\/\\\/www.univ-lorraine.fr\\\/isite-lorraine\\\/plan-du-site\\\/#breadcrumb\"},\"inLanguage\":\"fr-FR\",\"potentialAction\":[{\"@type\":\"ReadAction\",\"target\":[\"https:\\\/\\\/www.univ-lorraine.fr\\\/isite-lorraine\\\/plan-du-site\\\/\"]}]},{\"@type\":\"BreadcrumbList\",\"@id\":\"https:\\\/\\\/www.univ-lorraine.fr\\\/isite-lorraine\\\/plan-du-site\\\/#breadcrumb\",\"itemListElement\":[{\"@type\":\"ListItem\",\"position\":1,\"name\":\"Accueil\",\"item\":\"https:\\\/\\\/www.univ-lorraine.fr\\\/isite-lorraine\\\/\"},{\"@type\":\"ListItem\",\"position\":2,\"name\":\"Plan du site\"}]},{\"@type\":\"WebSite\",\"@id\":\"https:\\\/\\\/www.univ-lorraine.fr\\\/isite-lorraine\\\/#website\",\"url\":\"https:\\\/\\\/www.univ-lorraine.fr\\\/isite-lorraine\\\/\",\"name\":\"Isite Lorraine\",\"description\":\"Faire dialoguer les savoirs, c\u2019est innover\",\"publisher\":{\"@id\":\"https:\\\/\\\/www.univ-lorraine.fr\\\/isite-lorraine\\\/#organization\"},\"potentialAction\":[{\"@type\":\"SearchAction\",\"target\":{\"@type\":\"EntryPoint\",\"urlTemplate\":\"https:\\\/\\\/www.univ-lorraine.fr\\\/isite-lorraine\\\/?s={search_term_string}\"},\"query-input\":{\"@type\":\"PropertyValueSpecification\",\"valueRequired\":true,\"valueName\":\"search_term_string\"}}],\"inLanguage\":\"fr-FR\"},{\"@type\":\"Organization\",\"@id\":\"https:\\\/\\\/www.univ-lorraine.fr\\\/isite-lorraine\\\/#organization\",\"name\":\"Universit\u00e9 de Lorraine\",\"url\":\"https:\\\/\\\/www.univ-lorraine.fr\\\/isite-lorraine\\\/\",\"logo\":{\"@type\":\"ImageObject\",\"inLanguage\":\"fr-FR\",\"@id\":\"https:\\\/\\\/www.univ-lorraine.fr\\\/isite-lorraine\\\/#\\\/schema\\\/logo\\\/image\\\/\",\"url\":\"https:\\\/\\\/www.univ-lorraine.fr\\\/isite-lorraine\\\/wp-content\\\/uploads\\\/sites\\\/55\\\/2021\\\/01\\\/LOGO_UL.png\",\"contentUrl\":\"https:\\\/\\\/www.univ-lorraine.fr\\\/isite-lorraine\\\/wp-content\\\/uploads\\\/sites\\\/55\\\/2021\\\/01\\\/LOGO_UL.png\",\"width\":138,\"height\":48,\"caption\":\"Universit\u00e9 de Lorraine\"},\"image\":{\"@id\":\"https:\\\/\\\/www.univ-lorraine.fr\\\/isite-lorraine\\\/#\\\/schema\\\/logo\\\/image\\\/\"}}]}<\/script>\n<!-- \/ Yoast SEO plugin. -->","yoast_head_json":{"title":"Plan du site - Isite Lorraine","robots":{"index":"index","follow":"follow","max-snippet":"max-snippet:-1","max-image-preview":"max-image-preview:large","max-video-preview":"max-video-preview:-1"},"canonical":"https:\/\/www.univ-lorraine.fr\/isite-lorraine\/plan-du-site\/","og_locale":"fr_FR","og_type":"article","og_title":"Plan du site - Isite Lorraine","og_url":"https:\/\/www.univ-lorraine.fr\/isite-lorraine\/plan-du-site\/","og_site_name":"Isite Lorraine","article_modified_time":"2022-03-16T08:52:16+00:00","twitter_card":"summary_large_image","schema":{"@context":"https:\/\/schema.org","@graph":[{"@type":"WebPage","@id":"https:\/\/www.univ-lorraine.fr\/isite-lorraine\/plan-du-site\/","url":"https:\/\/www.univ-lorraine.fr\/isite-lorraine\/plan-du-site\/","name":"Plan du site - Isite Lorraine","isPartOf":{"@id":"https:\/\/www.univ-lorraine.fr\/isite-lorraine\/#website"},"datePublished":"2022-03-16T08:28:46+00:00","dateModified":"2022-03-16T08:52:16+00:00","breadcrumb":{"@id":"https:\/\/www.univ-lorraine.fr\/isite-lorraine\/plan-du-site\/#breadcrumb"},"inLanguage":"fr-FR","potentialAction":[{"@type":"ReadAction","target":["https:\/\/www.univ-lorraine.fr\/isite-lorraine\/plan-du-site\/"]}]},{"@type":"BreadcrumbList","@id":"https:\/\/www.univ-lorraine.fr\/isite-lorraine\/plan-du-site\/#breadcrumb","itemListElement":[{"@type":"ListItem","position":1,"name":"Accueil","item":"https:\/\/www.univ-lorraine.fr\/isite-lorraine\/"},{"@type":"ListItem","position":2,"name":"Plan du site"}]},{"@type":"WebSite","@id":"https:\/\/www.univ-lorraine.fr\/isite-lorraine\/#website","url":"https:\/\/www.univ-lorraine.fr\/isite-lorraine\/","name":"Isite Lorraine","description":"Faire dialoguer les savoirs, c\u2019est innover","publisher":{"@id":"https:\/\/www.univ-lorraine.fr\/isite-lorraine\/#organization"},"potentialAction":[{"@type":"SearchAction","target":{"@type":"EntryPoint","urlTemplate":"https:\/\/www.univ-lorraine.fr\/isite-lorraine\/?s={search_term_string}"},"query-input":{"@type":"PropertyValueSpecification","valueRequired":true,"valueName":"search_term_string"}}],"inLanguage":"fr-FR"},{"@type":"Organization","@id":"https:\/\/www.univ-lorraine.fr\/isite-lorraine\/#organization","name":"Universit\u00e9 de Lorraine","url":"https:\/\/www.univ-lorraine.fr\/isite-lorraine\/","logo":{"@type":"ImageObject","inLanguage":"fr-FR","@id":"https:\/\/www.univ-lorraine.fr\/isite-lorraine\/#\/schema\/logo\/image\/","url":"https:\/\/www.univ-lorraine.fr\/isite-lorraine\/wp-content\/uploads\/sites\/55\/2021\/01\/LOGO_UL.png","contentUrl":"https:\/\/www.univ-lorraine.fr\/isite-lorraine\/wp-content\/uploads\/sites\/55\/2021\/01\/LOGO_UL.png","width":138,"height":48,"caption":"Universit\u00e9 de Lorraine"},"image":{"@id":"https:\/\/www.univ-lorraine.fr\/isite-lorraine\/#\/schema\/logo\/image\/"}}]}},"_links":{"self":[{"href":"https:\/\/www.univ-lorraine.fr\/isite-lorraine\/wp-json\/wp\/v2\/pages\/214","targetHints":{"allow":["GET"]}}],"collection":[{"href":"https:\/\/www.univ-lorraine.fr\/isite-lorraine\/wp-json\/wp\/v2\/pages"}],"about":[{"href":"https:\/\/www.univ-lorraine.fr\/isite-lorraine\/wp-json\/wp\/v2\/types\/page"}],"author":[{"embeddable":true,"href":"https:\/\/www.univ-lorraine.fr\/isite-lorraine\/wp-json\/wp\/v2\/users\/3"}],"replies":[{"embeddable":true,"href":"https:\/\/www.univ-lorraine.fr\/isite-lorraine\/wp-json\/wp\/v2\/comments?post=214"}],"version-history":[{"count":3,"href":"https:\/\/www.univ-lorraine.fr\/isite-lorraine\/wp-json\/wp\/v2\/pages\/214\/revisions"}],"predecessor-version":[{"id":1333,"href":"https:\/\/www.univ-lorraine.fr\/isite-lorraine\/wp-json\/wp\/v2\/pages\/214\/revisions\/1333"}],"wp:attachment":[{"href":"https:\/\/www.univ-lorraine.fr\/isite-lorraine\/wp-json\/wp\/v2\/media?parent=214"}],"curies":[{"name":"wp","href":"https:\/\/api.w.org\/{rel}","templated":true}]}}