{"id":285,"date":"2025-09-11T17:56:34","date_gmt":"2025-09-11T15:56:34","guid":{"rendered":"https:\/\/www.univ-lorraine.fr\/isite-lorraine\/?page_id=285"},"modified":"2026-01-30T16:18:02","modified_gmt":"2026-01-30T15:18:02","slug":"internationalisation","status":"publish","type":"page","link":"https:\/\/www.univ-lorraine.fr\/isite-lorraine\/internationalisation\/","title":{"rendered":"Internationalisation"},"content":{"rendered":"\n<p>En phase avec les priorit\u00e9s europ\u00e9ennes \u2014 transition \u00e9cologique, num\u00e9rique et construction d\u2019une Europe plus r\u00e9siliente, comp\u00e9titive, inclusive et d\u00e9mocratique \u2014 l\u2019I-SITE Lorraine consacre pr\u00e8s de 30 % de son budget \u00e0 l\u2019internationalisation. Cette strat\u00e9gie se traduit par des <strong>partenariats strat\u00e9giques, le soutien aux projets de recherche (dont l\u2019ERC), ainsi que le financement de contrats doctoraux et de mobilit\u00e9s<\/strong>, renfor\u00e7ant ainsi son attractivit\u00e9. D\u00e9couvrez nos dispositifs d\u00e9di\u00e9s !<\/p>\n\n\n\n<p><\/p>\n\n\n\n<div class=\"wp-block-pb-accordion-item c-accordion__item js-accordion-item no-js\" data-initially-open=\"false\" data-click-to-close=\"true\" data-auto-close=\"true\" data-scroll=\"false\" data-scroll-offset=\"0\"><h2 id=\"at-2850\" class=\"c-accordion__title js-accordion-controller\" role=\"button\">DrEAM, un dispositif de mobilit\u00e9 pour les doctorant.es<\/h2><div id=\"ac-2850\" class=\"c-accordion__content\">\n<p>Le programme DrEAM (Doctor, Explore and Achieve More !) accompagne les doctorantes et doctorants de l\u2019Universit\u00e9 de Lorraine dans leur projet de mobilit\u00e9 internationale.<\/p>\n\n\n\n<p>Ouvert \u00e0 toutes les disciplines, il offre un financement pouvant aller jusqu\u2019\u00e0 5 000 \u20ac pour soutenir un s\u00e9jour de recherche de 2 \u00e0 6 mois dans une unit\u00e9 de recherche \u00e0 l\u2019\u00e9tranger. En 2024, 49 bourses ont \u00e9t\u00e9 attribu\u00e9es, portant \u00e0 pr\u00e8s de 250 le nombre de b\u00e9n\u00e9ficiaires depuis le lancement de l\u2019I-SITE. Les nombreux retours d\u2019exp\u00e9rience recueillis t\u00e9moignent de l\u2019impact tr\u00e8s positif du programme, tant sur le plan scientifique que personnel.<\/p>\n\n\n\n<h3 class=\"gb-headline gb-headline-b7683270 gb-headline-text\">Des retomb\u00e9es concr\u00e8tes pour la recherche et la communaut\u00e9 universitaire<\/h3>\n\n\n\n<p>Depuis son lancement en 2019, plusieurs centaines de doctorant.es ont b\u00e9n\u00e9fici\u00e9 du programme DrEAM. Ils ont pu :<\/p>\n\n\n\n<ul class=\"wp-block-list\">\n<li>s\u2019immerger dans de nouveaux environnements culturels et scientifiques,<\/li>\n\n\n\n<li>d\u00e9velopper leurs comp\u00e9tences et \u00e9largir leur r\u00e9seau,<\/li>\n\n\n\n<li>contribuer \u00e0 des projets collaboratifs de haut niveau,<\/li>\n\n\n\n<li>renforcer la visibilit\u00e9 internationale de leurs travaux et de l\u2019I-SITE lorrain<\/li>\n<\/ul>\n\n\n\n<p>En permettant \u00e0 ses futur.es chercheur.es d\u2019explorer, d\u00e9couvrir et atteindre plus loin, DrEAM participe activement au rayonnement scientifique et \u00e0 l\u2019attractivit\u00e9 internationale du site lorrain et de ses partenaires.<\/p>\n\n\n\n<div class=\"wp-block-buttons is-layout-flex wp-block-buttons-is-layout-flex\">\n<div class=\"wp-block-button\"><a class=\"wp-block-button__link wp-element-button\" href=\"https:\/\/doctorat.univ-lorraine.fr\/fr\/international\/dream\">Le programme Dream sur le site du doctorat<\/a><\/div>\n<\/div>\n<\/div><\/div>\n\n\n\n<div class=\"wp-block-pb-accordion-item c-accordion__item js-accordion-item no-js\" data-initially-open=\"false\" data-click-to-close=\"true\" data-auto-close=\"true\" data-scroll=\"false\" data-scroll-offset=\"0\"><h2 id=\"at-2851\" class=\"c-accordion__title js-accordion-controller\" role=\"button\">Widen Horizon, une immersion \u00e0 l&rsquo;international pour nos chercheur.es<\/h2><div id=\"ac-2851\" class=\"c-accordion__content\">\n<p>Le programme Widen Horizons, cr\u00e9\u00e9 dans le cadre de l\u2019Initiative d\u2019Excellence Lorraine, accompagne les personnels du site lorrain souhaitant r\u00e9aliser une immersion longue (au moins 3 mois) dans un environnement scientifique international.<\/p>\n\n\n\n<p>Avec un soutien financier pouvant aller de 6 000 \u00e0 12 000 \u20ac, il favorise le d\u00e9veloppement de collaborations durables, l\u2019acquisition de nouvelles expertises et le rayonnement de la recherche men\u00e9e en Lorraine.<\/p>\n\n\n\n<p>Une opportunit\u00e9 unique<\/p>\n\n\n\n<p>En favorisant des immersions longues dans des environnements scientifiques de haut niveau, Widen Horizons :<\/p>\n\n\n\n<ul class=\"wp-block-list\">\n<li>offre aux personnels lorrains une exp\u00e9rience internationale structurante pour leur parcours,<\/li>\n\n\n\n<li>stimule la cr\u00e9ation de collaborations durables,<\/li>\n\n\n\n<li>contribue au rayonnement international de l\u2019I-SITE lorrain<\/li>\n<\/ul>\n\n\n\n<p>Depuis son lancement, pr\u00e8s de 70 chercheurs et enseignants-chercheurs ont b\u00e9n\u00e9fici\u00e9 de ce dispositif pour enrichir leur parcours et donner une nouvelle dimension \u00e0 leurs projets scientifiques.<\/p>\n<\/div><\/div>\n\n\n\n<div class=\"wp-block-pb-accordion-item c-accordion__item js-accordion-item no-js\" data-initially-open=\"false\" data-click-to-close=\"true\" data-auto-close=\"true\" data-scroll=\"false\" data-scroll-offset=\"0\"><h2 id=\"at-2852\" class=\"c-accordion__title js-accordion-controller\" role=\"button\">IRP : renforcer nos partenariats internationaux<\/h2><div id=\"ac-2852\" class=\"c-accordion__content\">\n<p>Afin d\u2019engager des partenariats internationaux structurants, l\u2019I-SITE lorrain soutient la cr\u00e9ation de <strong>partenariats internationaux de recherche<\/strong> qu\u2019on intitule IRP (<em>International Research Partnership<\/em>). Le principe est simple : <strong>un laboratoire de l\u2019Universit\u00e9 de Lorraine<\/strong> s\u2019unit \u00e0 <strong>un laboratoire \u00e0 l\u2019\u00e9tranger<\/strong> autour d\u2019un projet commun. Ensemble, ils partagent talents, id\u00e9es et moyens \u2014 comme un <strong>laboratoire sans murs<\/strong>.<\/p>\n\n\n\n<p>Chaque ann\u00e9e, <strong>jusqu\u2019\u00e0 trois IRP<\/strong> sont lanc\u00e9s pour une dur\u00e9e de <strong>quatre ans<\/strong>. Ces partenariats b\u00e9n\u00e9ficient d\u2019un <strong>soutien d\u00e9di\u00e9<\/strong> : un <strong>contrat doctoral en cotutelle<\/strong>, l\u2019accueil r\u00e9gulier d\u2019<strong>enseignants-chercheurs invit\u00e9s<\/strong> et un <strong>financement d\u2019amor\u00e7age<\/strong> pour faire d\u00e9coller les collaborations. L\u2019objectif : <strong>structurer des liens durables<\/strong>, favoriser la <strong>mobilit\u00e9<\/strong> et faire \u00e9merger des r\u00e9sultats visibles \u00e0 l\u2019\u00e9chelle internationale.<\/p>\n\n\n\n<p><strong>En bref :<\/strong><\/p>\n\n\n\n<ul class=\"wp-block-list\">\n<li>Un <strong>duo de laboratoires<\/strong> (UL + partenaire \u00e9tranger) autour d\u2019un <strong>projet partag\u00e9<\/strong> ;<\/li>\n\n\n\n<li>Des <strong>moyens cibl\u00e9s<\/strong> pour d\u00e9marrer vite et bien (doctorant en cotutelle, s\u00e9jours invit\u00e9s, budget d\u2019impulsion) ;<\/li>\n\n\n\n<li>Un <strong>cadre pluriannuel<\/strong> pour inscrire la coop\u00e9ration dans la dur\u00e9e ;<\/li>\n\n\n\n<li>Des <strong>retomb\u00e9es concr\u00e8tes<\/strong> : publications, formations conjointes, r\u00e9seaux \u00e9largis.<\/li>\n<\/ul>\n\n\n\n<h3 class=\"gb-headline gb-headline-bd8b2f8b gb-headline-text\">Prof@Lorraine : inviter des chercheurs d\u2019universit\u00e9s \u00e9trang\u00e8res<\/h3>\n\n\n\n<p>Depuis la cr\u00e9ation de l\u2019I-SITE, 30 chercheurs d\u2019universit\u00e9s \u00e9trang\u00e8res ont b\u00e9n\u00e9fici\u00e9 dans ce cadre du dispositif <strong>Prof@Lorraine <\/strong>(financement de mois invit\u00e9s).<\/p>\n<\/div><\/div>\n\n\n\n<div class=\"wp-block-pb-accordion-item c-accordion__item js-accordion-item no-js\" data-initially-open=\"false\" data-click-to-close=\"true\" data-auto-close=\"true\" data-scroll=\"false\" data-scroll-offset=\"0\"><h2 id=\"at-2853\" class=\"c-accordion__title js-accordion-controller\" role=\"button\">Le programme Booster : pour des actions de recherche co-construites reconnues <\/h2><div id=\"ac-2853\" class=\"c-accordion__content\">\n<p>L\u2019I-SITE lorrain a structur\u00e9 une politique de <strong>partenariats cibl\u00e9s<\/strong> align\u00e9s sur les priorit\u00e9s du site, port\u00e9e par le <strong>programme BOOSTER<\/strong>. L\u2019objectif est d\u2019<strong>\u00e9viter la dispersion des moyens<\/strong> et la logique de guichet, au profit d\u2019un <strong>portefeuille restreint d\u2019alliances solides<\/strong> en recherche et en formation.<br>Ces partenariats associent des <strong>actions de recherche co-construites et reconnues par les \u00e9tablissements<\/strong> (id\u00e9alement sous la forme d\u2019un <strong>laboratoire commun<\/strong>), soutenues de fa\u00e7on pluriannuelle : <strong>s\u00e9jours de recherche, stages de master, th\u00e8ses en cotutelle<\/strong>, etc.<br><br>\u00c0 ce jour, l\u2019I-SITE soutient <strong>trois partenariats strat\u00e9giques<\/strong> avec l\u2019<strong>Universit\u00e9 de Tohoku<\/strong> (Japon), l\u2019<strong>Universiti Sains Malaysia<\/strong> (Malaisie) et l\u2019<strong>Universit\u00e9 Internationale de Rabat<\/strong> (Maroc). Dans les trois cas, les projets sont <strong>s\u00e9lectionn\u00e9s conjointement<\/strong> sur des crit\u00e8res d\u2019<strong>excellence scientifique<\/strong> et de <strong>renforcement du partenariat<\/strong>. <strong>Pr\u00e8s de 1 M\u20ac<\/strong> ont \u00e9t\u00e9 engag\u00e9s sur <strong>2023\u20132024<\/strong>, mobilisant <strong>16 laboratoires<\/strong>, dont <strong>3 en SHS<\/strong>.<\/p>\n\n\n\n<p><strong><em>Booster notre dynamique europ\u00e9enne<\/em><\/strong><br>Au-del\u00e0 de ces accords, le programme BOOSTER a accompagn\u00e9 l\u2019adh\u00e9sion de l\u2019Universit\u00e9 de Lorraine \u00e0 l\u2019<strong>alliance europ\u00e9enne EURECA-PRO<\/strong>, d\u00e9di\u00e9e \u00e0 la <strong>consommation et \u00e0 la production responsables (ODD 12)<\/strong>, en coh\u00e9rence avec les <strong>d\u00e9fis soci\u00e9taux<\/strong> de l\u2019I-SITE lorrain. Cette adh\u00e9sion vise \u00e0 :<\/p>\n\n\n\n<ul class=\"wp-block-list\">\n<li>faciliter l\u2019<strong>insertion<\/strong> de l\u2019Universit\u00e9 de Lorraine dans un <strong>\u00e9cosyst\u00e8me europ\u00e9en de formation<\/strong>&nbsp;;<\/li>\n\n\n\n<li>acc\u00e9l\u00e9rer l\u2019<strong>acculturation \u00e0 l\u2019Europe<\/strong> de la communaut\u00e9 acad\u00e9mique ;<\/li>\n\n\n\n<li>initier des <strong>communaut\u00e9s de recherche th\u00e9matiques<\/strong> (Flagships EURECA-PRO).<br>Le soutien s\u2019est traduit <strong>en amont<\/strong> (recrutement, <strong>financement de mobilit\u00e9s<\/strong>) et <strong>depuis<\/strong> l\u2019adh\u00e9sion (financement de <strong>deux contrats doctoraux <\/strong>avec un partenaire de l\u2019alliance).<\/li>\n<\/ul>\n<\/div><\/div>\n\n\n\n<div class=\"wp-block-pb-accordion-item c-accordion__item js-accordion-item no-js\" data-initially-open=\"false\" data-click-to-close=\"true\" data-auto-close=\"true\" data-scroll=\"false\" data-scroll-offset=\"0\"><h2 id=\"at-2854\" class=\"c-accordion__title js-accordion-controller\" role=\"button\">Contrats doctoraux internationaux : encourager la diffusion des savoirs \u00e0 l&rsquo;international<\/h2><div id=\"ac-2854\" class=\"c-accordion__content\">\n<p>L\u2019Initiative d\u2019Excellence Lorraine incarne une ambition forte : affirmer la Lorraine comme un acteur incontournable de la recherche, de la formation et de l\u2019innovation \u00e0 l\u2019\u00e9chelle mondiale. Au c\u0153ur de cette ambition, le soutien aux contrats doctoraux s\u2019inscrit comme une pierre angulaire essentielle, reflet d\u2019une politique volontariste visant \u00e0 renforcer durablement la visibilit\u00e9 scientifique et la coop\u00e9ration internationale.<\/p>\n\n\n\n<p>L\u2019I-SITE Lorraine promeut ainsi un mod\u00e8le de collaboration structur\u00e9 et \u00e9quilibr\u00e9 avec ses partenaires internationaux, o\u00f9 les contrats doctoraux ne se limitent pas \u00e0 des \u00e9changes ponctuels mais s\u2019inscrivent dans des dynamiques institutionnelles solides et reconnues. Ce dispositif favorise la construction de partenariats durables, conjuguant moyens, comp\u00e9tences et ambitions partag\u00e9es, afin d\u2019impulser des projets de recherche d\u2019excellence porteurs d\u2019impact scientifique et soci\u00e9tal.<\/p>\n\n\n\n<h3 class=\"gb-headline gb-headline-0ba35221 gb-headline-text\">Un levier strat\u00e9gique pour le rayonnement international de la Lorraine<\/h3>\n\n\n\n<p>La politique doctorale port\u00e9e par l\u2019I-SITE Lorraine traduit une vision holistique : encourager l\u2019\u00e9mergence de talents, soutenir la cr\u00e9ation et la diffusion des savoirs dans un contexte d\u2019ouverture internationale, tout en stimulant la capacit\u00e9 d\u2019innovation et l\u2019attractivit\u00e9 du territoire. Plus qu\u2019un simple financement, ce soutien est un investissement strat\u00e9gique dans la comp\u00e9titivit\u00e9 et le rayonnement futur de la Lorraine sur la sc\u00e8ne internationale.<\/p>\n\n\n\n<p>L\u2019appel \u00e0 projets annuel t\u00e9moigne de cet engagement politique fort, s\u00e9lectionnant avec rigueur des initiatives qui incarnent cette vision partag\u00e9e et qui contribuent \u00e0 inscrire la Lorraine dans des r\u00e9seaux scientifiques mondiaux.<\/p>\n<\/div><\/div>\n\n\n\n<div class=\"wp-block-pb-accordion-item c-accordion__item js-accordion-item no-js\" data-initially-open=\"false\" data-click-to-close=\"true\" data-auto-close=\"true\" data-scroll=\"false\" data-scroll-offset=\"0\"><h2 id=\"at-2855\" class=\"c-accordion__title js-accordion-controller\" role=\"button\">Welcome@Lorraine : accueil des personnels internationaux<\/h2><div id=\"ac-2855\" class=\"c-accordion__content\">\n<p>Le programme Welcome@Lorraine propose aux chercheurs internationaux accueillis par les partenaires de l\u2019I-SITE Lorraine un accompagnement \u00ab VIP \u00bb pour un s\u00e9jour minimum de 3 mois.<\/p>\n\n\n\n<p><a href=\"https:\/\/www.univ-lorraine.fr\/welcome\/post-docs-et-chercheurs-invites\/\">Plus d&rsquo;information sur le programme<\/a><\/p>\n<\/div><\/div>\n","protected":false},"excerpt":{"rendered":"<p>En phase avec les priorit\u00e9s europ\u00e9ennes \u2014 transition \u00e9cologique, num\u00e9rique et construction d\u2019une Europe plus r\u00e9siliente, comp\u00e9titive, inclusive et d\u00e9mocratique \u2014 l\u2019I-SITE Lorraine consacre pr\u00e8s de 30 % de son budget \u00e0 l\u2019internationalisation. Cette strat\u00e9gie se traduit par des partenariats strat\u00e9giques, le soutien aux projets de recherche (dont l\u2019ERC), ainsi que le financement de contrats &#8230; <a title=\"Internationalisation\" class=\"read-more\" href=\"https:\/\/www.univ-lorraine.fr\/isite-lorraine\/internationalisation\/\" aria-label=\"En savoir plus sur Internationalisation\">Lire plus<\/a><\/p>\n","protected":false},"author":7,"featured_media":0,"parent":0,"menu_order":0,"comment_status":"closed","ping_status":"closed","template":"","meta":{"inline_featured_image":false,"footnotes":""},"class_list":["post-285","page","type-page","status-publish"],"yoast_head":"<!-- This site is optimized with the Yoast SEO plugin v27.4 - https:\/\/yoast.com\/product\/yoast-seo-wordpress\/ -->\n<title>Internationalisation - Isite Lorraine<\/title>\n<meta name=\"robots\" content=\"index, follow, max-snippet:-1, max-image-preview:large, max-video-preview:-1\" \/>\n<link rel=\"canonical\" href=\"https:\/\/www.univ-lorraine.fr\/isite-lorraine\/internationalisation\/\" \/>\n<meta property=\"og:locale\" content=\"fr_FR\" \/>\n<meta property=\"og:type\" content=\"article\" \/>\n<meta property=\"og:title\" content=\"Internationalisation - Isite Lorraine\" \/>\n<meta property=\"og:description\" content=\"En phase avec les priorit\u00e9s europ\u00e9ennes \u2014 transition \u00e9cologique, num\u00e9rique et construction d\u2019une Europe plus r\u00e9siliente, comp\u00e9titive, inclusive et d\u00e9mocratique \u2014 l\u2019I-SITE Lorraine consacre pr\u00e8s de 30 % de son budget \u00e0 l\u2019internationalisation. Cette strat\u00e9gie se traduit par des partenariats strat\u00e9giques, le soutien aux projets de recherche (dont l\u2019ERC), ainsi que le financement de contrats ... Lire plus\" \/>\n<meta property=\"og:url\" content=\"https:\/\/www.univ-lorraine.fr\/isite-lorraine\/internationalisation\/\" \/>\n<meta property=\"og:site_name\" content=\"Isite Lorraine\" \/>\n<meta property=\"article:modified_time\" content=\"2026-01-30T15:18:02+00:00\" \/>\n<meta name=\"twitter:card\" content=\"summary_large_image\" \/>\n<meta name=\"twitter:label1\" content=\"Dur\u00e9e de lecture estim\u00e9e\" \/>\n\t<meta name=\"twitter:data1\" content=\"6 minutes\" \/>\n<script type=\"application\/ld+json\" class=\"yoast-schema-graph\">{\"@context\":\"https:\\\/\\\/schema.org\",\"@graph\":[{\"@type\":\"WebPage\",\"@id\":\"https:\\\/\\\/www.univ-lorraine.fr\\\/isite-lorraine\\\/internationalisation\\\/\",\"url\":\"https:\\\/\\\/www.univ-lorraine.fr\\\/isite-lorraine\\\/internationalisation\\\/\",\"name\":\"Internationalisation - Isite Lorraine\",\"isPartOf\":{\"@id\":\"https:\\\/\\\/www.univ-lorraine.fr\\\/isite-lorraine\\\/#website\"},\"datePublished\":\"2025-09-11T15:56:34+00:00\",\"dateModified\":\"2026-01-30T15:18:02+00:00\",\"breadcrumb\":{\"@id\":\"https:\\\/\\\/www.univ-lorraine.fr\\\/isite-lorraine\\\/internationalisation\\\/#breadcrumb\"},\"inLanguage\":\"fr-FR\",\"potentialAction\":[{\"@type\":\"ReadAction\",\"target\":[\"https:\\\/\\\/www.univ-lorraine.fr\\\/isite-lorraine\\\/internationalisation\\\/\"]}]},{\"@type\":\"BreadcrumbList\",\"@id\":\"https:\\\/\\\/www.univ-lorraine.fr\\\/isite-lorraine\\\/internationalisation\\\/#breadcrumb\",\"itemListElement\":[{\"@type\":\"ListItem\",\"position\":1,\"name\":\"Accueil\",\"item\":\"https:\\\/\\\/www.univ-lorraine.fr\\\/isite-lorraine\\\/\"},{\"@type\":\"ListItem\",\"position\":2,\"name\":\"Internationalisation\"}]},{\"@type\":\"WebSite\",\"@id\":\"https:\\\/\\\/www.univ-lorraine.fr\\\/isite-lorraine\\\/#website\",\"url\":\"https:\\\/\\\/www.univ-lorraine.fr\\\/isite-lorraine\\\/\",\"name\":\"Isite Lorraine\",\"description\":\"Faire dialoguer les savoirs, c\u2019est innover\",\"publisher\":{\"@id\":\"https:\\\/\\\/www.univ-lorraine.fr\\\/isite-lorraine\\\/#organization\"},\"potentialAction\":[{\"@type\":\"SearchAction\",\"target\":{\"@type\":\"EntryPoint\",\"urlTemplate\":\"https:\\\/\\\/www.univ-lorraine.fr\\\/isite-lorraine\\\/?s={search_term_string}\"},\"query-input\":{\"@type\":\"PropertyValueSpecification\",\"valueRequired\":true,\"valueName\":\"search_term_string\"}}],\"inLanguage\":\"fr-FR\"},{\"@type\":\"Organization\",\"@id\":\"https:\\\/\\\/www.univ-lorraine.fr\\\/isite-lorraine\\\/#organization\",\"name\":\"Universit\u00e9 de Lorraine\",\"url\":\"https:\\\/\\\/www.univ-lorraine.fr\\\/isite-lorraine\\\/\",\"logo\":{\"@type\":\"ImageObject\",\"inLanguage\":\"fr-FR\",\"@id\":\"https:\\\/\\\/www.univ-lorraine.fr\\\/isite-lorraine\\\/#\\\/schema\\\/logo\\\/image\\\/\",\"url\":\"https:\\\/\\\/www.univ-lorraine.fr\\\/isite-lorraine\\\/wp-content\\\/uploads\\\/sites\\\/55\\\/2021\\\/01\\\/LOGO_UL.png\",\"contentUrl\":\"https:\\\/\\\/www.univ-lorraine.fr\\\/isite-lorraine\\\/wp-content\\\/uploads\\\/sites\\\/55\\\/2021\\\/01\\\/LOGO_UL.png\",\"width\":138,\"height\":48,\"caption\":\"Universit\u00e9 de Lorraine\"},\"image\":{\"@id\":\"https:\\\/\\\/www.univ-lorraine.fr\\\/isite-lorraine\\\/#\\\/schema\\\/logo\\\/image\\\/\"}}]}<\/script>\n<!-- \/ Yoast SEO plugin. -->","yoast_head_json":{"title":"Internationalisation - Isite Lorraine","robots":{"index":"index","follow":"follow","max-snippet":"max-snippet:-1","max-image-preview":"max-image-preview:large","max-video-preview":"max-video-preview:-1"},"canonical":"https:\/\/www.univ-lorraine.fr\/isite-lorraine\/internationalisation\/","og_locale":"fr_FR","og_type":"article","og_title":"Internationalisation - Isite Lorraine","og_description":"En phase avec les priorit\u00e9s europ\u00e9ennes \u2014 transition \u00e9cologique, num\u00e9rique et construction d\u2019une Europe plus r\u00e9siliente, comp\u00e9titive, inclusive et d\u00e9mocratique \u2014 l\u2019I-SITE Lorraine consacre pr\u00e8s de 30 % de son budget \u00e0 l\u2019internationalisation. Cette strat\u00e9gie se traduit par des partenariats strat\u00e9giques, le soutien aux projets de recherche (dont l\u2019ERC), ainsi que le financement de contrats ... Lire plus","og_url":"https:\/\/www.univ-lorraine.fr\/isite-lorraine\/internationalisation\/","og_site_name":"Isite Lorraine","article_modified_time":"2026-01-30T15:18:02+00:00","twitter_card":"summary_large_image","twitter_misc":{"Dur\u00e9e de lecture estim\u00e9e":"6 minutes"},"schema":{"@context":"https:\/\/schema.org","@graph":[{"@type":"WebPage","@id":"https:\/\/www.univ-lorraine.fr\/isite-lorraine\/internationalisation\/","url":"https:\/\/www.univ-lorraine.fr\/isite-lorraine\/internationalisation\/","name":"Internationalisation - Isite Lorraine","isPartOf":{"@id":"https:\/\/www.univ-lorraine.fr\/isite-lorraine\/#website"},"datePublished":"2025-09-11T15:56:34+00:00","dateModified":"2026-01-30T15:18:02+00:00","breadcrumb":{"@id":"https:\/\/www.univ-lorraine.fr\/isite-lorraine\/internationalisation\/#breadcrumb"},"inLanguage":"fr-FR","potentialAction":[{"@type":"ReadAction","target":["https:\/\/www.univ-lorraine.fr\/isite-lorraine\/internationalisation\/"]}]},{"@type":"BreadcrumbList","@id":"https:\/\/www.univ-lorraine.fr\/isite-lorraine\/internationalisation\/#breadcrumb","itemListElement":[{"@type":"ListItem","position":1,"name":"Accueil","item":"https:\/\/www.univ-lorraine.fr\/isite-lorraine\/"},{"@type":"ListItem","position":2,"name":"Internationalisation"}]},{"@type":"WebSite","@id":"https:\/\/www.univ-lorraine.fr\/isite-lorraine\/#website","url":"https:\/\/www.univ-lorraine.fr\/isite-lorraine\/","name":"Isite Lorraine","description":"Faire dialoguer les savoirs, c\u2019est innover","publisher":{"@id":"https:\/\/www.univ-lorraine.fr\/isite-lorraine\/#organization"},"potentialAction":[{"@type":"SearchAction","target":{"@type":"EntryPoint","urlTemplate":"https:\/\/www.univ-lorraine.fr\/isite-lorraine\/?s={search_term_string}"},"query-input":{"@type":"PropertyValueSpecification","valueRequired":true,"valueName":"search_term_string"}}],"inLanguage":"fr-FR"},{"@type":"Organization","@id":"https:\/\/www.univ-lorraine.fr\/isite-lorraine\/#organization","name":"Universit\u00e9 de Lorraine","url":"https:\/\/www.univ-lorraine.fr\/isite-lorraine\/","logo":{"@type":"ImageObject","inLanguage":"fr-FR","@id":"https:\/\/www.univ-lorraine.fr\/isite-lorraine\/#\/schema\/logo\/image\/","url":"https:\/\/www.univ-lorraine.fr\/isite-lorraine\/wp-content\/uploads\/sites\/55\/2021\/01\/LOGO_UL.png","contentUrl":"https:\/\/www.univ-lorraine.fr\/isite-lorraine\/wp-content\/uploads\/sites\/55\/2021\/01\/LOGO_UL.png","width":138,"height":48,"caption":"Universit\u00e9 de Lorraine"},"image":{"@id":"https:\/\/www.univ-lorraine.fr\/isite-lorraine\/#\/schema\/logo\/image\/"}}]}},"_links":{"self":[{"href":"https:\/\/www.univ-lorraine.fr\/isite-lorraine\/wp-json\/wp\/v2\/pages\/285","targetHints":{"allow":["GET"]}}],"collection":[{"href":"https:\/\/www.univ-lorraine.fr\/isite-lorraine\/wp-json\/wp\/v2\/pages"}],"about":[{"href":"https:\/\/www.univ-lorraine.fr\/isite-lorraine\/wp-json\/wp\/v2\/types\/page"}],"author":[{"embeddable":true,"href":"https:\/\/www.univ-lorraine.fr\/isite-lorraine\/wp-json\/wp\/v2\/users\/7"}],"replies":[{"embeddable":true,"href":"https:\/\/www.univ-lorraine.fr\/isite-lorraine\/wp-json\/wp\/v2\/comments?post=285"}],"version-history":[{"count":20,"href":"https:\/\/www.univ-lorraine.fr\/isite-lorraine\/wp-json\/wp\/v2\/pages\/285\/revisions"}],"predecessor-version":[{"id":1656,"href":"https:\/\/www.univ-lorraine.fr\/isite-lorraine\/wp-json\/wp\/v2\/pages\/285\/revisions\/1656"}],"wp:attachment":[{"href":"https:\/\/www.univ-lorraine.fr\/isite-lorraine\/wp-json\/wp\/v2\/media?parent=285"}],"curies":[{"name":"wp","href":"https:\/\/api.w.org\/{rel}","templated":true}]}}