{"id":325,"date":"2025-09-12T17:04:54","date_gmt":"2025-09-12T15:04:54","guid":{"rendered":"https:\/\/www.univ-lorraine.fr\/isite-lorraine\/?page_id=325"},"modified":"2025-12-19T15:43:08","modified_gmt":"2025-12-19T14:43:08","slug":"nos-6-defis-societaux","status":"publish","type":"page","link":"https:\/\/www.univ-lorraine.fr\/isite-lorraine\/initiative-dexcellence-lorraine\/nos-6-defis-societaux\/","title":{"rendered":"Nos 6 d\u00e9fis soci\u00e9taux"},"content":{"rendered":"\n<h2 class=\"gb-headline gb-headline-5b4cdd15 gb-headline-text\">6 d\u00e9fis soci\u00e9taux qui constituent la boussole strat\u00e9gique de l\u2019ISITE Lorraine<\/h2>\n\n\n<div class=\"gb-container gb-container-0385b125\">\n<div class=\"gb-container gb-container-f53983de\">\n\n<h2 class=\"gb-headline gb-headline-c9ef14ed gb-headline-text\">Mat\u00e9riaux au XXI<sup>e<\/sup> si\u00e8cle<\/h2>\n\n\n\n<p class=\"gb-headline gb-headline-4252e5e9 gb-headline-text\">Ce d\u00e9fi couvre toute la cha\u00eene de valeur des mat\u00e9riaux, de la recherche fondamentale au transfert de technologie, des mat\u00e9riaux aux processus, en passant par la conception d\u2019instruments et le prototypage. <\/p>\n\n\n\n<p class=\"gb-headline gb-headline-cd725a66 gb-headline-text\">Plus de 500 personnes composent une communaut\u00e9 qui a adopt\u00e9 une approche multi-\u00e9chelle et multidisciplinaire dans les domaines de la physique, de la chimie, de la m\u00e9canique, des technologies num\u00e9riques, de la sant\u00e9 et des sciences humaines.<\/p>\n\n<\/div>\n\n<div class=\"gb-container gb-container-730ee651\">\n\n<h2 class=\"gb-headline gb-headline-59a49b5e gb-headline-text\">Transition \u00e9cologique (One Earth)<\/h2>\n\n\n\n<p class=\"gb-headline gb-headline-710959fb gb-headline-text\">La Lorraine est positionn\u00e9e pour r\u00e9pondre aux grands d\u00e9fis du changement global, de l\u2019utilisation durable des ressources du sol et du sous-sol, de l\u2019adaptation des agro-\u00e9cosyst\u00e8mes au r\u00e9chauffement climatique et de la bio\u00e9conomie du XXIe si\u00e8cle. Cette trajectoire s&rsquo;est densifi\u00e9e depuis une dizaine d&rsquo;ann\u00e9e avec la pr\u00e9sence sur site de grands programmes nationaux (LABEX, PEPR, etc.) qui permettent de positionner le site lorrain comme un des tout premiers acteurs mondiaux sur cette th\u00e9matique.<\/p>\n\n<\/div>\n\n<div class=\"gb-container gb-container-2f3b0d25\">\n\n<h2 class=\"gb-headline gb-headline-fbada815 gb-headline-text\">Transition \u00e9nerg\u00e9tique<\/h2>\n\n\n\n<p class=\"gb-headline gb-headline-9b9caf7f gb-headline-text\">Depuis plusieurs ann\u00e9es, la Lorraine s\u2019est fortement mobilis\u00e9e pour faire de la recherche et de la formation sur l\u2019\u00e9nergie une marque de fabrique clairement identifi\u00e9e. Plusieurs domaines ont connu des transformations majeures : ressources pour la transition \u00e9nerg\u00e9tique<br>(ressources primaires\/secondaires, utilisation du sous-sol pour le stockage de l\u2019\u00e9nergie, bioressources pour l\u2019\u00e9nergie), technologies et proc\u00e9d\u00e9s pour les vecteurs \u00e9nerg\u00e9tiques \u00e0 faible teneur en carbone et la gestion de la chaleur, ing\u00e9nierie du carbone (strat\u00e9gies d\u2019att\u00e9nuation des \u00e9missions, recyclage). <\/p>\n\n<\/div>\n\n<div class=\"gb-container gb-container-3fc39108\">\n\n<h2 class=\"gb-headline gb-headline-b90c2495 gb-headline-text\">Transition num\u00e9rique de l\u2019industrie et de la soci\u00e9t\u00e9<\/h2>\n\n\n\n<p class=\"gb-headline gb-headline-75fd82bd gb-headline-text\">Le site s\u2019appuie sur une expertise particuli\u00e8re et une masse critique de chercheurs sp\u00e9cialistes des m\u00e9thodes formelles et symboliques d\u2019une part, et des m\u00e9thodes num\u00e9riques d\u2019autre part. Ceci permet aux chercheurs du site d\u2019aborder des th\u00e9matiques de recherche et des applications, dont des th\u00e9matiques r\u00e9cemment port\u00e9es sur le devant de la sc\u00e8ne, telles que la fiabilit\u00e9 des syst\u00e8mes, l\u2019analyse des donn\u00e9es, l\u2019IA et la cybers\u00e9curit\u00e9.<\/p>\n\n<\/div>\n\n<div class=\"gb-container gb-container-1fe56bf6\">\n\n<h2 class=\"gb-headline gb-headline-06f1d9f7 gb-headline-text\">Sant\u00e9 mondiale et approche One Health<\/h2>\n\n\n\n<p class=\"gb-headline gb-headline-a7eff220 gb-headline-text\">La trajectoire ciblant l\u2019ing\u00e9nierie pour la sant\u00e9 et le vieillissement s\u2019est articul\u00e9e autour de 3 domaines compl\u00e9mentaires \u00e0 forte visibilit\u00e9 internationale : les \u00ab Maladies Cardiovasculaires (CV) et R\u00e9nales \u00bb, les \u00ab Maladies M\u00e9taboliques et l\u2019Ob\u00e9sit\u00e9 \u00bb et les \u00ab Maladies Chroniques Inflammatoires \u00bb.<\/p>\n\n\n\n<p class=\"gb-headline gb-headline-6c5b91f2 gb-headline-text\">Aujourd&rsquo;hui, la dynamique sant\u00e9 du site s&rsquo;inscrit dans une trajectoire englobante et int\u00e9grative avec un rayonnement international de plus en plus important.<\/p>\n\n<\/div>\n\n<div class=\"gb-container gb-container-75237085\">\n\n<h2 class=\"gb-headline gb-headline-0cc0540d gb-headline-text\">Transitions dans la soci\u00e9t\u00e9<\/h2>\n\n\n\n<p class=\"gb-headline gb-headline-7de48d82 gb-headline-text\">Le site r\u00e9unit un grand nombre de comp\u00e9tences SHS qui, combin\u00e9es avec les autres champs scientifiques et la forte repr\u00e9sentation de l\u2019ing\u00e9nierie, permettent d\u2019enrichir consid\u00e9rablement l\u2019analyse des transitions en tant que ph\u00e9nom\u00e8nes de grande ampleur, multi-\u00e9chelle et multidimensionnels. La meilleure compr\u00e9hension des besoins sociaux, du bien-\u00eatre collectif, des pr\u00e9occupations environnementales, de m\u00eame que celle de l\u2019\u00e9volution des structures sociales, des repr\u00e9sentations, des normes et des mod\u00e8les de comportement s\u2019av\u00e8re indispensable \u00e0 la connaissance des transitions, et particuli\u00e8rement f\u00e9conde dans le dialogue interdisciplinaire.<\/p>\n\n<\/div>\n<\/div>","protected":false},"excerpt":{"rendered":"<p>6 d\u00e9fis soci\u00e9taux qui constituent la boussole strat\u00e9gique de l\u2019ISITE Lorraine Mat\u00e9riaux au XXIe si\u00e8cle Ce d\u00e9fi couvre toute la cha\u00eene de valeur des mat\u00e9riaux, de la recherche fondamentale au transfert de technologie, des mat\u00e9riaux aux processus, en passant par la conception d\u2019instruments et le prototypage. Plus de 500 personnes composent une communaut\u00e9 qui a &#8230; <a title=\"Nos 6 d\u00e9fis soci\u00e9taux\" class=\"read-more\" href=\"https:\/\/www.univ-lorraine.fr\/isite-lorraine\/initiative-dexcellence-lorraine\/nos-6-defis-societaux\/\" aria-label=\"En savoir plus sur Nos 6 d\u00e9fis soci\u00e9taux\">Lire plus<\/a><\/p>\n","protected":false},"author":10,"featured_media":0,"parent":435,"menu_order":0,"comment_status":"closed","ping_status":"closed","template":"","meta":{"inline_featured_image":false,"footnotes":""},"class_list":["post-325","page","type-page","status-publish"],"yoast_head":"<!-- This site is optimized with the Yoast SEO plugin v27.4 - https:\/\/yoast.com\/product\/yoast-seo-wordpress\/ -->\n<title>Nos 6 d\u00e9fis soci\u00e9taux - Isite Lorraine<\/title>\n<meta name=\"robots\" content=\"index, follow, max-snippet:-1, max-image-preview:large, max-video-preview:-1\" \/>\n<link rel=\"canonical\" href=\"https:\/\/www.univ-lorraine.fr\/isite-lorraine\/initiative-dexcellence-lorraine\/nos-6-defis-societaux\/\" \/>\n<meta property=\"og:locale\" content=\"fr_FR\" \/>\n<meta property=\"og:type\" content=\"article\" \/>\n<meta property=\"og:title\" content=\"Nos 6 d\u00e9fis soci\u00e9taux - Isite Lorraine\" \/>\n<meta property=\"og:description\" content=\"6 d\u00e9fis soci\u00e9taux qui constituent la boussole strat\u00e9gique de l\u2019ISITE Lorraine Mat\u00e9riaux au XXIe si\u00e8cle Ce d\u00e9fi couvre toute la cha\u00eene de valeur des mat\u00e9riaux, de la recherche fondamentale au transfert de technologie, des mat\u00e9riaux aux processus, en passant par la conception d\u2019instruments et le prototypage. Plus de 500 personnes composent une communaut\u00e9 qui a ... Lire plus\" \/>\n<meta property=\"og:url\" content=\"https:\/\/www.univ-lorraine.fr\/isite-lorraine\/initiative-dexcellence-lorraine\/nos-6-defis-societaux\/\" \/>\n<meta property=\"og:site_name\" content=\"Isite Lorraine\" \/>\n<meta property=\"article:modified_time\" content=\"2025-12-19T14:43:08+00:00\" \/>\n<meta name=\"twitter:card\" content=\"summary_large_image\" \/>\n<meta name=\"twitter:label1\" content=\"Dur\u00e9e de lecture estim\u00e9e\" \/>\n\t<meta name=\"twitter:data1\" content=\"3 minutes\" \/>\n<script type=\"application\/ld+json\" class=\"yoast-schema-graph\">{\"@context\":\"https:\\\/\\\/schema.org\",\"@graph\":[{\"@type\":\"WebPage\",\"@id\":\"https:\\\/\\\/www.univ-lorraine.fr\\\/isite-lorraine\\\/initiative-dexcellence-lorraine\\\/nos-6-defis-societaux\\\/\",\"url\":\"https:\\\/\\\/www.univ-lorraine.fr\\\/isite-lorraine\\\/initiative-dexcellence-lorraine\\\/nos-6-defis-societaux\\\/\",\"name\":\"Nos 6 d\u00e9fis soci\u00e9taux - Isite Lorraine\",\"isPartOf\":{\"@id\":\"https:\\\/\\\/www.univ-lorraine.fr\\\/isite-lorraine\\\/#website\"},\"datePublished\":\"2025-09-12T15:04:54+00:00\",\"dateModified\":\"2025-12-19T14:43:08+00:00\",\"breadcrumb\":{\"@id\":\"https:\\\/\\\/www.univ-lorraine.fr\\\/isite-lorraine\\\/initiative-dexcellence-lorraine\\\/nos-6-defis-societaux\\\/#breadcrumb\"},\"inLanguage\":\"fr-FR\",\"potentialAction\":[{\"@type\":\"ReadAction\",\"target\":[\"https:\\\/\\\/www.univ-lorraine.fr\\\/isite-lorraine\\\/initiative-dexcellence-lorraine\\\/nos-6-defis-societaux\\\/\"]}]},{\"@type\":\"BreadcrumbList\",\"@id\":\"https:\\\/\\\/www.univ-lorraine.fr\\\/isite-lorraine\\\/initiative-dexcellence-lorraine\\\/nos-6-defis-societaux\\\/#breadcrumb\",\"itemListElement\":[{\"@type\":\"ListItem\",\"position\":1,\"name\":\"Accueil\",\"item\":\"https:\\\/\\\/www.univ-lorraine.fr\\\/isite-lorraine\\\/\"},{\"@type\":\"ListItem\",\"position\":2,\"name\":\"Initiative d&rsquo;Excellence Lorraine\",\"item\":\"https:\\\/\\\/www.univ-lorraine.fr\\\/isite-lorraine\\\/initiative-dexcellence-lorraine\\\/\"},{\"@type\":\"ListItem\",\"position\":3,\"name\":\"Nos 6 d\u00e9fis soci\u00e9taux\"}]},{\"@type\":\"WebSite\",\"@id\":\"https:\\\/\\\/www.univ-lorraine.fr\\\/isite-lorraine\\\/#website\",\"url\":\"https:\\\/\\\/www.univ-lorraine.fr\\\/isite-lorraine\\\/\",\"name\":\"Isite Lorraine\",\"description\":\"Faire dialoguer les savoirs, c\u2019est innover\",\"publisher\":{\"@id\":\"https:\\\/\\\/www.univ-lorraine.fr\\\/isite-lorraine\\\/#organization\"},\"potentialAction\":[{\"@type\":\"SearchAction\",\"target\":{\"@type\":\"EntryPoint\",\"urlTemplate\":\"https:\\\/\\\/www.univ-lorraine.fr\\\/isite-lorraine\\\/?s={search_term_string}\"},\"query-input\":{\"@type\":\"PropertyValueSpecification\",\"valueRequired\":true,\"valueName\":\"search_term_string\"}}],\"inLanguage\":\"fr-FR\"},{\"@type\":\"Organization\",\"@id\":\"https:\\\/\\\/www.univ-lorraine.fr\\\/isite-lorraine\\\/#organization\",\"name\":\"Universit\u00e9 de Lorraine\",\"url\":\"https:\\\/\\\/www.univ-lorraine.fr\\\/isite-lorraine\\\/\",\"logo\":{\"@type\":\"ImageObject\",\"inLanguage\":\"fr-FR\",\"@id\":\"https:\\\/\\\/www.univ-lorraine.fr\\\/isite-lorraine\\\/#\\\/schema\\\/logo\\\/image\\\/\",\"url\":\"https:\\\/\\\/www.univ-lorraine.fr\\\/isite-lorraine\\\/wp-content\\\/uploads\\\/sites\\\/55\\\/2021\\\/01\\\/LOGO_UL.png\",\"contentUrl\":\"https:\\\/\\\/www.univ-lorraine.fr\\\/isite-lorraine\\\/wp-content\\\/uploads\\\/sites\\\/55\\\/2021\\\/01\\\/LOGO_UL.png\",\"width\":138,\"height\":48,\"caption\":\"Universit\u00e9 de Lorraine\"},\"image\":{\"@id\":\"https:\\\/\\\/www.univ-lorraine.fr\\\/isite-lorraine\\\/#\\\/schema\\\/logo\\\/image\\\/\"}}]}<\/script>\n<!-- \/ Yoast SEO plugin. -->","yoast_head_json":{"title":"Nos 6 d\u00e9fis soci\u00e9taux - Isite Lorraine","robots":{"index":"index","follow":"follow","max-snippet":"max-snippet:-1","max-image-preview":"max-image-preview:large","max-video-preview":"max-video-preview:-1"},"canonical":"https:\/\/www.univ-lorraine.fr\/isite-lorraine\/initiative-dexcellence-lorraine\/nos-6-defis-societaux\/","og_locale":"fr_FR","og_type":"article","og_title":"Nos 6 d\u00e9fis soci\u00e9taux - Isite Lorraine","og_description":"6 d\u00e9fis soci\u00e9taux qui constituent la boussole strat\u00e9gique de l\u2019ISITE Lorraine Mat\u00e9riaux au XXIe si\u00e8cle Ce d\u00e9fi couvre toute la cha\u00eene de valeur des mat\u00e9riaux, de la recherche fondamentale au transfert de technologie, des mat\u00e9riaux aux processus, en passant par la conception d\u2019instruments et le prototypage. Plus de 500 personnes composent une communaut\u00e9 qui a ... Lire plus","og_url":"https:\/\/www.univ-lorraine.fr\/isite-lorraine\/initiative-dexcellence-lorraine\/nos-6-defis-societaux\/","og_site_name":"Isite Lorraine","article_modified_time":"2025-12-19T14:43:08+00:00","twitter_card":"summary_large_image","twitter_misc":{"Dur\u00e9e de lecture estim\u00e9e":"3 minutes"},"schema":{"@context":"https:\/\/schema.org","@graph":[{"@type":"WebPage","@id":"https:\/\/www.univ-lorraine.fr\/isite-lorraine\/initiative-dexcellence-lorraine\/nos-6-defis-societaux\/","url":"https:\/\/www.univ-lorraine.fr\/isite-lorraine\/initiative-dexcellence-lorraine\/nos-6-defis-societaux\/","name":"Nos 6 d\u00e9fis soci\u00e9taux - Isite Lorraine","isPartOf":{"@id":"https:\/\/www.univ-lorraine.fr\/isite-lorraine\/#website"},"datePublished":"2025-09-12T15:04:54+00:00","dateModified":"2025-12-19T14:43:08+00:00","breadcrumb":{"@id":"https:\/\/www.univ-lorraine.fr\/isite-lorraine\/initiative-dexcellence-lorraine\/nos-6-defis-societaux\/#breadcrumb"},"inLanguage":"fr-FR","potentialAction":[{"@type":"ReadAction","target":["https:\/\/www.univ-lorraine.fr\/isite-lorraine\/initiative-dexcellence-lorraine\/nos-6-defis-societaux\/"]}]},{"@type":"BreadcrumbList","@id":"https:\/\/www.univ-lorraine.fr\/isite-lorraine\/initiative-dexcellence-lorraine\/nos-6-defis-societaux\/#breadcrumb","itemListElement":[{"@type":"ListItem","position":1,"name":"Accueil","item":"https:\/\/www.univ-lorraine.fr\/isite-lorraine\/"},{"@type":"ListItem","position":2,"name":"Initiative d&rsquo;Excellence Lorraine","item":"https:\/\/www.univ-lorraine.fr\/isite-lorraine\/initiative-dexcellence-lorraine\/"},{"@type":"ListItem","position":3,"name":"Nos 6 d\u00e9fis soci\u00e9taux"}]},{"@type":"WebSite","@id":"https:\/\/www.univ-lorraine.fr\/isite-lorraine\/#website","url":"https:\/\/www.univ-lorraine.fr\/isite-lorraine\/","name":"Isite Lorraine","description":"Faire dialoguer les savoirs, c\u2019est innover","publisher":{"@id":"https:\/\/www.univ-lorraine.fr\/isite-lorraine\/#organization"},"potentialAction":[{"@type":"SearchAction","target":{"@type":"EntryPoint","urlTemplate":"https:\/\/www.univ-lorraine.fr\/isite-lorraine\/?s={search_term_string}"},"query-input":{"@type":"PropertyValueSpecification","valueRequired":true,"valueName":"search_term_string"}}],"inLanguage":"fr-FR"},{"@type":"Organization","@id":"https:\/\/www.univ-lorraine.fr\/isite-lorraine\/#organization","name":"Universit\u00e9 de Lorraine","url":"https:\/\/www.univ-lorraine.fr\/isite-lorraine\/","logo":{"@type":"ImageObject","inLanguage":"fr-FR","@id":"https:\/\/www.univ-lorraine.fr\/isite-lorraine\/#\/schema\/logo\/image\/","url":"https:\/\/www.univ-lorraine.fr\/isite-lorraine\/wp-content\/uploads\/sites\/55\/2021\/01\/LOGO_UL.png","contentUrl":"https:\/\/www.univ-lorraine.fr\/isite-lorraine\/wp-content\/uploads\/sites\/55\/2021\/01\/LOGO_UL.png","width":138,"height":48,"caption":"Universit\u00e9 de Lorraine"},"image":{"@id":"https:\/\/www.univ-lorraine.fr\/isite-lorraine\/#\/schema\/logo\/image\/"}}]}},"_links":{"self":[{"href":"https:\/\/www.univ-lorraine.fr\/isite-lorraine\/wp-json\/wp\/v2\/pages\/325","targetHints":{"allow":["GET"]}}],"collection":[{"href":"https:\/\/www.univ-lorraine.fr\/isite-lorraine\/wp-json\/wp\/v2\/pages"}],"about":[{"href":"https:\/\/www.univ-lorraine.fr\/isite-lorraine\/wp-json\/wp\/v2\/types\/page"}],"author":[{"embeddable":true,"href":"https:\/\/www.univ-lorraine.fr\/isite-lorraine\/wp-json\/wp\/v2\/users\/10"}],"replies":[{"embeddable":true,"href":"https:\/\/www.univ-lorraine.fr\/isite-lorraine\/wp-json\/wp\/v2\/comments?post=325"}],"version-history":[{"count":28,"href":"https:\/\/www.univ-lorraine.fr\/isite-lorraine\/wp-json\/wp\/v2\/pages\/325\/revisions"}],"predecessor-version":[{"id":1582,"href":"https:\/\/www.univ-lorraine.fr\/isite-lorraine\/wp-json\/wp\/v2\/pages\/325\/revisions\/1582"}],"up":[{"embeddable":true,"href":"https:\/\/www.univ-lorraine.fr\/isite-lorraine\/wp-json\/wp\/v2\/pages\/435"}],"wp:attachment":[{"href":"https:\/\/www.univ-lorraine.fr\/isite-lorraine\/wp-json\/wp\/v2\/media?parent=325"}],"curies":[{"name":"wp","href":"https:\/\/api.w.org\/{rel}","templated":true}]}}